{"id":22918,"date":"2025-10-01T16:26:36","date_gmt":"2025-10-01T14:26:36","guid":{"rendered":"https:\/\/carea-facade.com\/technik\/montagearten-systeme\/"},"modified":"2026-04-02T17:17:35","modified_gmt":"2026-04-02T15:17:35","slug":"montagearten","status":"publish","type":"page","link":"https:\/\/carea-facade.com\/de\/technik\/montagearten\/","title":{"rendered":"Verlegesysteme"},"content":{"rendered":"\n<div class=\"wp-block-group has-global-padding is-layout-constrained wp-container-core-group-is-layout-3bb13389 wp-block-group-is-layout-constrained\" style=\"padding-top:var(--wp--preset--spacing--theme-default);padding-right:var(--wp--preset--spacing--theme-xs);padding-bottom:var(--wp--preset--spacing--theme-default);padding-left:var(--wp--preset--spacing--theme-xs)\">\n<div class=\"wp-block-group content-content-group is-vertical is-layout-flex wp-container-core-group-is-layout-d309df8e wp-block-group-is-layout-flex\">\n<h1 class=\"wp-block-heading has-text-align-left has-black-color has-text-color\" style=\"margin-bottom:40px;font-style:normal;font-weight:500;text-transform:uppercase\">Verlegesysteme<\/h1>\n\n\n\n<p class=\"wp-embed-aspect-16-9 wp-has-aspect-ratio\">Die CAREA-Produkte werden in zwei Systemen verlegt, um eine W\u00e4rmed\u00e4mmung von au\u00dfen bei der Sanierung oder bei Neubauten zu realisieren.  <\/p>\n\n\n\n<h2 class=\"wp-block-heading wp-embed-aspect-16-9 wp-has-aspect-ratio\">Verkleidungen ohne Unterkonstruktion (VoU)<\/h2>\n\n\n\n<figure class=\"wp-block-image size-medium\"><img loading=\"lazy\" decoding=\"async\" width=\"300\" height=\"151\" src=\"https:\/\/carea-facade.com\/wp-content\/uploads\/2026\/04\/VoU-300x151.jpg\" alt=\"VoU\" class=\"wp-image-24055\" srcset=\"https:\/\/carea-facade.com\/wp-content\/uploads\/2026\/04\/VoU-300x151.jpg 300w, https:\/\/carea-facade.com\/wp-content\/uploads\/2026\/04\/VoU.jpg 426w\" sizes=\"auto, (max-width: 300px) 100vw, 300px\" \/><\/figure>\n\n\n\n<figure class=\"wp-block-embed is-type-rich is-provider-einbettungs-handler wp-block-embed-einbettungs-handler\"><div class=\"wp-block-embed__wrapper\">\n<iframe loading=\"lazy\" title=\"Fassade: Die Verkleidung ohne Unterkonstruktion (VoU)\" width=\"500\" height=\"281\" src=\"https:\/\/www.youtube.com\/embed\/jqFu9teKXY4?feature=oembed&#038;enablejsapi=1&#038;origin=https:\/\/carea-facade.com\" frameborder=\"0\" allow=\"accelerometer; autoplay; clipboard-write; encrypted-media; gyroscope; picture-in-picture; web-share\" referrerpolicy=\"strict-origin-when-cross-origin\" allowfullscreen><\/iframe>\n<\/div><\/figure>\n\n\n\n<p class=\"wp-embed-aspect-16-9 wp-has-aspect-ratio\">Verkleidungen ohne Unterkonstruktion (VoU) sind W\u00e4rmed\u00e4mmungssysteme f\u00fcr den Au\u00dfenbereich und unterliegen den technischen Zulassungen. Die Verkleidung ohne Unterkonstruktion kann auch als &#8222;Verbundbekleidung&#8220; oder &#8222;Au\u00dfenverkleidung&#8220; bezeichnet werden.<\/p>\n\n\n\n<p class=\"wp-embed-aspect-16-9 wp-has-aspect-ratio\">Die BSU-Elemente werden direkt auf der tragenden Struktur (isoliert oder nicht) durch mechanische Befestigungen (durchgehende D\u00fcbel, Laschen, Einsetzen in eine Schiene usw.) angebracht.<\/p>\n\n\n\n<p class=\"wp-embed-aspect-16-9 wp-has-aspect-ratio\">Die Verlegung erfolgt in einem einzigen Arbeitsgang.<\/p>\n\n\n\n<p class=\"wp-embed-aspect-16-9 wp-has-aspect-ratio\">Die tragenden Strukturen sind Mauerwerk, Beton oder Holzkonstruktionen (Holzkonstruktionen). <a href=\"https:\/\/carea-facade.com\/de\/technik\/verankerungsgruende\/\">Auf dieser Seite<\/a> haben wir die verschiedenen Medien ausf\u00fchrlich beschrieben.<\/p>\n\n\n\n<p class=\"wp-embed-aspect-16-9 wp-has-aspect-ratio\">Im Falle einer isolierten Tragstruktur ist diese Isolierung :<\/p>\n\n\n\n<ul class=\"wp-block-list wp-embed-aspect-16-9 wp-has-aspect-ratio\">\n<li>oder eine neue D\u00e4mmung, die aus D\u00e4mmplatten mit einer minimalen ACERMI-Klassifizierung besteht (die Klassifizierung ist in den technischen Gutachten definiert und variiert je nach Art der D\u00e4mmung),<\/li>\n\n\n\n<li>oder eine alte Isolierung durch d\u00fcnnen oder dicken Putz auf Isolierung.<\/li>\n<\/ul>\n\n\n\n<h3 class=\"wp-block-heading wp-embed-aspect-16-9 wp-has-aspect-ratio\">Die St\u00e4rken :<\/h3>\n\n\n\n<ul class=\"wp-block-list wp-embed-aspect-16-9 wp-has-aspect-ratio\">\n<li>Direkte Installation auf der tragenden Struktur des Geb\u00e4udes.<\/li>\n\n\n\n<li>Keine an der tragenden Wand befestigte Unterkonstruktion: Kosteng\u00fcnstige L\u00f6sung in Bezug auf die Beschaffung und die Installationszeit (4 bis 6 m\u00b2 pro Stunde). Die Arbeit ist bei jedem Wetter m\u00f6glich.<\/li>\n\n\n\n<li>Im Falle einer Sanierung kann das BSU auf einer vorherigen Isolierung (WDVS) mit einem d\u00fcnnen oder dicken Putz oder sogar auf einer vorherigen Verbundbekleidung installiert werden.<\/li>\n<\/ul>\n<\/div>\n\n\n\n<div class=\"wp-block-group content-content-group is-vertical is-layout-flex wp-container-core-group-is-layout-d309df8e wp-block-group-is-layout-flex\">\n<figure class=\"wp-block-image size-large is-resized\"><img decoding=\"async\" src=\"https:\/\/carea-facade.com\/wp-content\/uploads\/2025\/09\/BSO-1.jpg\" alt=\"VOU\" class=\"wp-image-2107\" style=\"width:850px\"\/><figcaption class=\"wp-element-caption\"><em>Verkleidungen ohne Unterkonstruktion.<br>In der Reihenfolge: Steckmontage horizontal, Steckmontage vertikal, Genutete Verkleidungen horizontal.<\/em><\/figcaption><\/figure>\n\n\n\n<p class=\"wp-embed-aspect-16-9 wp-has-aspect-ratio\"><a href=\"https:\/\/carea-facade.com\/de\/downloads\/direkte-downloads\/\">Auf dieser Seite<\/a> finden Sie in unseren Technischen Gutachten (ATec) die Details unserer Systeme nach Art der Verblendung.<\/p>\n\n\n\n<h3 class=\"wp-block-heading wp-embed-aspect-16-9 wp-has-aspect-ratio\">Die Verlegung als \u00dcberisolierung oder \u00dcberfassade<\/h3>\n\n\n\n<p class=\"wp-embed-aspect-16-9 wp-has-aspect-ratio\"><strong>Um den CO2-Fu\u00dfabdruck zu reduzieren und den Energieverbrauch zu senken<\/strong>, kann das System der Verkleidung ohne Unterkonstruktion (BSO) im Rahmen einer Sanierung auch <strong>auf einem bestehenden Putz (EMI) oder einer vorherigen Verbundbekleidung angebracht werden, ohne diese zu entfernen<\/strong>: Die Befestigung der Verkleidung ohne Unterkonstruktion durchdringt den Putz oder die vorherige Verbundbekleidung (Verkleidung und ihre Isolierung) und wird in dem dahinterliegenden Untergrund befestigt.<\/p>\n\n\n\n<p class=\"wp-embed-aspect-16-9 wp-has-aspect-ratio\">Dieses System ist nicht nur <strong>umweltfreundlicher<\/strong>, sondern auch <strong>sehr wirtschaftlich<\/strong>: Es spart die Zeit f\u00fcr die Entfernung der alten Verbundbekleidung oder Isolierung und vermeidet Fragen der Abfallentsorgung auf der Baustelle und des Recyclings der alten Fassade, die wie &#8220; <em>in situ recycelt <\/em>&#8220; wird: <strong>Das alte System bleibt unter der neuen Fassade und beh\u00e4lt seine isolierenden Eigenschaften<\/strong>.<\/p>\n\n\n\n<figure class=\"wp-block-image size-full\"><img loading=\"lazy\" decoding=\"async\" width=\"637\" height=\"400\" src=\"https:\/\/carea-facade.com\/wp-content\/uploads\/2025\/09\/bso-pose-surisolation.jpg\" alt=\"bso verlegung \u00fcberisolierung\" class=\"wp-image-2111\" srcset=\"https:\/\/carea-facade.com\/wp-content\/uploads\/2025\/09\/bso-pose-surisolation.jpg 637w, https:\/\/carea-facade.com\/wp-content\/uploads\/2025\/09\/bso-pose-surisolation-300x188.jpg 300w\" sizes=\"auto, (max-width: 637px) 100vw, 637px\" \/><figcaption class=\"wp-element-caption\"><em>Schnitt Schema Verlegung auf D\u00fcnnputz auf Isolierung (EMI)<\/em><\/figcaption><\/figure>\n\n\n\n<p><\/p>\n\n\n\n<h2 class=\"wp-block-heading wp-embed-aspect-16-9 wp-has-aspect-ratio\">Das Fassadensystem mit Unterkonstruktion (VmU)<\/h2>\n\n\n\n<figure class=\"wp-block-image size-medium\"><img loading=\"lazy\" decoding=\"async\" width=\"300\" height=\"157\" src=\"https:\/\/carea-facade.com\/wp-content\/uploads\/2026\/04\/VmU-300x157.jpg\" alt=\"VmU\" class=\"wp-image-24056\" srcset=\"https:\/\/carea-facade.com\/wp-content\/uploads\/2026\/04\/VmU-300x157.jpg 300w, https:\/\/carea-facade.com\/wp-content\/uploads\/2026\/04\/VmU.jpg 435w\" sizes=\"auto, (max-width: 300px) 100vw, 300px\" \/><figcaption class=\"wp-element-caption\">VmU<\/figcaption><\/figure>\n\n\n\n<figure class=\"wp-block-embed is-type-rich is-provider-einbettungs-handler wp-block-embed-einbettungs-handler\"><div class=\"wp-block-embed__wrapper\">\n<iframe loading=\"lazy\" title=\"Fassade: Die Verkleidung mit Unterkonstruktion (VmU)\" width=\"500\" height=\"281\" src=\"https:\/\/www.youtube.com\/embed\/Q9FaU-R93qU?feature=oembed\" frameborder=\"0\" allow=\"accelerometer; autoplay; clipboard-write; encrypted-media; gyroscope; picture-in-picture; web-share\" referrerpolicy=\"strict-origin-when-cross-origin\" allowfullscreen><\/iframe>\n<\/div><\/figure>\n\n\n\n<p class=\"wp-embed-aspect-16-9 wp-has-aspect-ratio\">Die Fassadenverkleidung mit Unterkonstruktion (BAO) ist ein System zur W\u00e4rmed\u00e4mmung von au\u00dfen (WDVS), das aus Verkleidungen besteht, die auf einer Unterkonstruktion befestigt sind, die ihrerseits mit der tragenden Wand verbunden ist. Diese Isolierung wird durch den Luftraum zwischen der Isolierung und der R\u00fcckseite der Platten bel\u00fcftet.<\/p>\n\n\n\n<p class=\"wp-embed-aspect-16-9 wp-has-aspect-ratio\">\u00dcber die gesamte H\u00f6he der Verkleidung ist zwischen der R\u00fcckseite der Verkleidung und dem D\u00e4mmstoff ein Luftspalt von mindestens 20 mm zu bel\u00fcften.<\/p>\n\n\n\n<figure class=\"wp-block-image size-large is-resized\"><img loading=\"lazy\" decoding=\"async\" width=\"1024\" height=\"566\" src=\"https:\/\/carea-facade.com\/wp-content\/uploads\/2025\/09\/bao_2-1024x566.jpg\" alt=\"bao 2\" class=\"wp-image-2108\" style=\"width:850px\" srcset=\"https:\/\/carea-facade.com\/wp-content\/uploads\/2025\/09\/bao_2-1024x566.jpg 1024w, https:\/\/carea-facade.com\/wp-content\/uploads\/2025\/09\/bao_2-300x166.jpg 300w, https:\/\/carea-facade.com\/wp-content\/uploads\/2025\/09\/bao_2-768x425.jpg 768w, https:\/\/carea-facade.com\/wp-content\/uploads\/2025\/09\/bao_2.jpg 1096w\" sizes=\"auto, (max-width: 1024px) 100vw, 1024px\" \/><figcaption class=\"wp-element-caption\"><em>In der Reihenfolge: Fassadenverkleidung mit Holzrahmen (genutete Fassadenelemente), Fassadenverkleidung mit Metallrahmen (genutete Fassadenelemente), Fassadenverkleidung mit Metallrahmen (ineinander greifende Fassadenelemente).<\/em><\/figcaption><\/figure>\n\n\n\n<p class=\"wp-embed-aspect-16-9 wp-has-aspect-ratio\">Weitere Informationen \u00fcber die verschiedenen Arten von Verblendungen finden Sie <a href=\"https:\/\/carea-facade.com\/de\/technik\/carea-verkleidungsarten\/\">auf dieser Seite<\/a>.<\/p>\n<\/div>\n<\/div>\n","protected":false},"excerpt":{"rendered":"<p>Verlegesysteme Die CAREA-Produkte werden in zwei Systemen verlegt, um eine W\u00e4rmed\u00e4mmung von au\u00dfen bei der Sanierung oder bei Neubauten zu realisieren. Verkleidungen ohne Unterkonstruktion (VoU) Verkleidungen ohne Unterkonstruktion (VoU) sind W\u00e4rmed\u00e4mmungssysteme f\u00fcr den Au\u00dfenbereich und unterliegen den technischen Zulassungen. Die Verkleidung ohne Unterkonstruktion kann auch als &#8222;Verbundbekleidung&#8220; oder &#8222;Au\u00dfenverkleidung&#8220; bezeichnet werden. Die BSU-Elemente werden direkt [&hellip;]<\/p>\n","protected":false},"author":3,"featured_media":14481,"parent":8779,"menu_order":3,"comment_status":"open","ping_status":"closed","template":"","meta":{"_acf_changed":false,"footnotes":""},"class_list":["post-22918","page","type-page","status-publish","has-post-thumbnail","hentry"],"acf":[],"yoast_head":"<!-- This site is optimized with the Yoast SEO plugin v27.5 - https:\/\/yoast.com\/product\/yoast-seo-wordpress\/ -->\n<title>Verlegesystem BARDAGE W\u00e4rmed\u00e4mmung au\u00dfen - Mit oder ohne Unterkonstruktion<\/title>\n<meta name=\"description\" content=\"CAREA FACADE - Welche Montagearten gibt es f\u00fcr Verkleidungen zur W\u00e4rmed\u00e4mmung von au\u00dfen, entweder bei der Sanierung oder bei Neubauten?\" \/>\n<meta name=\"robots\" content=\"index, follow, max-snippet:-1, max-image-preview:large, max-video-preview:-1\" \/>\n<link rel=\"canonical\" href=\"https:\/\/carea-facade.com\/de\/technik\/montagearten\/\" \/>\n<meta property=\"og:locale\" content=\"de_DE\" \/>\n<meta property=\"og:type\" content=\"article\" \/>\n<meta property=\"og:title\" content=\"Verlegesystem BARDAGE W\u00e4rmed\u00e4mmung au\u00dfen - Mit oder ohne Unterkonstruktion\" \/>\n<meta property=\"og:description\" content=\"CAREA FACADE - Welche Montagearten gibt es f\u00fcr Verkleidungen zur W\u00e4rmed\u00e4mmung von au\u00dfen, entweder bei der Sanierung oder bei Neubauten?\" \/>\n<meta property=\"og:url\" content=\"https:\/\/carea-facade.com\/de\/technik\/montagearten\/\" \/>\n<meta property=\"og:site_name\" content=\"Carea facade\" \/>\n<meta property=\"article:modified_time\" content=\"2026-04-02T15:17:35+00:00\" \/>\n<meta property=\"og:image\" content=\"https:\/\/carea-facade.com\/wp-content\/uploads\/2025\/09\/BAO.jpg\" \/>\n\t<meta property=\"og:image:width\" content=\"1096\" \/>\n\t<meta property=\"og:image:height\" content=\"606\" \/>\n\t<meta property=\"og:image:type\" content=\"image\/jpeg\" \/>\n<meta name=\"twitter:card\" content=\"summary_large_image\" \/>\n<meta name=\"twitter:label1\" content=\"Gesch\u00e4tzte Lesezeit\" \/>\n\t<meta name=\"twitter:data1\" content=\"4 Minuten\" \/>\n<script type=\"application\/ld+json\" class=\"yoast-schema-graph\">{\"@context\":\"https:\\\/\\\/schema.org\",\"@graph\":[{\"@type\":\"WebPage\",\"@id\":\"https:\\\/\\\/carea-facade.com\\\/de\\\/technik\\\/montagearten\\\/\",\"url\":\"https:\\\/\\\/carea-facade.com\\\/de\\\/technik\\\/montagearten\\\/\",\"name\":\"Verlegesystem BARDAGE W\u00e4rmed\u00e4mmung au\u00dfen - Mit oder ohne Unterkonstruktion\",\"isPartOf\":{\"@id\":\"https:\\\/\\\/carea-facade.com\\\/de\\\/#website\"},\"primaryImageOfPage\":{\"@id\":\"https:\\\/\\\/carea-facade.com\\\/de\\\/technik\\\/montagearten\\\/#primaryimage\"},\"image\":{\"@id\":\"https:\\\/\\\/carea-facade.com\\\/de\\\/technik\\\/montagearten\\\/#primaryimage\"},\"thumbnailUrl\":\"https:\\\/\\\/carea-facade.com\\\/wp-content\\\/uploads\\\/2025\\\/09\\\/BAO.jpg\",\"datePublished\":\"2025-10-01T14:26:36+00:00\",\"dateModified\":\"2026-04-02T15:17:35+00:00\",\"description\":\"CAREA FACADE - Welche Montagearten gibt es f\u00fcr Verkleidungen zur W\u00e4rmed\u00e4mmung von au\u00dfen, entweder bei der Sanierung oder bei Neubauten?\",\"breadcrumb\":{\"@id\":\"https:\\\/\\\/carea-facade.com\\\/de\\\/technik\\\/montagearten\\\/#breadcrumb\"},\"inLanguage\":\"de\",\"potentialAction\":[{\"@type\":\"ReadAction\",\"target\":[\"https:\\\/\\\/carea-facade.com\\\/de\\\/technik\\\/montagearten\\\/\"]}]},{\"@type\":\"ImageObject\",\"inLanguage\":\"de\",\"@id\":\"https:\\\/\\\/carea-facade.com\\\/de\\\/technik\\\/montagearten\\\/#primaryimage\",\"url\":\"https:\\\/\\\/carea-facade.com\\\/wp-content\\\/uploads\\\/2025\\\/09\\\/BAO.jpg\",\"contentUrl\":\"https:\\\/\\\/carea-facade.com\\\/wp-content\\\/uploads\\\/2025\\\/09\\\/BAO.jpg\",\"width\":1096,\"height\":606},{\"@type\":\"BreadcrumbList\",\"@id\":\"https:\\\/\\\/carea-facade.com\\\/de\\\/technik\\\/montagearten\\\/#breadcrumb\",\"itemListElement\":[{\"@type\":\"ListItem\",\"position\":1,\"name\":\"Accueil\",\"item\":\"https:\\\/\\\/carea-facade.com\\\/de\\\/\"},{\"@type\":\"ListItem\",\"position\":2,\"name\":\"Technik\",\"item\":\"https:\\\/\\\/carea-facade.com\\\/de\\\/technik\\\/\"},{\"@type\":\"ListItem\",\"position\":3,\"name\":\"Verlegesysteme\"}]},{\"@type\":\"WebSite\",\"@id\":\"https:\\\/\\\/carea-facade.com\\\/de\\\/#website\",\"url\":\"https:\\\/\\\/carea-facade.com\\\/de\\\/\",\"name\":\"Carea facade\",\"description\":\"\",\"publisher\":{\"@id\":\"https:\\\/\\\/carea-facade.com\\\/de\\\/#organization\"},\"potentialAction\":[{\"@type\":\"SearchAction\",\"target\":{\"@type\":\"EntryPoint\",\"urlTemplate\":\"https:\\\/\\\/carea-facade.com\\\/de\\\/?s={search_term_string}\"},\"query-input\":{\"@type\":\"PropertyValueSpecification\",\"valueRequired\":true,\"valueName\":\"search_term_string\"}}],\"inLanguage\":\"de\"},{\"@type\":\"Organization\",\"@id\":\"https:\\\/\\\/carea-facade.com\\\/de\\\/#organization\",\"name\":\"Carea facade\",\"url\":\"https:\\\/\\\/carea-facade.com\\\/de\\\/\",\"logo\":{\"@type\":\"ImageObject\",\"inLanguage\":\"de\",\"@id\":\"https:\\\/\\\/carea-facade.com\\\/de\\\/#\\\/schema\\\/logo\\\/image\\\/\",\"url\":\"https:\\\/\\\/carea-facade.com\\\/wp-content\\\/uploads\\\/2025\\\/10\\\/logo-carea.svg\",\"contentUrl\":\"https:\\\/\\\/carea-facade.com\\\/wp-content\\\/uploads\\\/2025\\\/10\\\/logo-carea.svg\",\"width\":131,\"height\":95,\"caption\":\"Carea facade\"},\"image\":{\"@id\":\"https:\\\/\\\/carea-facade.com\\\/de\\\/#\\\/schema\\\/logo\\\/image\\\/\"}}]}<\/script>\n<!-- \/ Yoast SEO plugin. -->","yoast_head_json":{"title":"Verlegesystem BARDAGE W\u00e4rmed\u00e4mmung au\u00dfen - Mit oder ohne Unterkonstruktion","description":"CAREA FACADE - Welche Montagearten gibt es f\u00fcr Verkleidungen zur W\u00e4rmed\u00e4mmung von au\u00dfen, entweder bei der Sanierung oder bei Neubauten?","robots":{"index":"index","follow":"follow","max-snippet":"max-snippet:-1","max-image-preview":"max-image-preview:large","max-video-preview":"max-video-preview:-1"},"canonical":"https:\/\/carea-facade.com\/de\/technik\/montagearten\/","og_locale":"de_DE","og_type":"article","og_title":"Verlegesystem BARDAGE W\u00e4rmed\u00e4mmung au\u00dfen - Mit oder ohne Unterkonstruktion","og_description":"CAREA FACADE - Welche Montagearten gibt es f\u00fcr Verkleidungen zur W\u00e4rmed\u00e4mmung von au\u00dfen, entweder bei der Sanierung oder bei Neubauten?","og_url":"https:\/\/carea-facade.com\/de\/technik\/montagearten\/","og_site_name":"Carea facade","article_modified_time":"2026-04-02T15:17:35+00:00","og_image":[{"width":1096,"height":606,"url":"https:\/\/carea-facade.com\/wp-content\/uploads\/2025\/09\/BAO.jpg","type":"image\/jpeg"}],"twitter_card":"summary_large_image","twitter_misc":{"Gesch\u00e4tzte Lesezeit":"4 Minuten"},"schema":{"@context":"https:\/\/schema.org","@graph":[{"@type":"WebPage","@id":"https:\/\/carea-facade.com\/de\/technik\/montagearten\/","url":"https:\/\/carea-facade.com\/de\/technik\/montagearten\/","name":"Verlegesystem BARDAGE W\u00e4rmed\u00e4mmung au\u00dfen - Mit oder ohne Unterkonstruktion","isPartOf":{"@id":"https:\/\/carea-facade.com\/de\/#website"},"primaryImageOfPage":{"@id":"https:\/\/carea-facade.com\/de\/technik\/montagearten\/#primaryimage"},"image":{"@id":"https:\/\/carea-facade.com\/de\/technik\/montagearten\/#primaryimage"},"thumbnailUrl":"https:\/\/carea-facade.com\/wp-content\/uploads\/2025\/09\/BAO.jpg","datePublished":"2025-10-01T14:26:36+00:00","dateModified":"2026-04-02T15:17:35+00:00","description":"CAREA FACADE - Welche Montagearten gibt es f\u00fcr Verkleidungen zur W\u00e4rmed\u00e4mmung von au\u00dfen, entweder bei der Sanierung oder bei Neubauten?","breadcrumb":{"@id":"https:\/\/carea-facade.com\/de\/technik\/montagearten\/#breadcrumb"},"inLanguage":"de","potentialAction":[{"@type":"ReadAction","target":["https:\/\/carea-facade.com\/de\/technik\/montagearten\/"]}]},{"@type":"ImageObject","inLanguage":"de","@id":"https:\/\/carea-facade.com\/de\/technik\/montagearten\/#primaryimage","url":"https:\/\/carea-facade.com\/wp-content\/uploads\/2025\/09\/BAO.jpg","contentUrl":"https:\/\/carea-facade.com\/wp-content\/uploads\/2025\/09\/BAO.jpg","width":1096,"height":606},{"@type":"BreadcrumbList","@id":"https:\/\/carea-facade.com\/de\/technik\/montagearten\/#breadcrumb","itemListElement":[{"@type":"ListItem","position":1,"name":"Accueil","item":"https:\/\/carea-facade.com\/de\/"},{"@type":"ListItem","position":2,"name":"Technik","item":"https:\/\/carea-facade.com\/de\/technik\/"},{"@type":"ListItem","position":3,"name":"Verlegesysteme"}]},{"@type":"WebSite","@id":"https:\/\/carea-facade.com\/de\/#website","url":"https:\/\/carea-facade.com\/de\/","name":"Carea facade","description":"","publisher":{"@id":"https:\/\/carea-facade.com\/de\/#organization"},"potentialAction":[{"@type":"SearchAction","target":{"@type":"EntryPoint","urlTemplate":"https:\/\/carea-facade.com\/de\/?s={search_term_string}"},"query-input":{"@type":"PropertyValueSpecification","valueRequired":true,"valueName":"search_term_string"}}],"inLanguage":"de"},{"@type":"Organization","@id":"https:\/\/carea-facade.com\/de\/#organization","name":"Carea facade","url":"https:\/\/carea-facade.com\/de\/","logo":{"@type":"ImageObject","inLanguage":"de","@id":"https:\/\/carea-facade.com\/de\/#\/schema\/logo\/image\/","url":"https:\/\/carea-facade.com\/wp-content\/uploads\/2025\/10\/logo-carea.svg","contentUrl":"https:\/\/carea-facade.com\/wp-content\/uploads\/2025\/10\/logo-carea.svg","width":131,"height":95,"caption":"Carea facade"},"image":{"@id":"https:\/\/carea-facade.com\/de\/#\/schema\/logo\/image\/"}}]}},"_links":{"self":[{"href":"https:\/\/carea-facade.com\/de\/wp-json\/wp\/v2\/pages\/22918","targetHints":{"allow":["GET"]}}],"collection":[{"href":"https:\/\/carea-facade.com\/de\/wp-json\/wp\/v2\/pages"}],"about":[{"href":"https:\/\/carea-facade.com\/de\/wp-json\/wp\/v2\/types\/page"}],"author":[{"embeddable":true,"href":"https:\/\/carea-facade.com\/de\/wp-json\/wp\/v2\/users\/3"}],"replies":[{"embeddable":true,"href":"https:\/\/carea-facade.com\/de\/wp-json\/wp\/v2\/comments?post=22918"}],"version-history":[{"count":19,"href":"https:\/\/carea-facade.com\/de\/wp-json\/wp\/v2\/pages\/22918\/revisions"}],"predecessor-version":[{"id":24058,"href":"https:\/\/carea-facade.com\/de\/wp-json\/wp\/v2\/pages\/22918\/revisions\/24058"}],"up":[{"embeddable":true,"href":"https:\/\/carea-facade.com\/de\/wp-json\/wp\/v2\/pages\/8779"}],"wp:featuredmedia":[{"embeddable":true,"href":"https:\/\/carea-facade.com\/de\/wp-json\/wp\/v2\/media\/14481"}],"wp:attachment":[{"href":"https:\/\/carea-facade.com\/de\/wp-json\/wp\/v2\/media?parent=22918"}],"curies":[{"name":"wp","href":"https:\/\/api.w.org\/{rel}","templated":true}]}}