{"id":22960,"date":"2025-12-15T14:22:49","date_gmt":"2025-12-15T13:22:49","guid":{"rendered":"https:\/\/carea-facade.com\/oekodesign-von-a-bis-z\/"},"modified":"2026-04-01T12:41:30","modified_gmt":"2026-04-01T10:41:30","slug":"oekodesign-von-a-bis-z","status":"publish","type":"page","link":"https:\/\/carea-facade.com\/de\/engagement-fuer-die-umwelt\/oekodesign-von-a-bis-z\/","title":{"rendered":"\u00d6kodesign von A bis Z"},"content":{"rendered":"\n<div class=\"wp-block-group has-global-padding is-layout-constrained wp-container-core-group-is-layout-09212acf wp-block-group-is-layout-constrained\" style=\"padding-top:var(--wp--preset--spacing--theme-default);padding-right:var(--wp--preset--spacing--theme-xs);padding-bottom:var(--wp--preset--spacing--theme-default);padding-left:var(--wp--preset--spacing--theme-xs)\">\n<div class=\"wp-block-group has-global-padding is-layout-constrained wp-container-core-group-is-layout-c3ef1538 wp-block-group-is-layout-constrained\">\n<h1 class=\"wp-block-heading has-secondary-color has-text-color has-link-color wp-elements-773d83678d3c21481d7746614055be5d\" style=\"font-style:normal;font-weight:500;text-transform:uppercase\">\u00d6kodesign von A bis Z<\/h1>\n\n\n\n<div class=\"wp-block-group has-global-padding is-layout-constrained wp-block-group-is-layout-constrained\">\n<p class=\"has-medium-theme-font-size\">Bei Carea haben wir ein Material mit inh\u00e4rent positiven Eigenschaften geschaffen: umweltfreundlich, langlebig und \u00e4sthetisch. Eine einfache und praktikable L\u00f6sung, die den komplexen Herausforderungen unserer Zeit gerecht wird.<\/p>\n\n\n\n<p class=\"has-medium-theme-font-size\">Und durch die Integration unseres Mineralischen in einen \u00d6kodesign-Ansatz haben wir den Lebenszyklus unserer Produkte optimiert, um unseren Fu\u00dfabdruck auf dem Planeten deutlich zu verringern.<\/p>\n<\/div>\n<\/div>\n\n\n\n<div class=\"wp-block-group is-vertical is-content-justification-center is-layout-flex wp-container-core-group-is-layout-29a5bbdf wp-block-group-is-layout-flex\">\n<div class=\"wp-block-columns are-vertically-aligned-top is-layout-flex wp-container-core-columns-is-layout-87d131e1 wp-block-columns-is-layout-flex\">\n<div class=\"wp-block-column is-vertically-aligned-top is-layout-flow wp-container-core-column-is-layout-42847310 wp-block-column-is-layout-flow\" style=\"flex-basis:300px\">\n<div class=\"wp-block-group has-border-color has-secondary-border-color is-vertical is-content-justification-left is-nowrap is-layout-flex wp-container-core-group-is-layout-45c43c2e wp-block-group-is-layout-flex\" style=\"border-width:1px;padding-top:var(--wp--preset--spacing--theme-s);padding-right:var(--wp--preset--spacing--theme-s);padding-bottom:var(--wp--preset--spacing--theme-s);padding-left:var(--wp--preset--spacing--theme-s)\">\n<h4 class=\"wp-block-heading\" style=\"font-style:normal;font-weight:500;text-transform:uppercase\"><strong>Beschaffung<\/strong><\/h4>\n\n\n\n<div class=\"wp-block-group is-vertical is-layout-flex wp-container-core-group-is-layout-fe9cc265 wp-block-group-is-layout-flex\">\n<p><strong>&#8211; Mineralischer Ursprung garantiert.<\/strong><\/p>\n\n\n\n<p>Unser geosourced Material enth\u00e4lt 90% mineralische F\u00fcllstoffe, darunter Schieferpulver aus lokalen Steinbr\u00fcchen.<\/p>\n\n\n\n<p><strong>&#8211; 100% hexagonal<\/strong><\/p>\n\n\n\n<p>Unser gesamtes Mineralisch-Material stammt aus Frankreich: Wir verwenden nur lokale Materialien mit kurzen Transportwegen.<\/p>\n<\/div>\n<\/div>\n<\/div>\n\n\n\n<div class=\"wp-block-column is-vertically-aligned-top is-layout-flow wp-container-core-column-is-layout-42847310 wp-block-column-is-layout-flow\">\n<div class=\"wp-block-group is-vertical is-layout-flex wp-container-core-group-is-layout-d6b9ab57 wp-block-group-is-layout-flex\">\n<figure class=\"wp-block-image size-large is-resized\"><img loading=\"lazy\" decoding=\"async\" width=\"300\" height=\"339\" src=\"https:\/\/carea-facade.com\/wp-content\/uploads\/2025\/12\/data-90pourcent-04-3.svg\" alt=\"data 90pourcent 04 3\" class=\"wp-image-22958\" style=\"width:300px\"\/><\/figure>\n<\/div>\n<\/div>\n<\/div>\n\n\n\n<div class=\"wp-block-columns are-vertically-aligned-center is-layout-flex wp-container-core-columns-is-layout-87d131e1 wp-block-columns-is-layout-flex\">\n<div class=\"wp-block-column is-vertically-aligned-center is-layout-flow wp-container-core-column-is-layout-42847310 wp-block-column-is-layout-flow\">\n<div class=\"wp-block-group is-vertical is-content-justification-right is-layout-flex wp-container-core-group-is-layout-c0d519fa wp-block-group-is-layout-flex\">\n<figure class=\"wp-block-image size-large is-resized\"><img loading=\"lazy\" decoding=\"async\" width=\"200\" height=\"154\" src=\"https:\/\/carea-facade.com\/wp-content\/uploads\/2025\/12\/DATA-FABRIQUE-EN-FRANCE-1.svg\" alt=\"DATA FABRIQUE EN FRANCE 1\" class=\"wp-image-22957\" style=\"width:200px\"\/><\/figure>\n<\/div>\n<\/div>\n\n\n\n<div class=\"wp-block-column is-vertically-aligned-center is-layout-flow wp-container-core-column-is-layout-42847310 wp-block-column-is-layout-flow\" style=\"flex-basis:300px\">\n<div class=\"wp-block-group has-border-color has-secondary-border-color is-vertical is-content-justification-left is-nowrap is-layout-flex wp-container-core-group-is-layout-45c43c2e wp-block-group-is-layout-flex\" style=\"border-width:1px;padding-top:var(--wp--preset--spacing--theme-s);padding-right:var(--wp--preset--spacing--theme-s);padding-bottom:var(--wp--preset--spacing--theme-s);padding-left:var(--wp--preset--spacing--theme-s)\">\n<h4 class=\"wp-block-heading\" style=\"font-style:normal;font-weight:500;text-transform:uppercase\"><strong>Herstellung<\/strong><\/h4>\n\n\n\n<div class=\"wp-block-group is-vertical is-layout-flex wp-container-core-group-is-layout-fe9cc265 wp-block-group-is-layout-flex\">\n<p><strong>&#8211; \u00d6ko-Effizienz<\/strong><\/p>\n\n\n\n<p>Unser verantwortungsbewusster Produktionsprozess beruht auf der Optimierung der eingesetzten Ressourcen: geschlossener Wasserkreislauf, rationalisierte Energie, \u00fcberholte Maschinen&#8230;<\/p>\n\n\n\n<p><strong>&#8211; Logistik<\/strong><\/p>\n\n\n\n<p>Wir haben die Paletten in unseren Produktionsst\u00e4tten abgeschafft. Und bis 2030 werden wir 100% recycelbare Verpackungen erreichen.<\/p>\n\n\n\n<p><strong>&#8211; Hergestellt in Frankreich<\/strong><\/p>\n\n\n\n<p>Alle unsere Produktionsst\u00e4tten befinden sich in Frankreich.<\/p>\n<\/div>\n<\/div>\n<\/div>\n<\/div>\n\n\n\n<div class=\"wp-block-columns are-vertically-aligned-center is-layout-flex wp-container-core-columns-is-layout-87d131e1 wp-block-columns-is-layout-flex\">\n<div class=\"wp-block-column is-vertically-aligned-center is-layout-flow wp-container-core-column-is-layout-42847310 wp-block-column-is-layout-flow\" style=\"flex-basis:300px\">\n<div class=\"wp-block-group has-border-color has-secondary-border-color is-vertical is-content-justification-left is-nowrap is-layout-flex wp-container-core-group-is-layout-45c43c2e wp-block-group-is-layout-flex\" style=\"border-width:1px;padding-top:var(--wp--preset--spacing--theme-s);padding-right:var(--wp--preset--spacing--theme-s);padding-bottom:var(--wp--preset--spacing--theme-s);padding-left:var(--wp--preset--spacing--theme-s)\">\n<h4 class=\"wp-block-heading\" style=\"font-style:normal;font-weight:500;text-transform:uppercase\"><strong>Nutzung<\/strong><\/h4>\n\n\n\n<div class=\"wp-block-group is-vertical is-layout-flex wp-container-core-group-is-layout-fe9cc265 wp-block-group-is-layout-flex\">\n<p><strong>&#8211; Nachhaltigkeit<\/strong><\/p>\n\n\n\n<p>Die Produkte von Carea sind f\u00fcr den t\u00e4glichen, langfristigen Gebrauch gedacht.<\/p>\n\n\n\n<p><strong>&#8211; Wiederverwendung<\/strong><\/p>\n\n\n\n<p>Unsere Fassadenelemente k\u00f6nnen f\u00fcr 10 Jahre instandgesetzt oder teilweise ersetzt werden.<\/p>\n<\/div>\n<\/div>\n<\/div>\n\n\n\n<div class=\"wp-block-column is-vertically-aligned-center is-layout-flow wp-container-core-column-is-layout-42847310 wp-block-column-is-layout-flow\">\n<div class=\"wp-block-group is-vertical is-layout-flex wp-container-core-group-is-layout-d6b9ab57 wp-block-group-is-layout-flex\">\n<figure class=\"wp-block-image size-large is-resized\"><img loading=\"lazy\" decoding=\"async\" width=\"300\" height=\"341\" src=\"https:\/\/carea-facade.com\/wp-content\/uploads\/2025\/12\/data-10-ans-03-2.svg\" alt=\"Daten 10 Jahre 03 2\" class=\"wp-image-22956\" style=\"width:300px\"\/><\/figure>\n<\/div>\n<\/div>\n<\/div>\n\n\n\n<div class=\"wp-block-columns are-vertically-aligned-center is-layout-flex wp-container-core-columns-is-layout-87d131e1 wp-block-columns-is-layout-flex\">\n<div class=\"wp-block-column is-vertically-aligned-center is-layout-flow wp-container-core-column-is-layout-42847310 wp-block-column-is-layout-flow\">\n<div class=\"wp-block-group is-vertical is-content-justification-right is-layout-flex wp-container-core-group-is-layout-52219066 wp-block-group-is-layout-flex\">\n<figure class=\"wp-block-image size-large is-resized\"><img loading=\"lazy\" decoding=\"async\" width=\"182\" height=\"361\" src=\"https:\/\/carea-facade.com\/wp-content\/uploads\/2025\/12\/data-cycle-ouvert-03-1.svg\" alt=\"data offener Zyklus 03 1\" class=\"wp-image-22955\" style=\"width:182px\"\/><\/figure>\n<\/div>\n<\/div>\n\n\n\n<div class=\"wp-block-column is-vertically-aligned-center is-layout-flow wp-container-core-column-is-layout-42847310 wp-block-column-is-layout-flow\" style=\"flex-basis:300px\">\n<div class=\"wp-block-group has-border-color has-secondary-border-color is-vertical is-content-justification-left is-nowrap is-layout-flex wp-container-core-group-is-layout-45c43c2e wp-block-group-is-layout-flex\" style=\"border-width:1px;padding-top:var(--wp--preset--spacing--theme-s);padding-right:var(--wp--preset--spacing--theme-s);padding-bottom:var(--wp--preset--spacing--theme-s);padding-left:var(--wp--preset--spacing--theme-s)\">\n<h4 class=\"wp-block-heading\" style=\"font-style:normal;font-weight:500;text-transform:uppercase\"><strong>Ende des Lebens<\/strong><\/h4>\n\n\n\n<div class=\"wp-block-group is-vertical is-layout-flex wp-container-core-group-is-layout-fe9cc265 wp-block-group-is-layout-flex\">\n<p><strong>&#8211; Offener Zyklus<\/strong><\/p>\n\n\n\n<p>Unsere Fassadenelemente sind so konzipiert, dass sie wiederverwendbar sind und somit die Umweltbelastung weiter reduziert wird.<\/p>\n<\/div>\n<\/div>\n<\/div>\n<\/div>\n<\/div>\n<\/div>\n","protected":false},"excerpt":{"rendered":"<p>\u00d6kodesign von A bis Z Bei Carea haben wir ein Material mit inh\u00e4rent positiven Eigenschaften geschaffen: umweltfreundlich, langlebig und \u00e4sthetisch. Eine einfache und praktikable L\u00f6sung, die den komplexen Herausforderungen unserer Zeit gerecht wird. Und durch die Integration unseres Mineralischen in einen \u00d6kodesign-Ansatz haben wir den Lebenszyklus unserer Produkte optimiert, um unseren Fu\u00dfabdruck auf dem Planeten [&hellip;]<\/p>\n","protected":false},"author":3,"featured_media":0,"parent":8697,"menu_order":0,"comment_status":"closed","ping_status":"closed","template":"","meta":{"_acf_changed":false,"footnotes":""},"class_list":["post-22960","page","type-page","status-publish","hentry"],"acf":[],"yoast_head":"<!-- This site is optimized with the Yoast SEO plugin v27.5 - https:\/\/yoast.com\/product\/yoast-seo-wordpress\/ -->\n<title>\u00d6kodesign von A bis Z - Carea facade<\/title>\n<meta name=\"robots\" content=\"index, follow, max-snippet:-1, max-image-preview:large, max-video-preview:-1\" \/>\n<link rel=\"canonical\" href=\"https:\/\/carea-facade.com\/de\/engagement-fuer-die-umwelt\/oekodesign-von-a-bis-z\/\" \/>\n<meta property=\"og:locale\" content=\"de_DE\" \/>\n<meta property=\"og:type\" content=\"article\" \/>\n<meta property=\"og:title\" content=\"\u00d6kodesign von A bis Z - Carea facade\" \/>\n<meta property=\"og:description\" content=\"\u00d6kodesign von A bis Z Bei Carea haben wir ein Material mit inh\u00e4rent positiven Eigenschaften geschaffen: umweltfreundlich, langlebig und \u00e4sthetisch. Eine einfache und praktikable L\u00f6sung, die den komplexen Herausforderungen unserer Zeit gerecht wird. Und durch die Integration unseres Mineralischen in einen \u00d6kodesign-Ansatz haben wir den Lebenszyklus unserer Produkte optimiert, um unseren Fu\u00dfabdruck auf dem Planeten [&hellip;]\" \/>\n<meta property=\"og:url\" content=\"https:\/\/carea-facade.com\/de\/engagement-fuer-die-umwelt\/oekodesign-von-a-bis-z\/\" \/>\n<meta property=\"og:site_name\" content=\"Carea facade\" \/>\n<meta property=\"article:modified_time\" content=\"2026-04-01T10:41:30+00:00\" \/>\n<meta name=\"twitter:card\" content=\"summary_large_image\" \/>\n<meta name=\"twitter:label1\" content=\"Gesch\u00e4tzte Lesezeit\" \/>\n\t<meta name=\"twitter:data1\" content=\"1\u00a0Minute\" \/>\n<script type=\"application\/ld+json\" class=\"yoast-schema-graph\">{\"@context\":\"https:\\\/\\\/schema.org\",\"@graph\":[{\"@type\":\"WebPage\",\"@id\":\"https:\\\/\\\/carea-facade.com\\\/de\\\/engagement-fuer-die-umwelt\\\/oekodesign-von-a-bis-z\\\/\",\"url\":\"https:\\\/\\\/carea-facade.com\\\/de\\\/engagement-fuer-die-umwelt\\\/oekodesign-von-a-bis-z\\\/\",\"name\":\"\u00d6kodesign von A bis Z - Carea facade\",\"isPartOf\":{\"@id\":\"https:\\\/\\\/carea-facade.com\\\/de\\\/#website\"},\"primaryImageOfPage\":{\"@id\":\"https:\\\/\\\/carea-facade.com\\\/de\\\/engagement-fuer-die-umwelt\\\/oekodesign-von-a-bis-z\\\/#primaryimage\"},\"image\":{\"@id\":\"https:\\\/\\\/carea-facade.com\\\/de\\\/engagement-fuer-die-umwelt\\\/oekodesign-von-a-bis-z\\\/#primaryimage\"},\"thumbnailUrl\":\"https:\\\/\\\/carea-facade.com\\\/wp-content\\\/uploads\\\/2025\\\/12\\\/data-90pourcent-04-3.svg\",\"datePublished\":\"2025-12-15T13:22:49+00:00\",\"dateModified\":\"2026-04-01T10:41:30+00:00\",\"breadcrumb\":{\"@id\":\"https:\\\/\\\/carea-facade.com\\\/de\\\/engagement-fuer-die-umwelt\\\/oekodesign-von-a-bis-z\\\/#breadcrumb\"},\"inLanguage\":\"de\",\"potentialAction\":[{\"@type\":\"ReadAction\",\"target\":[\"https:\\\/\\\/carea-facade.com\\\/de\\\/engagement-fuer-die-umwelt\\\/oekodesign-von-a-bis-z\\\/\"]}]},{\"@type\":\"ImageObject\",\"inLanguage\":\"de\",\"@id\":\"https:\\\/\\\/carea-facade.com\\\/de\\\/engagement-fuer-die-umwelt\\\/oekodesign-von-a-bis-z\\\/#primaryimage\",\"url\":\"https:\\\/\\\/carea-facade.com\\\/wp-content\\\/uploads\\\/2025\\\/12\\\/data-90pourcent-04-3.svg\",\"contentUrl\":\"https:\\\/\\\/carea-facade.com\\\/wp-content\\\/uploads\\\/2025\\\/12\\\/data-90pourcent-04-3.svg\"},{\"@type\":\"BreadcrumbList\",\"@id\":\"https:\\\/\\\/carea-facade.com\\\/de\\\/engagement-fuer-die-umwelt\\\/oekodesign-von-a-bis-z\\\/#breadcrumb\",\"itemListElement\":[{\"@type\":\"ListItem\",\"position\":1,\"name\":\"Accueil\",\"item\":\"https:\\\/\\\/carea-facade.com\\\/de\\\/\"},{\"@type\":\"ListItem\",\"position\":2,\"name\":\"Engagement f\u00fcr die Umwelt\",\"item\":\"https:\\\/\\\/carea-facade.com\\\/de\\\/engagement-fuer-die-umwelt\\\/\"},{\"@type\":\"ListItem\",\"position\":3,\"name\":\"\u00d6kodesign von A bis Z\"}]},{\"@type\":\"WebSite\",\"@id\":\"https:\\\/\\\/carea-facade.com\\\/de\\\/#website\",\"url\":\"https:\\\/\\\/carea-facade.com\\\/de\\\/\",\"name\":\"Carea facade\",\"description\":\"\",\"publisher\":{\"@id\":\"https:\\\/\\\/carea-facade.com\\\/de\\\/#organization\"},\"potentialAction\":[{\"@type\":\"SearchAction\",\"target\":{\"@type\":\"EntryPoint\",\"urlTemplate\":\"https:\\\/\\\/carea-facade.com\\\/de\\\/?s={search_term_string}\"},\"query-input\":{\"@type\":\"PropertyValueSpecification\",\"valueRequired\":true,\"valueName\":\"search_term_string\"}}],\"inLanguage\":\"de\"},{\"@type\":\"Organization\",\"@id\":\"https:\\\/\\\/carea-facade.com\\\/de\\\/#organization\",\"name\":\"Carea facade\",\"url\":\"https:\\\/\\\/carea-facade.com\\\/de\\\/\",\"logo\":{\"@type\":\"ImageObject\",\"inLanguage\":\"de\",\"@id\":\"https:\\\/\\\/carea-facade.com\\\/de\\\/#\\\/schema\\\/logo\\\/image\\\/\",\"url\":\"https:\\\/\\\/carea-facade.com\\\/wp-content\\\/uploads\\\/2025\\\/10\\\/logo-carea.svg\",\"contentUrl\":\"https:\\\/\\\/carea-facade.com\\\/wp-content\\\/uploads\\\/2025\\\/10\\\/logo-carea.svg\",\"width\":131,\"height\":95,\"caption\":\"Carea facade\"},\"image\":{\"@id\":\"https:\\\/\\\/carea-facade.com\\\/de\\\/#\\\/schema\\\/logo\\\/image\\\/\"}}]}<\/script>\n<!-- \/ Yoast SEO plugin. -->","yoast_head_json":{"title":"\u00d6kodesign von A bis Z - Carea facade","robots":{"index":"index","follow":"follow","max-snippet":"max-snippet:-1","max-image-preview":"max-image-preview:large","max-video-preview":"max-video-preview:-1"},"canonical":"https:\/\/carea-facade.com\/de\/engagement-fuer-die-umwelt\/oekodesign-von-a-bis-z\/","og_locale":"de_DE","og_type":"article","og_title":"\u00d6kodesign von A bis Z - Carea facade","og_description":"\u00d6kodesign von A bis Z Bei Carea haben wir ein Material mit inh\u00e4rent positiven Eigenschaften geschaffen: umweltfreundlich, langlebig und \u00e4sthetisch. Eine einfache und praktikable L\u00f6sung, die den komplexen Herausforderungen unserer Zeit gerecht wird. Und durch die Integration unseres Mineralischen in einen \u00d6kodesign-Ansatz haben wir den Lebenszyklus unserer Produkte optimiert, um unseren Fu\u00dfabdruck auf dem Planeten [&hellip;]","og_url":"https:\/\/carea-facade.com\/de\/engagement-fuer-die-umwelt\/oekodesign-von-a-bis-z\/","og_site_name":"Carea facade","article_modified_time":"2026-04-01T10:41:30+00:00","twitter_card":"summary_large_image","twitter_misc":{"Gesch\u00e4tzte Lesezeit":"1\u00a0Minute"},"schema":{"@context":"https:\/\/schema.org","@graph":[{"@type":"WebPage","@id":"https:\/\/carea-facade.com\/de\/engagement-fuer-die-umwelt\/oekodesign-von-a-bis-z\/","url":"https:\/\/carea-facade.com\/de\/engagement-fuer-die-umwelt\/oekodesign-von-a-bis-z\/","name":"\u00d6kodesign von A bis Z - Carea facade","isPartOf":{"@id":"https:\/\/carea-facade.com\/de\/#website"},"primaryImageOfPage":{"@id":"https:\/\/carea-facade.com\/de\/engagement-fuer-die-umwelt\/oekodesign-von-a-bis-z\/#primaryimage"},"image":{"@id":"https:\/\/carea-facade.com\/de\/engagement-fuer-die-umwelt\/oekodesign-von-a-bis-z\/#primaryimage"},"thumbnailUrl":"https:\/\/carea-facade.com\/wp-content\/uploads\/2025\/12\/data-90pourcent-04-3.svg","datePublished":"2025-12-15T13:22:49+00:00","dateModified":"2026-04-01T10:41:30+00:00","breadcrumb":{"@id":"https:\/\/carea-facade.com\/de\/engagement-fuer-die-umwelt\/oekodesign-von-a-bis-z\/#breadcrumb"},"inLanguage":"de","potentialAction":[{"@type":"ReadAction","target":["https:\/\/carea-facade.com\/de\/engagement-fuer-die-umwelt\/oekodesign-von-a-bis-z\/"]}]},{"@type":"ImageObject","inLanguage":"de","@id":"https:\/\/carea-facade.com\/de\/engagement-fuer-die-umwelt\/oekodesign-von-a-bis-z\/#primaryimage","url":"https:\/\/carea-facade.com\/wp-content\/uploads\/2025\/12\/data-90pourcent-04-3.svg","contentUrl":"https:\/\/carea-facade.com\/wp-content\/uploads\/2025\/12\/data-90pourcent-04-3.svg"},{"@type":"BreadcrumbList","@id":"https:\/\/carea-facade.com\/de\/engagement-fuer-die-umwelt\/oekodesign-von-a-bis-z\/#breadcrumb","itemListElement":[{"@type":"ListItem","position":1,"name":"Accueil","item":"https:\/\/carea-facade.com\/de\/"},{"@type":"ListItem","position":2,"name":"Engagement f\u00fcr die Umwelt","item":"https:\/\/carea-facade.com\/de\/engagement-fuer-die-umwelt\/"},{"@type":"ListItem","position":3,"name":"\u00d6kodesign von A bis Z"}]},{"@type":"WebSite","@id":"https:\/\/carea-facade.com\/de\/#website","url":"https:\/\/carea-facade.com\/de\/","name":"Carea facade","description":"","publisher":{"@id":"https:\/\/carea-facade.com\/de\/#organization"},"potentialAction":[{"@type":"SearchAction","target":{"@type":"EntryPoint","urlTemplate":"https:\/\/carea-facade.com\/de\/?s={search_term_string}"},"query-input":{"@type":"PropertyValueSpecification","valueRequired":true,"valueName":"search_term_string"}}],"inLanguage":"de"},{"@type":"Organization","@id":"https:\/\/carea-facade.com\/de\/#organization","name":"Carea facade","url":"https:\/\/carea-facade.com\/de\/","logo":{"@type":"ImageObject","inLanguage":"de","@id":"https:\/\/carea-facade.com\/de\/#\/schema\/logo\/image\/","url":"https:\/\/carea-facade.com\/wp-content\/uploads\/2025\/10\/logo-carea.svg","contentUrl":"https:\/\/carea-facade.com\/wp-content\/uploads\/2025\/10\/logo-carea.svg","width":131,"height":95,"caption":"Carea facade"},"image":{"@id":"https:\/\/carea-facade.com\/de\/#\/schema\/logo\/image\/"}}]}},"_links":{"self":[{"href":"https:\/\/carea-facade.com\/de\/wp-json\/wp\/v2\/pages\/22960","targetHints":{"allow":["GET"]}}],"collection":[{"href":"https:\/\/carea-facade.com\/de\/wp-json\/wp\/v2\/pages"}],"about":[{"href":"https:\/\/carea-facade.com\/de\/wp-json\/wp\/v2\/types\/page"}],"author":[{"embeddable":true,"href":"https:\/\/carea-facade.com\/de\/wp-json\/wp\/v2\/users\/3"}],"replies":[{"embeddable":true,"href":"https:\/\/carea-facade.com\/de\/wp-json\/wp\/v2\/comments?post=22960"}],"version-history":[{"count":12,"href":"https:\/\/carea-facade.com\/de\/wp-json\/wp\/v2\/pages\/22960\/revisions"}],"predecessor-version":[{"id":23974,"href":"https:\/\/carea-facade.com\/de\/wp-json\/wp\/v2\/pages\/22960\/revisions\/23974"}],"up":[{"embeddable":true,"href":"https:\/\/carea-facade.com\/de\/wp-json\/wp\/v2\/pages\/8697"}],"wp:attachment":[{"href":"https:\/\/carea-facade.com\/de\/wp-json\/wp\/v2\/media?parent=22960"}],"curies":[{"name":"wp","href":"https:\/\/api.w.org\/{rel}","templated":true}]}}