{"id":8691,"date":"2025-10-01T16:26:35","date_gmt":"2025-10-01T14:26:35","guid":{"rendered":"https:\/\/carea-facade.com\/brandschutz\/"},"modified":"2026-02-25T09:10:51","modified_gmt":"2026-02-25T08:10:51","slug":"brandschutz","status":"publish","type":"page","link":"https:\/\/carea-facade.com\/de\/technik\/brandschutz\/","title":{"rendered":"Brandschutz"},"content":{"rendered":"\n<div class=\"wp-block-group has-global-padding is-layout-constrained wp-container-core-group-is-layout-3bb13389 wp-block-group-is-layout-constrained\" style=\"padding-top:var(--wp--preset--spacing--theme-default);padding-right:var(--wp--preset--spacing--theme-xs);padding-bottom:var(--wp--preset--spacing--theme-default);padding-left:var(--wp--preset--spacing--theme-xs)\">\n<div class=\"wp-block-group content-content-group is-vertical is-layout-flex wp-container-core-group-is-layout-d309df8e wp-block-group-is-layout-flex\">\n<h1 class=\"wp-block-heading has-text-align-left has-black-color has-text-color\" style=\"margin-bottom:40px;font-style:normal;font-weight:500;text-transform:uppercase\">Brandschutz<\/h1>\n\n\n\n<h2 class=\"wp-block-heading\">Die Brandschutzvorschriften<\/h2>\n\n\n\n<p>Zwei k\u00fcrzlich im Amtsblatt vom 11.08.2019 ver\u00f6ffentlichte Erlasse \u00e4ndern die Feuervorschriften in zwei F\u00e4llen:<\/p>\n\n\n\n<h4 class=\"wp-block-heading\">F\u00fcr die Sanierung von IMH-Geb\u00e4uden (28 bis 50 Meter hoch)<\/h4>\n\n\n\n<ul class=\"wp-block-list\">\n<li>Ab dem 1. Januar 2020 muss f\u00fcr alle Baugenehmigungen mindestens ein Teil der Produkte, die zur Sanierung einer Fassade verwendet werden, mindestens der Klasse A2-s3,d0 entsprechen. Produkte, die nicht in diese Klasse fallen, m\u00fcssen durch eine Verkleidung gesch\u00fctzt werden (z.B. EPS-Isolierung mit Steinwollisolierung).<\/li>\n\n\n\n<li>Die Systeme m\u00fcssen unabh\u00e4ngig von den verwendeten L\u00f6sungen durch eine Laborbewertung validiert werden.<\/li>\n<\/ul>\n\n\n\n<h4 class=\"wp-block-heading\">F\u00fcr den Bau von H\u00e4usern, deren h\u00f6chste Etage h\u00f6chstens 50 Meter entfernt ist.<\/h4>\n\n\n\n<ul class=\"wp-block-list\">\n<li>Erste Familie: Verkleidung mindestens der Klasse D-s3,d0 oder E bei freistehenden H\u00e4usern.<\/li>\n\n\n\n<li>Zweite Familie: \u00c4u\u00dfere Verkleidung mindestens Klasse D-s3,d0<\/li>\n\n\n\n<li>Dritte Familie, zwei L\u00f6sungen :\n<ul class=\"wp-block-list\">\n<li>Alle Produkte sind mindestens der Klasse A2-s3,d0 zugeordnet.<\/li>\n\n\n\n<li>Das System wurde unabh\u00e4ngig von der Brandschutzklasse durch eine APL best\u00e4tigt.<\/li>\n<\/ul>\n<\/li>\n\n\n\n<li>Vierte Familie: Zwei identische L\u00f6sungen wie bei der Sanierung (siehe Abschnitt oben).<\/li>\n<\/ul>\n\n\n\n<h2 class=\"wp-block-heading\"><sup>CAREA\u00ae-Produkte<\/sup> und die Brandschutzvorschriften<\/h2>\n\n\n\n<h3 class=\"wp-block-heading\" id=\"solutions-carea\">Sie m\u00fcssen sich nicht mehr zwischen Brandschutz und \u00c4sthetik entscheiden!<\/h3>\n\n\n\n<p><strong>Sowohl f\u00fcr den Bau als auch f\u00fcr die Sanierung sind unsere <a href=\"https:\/\/carea-facade.com\/de\/technik\/carea-verkleidungsarten\/#rainures\">Produktreihen<\/a> <a href=\"https:\/\/carea-facade.com\/de\/technik\/carea-verkleidungsarten\/#inserts\">mit<\/a> Genuteten, <a href=\"https:\/\/carea-facade.com\/de\/technik\/carea-verkleidungsarten\/\">Einsteck-<\/a> und integrierten Hinterschnittankern nach A2-s1,d0 zertifiziert: unser Material ist nicht brennbar und leitet kein Feuer weiter.<\/strong><\/p>\n\n\n\n<p>F\u00fcr die Verwendung ohne Unterkonstruktion sind die Produkte mit Nut und Feder und die Genuteten Produkte im Labor f\u00fcr Wohngeb\u00e4ude der<sup>dritten<\/sup> Familie gepr\u00fcft worden.<\/p>\n\n\n\n<p>F\u00fcr die Verwendung mit Unterkonstruktion ist das Genutete-Sortiment laborgepr\u00fcft, um L\u00f6sungen ohne oder mit unsichtbarem Spritzschutz zu erm\u00f6glichen.<\/p>\n\n\n\n<p>Unsere L\u00f6sungen k\u00f6nnen in allen Geb\u00e4udetypologien im Neubau und in der Sanierung eingesetzt werden (IGH, IMH,<sup>3<\/sup>. Wohnfamilie, &#8230;).<\/p>\n\n\n\n<div class=\"wp-block-buttons is-layout-flex wp-block-buttons-is-layout-flex\">\n<div class=\"wp-block-button\"><a class=\"wp-block-button__link wp-element-button\" href=\"https:\/\/carea-facade.com\/de\/kontakt\/\">Kontaktieren Sie uns, um mehr zu erfahren<\/a><\/div>\n<\/div>\n\n\n\n<h2 class=\"wp-block-heading\">Gerillte Verkleidung <sup>CAREA\u00ae<\/sup>: jetzt unsichtbar.<\/h2>\n\n\n\n<p>Seit der Ver\u00f6ffentlichung einer Laborbewertung (APL Nr. EFR-16-002964 &#8211; Revision 2) kann <a href=\"https:\/\/carea-facade.com\/de\/technik\/carea-verkleidungsarten\/\">die Verkleidung CAREA Verk<\/a> leidung mit Genutete in horizontaler und vertikaler Ausf\u00fchrung bei Verwendung <strong>mit<\/strong> Rockwool Steinwolled\u00e4mmung <strong>mit unsichtbarem Spritz<\/strong>schutz verarbeitet werden.<\/p>\n\n\n\n<p>Dieser APL zielt auf :<\/p>\n\n\n\n<ul class=\"wp-block-list\">\n<li>ERP der<sup>ersten<\/sup> Gruppe ab R+2,<\/li>\n\n\n\n<li>Wohngeb\u00e4ude der<sup>dritten<\/sup> Familie,<\/li>\n\n\n\n<li>die IMH.<\/li>\n<\/ul>\n\n\n\n<p>Das folgende Konstruktionssystem ist erforderlich:<\/p>\n\n\n\n<ul class=\"wp-block-list\">\n<li>Untergrund aus Beton oder verputztem Mauerwerk.<\/li>\n\n\n\n<li>Vertikale Stahlkonstruktion; EPDM-Streifen m\u00fcssen an jedem Schnittpunkt zwischen der Stahlkonstruktion und der horizontalen Aluminiumleiste angebracht werden.<\/li>\n<\/ul>\n\n\n\n<p>F\u00fcr ERP, in denen die C+D Regel nicht anwendbar ist, und f\u00fcr Wohngeb\u00e4ude kann der Luftraum auf eine der folgenden Weisen geschnitten werden:<\/p>\n\n\n\n<ul class=\"wp-block-list\">\n<li>Stahlfensterrahmen; in diesem Fall gibt es <strong>keinen Luftspalt<\/strong>.<\/li>\n\n\n\n<li>Einfassung von Fenstern und T\u00fcren mit einer R\u00fcckwand + unsichtbarer Stahlblende oder Hilti Brandschutzstreifen.<\/li>\n<\/ul>\n\n\n\n<p>In ERP, in denen die C+D-Regel gilt, ist die \u00dcberschneidung des Luftraums unabh\u00e4ngig von der Art des Fensterrahmens obligatorisch. Dies geschieht entweder mit Hilfe eines unsichtbaren Spritzschutzes oder mit einem intumeszierenden Band vom Typ Hilti.<\/p>\n\n\n\n<div class=\"wp-block-buttons is-layout-flex wp-block-buttons-is-layout-flex\">\n<div class=\"wp-block-button\"><a class=\"wp-block-button__link wp-element-button\" href=\"https:\/\/carea-facade.com\/de\/fragen-sie-nach-ihrer-carea-box\/\">Fordern Sie Ihr Muster an<\/a><\/div>\n<\/div>\n<\/div>\n<\/div>\n","protected":false},"excerpt":{"rendered":"<p>Brandschutz Die Brandschutzvorschriften Zwei k\u00fcrzlich im Amtsblatt vom 11.08.2019 ver\u00f6ffentlichte Erlasse \u00e4ndern die Feuervorschriften in zwei F\u00e4llen: F\u00fcr die Sanierung von IMH-Geb\u00e4uden (28 bis 50 Meter hoch) F\u00fcr den Bau von H\u00e4usern, deren h\u00f6chste Etage h\u00f6chstens 50 Meter entfernt ist. CAREA\u00ae-Produkte und die Brandschutzvorschriften Sie m\u00fcssen sich nicht mehr zwischen Brandschutz und \u00c4sthetik entscheiden! Sowohl [&hellip;]<\/p>\n","protected":false},"author":3,"featured_media":14681,"parent":8779,"menu_order":1,"comment_status":"open","ping_status":"closed","template":"","meta":{"_acf_changed":false,"footnotes":""},"class_list":["post-8691","page","type-page","status-publish","has-post-thumbnail","hentry"],"acf":[],"yoast_head":"<!-- This site is optimized with the Yoast SEO plugin v27.5 - https:\/\/yoast.com\/product\/yoast-seo-wordpress\/ -->\n<title>Welche Brandschutzbestimmungen f\u00fcr FACADE-Produkte gelten.<\/title>\n<meta name=\"description\" content=\"CAREA FACADE - Was sind die franz\u00f6sischen und europ\u00e4ischen Vorschriften f\u00fcr Fassadenprodukte in Bezug auf Feuer\/Feuer? Verkleidung (BSO, BAO, VmU, Au\u00dfenverkleidung), WDVS, hinterl\u00fcftete Fassade, Berechnungen, Brand....\" \/>\n<meta name=\"robots\" content=\"index, follow, max-snippet:-1, max-image-preview:large, max-video-preview:-1\" \/>\n<link rel=\"canonical\" href=\"https:\/\/carea-facade.com\/de\/technik\/brandschutz\/\" \/>\n<meta property=\"og:locale\" content=\"de_DE\" \/>\n<meta property=\"og:type\" content=\"article\" \/>\n<meta property=\"og:title\" content=\"Welche Brandschutzbestimmungen f\u00fcr FACADE-Produkte gelten.\" \/>\n<meta property=\"og:description\" content=\"CAREA FACADE - Was sind die franz\u00f6sischen und europ\u00e4ischen Vorschriften f\u00fcr Fassadenprodukte in Bezug auf Feuer\/Feuer? Verkleidung (BSO, BAO, VmU, Au\u00dfenverkleidung), WDVS, hinterl\u00fcftete Fassade, Berechnungen, Brand....\" \/>\n<meta property=\"og:url\" content=\"https:\/\/carea-facade.com\/de\/technik\/brandschutz\/\" \/>\n<meta property=\"og:site_name\" content=\"Carea facade\" \/>\n<meta property=\"article:modified_time\" content=\"2026-02-25T08:10:51+00:00\" \/>\n<meta property=\"og:image\" content=\"https:\/\/carea-facade.com\/wp-content\/uploads\/2025\/09\/A9R18eusr7_nnj4e_770.jpg\" \/>\n\t<meta property=\"og:image:width\" content=\"244\" \/>\n\t<meta property=\"og:image:height\" content=\"439\" \/>\n\t<meta property=\"og:image:type\" content=\"image\/jpeg\" \/>\n<meta name=\"twitter:card\" content=\"summary_large_image\" \/>\n<meta name=\"twitter:label1\" content=\"Gesch\u00e4tzte Lesezeit\" \/>\n\t<meta name=\"twitter:data1\" content=\"2 Minuten\" \/>\n<script type=\"application\/ld+json\" class=\"yoast-schema-graph\">{\"@context\":\"https:\\\/\\\/schema.org\",\"@graph\":[{\"@type\":\"WebPage\",\"@id\":\"https:\\\/\\\/carea-facade.com\\\/de\\\/technik\\\/brandschutz\\\/\",\"url\":\"https:\\\/\\\/carea-facade.com\\\/de\\\/technik\\\/brandschutz\\\/\",\"name\":\"Welche Brandschutzbestimmungen f\u00fcr FACADE-Produkte gelten.\",\"isPartOf\":{\"@id\":\"https:\\\/\\\/carea-facade.com\\\/de\\\/#website\"},\"primaryImageOfPage\":{\"@id\":\"https:\\\/\\\/carea-facade.com\\\/de\\\/technik\\\/brandschutz\\\/#primaryimage\"},\"image\":{\"@id\":\"https:\\\/\\\/carea-facade.com\\\/de\\\/technik\\\/brandschutz\\\/#primaryimage\"},\"thumbnailUrl\":\"https:\\\/\\\/carea-facade.com\\\/wp-content\\\/uploads\\\/2025\\\/09\\\/A9R18eusr7_nnj4e_770.jpg\",\"datePublished\":\"2025-10-01T14:26:35+00:00\",\"dateModified\":\"2026-02-25T08:10:51+00:00\",\"description\":\"CAREA FACADE - Was sind die franz\u00f6sischen und europ\u00e4ischen Vorschriften f\u00fcr Fassadenprodukte in Bezug auf Feuer\\\/Feuer? Verkleidung (BSO, BAO, VmU, Au\u00dfenverkleidung), WDVS, hinterl\u00fcftete Fassade, Berechnungen, Brand....\",\"breadcrumb\":{\"@id\":\"https:\\\/\\\/carea-facade.com\\\/de\\\/technik\\\/brandschutz\\\/#breadcrumb\"},\"inLanguage\":\"de\",\"potentialAction\":[{\"@type\":\"ReadAction\",\"target\":[\"https:\\\/\\\/carea-facade.com\\\/de\\\/technik\\\/brandschutz\\\/\"]}]},{\"@type\":\"ImageObject\",\"inLanguage\":\"de\",\"@id\":\"https:\\\/\\\/carea-facade.com\\\/de\\\/technik\\\/brandschutz\\\/#primaryimage\",\"url\":\"https:\\\/\\\/carea-facade.com\\\/wp-content\\\/uploads\\\/2025\\\/09\\\/A9R18eusr7_nnj4e_770.jpg\",\"contentUrl\":\"https:\\\/\\\/carea-facade.com\\\/wp-content\\\/uploads\\\/2025\\\/09\\\/A9R18eusr7_nnj4e_770.jpg\",\"width\":244,\"height\":439},{\"@type\":\"BreadcrumbList\",\"@id\":\"https:\\\/\\\/carea-facade.com\\\/de\\\/technik\\\/brandschutz\\\/#breadcrumb\",\"itemListElement\":[{\"@type\":\"ListItem\",\"position\":1,\"name\":\"Accueil\",\"item\":\"https:\\\/\\\/carea-facade.com\\\/de\\\/\"},{\"@type\":\"ListItem\",\"position\":2,\"name\":\"Technik\",\"item\":\"https:\\\/\\\/carea-facade.com\\\/de\\\/technik\\\/\"},{\"@type\":\"ListItem\",\"position\":3,\"name\":\"Brandschutz\"}]},{\"@type\":\"WebSite\",\"@id\":\"https:\\\/\\\/carea-facade.com\\\/de\\\/#website\",\"url\":\"https:\\\/\\\/carea-facade.com\\\/de\\\/\",\"name\":\"Carea facade\",\"description\":\"\",\"publisher\":{\"@id\":\"https:\\\/\\\/carea-facade.com\\\/de\\\/#organization\"},\"potentialAction\":[{\"@type\":\"SearchAction\",\"target\":{\"@type\":\"EntryPoint\",\"urlTemplate\":\"https:\\\/\\\/carea-facade.com\\\/de\\\/?s={search_term_string}\"},\"query-input\":{\"@type\":\"PropertyValueSpecification\",\"valueRequired\":true,\"valueName\":\"search_term_string\"}}],\"inLanguage\":\"de\"},{\"@type\":\"Organization\",\"@id\":\"https:\\\/\\\/carea-facade.com\\\/de\\\/#organization\",\"name\":\"Carea facade\",\"url\":\"https:\\\/\\\/carea-facade.com\\\/de\\\/\",\"logo\":{\"@type\":\"ImageObject\",\"inLanguage\":\"de\",\"@id\":\"https:\\\/\\\/carea-facade.com\\\/de\\\/#\\\/schema\\\/logo\\\/image\\\/\",\"url\":\"https:\\\/\\\/carea-facade.com\\\/wp-content\\\/uploads\\\/2025\\\/10\\\/logo-carea.svg\",\"contentUrl\":\"https:\\\/\\\/carea-facade.com\\\/wp-content\\\/uploads\\\/2025\\\/10\\\/logo-carea.svg\",\"width\":131,\"height\":95,\"caption\":\"Carea facade\"},\"image\":{\"@id\":\"https:\\\/\\\/carea-facade.com\\\/de\\\/#\\\/schema\\\/logo\\\/image\\\/\"}}]}<\/script>\n<!-- \/ Yoast SEO plugin. -->","yoast_head_json":{"title":"Welche Brandschutzbestimmungen f\u00fcr FACADE-Produkte gelten.","description":"CAREA FACADE - Was sind die franz\u00f6sischen und europ\u00e4ischen Vorschriften f\u00fcr Fassadenprodukte in Bezug auf Feuer\/Feuer? Verkleidung (BSO, BAO, VmU, Au\u00dfenverkleidung), WDVS, hinterl\u00fcftete Fassade, Berechnungen, Brand....","robots":{"index":"index","follow":"follow","max-snippet":"max-snippet:-1","max-image-preview":"max-image-preview:large","max-video-preview":"max-video-preview:-1"},"canonical":"https:\/\/carea-facade.com\/de\/technik\/brandschutz\/","og_locale":"de_DE","og_type":"article","og_title":"Welche Brandschutzbestimmungen f\u00fcr FACADE-Produkte gelten.","og_description":"CAREA FACADE - Was sind die franz\u00f6sischen und europ\u00e4ischen Vorschriften f\u00fcr Fassadenprodukte in Bezug auf Feuer\/Feuer? Verkleidung (BSO, BAO, VmU, Au\u00dfenverkleidung), WDVS, hinterl\u00fcftete Fassade, Berechnungen, Brand....","og_url":"https:\/\/carea-facade.com\/de\/technik\/brandschutz\/","og_site_name":"Carea facade","article_modified_time":"2026-02-25T08:10:51+00:00","og_image":[{"width":244,"height":439,"url":"https:\/\/carea-facade.com\/wp-content\/uploads\/2025\/09\/A9R18eusr7_nnj4e_770.jpg","type":"image\/jpeg"}],"twitter_card":"summary_large_image","twitter_misc":{"Gesch\u00e4tzte Lesezeit":"2 Minuten"},"schema":{"@context":"https:\/\/schema.org","@graph":[{"@type":"WebPage","@id":"https:\/\/carea-facade.com\/de\/technik\/brandschutz\/","url":"https:\/\/carea-facade.com\/de\/technik\/brandschutz\/","name":"Welche Brandschutzbestimmungen f\u00fcr FACADE-Produkte gelten.","isPartOf":{"@id":"https:\/\/carea-facade.com\/de\/#website"},"primaryImageOfPage":{"@id":"https:\/\/carea-facade.com\/de\/technik\/brandschutz\/#primaryimage"},"image":{"@id":"https:\/\/carea-facade.com\/de\/technik\/brandschutz\/#primaryimage"},"thumbnailUrl":"https:\/\/carea-facade.com\/wp-content\/uploads\/2025\/09\/A9R18eusr7_nnj4e_770.jpg","datePublished":"2025-10-01T14:26:35+00:00","dateModified":"2026-02-25T08:10:51+00:00","description":"CAREA FACADE - Was sind die franz\u00f6sischen und europ\u00e4ischen Vorschriften f\u00fcr Fassadenprodukte in Bezug auf Feuer\/Feuer? Verkleidung (BSO, BAO, VmU, Au\u00dfenverkleidung), WDVS, hinterl\u00fcftete Fassade, Berechnungen, Brand....","breadcrumb":{"@id":"https:\/\/carea-facade.com\/de\/technik\/brandschutz\/#breadcrumb"},"inLanguage":"de","potentialAction":[{"@type":"ReadAction","target":["https:\/\/carea-facade.com\/de\/technik\/brandschutz\/"]}]},{"@type":"ImageObject","inLanguage":"de","@id":"https:\/\/carea-facade.com\/de\/technik\/brandschutz\/#primaryimage","url":"https:\/\/carea-facade.com\/wp-content\/uploads\/2025\/09\/A9R18eusr7_nnj4e_770.jpg","contentUrl":"https:\/\/carea-facade.com\/wp-content\/uploads\/2025\/09\/A9R18eusr7_nnj4e_770.jpg","width":244,"height":439},{"@type":"BreadcrumbList","@id":"https:\/\/carea-facade.com\/de\/technik\/brandschutz\/#breadcrumb","itemListElement":[{"@type":"ListItem","position":1,"name":"Accueil","item":"https:\/\/carea-facade.com\/de\/"},{"@type":"ListItem","position":2,"name":"Technik","item":"https:\/\/carea-facade.com\/de\/technik\/"},{"@type":"ListItem","position":3,"name":"Brandschutz"}]},{"@type":"WebSite","@id":"https:\/\/carea-facade.com\/de\/#website","url":"https:\/\/carea-facade.com\/de\/","name":"Carea facade","description":"","publisher":{"@id":"https:\/\/carea-facade.com\/de\/#organization"},"potentialAction":[{"@type":"SearchAction","target":{"@type":"EntryPoint","urlTemplate":"https:\/\/carea-facade.com\/de\/?s={search_term_string}"},"query-input":{"@type":"PropertyValueSpecification","valueRequired":true,"valueName":"search_term_string"}}],"inLanguage":"de"},{"@type":"Organization","@id":"https:\/\/carea-facade.com\/de\/#organization","name":"Carea facade","url":"https:\/\/carea-facade.com\/de\/","logo":{"@type":"ImageObject","inLanguage":"de","@id":"https:\/\/carea-facade.com\/de\/#\/schema\/logo\/image\/","url":"https:\/\/carea-facade.com\/wp-content\/uploads\/2025\/10\/logo-carea.svg","contentUrl":"https:\/\/carea-facade.com\/wp-content\/uploads\/2025\/10\/logo-carea.svg","width":131,"height":95,"caption":"Carea facade"},"image":{"@id":"https:\/\/carea-facade.com\/de\/#\/schema\/logo\/image\/"}}]}},"_links":{"self":[{"href":"https:\/\/carea-facade.com\/de\/wp-json\/wp\/v2\/pages\/8691","targetHints":{"allow":["GET"]}}],"collection":[{"href":"https:\/\/carea-facade.com\/de\/wp-json\/wp\/v2\/pages"}],"about":[{"href":"https:\/\/carea-facade.com\/de\/wp-json\/wp\/v2\/types\/page"}],"author":[{"embeddable":true,"href":"https:\/\/carea-facade.com\/de\/wp-json\/wp\/v2\/users\/3"}],"replies":[{"embeddable":true,"href":"https:\/\/carea-facade.com\/de\/wp-json\/wp\/v2\/comments?post=8691"}],"version-history":[{"count":14,"href":"https:\/\/carea-facade.com\/de\/wp-json\/wp\/v2\/pages\/8691\/revisions"}],"predecessor-version":[{"id":23831,"href":"https:\/\/carea-facade.com\/de\/wp-json\/wp\/v2\/pages\/8691\/revisions\/23831"}],"up":[{"embeddable":true,"href":"https:\/\/carea-facade.com\/de\/wp-json\/wp\/v2\/pages\/8779"}],"wp:featuredmedia":[{"embeddable":true,"href":"https:\/\/carea-facade.com\/de\/wp-json\/wp\/v2\/media\/14681"}],"wp:attachment":[{"href":"https:\/\/carea-facade.com\/de\/wp-json\/wp\/v2\/media?parent=8691"}],"curies":[{"name":"wp","href":"https:\/\/api.w.org\/{rel}","templated":true}]}}