{"id":8697,"date":"2025-10-01T16:26:35","date_gmt":"2025-10-01T14:26:35","guid":{"rendered":"https:\/\/carea-facade.com\/engagement-fuer-die-umwelt\/"},"modified":"2026-02-25T09:11:46","modified_gmt":"2026-02-25T08:11:46","slug":"engagement-fuer-die-umwelt","status":"publish","type":"page","link":"https:\/\/carea-facade.com\/de\/engagement-fuer-die-umwelt\/","title":{"rendered":"Engagement f\u00fcr die Umwelt"},"content":{"rendered":"\n<div class=\"wp-block-group has-global-padding is-layout-constrained wp-container-core-group-is-layout-8237f763 wp-block-group-is-layout-constrained\" style=\"padding-top:var(--wp--preset--spacing--theme-default);padding-right:var(--wp--preset--spacing--theme-xs);padding-bottom:0;padding-left:var(--wp--preset--spacing--theme-xs)\">\n<div class=\"wp-block-group content-content-group is-vertical is-layout-flex wp-container-core-group-is-layout-d309df8e wp-block-group-is-layout-flex\">\n<h1 class=\"wp-block-heading has-text-align-left has-black-color has-text-color\" style=\"margin-bottom:40px;font-style:normal;font-weight:500;text-transform:uppercase\">Unser Engagement f\u00fcr die Umwelt<\/h1>\n\n\n\n<p>Bei CAREA\u00ae entwickeln wir geobasierte mineralische Materialien, die technische Leistung, \u00c4sthetik und Umweltverantwortung miteinander verbinden.<br\/>Seit fast 40 Jahren beruht unser franz\u00f6sisches Know-how auf einer starken \u00dcberzeugung: Mineralische Materialien sind ein Material der Zukunft, das in der Lage ist, die Herausforderungen des heutigen Bauwesens zu meistern.<\/p>\n\n\n\n<p>Von der Planung bis zur Verlegung, von der lokalen Herstellung bis zum Recycling &#8211; jede Phase des Lebenszyklus unserer Produkte ist darauf ausgerichtet, Nachhaltigkeit, Innovation und Umweltschutz miteinander zu verbinden.<br\/>Entdecken Sie in den nachfolgenden Rubriken, wie unser Mineralischer Mineralwerkstoff aus geobasiertem Material sich als dauerhafte und kreative L\u00f6sung f\u00fcr Architekten, Bauherren und Regionen durchsetzt.<\/p>\n<\/div>\n<\/div>\n\n    <section\n        style=\"padding-top:var(--wp--preset--spacing--theme-default);padding-bottom:var(--wp--preset--spacing--theme-default);\" class=\"double-columns wp-block-acf-double-columns has-background has-primary-background-color has-global-padding is-layout-constrained wp-container-acf-double-columns-is-layout-a22d0bdd wp-block-acf-double-columns-is-layout-constrained\"    >\n\n<div class=\"acf-innerblocks-container\">\n\n<div class=\"wp-block-columns double-columns__container is-layout-flex wp-container-core-columns-is-layout-28f84493 wp-block-columns-is-layout-flex\">\n<div class=\"wp-block-column double-columns__column double-columns__column--title is-layout-flow wp-block-column-is-layout-flow\" style=\"flex-basis:50%\">\n<h3 class=\"wp-block-heading double-columns__title has-black-color has-text-color\" style=\"text-transform:uppercase\">\u00d6kodesign von A bis Z<\/h3>\n<\/div>\n\n\n\n<div class=\"wp-block-column double-columns__column double-columns__column--content is-layout-flow wp-block-column-is-layout-flow\" style=\"flex-basis:50%\">\n<div class=\"wp-block-buttons is-layout-flex wp-block-buttons-is-layout-flex\">\n<div class=\"wp-block-button\"><a class=\"wp-block-button__link wp-element-button\" href=\"https:\/\/carea-facade.com\/de\/oekodesign-von-a-bis-z\/\">\u00d6kodesign von A bis Z<\/a><\/div>\n<\/div>\n<\/div>\n<\/div>\n\n<\/div>\n\n<\/section>\n\n    <section\n        style=\"padding-top:var(--wp--preset--spacing--theme-default);padding-bottom:var(--wp--preset--spacing--theme-default);\" class=\"double-columns wp-block-acf-double-columns has-background has-beige-background-color has-global-padding is-layout-constrained wp-container-acf-double-columns-is-layout-a22d0bdd wp-block-acf-double-columns-is-layout-constrained\"    >\n\n<div class=\"acf-innerblocks-container\">\n\n<div class=\"wp-block-columns double-columns__container is-layout-flex wp-container-core-columns-is-layout-28f84493 wp-block-columns-is-layout-flex\">\n<div class=\"wp-block-column double-columns__column double-columns__column--title is-layout-flow wp-block-column-is-layout-flow\" style=\"flex-basis:50%\">\n<h3 class=\"wp-block-heading double-columns__title has-black-color has-text-color\" style=\"text-transform:uppercase\">Mineralien: ein Material, das den Herausforderungen unserer Zeit gewachsen ist<\/h3>\n<\/div>\n\n\n\n<div class=\"wp-block-column double-columns__column double-columns__column--content is-layout-flow wp-block-column-is-layout-flow\" style=\"flex-basis:50%\">\n<div class=\"wp-block-buttons is-layout-flex wp-block-buttons-is-layout-flex\">\n<div class=\"wp-block-button\"><a class=\"wp-block-button__link wp-element-button\" href=\"https:\/\/carea-facade.com\/de\/engagement-fuer-die-umwelt\/mineralisch-ein-material-das-den-herausforderungen-unserer-zeit-gewachsen-ist\/\">Mineralisch<\/a><\/div>\n<\/div>\n<\/div>\n<\/div>\n\n<\/div>\n\n<\/section>\n\n    <section\n        style=\"padding-top:var(--wp--preset--spacing--theme-default);padding-bottom:var(--wp--preset--spacing--theme-default);\" class=\"double-columns wp-block-acf-double-columns has-background has-primary-background-color has-global-padding is-layout-constrained wp-container-acf-double-columns-is-layout-a22d0bdd wp-block-acf-double-columns-is-layout-constrained\"    >\n\n<div class=\"acf-innerblocks-container\">\n\n<div class=\"wp-block-columns double-columns__container is-layout-flex wp-container-core-columns-is-layout-28f84493 wp-block-columns-is-layout-flex\">\n<div class=\"wp-block-column double-columns__column double-columns__column--title is-layout-flow wp-block-column-is-layout-flow\" style=\"flex-basis:50%\">\n<h3 class=\"wp-block-heading double-columns__title has-black-color has-text-color\" style=\"text-transform:uppercase\">Von der Herstellung bis zum Recycling&#8230;<\/h3>\n<\/div>\n\n\n\n<div class=\"wp-block-column double-columns__column double-columns__column--content is-layout-flow wp-block-column-is-layout-flow\" style=\"flex-basis:50%\">\n<div class=\"wp-block-buttons is-layout-flex wp-block-buttons-is-layout-flex\">\n<div class=\"wp-block-button\"><a class=\"wp-block-button__link wp-element-button\" href=\"https:\/\/carea-facade.com\/de\/engagement-fuer-die-umwelt\/von-der-herstellung-bis-zum-recycling\/\">Von der Herstellung bis zum Recycling&#8230;<\/a><\/div>\n<\/div>\n<\/div>\n<\/div>\n\n<\/div>\n\n<\/section>\n\n    <section\n        style=\"padding-top:var(--wp--preset--spacing--theme-default);padding-bottom:var(--wp--preset--spacing--theme-default);\" class=\"double-columns wp-block-acf-double-columns has-background has-beige-background-color has-global-padding is-layout-constrained wp-container-acf-double-columns-is-layout-a22d0bdd wp-block-acf-double-columns-is-layout-constrained\"    >\n\n<div class=\"acf-innerblocks-container\">\n\n<div class=\"wp-block-columns double-columns__container is-layout-flex wp-container-core-columns-is-layout-28f84493 wp-block-columns-is-layout-flex\">\n<div class=\"wp-block-column double-columns__column double-columns__column--title is-layout-flow wp-block-column-is-layout-flow\" style=\"flex-basis:50%\">\n<h3 class=\"wp-block-heading double-columns__title has-black-color has-text-color\" style=\"text-transform:uppercase\">Wiederverwendung unserer Produkte<\/h3>\n<\/div>\n\n\n\n<div class=\"wp-block-column double-columns__column double-columns__column--content is-layout-flow wp-block-column-is-layout-flow\" style=\"flex-basis:50%\">\n<div class=\"wp-block-buttons is-layout-flex wp-block-buttons-is-layout-flex\">\n<div class=\"wp-block-button\"><a class=\"wp-block-button__link wp-element-button\" href=\"https:\/\/carea-facade.com\/de\/engagement-fuer-die-umwelt\/wiederverwendung-unserer-produkte\/\">Wiederverwendung unserer Produkte<\/a><\/div>\n<\/div>\n<\/div>\n<\/div>\n\n<\/div>\n\n<\/section>\n\n    <section\n        style=\"padding-top:var(--wp--preset--spacing--theme-default);padding-bottom:var(--wp--preset--spacing--theme-default);\" class=\"double-columns wp-block-acf-double-columns has-background has-primary-background-color has-global-padding is-layout-constrained wp-container-acf-double-columns-is-layout-a22d0bdd wp-block-acf-double-columns-is-layout-constrained\"    >\n\n<div class=\"acf-innerblocks-container\">\n\n<div class=\"wp-block-columns double-columns__container is-layout-flex wp-container-core-columns-is-layout-28f84493 wp-block-columns-is-layout-flex\">\n<div class=\"wp-block-column double-columns__column double-columns__column--title is-layout-flow wp-block-column-is-layout-flow\" style=\"flex-basis:50%\">\n<h3 class=\"wp-block-heading double-columns__title has-black-color has-text-color\" style=\"text-transform:uppercase\">\u00dcber-Isolierung, \u00dcber-Verkleidung: umweltfreundliche L\u00f6sungen<\/h3>\n<\/div>\n\n\n\n<div class=\"wp-block-column double-columns__column double-columns__column--content is-layout-flow wp-block-column-is-layout-flow\" style=\"flex-basis:50%\">\n<div class=\"wp-block-buttons is-layout-flex wp-block-buttons-is-layout-flex\">\n<div class=\"wp-block-button\"><a class=\"wp-block-button__link wp-element-button\" href=\"https:\/\/carea-facade.com\/de\/engagement-fuer-die-umwelt\/ueberisolierung-verbundbekleidung-umweltfreundliche-loesungen\/\">\u00dcberisolierung, Verbundbekleidung<\/a><\/div>\n<\/div>\n<\/div>\n<\/div>\n\n<\/div>\n\n<\/section>\n\n    <section\n        style=\"padding-top:var(--wp--preset--spacing--theme-default);padding-bottom:var(--wp--preset--spacing--theme-default);\" class=\"double-columns wp-block-acf-double-columns has-background has-beige-background-color has-global-padding is-layout-constrained wp-container-acf-double-columns-is-layout-a22d0bdd wp-block-acf-double-columns-is-layout-constrained\"    >\n\n<div class=\"acf-innerblocks-container\">\n\n<div class=\"wp-block-columns double-columns__container is-layout-flex wp-container-core-columns-is-layout-28f84493 wp-block-columns-is-layout-flex\">\n<div class=\"wp-block-column double-columns__column double-columns__column--title is-layout-flow wp-block-column-is-layout-flow\" style=\"flex-basis:50%\">\n<h3 class=\"wp-block-heading double-columns__title has-black-color has-text-color\" style=\"text-transform:uppercase\">Unsere Umweltdeklarationsbl\u00e4tter (FDES)<\/h3>\n<\/div>\n\n\n\n<div class=\"wp-block-column double-columns__column double-columns__column--content is-layout-flow wp-block-column-is-layout-flow\" style=\"flex-basis:50%\">\n<div class=\"wp-block-buttons is-layout-flex wp-block-buttons-is-layout-flex\">\n<div class=\"wp-block-button\"><a class=\"wp-block-button__link wp-element-button\" href=\"https:\/\/carea-facade.com\/de\/engagement-fuer-die-umwelt\/unsere-umweltdeklarationsblaetter-epds\/\">Unsere Umweltdeklarationsbl\u00e4tter (FDES)<\/a><\/div>\n<\/div>\n<\/div>\n<\/div>\n\n<\/div>\n\n<\/section>\n","protected":false},"excerpt":{"rendered":"<p>Unser Engagement f\u00fcr die Umwelt Bei CAREA\u00ae entwickeln wir geobasierte mineralische Materialien, die technische Leistung, \u00c4sthetik und Umweltverantwortung miteinander verbinden.Seit fast 40 Jahren beruht unser franz\u00f6sisches Know-how auf einer starken \u00dcberzeugung: Mineralische Materialien sind ein Material der Zukunft, das in der Lage ist, die Herausforderungen des heutigen Bauwesens zu meistern. Von der Planung bis zur [&hellip;]<\/p>\n","protected":false},"author":3,"featured_media":0,"parent":0,"menu_order":0,"comment_status":"closed","ping_status":"closed","template":"","meta":{"_acf_changed":false,"footnotes":""},"class_list":["post-8697","page","type-page","status-publish","hentry"],"acf":[],"yoast_head":"<!-- This site is optimized with the Yoast SEO plugin v27.5 - https:\/\/yoast.com\/product\/yoast-seo-wordpress\/ -->\n<title>Carea Fassade Mineralwerkstoff: Umweltverpflichtung<\/title>\n<meta name=\"description\" content=\"CAREA Fa\u00e7ade setzt sich mit seinen L\u00f6sungen aus Mineralwerkstoff f\u00fcr eine nachhaltigere Bauweise ein: umweltfreundliche Materialien, Reduzierung des CO2-Fu\u00dfabdrucks, Wiederverwertbarkeit und Energieeffizienz im Dienste einer verantwortungsbewussten Fassade.\" \/>\n<meta name=\"robots\" content=\"index, follow, max-snippet:-1, max-image-preview:large, max-video-preview:-1\" \/>\n<link rel=\"canonical\" href=\"https:\/\/carea-facade.com\/de\/engagement-fuer-die-umwelt\/\" \/>\n<meta property=\"og:locale\" content=\"de_DE\" \/>\n<meta property=\"og:type\" content=\"article\" \/>\n<meta property=\"og:title\" content=\"Carea Fassade Mineralwerkstoff: Umweltverpflichtung\" \/>\n<meta property=\"og:description\" content=\"CAREA Fa\u00e7ade setzt sich mit seinen L\u00f6sungen aus Mineralwerkstoff f\u00fcr eine nachhaltigere Bauweise ein: umweltfreundliche Materialien, Reduzierung des CO2-Fu\u00dfabdrucks, Wiederverwertbarkeit und Energieeffizienz im Dienste einer verantwortungsbewussten Fassade.\" \/>\n<meta property=\"og:url\" content=\"https:\/\/carea-facade.com\/de\/engagement-fuer-die-umwelt\/\" \/>\n<meta property=\"og:site_name\" content=\"Carea facade\" \/>\n<meta property=\"article:modified_time\" content=\"2026-02-25T08:11:46+00:00\" \/>\n<meta name=\"twitter:card\" content=\"summary_large_image\" \/>\n<meta name=\"twitter:label1\" content=\"Gesch\u00e4tzte Lesezeit\" \/>\n\t<meta name=\"twitter:data1\" content=\"1\u00a0Minute\" \/>\n<script type=\"application\/ld+json\" class=\"yoast-schema-graph\">{\"@context\":\"https:\\\/\\\/schema.org\",\"@graph\":[{\"@type\":\"WebPage\",\"@id\":\"https:\\\/\\\/carea-facade.com\\\/de\\\/engagement-fuer-die-umwelt\\\/\",\"url\":\"https:\\\/\\\/carea-facade.com\\\/de\\\/engagement-fuer-die-umwelt\\\/\",\"name\":\"Carea Fassade Mineralwerkstoff: Umweltverpflichtung\",\"isPartOf\":{\"@id\":\"https:\\\/\\\/carea-facade.com\\\/de\\\/#website\"},\"datePublished\":\"2025-10-01T14:26:35+00:00\",\"dateModified\":\"2026-02-25T08:11:46+00:00\",\"description\":\"CAREA Fa\u00e7ade setzt sich mit seinen L\u00f6sungen aus Mineralwerkstoff f\u00fcr eine nachhaltigere Bauweise ein: umweltfreundliche Materialien, Reduzierung des CO2-Fu\u00dfabdrucks, Wiederverwertbarkeit und Energieeffizienz im Dienste einer verantwortungsbewussten Fassade.\",\"breadcrumb\":{\"@id\":\"https:\\\/\\\/carea-facade.com\\\/de\\\/engagement-fuer-die-umwelt\\\/#breadcrumb\"},\"inLanguage\":\"de\",\"potentialAction\":[{\"@type\":\"ReadAction\",\"target\":[\"https:\\\/\\\/carea-facade.com\\\/de\\\/engagement-fuer-die-umwelt\\\/\"]}]},{\"@type\":\"BreadcrumbList\",\"@id\":\"https:\\\/\\\/carea-facade.com\\\/de\\\/engagement-fuer-die-umwelt\\\/#breadcrumb\",\"itemListElement\":[{\"@type\":\"ListItem\",\"position\":1,\"name\":\"Accueil\",\"item\":\"https:\\\/\\\/carea-facade.com\\\/de\\\/\"},{\"@type\":\"ListItem\",\"position\":2,\"name\":\"Engagement f\u00fcr die Umwelt\"}]},{\"@type\":\"WebSite\",\"@id\":\"https:\\\/\\\/carea-facade.com\\\/de\\\/#website\",\"url\":\"https:\\\/\\\/carea-facade.com\\\/de\\\/\",\"name\":\"Carea facade\",\"description\":\"\",\"publisher\":{\"@id\":\"https:\\\/\\\/carea-facade.com\\\/de\\\/#organization\"},\"potentialAction\":[{\"@type\":\"SearchAction\",\"target\":{\"@type\":\"EntryPoint\",\"urlTemplate\":\"https:\\\/\\\/carea-facade.com\\\/de\\\/?s={search_term_string}\"},\"query-input\":{\"@type\":\"PropertyValueSpecification\",\"valueRequired\":true,\"valueName\":\"search_term_string\"}}],\"inLanguage\":\"de\"},{\"@type\":\"Organization\",\"@id\":\"https:\\\/\\\/carea-facade.com\\\/de\\\/#organization\",\"name\":\"Carea facade\",\"url\":\"https:\\\/\\\/carea-facade.com\\\/de\\\/\",\"logo\":{\"@type\":\"ImageObject\",\"inLanguage\":\"de\",\"@id\":\"https:\\\/\\\/carea-facade.com\\\/de\\\/#\\\/schema\\\/logo\\\/image\\\/\",\"url\":\"https:\\\/\\\/carea-facade.com\\\/wp-content\\\/uploads\\\/2025\\\/10\\\/logo-carea.svg\",\"contentUrl\":\"https:\\\/\\\/carea-facade.com\\\/wp-content\\\/uploads\\\/2025\\\/10\\\/logo-carea.svg\",\"width\":131,\"height\":95,\"caption\":\"Carea facade\"},\"image\":{\"@id\":\"https:\\\/\\\/carea-facade.com\\\/de\\\/#\\\/schema\\\/logo\\\/image\\\/\"}}]}<\/script>\n<!-- \/ Yoast SEO plugin. -->","yoast_head_json":{"title":"Carea Fassade Mineralwerkstoff: Umweltverpflichtung","description":"CAREA Fa\u00e7ade setzt sich mit seinen L\u00f6sungen aus Mineralwerkstoff f\u00fcr eine nachhaltigere Bauweise ein: umweltfreundliche Materialien, Reduzierung des CO2-Fu\u00dfabdrucks, Wiederverwertbarkeit und Energieeffizienz im Dienste einer verantwortungsbewussten Fassade.","robots":{"index":"index","follow":"follow","max-snippet":"max-snippet:-1","max-image-preview":"max-image-preview:large","max-video-preview":"max-video-preview:-1"},"canonical":"https:\/\/carea-facade.com\/de\/engagement-fuer-die-umwelt\/","og_locale":"de_DE","og_type":"article","og_title":"Carea Fassade Mineralwerkstoff: Umweltverpflichtung","og_description":"CAREA Fa\u00e7ade setzt sich mit seinen L\u00f6sungen aus Mineralwerkstoff f\u00fcr eine nachhaltigere Bauweise ein: umweltfreundliche Materialien, Reduzierung des CO2-Fu\u00dfabdrucks, Wiederverwertbarkeit und Energieeffizienz im Dienste einer verantwortungsbewussten Fassade.","og_url":"https:\/\/carea-facade.com\/de\/engagement-fuer-die-umwelt\/","og_site_name":"Carea facade","article_modified_time":"2026-02-25T08:11:46+00:00","twitter_card":"summary_large_image","twitter_misc":{"Gesch\u00e4tzte Lesezeit":"1\u00a0Minute"},"schema":{"@context":"https:\/\/schema.org","@graph":[{"@type":"WebPage","@id":"https:\/\/carea-facade.com\/de\/engagement-fuer-die-umwelt\/","url":"https:\/\/carea-facade.com\/de\/engagement-fuer-die-umwelt\/","name":"Carea Fassade Mineralwerkstoff: Umweltverpflichtung","isPartOf":{"@id":"https:\/\/carea-facade.com\/de\/#website"},"datePublished":"2025-10-01T14:26:35+00:00","dateModified":"2026-02-25T08:11:46+00:00","description":"CAREA Fa\u00e7ade setzt sich mit seinen L\u00f6sungen aus Mineralwerkstoff f\u00fcr eine nachhaltigere Bauweise ein: umweltfreundliche Materialien, Reduzierung des CO2-Fu\u00dfabdrucks, Wiederverwertbarkeit und Energieeffizienz im Dienste einer verantwortungsbewussten Fassade.","breadcrumb":{"@id":"https:\/\/carea-facade.com\/de\/engagement-fuer-die-umwelt\/#breadcrumb"},"inLanguage":"de","potentialAction":[{"@type":"ReadAction","target":["https:\/\/carea-facade.com\/de\/engagement-fuer-die-umwelt\/"]}]},{"@type":"BreadcrumbList","@id":"https:\/\/carea-facade.com\/de\/engagement-fuer-die-umwelt\/#breadcrumb","itemListElement":[{"@type":"ListItem","position":1,"name":"Accueil","item":"https:\/\/carea-facade.com\/de\/"},{"@type":"ListItem","position":2,"name":"Engagement f\u00fcr die Umwelt"}]},{"@type":"WebSite","@id":"https:\/\/carea-facade.com\/de\/#website","url":"https:\/\/carea-facade.com\/de\/","name":"Carea facade","description":"","publisher":{"@id":"https:\/\/carea-facade.com\/de\/#organization"},"potentialAction":[{"@type":"SearchAction","target":{"@type":"EntryPoint","urlTemplate":"https:\/\/carea-facade.com\/de\/?s={search_term_string}"},"query-input":{"@type":"PropertyValueSpecification","valueRequired":true,"valueName":"search_term_string"}}],"inLanguage":"de"},{"@type":"Organization","@id":"https:\/\/carea-facade.com\/de\/#organization","name":"Carea facade","url":"https:\/\/carea-facade.com\/de\/","logo":{"@type":"ImageObject","inLanguage":"de","@id":"https:\/\/carea-facade.com\/de\/#\/schema\/logo\/image\/","url":"https:\/\/carea-facade.com\/wp-content\/uploads\/2025\/10\/logo-carea.svg","contentUrl":"https:\/\/carea-facade.com\/wp-content\/uploads\/2025\/10\/logo-carea.svg","width":131,"height":95,"caption":"Carea facade"},"image":{"@id":"https:\/\/carea-facade.com\/de\/#\/schema\/logo\/image\/"}}]}},"_links":{"self":[{"href":"https:\/\/carea-facade.com\/de\/wp-json\/wp\/v2\/pages\/8697","targetHints":{"allow":["GET"]}}],"collection":[{"href":"https:\/\/carea-facade.com\/de\/wp-json\/wp\/v2\/pages"}],"about":[{"href":"https:\/\/carea-facade.com\/de\/wp-json\/wp\/v2\/types\/page"}],"author":[{"embeddable":true,"href":"https:\/\/carea-facade.com\/de\/wp-json\/wp\/v2\/users\/3"}],"replies":[{"embeddable":true,"href":"https:\/\/carea-facade.com\/de\/wp-json\/wp\/v2\/comments?post=8697"}],"version-history":[{"count":14,"href":"https:\/\/carea-facade.com\/de\/wp-json\/wp\/v2\/pages\/8697\/revisions"}],"predecessor-version":[{"id":23879,"href":"https:\/\/carea-facade.com\/de\/wp-json\/wp\/v2\/pages\/8697\/revisions\/23879"}],"wp:attachment":[{"href":"https:\/\/carea-facade.com\/de\/wp-json\/wp\/v2\/media?parent=8697"}],"curies":[{"name":"wp","href":"https:\/\/api.w.org\/{rel}","templated":true}]}}