{"id":8715,"date":"2025-10-01T16:26:36","date_gmt":"2025-10-01T14:26:36","guid":{"rendered":"https:\/\/carea-facade.com\/bim-nach-carea\/"},"modified":"2026-02-25T09:11:55","modified_gmt":"2026-02-25T08:11:55","slug":"bim-aus-sicht-von-carea","status":"publish","type":"page","link":"https:\/\/carea-facade.com\/de\/technik\/bim-aus-sicht-von-carea\/","title":{"rendered":"BIM aus Sicht von CAREA"},"content":{"rendered":"\n<div class=\"wp-block-group has-global-padding is-layout-constrained wp-container-core-group-is-layout-3bb13389 wp-block-group-is-layout-constrained\" style=\"padding-top:var(--wp--preset--spacing--theme-default);padding-right:var(--wp--preset--spacing--theme-xs);padding-bottom:var(--wp--preset--spacing--theme-default);padding-left:var(--wp--preset--spacing--theme-xs)\">\n<div class=\"wp-block-group content-content-group is-vertical is-layout-flex wp-container-core-group-is-layout-d309df8e wp-block-group-is-layout-flex\">\n<h1 class=\"wp-block-heading has-text-align-left has-black-color has-text-color\" style=\"margin-bottom:40px;font-style:normal;font-weight:500;text-transform:uppercase\">BIM aus Sicht von CAREA<\/h1>\n\n\n\n<h2 class=\"wp-block-heading wp-embed-aspect-16-9 wp-has-aspect-ratio\">Die Grundlagen<\/h2>\n\n\n\n<h3 class=\"wp-block-heading wp-embed-aspect-16-9 wp-has-aspect-ratio\">BIM und digitale Modelle nicht verwechseln<\/h3>\n\n\n\n<p class=\"wp-embed-aspect-16-9 wp-has-aspect-ratio\"><strong><br\/>BIM<\/strong> entstand aus dem Wunsch von Bauunternehmen und Softwareherstellern, die 3D- und Attributm\u00f6glichkeiten des Computers zu nutzen, um den Bed\u00fcrfnissen des Bausektors gerecht zu werden.<\/p>\n\n\n\n<p class=\"wp-embed-aspect-16-9 wp-has-aspect-ratio\">Es ist schwierig, eine allgemeing\u00fcltige Definition von BIM (Building Information Modeling) zu finden. BIM ist in erster Linie eine Arbeitsmethode, die auf die Erstellung von parametrischen digitalen 3D-Modellen angewendet wird, die gef\u00fcllte und strukturierte Daten enthalten. <\/p>\n\n\n\n<p class=\"wp-embed-aspect-16-9 wp-has-aspect-ratio\">Das Ziel der Arbeit mit BIM ist die Optimierung des Informationsaustausches w\u00e4hrend der gesamten Lebensdauer eines Geb\u00e4udes oder einer Infrastruktur, von der Planung bis zum R\u00fcckbau.<\/p>\n\n\n\n<p class=\"wp-embed-aspect-16-9 wp-has-aspect-ratio\"><strong>Das digitale Modell<\/strong> ist ein Werkzeug zur digitalen Darstellung der physischen und funktionalen Eigenschaften eines Geb\u00e4udes oder einer Infrastruktur.<\/p>\n\n\n\n<p class=\"wp-embed-aspect-16-9 wp-has-aspect-ratio\">W\u00e4hrend eines gemeinschaftlichen Projekts arbeiten die Beteiligten an der Entwicklung ihrer jeweiligen Modelle, die dann zusammen das digitale Modell des Projekts bilden.<\/p>\n\n\n\n<p class=\"wp-embed-aspect-16-9 wp-has-aspect-ratio\"><em>BIM in 5 Minuten Video, pr\u00e4sentiert von <a href=\"https:\/\/buildingsmartfrance-mediaconstruct.fr\/\" target=\"_blank\" rel=\"noreferrer noopener\">buildingSMART France<\/a>:<\/em><\/p>\n\n\n\n<figure class=\"wp-block-embed is-type-rich is-provider-prise-en-charge-des-contenus-embarqu-s wp-block-embed-prise-en-charge-des-contenus-embarqu-s\"><div class=\"wp-block-embed__wrapper\">\n<iframe loading=\"lazy\" title=\"openBIM expliqu\u00e9 en moins de 5 min en fran\u00e7ais\" width=\"500\" height=\"281\" src=\"https:\/\/www.youtube.com\/embed\/t3ECK4U0QeI?feature=oembed\" frameborder=\"0\" allow=\"accelerometer; autoplay; clipboard-write; encrypted-media; gyroscope; picture-in-picture; web-share\" referrerpolicy=\"strict-origin-when-cross-origin\" allowfullscreen><\/iframe>\n<\/div><\/figure>\n\n\n\n<h3 class=\"wp-block-heading wp-embed-aspect-16-9 wp-has-aspect-ratio\">BIM-Ebenen und Detailebenen<\/h3>\n\n\n\n<p class=\"wp-embed-aspect-16-9 wp-has-aspect-ratio\"><strong>Die BIM-Ebenen<\/strong> erm\u00f6glichen die Klassifizierung des Nutzungsgrades durch einen Bauakteur.<br\/>Es wird allgemein akzeptiert, dass :<\/p>\n\n\n\n<ul class=\"wp-block-list wp-embed-aspect-16-9 wp-has-aspect-ratio\">\n<li>in 2D spricht man von <strong>Ebene 0<\/strong>,<\/li>\n\n\n\n<li>in einfachem 3D, <strong>Level 1A<\/strong>,<\/li>\n\n\n\n<li>in 3D + Attribute der <strong>Stufe 1B<\/strong>,<\/li>\n\n\n\n<li>in kollaborativem 3D der <strong>Stufe 2.<\/strong><\/li>\n<\/ul>\n\n\n\n<p class=\"wp-embed-aspect-16-9 wp-has-aspect-ratio\"><strong>Der LoD (Level of Details)<\/strong> dient zur Klassifizierung der Darstellungsqualit\u00e4t eines digitalen 3D-Objekts.<br\/>In der Planungsphase variiert der LOD je nach Attribut- und Geometriedetails:<\/p>\n\n\n\n<ul class=\"wp-block-list wp-embed-aspect-16-9 wp-has-aspect-ratio\">\n<li><strong>LoD 100<\/strong>: Vereinfachte Darstellung eines Objekts (Betriebsphase: Skizze und APS),<\/li>\n\n\n\n<li><strong>LoD 200<\/strong>: Verbesserte Darstellung eines Objekts (Betriebsphase: APD und PRO),<\/li>\n\n\n\n<li><strong>LoD 300<\/strong>: endg\u00fcltige Darstellung eines Objekts + technische Attribute (Betriebsphase: EXE).<\/li>\n<\/ul>\n\n\n\n<figure class=\"wp-block-image size-large is-resized\"><img loading=\"lazy\" decoding=\"async\" width=\"1024\" height=\"629\" src=\"https:\/\/carea-facade.com\/wp-content\/uploads\/2025\/09\/Image-principale-1024x629.png\" alt=\"Hauptbild\" class=\"wp-image-2297\" style=\"width:800px\" srcset=\"https:\/\/carea-facade.com\/wp-content\/uploads\/2025\/09\/Image-principale-1024x629.png 1024w, https:\/\/carea-facade.com\/wp-content\/uploads\/2025\/09\/Image-principale-300x184.png 300w, https:\/\/carea-facade.com\/wp-content\/uploads\/2025\/09\/Image-principale-768x472.png 768w, https:\/\/carea-facade.com\/wp-content\/uploads\/2025\/09\/Image-principale-1536x944.png 1536w, https:\/\/carea-facade.com\/wp-content\/uploads\/2025\/09\/Image-principale.png 2006w\" sizes=\"auto, (max-width: 1024px) 100vw, 1024px\" \/><\/figure>\n\n\n\n<h2 class=\"wp-block-heading wp-embed-aspect-16-9 wp-has-aspect-ratio\">BIM-Downloads<\/h2>\n\n\n\n<figure class=\"wp-block-image size-large is-resized\"><img loading=\"lazy\" decoding=\"async\" width=\"1024\" height=\"685\" src=\"https:\/\/carea-facade.com\/wp-content\/uploads\/2025\/09\/Bim-1024x685.jpg\" alt=\"BIM\" class=\"wp-image-2304\" style=\"width:820px\" srcset=\"https:\/\/carea-facade.com\/wp-content\/uploads\/2025\/09\/Bim-1024x685.jpg 1024w, https:\/\/carea-facade.com\/wp-content\/uploads\/2025\/09\/Bim-300x201.jpg 300w, https:\/\/carea-facade.com\/wp-content\/uploads\/2025\/09\/Bim-768x513.jpg 768w, https:\/\/carea-facade.com\/wp-content\/uploads\/2025\/09\/Bim-1536x1027.jpg 1536w, https:\/\/carea-facade.com\/wp-content\/uploads\/2025\/09\/Bim.jpg 1587w\" sizes=\"auto, (max-width: 1024px) 100vw, 1024px\" \/><\/figure>\n\n\n\n<h3 class=\"wp-block-heading wp-embed-aspect-16-9 wp-has-aspect-ratio\">BIM-Objekte Level 0 &#8211; &#8222;2D&#8220;.<\/h3>\n\n\n\n<ul class=\"wp-block-list wp-embed-aspect-16-9 wp-has-aspect-ratio\">\n<li><strong>Notre biblioth\u00e8que de textures<\/strong>&nbsp;:\n<ul class=\"wp-block-list\">\n<li><a href=\"https:\/\/carea-facade.com\/wp-content\/uploads\/2025\/10\/carea-textures-3d-rainure-insert.zip\" target=\"_blank\" rel=\"noreferrer noopener\">Gerillte Verkleidungen und integrierte Hinterschnittankern (412 MB)<\/a><\/li>\n\n\n\n<li><a href=\"https:\/\/carea-facade.com\/wp-content\/uploads\/2025\/10\/carea-textures-3d-emboitement.zip\" target=\"_blank\" rel=\"noreferrer noopener\">Verkleidungen in Steckmontage (984 Mo)<\/a><\/li>\n<\/ul>\n<\/li>\n\n\n\n<li><strong>Notre base de plans<\/strong>&nbsp;:\n<ul class=\"wp-block-list\">\n<li><a href=\"https:\/\/carea-facade.com\/wp-content\/uploads\/2022\/10\/Schemas-details-techniques-carea.zip\">Technische Prinzippl\u00e4ne (Systeme und Details in PDF)<\/a><\/li>\n\n\n\n<li><a href=\"https:\/\/carea-facade.com\/wp-content\/uploads\/2022\/04\/Carea-Facade-Cahier-technique-FR-202205-bd.pdf\">Technisches Merkblatt<\/a><\/li>\n<\/ul>\n<\/li>\n<\/ul>\n\n\n\n<h3 class=\"wp-block-heading wp-embed-aspect-16-9 wp-has-aspect-ratio\">BIM-Objekte Level 1 &#8211; &#8222;3D&#8220;.<\/h3>\n\n\n\n<ul class=\"wp-block-list wp-embed-aspect-16-9 wp-has-aspect-ratio\">\n<li><a href=\"https:\/\/carea-facade.com\/de\/downloads\/zugang-zu-bim-objekten-und-3d-farbtoenen\/\">Zugang zum Download von 3D-Texturen, Zeichnungen und BIM-Objekten (DWG-, IFC-, Revit-, Rhino- und SketchUp-Formate)<\/a><\/li>\n<\/ul>\n\n\n\n<p class=\"wp-embed-aspect-16-9 wp-has-aspect-ratio\">Fehlt Ihnen ein Gegenstand? Eine Bemerkung? <\/p>\n\n\n\n<div class=\"wp-block-buttons is-layout-flex wp-block-buttons-is-layout-flex\">\n<div class=\"wp-block-button\"><a class=\"wp-block-button__link wp-element-button\" href=\"https:\/\/carea-facade.com\/de\/kontakt\/\">Kontaktieren Sie uns<\/a><\/div>\n<\/div>\n\n\n\n<h2 class=\"wp-block-heading wp-embed-aspect-16-9 wp-has-aspect-ratio\">Unsere Vorgehensweise, um Ihren Herausforderungen gerecht zu werden<\/h2>\n\n\n\n<figure class=\"wp-block-image size-full\"><img loading=\"lazy\" decoding=\"async\" width=\"800\" height=\"441\" src=\"https:\/\/carea-facade.com\/wp-content\/uploads\/2025\/09\/Animation-BIM-Carea-facade-v4b.gif\" alt=\"BIM-Animation Carea facade v4b\" class=\"wp-image-2303\"\/><\/figure>\n\n\n\n<p class=\"wp-embed-aspect-16-9 wp-has-aspect-ratio\">Die digitale Innovation, die durch BIM vorangetrieben wird, erm\u00f6glicht es heute, die Einschr\u00e4nkungen des Gel\u00e4ndes bereits bei der Planung eines Projekts zu ber\u00fccksichtigen. Es ist klar, dass sich Ihre Bed\u00fcrfnisse von der Skizze bis zur Erstellung der Ausschreibungsunterlagen unterscheiden. Als Lieferant ist es f\u00fcr CAREA Ehrensache, die Bauplaner in jeder Phase des Projekts zu unterst\u00fctzen. In diesem Sinne haben wir uns f\u00fcr BIM ge\u00f6ffnet, um unsere Datenbank nach den heute anerkannten BIM-Klassifikationen zu sequenzieren.   <\/p>\n\n\n\n<p class=\"wp-embed-aspect-16-9 wp-has-aspect-ratio\">Haben Sie eine Frage zu diesem Ansatz?<\/p>\n\n\n\n<div class=\"wp-block-buttons is-layout-flex wp-block-buttons-is-layout-flex\">\n<div class=\"wp-block-button\"><a class=\"wp-block-button__link wp-element-button\" href=\"https:\/\/carea-facade.com\/de\/kontakt\/\">Kontaktieren Sie uns<\/a><\/div>\n<\/div>\n\n\n\n<h2 class=\"wp-block-heading wp-embed-aspect-16-9 wp-has-aspect-ratio\">Verweise<\/h2>\n\n\n\n<p class=\"wp-embed-aspect-16-9 wp-has-aspect-ratio\"><a href=\"https:\/\/carea-facade.com\/fr\/la-technique\/la-reglementation-produits-de-facade-bardage\/\">Zugang zu Informationen \u00fcber Gesetze<\/a><\/p>\n\n\n\n<p class=\"wp-embed-aspect-16-9 wp-has-aspect-ratio\"><a href=\"https:\/\/carea-facade.com\/de\/downloads\/\">Zugang zu technischen Dokumentationen<\/a><\/p>\n<\/div>\n<\/div>\n","protected":false},"excerpt":{"rendered":"<p>BIM aus Sicht von CAREA Die Grundlagen BIM und digitale Modelle nicht verwechseln BIM entstand aus dem Wunsch von Bauunternehmen und Softwareherstellern, die 3D- und Attributm\u00f6glichkeiten des Computers zu nutzen, um den Bed\u00fcrfnissen des Bausektors gerecht zu werden. Es ist schwierig, eine allgemeing\u00fcltige Definition von BIM (Building Information Modeling) zu finden. BIM ist in erster [&hellip;]<\/p>\n","protected":false},"author":3,"featured_media":14753,"parent":8779,"menu_order":7,"comment_status":"open","ping_status":"closed","template":"","meta":{"_acf_changed":false,"footnotes":""},"class_list":["post-8715","page","type-page","status-publish","has-post-thumbnail","hentry"],"acf":[],"yoast_head":"<!-- This site is optimized with the Yoast SEO plugin v26.9 - https:\/\/yoast.com\/product\/yoast-seo-wordpress\/ -->\n<title>BIM und digitale Modelle nicht verwechseln - Carea Fassade<\/title>\n<meta name=\"description\" content=\"CAREA FACADE - Verwechseln Sie BIM (Building Information Modeling) nicht mit einem digitalen Modell. Erkl\u00e4rungen von einem Fachmann und Experten f\u00fcr Fassaden.\" \/>\n<meta name=\"robots\" content=\"index, follow, max-snippet:-1, max-image-preview:large, max-video-preview:-1\" \/>\n<link rel=\"canonical\" href=\"https:\/\/carea-facade.com\/de\/technik\/bim-aus-sicht-von-carea\/\" \/>\n<meta property=\"og:locale\" content=\"de_DE\" \/>\n<meta property=\"og:type\" content=\"article\" \/>\n<meta property=\"og:title\" content=\"BIM und digitale Modelle nicht verwechseln - Carea Fassade\" \/>\n<meta property=\"og:description\" content=\"CAREA FACADE - Verwechseln Sie BIM (Building Information Modeling) nicht mit einem digitalen Modell. Erkl\u00e4rungen von einem Fachmann und Experten f\u00fcr Fassaden.\" \/>\n<meta property=\"og:url\" content=\"https:\/\/carea-facade.com\/de\/technik\/bim-aus-sicht-von-carea\/\" \/>\n<meta property=\"og:site_name\" content=\"Carea facade\" \/>\n<meta property=\"article:modified_time\" content=\"2026-02-25T08:11:55+00:00\" \/>\n<meta property=\"og:image\" content=\"https:\/\/carea-facade.com\/wp-content\/uploads\/2025\/09\/1.jpg\" \/>\n\t<meta property=\"og:image:width\" content=\"1280\" \/>\n\t<meta property=\"og:image:height\" content=\"720\" \/>\n\t<meta property=\"og:image:type\" content=\"image\/jpeg\" \/>\n<meta name=\"twitter:card\" content=\"summary_large_image\" \/>\n<meta name=\"twitter:label1\" content=\"Gesch\u00e4tzte Lesezeit\" \/>\n\t<meta name=\"twitter:data1\" content=\"2 Minuten\" \/>\n<script type=\"application\/ld+json\" class=\"yoast-schema-graph\">{\"@context\":\"https:\/\/schema.org\",\"@graph\":[{\"@type\":\"WebPage\",\"@id\":\"https:\/\/carea-facade.com\/de\/technik\/bim-aus-sicht-von-carea\/\",\"url\":\"https:\/\/carea-facade.com\/de\/technik\/bim-aus-sicht-von-carea\/\",\"name\":\"BIM und digitale Modelle nicht verwechseln - Carea Fassade\",\"isPartOf\":{\"@id\":\"https:\/\/carea-facade.com\/de\/#website\"},\"primaryImageOfPage\":{\"@id\":\"https:\/\/carea-facade.com\/de\/technik\/bim-aus-sicht-von-carea\/#primaryimage\"},\"image\":{\"@id\":\"https:\/\/carea-facade.com\/de\/technik\/bim-aus-sicht-von-carea\/#primaryimage\"},\"thumbnailUrl\":\"https:\/\/carea-facade.com\/wp-content\/uploads\/2025\/09\/1.jpg\",\"datePublished\":\"2025-10-01T14:26:36+00:00\",\"dateModified\":\"2026-02-25T08:11:55+00:00\",\"description\":\"CAREA FACADE - Verwechseln Sie BIM (Building Information Modeling) nicht mit einem digitalen Modell. Erkl\u00e4rungen von einem Fachmann und Experten f\u00fcr Fassaden.\",\"breadcrumb\":{\"@id\":\"https:\/\/carea-facade.com\/de\/technik\/bim-aus-sicht-von-carea\/#breadcrumb\"},\"inLanguage\":\"de\",\"potentialAction\":[{\"@type\":\"ReadAction\",\"target\":[\"https:\/\/carea-facade.com\/de\/technik\/bim-aus-sicht-von-carea\/\"]}]},{\"@type\":\"ImageObject\",\"inLanguage\":\"de\",\"@id\":\"https:\/\/carea-facade.com\/de\/technik\/bim-aus-sicht-von-carea\/#primaryimage\",\"url\":\"https:\/\/carea-facade.com\/wp-content\/uploads\/2025\/09\/1.jpg\",\"contentUrl\":\"https:\/\/carea-facade.com\/wp-content\/uploads\/2025\/09\/1.jpg\",\"width\":1280,\"height\":720},{\"@type\":\"BreadcrumbList\",\"@id\":\"https:\/\/carea-facade.com\/de\/technik\/bim-aus-sicht-von-carea\/#breadcrumb\",\"itemListElement\":[{\"@type\":\"ListItem\",\"position\":1,\"name\":\"Accueil\",\"item\":\"https:\/\/carea-facade.com\/de\/\"},{\"@type\":\"ListItem\",\"position\":2,\"name\":\"Technik\",\"item\":\"https:\/\/carea-facade.com\/de\/technik\/\"},{\"@type\":\"ListItem\",\"position\":3,\"name\":\"BIM aus Sicht von CAREA\"}]},{\"@type\":\"WebSite\",\"@id\":\"https:\/\/carea-facade.com\/de\/#website\",\"url\":\"https:\/\/carea-facade.com\/de\/\",\"name\":\"Carea facade\",\"description\":\"\",\"publisher\":{\"@id\":\"https:\/\/carea-facade.com\/de\/#organization\"},\"potentialAction\":[{\"@type\":\"SearchAction\",\"target\":{\"@type\":\"EntryPoint\",\"urlTemplate\":\"https:\/\/carea-facade.com\/de\/?s={search_term_string}\"},\"query-input\":{\"@type\":\"PropertyValueSpecification\",\"valueRequired\":true,\"valueName\":\"search_term_string\"}}],\"inLanguage\":\"de\"},{\"@type\":\"Organization\",\"@id\":\"https:\/\/carea-facade.com\/de\/#organization\",\"name\":\"Carea facade\",\"url\":\"https:\/\/carea-facade.com\/de\/\",\"logo\":{\"@type\":\"ImageObject\",\"inLanguage\":\"de\",\"@id\":\"https:\/\/carea-facade.com\/de\/#\/schema\/logo\/image\/\",\"url\":\"https:\/\/carea-facade.com\/wp-content\/uploads\/2025\/10\/logo-carea.svg\",\"contentUrl\":\"https:\/\/carea-facade.com\/wp-content\/uploads\/2025\/10\/logo-carea.svg\",\"width\":131,\"height\":95,\"caption\":\"Carea facade\"},\"image\":{\"@id\":\"https:\/\/carea-facade.com\/de\/#\/schema\/logo\/image\/\"}}]}<\/script>\n<!-- \/ Yoast SEO plugin. -->","yoast_head_json":{"title":"BIM und digitale Modelle nicht verwechseln - Carea Fassade","description":"CAREA FACADE - Verwechseln Sie BIM (Building Information Modeling) nicht mit einem digitalen Modell. Erkl\u00e4rungen von einem Fachmann und Experten f\u00fcr Fassaden.","robots":{"index":"index","follow":"follow","max-snippet":"max-snippet:-1","max-image-preview":"max-image-preview:large","max-video-preview":"max-video-preview:-1"},"canonical":"https:\/\/carea-facade.com\/de\/technik\/bim-aus-sicht-von-carea\/","og_locale":"de_DE","og_type":"article","og_title":"BIM und digitale Modelle nicht verwechseln - Carea Fassade","og_description":"CAREA FACADE - Verwechseln Sie BIM (Building Information Modeling) nicht mit einem digitalen Modell. Erkl\u00e4rungen von einem Fachmann und Experten f\u00fcr Fassaden.","og_url":"https:\/\/carea-facade.com\/de\/technik\/bim-aus-sicht-von-carea\/","og_site_name":"Carea facade","article_modified_time":"2026-02-25T08:11:55+00:00","og_image":[{"width":1280,"height":720,"url":"https:\/\/carea-facade.com\/wp-content\/uploads\/2025\/09\/1.jpg","type":"image\/jpeg"}],"twitter_card":"summary_large_image","twitter_misc":{"Gesch\u00e4tzte Lesezeit":"2 Minuten"},"schema":{"@context":"https:\/\/schema.org","@graph":[{"@type":"WebPage","@id":"https:\/\/carea-facade.com\/de\/technik\/bim-aus-sicht-von-carea\/","url":"https:\/\/carea-facade.com\/de\/technik\/bim-aus-sicht-von-carea\/","name":"BIM und digitale Modelle nicht verwechseln - Carea Fassade","isPartOf":{"@id":"https:\/\/carea-facade.com\/de\/#website"},"primaryImageOfPage":{"@id":"https:\/\/carea-facade.com\/de\/technik\/bim-aus-sicht-von-carea\/#primaryimage"},"image":{"@id":"https:\/\/carea-facade.com\/de\/technik\/bim-aus-sicht-von-carea\/#primaryimage"},"thumbnailUrl":"https:\/\/carea-facade.com\/wp-content\/uploads\/2025\/09\/1.jpg","datePublished":"2025-10-01T14:26:36+00:00","dateModified":"2026-02-25T08:11:55+00:00","description":"CAREA FACADE - Verwechseln Sie BIM (Building Information Modeling) nicht mit einem digitalen Modell. Erkl\u00e4rungen von einem Fachmann und Experten f\u00fcr Fassaden.","breadcrumb":{"@id":"https:\/\/carea-facade.com\/de\/technik\/bim-aus-sicht-von-carea\/#breadcrumb"},"inLanguage":"de","potentialAction":[{"@type":"ReadAction","target":["https:\/\/carea-facade.com\/de\/technik\/bim-aus-sicht-von-carea\/"]}]},{"@type":"ImageObject","inLanguage":"de","@id":"https:\/\/carea-facade.com\/de\/technik\/bim-aus-sicht-von-carea\/#primaryimage","url":"https:\/\/carea-facade.com\/wp-content\/uploads\/2025\/09\/1.jpg","contentUrl":"https:\/\/carea-facade.com\/wp-content\/uploads\/2025\/09\/1.jpg","width":1280,"height":720},{"@type":"BreadcrumbList","@id":"https:\/\/carea-facade.com\/de\/technik\/bim-aus-sicht-von-carea\/#breadcrumb","itemListElement":[{"@type":"ListItem","position":1,"name":"Accueil","item":"https:\/\/carea-facade.com\/de\/"},{"@type":"ListItem","position":2,"name":"Technik","item":"https:\/\/carea-facade.com\/de\/technik\/"},{"@type":"ListItem","position":3,"name":"BIM aus Sicht von CAREA"}]},{"@type":"WebSite","@id":"https:\/\/carea-facade.com\/de\/#website","url":"https:\/\/carea-facade.com\/de\/","name":"Carea facade","description":"","publisher":{"@id":"https:\/\/carea-facade.com\/de\/#organization"},"potentialAction":[{"@type":"SearchAction","target":{"@type":"EntryPoint","urlTemplate":"https:\/\/carea-facade.com\/de\/?s={search_term_string}"},"query-input":{"@type":"PropertyValueSpecification","valueRequired":true,"valueName":"search_term_string"}}],"inLanguage":"de"},{"@type":"Organization","@id":"https:\/\/carea-facade.com\/de\/#organization","name":"Carea facade","url":"https:\/\/carea-facade.com\/de\/","logo":{"@type":"ImageObject","inLanguage":"de","@id":"https:\/\/carea-facade.com\/de\/#\/schema\/logo\/image\/","url":"https:\/\/carea-facade.com\/wp-content\/uploads\/2025\/10\/logo-carea.svg","contentUrl":"https:\/\/carea-facade.com\/wp-content\/uploads\/2025\/10\/logo-carea.svg","width":131,"height":95,"caption":"Carea facade"},"image":{"@id":"https:\/\/carea-facade.com\/de\/#\/schema\/logo\/image\/"}}]}},"_links":{"self":[{"href":"https:\/\/carea-facade.com\/de\/wp-json\/wp\/v2\/pages\/8715","targetHints":{"allow":["GET"]}}],"collection":[{"href":"https:\/\/carea-facade.com\/de\/wp-json\/wp\/v2\/pages"}],"about":[{"href":"https:\/\/carea-facade.com\/de\/wp-json\/wp\/v2\/types\/page"}],"author":[{"embeddable":true,"href":"https:\/\/carea-facade.com\/de\/wp-json\/wp\/v2\/users\/3"}],"replies":[{"embeddable":true,"href":"https:\/\/carea-facade.com\/de\/wp-json\/wp\/v2\/comments?post=8715"}],"version-history":[{"count":15,"href":"https:\/\/carea-facade.com\/de\/wp-json\/wp\/v2\/pages\/8715\/revisions"}],"predecessor-version":[{"id":23896,"href":"https:\/\/carea-facade.com\/de\/wp-json\/wp\/v2\/pages\/8715\/revisions\/23896"}],"up":[{"embeddable":true,"href":"https:\/\/carea-facade.com\/de\/wp-json\/wp\/v2\/pages\/8779"}],"wp:featuredmedia":[{"embeddable":true,"href":"https:\/\/carea-facade.com\/de\/wp-json\/wp\/v2\/media\/14753"}],"wp:attachment":[{"href":"https:\/\/carea-facade.com\/de\/wp-json\/wp\/v2\/media?parent=8715"}],"curies":[{"name":"wp","href":"https:\/\/api.w.org\/{rel}","templated":true}]}}