{"id":8814,"date":"2025-10-01T16:26:36","date_gmt":"2025-10-01T14:26:36","guid":{"rendered":"https:\/\/carea-facade.com\/rechtliche-hinweise\/"},"modified":"2026-01-21T15:12:27","modified_gmt":"2026-01-21T14:12:27","slug":"rechtliche-hinweise","status":"publish","type":"page","link":"https:\/\/carea-facade.com\/de\/rechtliche-hinweise\/","title":{"rendered":"Rechtliche Hinweise"},"content":{"rendered":"\n<div class=\"wp-block-group has-global-padding is-layout-constrained wp-block-group-is-layout-constrained\" style=\"padding-top:var(--wp--preset--spacing--theme-m);padding-bottom:var(--wp--preset--spacing--theme-default)\">\n<div class=\"wp-block-group is-vertical is-layout-flex wp-container-core-group-is-layout-d309df8e wp-block-group-is-layout-flex\">\n<h1 class=\"wp-block-heading\">Rechtliche Hinweise<\/h1>\n\n\n\n<h3 class=\"wp-block-heading\">Herausgeber<\/h3>\n\n\n\n<p>Die vorliegende Website <a href=\"https:\/\/carea-facade.com\/fr\/\">carea-facade.com\/de<\/a> wird von der Firma CAREA Fa\u00e7ade SAS (SIRET n\u00b033408975200102) mit Sitz in ZA Bel-Air-de-Combr\u00e9e &#8211; Combr\u00e9e &#8211; 49520 Ombr\u00e9e-d&#8217;Anjou herausgegeben.<\/p>\n\n\n\n<p>Leiter der Ver\u00f6ffentlichung: Thierry LEVERRIER<\/p>\n\n\n\n<h3 class=\"wp-block-heading\">Kredit<\/h3>\n\n\n\n<p>Gestaltung &amp; Umsetzung<br\/><a href=\"https:\/\/customr.fr\/\" target=\"_blank\" rel=\"noreferrer noopener\">Agence customR<\/a>, 5 quai Ja\u00ffr, 69009 Lyon<\/p>\n\n\n\n<h3 class=\"wp-block-heading\">Host<\/h3>\n\n\n\n<p>Diese Website wird von der Firma IKOULA &#8211; 175-177 rue d&#8217;Aguesseau &#8211; 92100 Boulogne Billancourt &#8211; Frankreich gehostet.<\/p>\n\n\n\n<p>CAREA Fa\u00e7ade bem\u00fcht sich nach besten Kr\u00e4ften, die Richtigkeit und Aktualit\u00e4t der auf dieser Website ver\u00f6ffentlichten Informationen sowie den Zugang zu diesen Informationen zu gew\u00e4hrleisten. CAREA Fa\u00e7ade lehnt jedoch jede Haftung ab: <\/p>\n\n\n\n<ul class=\"wp-block-list\">\n<li>f\u00fcr jede Unterbrechung der Website ;<\/li>\n\n\n\n<li>Auftreten von Bugs ;<\/li>\n\n\n\n<li>f\u00fcr Ungenauigkeiten oder Auslassungen in Bezug auf die auf der Website verf\u00fcgbaren Informationen;<\/li>\n\n\n\n<li>f\u00fcr Sch\u00e4den, die aus einem betr\u00fcgerischen Eindringen Dritter resultieren, das zu einer \u00c4nderung der auf dieser Website ver\u00f6ffentlichten Informationen gef\u00fchrt hat;<\/li>\n\n\n\n<li>und ganz allgemein f\u00fcr alle direkten und indirekten Sch\u00e4den, unabh\u00e4ngig von Ursache, Ursprung, Art oder Folgen, einschlie\u00dflich, aber nicht beschr\u00e4nkt auf die Kosten, die durch den Erwerb von auf der Website angebotenen G\u00fctern entstehen k\u00f6nnen, weil jemand auf die Website zugreift oder nicht darauf zugreifen kann oder weil einer Information, die direkt oder indirekt von der Website stammt, Glauben geschenkt wurde.<\/li>\n<\/ul>\n\n\n\n<h3 class=\"wp-block-heading\">Schutz von pers\u00f6nlichen Daten<\/h3>\n\n\n\n<p>Die Firma CAREA Fa\u00e7ade verpflichtet sich, die Vertraulichkeit der vom Internetnutzer online bereitgestellten Informationen zu wahren. Alle pers\u00f6nlichen Informationen, die der Internetnutzer der Firma CAREA Fa\u00e7ade f\u00fcr die Nutzung bestimmter Dienstleistungen \u00fcbermittelt, unterliegen den Bestimmungen des Gesetzes Nr. 78-17 Informatique et Libert\u00e9s vom 6. Januar 1978. In diesem Zusammenhang hat der Internetnutzer ein Recht auf Zugang, Berichtigung und L\u00f6schung seiner pers\u00f6nlichen Informationen, das er jederzeit aus\u00fcben kann, indem er einen Brief an die folgende Adresse schickt:  <\/p>\n\n\n\n<p>Soci\u00e9t\u00e9 CAREA Fa\u00e7ade &#8211; Protection des donn\u00e9es personnelles &#8211; 23 ZAC Burospace &#8211; 91 573 BI\u00c8VRES CEDEX oder per E-Mail: rgpd @ carea-facade.com (entfernen Sie die beiden Leerzeichen, um die E-Mail-Adresse g\u00fcltig zu machen).<\/p>\n\n\n\n<h3 class=\"wp-block-heading\">Zweck der Sammlung<\/h3>\n\n\n\n<p>CAREA Fa\u00e7ade kann Sie um pers\u00f6nliche Informationen bitten, die f\u00fcr die administrative und kommerzielle Verwaltung ben\u00f6tigt werden:<\/p>\n\n\n\n<ul class=\"wp-block-list\">\n<li>wenn Sie sich f\u00fcr unseren Newsletter anmelden;<\/li>\n\n\n\n<li>wenn Sie uns eine Bewerbung vorlegen;<\/li>\n\n\n\n<li>wenn Sie an einem Spiel, einem Wettbewerb oder einer Umfrage teilnehmen.<\/li>\n\n\n\n<li>wenn Sie \u00fcber eines unserer Formulare Kontakt aufnehmen.<\/li>\n<\/ul>\n\n\n\n<p>In \u00dcbereinstimmung mit den gesetzlichen Verpflichtungen speichern wir diese Daten f\u00fcr einen begrenzten Zeitraum, der in einem angemessenen Verh\u00e4ltnis zu den Zwecken steht, f\u00fcr die Sie sie uns mitgeteilt haben. So werden Daten, die im Rahmen der Registrierung f\u00fcr den Newsletter \u00fcbermittelt werden, bis zur Abmeldung des Nutzers gespeichert. Daten, die f\u00fcr Online-Bestellungen \u00fcbermittelt werden, werden nicht l\u00e4nger als 5 Jahre aufbewahrt.  <\/p>\n\n\n\n<p>Die gesammelten Daten werden ausschlie\u00dflich von CAREA Fa\u00e7ade verwendet.<\/p>\n\n\n\n<h3 class=\"wp-block-heading\">Rechte an geistigem Eigentum<\/h3>\n\n\n\n<p>Alle Elemente auf der Website und die Website selbst sind durch das Urheberrecht, Markenrecht, Geschmacksmusterrecht und\/oder jedes andere geltende Gesetz gesch\u00fctzt. Diese Elemente sind Eigentum der Gesellschaft CAREA Fa\u00e7ade oder werden mit Zustimmung von Dritten verwendet, die CAREA Fa\u00e7ade die Erlaubnis zur Nutzung erteilt haben. Sie d\u00fcrfen nur f\u00fcr private, pers\u00f6nliche und nicht kommerzielle Zwecke verwendet werden. Ihre Nutzung muss au\u00dferdem mit Respekt vor den abgebildeten Elementen erfolgen. So d\u00fcrfen keine Ver\u00e4nderungen oder Abwandlungen jeglicher Art vorgenommen werden. Jede Nutzung zu anderen als den oben genannten Zwecken bedarf der vorherigen schriftlichen Genehmigung der Firma Carea Fa\u00e7ade. Die Nutzung des Inhalts der Website im Widerspruch zu diesen Vorschriften gilt als F\u00e4lschung im Sinne des Gesetzes \u00fcber geistiges Eigentum.      <\/p>\n\n\n\n<h3 class=\"wp-block-heading\">Links<\/h3>\n\n\n\n<p>Diese Website kann Links zu anderen Websites enthalten. Da CAREA Fa\u00e7ade diese Websites und externen Quellen nicht kontrollieren kann, kann CAREA Fa\u00e7ade nicht f\u00fcr Probleme mit dem Zugang oder dem Inhalt dieser Websites haftbar gemacht werden. Au\u00dferdem beh\u00e4lt sich CAREA Fa\u00e7ade das Recht vor, alle Arten von einfachen oder tiefen Hypertext-Links und Verweisen zuzulassen.  <\/p>\n<\/div>\n<\/div>\n","protected":false},"excerpt":{"rendered":"<p>Rechtliche Hinweise Herausgeber Die vorliegende Website carea-facade.com\/de wird von der Firma CAREA Fa\u00e7ade SAS (SIRET n\u00b033408975200102) mit Sitz in ZA Bel-Air-de-Combr\u00e9e &#8211; Combr\u00e9e &#8211; 49520 Ombr\u00e9e-d&#8217;Anjou herausgegeben. Leiter der Ver\u00f6ffentlichung: Thierry LEVERRIER Kredit Gestaltung &amp; UmsetzungAgence customR, 5 quai Ja\u00ffr, 69009 Lyon Host Diese Website wird von der Firma IKOULA &#8211; 175-177 rue d&#8217;Aguesseau &#8211; [&hellip;]<\/p>\n","protected":false},"author":3,"featured_media":0,"parent":0,"menu_order":88,"comment_status":"open","ping_status":"open","template":"","meta":{"_acf_changed":false,"footnotes":""},"class_list":["post-8814","page","type-page","status-publish","hentry"],"acf":[],"yoast_head":"<!-- This site is optimized with the Yoast SEO plugin v27.5 - https:\/\/yoast.com\/product\/yoast-seo-wordpress\/ -->\n<title>Rechtliche Hinweise - Carea facade<\/title>\n<meta name=\"robots\" content=\"noindex, follow\" \/>\n<meta property=\"og:locale\" content=\"de_DE\" \/>\n<meta property=\"og:type\" content=\"article\" \/>\n<meta property=\"og:title\" content=\"Rechtliche Hinweise - Carea facade\" \/>\n<meta property=\"og:description\" content=\"Rechtliche Hinweise Herausgeber Die vorliegende Website carea-facade.com\/de wird von der Firma CAREA Fa\u00e7ade SAS (SIRET n\u00b033408975200102) mit Sitz in ZA Bel-Air-de-Combr\u00e9e &#8211; Combr\u00e9e &#8211; 49520 Ombr\u00e9e-d&#8217;Anjou herausgegeben. Leiter der Ver\u00f6ffentlichung: Thierry LEVERRIER Kredit Gestaltung &amp; UmsetzungAgence customR, 5 quai Ja\u00ffr, 69009 Lyon Host Diese Website wird von der Firma IKOULA &#8211; 175-177 rue d&#8217;Aguesseau &#8211; [&hellip;]\" \/>\n<meta property=\"og:url\" content=\"https:\/\/carea-facade.com\/de\/rechtliche-hinweise\/\" \/>\n<meta property=\"og:site_name\" content=\"Carea facade\" \/>\n<meta property=\"article:modified_time\" content=\"2026-01-21T14:12:27+00:00\" \/>\n<meta name=\"twitter:card\" content=\"summary_large_image\" \/>\n<meta name=\"twitter:label1\" content=\"Gesch\u00e4tzte Lesezeit\" \/>\n\t<meta name=\"twitter:data1\" content=\"9 Minuten\" \/>\n<script type=\"application\/ld+json\" class=\"yoast-schema-graph\">{\"@context\":\"https:\\\/\\\/schema.org\",\"@graph\":[{\"@type\":\"WebPage\",\"@id\":\"https:\\\/\\\/carea-facade.com\\\/de\\\/rechtliche-hinweise\\\/\",\"url\":\"https:\\\/\\\/carea-facade.com\\\/de\\\/rechtliche-hinweise\\\/\",\"name\":\"Rechtliche Hinweise - Carea facade\",\"isPartOf\":{\"@id\":\"https:\\\/\\\/carea-facade.com\\\/de\\\/#website\"},\"datePublished\":\"2025-10-01T14:26:36+00:00\",\"dateModified\":\"2026-01-21T14:12:27+00:00\",\"breadcrumb\":{\"@id\":\"https:\\\/\\\/carea-facade.com\\\/de\\\/rechtliche-hinweise\\\/#breadcrumb\"},\"inLanguage\":\"de\",\"potentialAction\":[{\"@type\":\"ReadAction\",\"target\":[\"https:\\\/\\\/carea-facade.com\\\/de\\\/rechtliche-hinweise\\\/\"]}]},{\"@type\":\"BreadcrumbList\",\"@id\":\"https:\\\/\\\/carea-facade.com\\\/de\\\/rechtliche-hinweise\\\/#breadcrumb\",\"itemListElement\":[{\"@type\":\"ListItem\",\"position\":1,\"name\":\"Accueil\",\"item\":\"https:\\\/\\\/carea-facade.com\\\/de\\\/\"},{\"@type\":\"ListItem\",\"position\":2,\"name\":\"Rechtliche Hinweise\"}]},{\"@type\":\"WebSite\",\"@id\":\"https:\\\/\\\/carea-facade.com\\\/de\\\/#website\",\"url\":\"https:\\\/\\\/carea-facade.com\\\/de\\\/\",\"name\":\"Carea facade\",\"description\":\"\",\"publisher\":{\"@id\":\"https:\\\/\\\/carea-facade.com\\\/de\\\/#organization\"},\"potentialAction\":[{\"@type\":\"SearchAction\",\"target\":{\"@type\":\"EntryPoint\",\"urlTemplate\":\"https:\\\/\\\/carea-facade.com\\\/de\\\/?s={search_term_string}\"},\"query-input\":{\"@type\":\"PropertyValueSpecification\",\"valueRequired\":true,\"valueName\":\"search_term_string\"}}],\"inLanguage\":\"de\"},{\"@type\":\"Organization\",\"@id\":\"https:\\\/\\\/carea-facade.com\\\/de\\\/#organization\",\"name\":\"Carea facade\",\"url\":\"https:\\\/\\\/carea-facade.com\\\/de\\\/\",\"logo\":{\"@type\":\"ImageObject\",\"inLanguage\":\"de\",\"@id\":\"https:\\\/\\\/carea-facade.com\\\/de\\\/#\\\/schema\\\/logo\\\/image\\\/\",\"url\":\"https:\\\/\\\/carea-facade.com\\\/wp-content\\\/uploads\\\/2025\\\/10\\\/logo-carea.svg\",\"contentUrl\":\"https:\\\/\\\/carea-facade.com\\\/wp-content\\\/uploads\\\/2025\\\/10\\\/logo-carea.svg\",\"width\":131,\"height\":95,\"caption\":\"Carea facade\"},\"image\":{\"@id\":\"https:\\\/\\\/carea-facade.com\\\/de\\\/#\\\/schema\\\/logo\\\/image\\\/\"}}]}<\/script>\n<!-- \/ Yoast SEO plugin. -->","yoast_head_json":{"title":"Rechtliche Hinweise - Carea facade","robots":{"index":"noindex","follow":"follow"},"og_locale":"de_DE","og_type":"article","og_title":"Rechtliche Hinweise - Carea facade","og_description":"Rechtliche Hinweise Herausgeber Die vorliegende Website carea-facade.com\/de wird von der Firma CAREA Fa\u00e7ade SAS (SIRET n\u00b033408975200102) mit Sitz in ZA Bel-Air-de-Combr\u00e9e &#8211; Combr\u00e9e &#8211; 49520 Ombr\u00e9e-d&#8217;Anjou herausgegeben. Leiter der Ver\u00f6ffentlichung: Thierry LEVERRIER Kredit Gestaltung &amp; UmsetzungAgence customR, 5 quai Ja\u00ffr, 69009 Lyon Host Diese Website wird von der Firma IKOULA &#8211; 175-177 rue d&#8217;Aguesseau &#8211; [&hellip;]","og_url":"https:\/\/carea-facade.com\/de\/rechtliche-hinweise\/","og_site_name":"Carea facade","article_modified_time":"2026-01-21T14:12:27+00:00","twitter_card":"summary_large_image","twitter_misc":{"Gesch\u00e4tzte Lesezeit":"9 Minuten"},"schema":{"@context":"https:\/\/schema.org","@graph":[{"@type":"WebPage","@id":"https:\/\/carea-facade.com\/de\/rechtliche-hinweise\/","url":"https:\/\/carea-facade.com\/de\/rechtliche-hinweise\/","name":"Rechtliche Hinweise - Carea facade","isPartOf":{"@id":"https:\/\/carea-facade.com\/de\/#website"},"datePublished":"2025-10-01T14:26:36+00:00","dateModified":"2026-01-21T14:12:27+00:00","breadcrumb":{"@id":"https:\/\/carea-facade.com\/de\/rechtliche-hinweise\/#breadcrumb"},"inLanguage":"de","potentialAction":[{"@type":"ReadAction","target":["https:\/\/carea-facade.com\/de\/rechtliche-hinweise\/"]}]},{"@type":"BreadcrumbList","@id":"https:\/\/carea-facade.com\/de\/rechtliche-hinweise\/#breadcrumb","itemListElement":[{"@type":"ListItem","position":1,"name":"Accueil","item":"https:\/\/carea-facade.com\/de\/"},{"@type":"ListItem","position":2,"name":"Rechtliche Hinweise"}]},{"@type":"WebSite","@id":"https:\/\/carea-facade.com\/de\/#website","url":"https:\/\/carea-facade.com\/de\/","name":"Carea facade","description":"","publisher":{"@id":"https:\/\/carea-facade.com\/de\/#organization"},"potentialAction":[{"@type":"SearchAction","target":{"@type":"EntryPoint","urlTemplate":"https:\/\/carea-facade.com\/de\/?s={search_term_string}"},"query-input":{"@type":"PropertyValueSpecification","valueRequired":true,"valueName":"search_term_string"}}],"inLanguage":"de"},{"@type":"Organization","@id":"https:\/\/carea-facade.com\/de\/#organization","name":"Carea facade","url":"https:\/\/carea-facade.com\/de\/","logo":{"@type":"ImageObject","inLanguage":"de","@id":"https:\/\/carea-facade.com\/de\/#\/schema\/logo\/image\/","url":"https:\/\/carea-facade.com\/wp-content\/uploads\/2025\/10\/logo-carea.svg","contentUrl":"https:\/\/carea-facade.com\/wp-content\/uploads\/2025\/10\/logo-carea.svg","width":131,"height":95,"caption":"Carea facade"},"image":{"@id":"https:\/\/carea-facade.com\/de\/#\/schema\/logo\/image\/"}}]}},"_links":{"self":[{"href":"https:\/\/carea-facade.com\/de\/wp-json\/wp\/v2\/pages\/8814","targetHints":{"allow":["GET"]}}],"collection":[{"href":"https:\/\/carea-facade.com\/de\/wp-json\/wp\/v2\/pages"}],"about":[{"href":"https:\/\/carea-facade.com\/de\/wp-json\/wp\/v2\/types\/page"}],"author":[{"embeddable":true,"href":"https:\/\/carea-facade.com\/de\/wp-json\/wp\/v2\/users\/3"}],"replies":[{"embeddable":true,"href":"https:\/\/carea-facade.com\/de\/wp-json\/wp\/v2\/comments?post=8814"}],"version-history":[{"count":7,"href":"https:\/\/carea-facade.com\/de\/wp-json\/wp\/v2\/pages\/8814\/revisions"}],"predecessor-version":[{"id":23177,"href":"https:\/\/carea-facade.com\/de\/wp-json\/wp\/v2\/pages\/8814\/revisions\/23177"}],"wp:attachment":[{"href":"https:\/\/carea-facade.com\/de\/wp-json\/wp\/v2\/media?parent=8814"}],"curies":[{"name":"wp","href":"https:\/\/api.w.org\/{rel}","templated":true}]}}