{"id":8817,"date":"2025-10-01T16:26:36","date_gmt":"2025-10-01T14:26:36","guid":{"rendered":"https:\/\/carea-facade.com\/technik\/unterbauten\/"},"modified":"2026-02-25T09:11:55","modified_gmt":"2026-02-25T08:11:55","slug":"sockel","status":"publish","type":"page","link":"https:\/\/carea-facade.com\/de\/technik\/sockel\/","title":{"rendered":"Sockel"},"content":{"rendered":"\n<div class=\"wp-block-group has-global-padding is-layout-constrained wp-container-core-group-is-layout-3bb13389 wp-block-group-is-layout-constrained\" style=\"padding-top:var(--wp--preset--spacing--theme-default);padding-right:var(--wp--preset--spacing--theme-xs);padding-bottom:var(--wp--preset--spacing--theme-default);padding-left:var(--wp--preset--spacing--theme-xs)\">\n<div class=\"wp-block-group content-content-group is-vertical is-layout-flex wp-container-core-group-is-layout-d309df8e wp-block-group-is-layout-flex\">\n<h1 class=\"wp-block-heading has-text-align-left has-black-color has-text-color\" style=\"margin-bottom:40px;font-style:normal;font-weight:500;text-transform:uppercase\">Sockel<\/h1>\n\n\n\n<p class=\"wp-embed-aspect-16-9 wp-has-aspect-ratio\"><sup>CAREA\u00ae<\/sup> Mineralwerkstoff ist aufgrund seiner starken und porenfreien mineralischen Natur ideal f\u00fcr Sockel von Geb\u00e4uden.<\/p>\n\n\n\n<h2 class=\"wp-block-heading wp-embed-aspect-16-9 wp-has-aspect-ratio\">Risiken<\/h2>\n\n\n\n<p class=\"wp-embed-aspect-16-9 wp-has-aspect-ratio\">Die Erdgeschosse von Geb\u00e4uden (Wohnh\u00e4user, \u00f6ffentliche und private Dienstleistungsbetriebe, Gesch\u00e4fte, Schulen, &#8230;) sind regelm\u00e4\u00dfig verschiedenen Angriffen ausgesetzt, die zu Besch\u00e4digungen f\u00fchren:<\/p>\n\n\n\n<ul class=\"wp-block-list wp-embed-aspect-16-9 wp-has-aspect-ratio\">\n<li>Vandalismus<\/li>\n\n\n\n<li>Graffiti<\/li>\n\n\n\n<li>Spielplatz<\/li>\n\n\n\n<li>Verkehrszone<\/li>\n\n\n\n<li>Verschmutzung<\/li>\n<\/ul>\n\n\n\n<p class=\"wp-embed-aspect-16-9 wp-has-aspect-ratio\">Diese Sch\u00e4den f\u00fchren zu einer Abwertung der Immobilie, zu Risiken f\u00fcr die Bewohner und zu h\u00f6heren Wartungs- und Instandhaltungskosten.<\/p>\n\n\n\n<figure class=\"wp-block-image size-full is-resized\"><img decoding=\"async\" src=\"https:\/\/carea-facade.com\/wp-content\/uploads\/2025\/09\/DALL&#xB7;E-2023-09-13-13.37.50-une-personne-qui-tag-a-la-bombe-une-facade-urbaine.png\" alt=\"Tag, Verschlechterung\" class=\"wp-image-2197\" style=\"width:425px\"\/><\/figure>\n\n\n\n<p class=\"wp-embed-aspect-16-9 wp-has-aspect-ratio\" id=\"solutions-carea\">Die Erdgeschosse erfordern daher eine spezifische Antwort:<\/p>\n\n\n\n<ul class=\"wp-block-list wp-embed-aspect-16-9 wp-has-aspect-ratio\">\n<li>Widerstandsf\u00e4hig<\/li>\n\n\n\n<li>Dauerhaft<\/li>\n\n\n\n<li>Sicher<\/li>\n\n\n\n<li>Einfache Wartung<\/li>\n<\/ul>\n\n\n\n<h2 class=\"wp-block-heading wp-embed-aspect-16-9 wp-has-aspect-ratio\">Die Regulierung<\/h2>\n\n\n\n<p class=\"wp-embed-aspect-16-9 wp-has-aspect-ratio\">Zwei allgemeine Dokumente, Referenzen des CSTB, helfen den Bauherren und Planern, die Leistungen des Bauwerks in den schriftlichen Unterlagen zu definieren.<\/p>\n\n\n\n<p class=\"wp-embed-aspect-16-9 wp-has-aspect-ratio\">Sie definieren :<\/p>\n\n\n\n<ul class=\"wp-block-list wp-embed-aspect-16-9 wp-has-aspect-ratio\">\n<li>Die Modalit\u00e4ten f\u00fcr die Bewertung der Leistung von Verkleidungen, Verbundbekleidungen und Au\u00dfenverkleidungen: <strong>CPT 3534 des CSTB<\/strong>.<\/li>\n\n\n\n<li>Die Anforderungen an die zu erreichende Leistung in Abh\u00e4ngigkeit von der Exposition des Geb\u00e4udes (Spielplatz, Verkehrsbereich, &#8230;): <strong>CPT 3546 des CSTB<\/strong>.<\/li>\n<\/ul>\n\n\n\n<figure class=\"wp-block-gallery has-nested-images columns-default is-cropped wp-block-gallery-1 is-layout-flex wp-block-gallery-is-layout-flex\">\n<figure class=\"wp-block-image size-large\"><img loading=\"lazy\" decoding=\"async\" width=\"1024\" height=\"768\" data-id=\"5608\" src=\"https:\/\/carea-facade.com\/wp-content\/uploads\/2025\/09\/ecole-albert-camus-villiers-sur-marne-94-23-1024x768.jpg\" alt=\"ecole albert camus villiers sur marne 94 23\" class=\"wp-image-5608\" srcset=\"https:\/\/carea-facade.com\/wp-content\/uploads\/2025\/09\/ecole-albert-camus-villiers-sur-marne-94-23-1024x768.jpg 1024w, https:\/\/carea-facade.com\/wp-content\/uploads\/2025\/09\/ecole-albert-camus-villiers-sur-marne-94-23-300x225.jpg 300w, https:\/\/carea-facade.com\/wp-content\/uploads\/2025\/09\/ecole-albert-camus-villiers-sur-marne-94-23-768x576.jpg 768w, https:\/\/carea-facade.com\/wp-content\/uploads\/2025\/09\/ecole-albert-camus-villiers-sur-marne-94-23-1536x1152.jpg 1536w, https:\/\/carea-facade.com\/wp-content\/uploads\/2025\/09\/ecole-albert-camus-villiers-sur-marne-94-23.jpg 2048w\" sizes=\"auto, (max-width: 1024px) 100vw, 1024px\" \/><\/figure>\n\n\n\n<figure class=\"wp-block-image size-large\"><img loading=\"lazy\" decoding=\"async\" width=\"768\" height=\"1024\" data-id=\"5563\" src=\"https:\/\/carea-facade.com\/wp-content\/uploads\/2025\/09\/75-PARIS-TOURS-DES-JEUNES-MARIES-ART-RHO-5-768x1024.jpg\" alt=\"75 PARIS TOURS DES JEUNES MARIES ART RHO 5 scaled\" class=\"wp-image-5563\" srcset=\"https:\/\/carea-facade.com\/wp-content\/uploads\/2025\/09\/75-PARIS-TOURS-DES-JEUNES-MARIES-ART-RHO-5-768x1024.jpg 768w, https:\/\/carea-facade.com\/wp-content\/uploads\/2025\/09\/75-PARIS-TOURS-DES-JEUNES-MARIES-ART-RHO-5-225x300.jpg 225w, https:\/\/carea-facade.com\/wp-content\/uploads\/2025\/09\/75-PARIS-TOURS-DES-JEUNES-MARIES-ART-RHO-5-1152x1536.jpg 1152w, https:\/\/carea-facade.com\/wp-content\/uploads\/2025\/09\/75-PARIS-TOURS-DES-JEUNES-MARIES-ART-RHO-5-1536x2048.jpg 1536w, https:\/\/carea-facade.com\/wp-content\/uploads\/2025\/09\/75-PARIS-TOURS-DES-JEUNES-MARIES-ART-RHO-5-scaled.jpg 1920w\" sizes=\"auto, (max-width: 768px) 100vw, 768px\" \/><\/figure>\n\n\n\n<figure class=\"wp-block-image size-large\"><img loading=\"lazy\" decoding=\"async\" width=\"1024\" height=\"768\" data-id=\"5306\" src=\"https:\/\/carea-facade.com\/wp-content\/uploads\/2025\/09\/79_Theatre-NIORT_AQUI-LISSE-1-1024x768.jpg\" alt=\"79 Theatre NIORT AQUI MATT 1 scaled\" class=\"wp-image-5306\" srcset=\"https:\/\/carea-facade.com\/wp-content\/uploads\/2025\/09\/79_Theatre-NIORT_AQUI-LISSE-1-1024x768.jpg 1024w, https:\/\/carea-facade.com\/wp-content\/uploads\/2025\/09\/79_Theatre-NIORT_AQUI-LISSE-1-300x225.jpg 300w, https:\/\/carea-facade.com\/wp-content\/uploads\/2025\/09\/79_Theatre-NIORT_AQUI-LISSE-1-768x576.jpg 768w, https:\/\/carea-facade.com\/wp-content\/uploads\/2025\/09\/79_Theatre-NIORT_AQUI-LISSE-1-1536x1152.jpg 1536w, https:\/\/carea-facade.com\/wp-content\/uploads\/2025\/09\/79_Theatre-NIORT_AQUI-LISSE-1-2048x1536.jpg 2048w\" sizes=\"auto, (max-width: 1024px) 100vw, 1024px\" \/><\/figure>\n<\/figure>\n\n\n\n<h2 class=\"wp-block-heading wp-embed-aspect-16-9 wp-has-aspect-ratio\">Die <sup>CAREA\u00ae-L\u00f6sungen<\/sup><\/h2>\n\n\n\n<p class=\"wp-embed-aspect-16-9 wp-has-aspect-ratio\"><sup>CAREA\u00ae<\/sup> Verkleidungen werden aus einem einzigartigen und exklusiven Material hergestellt: <strong><a href=\"https:\/\/carea-facade.com\/fr\/bardage-parement-facade-mineral-composite\/\">Mineralisch.<\/a><\/strong>Dieses Material eignet sich hervorragend f\u00fcr die Verwendung als Sockel.<\/p>\n\n\n\n<ul class=\"wp-block-list wp-embed-aspect-16-9 wp-has-aspect-ratio\">\n<li><strong>Nicht por\u00f6s, von Natur aus Anti-Graffiti und schmutzabweisend<\/strong><\/li>\n\n\n\n<li><strong>Hochgradig sto\u00dffest<\/strong><\/li>\n\n\n\n<li><strong>Q4-Produktlinien f\u00fcr Sockel: angepasste St\u00e4rken, Glasfaserverst\u00e4rkung<\/strong><\/li>\n\n\n\n<li><strong>Standard-Installationsl\u00f6sungen: keine Verst\u00e4rkung der prim\u00e4ren Unterkonstruktion oder zus\u00e4tzliches Zubeh\u00f6r erforderlich<\/strong><\/li>\n\n\n\n<li><strong>Verdeckte Befestigungen bei allen Systemen: keine ungewollte Demontage m\u00f6glich<\/strong><\/li>\n\n\n\n<li><strong>Ma\u00dfgeschneiderte Verkleidungen und Kurvenformen sind m\u00f6glich.<\/strong><\/li>\n\n\n\n<li><strong>Die wirtschaftliche L\u00f6sung f\u00fcr Verkleidungen mit Unterkonstruktion (BAO) und f\u00fcr Verkleidungen ohne Unterkonstruktion (BSO).<\/strong><\/li>\n<\/ul>\n<\/div>\n\n\n\n<figure class=\"wp-block-embed is-type-rich is-provider-prise-en-charge-des-contenus-embarqu-s wp-block-embed-prise-en-charge-des-contenus-embarqu-s\"><div class=\"wp-block-embed__wrapper\">\n<iframe loading=\"lazy\" title=\"CAREA\u00ae - la fa\u00e7ade min\u00e9rale r\u00e9sistante et durable\" width=\"500\" height=\"281\" src=\"https:\/\/www.youtube.com\/embed\/L3nhxYBdmvU?feature=oembed\" frameborder=\"0\" allow=\"accelerometer; autoplay; clipboard-write; encrypted-media; gyroscope; picture-in-picture; web-share\" referrerpolicy=\"strict-origin-when-cross-origin\" allowfullscreen><\/iframe>\n<\/div><\/figure>\n<\/div>\n","protected":false},"excerpt":{"rendered":"<p>Sockel CAREA\u00ae Mineralwerkstoff ist aufgrund seiner starken und porenfreien mineralischen Natur ideal f\u00fcr Sockel von Geb\u00e4uden. Risiken Die Erdgeschosse von Geb\u00e4uden (Wohnh\u00e4user, \u00f6ffentliche und private Dienstleistungsbetriebe, Gesch\u00e4fte, Schulen, &#8230;) sind regelm\u00e4\u00dfig verschiedenen Angriffen ausgesetzt, die zu Besch\u00e4digungen f\u00fchren: Diese Sch\u00e4den f\u00fchren zu einer Abwertung der Immobilie, zu Risiken f\u00fcr die Bewohner und zu h\u00f6heren Wartungs- [&hellip;]<\/p>\n","protected":false},"author":3,"featured_media":14653,"parent":8779,"menu_order":5,"comment_status":"open","ping_status":"closed","template":"","meta":{"_acf_changed":false,"footnotes":""},"class_list":["post-8817","page","type-page","status-publish","has-post-thumbnail","hentry"],"acf":[],"yoast_head":"<!-- This site is optimized with the Yoast SEO plugin v27.5 - https:\/\/yoast.com\/product\/yoast-seo-wordpress\/ -->\n<title>Geb\u00e4udesockel: Welche Verkleidungen f\u00fcr Fassaden und Verkleidungen sind zu verwenden?<\/title>\n<meta name=\"description\" content=\"CAREA FACADE - Welche Verkleidungen und Fassadenverkleidungen k\u00f6nnen f\u00fcr Sockel von Geb\u00e4uden verwendet werden? Risiken (Graffiti, Vandalismus...), Vorschriften, L\u00f6sungen.\" \/>\n<meta name=\"robots\" content=\"index, follow, max-snippet:-1, max-image-preview:large, max-video-preview:-1\" \/>\n<link rel=\"canonical\" href=\"https:\/\/carea-facade.com\/de\/technik\/sockel\/\" \/>\n<meta property=\"og:locale\" content=\"de_DE\" \/>\n<meta property=\"og:type\" content=\"article\" \/>\n<meta property=\"og:title\" content=\"Geb\u00e4udesockel: Welche Verkleidungen f\u00fcr Fassaden und Verkleidungen sind zu verwenden?\" \/>\n<meta property=\"og:description\" content=\"CAREA FACADE - Welche Verkleidungen und Fassadenverkleidungen k\u00f6nnen f\u00fcr Sockel von Geb\u00e4uden verwendet werden? Risiken (Graffiti, Vandalismus...), Vorschriften, L\u00f6sungen.\" \/>\n<meta property=\"og:url\" content=\"https:\/\/carea-facade.com\/de\/technik\/sockel\/\" \/>\n<meta property=\"og:site_name\" content=\"Carea facade\" \/>\n<meta property=\"article:modified_time\" content=\"2026-02-25T08:11:55+00:00\" \/>\n<meta property=\"og:image\" content=\"https:\/\/carea-facade.com\/wp-content\/uploads\/2025\/09\/real1.jpg\" \/>\n\t<meta property=\"og:image:width\" content=\"1096\" \/>\n\t<meta property=\"og:image:height\" content=\"606\" \/>\n\t<meta property=\"og:image:type\" content=\"image\/jpeg\" \/>\n<meta name=\"twitter:card\" content=\"summary_large_image\" \/>\n<meta name=\"twitter:label1\" content=\"Gesch\u00e4tzte Lesezeit\" \/>\n\t<meta name=\"twitter:data1\" content=\"1\u00a0Minute\" \/>\n<script type=\"application\/ld+json\" class=\"yoast-schema-graph\">{\"@context\":\"https:\\\/\\\/schema.org\",\"@graph\":[{\"@type\":\"WebPage\",\"@id\":\"https:\\\/\\\/carea-facade.com\\\/de\\\/technik\\\/sockel\\\/\",\"url\":\"https:\\\/\\\/carea-facade.com\\\/de\\\/technik\\\/sockel\\\/\",\"name\":\"Geb\u00e4udesockel: Welche Verkleidungen f\u00fcr Fassaden und Verkleidungen sind zu verwenden?\",\"isPartOf\":{\"@id\":\"https:\\\/\\\/carea-facade.com\\\/de\\\/#website\"},\"primaryImageOfPage\":{\"@id\":\"https:\\\/\\\/carea-facade.com\\\/de\\\/technik\\\/sockel\\\/#primaryimage\"},\"image\":{\"@id\":\"https:\\\/\\\/carea-facade.com\\\/de\\\/technik\\\/sockel\\\/#primaryimage\"},\"thumbnailUrl\":\"https:\\\/\\\/carea-facade.com\\\/wp-content\\\/uploads\\\/2025\\\/09\\\/real1.jpg\",\"datePublished\":\"2025-10-01T14:26:36+00:00\",\"dateModified\":\"2026-02-25T08:11:55+00:00\",\"description\":\"CAREA FACADE - Welche Verkleidungen und Fassadenverkleidungen k\u00f6nnen f\u00fcr Sockel von Geb\u00e4uden verwendet werden? Risiken (Graffiti, Vandalismus...), Vorschriften, L\u00f6sungen.\",\"breadcrumb\":{\"@id\":\"https:\\\/\\\/carea-facade.com\\\/de\\\/technik\\\/sockel\\\/#breadcrumb\"},\"inLanguage\":\"de\",\"potentialAction\":[{\"@type\":\"ReadAction\",\"target\":[\"https:\\\/\\\/carea-facade.com\\\/de\\\/technik\\\/sockel\\\/\"]}]},{\"@type\":\"ImageObject\",\"inLanguage\":\"de\",\"@id\":\"https:\\\/\\\/carea-facade.com\\\/de\\\/technik\\\/sockel\\\/#primaryimage\",\"url\":\"https:\\\/\\\/carea-facade.com\\\/wp-content\\\/uploads\\\/2025\\\/09\\\/real1.jpg\",\"contentUrl\":\"https:\\\/\\\/carea-facade.com\\\/wp-content\\\/uploads\\\/2025\\\/09\\\/real1.jpg\",\"width\":1096,\"height\":606,\"caption\":\"real1\"},{\"@type\":\"BreadcrumbList\",\"@id\":\"https:\\\/\\\/carea-facade.com\\\/de\\\/technik\\\/sockel\\\/#breadcrumb\",\"itemListElement\":[{\"@type\":\"ListItem\",\"position\":1,\"name\":\"Accueil\",\"item\":\"https:\\\/\\\/carea-facade.com\\\/de\\\/\"},{\"@type\":\"ListItem\",\"position\":2,\"name\":\"Technik\",\"item\":\"https:\\\/\\\/carea-facade.com\\\/de\\\/technik\\\/\"},{\"@type\":\"ListItem\",\"position\":3,\"name\":\"Sockel\"}]},{\"@type\":\"WebSite\",\"@id\":\"https:\\\/\\\/carea-facade.com\\\/de\\\/#website\",\"url\":\"https:\\\/\\\/carea-facade.com\\\/de\\\/\",\"name\":\"Carea facade\",\"description\":\"\",\"publisher\":{\"@id\":\"https:\\\/\\\/carea-facade.com\\\/de\\\/#organization\"},\"potentialAction\":[{\"@type\":\"SearchAction\",\"target\":{\"@type\":\"EntryPoint\",\"urlTemplate\":\"https:\\\/\\\/carea-facade.com\\\/de\\\/?s={search_term_string}\"},\"query-input\":{\"@type\":\"PropertyValueSpecification\",\"valueRequired\":true,\"valueName\":\"search_term_string\"}}],\"inLanguage\":\"de\"},{\"@type\":\"Organization\",\"@id\":\"https:\\\/\\\/carea-facade.com\\\/de\\\/#organization\",\"name\":\"Carea facade\",\"url\":\"https:\\\/\\\/carea-facade.com\\\/de\\\/\",\"logo\":{\"@type\":\"ImageObject\",\"inLanguage\":\"de\",\"@id\":\"https:\\\/\\\/carea-facade.com\\\/de\\\/#\\\/schema\\\/logo\\\/image\\\/\",\"url\":\"https:\\\/\\\/carea-facade.com\\\/wp-content\\\/uploads\\\/2025\\\/10\\\/logo-carea.svg\",\"contentUrl\":\"https:\\\/\\\/carea-facade.com\\\/wp-content\\\/uploads\\\/2025\\\/10\\\/logo-carea.svg\",\"width\":131,\"height\":95,\"caption\":\"Carea facade\"},\"image\":{\"@id\":\"https:\\\/\\\/carea-facade.com\\\/de\\\/#\\\/schema\\\/logo\\\/image\\\/\"}}]}<\/script>\n<!-- \/ Yoast SEO plugin. -->","yoast_head_json":{"title":"Geb\u00e4udesockel: Welche Verkleidungen f\u00fcr Fassaden und Verkleidungen sind zu verwenden?","description":"CAREA FACADE - Welche Verkleidungen und Fassadenverkleidungen k\u00f6nnen f\u00fcr Sockel von Geb\u00e4uden verwendet werden? Risiken (Graffiti, Vandalismus...), Vorschriften, L\u00f6sungen.","robots":{"index":"index","follow":"follow","max-snippet":"max-snippet:-1","max-image-preview":"max-image-preview:large","max-video-preview":"max-video-preview:-1"},"canonical":"https:\/\/carea-facade.com\/de\/technik\/sockel\/","og_locale":"de_DE","og_type":"article","og_title":"Geb\u00e4udesockel: Welche Verkleidungen f\u00fcr Fassaden und Verkleidungen sind zu verwenden?","og_description":"CAREA FACADE - Welche Verkleidungen und Fassadenverkleidungen k\u00f6nnen f\u00fcr Sockel von Geb\u00e4uden verwendet werden? Risiken (Graffiti, Vandalismus...), Vorschriften, L\u00f6sungen.","og_url":"https:\/\/carea-facade.com\/de\/technik\/sockel\/","og_site_name":"Carea facade","article_modified_time":"2026-02-25T08:11:55+00:00","og_image":[{"width":1096,"height":606,"url":"https:\/\/carea-facade.com\/wp-content\/uploads\/2025\/09\/real1.jpg","type":"image\/jpeg"}],"twitter_card":"summary_large_image","twitter_misc":{"Gesch\u00e4tzte Lesezeit":"1\u00a0Minute"},"schema":{"@context":"https:\/\/schema.org","@graph":[{"@type":"WebPage","@id":"https:\/\/carea-facade.com\/de\/technik\/sockel\/","url":"https:\/\/carea-facade.com\/de\/technik\/sockel\/","name":"Geb\u00e4udesockel: Welche Verkleidungen f\u00fcr Fassaden und Verkleidungen sind zu verwenden?","isPartOf":{"@id":"https:\/\/carea-facade.com\/de\/#website"},"primaryImageOfPage":{"@id":"https:\/\/carea-facade.com\/de\/technik\/sockel\/#primaryimage"},"image":{"@id":"https:\/\/carea-facade.com\/de\/technik\/sockel\/#primaryimage"},"thumbnailUrl":"https:\/\/carea-facade.com\/wp-content\/uploads\/2025\/09\/real1.jpg","datePublished":"2025-10-01T14:26:36+00:00","dateModified":"2026-02-25T08:11:55+00:00","description":"CAREA FACADE - Welche Verkleidungen und Fassadenverkleidungen k\u00f6nnen f\u00fcr Sockel von Geb\u00e4uden verwendet werden? Risiken (Graffiti, Vandalismus...), Vorschriften, L\u00f6sungen.","breadcrumb":{"@id":"https:\/\/carea-facade.com\/de\/technik\/sockel\/#breadcrumb"},"inLanguage":"de","potentialAction":[{"@type":"ReadAction","target":["https:\/\/carea-facade.com\/de\/technik\/sockel\/"]}]},{"@type":"ImageObject","inLanguage":"de","@id":"https:\/\/carea-facade.com\/de\/technik\/sockel\/#primaryimage","url":"https:\/\/carea-facade.com\/wp-content\/uploads\/2025\/09\/real1.jpg","contentUrl":"https:\/\/carea-facade.com\/wp-content\/uploads\/2025\/09\/real1.jpg","width":1096,"height":606,"caption":"real1"},{"@type":"BreadcrumbList","@id":"https:\/\/carea-facade.com\/de\/technik\/sockel\/#breadcrumb","itemListElement":[{"@type":"ListItem","position":1,"name":"Accueil","item":"https:\/\/carea-facade.com\/de\/"},{"@type":"ListItem","position":2,"name":"Technik","item":"https:\/\/carea-facade.com\/de\/technik\/"},{"@type":"ListItem","position":3,"name":"Sockel"}]},{"@type":"WebSite","@id":"https:\/\/carea-facade.com\/de\/#website","url":"https:\/\/carea-facade.com\/de\/","name":"Carea facade","description":"","publisher":{"@id":"https:\/\/carea-facade.com\/de\/#organization"},"potentialAction":[{"@type":"SearchAction","target":{"@type":"EntryPoint","urlTemplate":"https:\/\/carea-facade.com\/de\/?s={search_term_string}"},"query-input":{"@type":"PropertyValueSpecification","valueRequired":true,"valueName":"search_term_string"}}],"inLanguage":"de"},{"@type":"Organization","@id":"https:\/\/carea-facade.com\/de\/#organization","name":"Carea facade","url":"https:\/\/carea-facade.com\/de\/","logo":{"@type":"ImageObject","inLanguage":"de","@id":"https:\/\/carea-facade.com\/de\/#\/schema\/logo\/image\/","url":"https:\/\/carea-facade.com\/wp-content\/uploads\/2025\/10\/logo-carea.svg","contentUrl":"https:\/\/carea-facade.com\/wp-content\/uploads\/2025\/10\/logo-carea.svg","width":131,"height":95,"caption":"Carea facade"},"image":{"@id":"https:\/\/carea-facade.com\/de\/#\/schema\/logo\/image\/"}}]}},"_links":{"self":[{"href":"https:\/\/carea-facade.com\/de\/wp-json\/wp\/v2\/pages\/8817","targetHints":{"allow":["GET"]}}],"collection":[{"href":"https:\/\/carea-facade.com\/de\/wp-json\/wp\/v2\/pages"}],"about":[{"href":"https:\/\/carea-facade.com\/de\/wp-json\/wp\/v2\/types\/page"}],"author":[{"embeddable":true,"href":"https:\/\/carea-facade.com\/de\/wp-json\/wp\/v2\/users\/3"}],"replies":[{"embeddable":true,"href":"https:\/\/carea-facade.com\/de\/wp-json\/wp\/v2\/comments?post=8817"}],"version-history":[{"count":18,"href":"https:\/\/carea-facade.com\/de\/wp-json\/wp\/v2\/pages\/8817\/revisions"}],"predecessor-version":[{"id":23892,"href":"https:\/\/carea-facade.com\/de\/wp-json\/wp\/v2\/pages\/8817\/revisions\/23892"}],"up":[{"embeddable":true,"href":"https:\/\/carea-facade.com\/de\/wp-json\/wp\/v2\/pages\/8779"}],"wp:featuredmedia":[{"embeddable":true,"href":"https:\/\/carea-facade.com\/de\/wp-json\/wp\/v2\/media\/14653"}],"wp:attachment":[{"href":"https:\/\/carea-facade.com\/de\/wp-json\/wp\/v2\/media?parent=8817"}],"curies":[{"name":"wp","href":"https:\/\/api.w.org\/{rel}","templated":true}]}}