{"id":8842,"date":"2025-10-01T16:26:36","date_gmt":"2025-10-01T14:26:36","guid":{"rendered":"https:\/\/carea-facade.com\/technik\/verlegeunterlage\/"},"modified":"2026-02-25T09:11:02","modified_gmt":"2026-02-25T08:11:02","slug":"verankerungsgruende","status":"publish","type":"page","link":"https:\/\/carea-facade.com\/de\/technik\/verankerungsgruende\/","title":{"rendered":"Verankerungsgr\u00fcnde"},"content":{"rendered":"\n<div class=\"wp-block-group has-global-padding is-layout-constrained wp-container-core-group-is-layout-3bb13389 wp-block-group-is-layout-constrained\" style=\"padding-top:var(--wp--preset--spacing--theme-default);padding-right:var(--wp--preset--spacing--theme-xs);padding-bottom:var(--wp--preset--spacing--theme-default);padding-left:var(--wp--preset--spacing--theme-xs)\">\n<div class=\"wp-block-group content-content-group is-vertical is-layout-flex wp-container-core-group-is-layout-d309df8e wp-block-group-is-layout-flex\">\n<h1 class=\"wp-block-heading has-text-align-left has-black-color has-text-color\" style=\"margin-bottom:40px;font-style:normal;font-weight:500;text-transform:uppercase\">Verankerungsgr\u00fcnde<\/h1>\n\n\n\n<p>In der Baubranche gibt es verschiedene Medien, je nach Typologie und Designw\u00fcnschen des Geb\u00e4udes.<br\/>In Frankreich dominieren drei Medien den Baumarkt. Die <sup>CAREA\u00ae<\/sup> Verkleidungen k\u00f6nnen auf allen g\u00e4ngigen Fassadenkonstruktionen eingesetzt werden.<\/p>\n\n\n\n<h2 class=\"wp-block-heading\">Beton \/ Mauerwerk<\/h2>\n\n\n\n<p><strong>Mauerwerk<\/strong> ist die Kunst, ein Geb\u00e4ude durch das Zusammenf\u00fcgen von elementaren Materialien zu errichten, die durch M\u00f6rtel verbunden sind oder nicht. Es ist die Kunst des <strong>Maurers<\/strong>, aber auch das Ergebnis seiner Arbeit.<\/p>\n\n\n\n<h2 class=\"wp-block-heading\">Die Holzkonstruktionen: Holzkonstruktionen<\/h2>\n\n\n\n<p>Holzbautechnik, die auf der Herstellung eines &#8222;Skeletts&#8220; aus tragenden Holzst\u00e4ndern basiert, zwischen denen die Isolierung (Glaswolle, Steinwolle oder Hanf) angebracht wird. Diese Struktur wird dann au\u00dfen mit Verkleidung versehen.<\/p>\n\n\n\n<h2 class=\"wp-block-heading\">Alternative Medien<\/h2>\n\n\n\n<p>Andere alternative Materialien k\u00f6nnen verwendet werden: <strong>Verkleidungsplatten<\/strong>, <strong>Doppelhautsysteme<\/strong>, <strong>Sandwichpaneele<\/strong>, <strong>Holzrahmenfassaden (FOB)<\/strong>; <a href=\"https:\/\/carea-facade.com\/de\/kontakt\/\">kontaktieren Sie uns<\/a> f\u00fcr weitere Informationen oder wenn Sie ein bestimmtes Projekt haben.<\/p>\n\n\n\n<p>Sie k\u00f6nnen unsere technischen Gutachten f\u00fcr die Details der Systeme <a href=\"https:\/\/carea-facade.com\/de\/downloads\/direkte-downloads\/\">auf dieser Seite<\/a> finden (nach Art der Verkleidung).<\/p>\n\n\n\n<figure class=\"wp-block-image size-large is-resized\"><img loading=\"lazy\" decoding=\"async\" width=\"1024\" height=\"683\" src=\"https:\/\/carea-facade.com\/wp-content\/uploads\/2025\/11\/CAREA-026-1-1024x683.jpg\" alt=\"Samshield Headquarters, Beauvais\" class=\"wp-image-21983\" style=\"width:850px\" srcset=\"https:\/\/carea-facade.com\/wp-content\/uploads\/2025\/11\/CAREA-026-1-1024x683.jpg 1024w, https:\/\/carea-facade.com\/wp-content\/uploads\/2025\/11\/CAREA-026-1-300x200.jpg 300w, https:\/\/carea-facade.com\/wp-content\/uploads\/2025\/11\/CAREA-026-1-768x512.jpg 768w, https:\/\/carea-facade.com\/wp-content\/uploads\/2025\/11\/CAREA-026-1.jpg 1200w\" sizes=\"auto, (max-width: 1024px) 100vw, 1024px\" \/><\/figure>\n<\/div>\n<\/div>\n","protected":false},"excerpt":{"rendered":"<p>Verankerungsgr\u00fcnde In der Baubranche gibt es verschiedene Medien, je nach Typologie und Designw\u00fcnschen des Geb\u00e4udes.In Frankreich dominieren drei Medien den Baumarkt. Die CAREA\u00ae Verkleidungen k\u00f6nnen auf allen g\u00e4ngigen Fassadenkonstruktionen eingesetzt werden. Beton \/ Mauerwerk Mauerwerk ist die Kunst, ein Geb\u00e4ude durch das Zusammenf\u00fcgen von elementaren Materialien zu errichten, die durch M\u00f6rtel verbunden sind oder nicht. [&hellip;]<\/p>\n","protected":false},"author":3,"featured_media":14467,"parent":8779,"menu_order":2,"comment_status":"open","ping_status":"closed","template":"","meta":{"_acf_changed":false,"footnotes":""},"class_list":["post-8842","page","type-page","status-publish","has-post-thumbnail","hentry"],"acf":[],"yoast_head":"<!-- This site is optimized with the Yoast SEO plugin v27.5 - https:\/\/yoast.com\/product\/yoast-seo-wordpress\/ -->\n<title>Verankerungsgr\u00fcnde f\u00fcr Verkleidungen \/ CAREA Fassadenverkleidungen: Beton, Holzrahmen....<\/title>\n<meta name=\"description\" content=\"CAREA FACADE - Welche Verankerungsgr\u00fcnde gibt es f\u00fcr die Verkleidung von Fassaden? Verkleidung auf Holzrahmen, Beton, Doppelhautsystem.\" \/>\n<meta name=\"robots\" content=\"index, follow, max-snippet:-1, max-image-preview:large, max-video-preview:-1\" \/>\n<link rel=\"canonical\" href=\"https:\/\/carea-facade.com\/de\/technik\/verankerungsgruende\/\" \/>\n<meta property=\"og:locale\" content=\"de_DE\" \/>\n<meta property=\"og:type\" content=\"article\" \/>\n<meta property=\"og:title\" content=\"Verankerungsgr\u00fcnde f\u00fcr Verkleidungen \/ CAREA Fassadenverkleidungen: Beton, Holzrahmen....\" \/>\n<meta property=\"og:description\" content=\"CAREA FACADE - Welche Verankerungsgr\u00fcnde gibt es f\u00fcr die Verkleidung von Fassaden? Verkleidung auf Holzrahmen, Beton, Doppelhautsystem.\" \/>\n<meta property=\"og:url\" content=\"https:\/\/carea-facade.com\/de\/technik\/verankerungsgruende\/\" \/>\n<meta property=\"og:site_name\" content=\"Carea facade\" \/>\n<meta property=\"article:modified_time\" content=\"2026-02-25T08:11:02+00:00\" \/>\n<meta property=\"og:image\" content=\"https:\/\/carea-facade.com\/wp-content\/uploads\/2025\/09\/support-pose-cob-1.jpg\" \/>\n\t<meta property=\"og:image:width\" content=\"1096\" \/>\n\t<meta property=\"og:image:height\" content=\"606\" \/>\n\t<meta property=\"og:image:type\" content=\"image\/jpeg\" \/>\n<meta name=\"twitter:card\" content=\"summary_large_image\" \/>\n<meta name=\"twitter:label1\" content=\"Gesch\u00e4tzte Lesezeit\" \/>\n\t<meta name=\"twitter:data1\" content=\"1\u00a0Minute\" \/>\n<script type=\"application\/ld+json\" class=\"yoast-schema-graph\">{\"@context\":\"https:\\\/\\\/schema.org\",\"@graph\":[{\"@type\":\"WebPage\",\"@id\":\"https:\\\/\\\/carea-facade.com\\\/de\\\/technik\\\/verankerungsgruende\\\/\",\"url\":\"https:\\\/\\\/carea-facade.com\\\/de\\\/technik\\\/verankerungsgruende\\\/\",\"name\":\"Verankerungsgr\u00fcnde f\u00fcr Verkleidungen \\\/ CAREA Fassadenverkleidungen: Beton, Holzrahmen....\",\"isPartOf\":{\"@id\":\"https:\\\/\\\/carea-facade.com\\\/de\\\/#website\"},\"primaryImageOfPage\":{\"@id\":\"https:\\\/\\\/carea-facade.com\\\/de\\\/technik\\\/verankerungsgruende\\\/#primaryimage\"},\"image\":{\"@id\":\"https:\\\/\\\/carea-facade.com\\\/de\\\/technik\\\/verankerungsgruende\\\/#primaryimage\"},\"thumbnailUrl\":\"https:\\\/\\\/carea-facade.com\\\/wp-content\\\/uploads\\\/2025\\\/09\\\/support-pose-cob-1.jpg\",\"datePublished\":\"2025-10-01T14:26:36+00:00\",\"dateModified\":\"2026-02-25T08:11:02+00:00\",\"description\":\"CAREA FACADE - Welche Verankerungsgr\u00fcnde gibt es f\u00fcr die Verkleidung von Fassaden? Verkleidung auf Holzrahmen, Beton, Doppelhautsystem.\",\"breadcrumb\":{\"@id\":\"https:\\\/\\\/carea-facade.com\\\/de\\\/technik\\\/verankerungsgruende\\\/#breadcrumb\"},\"inLanguage\":\"de\",\"potentialAction\":[{\"@type\":\"ReadAction\",\"target\":[\"https:\\\/\\\/carea-facade.com\\\/de\\\/technik\\\/verankerungsgruende\\\/\"]}]},{\"@type\":\"ImageObject\",\"inLanguage\":\"de\",\"@id\":\"https:\\\/\\\/carea-facade.com\\\/de\\\/technik\\\/verankerungsgruende\\\/#primaryimage\",\"url\":\"https:\\\/\\\/carea-facade.com\\\/wp-content\\\/uploads\\\/2025\\\/09\\\/support-pose-cob-1.jpg\",\"contentUrl\":\"https:\\\/\\\/carea-facade.com\\\/wp-content\\\/uploads\\\/2025\\\/09\\\/support-pose-cob-1.jpg\",\"width\":1096,\"height\":606,\"caption\":\"Verankerungsgr\u00fcnde Cob 1\"},{\"@type\":\"BreadcrumbList\",\"@id\":\"https:\\\/\\\/carea-facade.com\\\/de\\\/technik\\\/verankerungsgruende\\\/#breadcrumb\",\"itemListElement\":[{\"@type\":\"ListItem\",\"position\":1,\"name\":\"Accueil\",\"item\":\"https:\\\/\\\/carea-facade.com\\\/de\\\/\"},{\"@type\":\"ListItem\",\"position\":2,\"name\":\"Technik\",\"item\":\"https:\\\/\\\/carea-facade.com\\\/de\\\/technik\\\/\"},{\"@type\":\"ListItem\",\"position\":3,\"name\":\"Verankerungsgr\u00fcnde\"}]},{\"@type\":\"WebSite\",\"@id\":\"https:\\\/\\\/carea-facade.com\\\/de\\\/#website\",\"url\":\"https:\\\/\\\/carea-facade.com\\\/de\\\/\",\"name\":\"Carea facade\",\"description\":\"\",\"publisher\":{\"@id\":\"https:\\\/\\\/carea-facade.com\\\/de\\\/#organization\"},\"potentialAction\":[{\"@type\":\"SearchAction\",\"target\":{\"@type\":\"EntryPoint\",\"urlTemplate\":\"https:\\\/\\\/carea-facade.com\\\/de\\\/?s={search_term_string}\"},\"query-input\":{\"@type\":\"PropertyValueSpecification\",\"valueRequired\":true,\"valueName\":\"search_term_string\"}}],\"inLanguage\":\"de\"},{\"@type\":\"Organization\",\"@id\":\"https:\\\/\\\/carea-facade.com\\\/de\\\/#organization\",\"name\":\"Carea facade\",\"url\":\"https:\\\/\\\/carea-facade.com\\\/de\\\/\",\"logo\":{\"@type\":\"ImageObject\",\"inLanguage\":\"de\",\"@id\":\"https:\\\/\\\/carea-facade.com\\\/de\\\/#\\\/schema\\\/logo\\\/image\\\/\",\"url\":\"https:\\\/\\\/carea-facade.com\\\/wp-content\\\/uploads\\\/2025\\\/10\\\/logo-carea.svg\",\"contentUrl\":\"https:\\\/\\\/carea-facade.com\\\/wp-content\\\/uploads\\\/2025\\\/10\\\/logo-carea.svg\",\"width\":131,\"height\":95,\"caption\":\"Carea facade\"},\"image\":{\"@id\":\"https:\\\/\\\/carea-facade.com\\\/de\\\/#\\\/schema\\\/logo\\\/image\\\/\"}}]}<\/script>\n<!-- \/ Yoast SEO plugin. -->","yoast_head_json":{"title":"Verankerungsgr\u00fcnde f\u00fcr Verkleidungen \/ CAREA Fassadenverkleidungen: Beton, Holzrahmen....","description":"CAREA FACADE - Welche Verankerungsgr\u00fcnde gibt es f\u00fcr die Verkleidung von Fassaden? Verkleidung auf Holzrahmen, Beton, Doppelhautsystem.","robots":{"index":"index","follow":"follow","max-snippet":"max-snippet:-1","max-image-preview":"max-image-preview:large","max-video-preview":"max-video-preview:-1"},"canonical":"https:\/\/carea-facade.com\/de\/technik\/verankerungsgruende\/","og_locale":"de_DE","og_type":"article","og_title":"Verankerungsgr\u00fcnde f\u00fcr Verkleidungen \/ CAREA Fassadenverkleidungen: Beton, Holzrahmen....","og_description":"CAREA FACADE - Welche Verankerungsgr\u00fcnde gibt es f\u00fcr die Verkleidung von Fassaden? Verkleidung auf Holzrahmen, Beton, Doppelhautsystem.","og_url":"https:\/\/carea-facade.com\/de\/technik\/verankerungsgruende\/","og_site_name":"Carea facade","article_modified_time":"2026-02-25T08:11:02+00:00","og_image":[{"width":1096,"height":606,"url":"https:\/\/carea-facade.com\/wp-content\/uploads\/2025\/09\/support-pose-cob-1.jpg","type":"image\/jpeg"}],"twitter_card":"summary_large_image","twitter_misc":{"Gesch\u00e4tzte Lesezeit":"1\u00a0Minute"},"schema":{"@context":"https:\/\/schema.org","@graph":[{"@type":"WebPage","@id":"https:\/\/carea-facade.com\/de\/technik\/verankerungsgruende\/","url":"https:\/\/carea-facade.com\/de\/technik\/verankerungsgruende\/","name":"Verankerungsgr\u00fcnde f\u00fcr Verkleidungen \/ CAREA Fassadenverkleidungen: Beton, Holzrahmen....","isPartOf":{"@id":"https:\/\/carea-facade.com\/de\/#website"},"primaryImageOfPage":{"@id":"https:\/\/carea-facade.com\/de\/technik\/verankerungsgruende\/#primaryimage"},"image":{"@id":"https:\/\/carea-facade.com\/de\/technik\/verankerungsgruende\/#primaryimage"},"thumbnailUrl":"https:\/\/carea-facade.com\/wp-content\/uploads\/2025\/09\/support-pose-cob-1.jpg","datePublished":"2025-10-01T14:26:36+00:00","dateModified":"2026-02-25T08:11:02+00:00","description":"CAREA FACADE - Welche Verankerungsgr\u00fcnde gibt es f\u00fcr die Verkleidung von Fassaden? Verkleidung auf Holzrahmen, Beton, Doppelhautsystem.","breadcrumb":{"@id":"https:\/\/carea-facade.com\/de\/technik\/verankerungsgruende\/#breadcrumb"},"inLanguage":"de","potentialAction":[{"@type":"ReadAction","target":["https:\/\/carea-facade.com\/de\/technik\/verankerungsgruende\/"]}]},{"@type":"ImageObject","inLanguage":"de","@id":"https:\/\/carea-facade.com\/de\/technik\/verankerungsgruende\/#primaryimage","url":"https:\/\/carea-facade.com\/wp-content\/uploads\/2025\/09\/support-pose-cob-1.jpg","contentUrl":"https:\/\/carea-facade.com\/wp-content\/uploads\/2025\/09\/support-pose-cob-1.jpg","width":1096,"height":606,"caption":"Verankerungsgr\u00fcnde Cob 1"},{"@type":"BreadcrumbList","@id":"https:\/\/carea-facade.com\/de\/technik\/verankerungsgruende\/#breadcrumb","itemListElement":[{"@type":"ListItem","position":1,"name":"Accueil","item":"https:\/\/carea-facade.com\/de\/"},{"@type":"ListItem","position":2,"name":"Technik","item":"https:\/\/carea-facade.com\/de\/technik\/"},{"@type":"ListItem","position":3,"name":"Verankerungsgr\u00fcnde"}]},{"@type":"WebSite","@id":"https:\/\/carea-facade.com\/de\/#website","url":"https:\/\/carea-facade.com\/de\/","name":"Carea facade","description":"","publisher":{"@id":"https:\/\/carea-facade.com\/de\/#organization"},"potentialAction":[{"@type":"SearchAction","target":{"@type":"EntryPoint","urlTemplate":"https:\/\/carea-facade.com\/de\/?s={search_term_string}"},"query-input":{"@type":"PropertyValueSpecification","valueRequired":true,"valueName":"search_term_string"}}],"inLanguage":"de"},{"@type":"Organization","@id":"https:\/\/carea-facade.com\/de\/#organization","name":"Carea facade","url":"https:\/\/carea-facade.com\/de\/","logo":{"@type":"ImageObject","inLanguage":"de","@id":"https:\/\/carea-facade.com\/de\/#\/schema\/logo\/image\/","url":"https:\/\/carea-facade.com\/wp-content\/uploads\/2025\/10\/logo-carea.svg","contentUrl":"https:\/\/carea-facade.com\/wp-content\/uploads\/2025\/10\/logo-carea.svg","width":131,"height":95,"caption":"Carea facade"},"image":{"@id":"https:\/\/carea-facade.com\/de\/#\/schema\/logo\/image\/"}}]}},"_links":{"self":[{"href":"https:\/\/carea-facade.com\/de\/wp-json\/wp\/v2\/pages\/8842","targetHints":{"allow":["GET"]}}],"collection":[{"href":"https:\/\/carea-facade.com\/de\/wp-json\/wp\/v2\/pages"}],"about":[{"href":"https:\/\/carea-facade.com\/de\/wp-json\/wp\/v2\/types\/page"}],"author":[{"embeddable":true,"href":"https:\/\/carea-facade.com\/de\/wp-json\/wp\/v2\/users\/3"}],"replies":[{"embeddable":true,"href":"https:\/\/carea-facade.com\/de\/wp-json\/wp\/v2\/comments?post=8842"}],"version-history":[{"count":16,"href":"https:\/\/carea-facade.com\/de\/wp-json\/wp\/v2\/pages\/8842\/revisions"}],"predecessor-version":[{"id":23855,"href":"https:\/\/carea-facade.com\/de\/wp-json\/wp\/v2\/pages\/8842\/revisions\/23855"}],"up":[{"embeddable":true,"href":"https:\/\/carea-facade.com\/de\/wp-json\/wp\/v2\/pages\/8779"}],"wp:featuredmedia":[{"embeddable":true,"href":"https:\/\/carea-facade.com\/de\/wp-json\/wp\/v2\/media\/14467"}],"wp:attachment":[{"href":"https:\/\/carea-facade.com\/de\/wp-json\/wp\/v2\/media?parent=8842"}],"curies":[{"name":"wp","href":"https:\/\/api.w.org\/{rel}","templated":true}]}}