{"id":8858,"date":"2025-10-01T16:26:36","date_gmt":"2025-10-01T14:26:36","guid":{"rendered":"https:\/\/carea-facade.com\/die-carea-gruppe\/"},"modified":"2026-02-25T09:11:46","modified_gmt":"2026-02-25T08:11:46","slug":"die-carea-gruppe","status":"publish","type":"page","link":"https:\/\/carea-facade.com\/de\/die-carea-gruppe\/","title":{"rendered":"Die CAREA\u00ae Gruppe"},"content":{"rendered":"\n<div class=\"wp-block-group has-global-padding is-layout-constrained wp-container-core-group-is-layout-3bb13389 wp-block-group-is-layout-constrained\" style=\"padding-top:var(--wp--preset--spacing--theme-default);padding-right:var(--wp--preset--spacing--theme-xs);padding-bottom:var(--wp--preset--spacing--theme-default);padding-left:var(--wp--preset--spacing--theme-xs)\">\n<div class=\"wp-block-group content-content-group is-vertical is-layout-flex wp-container-core-group-is-layout-d309df8e wp-block-group-is-layout-flex\">\n<h1 class=\"wp-block-heading has-text-align-left has-black-color has-text-color\" style=\"margin-bottom:40px;font-style:normal;font-weight:500;text-transform:uppercase\">Die <sup>CAREA\u00ae<\/sup> Gruppe<\/h1>\n\n\n\n<h3 class=\"wp-block-heading\">Einzigartiges industrielles Know-how und Fachwissen, um Sie bei Ihren Projekten zu unterst\u00fctzen<\/h3>\n\n\n\n<p class=\"wp-embed-aspect-16-9 wp-has-aspect-ratio\">Die<strong> <sup>CAREA\u00ae<\/sup><\/strong> Gruppe entwirft, produziert und vertreibt seit \u00fcber 40 Jahren L\u00f6sungen rund um ein einzigartiges Material, <strong>das <sup>CAREA\u00ae<\/sup> Mineralisch<\/strong>, das in Frankreich geosourced wird:<\/p>\n\n\n\n<ul class=\"wp-block-list wp-embed-aspect-16-9 wp-has-aspect-ratio\">\n<li>Der Markt f\u00fcr <strong>Verkleidung von Fassaden<\/strong> f\u00fcr die W\u00e4rmed\u00e4mmung von au\u00dfen.<\/li>\n\n\n\n<li><strong>Sanit\u00e4reinrichtungen f\u00fcr die K\u00fcche und das Badezimmer<\/strong>.<\/li>\n<\/ul>\n\n\n\n<p class=\"wp-embed-aspect-16-9 wp-has-aspect-ratio\"><strong>Die franz\u00f6sische <sup>CAREA\u00ae-Gruppe<\/sup><\/strong> mit Sitz in der Region Pays de la Loire ist in Frankreich und international vertreten und unterst\u00fctzt ihre Kunden durch integrierte Verkaufsteams. Wir produzieren zu <strong>100% in Frankreich<\/strong>, um Qualit\u00e4t, Service und Kundenn\u00e4he zu gew\u00e4hrleisten. <\/p>\n\n\n\n<p class=\"wp-embed-aspect-16-9 wp-has-aspect-ratio\">Unsere Produkte werden von einem breiten Publikum, Bauherren, Bauleitern und Unternehmen f\u00fcr Neubau und Sanierung vorgeschrieben. Wir entwickeln auch eine Reihe von Produkten f\u00fcr Privatpersonen im Sanit\u00e4rbereich auf europ\u00e4ischer Ebene. <\/p>\n\n\n\n<div class=\"wp-block-buttons is-layout-flex wp-block-buttons-is-layout-flex\">\n<div class=\"wp-block-button\"><a class=\"wp-block-button__link wp-element-button\" href=\"https:\/\/www.linkedin.com\/company\/carea---mineral-composite\/jobs\/\">F\u00fcr uns arbeiten? Besuchen Sie unsere LinkedIn Rekrutierungsseite&#8230; <\/a><\/div>\n<\/div>\n<\/div>\n<\/div>\n","protected":false},"excerpt":{"rendered":"<p>Die CAREA\u00ae Gruppe Einzigartiges industrielles Know-how und Fachwissen, um Sie bei Ihren Projekten zu unterst\u00fctzen Die CAREA\u00ae Gruppe entwirft, produziert und vertreibt seit \u00fcber 40 Jahren L\u00f6sungen rund um ein einzigartiges Material, das CAREA\u00ae Mineralisch, das in Frankreich geosourced wird: Die franz\u00f6sische CAREA\u00ae-Gruppe mit Sitz in der Region Pays de la Loire ist in Frankreich [&hellip;]<\/p>\n","protected":false},"author":3,"featured_media":0,"parent":0,"menu_order":35,"comment_status":"open","ping_status":"closed","template":"","meta":{"_acf_changed":false,"footnotes":""},"class_list":["post-8858","page","type-page","status-publish","hentry"],"acf":[],"yoast_head":"<!-- This site is optimized with the Yoast SEO plugin v27.5 - https:\/\/yoast.com\/product\/yoast-seo-wordpress\/ -->\n<title>CAREA Fa\u00e7ade, von der CAREA Gruppe: Wer sind wir?<\/title>\n<meta name=\"description\" content=\"CAREA FACADE - Entdecken Sie die CAREA Gruppe: ihre Geschichte, ihre Werte. Spezialist f\u00fcr Fassadenverkleidungen zur W\u00e4rmed\u00e4mmung von au\u00dfen und Sanit\u00e4rausstattungen f\u00fcr K\u00fcche und Bad.\" \/>\n<meta name=\"robots\" content=\"index, follow, max-snippet:-1, max-image-preview:large, max-video-preview:-1\" \/>\n<link rel=\"canonical\" href=\"https:\/\/carea-facade.com\/de\/die-carea-gruppe\/\" \/>\n<meta property=\"og:locale\" content=\"de_DE\" \/>\n<meta property=\"og:type\" content=\"article\" \/>\n<meta property=\"og:title\" content=\"CAREA Fa\u00e7ade, von der CAREA Gruppe: Wer sind wir?\" \/>\n<meta property=\"og:description\" content=\"CAREA FACADE - Entdecken Sie die CAREA Gruppe: ihre Geschichte, ihre Werte. Spezialist f\u00fcr Fassadenverkleidungen zur W\u00e4rmed\u00e4mmung von au\u00dfen und Sanit\u00e4rausstattungen f\u00fcr K\u00fcche und Bad.\" \/>\n<meta property=\"og:url\" content=\"https:\/\/carea-facade.com\/de\/die-carea-gruppe\/\" \/>\n<meta property=\"og:site_name\" content=\"Carea facade\" \/>\n<meta property=\"article:modified_time\" content=\"2026-02-25T08:11:46+00:00\" \/>\n<meta name=\"twitter:card\" content=\"summary_large_image\" \/>\n<meta name=\"twitter:label1\" content=\"Gesch\u00e4tzte Lesezeit\" \/>\n\t<meta name=\"twitter:data1\" content=\"1\u00a0Minute\" \/>\n<script type=\"application\/ld+json\" class=\"yoast-schema-graph\">{\"@context\":\"https:\\\/\\\/schema.org\",\"@graph\":[{\"@type\":\"WebPage\",\"@id\":\"https:\\\/\\\/carea-facade.com\\\/de\\\/die-carea-gruppe\\\/\",\"url\":\"https:\\\/\\\/carea-facade.com\\\/de\\\/die-carea-gruppe\\\/\",\"name\":\"CAREA Fa\u00e7ade, von der CAREA Gruppe: Wer sind wir?\",\"isPartOf\":{\"@id\":\"https:\\\/\\\/carea-facade.com\\\/de\\\/#website\"},\"datePublished\":\"2025-10-01T14:26:36+00:00\",\"dateModified\":\"2026-02-25T08:11:46+00:00\",\"description\":\"CAREA FACADE - Entdecken Sie die CAREA Gruppe: ihre Geschichte, ihre Werte. Spezialist f\u00fcr Fassadenverkleidungen zur W\u00e4rmed\u00e4mmung von au\u00dfen und Sanit\u00e4rausstattungen f\u00fcr K\u00fcche und Bad.\",\"breadcrumb\":{\"@id\":\"https:\\\/\\\/carea-facade.com\\\/de\\\/die-carea-gruppe\\\/#breadcrumb\"},\"inLanguage\":\"de\",\"potentialAction\":[{\"@type\":\"ReadAction\",\"target\":[\"https:\\\/\\\/carea-facade.com\\\/de\\\/die-carea-gruppe\\\/\"]}]},{\"@type\":\"BreadcrumbList\",\"@id\":\"https:\\\/\\\/carea-facade.com\\\/de\\\/die-carea-gruppe\\\/#breadcrumb\",\"itemListElement\":[{\"@type\":\"ListItem\",\"position\":1,\"name\":\"Accueil\",\"item\":\"https:\\\/\\\/carea-facade.com\\\/de\\\/\"},{\"@type\":\"ListItem\",\"position\":2,\"name\":\"Die CAREA\u00ae Gruppe\"}]},{\"@type\":\"WebSite\",\"@id\":\"https:\\\/\\\/carea-facade.com\\\/de\\\/#website\",\"url\":\"https:\\\/\\\/carea-facade.com\\\/de\\\/\",\"name\":\"Carea facade\",\"description\":\"\",\"publisher\":{\"@id\":\"https:\\\/\\\/carea-facade.com\\\/de\\\/#organization\"},\"potentialAction\":[{\"@type\":\"SearchAction\",\"target\":{\"@type\":\"EntryPoint\",\"urlTemplate\":\"https:\\\/\\\/carea-facade.com\\\/de\\\/?s={search_term_string}\"},\"query-input\":{\"@type\":\"PropertyValueSpecification\",\"valueRequired\":true,\"valueName\":\"search_term_string\"}}],\"inLanguage\":\"de\"},{\"@type\":\"Organization\",\"@id\":\"https:\\\/\\\/carea-facade.com\\\/de\\\/#organization\",\"name\":\"Carea facade\",\"url\":\"https:\\\/\\\/carea-facade.com\\\/de\\\/\",\"logo\":{\"@type\":\"ImageObject\",\"inLanguage\":\"de\",\"@id\":\"https:\\\/\\\/carea-facade.com\\\/de\\\/#\\\/schema\\\/logo\\\/image\\\/\",\"url\":\"https:\\\/\\\/carea-facade.com\\\/wp-content\\\/uploads\\\/2025\\\/10\\\/logo-carea.svg\",\"contentUrl\":\"https:\\\/\\\/carea-facade.com\\\/wp-content\\\/uploads\\\/2025\\\/10\\\/logo-carea.svg\",\"width\":131,\"height\":95,\"caption\":\"Carea facade\"},\"image\":{\"@id\":\"https:\\\/\\\/carea-facade.com\\\/de\\\/#\\\/schema\\\/logo\\\/image\\\/\"}}]}<\/script>\n<!-- \/ Yoast SEO plugin. -->","yoast_head_json":{"title":"CAREA Fa\u00e7ade, von der CAREA Gruppe: Wer sind wir?","description":"CAREA FACADE - Entdecken Sie die CAREA Gruppe: ihre Geschichte, ihre Werte. Spezialist f\u00fcr Fassadenverkleidungen zur W\u00e4rmed\u00e4mmung von au\u00dfen und Sanit\u00e4rausstattungen f\u00fcr K\u00fcche und Bad.","robots":{"index":"index","follow":"follow","max-snippet":"max-snippet:-1","max-image-preview":"max-image-preview:large","max-video-preview":"max-video-preview:-1"},"canonical":"https:\/\/carea-facade.com\/de\/die-carea-gruppe\/","og_locale":"de_DE","og_type":"article","og_title":"CAREA Fa\u00e7ade, von der CAREA Gruppe: Wer sind wir?","og_description":"CAREA FACADE - Entdecken Sie die CAREA Gruppe: ihre Geschichte, ihre Werte. Spezialist f\u00fcr Fassadenverkleidungen zur W\u00e4rmed\u00e4mmung von au\u00dfen und Sanit\u00e4rausstattungen f\u00fcr K\u00fcche und Bad.","og_url":"https:\/\/carea-facade.com\/de\/die-carea-gruppe\/","og_site_name":"Carea facade","article_modified_time":"2026-02-25T08:11:46+00:00","twitter_card":"summary_large_image","twitter_misc":{"Gesch\u00e4tzte Lesezeit":"1\u00a0Minute"},"schema":{"@context":"https:\/\/schema.org","@graph":[{"@type":"WebPage","@id":"https:\/\/carea-facade.com\/de\/die-carea-gruppe\/","url":"https:\/\/carea-facade.com\/de\/die-carea-gruppe\/","name":"CAREA Fa\u00e7ade, von der CAREA Gruppe: Wer sind wir?","isPartOf":{"@id":"https:\/\/carea-facade.com\/de\/#website"},"datePublished":"2025-10-01T14:26:36+00:00","dateModified":"2026-02-25T08:11:46+00:00","description":"CAREA FACADE - Entdecken Sie die CAREA Gruppe: ihre Geschichte, ihre Werte. Spezialist f\u00fcr Fassadenverkleidungen zur W\u00e4rmed\u00e4mmung von au\u00dfen und Sanit\u00e4rausstattungen f\u00fcr K\u00fcche und Bad.","breadcrumb":{"@id":"https:\/\/carea-facade.com\/de\/die-carea-gruppe\/#breadcrumb"},"inLanguage":"de","potentialAction":[{"@type":"ReadAction","target":["https:\/\/carea-facade.com\/de\/die-carea-gruppe\/"]}]},{"@type":"BreadcrumbList","@id":"https:\/\/carea-facade.com\/de\/die-carea-gruppe\/#breadcrumb","itemListElement":[{"@type":"ListItem","position":1,"name":"Accueil","item":"https:\/\/carea-facade.com\/de\/"},{"@type":"ListItem","position":2,"name":"Die CAREA\u00ae Gruppe"}]},{"@type":"WebSite","@id":"https:\/\/carea-facade.com\/de\/#website","url":"https:\/\/carea-facade.com\/de\/","name":"Carea facade","description":"","publisher":{"@id":"https:\/\/carea-facade.com\/de\/#organization"},"potentialAction":[{"@type":"SearchAction","target":{"@type":"EntryPoint","urlTemplate":"https:\/\/carea-facade.com\/de\/?s={search_term_string}"},"query-input":{"@type":"PropertyValueSpecification","valueRequired":true,"valueName":"search_term_string"}}],"inLanguage":"de"},{"@type":"Organization","@id":"https:\/\/carea-facade.com\/de\/#organization","name":"Carea facade","url":"https:\/\/carea-facade.com\/de\/","logo":{"@type":"ImageObject","inLanguage":"de","@id":"https:\/\/carea-facade.com\/de\/#\/schema\/logo\/image\/","url":"https:\/\/carea-facade.com\/wp-content\/uploads\/2025\/10\/logo-carea.svg","contentUrl":"https:\/\/carea-facade.com\/wp-content\/uploads\/2025\/10\/logo-carea.svg","width":131,"height":95,"caption":"Carea facade"},"image":{"@id":"https:\/\/carea-facade.com\/de\/#\/schema\/logo\/image\/"}}]}},"_links":{"self":[{"href":"https:\/\/carea-facade.com\/de\/wp-json\/wp\/v2\/pages\/8858","targetHints":{"allow":["GET"]}}],"collection":[{"href":"https:\/\/carea-facade.com\/de\/wp-json\/wp\/v2\/pages"}],"about":[{"href":"https:\/\/carea-facade.com\/de\/wp-json\/wp\/v2\/types\/page"}],"author":[{"embeddable":true,"href":"https:\/\/carea-facade.com\/de\/wp-json\/wp\/v2\/users\/3"}],"replies":[{"embeddable":true,"href":"https:\/\/carea-facade.com\/de\/wp-json\/wp\/v2\/comments?post=8858"}],"version-history":[{"count":11,"href":"https:\/\/carea-facade.com\/de\/wp-json\/wp\/v2\/pages\/8858\/revisions"}],"predecessor-version":[{"id":23883,"href":"https:\/\/carea-facade.com\/de\/wp-json\/wp\/v2\/pages\/8858\/revisions\/23883"}],"wp:attachment":[{"href":"https:\/\/carea-facade.com\/de\/wp-json\/wp\/v2\/media?parent=8858"}],"curies":[{"name":"wp","href":"https:\/\/api.w.org\/{rel}","templated":true}]}}