{"id":8868,"date":"2025-10-01T16:26:36","date_gmt":"2025-10-01T14:26:36","guid":{"rendered":"https:\/\/carea-facade.com\/direkte-downloads\/"},"modified":"2026-04-01T19:25:16","modified_gmt":"2026-04-01T17:25:16","slug":"direkte-downloads","status":"publish","type":"page","link":"https:\/\/carea-facade.com\/de\/downloads\/direkte-downloads\/","title":{"rendered":"Direkte Downloads"},"content":{"rendered":"\n<div class=\"wp-block-group has-global-padding is-layout-constrained wp-container-core-group-is-layout-6fd7c80e wp-block-group-is-layout-constrained\" style=\"padding-top:var(--wp--preset--spacing--theme-default);padding-right:var(--wp--preset--spacing--theme-xs);padding-bottom:var(--wp--preset--spacing--theme-default);padding-left:var(--wp--preset--spacing--theme-xs)\">\n<div class=\"wp-block-group content-content-group is-vertical is-layout-flex wp-container-core-group-is-layout-d309df8e wp-block-group-is-layout-flex\">\n<h1 class=\"wp-block-heading has-text-align-left has-black-color has-text-color\" style=\"margin-bottom:40px;font-style:normal;font-weight:500;text-transform:uppercase\">Direkte Downloads<\/h1>\n\n\n\n<h2 class=\"wp-block-heading has-text-align-left content__title has-black-color has-text-color\" style=\"text-transform:none\">Unsere Kataloge<\/h2>\n\n\n\n<p class=\"content__chapo has-black-color has-text-color\">Laden Sie hier unsere technischen und kommerziellen Dokumentationen und alle unsere technischen Gutachten (ATec) herunter.<\/p>\n\n\n\n<div class=\"wp-block-buttons content__buttons is-content-justification-center is-layout-flex wp-container-core-buttons-is-layout-a89b3969 wp-block-buttons-is-layout-flex\">\n<div class=\"wp-block-button content__button\"><a class=\"wp-block-button__link wp-element-button\" href=\"https:\/\/carea-facade.com\/wp-content\/uploads\/2026\/02\/Carea-facade_Cahier-technique-202601.pdf\" target=\"_blank\" rel=\"noreferrer noopener\">Brosch\u00fcre Carea Fassade: Technisches Heft<\/a><\/div>\n<\/div>\n\n\n\n<div class=\"wp-block-buttons content__buttons is-content-justification-center is-layout-flex wp-container-core-buttons-is-layout-a89b3969 wp-block-buttons-is-layout-flex\">\n<div class=\"wp-block-button content__button\"><a class=\"wp-block-button__link wp-element-button\" href=\"https:\/\/carea-facade.com\/wp-content\/uploads\/2025\/10\/Carea-Facade-Portfolio-n4-202407.pdf\" target=\"_blank\" rel=\"noreferrer noopener\">Carea Referenzportfolio<\/a><\/div>\n<\/div>\n\n\n\n<div class=\"wp-block-buttons content__buttons is-content-justification-center is-layout-flex wp-container-core-buttons-is-layout-a89b3969 wp-block-buttons-is-layout-flex\">\n<div class=\"wp-block-button content__button\"><a class=\"wp-block-button__link wp-element-button\" href=\"https:\/\/carea-facade.com\/wp-content\/uploads\/2025\/10\/Carea-Facade-Portfolio-prestige-2309.pdf\" target=\"_blank\" rel=\"noreferrer noopener\">Portfolio &#8222;Premium-Referenzen<\/a><\/div>\n<\/div>\n\n\n\n<div class=\"wp-block-buttons content__buttons is-content-justification-center is-layout-flex wp-container-core-buttons-is-layout-a89b3969 wp-block-buttons-is-layout-flex\">\n<div class=\"wp-block-button content__button\"><a class=\"wp-block-button__link wp-element-button\" href=\"https:\/\/carea-facade.com\/wp-content\/uploads\/2025\/10\/Carea_Notre-engagement-environnemental_2503.pdf\" target=\"_blank\" rel=\"noreferrer noopener\">Unsere Umweltverpflichtungen<\/a><\/div>\n<\/div>\n\n\n\n<div class=\"wp-block-buttons content__buttons wp-container-content-69bc4bdf is-content-justification-center is-layout-flex wp-container-core-buttons-is-layout-a89b3969 wp-block-buttons-is-layout-flex\">\n<div class=\"wp-block-button content__button\"><a class=\"wp-block-button__link wp-element-button\" href=\"https:\/\/carea-facade.com\/wp-content\/uploads\/2025\/10\/Carea-Facade_Fiche-Cuadra_v2.pdf\" target=\"_blank\" rel=\"noreferrer noopener\">Steckbrief CUADRA<\/a><\/div>\n<\/div>\n\n\n\n<div class=\"wp-block-buttons content__buttons wp-container-content-69bc4bdf is-content-justification-center is-layout-flex wp-container-core-buttons-is-layout-a89b3969 wp-block-buttons-is-layout-flex\">\n<div class=\"wp-block-button content__button\"><a class=\"wp-block-button__link wp-element-button\" href=\"https:\/\/carea-facade.com\/wp-content\/uploads\/2025\/10\/Carea-Facade-Fiche-Magma_v3.pdf\" target=\"_blank\" rel=\"noreferrer noopener\">MAGMA Datenblatt<\/a><\/div>\n<\/div>\n\n\n\n<div class=\"wp-block-buttons content__buttons wp-container-content-69bc4bdf is-content-justification-center is-layout-flex wp-container-core-buttons-is-layout-a89b3969 wp-block-buttons-is-layout-flex\">\n<div class=\"wp-block-button content__button\"><a class=\"wp-block-button__link wp-element-button\" href=\"https:\/\/carea-facade.com\/wp-content\/uploads\/2025\/10\/Carea-Facade-Fiche-Meca_v3.pdf\" target=\"_blank\" rel=\"noreferrer noopener\">MECA Karteikarte<\/a><\/div>\n<\/div>\n<\/div>\n<\/div>\n\n\n\n<div class=\"wp-block-group has-global-padding is-layout-constrained wp-container-core-group-is-layout-3a2c3c22 wp-block-group-is-layout-constrained\" style=\"padding-right:var(--wp--preset--spacing--theme-xs);padding-bottom:var(--wp--preset--spacing--theme-default);padding-left:var(--wp--preset--spacing--theme-xs)\">\n<div class=\"wp-block-group content-content-group is-vertical is-layout-flex wp-container-core-group-is-layout-d309df8e wp-block-group-is-layout-flex\">\n<h2 class=\"wp-block-heading has-text-align-left content__title has-black-color has-text-color\" style=\"text-transform:none\">Technische Gutachten &#8211; ATec<\/h2>\n\n\n\n<h3 class=\"wp-block-heading\">Carea, Verkleidungssystem in Steckmontage<\/h3>\n\n\n\n<p>Verkleidung ohne Unterkonstruktion &#8211; VoU (sog. &#8222;Verbundbekleidung&#8220; oder &#8222;Au\u00dfenverkleidung&#8220;):<br><a href=\"https:\/\/carea-facade.com\/wp-content\/uploads\/2026\/02\/ATec_2.2_11-1484_v2_Carea_Emboitement_Bardage_sans_ossature_BSO.pdf\" type=\"link\" id=\"https:\/\/carea-facade.com\/wp-content\/uploads\/2026\/02\/ATec_2.2_11-1484_v2_Carea_Emboitement_Bardage_sans_ossature_BSO.pdf\" target=\"_blank\" rel=\"noreferrer noopener\">ATec 2.2_11-1484_v2_Carea_Ausf\u00fchrung Verkleidungohne Unterkonstruktion BSO<\/a><\/p>\n\n\n\n<p>Verlegung Verkleidung mit Unterkonstruktion &#8211; VmU:<br><a href=\"https:\/\/carea-facade.com\/wp-content\/uploads\/2026\/02\/ATec_2.2_11-1483_v4_Carea_Emboitement_Bardage_beton_BAO.pdf\" type=\"link\" id=\"https:\/\/carea-facade.com\/wp-content\/uploads\/2026\/02\/ATec_2.2_11-1483_v4_Carea_Emboitement_Bardage_beton_BAO.pdf\" target=\"_blank\" rel=\"noreferrer noopener\">ATec 2.2_11-1483_v4_Carea_Emboitement Verkleidung mit Betonkonstruktionen BAO<\/a><br><a href=\"https:\/\/carea-facade.com\/wp-content\/uploads\/2026\/02\/ATec-2.2_21-1833_v1_Carea_Emboitement_Bardage_COB-CLT_BAO.pdf\" type=\"link\" id=\"https:\/\/carea-facade.com\/wp-content\/uploads\/2026\/02\/ATec-2.2_21-1833_v1_Carea_Emboitement_Bardage_COB-CLT_BAO.pdf\" target=\"_blank\" rel=\"noreferrer noopener\">ATec 2.2_21-1833_v1_Carea_Emboitement Verkleidung mit Holzkonstruktionen-CLT Unter<\/a>konstruktion BAO<\/p>\n\n\n\n<h3 class=\"wp-block-heading\">Carea, System von Gerillten Verkleidungen<\/h3>\n\n\n\n<p>Verlegung Verkleidung mit Unterkonstruktion (VmU) &#8211; horizontal auf Beton:<br><a href=\"https:\/\/carea-facade.com\/wp-content\/uploads\/2026\/02\/ATec_2.2_16-1774_v2-Carea_Rainure_Bardage_horizontal_beton_BAO.pdf\" type=\"link\" id=\"https:\/\/carea-facade.com\/wp-content\/uploads\/2026\/02\/ATec_2.2_16-1774_v2-Carea_Rainure_Bardage_horizontal_beton_BAO.pdf\" target=\"_blank\" rel=\"noreferrer noopener\">ATec 2.2_16-1774_v2_Carea_Rainur\u00e9 Verkleidung horizontal Beton BAO<\/a><\/p>\n\n\n\n<p>Verkleidung mit Unterkonstruktion (VmU) &#8211; horizontal auf Holzkonstruktionen:<br><a href=\"https:\/\/carea-facade.com\/wp-content\/uploads\/2026\/02\/ATec_2.2_21-1826_v1_Carea_Rainure_Bardage-horizontal_COB_BAO.pdf\" type=\"link\" id=\"https:\/\/carea-facade.com\/wp-content\/uploads\/2026\/02\/ATec_2.2_21-1826_v1_Carea_Rainure_Bardage-horizontal_COB_BAO.pdf\" target=\"_blank\" rel=\"noreferrer noopener\">ATec 2.2_21-1826_Carea_Rainainur\u00e9_Verkleidung horizontal Holzkonstruktionen BAO<\/a><\/p>\n\n\n\n<p>Verlegung Verkleidung mit Unterkonstruktion (VmU) &#8211; vertikal auf Beton:<br><a href=\"https:\/\/carea-facade.com\/wp-content\/uploads\/2026\/02\/ATec_2.2_14-1659_v3_Carea_Rainure_Bardage_vertical_beton_maconnerie_BAO.pdf\" type=\"link\" id=\"https:\/\/carea-facade.com\/wp-content\/uploads\/2026\/02\/ATec_2.2_14-1659_v3_Carea_Rainure_Bardage_vertical_beton_maconnerie_BAO.pdf\" target=\"_blank\" rel=\"noreferrer noopener\">ATec 2.2_14-1659_v3_Carea_Rainur\u00e9_Verkleidung vertical b\u00e9ton ma\u00e7onnerie BAO<\/a><\/p>\n\n\n\n<p>Verlegung Verkleidung mit Unterkonstruktion (VmU) &#8211; vertikal auf Holzkonstruktionen:<br><a href=\"https:\/\/carea-facade.com\/wp-content\/uploads\/2026\/02\/ATec_2.2_21-1816_v2_Carea_Rainure_Bardage_vertical_COB-CLT_BAO.pdf\" type=\"link\" id=\"https:\/\/carea-facade.com\/wp-content\/uploads\/2026\/02\/ATec_2.2_21-1816_v2_Carea_Rainure_Bardage_vertical_COB-CLT_BAO.pdf\" target=\"_blank\" rel=\"noreferrer noopener\">ATec 2.2_21-1816_v2_Carea_Rainur\u00e9_Vertikale Verkleidung Holzkonstruktionen-CLT BAO<\/a><\/p>\n\n\n\n<p>Verlegung von Verkleidungen ohne Unterkonstruktion &#8211; VoU (sog. &#8222;Verbundbekleidung&#8220; oder &#8222;Au\u00dfenverkleidung&#8220;):<a href=\"https:\/\/carea-facade.com\/wp-content\/uploads\/2026\/02\/ATec_2.2_15-1664_Carea_Rainure_Vetage_BSO.pdf\" type=\"link\" id=\"https:\/\/carea-facade.com\/wp-content\/uploads\/2026\/02\/ATec_2.2_15-1664_Carea_Rainure_Vetage_BSO.pdf\" target=\"_blank\" rel=\"noreferrer noopener\"><br>ATec 2.2_15_v2-1664_Carea_Rainur\u00e9_V\u00eatage BSO<\/a><\/p>\n\n\n\n<h3 class=\"wp-block-heading\">Carea, Fassadenplatte mit integrierten Hinterschnittankern, Verkleidungssystem<\/h3>\n\n\n\n<p>Verlegung Verkleidung mit Unterkonstruktion &#8211; VmU:<br><a href=\"https:\/\/carea-facade.com\/wp-content\/uploads\/2026\/02\/ATec_2.2_15-1679_v2-Carea_Insert_BAO.pdf\" type=\"link\" id=\"https:\/\/carea-facade.com\/wp-content\/uploads\/2026\/02\/ATec_2.2_15-1679_v2-Carea_Insert_BAO.pdf\" target=\"_blank\" rel=\"noreferrer noopener\">ATec 2.2_15-1679_v2 Carea_Insert BAO<\/a><\/p>\n\n\n\n<figure class=\"wp-block-embed is-type-rich is-provider-einbettungs-handler wp-block-embed-einbettungs-handler wp-embed-aspect-16-9 wp-has-aspect-ratio\"><div class=\"wp-block-embed__wrapper\">\n<iframe loading=\"lazy\" title=\"Fa\u00e7ade : les parements de bardage CAREA. D\u00e9couvrez nos r\u00e9alisations : b\u00e2timents d&#039;habitation, etc.\" width=\"500\" height=\"281\" src=\"https:\/\/www.youtube.com\/embed\/vEQNxqnRB14?feature=oembed&#038;enablejsapi=1&#038;origin=https:\/\/carea-facade.com\" frameborder=\"0\" allow=\"accelerometer; autoplay; clipboard-write; encrypted-media; gyroscope; picture-in-picture; web-share\" referrerpolicy=\"strict-origin-when-cross-origin\" allowfullscreen><\/iframe>\n<\/div><\/figure>\n<\/div>\n<\/div>\n","protected":false},"excerpt":{"rendered":"<p>Direkte Downloads Unsere Kataloge Laden Sie hier unsere technischen und kommerziellen Dokumentationen und alle unsere technischen Gutachten (ATec) herunter. Technische Gutachten &#8211; ATec Carea, Verkleidungssystem in Steckmontage Verkleidung ohne Unterkonstruktion &#8211; VoU (sog. &#8222;Verbundbekleidung&#8220; oder &#8222;Au\u00dfenverkleidung&#8220;):ATec 2.2_11-1484_v2_Carea_Ausf\u00fchrung Verkleidungohne Unterkonstruktion BSO Verlegung Verkleidung mit Unterkonstruktion &#8211; VmU:ATec 2.2_11-1483_v4_Carea_Emboitement Verkleidung mit Betonkonstruktionen BAOATec 2.2_21-1833_v1_Carea_Emboitement Verkleidung mit Holzkonstruktionen-CLT [&hellip;]<\/p>\n","protected":false},"author":3,"featured_media":14441,"parent":8913,"menu_order":0,"comment_status":"open","ping_status":"closed","template":"","meta":{"_acf_changed":false,"footnotes":""},"class_list":["post-8868","page","type-page","status-publish","has-post-thumbnail","hentry"],"acf":[],"yoast_head":"<!-- This site is optimized with the Yoast SEO plugin v26.9 - https:\/\/yoast.com\/product\/yoast-seo-wordpress\/ -->\n<title>CAREA-Dokumentationen - Technisch-kommerziell, technische Gutachten (ATecs)<\/title>\n<meta name=\"description\" content=\"CAREA FACADE - Laden Sie die technische und kommerzielle Dokumentation und die technischen Gutachten (ATecs) als PDF herunter.\" \/>\n<meta name=\"robots\" content=\"noindex, follow\" \/>\n<meta property=\"og:locale\" content=\"de_DE\" \/>\n<meta property=\"og:type\" content=\"article\" \/>\n<meta property=\"og:title\" content=\"CAREA-Dokumentationen - Technisch-kommerziell, technische Gutachten (ATecs)\" \/>\n<meta property=\"og:description\" content=\"CAREA FACADE - Laden Sie die technische und kommerzielle Dokumentation und die technischen Gutachten (ATecs) als PDF herunter.\" \/>\n<meta property=\"og:url\" content=\"https:\/\/carea-facade.com\/de\/downloads\/direkte-downloads\/\" \/>\n<meta property=\"og:site_name\" content=\"Carea facade\" \/>\n<meta property=\"article:modified_time\" content=\"2026-04-01T17:25:16+00:00\" \/>\n<meta property=\"og:image\" content=\"https:\/\/carea-facade.com\/wp-content\/uploads\/2025\/09\/Capture.png\" \/>\n\t<meta property=\"og:image:width\" content=\"457\" \/>\n\t<meta property=\"og:image:height\" content=\"630\" \/>\n\t<meta property=\"og:image:type\" content=\"image\/png\" \/>\n<meta name=\"twitter:card\" content=\"summary_large_image\" \/>\n<meta name=\"twitter:label1\" content=\"Gesch\u00e4tzte Lesezeit\" \/>\n\t<meta name=\"twitter:data1\" content=\"2 Minuten\" \/>\n<script type=\"application\/ld+json\" class=\"yoast-schema-graph\">{\"@context\":\"https:\/\/schema.org\",\"@graph\":[{\"@type\":\"WebPage\",\"@id\":\"https:\/\/carea-facade.com\/de\/downloads\/direkte-downloads\/\",\"url\":\"https:\/\/carea-facade.com\/de\/downloads\/direkte-downloads\/\",\"name\":\"CAREA-Dokumentationen - Technisch-kommerziell, technische Gutachten (ATecs)\",\"isPartOf\":{\"@id\":\"https:\/\/carea-facade.com\/de\/#website\"},\"primaryImageOfPage\":{\"@id\":\"https:\/\/carea-facade.com\/de\/downloads\/direkte-downloads\/#primaryimage\"},\"image\":{\"@id\":\"https:\/\/carea-facade.com\/de\/downloads\/direkte-downloads\/#primaryimage\"},\"thumbnailUrl\":\"https:\/\/carea-facade.com\/wp-content\/uploads\/2025\/09\/Capture.png\",\"datePublished\":\"2025-10-01T14:26:36+00:00\",\"dateModified\":\"2026-04-01T17:25:16+00:00\",\"description\":\"CAREA FACADE - Laden Sie die technische und kommerzielle Dokumentation und die technischen Gutachten (ATecs) als PDF herunter.\",\"breadcrumb\":{\"@id\":\"https:\/\/carea-facade.com\/de\/downloads\/direkte-downloads\/#breadcrumb\"},\"inLanguage\":\"de\",\"potentialAction\":[{\"@type\":\"ReadAction\",\"target\":[\"https:\/\/carea-facade.com\/de\/downloads\/direkte-downloads\/\"]}]},{\"@type\":\"ImageObject\",\"inLanguage\":\"de\",\"@id\":\"https:\/\/carea-facade.com\/de\/downloads\/direkte-downloads\/#primaryimage\",\"url\":\"https:\/\/carea-facade.com\/wp-content\/uploads\/2025\/09\/Capture.png\",\"contentUrl\":\"https:\/\/carea-facade.com\/wp-content\/uploads\/2025\/09\/Capture.png\",\"width\":457,\"height\":630,\"caption\":\"Erfassung\"},{\"@type\":\"BreadcrumbList\",\"@id\":\"https:\/\/carea-facade.com\/de\/downloads\/direkte-downloads\/#breadcrumb\",\"itemListElement\":[{\"@type\":\"ListItem\",\"position\":1,\"name\":\"Accueil\",\"item\":\"https:\/\/carea-facade.com\/de\/\"},{\"@type\":\"ListItem\",\"position\":2,\"name\":\"Downloads\",\"item\":\"https:\/\/carea-facade.com\/de\/downloads\/\"},{\"@type\":\"ListItem\",\"position\":3,\"name\":\"Direkte Downloads\"}]},{\"@type\":\"WebSite\",\"@id\":\"https:\/\/carea-facade.com\/de\/#website\",\"url\":\"https:\/\/carea-facade.com\/de\/\",\"name\":\"Carea facade\",\"description\":\"\",\"publisher\":{\"@id\":\"https:\/\/carea-facade.com\/de\/#organization\"},\"potentialAction\":[{\"@type\":\"SearchAction\",\"target\":{\"@type\":\"EntryPoint\",\"urlTemplate\":\"https:\/\/carea-facade.com\/de\/?s={search_term_string}\"},\"query-input\":{\"@type\":\"PropertyValueSpecification\",\"valueRequired\":true,\"valueName\":\"search_term_string\"}}],\"inLanguage\":\"de\"},{\"@type\":\"Organization\",\"@id\":\"https:\/\/carea-facade.com\/de\/#organization\",\"name\":\"Carea facade\",\"url\":\"https:\/\/carea-facade.com\/de\/\",\"logo\":{\"@type\":\"ImageObject\",\"inLanguage\":\"de\",\"@id\":\"https:\/\/carea-facade.com\/de\/#\/schema\/logo\/image\/\",\"url\":\"https:\/\/carea-facade.com\/wp-content\/uploads\/2025\/10\/logo-carea.svg\",\"contentUrl\":\"https:\/\/carea-facade.com\/wp-content\/uploads\/2025\/10\/logo-carea.svg\",\"width\":131,\"height\":95,\"caption\":\"Carea facade\"},\"image\":{\"@id\":\"https:\/\/carea-facade.com\/de\/#\/schema\/logo\/image\/\"}}]}<\/script>\n<!-- \/ Yoast SEO plugin. -->","yoast_head_json":{"title":"CAREA-Dokumentationen - Technisch-kommerziell, technische Gutachten (ATecs)","description":"CAREA FACADE - Laden Sie die technische und kommerzielle Dokumentation und die technischen Gutachten (ATecs) als PDF herunter.","robots":{"index":"noindex","follow":"follow"},"og_locale":"de_DE","og_type":"article","og_title":"CAREA-Dokumentationen - Technisch-kommerziell, technische Gutachten (ATecs)","og_description":"CAREA FACADE - Laden Sie die technische und kommerzielle Dokumentation und die technischen Gutachten (ATecs) als PDF herunter.","og_url":"https:\/\/carea-facade.com\/de\/downloads\/direkte-downloads\/","og_site_name":"Carea facade","article_modified_time":"2026-04-01T17:25:16+00:00","og_image":[{"width":457,"height":630,"url":"https:\/\/carea-facade.com\/wp-content\/uploads\/2025\/09\/Capture.png","type":"image\/png"}],"twitter_card":"summary_large_image","twitter_misc":{"Gesch\u00e4tzte Lesezeit":"2 Minuten"},"schema":{"@context":"https:\/\/schema.org","@graph":[{"@type":"WebPage","@id":"https:\/\/carea-facade.com\/de\/downloads\/direkte-downloads\/","url":"https:\/\/carea-facade.com\/de\/downloads\/direkte-downloads\/","name":"CAREA-Dokumentationen - Technisch-kommerziell, technische Gutachten (ATecs)","isPartOf":{"@id":"https:\/\/carea-facade.com\/de\/#website"},"primaryImageOfPage":{"@id":"https:\/\/carea-facade.com\/de\/downloads\/direkte-downloads\/#primaryimage"},"image":{"@id":"https:\/\/carea-facade.com\/de\/downloads\/direkte-downloads\/#primaryimage"},"thumbnailUrl":"https:\/\/carea-facade.com\/wp-content\/uploads\/2025\/09\/Capture.png","datePublished":"2025-10-01T14:26:36+00:00","dateModified":"2026-04-01T17:25:16+00:00","description":"CAREA FACADE - Laden Sie die technische und kommerzielle Dokumentation und die technischen Gutachten (ATecs) als PDF herunter.","breadcrumb":{"@id":"https:\/\/carea-facade.com\/de\/downloads\/direkte-downloads\/#breadcrumb"},"inLanguage":"de","potentialAction":[{"@type":"ReadAction","target":["https:\/\/carea-facade.com\/de\/downloads\/direkte-downloads\/"]}]},{"@type":"ImageObject","inLanguage":"de","@id":"https:\/\/carea-facade.com\/de\/downloads\/direkte-downloads\/#primaryimage","url":"https:\/\/carea-facade.com\/wp-content\/uploads\/2025\/09\/Capture.png","contentUrl":"https:\/\/carea-facade.com\/wp-content\/uploads\/2025\/09\/Capture.png","width":457,"height":630,"caption":"Erfassung"},{"@type":"BreadcrumbList","@id":"https:\/\/carea-facade.com\/de\/downloads\/direkte-downloads\/#breadcrumb","itemListElement":[{"@type":"ListItem","position":1,"name":"Accueil","item":"https:\/\/carea-facade.com\/de\/"},{"@type":"ListItem","position":2,"name":"Downloads","item":"https:\/\/carea-facade.com\/de\/downloads\/"},{"@type":"ListItem","position":3,"name":"Direkte Downloads"}]},{"@type":"WebSite","@id":"https:\/\/carea-facade.com\/de\/#website","url":"https:\/\/carea-facade.com\/de\/","name":"Carea facade","description":"","publisher":{"@id":"https:\/\/carea-facade.com\/de\/#organization"},"potentialAction":[{"@type":"SearchAction","target":{"@type":"EntryPoint","urlTemplate":"https:\/\/carea-facade.com\/de\/?s={search_term_string}"},"query-input":{"@type":"PropertyValueSpecification","valueRequired":true,"valueName":"search_term_string"}}],"inLanguage":"de"},{"@type":"Organization","@id":"https:\/\/carea-facade.com\/de\/#organization","name":"Carea facade","url":"https:\/\/carea-facade.com\/de\/","logo":{"@type":"ImageObject","inLanguage":"de","@id":"https:\/\/carea-facade.com\/de\/#\/schema\/logo\/image\/","url":"https:\/\/carea-facade.com\/wp-content\/uploads\/2025\/10\/logo-carea.svg","contentUrl":"https:\/\/carea-facade.com\/wp-content\/uploads\/2025\/10\/logo-carea.svg","width":131,"height":95,"caption":"Carea facade"},"image":{"@id":"https:\/\/carea-facade.com\/de\/#\/schema\/logo\/image\/"}}]}},"_links":{"self":[{"href":"https:\/\/carea-facade.com\/de\/wp-json\/wp\/v2\/pages\/8868","targetHints":{"allow":["GET"]}}],"collection":[{"href":"https:\/\/carea-facade.com\/de\/wp-json\/wp\/v2\/pages"}],"about":[{"href":"https:\/\/carea-facade.com\/de\/wp-json\/wp\/v2\/types\/page"}],"author":[{"embeddable":true,"href":"https:\/\/carea-facade.com\/de\/wp-json\/wp\/v2\/users\/3"}],"replies":[{"embeddable":true,"href":"https:\/\/carea-facade.com\/de\/wp-json\/wp\/v2\/comments?post=8868"}],"version-history":[{"count":17,"href":"https:\/\/carea-facade.com\/de\/wp-json\/wp\/v2\/pages\/8868\/revisions"}],"predecessor-version":[{"id":24029,"href":"https:\/\/carea-facade.com\/de\/wp-json\/wp\/v2\/pages\/8868\/revisions\/24029"}],"up":[{"embeddable":true,"href":"https:\/\/carea-facade.com\/de\/wp-json\/wp\/v2\/pages\/8913"}],"wp:featuredmedia":[{"embeddable":true,"href":"https:\/\/carea-facade.com\/de\/wp-json\/wp\/v2\/media\/14441"}],"wp:attachment":[{"href":"https:\/\/carea-facade.com\/de\/wp-json\/wp\/v2\/media?parent=8868"}],"curies":[{"name":"wp","href":"https:\/\/api.w.org\/{rel}","templated":true}]}}