{"id":8873,"date":"2025-10-01T16:26:36","date_gmt":"2025-10-01T14:26:36","guid":{"rendered":"https:\/\/carea-facade.com\/engagement-fuer-die-umwelt\/mineralien-ein-material-das-den-herausforderungen-unserer-zeit-gewachsen-ist\/"},"modified":"2026-04-01T12:40:06","modified_gmt":"2026-04-01T10:40:06","slug":"mineralisch-ein-material-das-den-herausforderungen-unserer-zeit-gewachsen-ist","status":"publish","type":"page","link":"https:\/\/carea-facade.com\/de\/engagement-fuer-die-umwelt\/mineralisch-ein-material-das-den-herausforderungen-unserer-zeit-gewachsen-ist\/","title":{"rendered":"Mineralisch: ein Material, das den Herausforderungen unserer Zeit gewachsen ist"},"content":{"rendered":"\n<div class=\"wp-block-group has-global-padding is-layout-constrained wp-container-core-group-is-layout-3bb13389 wp-block-group-is-layout-constrained\" style=\"padding-top:var(--wp--preset--spacing--theme-default);padding-right:var(--wp--preset--spacing--theme-xs);padding-bottom:var(--wp--preset--spacing--theme-default);padding-left:var(--wp--preset--spacing--theme-xs)\">\n<div class=\"wp-block-group content-content-group is-vertical is-layout-flex wp-container-core-group-is-layout-d309df8e wp-block-group-is-layout-flex\">\n<div class=\"wp-block-group has-global-padding is-layout-constrained wp-container-core-group-is-layout-5c2758c5 wp-block-group-is-layout-constrained\">\n<h1 class=\"wp-block-heading has-text-align-left has-black-color has-text-color\" style=\"font-style:normal;font-weight:500;text-transform:uppercase\">Geo-Sourced Material: garantierte mineralische Herkunft<\/h1>\n\n\n\n<p>by <sup>CAREA\u00ae<\/sup>.<\/p>\n<\/div>\n\n\n\n<figure class=\"wp-block-image aligncenter size-full\"><img loading=\"lazy\" decoding=\"async\" width=\"864\" height=\"393\" src=\"https:\/\/carea-facade.com\/wp-content\/uploads\/2026\/01\/Materiau-geo-source-origine-minerale-garantie.svg\" alt=\"Geographisch bezogenes Material mit garantierter mineralischer Herkunft\" class=\"wp-image-23324\"\/><\/figure>\n\n\n\n<h2 class=\"wp-block-heading\">Mineralisch: ein Material, das den Herausforderungen unserer Zeit gewachsen ist<br\/><\/h2>\n\n\n\n<p><sup>CAREA\u00ae<\/sup> Mineralisch wird seit fast 40 Jahren im Bausektor verwendet und besteht zu \u00fcber 90% aus nat\u00fcrlichen mineralischen F\u00fcllstoffen, die in der N\u00e4he der Produktionsst\u00e4tten geosourced werden. Dieses einzigartige Material wurde vom <sup>CAREA\u00ae<\/sup> Forschungs- und Entwicklungslabor entwickelt und bietet eine Vielzahl von L\u00f6sungen f\u00fcr die Kreativit\u00e4t der Architekten bei allen Fassadenprojekten.<\/p>\n\n\n\n<p>Aufgrund seines hohen Anteils an mineralischen F\u00fcllstoffen bietet unser Mineralisches Material <sup>CAREA\u00ae<\/sup> eine hohe Widerstandsf\u00e4higkeit und Dauerhaftigkeit bei minimalem Pflegeaufwand. Von der Wahl der Textur bis hin zu Farben oder Formaten&#8230; alle Kombinationen sind m\u00f6glich, mit der Gewissheit, dass Sie von einem exklusiven Material profitieren, das f\u00fcr seine hohen technischen Qualit\u00e4ten bekannt ist.<\/p>\n\n\n\n<ul class=\"wp-block-list\">\n<li>100% franz\u00f6sisches Design und Herstellung durch die <sup>CAREA\u00ae<\/sup> Gruppe.<br\/><\/li>\n\n\n\n<li>Eine breite Palette von Produkten und Erscheinungsbildern: von Standardprodukten bis hin zu den technischsten oder speziellsten Produkten.<br\/><\/li>\n\n\n\n<li>Kreativit\u00e4t im <sup>CAREA\u00ae-Angebot<\/sup>, sowohl in 2D als auch in 3D.<br\/><\/li>\n\n\n\n<li>Integrierte Forschungs- und Entwicklungslabors (R&amp;D) erm\u00f6glichen die st\u00e4ndige Verbesserung unseres Materials.<br\/><\/li>\n\n\n\n<li>Eine st\u00e4ndige Qualit\u00e4tskontrolle von der Auswahl der Mineralien bis zur Vermarktung unserer Produkte, um eine einwandfreie Qualit\u00e4t zu gew\u00e4hrleisten.<br\/><\/li>\n\n\n\n<li>Ein Material im Dienste der Technik: <br\/>Mineral <sup>CAREA\u00ae<\/sup> kann auf Montagearten mit Unterkonstruktion (BAO) oder ohne Unterkonstruktion (BSO) sowie auf allen Untergr\u00fcnden (Beton, Mauerwerk, Metall, Holz) eingesetzt werden.<br\/><\/li>\n\n\n\n<li>Unsere Fassadenprodukte sind alle mit einem Umwelt- und Gesundheitsdeklarationsblatt (FDES) versehen, das Sie hier oder auf der INIES-Datenbank herunterladen k\u00f6nnen.<br\/><\/li>\n<\/ul>\n\n\n\n<p><strong>Haben Sie eine CAREA-Baustelle, die Sie recyceln m\u00f6chten?  <\/strong><\/p>\n\n\n\n<div class=\"wp-block-buttons is-layout-flex wp-block-buttons-is-layout-flex\">\n<div class=\"wp-block-button\"><a class=\"wp-block-button__link wp-element-button\" href=\"https:\/\/carea-facade.com\/de\/kontakt\/\">kontaktieren Sie uns<\/a><\/div>\n<\/div>\n\n\n\n<h2 class=\"wp-block-heading\">Unser Engagement f\u00fcr die Umwelt<\/h2>\n\n\n\n<figure class=\"wp-block-image aligncenter size-full\"><img loading=\"lazy\" decoding=\"async\" width=\"800\" height=\"320\" src=\"https:\/\/carea-facade.com\/wp-content\/uploads\/2025\/09\/image-24.png\" alt=\"\" class=\"wp-image-1889\" srcset=\"https:\/\/carea-facade.com\/wp-content\/uploads\/2025\/09\/image-24.png 800w, https:\/\/carea-facade.com\/wp-content\/uploads\/2025\/09\/image-24-300x120.png 300w, https:\/\/carea-facade.com\/wp-content\/uploads\/2025\/09\/image-24-768x307.png 768w\" sizes=\"auto, (max-width: 800px) 100vw, 800px\" \/><\/figure>\n\n\n\n<div class=\"wp-block-buttons is-layout-flex wp-block-buttons-is-layout-flex\">\n<div class=\"wp-block-button\"><a class=\"wp-block-button__link wp-element-button\" href=\"https:\/\/carea-facade.com\/de\/engagement-fuer-die-umwelt\/\">Alle unsere Umweltverpflichtungen<\/a><\/div>\n<\/div>\n\n\n\n<h2 class=\"wp-block-heading\">Made in Innovation<\/h2>\n\n\n\n<p>Hinter dem Namen CAREA\u00ae verbirgt sich eine 100%ige franz\u00f6sische, unabh\u00e4ngige Gruppe, die &#8222;Ideen und Kreativit\u00e4t f\u00f6rdert&#8220;. Dieser Wunsch, Innovation t\u00e4glich zu leben, ist Teil unserer DNA, ebenso wie die Qualit\u00e4t unserer umweltfreundlichen L\u00f6sungen.<\/p>\n\n\n\n<p><br\/>Seit unserer Gr\u00fcndung ist es uns ein Anliegen, hervorragende Produkte aus franz\u00f6sischer Herstellung anzubieten, die immer innovativer werden. Diese Kultur der Innovation pflegen wir jeden Tag in unserem Forschungs- und Entwicklungslabor, das ein bevorzugter Ort ist, um die technischen und \u00e4sthetischen Qualit\u00e4ten unserer Produkte zu optimieren.<\/p>\n\n\n\n<figure class=\"wp-block-image alignwide size-full\"><img loading=\"lazy\" decoding=\"async\" width=\"864\" height=\"478\" src=\"https:\/\/carea-facade.com\/wp-content\/uploads\/2025\/09\/DSCF6117-1096x606-1-2.png\" alt=\"\" class=\"wp-image-1906\" srcset=\"https:\/\/carea-facade.com\/wp-content\/uploads\/2025\/09\/DSCF6117-1096x606-1-2.png 864w, https:\/\/carea-facade.com\/wp-content\/uploads\/2025\/09\/DSCF6117-1096x606-1-2-300x166.png 300w, https:\/\/carea-facade.com\/wp-content\/uploads\/2025\/09\/DSCF6117-1096x606-1-2-768x425.png 768w\" sizes=\"auto, (max-width: 864px) 100vw, 864px\" \/><\/figure>\n<\/div>\n<\/div>\n","protected":false},"excerpt":{"rendered":"<p>Geo-Sourced Material: garantierte mineralische Herkunft by CAREA\u00ae. Mineralisch: ein Material, das den Herausforderungen unserer Zeit gewachsen ist CAREA\u00ae Mineralisch wird seit fast 40 Jahren im Bausektor verwendet und besteht zu \u00fcber 90% aus nat\u00fcrlichen mineralischen F\u00fcllstoffen, die in der N\u00e4he der Produktionsst\u00e4tten geosourced werden. Dieses einzigartige Material wurde vom CAREA\u00ae Forschungs- und Entwicklungslabor entwickelt und [&hellip;]<\/p>\n","protected":false},"author":3,"featured_media":14407,"parent":8697,"menu_order":1,"comment_status":"open","ping_status":"closed","template":"","meta":{"_acf_changed":false,"footnotes":""},"class_list":["post-8873","page","type-page","status-publish","has-post-thumbnail","hentry"],"acf":[],"yoast_head":"<!-- This site is optimized with the Yoast SEO plugin v27.5 - https:\/\/yoast.com\/product\/yoast-seo-wordpress\/ -->\n<title>Mineralisch Fassadenverkleidung - Verkleidung mit oder ohne Unterkonstruktion (BAO, BSO)<\/title>\n<meta name=\"description\" content=\"CAREA FACADE - Leistung und \u00c4sthetik f\u00fcr Architekten und Planer: Mineralische Materialien. Verkleidungen und Verkleidungen: Fragen Sie nach unserer BOX.\" \/>\n<meta name=\"robots\" content=\"index, follow, max-snippet:-1, max-image-preview:large, max-video-preview:-1\" \/>\n<link rel=\"canonical\" href=\"https:\/\/carea-facade.com\/de\/engagement-fuer-die-umwelt\/mineralisch-ein-material-das-den-herausforderungen-unserer-zeit-gewachsen-ist\/\" \/>\n<meta property=\"og:locale\" content=\"de_DE\" \/>\n<meta property=\"og:type\" content=\"article\" \/>\n<meta property=\"og:title\" content=\"Mineralisch Fassadenverkleidung - Verkleidung mit oder ohne Unterkonstruktion (BAO, BSO)\" \/>\n<meta property=\"og:description\" content=\"CAREA FACADE - Leistung und \u00c4sthetik f\u00fcr Architekten und Planer: Mineralische Materialien. Verkleidungen und Verkleidungen: Fragen Sie nach unserer BOX.\" \/>\n<meta property=\"og:url\" content=\"https:\/\/carea-facade.com\/de\/engagement-fuer-die-umwelt\/mineralisch-ein-material-das-den-herausforderungen-unserer-zeit-gewachsen-ist\/\" \/>\n<meta property=\"og:site_name\" content=\"Carea facade\" \/>\n<meta property=\"article:modified_time\" content=\"2026-04-01T10:40:06+00:00\" \/>\n<meta property=\"og:image\" content=\"https:\/\/carea-facade.com\/wp-content\/uploads\/2025\/09\/calque-14-1-1.png\" \/>\n\t<meta property=\"og:image:width\" content=\"1096\" \/>\n\t<meta property=\"og:image:height\" content=\"606\" \/>\n\t<meta property=\"og:image:type\" content=\"image\/png\" \/>\n<meta name=\"twitter:card\" content=\"summary_large_image\" \/>\n<meta name=\"twitter:label1\" content=\"Gesch\u00e4tzte Lesezeit\" \/>\n\t<meta name=\"twitter:data1\" content=\"2 Minuten\" \/>\n<script type=\"application\/ld+json\" class=\"yoast-schema-graph\">{\"@context\":\"https:\\\/\\\/schema.org\",\"@graph\":[{\"@type\":\"WebPage\",\"@id\":\"https:\\\/\\\/carea-facade.com\\\/de\\\/engagement-fuer-die-umwelt\\\/mineralisch-ein-material-das-den-herausforderungen-unserer-zeit-gewachsen-ist\\\/\",\"url\":\"https:\\\/\\\/carea-facade.com\\\/de\\\/engagement-fuer-die-umwelt\\\/mineralisch-ein-material-das-den-herausforderungen-unserer-zeit-gewachsen-ist\\\/\",\"name\":\"Mineralisch Fassadenverkleidung - Verkleidung mit oder ohne Unterkonstruktion (BAO, BSO)\",\"isPartOf\":{\"@id\":\"https:\\\/\\\/carea-facade.com\\\/de\\\/#website\"},\"primaryImageOfPage\":{\"@id\":\"https:\\\/\\\/carea-facade.com\\\/de\\\/engagement-fuer-die-umwelt\\\/mineralisch-ein-material-das-den-herausforderungen-unserer-zeit-gewachsen-ist\\\/#primaryimage\"},\"image\":{\"@id\":\"https:\\\/\\\/carea-facade.com\\\/de\\\/engagement-fuer-die-umwelt\\\/mineralisch-ein-material-das-den-herausforderungen-unserer-zeit-gewachsen-ist\\\/#primaryimage\"},\"thumbnailUrl\":\"https:\\\/\\\/carea-facade.com\\\/wp-content\\\/uploads\\\/2025\\\/09\\\/calque-14-1-1.png\",\"datePublished\":\"2025-10-01T14:26:36+00:00\",\"dateModified\":\"2026-04-01T10:40:06+00:00\",\"description\":\"CAREA FACADE - Leistung und \u00c4sthetik f\u00fcr Architekten und Planer: Mineralische Materialien. Verkleidungen und Verkleidungen: Fragen Sie nach unserer BOX.\",\"breadcrumb\":{\"@id\":\"https:\\\/\\\/carea-facade.com\\\/de\\\/engagement-fuer-die-umwelt\\\/mineralisch-ein-material-das-den-herausforderungen-unserer-zeit-gewachsen-ist\\\/#breadcrumb\"},\"inLanguage\":\"de\",\"potentialAction\":[{\"@type\":\"ReadAction\",\"target\":[\"https:\\\/\\\/carea-facade.com\\\/de\\\/engagement-fuer-die-umwelt\\\/mineralisch-ein-material-das-den-herausforderungen-unserer-zeit-gewachsen-ist\\\/\"]}]},{\"@type\":\"ImageObject\",\"inLanguage\":\"de\",\"@id\":\"https:\\\/\\\/carea-facade.com\\\/de\\\/engagement-fuer-die-umwelt\\\/mineralisch-ein-material-das-den-herausforderungen-unserer-zeit-gewachsen-ist\\\/#primaryimage\",\"url\":\"https:\\\/\\\/carea-facade.com\\\/wp-content\\\/uploads\\\/2025\\\/09\\\/calque-14-1-1.png\",\"contentUrl\":\"https:\\\/\\\/carea-facade.com\\\/wp-content\\\/uploads\\\/2025\\\/09\\\/calque-14-1-1.png\",\"width\":1096,\"height\":606,\"caption\":\"Layer 14 1 1\"},{\"@type\":\"BreadcrumbList\",\"@id\":\"https:\\\/\\\/carea-facade.com\\\/de\\\/engagement-fuer-die-umwelt\\\/mineralisch-ein-material-das-den-herausforderungen-unserer-zeit-gewachsen-ist\\\/#breadcrumb\",\"itemListElement\":[{\"@type\":\"ListItem\",\"position\":1,\"name\":\"Accueil\",\"item\":\"https:\\\/\\\/carea-facade.com\\\/de\\\/\"},{\"@type\":\"ListItem\",\"position\":2,\"name\":\"Engagement f\u00fcr die Umwelt\",\"item\":\"https:\\\/\\\/carea-facade.com\\\/de\\\/engagement-fuer-die-umwelt\\\/\"},{\"@type\":\"ListItem\",\"position\":3,\"name\":\"Mineralisch: ein Material, das den Herausforderungen unserer Zeit gewachsen ist\"}]},{\"@type\":\"WebSite\",\"@id\":\"https:\\\/\\\/carea-facade.com\\\/de\\\/#website\",\"url\":\"https:\\\/\\\/carea-facade.com\\\/de\\\/\",\"name\":\"Carea facade\",\"description\":\"\",\"publisher\":{\"@id\":\"https:\\\/\\\/carea-facade.com\\\/de\\\/#organization\"},\"potentialAction\":[{\"@type\":\"SearchAction\",\"target\":{\"@type\":\"EntryPoint\",\"urlTemplate\":\"https:\\\/\\\/carea-facade.com\\\/de\\\/?s={search_term_string}\"},\"query-input\":{\"@type\":\"PropertyValueSpecification\",\"valueRequired\":true,\"valueName\":\"search_term_string\"}}],\"inLanguage\":\"de\"},{\"@type\":\"Organization\",\"@id\":\"https:\\\/\\\/carea-facade.com\\\/de\\\/#organization\",\"name\":\"Carea facade\",\"url\":\"https:\\\/\\\/carea-facade.com\\\/de\\\/\",\"logo\":{\"@type\":\"ImageObject\",\"inLanguage\":\"de\",\"@id\":\"https:\\\/\\\/carea-facade.com\\\/de\\\/#\\\/schema\\\/logo\\\/image\\\/\",\"url\":\"https:\\\/\\\/carea-facade.com\\\/wp-content\\\/uploads\\\/2025\\\/10\\\/logo-carea.svg\",\"contentUrl\":\"https:\\\/\\\/carea-facade.com\\\/wp-content\\\/uploads\\\/2025\\\/10\\\/logo-carea.svg\",\"width\":131,\"height\":95,\"caption\":\"Carea facade\"},\"image\":{\"@id\":\"https:\\\/\\\/carea-facade.com\\\/de\\\/#\\\/schema\\\/logo\\\/image\\\/\"}}]}<\/script>\n<!-- \/ Yoast SEO plugin. -->","yoast_head_json":{"title":"Mineralisch Fassadenverkleidung - Verkleidung mit oder ohne Unterkonstruktion (BAO, BSO)","description":"CAREA FACADE - Leistung und \u00c4sthetik f\u00fcr Architekten und Planer: Mineralische Materialien. Verkleidungen und Verkleidungen: Fragen Sie nach unserer BOX.","robots":{"index":"index","follow":"follow","max-snippet":"max-snippet:-1","max-image-preview":"max-image-preview:large","max-video-preview":"max-video-preview:-1"},"canonical":"https:\/\/carea-facade.com\/de\/engagement-fuer-die-umwelt\/mineralisch-ein-material-das-den-herausforderungen-unserer-zeit-gewachsen-ist\/","og_locale":"de_DE","og_type":"article","og_title":"Mineralisch Fassadenverkleidung - Verkleidung mit oder ohne Unterkonstruktion (BAO, BSO)","og_description":"CAREA FACADE - Leistung und \u00c4sthetik f\u00fcr Architekten und Planer: Mineralische Materialien. Verkleidungen und Verkleidungen: Fragen Sie nach unserer BOX.","og_url":"https:\/\/carea-facade.com\/de\/engagement-fuer-die-umwelt\/mineralisch-ein-material-das-den-herausforderungen-unserer-zeit-gewachsen-ist\/","og_site_name":"Carea facade","article_modified_time":"2026-04-01T10:40:06+00:00","og_image":[{"width":1096,"height":606,"url":"https:\/\/carea-facade.com\/wp-content\/uploads\/2025\/09\/calque-14-1-1.png","type":"image\/png"}],"twitter_card":"summary_large_image","twitter_misc":{"Gesch\u00e4tzte Lesezeit":"2 Minuten"},"schema":{"@context":"https:\/\/schema.org","@graph":[{"@type":"WebPage","@id":"https:\/\/carea-facade.com\/de\/engagement-fuer-die-umwelt\/mineralisch-ein-material-das-den-herausforderungen-unserer-zeit-gewachsen-ist\/","url":"https:\/\/carea-facade.com\/de\/engagement-fuer-die-umwelt\/mineralisch-ein-material-das-den-herausforderungen-unserer-zeit-gewachsen-ist\/","name":"Mineralisch Fassadenverkleidung - Verkleidung mit oder ohne Unterkonstruktion (BAO, BSO)","isPartOf":{"@id":"https:\/\/carea-facade.com\/de\/#website"},"primaryImageOfPage":{"@id":"https:\/\/carea-facade.com\/de\/engagement-fuer-die-umwelt\/mineralisch-ein-material-das-den-herausforderungen-unserer-zeit-gewachsen-ist\/#primaryimage"},"image":{"@id":"https:\/\/carea-facade.com\/de\/engagement-fuer-die-umwelt\/mineralisch-ein-material-das-den-herausforderungen-unserer-zeit-gewachsen-ist\/#primaryimage"},"thumbnailUrl":"https:\/\/carea-facade.com\/wp-content\/uploads\/2025\/09\/calque-14-1-1.png","datePublished":"2025-10-01T14:26:36+00:00","dateModified":"2026-04-01T10:40:06+00:00","description":"CAREA FACADE - Leistung und \u00c4sthetik f\u00fcr Architekten und Planer: Mineralische Materialien. Verkleidungen und Verkleidungen: Fragen Sie nach unserer BOX.","breadcrumb":{"@id":"https:\/\/carea-facade.com\/de\/engagement-fuer-die-umwelt\/mineralisch-ein-material-das-den-herausforderungen-unserer-zeit-gewachsen-ist\/#breadcrumb"},"inLanguage":"de","potentialAction":[{"@type":"ReadAction","target":["https:\/\/carea-facade.com\/de\/engagement-fuer-die-umwelt\/mineralisch-ein-material-das-den-herausforderungen-unserer-zeit-gewachsen-ist\/"]}]},{"@type":"ImageObject","inLanguage":"de","@id":"https:\/\/carea-facade.com\/de\/engagement-fuer-die-umwelt\/mineralisch-ein-material-das-den-herausforderungen-unserer-zeit-gewachsen-ist\/#primaryimage","url":"https:\/\/carea-facade.com\/wp-content\/uploads\/2025\/09\/calque-14-1-1.png","contentUrl":"https:\/\/carea-facade.com\/wp-content\/uploads\/2025\/09\/calque-14-1-1.png","width":1096,"height":606,"caption":"Layer 14 1 1"},{"@type":"BreadcrumbList","@id":"https:\/\/carea-facade.com\/de\/engagement-fuer-die-umwelt\/mineralisch-ein-material-das-den-herausforderungen-unserer-zeit-gewachsen-ist\/#breadcrumb","itemListElement":[{"@type":"ListItem","position":1,"name":"Accueil","item":"https:\/\/carea-facade.com\/de\/"},{"@type":"ListItem","position":2,"name":"Engagement f\u00fcr die Umwelt","item":"https:\/\/carea-facade.com\/de\/engagement-fuer-die-umwelt\/"},{"@type":"ListItem","position":3,"name":"Mineralisch: ein Material, das den Herausforderungen unserer Zeit gewachsen ist"}]},{"@type":"WebSite","@id":"https:\/\/carea-facade.com\/de\/#website","url":"https:\/\/carea-facade.com\/de\/","name":"Carea facade","description":"","publisher":{"@id":"https:\/\/carea-facade.com\/de\/#organization"},"potentialAction":[{"@type":"SearchAction","target":{"@type":"EntryPoint","urlTemplate":"https:\/\/carea-facade.com\/de\/?s={search_term_string}"},"query-input":{"@type":"PropertyValueSpecification","valueRequired":true,"valueName":"search_term_string"}}],"inLanguage":"de"},{"@type":"Organization","@id":"https:\/\/carea-facade.com\/de\/#organization","name":"Carea facade","url":"https:\/\/carea-facade.com\/de\/","logo":{"@type":"ImageObject","inLanguage":"de","@id":"https:\/\/carea-facade.com\/de\/#\/schema\/logo\/image\/","url":"https:\/\/carea-facade.com\/wp-content\/uploads\/2025\/10\/logo-carea.svg","contentUrl":"https:\/\/carea-facade.com\/wp-content\/uploads\/2025\/10\/logo-carea.svg","width":131,"height":95,"caption":"Carea facade"},"image":{"@id":"https:\/\/carea-facade.com\/de\/#\/schema\/logo\/image\/"}}]}},"_links":{"self":[{"href":"https:\/\/carea-facade.com\/de\/wp-json\/wp\/v2\/pages\/8873","targetHints":{"allow":["GET"]}}],"collection":[{"href":"https:\/\/carea-facade.com\/de\/wp-json\/wp\/v2\/pages"}],"about":[{"href":"https:\/\/carea-facade.com\/de\/wp-json\/wp\/v2\/types\/page"}],"author":[{"embeddable":true,"href":"https:\/\/carea-facade.com\/de\/wp-json\/wp\/v2\/users\/3"}],"replies":[{"embeddable":true,"href":"https:\/\/carea-facade.com\/de\/wp-json\/wp\/v2\/comments?post=8873"}],"version-history":[{"count":24,"href":"https:\/\/carea-facade.com\/de\/wp-json\/wp\/v2\/pages\/8873\/revisions"}],"predecessor-version":[{"id":23904,"href":"https:\/\/carea-facade.com\/de\/wp-json\/wp\/v2\/pages\/8873\/revisions\/23904"}],"up":[{"embeddable":true,"href":"https:\/\/carea-facade.com\/de\/wp-json\/wp\/v2\/pages\/8697"}],"wp:featuredmedia":[{"embeddable":true,"href":"https:\/\/carea-facade.com\/de\/wp-json\/wp\/v2\/media\/14407"}],"wp:attachment":[{"href":"https:\/\/carea-facade.com\/de\/wp-json\/wp\/v2\/media?parent=8873"}],"curies":[{"name":"wp","href":"https:\/\/api.w.org\/{rel}","templated":true}]}}