{"id":8896,"date":"2025-10-01T16:26:36","date_gmt":"2025-10-01T14:26:36","guid":{"rendered":"https:\/\/carea-facade.com\/die-carea-gruppe\/das-ingenieurbuero-carea\/"},"modified":"2026-02-25T09:11:46","modified_gmt":"2026-02-25T08:11:46","slug":"das-ingenieurbuero-carea","status":"publish","type":"page","link":"https:\/\/carea-facade.com\/de\/die-carea-gruppe\/das-ingenieurbuero-carea\/","title":{"rendered":"Das Ingenieurb\u00fcro Carea"},"content":{"rendered":"\n<div class=\"wp-block-group has-global-padding is-layout-constrained wp-container-core-group-is-layout-3bb13389 wp-block-group-is-layout-constrained\" style=\"padding-top:var(--wp--preset--spacing--theme-default);padding-right:var(--wp--preset--spacing--theme-xs);padding-bottom:var(--wp--preset--spacing--theme-default);padding-left:var(--wp--preset--spacing--theme-xs)\">\n<div class=\"wp-block-group is-vertical is-layout-flex wp-container-core-group-is-layout-d309df8e wp-block-group-is-layout-flex\">\n<h1 class=\"wp-block-heading has-text-align-left has-black-color has-text-color\" style=\"margin-bottom:40px;font-style:normal;font-weight:500;text-transform:uppercase\">Carea Ingenieurb\u00fcro<\/h1>\n\n\n\n<p>Das Planungsb\u00fcro CAREA begleitet Sie w\u00e4hrend Ihres gesamten Projekts, von der Skizze bis zur Ausf\u00fchrung.<br\/>Das technische und interdisziplin\u00e4re Team des Planungsb\u00fcros CAREA besteht aus Zeichnungstechnikern, Baustellentechnikern und Planungsingenieuren. Dies erm\u00f6glicht es dem Team, auf jede Ihrer Erwartungen fachkundig zu reagieren. <\/p>\n\n\n\n<h2 class=\"wp-block-heading\">Zu Ihren Diensten!<\/h2>\n\n\n\n<p>Wir erarbeiten gemeinsam mit Ihnen die optimale Umsetzung der CAREA-L\u00f6sungen, vom Vorentwurf bis zur technischen Unterst\u00fctzung, um alle Ihre Probleme zu l\u00f6sen.<\/p>\n\n\n\n<p>Einige Dienstleistungen, die das Ingenieurb\u00fcro anbieten kann&#8230;<\/p>\n\n\n\n<h4 class=\"wp-block-heading\">&#8211; Die Realisierung einfacher technischer Details<\/h4>\n\n\n\n<div class=\"wp-block-group is-vertical is-layout-flex wp-container-core-group-is-layout-fe9cc265 wp-block-group-is-layout-flex\">\n<p>In \u00dcbereinstimmung mit dem geltenden technischen Gutachten und der spezifischen Problematik untersuchen wir, wie die Detailausbildungen an Ihrer Fassade zu behandeln sind, um die Montage durchzuf\u00fchren.<\/p>\n<\/div>\n\n\n\n<h4 class=\"wp-block-heading\">&#8211; Technische Empfehlungen<\/h4>\n\n\n\n<p>Je nach gew\u00fcnschter Anordnung und Problematik optimieren wir den erhaltenen Vorschlag, um alle \u00e4sthetischen, technischen und wirtschaftlichen Kriterien zu erf\u00fcllen.<\/p>\n\n\n\n<h4 class=\"wp-block-heading\">&#8211; Prinzip der Verlegung<\/h4>\n\n\n\n<p>In \u00dcbereinstimmung mit Ihren Bed\u00fcrfnissen und W\u00fcnschen entwerfen und zeichnen wir das Layout Ihrer Fassaden.<\/p>\n\n\n\n<h4 class=\"wp-block-heading\">&#8211; Quantitativ<\/h4>\n\n\n\n<p>Wir erstellen eine Liste der Produkte und Zubeh\u00f6rteile, die f\u00fcr das Projekt bestellt werden m\u00fcssen, und geben die entsprechenden Mengen an.<\/p>\n\n\n\n<h4 class=\"wp-block-heading\">&#8211; Simulation<\/h4>\n\n\n\n<p>Wir bieten Ihnen eine realistische Darstellung des zuk\u00fcnftigen Geb\u00e4udes nach Ihren W\u00fcnschen, um es Ihren Kunden zu pr\u00e4sentieren.<\/p>\n\n\n\n<h4 class=\"wp-block-heading\">&#8211; Gesch\u00e4ftsaufbau<\/h4>\n\n\n\n<p>Wir erstellen ein vollst\u00e4ndiges Dossier, das Ihnen alle technischen Elemente (Verlegemuster, technische Details, Mengenangaben, Simulation, &#8230;) liefert, so dass Sie sich nur noch um die Verlegung auf der Baustelle k\u00fcmmern m\u00fcssen.<\/p>\n\n\n\n<h4 class=\"wp-block-heading\">&#8211; Regulatorische Unterst\u00fctzung<\/h4>\n\n\n\n<p>Wir bieten Ihnen die Antworten und L\u00f6sungen, die Sie ben\u00f6tigen, um Ihren Aufsichtsbeh\u00f6rden bei der Beantwortung ihrer Fragen zu helfen.<\/p>\n\n\n\n<h4 class=\"wp-block-heading\">&#8211; Unterst\u00fctzung bei der Bauanzeige<\/h4>\n\n\n\n<p>Bei der Ausf\u00fchrung von Baustellen, die nicht durch die traditionellen technischen Gutachten abgedeckt sind, unterst\u00fctzen wir Sie w\u00e4hrend des gesamten Prozesses, um Ihnen die notwendigen Elemente f\u00fcr eine gute Durchf\u00fchrung Ihrer Baustelle zu liefern (Berechnungsnotiz, Baustellengutachten, ATEx, &#8230;).<\/p>\n\n\n\n<p><em>Die Entwicklungsabteilung steht f\u00fcr eine kontinuierliche Produktentwicklung, um unsere Systeme weiterzuentwickeln und Ihnen funktionelle und wirtschaftliche L\u00f6sungen zu bieten.<\/em><\/p>\n\n\n\n<div class=\"wp-block-buttons is-layout-flex wp-block-buttons-is-layout-flex\">\n<div class=\"wp-block-button\"><a class=\"wp-block-button__link wp-element-button\" href=\"https:\/\/carea-facade.com\/de\/kontakt\/\">kontaktieren Sie uns<\/a><\/div>\n<\/div>\n<\/div>\n<\/div>\n","protected":false},"excerpt":{"rendered":"<p>Carea Ingenieurb\u00fcro Das Planungsb\u00fcro CAREA begleitet Sie w\u00e4hrend Ihres gesamten Projekts, von der Skizze bis zur Ausf\u00fchrung.Das technische und interdisziplin\u00e4re Team des Planungsb\u00fcros CAREA besteht aus Zeichnungstechnikern, Baustellentechnikern und Planungsingenieuren. Dies erm\u00f6glicht es dem Team, auf jede Ihrer Erwartungen fachkundig zu reagieren. Zu Ihren Diensten! Wir erarbeiten gemeinsam mit Ihnen die optimale Umsetzung der CAREA-L\u00f6sungen, [&hellip;]<\/p>\n","protected":false},"author":3,"featured_media":14437,"parent":8858,"menu_order":0,"comment_status":"open","ping_status":"closed","template":"","meta":{"_acf_changed":false,"footnotes":""},"class_list":["post-8896","page","type-page","status-publish","has-post-thumbnail","hentry"],"acf":[],"yoast_head":"<!-- This site is optimized with the Yoast SEO plugin v27.5 - https:\/\/yoast.com\/product\/yoast-seo-wordpress\/ -->\n<title>CAREA Fa\u00e7ade : Planungsb\u00fcro f\u00fcr Ihr Fassadenprojekt (Verkleidung WDVS, VoU, BAO)<\/title>\n<meta name=\"description\" content=\"CAREA FACADE - Entdecken Sie unser Planungsb\u00fcro f\u00fcr eine ma\u00dfgeschneiderte Begleitung bei Ihrem Fassadenprojekt: Kontaktieren Sie unser Team!\" \/>\n<meta name=\"robots\" content=\"index, follow, max-snippet:-1, max-image-preview:large, max-video-preview:-1\" \/>\n<link rel=\"canonical\" href=\"https:\/\/carea-facade.com\/de\/die-carea-gruppe\/das-ingenieurbuero-carea\/\" \/>\n<meta property=\"og:locale\" content=\"de_DE\" \/>\n<meta property=\"og:type\" content=\"article\" \/>\n<meta property=\"og:title\" content=\"CAREA Fa\u00e7ade : Planungsb\u00fcro f\u00fcr Ihr Fassadenprojekt (Verkleidung WDVS, VoU, BAO)\" \/>\n<meta property=\"og:description\" content=\"CAREA FACADE - Entdecken Sie unser Planungsb\u00fcro f\u00fcr eine ma\u00dfgeschneiderte Begleitung bei Ihrem Fassadenprojekt: Kontaktieren Sie unser Team!\" \/>\n<meta property=\"og:url\" content=\"https:\/\/carea-facade.com\/de\/die-carea-gruppe\/das-ingenieurbuero-carea\/\" \/>\n<meta property=\"og:site_name\" content=\"Carea facade\" \/>\n<meta property=\"article:modified_time\" content=\"2026-02-25T08:11:46+00:00\" \/>\n<meta property=\"og:image\" content=\"https:\/\/carea-facade.com\/wp-content\/uploads\/2025\/09\/5illustration-bureau-etudes1.png\" \/>\n\t<meta property=\"og:image:width\" content=\"600\" \/>\n\t<meta property=\"og:image:height\" content=\"393\" \/>\n\t<meta property=\"og:image:type\" content=\"image\/png\" \/>\n<meta name=\"twitter:card\" content=\"summary_large_image\" \/>\n<meta name=\"twitter:label1\" content=\"Gesch\u00e4tzte Lesezeit\" \/>\n\t<meta name=\"twitter:data1\" content=\"2 Minuten\" \/>\n<script type=\"application\/ld+json\" class=\"yoast-schema-graph\">{\"@context\":\"https:\\\/\\\/schema.org\",\"@graph\":[{\"@type\":\"WebPage\",\"@id\":\"https:\\\/\\\/carea-facade.com\\\/de\\\/die-carea-gruppe\\\/das-ingenieurbuero-carea\\\/\",\"url\":\"https:\\\/\\\/carea-facade.com\\\/de\\\/die-carea-gruppe\\\/das-ingenieurbuero-carea\\\/\",\"name\":\"CAREA Fa\u00e7ade : Planungsb\u00fcro f\u00fcr Ihr Fassadenprojekt (Verkleidung WDVS, VoU, BAO)\",\"isPartOf\":{\"@id\":\"https:\\\/\\\/carea-facade.com\\\/de\\\/#website\"},\"primaryImageOfPage\":{\"@id\":\"https:\\\/\\\/carea-facade.com\\\/de\\\/die-carea-gruppe\\\/das-ingenieurbuero-carea\\\/#primaryimage\"},\"image\":{\"@id\":\"https:\\\/\\\/carea-facade.com\\\/de\\\/die-carea-gruppe\\\/das-ingenieurbuero-carea\\\/#primaryimage\"},\"thumbnailUrl\":\"https:\\\/\\\/carea-facade.com\\\/wp-content\\\/uploads\\\/2025\\\/09\\\/5illustration-bureau-etudes1.png\",\"datePublished\":\"2025-10-01T14:26:36+00:00\",\"dateModified\":\"2026-02-25T08:11:46+00:00\",\"description\":\"CAREA FACADE - Entdecken Sie unser Planungsb\u00fcro f\u00fcr eine ma\u00dfgeschneiderte Begleitung bei Ihrem Fassadenprojekt: Kontaktieren Sie unser Team!\",\"breadcrumb\":{\"@id\":\"https:\\\/\\\/carea-facade.com\\\/de\\\/die-carea-gruppe\\\/das-ingenieurbuero-carea\\\/#breadcrumb\"},\"inLanguage\":\"de\",\"potentialAction\":[{\"@type\":\"ReadAction\",\"target\":[\"https:\\\/\\\/carea-facade.com\\\/de\\\/die-carea-gruppe\\\/das-ingenieurbuero-carea\\\/\"]}]},{\"@type\":\"ImageObject\",\"inLanguage\":\"de\",\"@id\":\"https:\\\/\\\/carea-facade.com\\\/de\\\/die-carea-gruppe\\\/das-ingenieurbuero-carea\\\/#primaryimage\",\"url\":\"https:\\\/\\\/carea-facade.com\\\/wp-content\\\/uploads\\\/2025\\\/09\\\/5illustration-bureau-etudes1.png\",\"contentUrl\":\"https:\\\/\\\/carea-facade.com\\\/wp-content\\\/uploads\\\/2025\\\/09\\\/5illustration-bureau-etudes1.png\",\"width\":600,\"height\":393},{\"@type\":\"BreadcrumbList\",\"@id\":\"https:\\\/\\\/carea-facade.com\\\/de\\\/die-carea-gruppe\\\/das-ingenieurbuero-carea\\\/#breadcrumb\",\"itemListElement\":[{\"@type\":\"ListItem\",\"position\":1,\"name\":\"Accueil\",\"item\":\"https:\\\/\\\/carea-facade.com\\\/de\\\/\"},{\"@type\":\"ListItem\",\"position\":2,\"name\":\"Die CAREA\u00ae Gruppe\",\"item\":\"https:\\\/\\\/carea-facade.com\\\/de\\\/die-carea-gruppe\\\/\"},{\"@type\":\"ListItem\",\"position\":3,\"name\":\"Das Ingenieurb\u00fcro Carea\"}]},{\"@type\":\"WebSite\",\"@id\":\"https:\\\/\\\/carea-facade.com\\\/de\\\/#website\",\"url\":\"https:\\\/\\\/carea-facade.com\\\/de\\\/\",\"name\":\"Carea facade\",\"description\":\"\",\"publisher\":{\"@id\":\"https:\\\/\\\/carea-facade.com\\\/de\\\/#organization\"},\"potentialAction\":[{\"@type\":\"SearchAction\",\"target\":{\"@type\":\"EntryPoint\",\"urlTemplate\":\"https:\\\/\\\/carea-facade.com\\\/de\\\/?s={search_term_string}\"},\"query-input\":{\"@type\":\"PropertyValueSpecification\",\"valueRequired\":true,\"valueName\":\"search_term_string\"}}],\"inLanguage\":\"de\"},{\"@type\":\"Organization\",\"@id\":\"https:\\\/\\\/carea-facade.com\\\/de\\\/#organization\",\"name\":\"Carea facade\",\"url\":\"https:\\\/\\\/carea-facade.com\\\/de\\\/\",\"logo\":{\"@type\":\"ImageObject\",\"inLanguage\":\"de\",\"@id\":\"https:\\\/\\\/carea-facade.com\\\/de\\\/#\\\/schema\\\/logo\\\/image\\\/\",\"url\":\"https:\\\/\\\/carea-facade.com\\\/wp-content\\\/uploads\\\/2025\\\/10\\\/logo-carea.svg\",\"contentUrl\":\"https:\\\/\\\/carea-facade.com\\\/wp-content\\\/uploads\\\/2025\\\/10\\\/logo-carea.svg\",\"width\":131,\"height\":95,\"caption\":\"Carea facade\"},\"image\":{\"@id\":\"https:\\\/\\\/carea-facade.com\\\/de\\\/#\\\/schema\\\/logo\\\/image\\\/\"}}]}<\/script>\n<!-- \/ Yoast SEO plugin. -->","yoast_head_json":{"title":"CAREA Fa\u00e7ade : Planungsb\u00fcro f\u00fcr Ihr Fassadenprojekt (Verkleidung WDVS, VoU, BAO)","description":"CAREA FACADE - Entdecken Sie unser Planungsb\u00fcro f\u00fcr eine ma\u00dfgeschneiderte Begleitung bei Ihrem Fassadenprojekt: Kontaktieren Sie unser Team!","robots":{"index":"index","follow":"follow","max-snippet":"max-snippet:-1","max-image-preview":"max-image-preview:large","max-video-preview":"max-video-preview:-1"},"canonical":"https:\/\/carea-facade.com\/de\/die-carea-gruppe\/das-ingenieurbuero-carea\/","og_locale":"de_DE","og_type":"article","og_title":"CAREA Fa\u00e7ade : Planungsb\u00fcro f\u00fcr Ihr Fassadenprojekt (Verkleidung WDVS, VoU, BAO)","og_description":"CAREA FACADE - Entdecken Sie unser Planungsb\u00fcro f\u00fcr eine ma\u00dfgeschneiderte Begleitung bei Ihrem Fassadenprojekt: Kontaktieren Sie unser Team!","og_url":"https:\/\/carea-facade.com\/de\/die-carea-gruppe\/das-ingenieurbuero-carea\/","og_site_name":"Carea facade","article_modified_time":"2026-02-25T08:11:46+00:00","og_image":[{"width":600,"height":393,"url":"https:\/\/carea-facade.com\/wp-content\/uploads\/2025\/09\/5illustration-bureau-etudes1.png","type":"image\/png"}],"twitter_card":"summary_large_image","twitter_misc":{"Gesch\u00e4tzte Lesezeit":"2 Minuten"},"schema":{"@context":"https:\/\/schema.org","@graph":[{"@type":"WebPage","@id":"https:\/\/carea-facade.com\/de\/die-carea-gruppe\/das-ingenieurbuero-carea\/","url":"https:\/\/carea-facade.com\/de\/die-carea-gruppe\/das-ingenieurbuero-carea\/","name":"CAREA Fa\u00e7ade : Planungsb\u00fcro f\u00fcr Ihr Fassadenprojekt (Verkleidung WDVS, VoU, BAO)","isPartOf":{"@id":"https:\/\/carea-facade.com\/de\/#website"},"primaryImageOfPage":{"@id":"https:\/\/carea-facade.com\/de\/die-carea-gruppe\/das-ingenieurbuero-carea\/#primaryimage"},"image":{"@id":"https:\/\/carea-facade.com\/de\/die-carea-gruppe\/das-ingenieurbuero-carea\/#primaryimage"},"thumbnailUrl":"https:\/\/carea-facade.com\/wp-content\/uploads\/2025\/09\/5illustration-bureau-etudes1.png","datePublished":"2025-10-01T14:26:36+00:00","dateModified":"2026-02-25T08:11:46+00:00","description":"CAREA FACADE - Entdecken Sie unser Planungsb\u00fcro f\u00fcr eine ma\u00dfgeschneiderte Begleitung bei Ihrem Fassadenprojekt: Kontaktieren Sie unser Team!","breadcrumb":{"@id":"https:\/\/carea-facade.com\/de\/die-carea-gruppe\/das-ingenieurbuero-carea\/#breadcrumb"},"inLanguage":"de","potentialAction":[{"@type":"ReadAction","target":["https:\/\/carea-facade.com\/de\/die-carea-gruppe\/das-ingenieurbuero-carea\/"]}]},{"@type":"ImageObject","inLanguage":"de","@id":"https:\/\/carea-facade.com\/de\/die-carea-gruppe\/das-ingenieurbuero-carea\/#primaryimage","url":"https:\/\/carea-facade.com\/wp-content\/uploads\/2025\/09\/5illustration-bureau-etudes1.png","contentUrl":"https:\/\/carea-facade.com\/wp-content\/uploads\/2025\/09\/5illustration-bureau-etudes1.png","width":600,"height":393},{"@type":"BreadcrumbList","@id":"https:\/\/carea-facade.com\/de\/die-carea-gruppe\/das-ingenieurbuero-carea\/#breadcrumb","itemListElement":[{"@type":"ListItem","position":1,"name":"Accueil","item":"https:\/\/carea-facade.com\/de\/"},{"@type":"ListItem","position":2,"name":"Die CAREA\u00ae Gruppe","item":"https:\/\/carea-facade.com\/de\/die-carea-gruppe\/"},{"@type":"ListItem","position":3,"name":"Das Ingenieurb\u00fcro Carea"}]},{"@type":"WebSite","@id":"https:\/\/carea-facade.com\/de\/#website","url":"https:\/\/carea-facade.com\/de\/","name":"Carea facade","description":"","publisher":{"@id":"https:\/\/carea-facade.com\/de\/#organization"},"potentialAction":[{"@type":"SearchAction","target":{"@type":"EntryPoint","urlTemplate":"https:\/\/carea-facade.com\/de\/?s={search_term_string}"},"query-input":{"@type":"PropertyValueSpecification","valueRequired":true,"valueName":"search_term_string"}}],"inLanguage":"de"},{"@type":"Organization","@id":"https:\/\/carea-facade.com\/de\/#organization","name":"Carea facade","url":"https:\/\/carea-facade.com\/de\/","logo":{"@type":"ImageObject","inLanguage":"de","@id":"https:\/\/carea-facade.com\/de\/#\/schema\/logo\/image\/","url":"https:\/\/carea-facade.com\/wp-content\/uploads\/2025\/10\/logo-carea.svg","contentUrl":"https:\/\/carea-facade.com\/wp-content\/uploads\/2025\/10\/logo-carea.svg","width":131,"height":95,"caption":"Carea facade"},"image":{"@id":"https:\/\/carea-facade.com\/de\/#\/schema\/logo\/image\/"}}]}},"_links":{"self":[{"href":"https:\/\/carea-facade.com\/de\/wp-json\/wp\/v2\/pages\/8896","targetHints":{"allow":["GET"]}}],"collection":[{"href":"https:\/\/carea-facade.com\/de\/wp-json\/wp\/v2\/pages"}],"about":[{"href":"https:\/\/carea-facade.com\/de\/wp-json\/wp\/v2\/types\/page"}],"author":[{"embeddable":true,"href":"https:\/\/carea-facade.com\/de\/wp-json\/wp\/v2\/users\/3"}],"replies":[{"embeddable":true,"href":"https:\/\/carea-facade.com\/de\/wp-json\/wp\/v2\/comments?post=8896"}],"version-history":[{"count":13,"href":"https:\/\/carea-facade.com\/de\/wp-json\/wp\/v2\/pages\/8896\/revisions"}],"predecessor-version":[{"id":23888,"href":"https:\/\/carea-facade.com\/de\/wp-json\/wp\/v2\/pages\/8896\/revisions\/23888"}],"up":[{"embeddable":true,"href":"https:\/\/carea-facade.com\/de\/wp-json\/wp\/v2\/pages\/8858"}],"wp:featuredmedia":[{"embeddable":true,"href":"https:\/\/carea-facade.com\/de\/wp-json\/wp\/v2\/media\/14437"}],"wp:attachment":[{"href":"https:\/\/carea-facade.com\/de\/wp-json\/wp\/v2\/media?parent=8896"}],"curies":[{"name":"wp","href":"https:\/\/api.w.org\/{rel}","templated":true}]}}