{"id":8901,"date":"2025-10-01T16:26:37","date_gmt":"2025-10-01T14:26:37","guid":{"rendered":"https:\/\/carea-facade.com\/technik\/behandlung-von-singulaeren-punkten\/"},"modified":"2026-02-25T09:11:02","modified_gmt":"2026-02-25T08:11:02","slug":"behandlung-von-detailausbildungen","status":"publish","type":"page","link":"https:\/\/carea-facade.com\/de\/technik\/behandlung-von-detailausbildungen\/","title":{"rendered":"Behandlung von Detailausbildungen"},"content":{"rendered":"\n<div class=\"wp-block-group has-global-padding is-layout-constrained wp-container-core-group-is-layout-3bb13389 wp-block-group-is-layout-constrained\" style=\"padding-top:var(--wp--preset--spacing--theme-default);padding-right:var(--wp--preset--spacing--theme-xs);padding-bottom:var(--wp--preset--spacing--theme-default);padding-left:var(--wp--preset--spacing--theme-xs)\">\n<div class=\"wp-block-group content-content-group is-vertical is-layout-flex wp-container-core-group-is-layout-d309df8e wp-block-group-is-layout-flex\">\n<h1 class=\"wp-block-heading has-text-align-left has-black-color has-text-color\" style=\"margin-bottom:40px;font-style:normal;font-weight:500;text-transform:uppercase\">Behandlung von Detailausbildungen<\/h1>\n\n\n\n<p>Die Detailausbildungen einer Fassade sind die Gesamtheit der Punkte, die die Kontinuit\u00e4t der Verkleidung in Frage stellen. Sie m\u00fcssen so gestaltet sein, dass kein Wasser eindringen kann und ihre Ausf\u00fchrung muss sehr sorgf\u00e4ltig sein.<\/p>\n\n\n\n<h2 class=\"wp-block-heading\">Pr\u00e4ambel<\/h2>\n\n\n\n<p>Die Detailausbildungen einer Fassade k\u00f6nnen linear (Anfang und Ende der Verkleidung, Dehnungsfuge, Schnittprofil, Fassadenecke usw.) oder punktuell (Regenwasserabfluss, Bel\u00fcftung, Kabeldurchf\u00fchrungen, Einfassung von \u00d6ffnungen usw.) sein.<\/p>\n\n\n\n<h2 class=\"wp-block-heading\">Wie man mit Detailausbildungen umgeht<\/h2>\n\n\n\n<p>Die Detailausbildungen einer Fassade k\u00f6nnen auf unterschiedliche Weise behandelt werden.<br\/>Die h\u00e4ufigste L\u00f6sung ist die Verwendung eines Verkleidungsprofils, das das Produkt abdeckt.<br\/><sup>CAREA\u00ae<\/sup> hat f\u00fcr die verschiedenen Produktlinien \u00e4sthetische L\u00f6sungen entwickelt, um die Verkleidungsprofile zu reduzieren oder zu entfernen. Diese L\u00f6sungen k\u00f6nnen in der Fabrik oder direkt auf der Baustelle realisiert werden.<\/p>\n\n\n\n<p>In <a href=\"https:\/\/carea-facade.com\/de\/downloads\/zugang-zu-technischen-datenblaettern\/\">unserem Login-Bereich finden Sie \u00fcber 40 technische Datenbl\u00e4tter zum Herunterladen<\/a>, die die meisten g\u00e4ngigen Detailausbildungen behandeln.<\/p>\n\n\n\n<p>Wir bieten auch <a href=\"https:\/\/carea-facade.com\/de\/technik\/carea-verkleidungsarten\/#3d\">die Herstellung von einteiligen 3D-Teilen<\/a> f\u00fcr hochwertige und ma\u00dfgeschneiderte Behandlungen an.<\/p>\n<\/div>\n<\/div>\n","protected":false},"excerpt":{"rendered":"<p>Behandlung von Detailausbildungen Die Detailausbildungen einer Fassade sind die Gesamtheit der Punkte, die die Kontinuit\u00e4t der Verkleidung in Frage stellen. Sie m\u00fcssen so gestaltet sein, dass kein Wasser eindringen kann und ihre Ausf\u00fchrung muss sehr sorgf\u00e4ltig sein. Pr\u00e4ambel Die Detailausbildungen einer Fassade k\u00f6nnen linear (Anfang und Ende der Verkleidung, Dehnungsfuge, Schnittprofil, Fassadenecke usw.) oder punktuell [&hellip;]<\/p>\n","protected":false},"author":3,"featured_media":14661,"parent":8779,"menu_order":6,"comment_status":"open","ping_status":"closed","template":"","meta":{"_acf_changed":false,"footnotes":""},"class_list":["post-8901","page","type-page","status-publish","has-post-thumbnail","hentry"],"acf":[],"yoast_head":"<!-- This site is optimized with the Yoast SEO plugin v27.5 - https:\/\/yoast.com\/product\/yoast-seo-wordpress\/ -->\n<title>Wie behandelt man Detailausbildungen an einer Fassade? Die CAREA-L\u00f6sung<\/title>\n<meta name=\"description\" content=\"CAREA FACADE - Wie behandelt man Einzelne Punkte? Entdecken Sie die L\u00f6sung unseres Planungsb\u00fcros: Erkl\u00e4rungen. Ein Projekt? Kontaktieren Sie unser Team.\" \/>\n<meta name=\"robots\" content=\"index, follow, max-snippet:-1, max-image-preview:large, max-video-preview:-1\" \/>\n<link rel=\"canonical\" href=\"https:\/\/carea-facade.com\/de\/technik\/behandlung-von-detailausbildungen\/\" \/>\n<meta property=\"og:locale\" content=\"de_DE\" \/>\n<meta property=\"og:type\" content=\"article\" \/>\n<meta property=\"og:title\" content=\"Wie behandelt man Detailausbildungen an einer Fassade? Die CAREA-L\u00f6sung\" \/>\n<meta property=\"og:description\" content=\"CAREA FACADE - Wie behandelt man Einzelne Punkte? Entdecken Sie die L\u00f6sung unseres Planungsb\u00fcros: Erkl\u00e4rungen. Ein Projekt? Kontaktieren Sie unser Team.\" \/>\n<meta property=\"og:url\" content=\"https:\/\/carea-facade.com\/de\/technik\/behandlung-von-detailausbildungen\/\" \/>\n<meta property=\"og:site_name\" content=\"Carea facade\" \/>\n<meta property=\"article:modified_time\" content=\"2026-02-25T08:11:02+00:00\" \/>\n<meta property=\"og:image\" content=\"https:\/\/carea-facade.com\/wp-content\/uploads\/2025\/09\/illustr.jpg\" \/>\n\t<meta property=\"og:image:width\" content=\"1096\" \/>\n\t<meta property=\"og:image:height\" content=\"606\" \/>\n\t<meta property=\"og:image:type\" content=\"image\/jpeg\" \/>\n<meta name=\"twitter:card\" content=\"summary_large_image\" \/>\n<meta name=\"twitter:label1\" content=\"Gesch\u00e4tzte Lesezeit\" \/>\n\t<meta name=\"twitter:data1\" content=\"1\u00a0Minute\" \/>\n<script type=\"application\/ld+json\" class=\"yoast-schema-graph\">{\"@context\":\"https:\\\/\\\/schema.org\",\"@graph\":[{\"@type\":\"WebPage\",\"@id\":\"https:\\\/\\\/carea-facade.com\\\/de\\\/technik\\\/behandlung-von-detailausbildungen\\\/\",\"url\":\"https:\\\/\\\/carea-facade.com\\\/de\\\/technik\\\/behandlung-von-detailausbildungen\\\/\",\"name\":\"Wie behandelt man Detailausbildungen an einer Fassade? Die CAREA-L\u00f6sung\",\"isPartOf\":{\"@id\":\"https:\\\/\\\/carea-facade.com\\\/de\\\/#website\"},\"primaryImageOfPage\":{\"@id\":\"https:\\\/\\\/carea-facade.com\\\/de\\\/technik\\\/behandlung-von-detailausbildungen\\\/#primaryimage\"},\"image\":{\"@id\":\"https:\\\/\\\/carea-facade.com\\\/de\\\/technik\\\/behandlung-von-detailausbildungen\\\/#primaryimage\"},\"thumbnailUrl\":\"https:\\\/\\\/carea-facade.com\\\/wp-content\\\/uploads\\\/2025\\\/09\\\/illustr.jpg\",\"datePublished\":\"2025-10-01T14:26:37+00:00\",\"dateModified\":\"2026-02-25T08:11:02+00:00\",\"description\":\"CAREA FACADE - Wie behandelt man Einzelne Punkte? Entdecken Sie die L\u00f6sung unseres Planungsb\u00fcros: Erkl\u00e4rungen. Ein Projekt? Kontaktieren Sie unser Team.\",\"breadcrumb\":{\"@id\":\"https:\\\/\\\/carea-facade.com\\\/de\\\/technik\\\/behandlung-von-detailausbildungen\\\/#breadcrumb\"},\"inLanguage\":\"de\",\"potentialAction\":[{\"@type\":\"ReadAction\",\"target\":[\"https:\\\/\\\/carea-facade.com\\\/de\\\/technik\\\/behandlung-von-detailausbildungen\\\/\"]}]},{\"@type\":\"ImageObject\",\"inLanguage\":\"de\",\"@id\":\"https:\\\/\\\/carea-facade.com\\\/de\\\/technik\\\/behandlung-von-detailausbildungen\\\/#primaryimage\",\"url\":\"https:\\\/\\\/carea-facade.com\\\/wp-content\\\/uploads\\\/2025\\\/09\\\/illustr.jpg\",\"contentUrl\":\"https:\\\/\\\/carea-facade.com\\\/wp-content\\\/uploads\\\/2025\\\/09\\\/illustr.jpg\",\"width\":1096,\"height\":606,\"caption\":\"illustr\"},{\"@type\":\"BreadcrumbList\",\"@id\":\"https:\\\/\\\/carea-facade.com\\\/de\\\/technik\\\/behandlung-von-detailausbildungen\\\/#breadcrumb\",\"itemListElement\":[{\"@type\":\"ListItem\",\"position\":1,\"name\":\"Accueil\",\"item\":\"https:\\\/\\\/carea-facade.com\\\/de\\\/\"},{\"@type\":\"ListItem\",\"position\":2,\"name\":\"Technik\",\"item\":\"https:\\\/\\\/carea-facade.com\\\/de\\\/technik\\\/\"},{\"@type\":\"ListItem\",\"position\":3,\"name\":\"Behandlung von Detailausbildungen\"}]},{\"@type\":\"WebSite\",\"@id\":\"https:\\\/\\\/carea-facade.com\\\/de\\\/#website\",\"url\":\"https:\\\/\\\/carea-facade.com\\\/de\\\/\",\"name\":\"Carea facade\",\"description\":\"\",\"publisher\":{\"@id\":\"https:\\\/\\\/carea-facade.com\\\/de\\\/#organization\"},\"potentialAction\":[{\"@type\":\"SearchAction\",\"target\":{\"@type\":\"EntryPoint\",\"urlTemplate\":\"https:\\\/\\\/carea-facade.com\\\/de\\\/?s={search_term_string}\"},\"query-input\":{\"@type\":\"PropertyValueSpecification\",\"valueRequired\":true,\"valueName\":\"search_term_string\"}}],\"inLanguage\":\"de\"},{\"@type\":\"Organization\",\"@id\":\"https:\\\/\\\/carea-facade.com\\\/de\\\/#organization\",\"name\":\"Carea facade\",\"url\":\"https:\\\/\\\/carea-facade.com\\\/de\\\/\",\"logo\":{\"@type\":\"ImageObject\",\"inLanguage\":\"de\",\"@id\":\"https:\\\/\\\/carea-facade.com\\\/de\\\/#\\\/schema\\\/logo\\\/image\\\/\",\"url\":\"https:\\\/\\\/carea-facade.com\\\/wp-content\\\/uploads\\\/2025\\\/10\\\/logo-carea.svg\",\"contentUrl\":\"https:\\\/\\\/carea-facade.com\\\/wp-content\\\/uploads\\\/2025\\\/10\\\/logo-carea.svg\",\"width\":131,\"height\":95,\"caption\":\"Carea facade\"},\"image\":{\"@id\":\"https:\\\/\\\/carea-facade.com\\\/de\\\/#\\\/schema\\\/logo\\\/image\\\/\"}}]}<\/script>\n<!-- \/ Yoast SEO plugin. -->","yoast_head_json":{"title":"Wie behandelt man Detailausbildungen an einer Fassade? Die CAREA-L\u00f6sung","description":"CAREA FACADE - Wie behandelt man Einzelne Punkte? Entdecken Sie die L\u00f6sung unseres Planungsb\u00fcros: Erkl\u00e4rungen. Ein Projekt? Kontaktieren Sie unser Team.","robots":{"index":"index","follow":"follow","max-snippet":"max-snippet:-1","max-image-preview":"max-image-preview:large","max-video-preview":"max-video-preview:-1"},"canonical":"https:\/\/carea-facade.com\/de\/technik\/behandlung-von-detailausbildungen\/","og_locale":"de_DE","og_type":"article","og_title":"Wie behandelt man Detailausbildungen an einer Fassade? Die CAREA-L\u00f6sung","og_description":"CAREA FACADE - Wie behandelt man Einzelne Punkte? Entdecken Sie die L\u00f6sung unseres Planungsb\u00fcros: Erkl\u00e4rungen. Ein Projekt? Kontaktieren Sie unser Team.","og_url":"https:\/\/carea-facade.com\/de\/technik\/behandlung-von-detailausbildungen\/","og_site_name":"Carea facade","article_modified_time":"2026-02-25T08:11:02+00:00","og_image":[{"width":1096,"height":606,"url":"https:\/\/carea-facade.com\/wp-content\/uploads\/2025\/09\/illustr.jpg","type":"image\/jpeg"}],"twitter_card":"summary_large_image","twitter_misc":{"Gesch\u00e4tzte Lesezeit":"1\u00a0Minute"},"schema":{"@context":"https:\/\/schema.org","@graph":[{"@type":"WebPage","@id":"https:\/\/carea-facade.com\/de\/technik\/behandlung-von-detailausbildungen\/","url":"https:\/\/carea-facade.com\/de\/technik\/behandlung-von-detailausbildungen\/","name":"Wie behandelt man Detailausbildungen an einer Fassade? Die CAREA-L\u00f6sung","isPartOf":{"@id":"https:\/\/carea-facade.com\/de\/#website"},"primaryImageOfPage":{"@id":"https:\/\/carea-facade.com\/de\/technik\/behandlung-von-detailausbildungen\/#primaryimage"},"image":{"@id":"https:\/\/carea-facade.com\/de\/technik\/behandlung-von-detailausbildungen\/#primaryimage"},"thumbnailUrl":"https:\/\/carea-facade.com\/wp-content\/uploads\/2025\/09\/illustr.jpg","datePublished":"2025-10-01T14:26:37+00:00","dateModified":"2026-02-25T08:11:02+00:00","description":"CAREA FACADE - Wie behandelt man Einzelne Punkte? Entdecken Sie die L\u00f6sung unseres Planungsb\u00fcros: Erkl\u00e4rungen. Ein Projekt? Kontaktieren Sie unser Team.","breadcrumb":{"@id":"https:\/\/carea-facade.com\/de\/technik\/behandlung-von-detailausbildungen\/#breadcrumb"},"inLanguage":"de","potentialAction":[{"@type":"ReadAction","target":["https:\/\/carea-facade.com\/de\/technik\/behandlung-von-detailausbildungen\/"]}]},{"@type":"ImageObject","inLanguage":"de","@id":"https:\/\/carea-facade.com\/de\/technik\/behandlung-von-detailausbildungen\/#primaryimage","url":"https:\/\/carea-facade.com\/wp-content\/uploads\/2025\/09\/illustr.jpg","contentUrl":"https:\/\/carea-facade.com\/wp-content\/uploads\/2025\/09\/illustr.jpg","width":1096,"height":606,"caption":"illustr"},{"@type":"BreadcrumbList","@id":"https:\/\/carea-facade.com\/de\/technik\/behandlung-von-detailausbildungen\/#breadcrumb","itemListElement":[{"@type":"ListItem","position":1,"name":"Accueil","item":"https:\/\/carea-facade.com\/de\/"},{"@type":"ListItem","position":2,"name":"Technik","item":"https:\/\/carea-facade.com\/de\/technik\/"},{"@type":"ListItem","position":3,"name":"Behandlung von Detailausbildungen"}]},{"@type":"WebSite","@id":"https:\/\/carea-facade.com\/de\/#website","url":"https:\/\/carea-facade.com\/de\/","name":"Carea facade","description":"","publisher":{"@id":"https:\/\/carea-facade.com\/de\/#organization"},"potentialAction":[{"@type":"SearchAction","target":{"@type":"EntryPoint","urlTemplate":"https:\/\/carea-facade.com\/de\/?s={search_term_string}"},"query-input":{"@type":"PropertyValueSpecification","valueRequired":true,"valueName":"search_term_string"}}],"inLanguage":"de"},{"@type":"Organization","@id":"https:\/\/carea-facade.com\/de\/#organization","name":"Carea facade","url":"https:\/\/carea-facade.com\/de\/","logo":{"@type":"ImageObject","inLanguage":"de","@id":"https:\/\/carea-facade.com\/de\/#\/schema\/logo\/image\/","url":"https:\/\/carea-facade.com\/wp-content\/uploads\/2025\/10\/logo-carea.svg","contentUrl":"https:\/\/carea-facade.com\/wp-content\/uploads\/2025\/10\/logo-carea.svg","width":131,"height":95,"caption":"Carea facade"},"image":{"@id":"https:\/\/carea-facade.com\/de\/#\/schema\/logo\/image\/"}}]}},"_links":{"self":[{"href":"https:\/\/carea-facade.com\/de\/wp-json\/wp\/v2\/pages\/8901","targetHints":{"allow":["GET"]}}],"collection":[{"href":"https:\/\/carea-facade.com\/de\/wp-json\/wp\/v2\/pages"}],"about":[{"href":"https:\/\/carea-facade.com\/de\/wp-json\/wp\/v2\/types\/page"}],"author":[{"embeddable":true,"href":"https:\/\/carea-facade.com\/de\/wp-json\/wp\/v2\/users\/3"}],"replies":[{"embeddable":true,"href":"https:\/\/carea-facade.com\/de\/wp-json\/wp\/v2\/comments?post=8901"}],"version-history":[{"count":14,"href":"https:\/\/carea-facade.com\/de\/wp-json\/wp\/v2\/pages\/8901\/revisions"}],"predecessor-version":[{"id":23862,"href":"https:\/\/carea-facade.com\/de\/wp-json\/wp\/v2\/pages\/8901\/revisions\/23862"}],"up":[{"embeddable":true,"href":"https:\/\/carea-facade.com\/de\/wp-json\/wp\/v2\/pages\/8779"}],"wp:featuredmedia":[{"embeddable":true,"href":"https:\/\/carea-facade.com\/de\/wp-json\/wp\/v2\/media\/14661"}],"wp:attachment":[{"href":"https:\/\/carea-facade.com\/de\/wp-json\/wp\/v2\/media?parent=8901"}],"curies":[{"name":"wp","href":"https:\/\/api.w.org\/{rel}","templated":true}]}}