{"id":8913,"date":"2025-10-01T16:26:36","date_gmt":"2025-10-01T14:26:36","guid":{"rendered":"https:\/\/carea-facade.com\/downloads\/"},"modified":"2026-01-21T15:13:23","modified_gmt":"2026-01-21T14:13:23","slug":"downloads","status":"publish","type":"page","link":"https:\/\/carea-facade.com\/de\/downloads\/","title":{"rendered":"Downloads"},"content":{"rendered":"\n    <section\n        style=\"padding-top:var(--wp--preset--spacing--theme-default);padding-bottom:var(--wp--preset--spacing--theme-default);\" class=\"double-columns wp-block-acf-double-columns has-background has-primary-background-color has-global-padding is-layout-constrained wp-container-acf-double-columns-is-layout-a22d0bdd wp-block-acf-double-columns-is-layout-constrained\"    >\n\n<div class=\"acf-innerblocks-container\">\n\n<div class=\"wp-block-columns double-columns__container is-layout-flex wp-container-core-columns-is-layout-28f84493 wp-block-columns-is-layout-flex\">\n<div class=\"wp-block-column double-columns__column double-columns__column--title is-layout-flow wp-block-column-is-layout-flow\" style=\"flex-basis:50%\">\n<h2 class=\"wp-block-heading double-columns__title has-black-color has-text-color\" style=\"text-transform:uppercase\">Direkte Downloads<\/h2>\n<\/div>\n\n\n\n<div class=\"wp-block-column double-columns__column double-columns__column--content is-layout-flow wp-block-column-is-layout-flow\" style=\"flex-basis:50%\">\n<p class=\"double-columns__text has-black-color has-text-color\">Laden Sie hier unsere technischen und kommerziellen Unterlagen und alle unsere technischen Gutachten (ATecs) im PDF-Format herunter.<\/p>\n\n\n\n<div class=\"wp-block-button double-columns__gutenberg-button\"><a class=\"wp-block-button__link has-text-align-left wp-element-button\" href=\"https:\/\/carea-facade.com\/de\/downloads\/direkte-downloads\/\" style=\"border-width:1px;border-radius:1px\">Sehen Sie sich die Dokumente an<\/a><\/div>\n<\/div>\n<\/div>\n\n<\/div>\n\n<\/section>\n\n    <section\n        style=\"padding-top:var(--wp--preset--spacing--theme-default);padding-bottom:var(--wp--preset--spacing--theme-default);\" class=\"double-columns wp-block-acf-double-columns has-background has-beige-background-color has-global-padding is-layout-constrained wp-container-acf-double-columns-is-layout-a22d0bdd wp-block-acf-double-columns-is-layout-constrained\"    >\n\n<div class=\"acf-innerblocks-container\">\n\n<div class=\"wp-block-columns double-columns__container is-layout-flex wp-container-core-columns-is-layout-28f84493 wp-block-columns-is-layout-flex\">\n<div class=\"wp-block-column double-columns__column double-columns__column--title is-layout-flow wp-block-column-is-layout-flow\" style=\"flex-basis:50%\">\n<h2 class=\"wp-block-heading double-columns__title has-black-color has-text-color\" style=\"text-transform:uppercase\">Erhalten Sie eine spezifische DOKUMENTATION<\/h2>\n<\/div>\n\n\n\n<div class=\"wp-block-column double-columns__column double-columns__column--content is-layout-flow wp-block-column-is-layout-flow\" style=\"flex-basis:50%\">\n<p class=\"double-columns__text has-black-color has-text-color\">Formular f\u00fcr die Anforderung eines bestimmten technischen Dokuments: Studie, Mustervorlage etc.<\/p>\n\n\n\n<div class=\"wp-block-button double-columns__gutenberg-button\"><a class=\"wp-block-button__link has-text-align-left wp-element-button\" href=\"https:\/\/carea-facade.com\/de\/downloads\/anforderung-spezifischer-unterlagen\/\" style=\"border-width:1px;border-radius:1px\">Kontakt<\/a><\/div>\n<\/div>\n<\/div>\n\n<\/div>\n\n<\/section>\n\n    <section\n        style=\"padding-top:var(--wp--preset--spacing--theme-default);padding-bottom:var(--wp--preset--spacing--theme-default);\" class=\"double-columns wp-block-acf-double-columns has-background has-primary-background-color has-global-padding is-layout-constrained wp-container-acf-double-columns-is-layout-a22d0bdd wp-block-acf-double-columns-is-layout-constrained\"    >\n\n<div class=\"acf-innerblocks-container\">\n\n<div class=\"wp-block-columns double-columns__container is-layout-flex wp-container-core-columns-is-layout-28f84493 wp-block-columns-is-layout-flex\">\n<div class=\"wp-block-column double-columns__column double-columns__column--title is-layout-flow wp-block-column-is-layout-flow\" style=\"flex-basis:50%\">\n<h2 class=\"wp-block-heading double-columns__title has-black-color has-text-color\" style=\"text-transform:uppercase\">Zugang zu technischen Datenbl\u00e4ttern<\/h2>\n<\/div>\n\n\n\n<div class=\"wp-block-column double-columns__column double-columns__column--content is-layout-flow wp-block-column-is-layout-flow\" style=\"flex-basis:50%\">\n<p class=\"double-columns__text has-black-color has-text-color\">Nach der Identifizierung k\u00f6nnen Sie hier \u00fcber 40 technische Datenbl\u00e4tter herunterladen: Detailausbildungen, Endbearbeitungen, Arbeitsanweisungen, Leitf\u00e4den&#8230;<\/p>\n\n\n\n<div class=\"wp-block-button double-columns__gutenberg-button\"><a class=\"wp-block-button__link has-text-align-left wp-element-button\" href=\"https:\/\/carea-facade.com\/de\/downloads\/zugang-zu-technischen-datenblaettern\/\" style=\"border-width:1px;border-radius:1px\">Antrag auf Zugang<\/a><\/div>\n<\/div>\n<\/div>\n\n<\/div>\n\n<\/section>\n\n    <section\n        style=\"padding-top:var(--wp--preset--spacing--theme-default);padding-bottom:var(--wp--preset--spacing--theme-default);\" class=\"double-columns wp-block-acf-double-columns has-background has-beige-background-color has-global-padding is-layout-constrained wp-container-acf-double-columns-is-layout-a22d0bdd wp-block-acf-double-columns-is-layout-constrained\"    >\n\n<div class=\"acf-innerblocks-container\">\n\n<div class=\"wp-block-columns double-columns__container is-layout-flex wp-container-core-columns-is-layout-28f84493 wp-block-columns-is-layout-flex\">\n<div class=\"wp-block-column double-columns__column double-columns__column--title is-layout-flow wp-block-column-is-layout-flow\" style=\"flex-basis:50%\">\n<h2 class=\"wp-block-heading double-columns__title has-black-color has-text-color\" style=\"text-transform:uppercase\">Zugang zu DWG-Zeichnungen<\/h2>\n<\/div>\n\n\n\n<div class=\"wp-block-column double-columns__column double-columns__column--content is-layout-flow wp-block-column-is-layout-flow\" style=\"flex-basis:50%\">\n<p class=\"double-columns__text has-black-color has-text-color\">Nach der Identifizierung k\u00f6nnen Sie hier alle technischen Zeichnungen unserer Systeme im DWG-Format herunterladen.<\/p>\n\n\n\n<div class=\"wp-block-button double-columns__gutenberg-button\"><a class=\"wp-block-button__link has-text-align-left wp-element-button\" href=\"https:\/\/carea-facade.com\/de\/downloads\/zugang-zu-dwg-zeichnungen\/\" style=\"border-width:1px;border-radius:1px\">Antrag auf Zugang<\/a><\/div>\n<\/div>\n<\/div>\n\n<\/div>\n\n<\/section>\n\n    <section\n        style=\"padding-top:var(--wp--preset--spacing--theme-default);padding-bottom:var(--wp--preset--spacing--theme-default);\" class=\"double-columns wp-block-acf-double-columns has-background has-primary-background-color has-global-padding is-layout-constrained wp-container-acf-double-columns-is-layout-a22d0bdd wp-block-acf-double-columns-is-layout-constrained\"    >\n\n<div class=\"acf-innerblocks-container\">\n\n<div class=\"wp-block-columns double-columns__container is-layout-flex wp-container-core-columns-is-layout-28f84493 wp-block-columns-is-layout-flex\">\n<div class=\"wp-block-column double-columns__column double-columns__column--title is-layout-flow wp-block-column-is-layout-flow\" style=\"flex-basis:50%\">\n<h2 class=\"wp-block-heading double-columns__title has-black-color has-text-color\" style=\"text-transform:uppercase\">Zugang zu BIM-Objekten und 3D-Texturen-Farbkarte<\/h2>\n<\/div>\n\n\n\n<div class=\"wp-block-column double-columns__column double-columns__column--content is-layout-flow wp-block-column-is-layout-flow\" style=\"flex-basis:50%\">\n<p class=\"double-columns__text has-black-color has-text-color\">Um Sie bei der Gestaltung Ihrer Modelle und Simulationen zu unterst\u00fctzen, k\u00f6nnen Sie hier nach der Identifizierung alle unsere BIM-Objekte und die Farbpalette unserer 3D-Texturen herunterladen.<\/p>\n\n\n\n<p><a href=\"https:\/\/carea-facade.com\/fr\/la-technique\/le-bim-selon-carea\/\" target=\"_blank\" rel=\"noreferrer noopener\">Erfahren Sie mehr \u00fcber BIM&#8230;<\/a><\/p>\n\n\n\n<div class=\"wp-block-button double-columns__gutenberg-button\"><a class=\"wp-block-button__link has-text-align-left wp-element-button\" href=\"https:\/\/carea-facade.com\/de\/downloads\/zugang-zu-bim-objekten-und-3d-farbtoenen\/\" style=\"border-width:1px;border-radius:1px\">Antrag auf Zugang<\/a><\/div>\n<\/div>\n<\/div>\n\n<\/div>\n\n<\/section>\n\n    <section\n        style=\"padding-top:var(--wp--preset--spacing--theme-default);padding-bottom:var(--wp--preset--spacing--theme-default);\" class=\"double-columns wp-block-acf-double-columns has-background has-beige-background-color has-global-padding is-layout-constrained wp-container-acf-double-columns-is-layout-a22d0bdd wp-block-acf-double-columns-is-layout-constrained\"    >\n\n<div class=\"acf-innerblocks-container\">\n\n<div class=\"wp-block-columns double-columns__container is-layout-flex wp-container-core-columns-is-layout-28f84493 wp-block-columns-is-layout-flex\">\n<div class=\"wp-block-column double-columns__column double-columns__column--title is-layout-flow wp-block-column-is-layout-flow\" style=\"flex-basis:50%\">\n<h2 class=\"wp-block-heading double-columns__title has-black-color has-text-color\" style=\"text-transform:uppercase\">EPD-Zugang<\/h2>\n<\/div>\n\n\n\n<div class=\"wp-block-column double-columns__column double-columns__column--content is-layout-flow wp-block-column-is-layout-flow\" style=\"flex-basis:50%\">\n<p class=\"double-columns__text has-black-color has-text-color\">Nach der Identifizierung k\u00f6nnen Sie hier die EPDs (Environmental and Health Declaration Sheets) f\u00fcr unsere Produkte herunterladen.<\/p>\n\n\n\n<div class=\"wp-block-button double-columns__gutenberg-button\"><a class=\"wp-block-button__link has-text-align-left wp-element-button\" href=\"https:\/\/carea-facade.com\/de\/downloads\/zugang-zu-fdes-datenblaettern\/\" style=\"border-width:1px;border-radius:1px\">Antrag auf Zugang<\/a><\/div>\n<\/div>\n<\/div>\n\n<\/div>\n\n<\/section>\n","protected":false},"excerpt":{"rendered":"","protected":false},"author":3,"featured_media":0,"parent":0,"menu_order":46,"comment_status":"open","ping_status":"open","template":"","meta":{"_acf_changed":false,"footnotes":""},"class_list":["post-8913","page","type-page","status-publish","hentry"],"acf":[],"yoast_head":"<!-- This site is optimized with the Yoast SEO plugin v27.5 - https:\/\/yoast.com\/product\/yoast-seo-wordpress\/ -->\n<title>CAREA Dokumentation - Fassadenverkleidung, Verkleidung : technische Gutachten, Datenbl\u00e4tter...<\/title>\n<meta name=\"description\" content=\"CAREA FACADE - Hier finden Sie die gesamte Dokumentation, die Sie ben\u00f6tigen: Verkaufsunterlagen, technische Stellungnahmen (ATecs), technische Datenbl\u00e4tter, etc.\" \/>\n<meta name=\"robots\" content=\"index, follow, max-snippet:-1, max-image-preview:large, max-video-preview:-1\" \/>\n<link rel=\"canonical\" href=\"https:\/\/carea-facade.com\/de\/downloads\/\" \/>\n<meta property=\"og:locale\" content=\"de_DE\" \/>\n<meta property=\"og:type\" content=\"article\" \/>\n<meta property=\"og:title\" content=\"CAREA Dokumentation - Fassadenverkleidung, Verkleidung : technische Gutachten, Datenbl\u00e4tter...\" \/>\n<meta property=\"og:description\" content=\"CAREA FACADE - Hier finden Sie die gesamte Dokumentation, die Sie ben\u00f6tigen: Verkaufsunterlagen, technische Stellungnahmen (ATecs), technische Datenbl\u00e4tter, etc.\" \/>\n<meta property=\"og:url\" content=\"https:\/\/carea-facade.com\/de\/downloads\/\" \/>\n<meta property=\"og:site_name\" content=\"Carea facade\" \/>\n<meta property=\"article:modified_time\" content=\"2026-01-21T14:13:23+00:00\" \/>\n<meta name=\"twitter:card\" content=\"summary_large_image\" \/>\n<meta name=\"twitter:label1\" content=\"Gesch\u00e4tzte Lesezeit\" \/>\n\t<meta name=\"twitter:data1\" content=\"1\u00a0Minute\" \/>\n<script type=\"application\/ld+json\" class=\"yoast-schema-graph\">{\"@context\":\"https:\\\/\\\/schema.org\",\"@graph\":[{\"@type\":\"WebPage\",\"@id\":\"https:\\\/\\\/carea-facade.com\\\/de\\\/downloads\\\/\",\"url\":\"https:\\\/\\\/carea-facade.com\\\/de\\\/downloads\\\/\",\"name\":\"CAREA Dokumentation - Fassadenverkleidung, Verkleidung : technische Gutachten, Datenbl\u00e4tter...\",\"isPartOf\":{\"@id\":\"https:\\\/\\\/carea-facade.com\\\/de\\\/#website\"},\"datePublished\":\"2025-10-01T14:26:36+00:00\",\"dateModified\":\"2026-01-21T14:13:23+00:00\",\"description\":\"CAREA FACADE - Hier finden Sie die gesamte Dokumentation, die Sie ben\u00f6tigen: Verkaufsunterlagen, technische Stellungnahmen (ATecs), technische Datenbl\u00e4tter, etc.\",\"breadcrumb\":{\"@id\":\"https:\\\/\\\/carea-facade.com\\\/de\\\/downloads\\\/#breadcrumb\"},\"inLanguage\":\"de\",\"potentialAction\":[{\"@type\":\"ReadAction\",\"target\":[\"https:\\\/\\\/carea-facade.com\\\/de\\\/downloads\\\/\"]}]},{\"@type\":\"BreadcrumbList\",\"@id\":\"https:\\\/\\\/carea-facade.com\\\/de\\\/downloads\\\/#breadcrumb\",\"itemListElement\":[{\"@type\":\"ListItem\",\"position\":1,\"name\":\"Accueil\",\"item\":\"https:\\\/\\\/carea-facade.com\\\/de\\\/\"},{\"@type\":\"ListItem\",\"position\":2,\"name\":\"Downloads\"}]},{\"@type\":\"WebSite\",\"@id\":\"https:\\\/\\\/carea-facade.com\\\/de\\\/#website\",\"url\":\"https:\\\/\\\/carea-facade.com\\\/de\\\/\",\"name\":\"Carea facade\",\"description\":\"\",\"publisher\":{\"@id\":\"https:\\\/\\\/carea-facade.com\\\/de\\\/#organization\"},\"potentialAction\":[{\"@type\":\"SearchAction\",\"target\":{\"@type\":\"EntryPoint\",\"urlTemplate\":\"https:\\\/\\\/carea-facade.com\\\/de\\\/?s={search_term_string}\"},\"query-input\":{\"@type\":\"PropertyValueSpecification\",\"valueRequired\":true,\"valueName\":\"search_term_string\"}}],\"inLanguage\":\"de\"},{\"@type\":\"Organization\",\"@id\":\"https:\\\/\\\/carea-facade.com\\\/de\\\/#organization\",\"name\":\"Carea facade\",\"url\":\"https:\\\/\\\/carea-facade.com\\\/de\\\/\",\"logo\":{\"@type\":\"ImageObject\",\"inLanguage\":\"de\",\"@id\":\"https:\\\/\\\/carea-facade.com\\\/de\\\/#\\\/schema\\\/logo\\\/image\\\/\",\"url\":\"https:\\\/\\\/carea-facade.com\\\/wp-content\\\/uploads\\\/2025\\\/10\\\/logo-carea.svg\",\"contentUrl\":\"https:\\\/\\\/carea-facade.com\\\/wp-content\\\/uploads\\\/2025\\\/10\\\/logo-carea.svg\",\"width\":131,\"height\":95,\"caption\":\"Carea facade\"},\"image\":{\"@id\":\"https:\\\/\\\/carea-facade.com\\\/de\\\/#\\\/schema\\\/logo\\\/image\\\/\"}}]}<\/script>\n<!-- \/ Yoast SEO plugin. -->","yoast_head_json":{"title":"CAREA Dokumentation - Fassadenverkleidung, Verkleidung : technische Gutachten, Datenbl\u00e4tter...","description":"CAREA FACADE - Hier finden Sie die gesamte Dokumentation, die Sie ben\u00f6tigen: Verkaufsunterlagen, technische Stellungnahmen (ATecs), technische Datenbl\u00e4tter, etc.","robots":{"index":"index","follow":"follow","max-snippet":"max-snippet:-1","max-image-preview":"max-image-preview:large","max-video-preview":"max-video-preview:-1"},"canonical":"https:\/\/carea-facade.com\/de\/downloads\/","og_locale":"de_DE","og_type":"article","og_title":"CAREA Dokumentation - Fassadenverkleidung, Verkleidung : technische Gutachten, Datenbl\u00e4tter...","og_description":"CAREA FACADE - Hier finden Sie die gesamte Dokumentation, die Sie ben\u00f6tigen: Verkaufsunterlagen, technische Stellungnahmen (ATecs), technische Datenbl\u00e4tter, etc.","og_url":"https:\/\/carea-facade.com\/de\/downloads\/","og_site_name":"Carea facade","article_modified_time":"2026-01-21T14:13:23+00:00","twitter_card":"summary_large_image","twitter_misc":{"Gesch\u00e4tzte Lesezeit":"1\u00a0Minute"},"schema":{"@context":"https:\/\/schema.org","@graph":[{"@type":"WebPage","@id":"https:\/\/carea-facade.com\/de\/downloads\/","url":"https:\/\/carea-facade.com\/de\/downloads\/","name":"CAREA Dokumentation - Fassadenverkleidung, Verkleidung : technische Gutachten, Datenbl\u00e4tter...","isPartOf":{"@id":"https:\/\/carea-facade.com\/de\/#website"},"datePublished":"2025-10-01T14:26:36+00:00","dateModified":"2026-01-21T14:13:23+00:00","description":"CAREA FACADE - Hier finden Sie die gesamte Dokumentation, die Sie ben\u00f6tigen: Verkaufsunterlagen, technische Stellungnahmen (ATecs), technische Datenbl\u00e4tter, etc.","breadcrumb":{"@id":"https:\/\/carea-facade.com\/de\/downloads\/#breadcrumb"},"inLanguage":"de","potentialAction":[{"@type":"ReadAction","target":["https:\/\/carea-facade.com\/de\/downloads\/"]}]},{"@type":"BreadcrumbList","@id":"https:\/\/carea-facade.com\/de\/downloads\/#breadcrumb","itemListElement":[{"@type":"ListItem","position":1,"name":"Accueil","item":"https:\/\/carea-facade.com\/de\/"},{"@type":"ListItem","position":2,"name":"Downloads"}]},{"@type":"WebSite","@id":"https:\/\/carea-facade.com\/de\/#website","url":"https:\/\/carea-facade.com\/de\/","name":"Carea facade","description":"","publisher":{"@id":"https:\/\/carea-facade.com\/de\/#organization"},"potentialAction":[{"@type":"SearchAction","target":{"@type":"EntryPoint","urlTemplate":"https:\/\/carea-facade.com\/de\/?s={search_term_string}"},"query-input":{"@type":"PropertyValueSpecification","valueRequired":true,"valueName":"search_term_string"}}],"inLanguage":"de"},{"@type":"Organization","@id":"https:\/\/carea-facade.com\/de\/#organization","name":"Carea facade","url":"https:\/\/carea-facade.com\/de\/","logo":{"@type":"ImageObject","inLanguage":"de","@id":"https:\/\/carea-facade.com\/de\/#\/schema\/logo\/image\/","url":"https:\/\/carea-facade.com\/wp-content\/uploads\/2025\/10\/logo-carea.svg","contentUrl":"https:\/\/carea-facade.com\/wp-content\/uploads\/2025\/10\/logo-carea.svg","width":131,"height":95,"caption":"Carea facade"},"image":{"@id":"https:\/\/carea-facade.com\/de\/#\/schema\/logo\/image\/"}}]}},"_links":{"self":[{"href":"https:\/\/carea-facade.com\/de\/wp-json\/wp\/v2\/pages\/8913","targetHints":{"allow":["GET"]}}],"collection":[{"href":"https:\/\/carea-facade.com\/de\/wp-json\/wp\/v2\/pages"}],"about":[{"href":"https:\/\/carea-facade.com\/de\/wp-json\/wp\/v2\/types\/page"}],"author":[{"embeddable":true,"href":"https:\/\/carea-facade.com\/de\/wp-json\/wp\/v2\/users\/3"}],"replies":[{"embeddable":true,"href":"https:\/\/carea-facade.com\/de\/wp-json\/wp\/v2\/comments?post=8913"}],"version-history":[{"count":6,"href":"https:\/\/carea-facade.com\/de\/wp-json\/wp\/v2\/pages\/8913\/revisions"}],"predecessor-version":[{"id":23237,"href":"https:\/\/carea-facade.com\/de\/wp-json\/wp\/v2\/pages\/8913\/revisions\/23237"}],"wp:attachment":[{"href":"https:\/\/carea-facade.com\/de\/wp-json\/wp\/v2\/media?parent=8913"}],"curies":[{"name":"wp","href":"https:\/\/api.w.org\/{rel}","templated":true}]}}