{"id":8922,"date":"2025-10-01T17:26:30","date_gmt":"2025-10-01T15:26:30","guid":{"rendered":"https:\/\/carea-facade.com\/engagement-fuer-die-umwelt\/von-der-herstellung-bis-zum-recycling\/"},"modified":"2026-04-01T12:41:30","modified_gmt":"2026-04-01T10:41:30","slug":"von-der-herstellung-bis-zum-recycling","status":"publish","type":"page","link":"https:\/\/carea-facade.com\/de\/engagement-fuer-die-umwelt\/von-der-herstellung-bis-zum-recycling\/","title":{"rendered":"Von der Herstellung bis zum Recycling&#8230;"},"content":{"rendered":"\n<div class=\"wp-block-group has-global-padding is-layout-constrained wp-container-core-group-is-layout-3bb13389 wp-block-group-is-layout-constrained\" style=\"padding-top:var(--wp--preset--spacing--theme-default);padding-right:var(--wp--preset--spacing--theme-xs);padding-bottom:var(--wp--preset--spacing--theme-default);padding-left:var(--wp--preset--spacing--theme-xs)\">\n<div class=\"wp-block-group content-content-group is-vertical is-layout-flex wp-container-core-group-is-layout-d309df8e wp-block-group-is-layout-flex\">\n<h1 class=\"wp-block-heading has-text-align-left has-black-color has-text-color\" style=\"margin-bottom:40px;font-style:normal;font-weight:500;text-transform:uppercase\">Von der Herstellung bis zum Recycling&#8230;<\/h1>\n\n\n\n<h2 class=\"wp-block-heading\">Aus umweltfreundlichem Material<\/h2>\n\n\n\n<h3 class=\"wp-block-heading\">Unsere Herstellungsverfahren<\/h3>\n\n\n\n<p><strong>Exklusives Material Mineral Composite, das in Frankreich geosourced<\/strong> wird<br\/>90% der Zusammensetzung unserer Materialien stammen aus nat\u00fcrlichen mineralischen F\u00fcllstoffen, die vor Ort (in der Region Pays de la Loire, in der N\u00e4he unserer Fabriken) abgebaut werden. Das verwendete Bindemittel besteht zu 10% aus recycelten Bestandteilen.<\/p>\n\n\n\n<p><strong>Vertikaler Produktionskreislauf<\/strong><br\/>Unser Material, Mineralwerkstoff, wird in Mayenne (53) hergestellt. Unsere Produkte werden zu 100% in Frankreich in unseren Fabriken in Sill\u00e9-le-Guillaume (72) f\u00fcr den Sanit\u00e4rbereich und in Combr\u00e9e (49) f\u00fcr die Fassadenprodukte hergestellt. Diese lokale Herstellung erm\u00f6glicht es uns, den Direktverkauf zu bevorzugen und so unseren CO2-Fu\u00dfabdruck beim Transport der Materialien zu reduzieren.<\/p>\n\n\n\n<p><strong>Saubere Produktion<\/strong><br\/>Aufgrund der Wahl unserer Materialien emittieren unsere Produkte nur sehr wenig<sub>CO2<\/sub> w\u00e4hrend der Produktion. Dar\u00fcber hinaus wird das f\u00fcr den Produktionsprozess ben\u00f6tigte Wasser in einem geschlossenen Kreislauf verwendet.<\/p>\n\n\n\n<figure class=\"wp-block-image size-full\"><img loading=\"lazy\" decoding=\"async\" width=\"800\" height=\"320\" src=\"https:\/\/carea-facade.com\/wp-content\/uploads\/2025\/09\/image-24.png\" alt=\"Hergestellt in Frankreich\" class=\"wp-image-1889\" srcset=\"https:\/\/carea-facade.com\/wp-content\/uploads\/2025\/09\/image-24.png 800w, https:\/\/carea-facade.com\/wp-content\/uploads\/2025\/09\/image-24-300x120.png 300w, https:\/\/carea-facade.com\/wp-content\/uploads\/2025\/09\/image-24-768x307.png 768w\" sizes=\"auto, (max-width: 800px) 100vw, 800px\" \/><\/figure>\n\n\n\n<h3 class=\"wp-block-heading\">Das Leben unserer Produkte<\/h3>\n\n\n\n<p><strong>Beitrag zu<\/strong><strong>energiesparenden<\/strong><strong>Geb\u00e4uden<\/strong>&#8230;<br\/>Unsere Verblender werden meist in Verbindung mit WDVS und\/oder energieeffizienten Systemen eingesetzt, die den Energieverbrauch begrenzen oder ganz ausschlie\u00dfen. Sie sind mit biobasierten D\u00e4mmstoffen kompatibel.<\/p>\n\n\n\n<p><strong>Nicht por\u00f6s<\/strong><strong>&#8230;<\/strong><\/p>\n\n\n\n<p>Da unsere Materialien nur wenig Pflege ben\u00f6tigen, tragen sie zur Begrenzung der Umweltauswirkungen bei, indem sie die Reinigung (Wasser, Chemikalien usw.) einschr\u00e4nken.<\/p>\n\n\n\n<p><strong>&#8230; und widerstandsf\u00e4hig und pflegeleicht<\/strong><br\/>Von den 15 Millionen m\u00b2 verlegter Fassaden und 3 Millionen installierter Sanit\u00e4reinheiten sind einige bereits seit \u00fcber 40 Jahren in Betrieb. Unsere Materialien sind von Natur aus langlebig und nachhaltig, so dass sie nur selten erneuert werden m\u00fcssen. Unsere Materialien tragen dazu bei, die Auswirkungen auf die Umwelt zu begrenzen, indem sie die Reinigung (Wasser, Chemikalien usw.) reduzieren.<\/p>\n\n\n\n<h3 class=\"wp-block-heading\">Wiederverwertung unserer Materialien<\/h3>\n\n\n\n<p><strong>Wiederverwertbare<\/strong><strong>Materialien<\/strong>&#8230;<br\/>Die bei der Produktion anfallenden Prozessabf\u00e4lle werden in unseren Fabriken gesammelt und f\u00fcr neue Produktionen wiederverwendet.<br\/>Dar\u00fcber hinaus k\u00f6nnen unsere Materialien im Falle einer Demontage oder eines Abrisses von den lokalen Beh\u00f6rden wiederverwertet werden, um sie z.B. als Stra\u00dfenaufsch\u00fcttungen zu verwenden.<\/p>\n\n\n\n<p><strong>&#8230; wiederverwendbar<\/strong>&#8230;<br\/>Unsere Entwicklungsteams haben neue Verfahren entwickelt, die eine vollst\u00e4ndige R\u00fcckgewinnung und <strong>Wiederverwertung<\/strong> unserer Produkte nach der Demontage oder dem Abriss durch uns erm\u00f6glichen. Die gesammelten Produkte k\u00f6nnen nach Pr\u00fcfung und Reinigung wiederverwendet werden.<\/p>\n\n\n\n<p><strong>&#8230; Und mehr<\/strong><br\/>Unsere Fassaden- und Sanit\u00e4rprodukte sind Gegenstand von Umwelt- und Gesundheitsdeklarationsbl\u00e4ttern (FDES), die auf unseren Websites oder <a href=\"https:\/\/www.base-inies.fr\/iniesV4\/dist\/consultation.html\">in der INIES-Datenbank<\/a> heruntergeladen werden k\u00f6nnen und die die<sub>CO2-Emissionen<\/sub> unserer Produkte w\u00e4hrend ihres gesamten Lebenszyklus analysieren.<\/p>\n\n\n\n<p><strong>Haben Sie eine CAREA-Baustelle, die Sie recyceln m\u00f6chten?  <\/strong><\/p>\n\n\n\n<div class=\"wp-block-buttons is-layout-flex wp-block-buttons-is-layout-flex\">\n<div class=\"wp-block-button\"><a class=\"wp-block-button__link wp-element-button\" href=\"https:\/\/carea-facade.com\/de\/kontakt\/\">Kontaktieren Sie uns<\/a><\/div>\n<\/div>\n<\/div>\n<\/div>\n","protected":false},"excerpt":{"rendered":"<p>Von der Herstellung bis zum Recycling&#8230; Aus umweltfreundlichem Material Unsere Herstellungsverfahren Exklusives Material Mineral Composite, das in Frankreich geosourced wird90% der Zusammensetzung unserer Materialien stammen aus nat\u00fcrlichen mineralischen F\u00fcllstoffen, die vor Ort (in der Region Pays de la Loire, in der N\u00e4he unserer Fabriken) abgebaut werden. Das verwendete Bindemittel besteht zu 10% aus recycelten Bestandteilen. [&hellip;]<\/p>\n","protected":false},"author":3,"featured_media":0,"parent":8697,"menu_order":2,"comment_status":"closed","ping_status":"closed","template":"","meta":{"_acf_changed":false,"footnotes":""},"class_list":["post-8922","page","type-page","status-publish","hentry"],"acf":[],"yoast_head":"<!-- This site is optimized with the Yoast SEO plugin v27.5 - https:\/\/yoast.com\/product\/yoast-seo-wordpress\/ -->\n<title>Mineral Composite Fassade - Umweltfreundliches Material Frankreich<\/title>\n<meta name=\"description\" content=\"CAREA FACADE - Exklusives Material Mineral Composite aus geobasiertem Material. Die Produkte werden zu 100% in Frankreich hergestellt und bestehen aus wiederverwertbaren Materialien.\" \/>\n<meta name=\"robots\" content=\"index, follow, max-snippet:-1, max-image-preview:large, max-video-preview:-1\" \/>\n<link rel=\"canonical\" href=\"https:\/\/carea-facade.com\/de\/engagement-fuer-die-umwelt\/von-der-herstellung-bis-zum-recycling\/\" \/>\n<meta property=\"og:locale\" content=\"de_DE\" \/>\n<meta property=\"og:type\" content=\"article\" \/>\n<meta property=\"og:title\" content=\"Mineral Composite Fassade - Umweltfreundliches Material Frankreich\" \/>\n<meta property=\"og:description\" content=\"CAREA FACADE - Exklusives Material Mineral Composite aus geobasiertem Material. Die Produkte werden zu 100% in Frankreich hergestellt und bestehen aus wiederverwertbaren Materialien.\" \/>\n<meta property=\"og:url\" content=\"https:\/\/carea-facade.com\/de\/engagement-fuer-die-umwelt\/von-der-herstellung-bis-zum-recycling\/\" \/>\n<meta property=\"og:site_name\" content=\"Carea facade\" \/>\n<meta property=\"article:modified_time\" content=\"2026-04-01T10:41:30+00:00\" \/>\n<meta property=\"og:image\" content=\"https:\/\/carea-facade.com\/wp-content\/uploads\/2025\/09\/image-24.png\" \/>\n\t<meta property=\"og:image:width\" content=\"800\" \/>\n\t<meta property=\"og:image:height\" content=\"320\" \/>\n\t<meta property=\"og:image:type\" content=\"image\/png\" \/>\n<meta name=\"twitter:card\" content=\"summary_large_image\" \/>\n<meta name=\"twitter:label1\" content=\"Gesch\u00e4tzte Lesezeit\" \/>\n\t<meta name=\"twitter:data1\" content=\"2 Minuten\" \/>\n<script type=\"application\/ld+json\" class=\"yoast-schema-graph\">{\"@context\":\"https:\\\/\\\/schema.org\",\"@graph\":[{\"@type\":\"WebPage\",\"@id\":\"https:\\\/\\\/carea-facade.com\\\/de\\\/engagement-fuer-die-umwelt\\\/von-der-herstellung-bis-zum-recycling\\\/\",\"url\":\"https:\\\/\\\/carea-facade.com\\\/de\\\/engagement-fuer-die-umwelt\\\/von-der-herstellung-bis-zum-recycling\\\/\",\"name\":\"Mineral Composite Fassade - Umweltfreundliches Material Frankreich\",\"isPartOf\":{\"@id\":\"https:\\\/\\\/carea-facade.com\\\/de\\\/#website\"},\"primaryImageOfPage\":{\"@id\":\"https:\\\/\\\/carea-facade.com\\\/de\\\/engagement-fuer-die-umwelt\\\/von-der-herstellung-bis-zum-recycling\\\/#primaryimage\"},\"image\":{\"@id\":\"https:\\\/\\\/carea-facade.com\\\/de\\\/engagement-fuer-die-umwelt\\\/von-der-herstellung-bis-zum-recycling\\\/#primaryimage\"},\"thumbnailUrl\":\"https:\\\/\\\/carea-facade.com\\\/wp-content\\\/uploads\\\/2025\\\/09\\\/image-24.png\",\"datePublished\":\"2025-10-01T15:26:30+00:00\",\"dateModified\":\"2026-04-01T10:41:30+00:00\",\"description\":\"CAREA FACADE - Exklusives Material Mineral Composite aus geobasiertem Material. Die Produkte werden zu 100% in Frankreich hergestellt und bestehen aus wiederverwertbaren Materialien.\",\"breadcrumb\":{\"@id\":\"https:\\\/\\\/carea-facade.com\\\/de\\\/engagement-fuer-die-umwelt\\\/von-der-herstellung-bis-zum-recycling\\\/#breadcrumb\"},\"inLanguage\":\"de\",\"potentialAction\":[{\"@type\":\"ReadAction\",\"target\":[\"https:\\\/\\\/carea-facade.com\\\/de\\\/engagement-fuer-die-umwelt\\\/von-der-herstellung-bis-zum-recycling\\\/\"]}]},{\"@type\":\"ImageObject\",\"inLanguage\":\"de\",\"@id\":\"https:\\\/\\\/carea-facade.com\\\/de\\\/engagement-fuer-die-umwelt\\\/von-der-herstellung-bis-zum-recycling\\\/#primaryimage\",\"url\":\"https:\\\/\\\/carea-facade.com\\\/wp-content\\\/uploads\\\/2025\\\/09\\\/image-24.png\",\"contentUrl\":\"https:\\\/\\\/carea-facade.com\\\/wp-content\\\/uploads\\\/2025\\\/09\\\/image-24.png\"},{\"@type\":\"BreadcrumbList\",\"@id\":\"https:\\\/\\\/carea-facade.com\\\/de\\\/engagement-fuer-die-umwelt\\\/von-der-herstellung-bis-zum-recycling\\\/#breadcrumb\",\"itemListElement\":[{\"@type\":\"ListItem\",\"position\":1,\"name\":\"Accueil\",\"item\":\"https:\\\/\\\/carea-facade.com\\\/de\\\/\"},{\"@type\":\"ListItem\",\"position\":2,\"name\":\"Engagement f\u00fcr die Umwelt\",\"item\":\"https:\\\/\\\/carea-facade.com\\\/de\\\/engagement-fuer-die-umwelt\\\/\"},{\"@type\":\"ListItem\",\"position\":3,\"name\":\"Von der Herstellung bis zum Recycling&#8230;\"}]},{\"@type\":\"WebSite\",\"@id\":\"https:\\\/\\\/carea-facade.com\\\/de\\\/#website\",\"url\":\"https:\\\/\\\/carea-facade.com\\\/de\\\/\",\"name\":\"Carea facade\",\"description\":\"\",\"publisher\":{\"@id\":\"https:\\\/\\\/carea-facade.com\\\/de\\\/#organization\"},\"potentialAction\":[{\"@type\":\"SearchAction\",\"target\":{\"@type\":\"EntryPoint\",\"urlTemplate\":\"https:\\\/\\\/carea-facade.com\\\/de\\\/?s={search_term_string}\"},\"query-input\":{\"@type\":\"PropertyValueSpecification\",\"valueRequired\":true,\"valueName\":\"search_term_string\"}}],\"inLanguage\":\"de\"},{\"@type\":\"Organization\",\"@id\":\"https:\\\/\\\/carea-facade.com\\\/de\\\/#organization\",\"name\":\"Carea facade\",\"url\":\"https:\\\/\\\/carea-facade.com\\\/de\\\/\",\"logo\":{\"@type\":\"ImageObject\",\"inLanguage\":\"de\",\"@id\":\"https:\\\/\\\/carea-facade.com\\\/de\\\/#\\\/schema\\\/logo\\\/image\\\/\",\"url\":\"https:\\\/\\\/carea-facade.com\\\/wp-content\\\/uploads\\\/2025\\\/10\\\/logo-carea.svg\",\"contentUrl\":\"https:\\\/\\\/carea-facade.com\\\/wp-content\\\/uploads\\\/2025\\\/10\\\/logo-carea.svg\",\"width\":131,\"height\":95,\"caption\":\"Carea facade\"},\"image\":{\"@id\":\"https:\\\/\\\/carea-facade.com\\\/de\\\/#\\\/schema\\\/logo\\\/image\\\/\"}}]}<\/script>\n<!-- \/ Yoast SEO plugin. -->","yoast_head_json":{"title":"Mineral Composite Fassade - Umweltfreundliches Material Frankreich","description":"CAREA FACADE - Exklusives Material Mineral Composite aus geobasiertem Material. Die Produkte werden zu 100% in Frankreich hergestellt und bestehen aus wiederverwertbaren Materialien.","robots":{"index":"index","follow":"follow","max-snippet":"max-snippet:-1","max-image-preview":"max-image-preview:large","max-video-preview":"max-video-preview:-1"},"canonical":"https:\/\/carea-facade.com\/de\/engagement-fuer-die-umwelt\/von-der-herstellung-bis-zum-recycling\/","og_locale":"de_DE","og_type":"article","og_title":"Mineral Composite Fassade - Umweltfreundliches Material Frankreich","og_description":"CAREA FACADE - Exklusives Material Mineral Composite aus geobasiertem Material. Die Produkte werden zu 100% in Frankreich hergestellt und bestehen aus wiederverwertbaren Materialien.","og_url":"https:\/\/carea-facade.com\/de\/engagement-fuer-die-umwelt\/von-der-herstellung-bis-zum-recycling\/","og_site_name":"Carea facade","article_modified_time":"2026-04-01T10:41:30+00:00","og_image":[{"width":800,"height":320,"url":"https:\/\/carea-facade.com\/wp-content\/uploads\/2025\/09\/image-24.png","type":"image\/png"}],"twitter_card":"summary_large_image","twitter_misc":{"Gesch\u00e4tzte Lesezeit":"2 Minuten"},"schema":{"@context":"https:\/\/schema.org","@graph":[{"@type":"WebPage","@id":"https:\/\/carea-facade.com\/de\/engagement-fuer-die-umwelt\/von-der-herstellung-bis-zum-recycling\/","url":"https:\/\/carea-facade.com\/de\/engagement-fuer-die-umwelt\/von-der-herstellung-bis-zum-recycling\/","name":"Mineral Composite Fassade - Umweltfreundliches Material Frankreich","isPartOf":{"@id":"https:\/\/carea-facade.com\/de\/#website"},"primaryImageOfPage":{"@id":"https:\/\/carea-facade.com\/de\/engagement-fuer-die-umwelt\/von-der-herstellung-bis-zum-recycling\/#primaryimage"},"image":{"@id":"https:\/\/carea-facade.com\/de\/engagement-fuer-die-umwelt\/von-der-herstellung-bis-zum-recycling\/#primaryimage"},"thumbnailUrl":"https:\/\/carea-facade.com\/wp-content\/uploads\/2025\/09\/image-24.png","datePublished":"2025-10-01T15:26:30+00:00","dateModified":"2026-04-01T10:41:30+00:00","description":"CAREA FACADE - Exklusives Material Mineral Composite aus geobasiertem Material. Die Produkte werden zu 100% in Frankreich hergestellt und bestehen aus wiederverwertbaren Materialien.","breadcrumb":{"@id":"https:\/\/carea-facade.com\/de\/engagement-fuer-die-umwelt\/von-der-herstellung-bis-zum-recycling\/#breadcrumb"},"inLanguage":"de","potentialAction":[{"@type":"ReadAction","target":["https:\/\/carea-facade.com\/de\/engagement-fuer-die-umwelt\/von-der-herstellung-bis-zum-recycling\/"]}]},{"@type":"ImageObject","inLanguage":"de","@id":"https:\/\/carea-facade.com\/de\/engagement-fuer-die-umwelt\/von-der-herstellung-bis-zum-recycling\/#primaryimage","url":"https:\/\/carea-facade.com\/wp-content\/uploads\/2025\/09\/image-24.png","contentUrl":"https:\/\/carea-facade.com\/wp-content\/uploads\/2025\/09\/image-24.png"},{"@type":"BreadcrumbList","@id":"https:\/\/carea-facade.com\/de\/engagement-fuer-die-umwelt\/von-der-herstellung-bis-zum-recycling\/#breadcrumb","itemListElement":[{"@type":"ListItem","position":1,"name":"Accueil","item":"https:\/\/carea-facade.com\/de\/"},{"@type":"ListItem","position":2,"name":"Engagement f\u00fcr die Umwelt","item":"https:\/\/carea-facade.com\/de\/engagement-fuer-die-umwelt\/"},{"@type":"ListItem","position":3,"name":"Von der Herstellung bis zum Recycling&#8230;"}]},{"@type":"WebSite","@id":"https:\/\/carea-facade.com\/de\/#website","url":"https:\/\/carea-facade.com\/de\/","name":"Carea facade","description":"","publisher":{"@id":"https:\/\/carea-facade.com\/de\/#organization"},"potentialAction":[{"@type":"SearchAction","target":{"@type":"EntryPoint","urlTemplate":"https:\/\/carea-facade.com\/de\/?s={search_term_string}"},"query-input":{"@type":"PropertyValueSpecification","valueRequired":true,"valueName":"search_term_string"}}],"inLanguage":"de"},{"@type":"Organization","@id":"https:\/\/carea-facade.com\/de\/#organization","name":"Carea facade","url":"https:\/\/carea-facade.com\/de\/","logo":{"@type":"ImageObject","inLanguage":"de","@id":"https:\/\/carea-facade.com\/de\/#\/schema\/logo\/image\/","url":"https:\/\/carea-facade.com\/wp-content\/uploads\/2025\/10\/logo-carea.svg","contentUrl":"https:\/\/carea-facade.com\/wp-content\/uploads\/2025\/10\/logo-carea.svg","width":131,"height":95,"caption":"Carea facade"},"image":{"@id":"https:\/\/carea-facade.com\/de\/#\/schema\/logo\/image\/"}}]}},"_links":{"self":[{"href":"https:\/\/carea-facade.com\/de\/wp-json\/wp\/v2\/pages\/8922","targetHints":{"allow":["GET"]}}],"collection":[{"href":"https:\/\/carea-facade.com\/de\/wp-json\/wp\/v2\/pages"}],"about":[{"href":"https:\/\/carea-facade.com\/de\/wp-json\/wp\/v2\/types\/page"}],"author":[{"embeddable":true,"href":"https:\/\/carea-facade.com\/de\/wp-json\/wp\/v2\/users\/3"}],"replies":[{"embeddable":true,"href":"https:\/\/carea-facade.com\/de\/wp-json\/wp\/v2\/comments?post=8922"}],"version-history":[{"count":15,"href":"https:\/\/carea-facade.com\/de\/wp-json\/wp\/v2\/pages\/8922\/revisions"}],"predecessor-version":[{"id":23971,"href":"https:\/\/carea-facade.com\/de\/wp-json\/wp\/v2\/pages\/8922\/revisions\/23971"}],"up":[{"embeddable":true,"href":"https:\/\/carea-facade.com\/de\/wp-json\/wp\/v2\/pages\/8697"}],"wp:attachment":[{"href":"https:\/\/carea-facade.com\/de\/wp-json\/wp\/v2\/media?parent=8922"}],"curies":[{"name":"wp","href":"https:\/\/api.w.org\/{rel}","templated":true}]}}