{"id":8927,"date":"2025-10-01T16:26:37","date_gmt":"2025-10-01T14:26:37","guid":{"rendered":"https:\/\/carea-facade.com\/die-carea-gruppe\/arbeiten-sie-fuer-uns\/"},"modified":"2026-02-25T09:10:51","modified_gmt":"2026-02-25T08:10:51","slug":"arbeiten-sie-fuer-uns","status":"publish","type":"page","link":"https:\/\/carea-facade.com\/de\/die-carea-gruppe\/arbeiten-sie-fuer-uns\/","title":{"rendered":"Arbeiten Sie f\u00fcr uns"},"content":{"rendered":"\n<div class=\"wp-block-group has-global-padding is-layout-constrained wp-container-core-group-is-layout-3bb13389 wp-block-group-is-layout-constrained\" style=\"padding-top:var(--wp--preset--spacing--theme-default);padding-right:var(--wp--preset--spacing--theme-xs);padding-bottom:var(--wp--preset--spacing--theme-default);padding-left:var(--wp--preset--spacing--theme-xs)\">\n<div class=\"wp-block-group content-content-group is-vertical is-layout-flex wp-container-core-group-is-layout-d309df8e wp-block-group-is-layout-flex\">\n<h1 class=\"wp-block-heading has-text-align-left has-black-color has-text-color\" style=\"margin-bottom:40px;font-style:normal;font-weight:500;text-transform:uppercase\">Arbeiten Sie f\u00fcr uns<\/h1>\n\n\n\n<p>Bei <sup>CAREA\u00ae<\/sup> einzusteigen bedeutet, Teil eines franz\u00f6sischen Industrieunternehmens zu werden, das seit \u00fcber 40 Jahren ein einzigartiges Material &#8211; den Mineralwerkstoff <sup>CAREA\u00ae<\/sup> &#8211; verarbeitet, um dauerhafte und \u00e4sthetische L\u00f6sungen von der Fassade bis zum Sanit\u00e4rbereich zu entwickeln.<\/p>\n\n\n\n<h3 class=\"wp-block-heading\">Eine engagierte und innovative Gruppe<\/h3>\n\n\n\n<p>Bei <sup>CAREA\u00ae<\/sup> glauben wir an die St\u00e4rke des Kollektivs und an den Reichtum des Know-hows. Jeder Mitarbeiter tr\u00e4gt dazu bei, ein industrielles Abenteuer zu erleben, das auf Qualit\u00e4t, Innovation und Umweltfreundlichkeit basiert. Unsere Teams setzen sich t\u00e4glich daf\u00fcr ein, immer bessere L\u00f6sungen zu entwickeln, zu produzieren und zu f\u00f6rdern, die unseren Kunden und dem Wandel im Bausektor zugute kommen.<\/p>\n\n\n\n<h3 class=\"wp-block-heading\">Verschiedene Berufe, ein gemeinsamer Geist<\/h3>\n\n\n\n<p>Ob Sie Techniker, Verk\u00e4ufer, Designer, Ingenieur oder Bediener sind, bei <sup>CAREA\u00ae<\/sup> zu arbeiten bedeutet, an einem Unternehmensprojekt teilzunehmen, das Kompetenzen, Initiative und berufliche Entwicklung aufwertet. Unsere Berufe werden in dynamischen Umgebungen ausge\u00fcbt &#8211; von der Produktion bis zur Verschreibung &#8211; in einer freundlichen und gleichzeitig anspruchsvollen Arbeitsatmosph\u00e4re.<\/p>\n\n\n\n<h3 class=\"wp-block-heading\">M\u00f6chten Sie Teil des <sup>CAREA\u00ae-Abenteuers<\/sup> werden?<\/h3>\n\n\n\n<p>Entdecken Sie unsere M\u00f6glichkeiten und werden Sie Teil eines Unternehmens, das im Herzen der Materialien innovativ ist!<\/p>\n\n\n\n<div class=\"wp-block-buttons is-layout-flex wp-block-buttons-is-layout-flex\">\n<div class=\"wp-block-button\"><a class=\"wp-block-button__link wp-element-button\" href=\"https:\/\/www.linkedin.com\/company\/carea---mineral-composite\/jobs\/\">Sehen Sie sich unsere Stellenangebote auf LinkedIn an.<\/a><\/div>\n<\/div>\n<\/div>\n<\/div>\n","protected":false},"excerpt":{"rendered":"<p>Arbeiten Sie f\u00fcr uns Bei CAREA\u00ae einzusteigen bedeutet, Teil eines franz\u00f6sischen Industrieunternehmens zu werden, das seit \u00fcber 40 Jahren ein einzigartiges Material &#8211; den Mineralwerkstoff CAREA\u00ae &#8211; verarbeitet, um dauerhafte und \u00e4sthetische L\u00f6sungen von der Fassade bis zum Sanit\u00e4rbereich zu entwickeln. Eine engagierte und innovative Gruppe Bei CAREA\u00ae glauben wir an die St\u00e4rke des Kollektivs [&hellip;]<\/p>\n","protected":false},"author":3,"featured_media":0,"parent":8858,"menu_order":2,"comment_status":"closed","ping_status":"closed","template":"","meta":{"_acf_changed":false,"footnotes":""},"class_list":["post-8927","page","type-page","status-publish","hentry"],"acf":[],"yoast_head":"<!-- This site is optimized with the Yoast SEO plugin v27.5 - https:\/\/yoast.com\/product\/yoast-seo-wordpress\/ -->\n<title>CAREA Fassade Stellenangebote - Bewerbung Stellenangebote<\/title>\n<meta name=\"description\" content=\"CAREA Fa\u00e7ade : Werden Sie Teil eines f\u00fchrenden Anbieters von architektonischen Fassadenl\u00f6sungen. Bewerben Sie sich online und werden Sie Teil eines innovativen, engagierten und schnell wachsenden Unternehmens.\" \/>\n<meta name=\"robots\" content=\"index, follow, max-snippet:-1, max-image-preview:large, max-video-preview:-1\" \/>\n<link rel=\"canonical\" href=\"https:\/\/carea-facade.com\/de\/die-carea-gruppe\/arbeiten-sie-fuer-uns\/\" \/>\n<meta property=\"og:locale\" content=\"de_DE\" \/>\n<meta property=\"og:type\" content=\"article\" \/>\n<meta property=\"og:title\" content=\"CAREA Fassade Stellenangebote - Bewerbung Stellenangebote\" \/>\n<meta property=\"og:description\" content=\"CAREA Fa\u00e7ade : Werden Sie Teil eines f\u00fchrenden Anbieters von architektonischen Fassadenl\u00f6sungen. Bewerben Sie sich online und werden Sie Teil eines innovativen, engagierten und schnell wachsenden Unternehmens.\" \/>\n<meta property=\"og:url\" content=\"https:\/\/carea-facade.com\/de\/die-carea-gruppe\/arbeiten-sie-fuer-uns\/\" \/>\n<meta property=\"og:site_name\" content=\"Carea facade\" \/>\n<meta property=\"article:modified_time\" content=\"2026-02-25T08:10:51+00:00\" \/>\n<meta name=\"twitter:card\" content=\"summary_large_image\" \/>\n<meta name=\"twitter:label1\" content=\"Gesch\u00e4tzte Lesezeit\" \/>\n\t<meta name=\"twitter:data1\" content=\"1\u00a0Minute\" \/>\n<script type=\"application\/ld+json\" class=\"yoast-schema-graph\">{\"@context\":\"https:\\\/\\\/schema.org\",\"@graph\":[{\"@type\":\"WebPage\",\"@id\":\"https:\\\/\\\/carea-facade.com\\\/de\\\/die-carea-gruppe\\\/arbeiten-sie-fuer-uns\\\/\",\"url\":\"https:\\\/\\\/carea-facade.com\\\/de\\\/die-carea-gruppe\\\/arbeiten-sie-fuer-uns\\\/\",\"name\":\"CAREA Fassade Stellenangebote - Bewerbung Stellenangebote\",\"isPartOf\":{\"@id\":\"https:\\\/\\\/carea-facade.com\\\/de\\\/#website\"},\"datePublished\":\"2025-10-01T14:26:37+00:00\",\"dateModified\":\"2026-02-25T08:10:51+00:00\",\"description\":\"CAREA Fa\u00e7ade : Werden Sie Teil eines f\u00fchrenden Anbieters von architektonischen Fassadenl\u00f6sungen. Bewerben Sie sich online und werden Sie Teil eines innovativen, engagierten und schnell wachsenden Unternehmens.\",\"breadcrumb\":{\"@id\":\"https:\\\/\\\/carea-facade.com\\\/de\\\/die-carea-gruppe\\\/arbeiten-sie-fuer-uns\\\/#breadcrumb\"},\"inLanguage\":\"de\",\"potentialAction\":[{\"@type\":\"ReadAction\",\"target\":[\"https:\\\/\\\/carea-facade.com\\\/de\\\/die-carea-gruppe\\\/arbeiten-sie-fuer-uns\\\/\"]}]},{\"@type\":\"BreadcrumbList\",\"@id\":\"https:\\\/\\\/carea-facade.com\\\/de\\\/die-carea-gruppe\\\/arbeiten-sie-fuer-uns\\\/#breadcrumb\",\"itemListElement\":[{\"@type\":\"ListItem\",\"position\":1,\"name\":\"Accueil\",\"item\":\"https:\\\/\\\/carea-facade.com\\\/de\\\/\"},{\"@type\":\"ListItem\",\"position\":2,\"name\":\"Die CAREA\u00ae Gruppe\",\"item\":\"https:\\\/\\\/carea-facade.com\\\/de\\\/die-carea-gruppe\\\/\"},{\"@type\":\"ListItem\",\"position\":3,\"name\":\"Arbeiten Sie f\u00fcr uns\"}]},{\"@type\":\"WebSite\",\"@id\":\"https:\\\/\\\/carea-facade.com\\\/de\\\/#website\",\"url\":\"https:\\\/\\\/carea-facade.com\\\/de\\\/\",\"name\":\"Carea facade\",\"description\":\"\",\"publisher\":{\"@id\":\"https:\\\/\\\/carea-facade.com\\\/de\\\/#organization\"},\"potentialAction\":[{\"@type\":\"SearchAction\",\"target\":{\"@type\":\"EntryPoint\",\"urlTemplate\":\"https:\\\/\\\/carea-facade.com\\\/de\\\/?s={search_term_string}\"},\"query-input\":{\"@type\":\"PropertyValueSpecification\",\"valueRequired\":true,\"valueName\":\"search_term_string\"}}],\"inLanguage\":\"de\"},{\"@type\":\"Organization\",\"@id\":\"https:\\\/\\\/carea-facade.com\\\/de\\\/#organization\",\"name\":\"Carea facade\",\"url\":\"https:\\\/\\\/carea-facade.com\\\/de\\\/\",\"logo\":{\"@type\":\"ImageObject\",\"inLanguage\":\"de\",\"@id\":\"https:\\\/\\\/carea-facade.com\\\/de\\\/#\\\/schema\\\/logo\\\/image\\\/\",\"url\":\"https:\\\/\\\/carea-facade.com\\\/wp-content\\\/uploads\\\/2025\\\/10\\\/logo-carea.svg\",\"contentUrl\":\"https:\\\/\\\/carea-facade.com\\\/wp-content\\\/uploads\\\/2025\\\/10\\\/logo-carea.svg\",\"width\":131,\"height\":95,\"caption\":\"Carea facade\"},\"image\":{\"@id\":\"https:\\\/\\\/carea-facade.com\\\/de\\\/#\\\/schema\\\/logo\\\/image\\\/\"}}]}<\/script>\n<!-- \/ Yoast SEO plugin. -->","yoast_head_json":{"title":"CAREA Fassade Stellenangebote - Bewerbung Stellenangebote","description":"CAREA Fa\u00e7ade : Werden Sie Teil eines f\u00fchrenden Anbieters von architektonischen Fassadenl\u00f6sungen. Bewerben Sie sich online und werden Sie Teil eines innovativen, engagierten und schnell wachsenden Unternehmens.","robots":{"index":"index","follow":"follow","max-snippet":"max-snippet:-1","max-image-preview":"max-image-preview:large","max-video-preview":"max-video-preview:-1"},"canonical":"https:\/\/carea-facade.com\/de\/die-carea-gruppe\/arbeiten-sie-fuer-uns\/","og_locale":"de_DE","og_type":"article","og_title":"CAREA Fassade Stellenangebote - Bewerbung Stellenangebote","og_description":"CAREA Fa\u00e7ade : Werden Sie Teil eines f\u00fchrenden Anbieters von architektonischen Fassadenl\u00f6sungen. Bewerben Sie sich online und werden Sie Teil eines innovativen, engagierten und schnell wachsenden Unternehmens.","og_url":"https:\/\/carea-facade.com\/de\/die-carea-gruppe\/arbeiten-sie-fuer-uns\/","og_site_name":"Carea facade","article_modified_time":"2026-02-25T08:10:51+00:00","twitter_card":"summary_large_image","twitter_misc":{"Gesch\u00e4tzte Lesezeit":"1\u00a0Minute"},"schema":{"@context":"https:\/\/schema.org","@graph":[{"@type":"WebPage","@id":"https:\/\/carea-facade.com\/de\/die-carea-gruppe\/arbeiten-sie-fuer-uns\/","url":"https:\/\/carea-facade.com\/de\/die-carea-gruppe\/arbeiten-sie-fuer-uns\/","name":"CAREA Fassade Stellenangebote - Bewerbung Stellenangebote","isPartOf":{"@id":"https:\/\/carea-facade.com\/de\/#website"},"datePublished":"2025-10-01T14:26:37+00:00","dateModified":"2026-02-25T08:10:51+00:00","description":"CAREA Fa\u00e7ade : Werden Sie Teil eines f\u00fchrenden Anbieters von architektonischen Fassadenl\u00f6sungen. Bewerben Sie sich online und werden Sie Teil eines innovativen, engagierten und schnell wachsenden Unternehmens.","breadcrumb":{"@id":"https:\/\/carea-facade.com\/de\/die-carea-gruppe\/arbeiten-sie-fuer-uns\/#breadcrumb"},"inLanguage":"de","potentialAction":[{"@type":"ReadAction","target":["https:\/\/carea-facade.com\/de\/die-carea-gruppe\/arbeiten-sie-fuer-uns\/"]}]},{"@type":"BreadcrumbList","@id":"https:\/\/carea-facade.com\/de\/die-carea-gruppe\/arbeiten-sie-fuer-uns\/#breadcrumb","itemListElement":[{"@type":"ListItem","position":1,"name":"Accueil","item":"https:\/\/carea-facade.com\/de\/"},{"@type":"ListItem","position":2,"name":"Die CAREA\u00ae Gruppe","item":"https:\/\/carea-facade.com\/de\/die-carea-gruppe\/"},{"@type":"ListItem","position":3,"name":"Arbeiten Sie f\u00fcr uns"}]},{"@type":"WebSite","@id":"https:\/\/carea-facade.com\/de\/#website","url":"https:\/\/carea-facade.com\/de\/","name":"Carea facade","description":"","publisher":{"@id":"https:\/\/carea-facade.com\/de\/#organization"},"potentialAction":[{"@type":"SearchAction","target":{"@type":"EntryPoint","urlTemplate":"https:\/\/carea-facade.com\/de\/?s={search_term_string}"},"query-input":{"@type":"PropertyValueSpecification","valueRequired":true,"valueName":"search_term_string"}}],"inLanguage":"de"},{"@type":"Organization","@id":"https:\/\/carea-facade.com\/de\/#organization","name":"Carea facade","url":"https:\/\/carea-facade.com\/de\/","logo":{"@type":"ImageObject","inLanguage":"de","@id":"https:\/\/carea-facade.com\/de\/#\/schema\/logo\/image\/","url":"https:\/\/carea-facade.com\/wp-content\/uploads\/2025\/10\/logo-carea.svg","contentUrl":"https:\/\/carea-facade.com\/wp-content\/uploads\/2025\/10\/logo-carea.svg","width":131,"height":95,"caption":"Carea facade"},"image":{"@id":"https:\/\/carea-facade.com\/de\/#\/schema\/logo\/image\/"}}]}},"_links":{"self":[{"href":"https:\/\/carea-facade.com\/de\/wp-json\/wp\/v2\/pages\/8927","targetHints":{"allow":["GET"]}}],"collection":[{"href":"https:\/\/carea-facade.com\/de\/wp-json\/wp\/v2\/pages"}],"about":[{"href":"https:\/\/carea-facade.com\/de\/wp-json\/wp\/v2\/types\/page"}],"author":[{"embeddable":true,"href":"https:\/\/carea-facade.com\/de\/wp-json\/wp\/v2\/users\/3"}],"replies":[{"embeddable":true,"href":"https:\/\/carea-facade.com\/de\/wp-json\/wp\/v2\/comments?post=8927"}],"version-history":[{"count":6,"href":"https:\/\/carea-facade.com\/de\/wp-json\/wp\/v2\/pages\/8927\/revisions"}],"predecessor-version":[{"id":23844,"href":"https:\/\/carea-facade.com\/de\/wp-json\/wp\/v2\/pages\/8927\/revisions\/23844"}],"up":[{"embeddable":true,"href":"https:\/\/carea-facade.com\/de\/wp-json\/wp\/v2\/pages\/8858"}],"wp:attachment":[{"href":"https:\/\/carea-facade.com\/de\/wp-json\/wp\/v2\/media?parent=8927"}],"curies":[{"name":"wp","href":"https:\/\/api.w.org\/{rel}","templated":true}]}}