{"id":8935,"date":"2025-10-01T17:27:36","date_gmt":"2025-10-01T15:27:36","guid":{"rendered":"https:\/\/carea-facade.com\/engagement-fuer-die-umwelt\/wiederverwendung-unserer-produkte\/"},"modified":"2026-04-01T12:41:31","modified_gmt":"2026-04-01T10:41:31","slug":"wiederverwendung-unserer-produkte","status":"publish","type":"page","link":"https:\/\/carea-facade.com\/de\/engagement-fuer-die-umwelt\/wiederverwendung-unserer-produkte\/","title":{"rendered":"Wiederverwendung unserer Produkte"},"content":{"rendered":"\n<div class=\"wp-block-group has-global-padding is-layout-constrained wp-container-core-group-is-layout-3bb13389 wp-block-group-is-layout-constrained\" style=\"padding-top:var(--wp--preset--spacing--theme-default);padding-right:var(--wp--preset--spacing--theme-xs);padding-bottom:var(--wp--preset--spacing--theme-default);padding-left:var(--wp--preset--spacing--theme-xs)\">\n<div class=\"wp-block-group content-content-group is-vertical is-layout-flex wp-container-core-group-is-layout-d309df8e wp-block-group-is-layout-flex\">\n<h1 class=\"wp-block-heading has-text-align-left has-black-color has-text-color\" style=\"margin-bottom:40px;font-style:normal;font-weight:500;text-transform:uppercase\">Wiederverwendung unserer Fassadenmaterialien: Nachhaltigkeit und \u00f6kologische Verantwortung<\/h1>\n\n\n\n<h2 class=\"wp-block-heading\">Geben Sie Ihren <sup>CAREA\u00ae<\/sup> Verkleidungen ein neues Leben<\/h2>\n\n\n\n<p><sup>CAREA\u00ae<\/sup> ist weit mehr als nur ein Hersteller von Fassadenmaterialien, sondern engagiert sich f\u00fcr Nachhaltigkeit und \u00f6kologische Verantwortung. Wir sind stolz darauf, Ihnen unsere Initiative zur Wiederverwendung unserer Produkte vorstellen zu k\u00f6nnen, die speziell auf die Bed\u00fcrfnisse von Architekten und Bauherren zugeschnitten ist, die ihren \u00f6kologischen Fu\u00dfabdruck reduzieren und gleichzeitig hohe Qualit\u00e4tsstandards aufrechterhalten wollen. <\/p>\n\n\n\n<h3 class=\"wp-block-heading\">Die Vorteile der <sup>CAREA\u00ae<\/sup> Wiederverwendung<\/h3>\n\n\n\n<h4 class=\"wp-block-heading\">1. Wiederverwendbar<\/h4>\n\n\n\n<p>CAREA entwickelt derzeit einen innovativen Prozess, der es uns erm\u00f6glicht, unsere Produkte nach dem Ende ihrer Lebensdauer auf einer Baustelle vollst\u00e4ndig zur\u00fcckzugewinnen und wiederzuverwenden. Das bedeutet, dass Ihre CAREA-Paneele nach dem Gebrauch nicht weggeworfen werden, sondern in Neubau f\u00fcr ein zweites Leben auf der gleichen Baustelle oder in einem anderen Geb\u00e4ude wiederverwendet werden k\u00f6nnen. Dies gilt f\u00fcr alle unsere Serien von Fassadenplatten mit integrierten Hinterschnittankern (Ardal, Acantha, Armada) und Genuteten Fassadenplatten (Artema).<\/p>\n\n\n\n<h4 class=\"wp-block-heading\">2. R\u00fcckbau \/ Demontage<\/h4>\n\n\n\n<p>Unser Expertenteam begleitet Sie bei der Demontage von oben nach unten. Wir arbeiten eng mit Ihren Teams vor Ort zusammen, um sie in den Techniken der sorgf\u00e4ltigen Demontage, der Handhabung und der Neuverpackung auf Staffeleien zu schulen und so einen reibungslosen Ablauf zu gew\u00e4hrleisten.<\/p>\n\n\n\n<p><strong>Verfahren zur R\u00fccknahme von <sup>CAREA\u00ae<\/sup> -Produkten:<\/strong><\/p>\n\n\n\n<ul class=\"wp-block-list\">\n<li>Alle Produkte werden strengen Tests gem\u00e4\u00df den Vorschriften unterzogen, um sicherzustellen, dass sie die Anforderungen an Leistung, Sicherheit und Haltbarkeit wie im Original erf\u00fcllen.<br\/><\/li>\n\n\n\n<li>Abh\u00e4ngig von den Testergebnissen werden die Produkte entweder zur Wiederverwendung (im selben Geb\u00e4ude oder auf anderen Baustellen) oder zum Recycling in unserem Produktionszyklus weitergeleitet.<\/li>\n<\/ul>\n\n\n\n<p>Diese Vorgehensweise wird derzeit im Rahmen einer ETAx f\u00fcr wiederverwendete Produkte bewertet.<\/p>\n\n\n\n<p>Wir bieten auch einen umfassenden Service f\u00fcr die Bereitstellung von Verpackungs-, Palettierungs-, Verpackungs- und Schutzmitteln. Die Kosten f\u00fcr diese Dienstleistung werden von Fall zu Fall auf der Grundlage Ihrer spezifischen Bed\u00fcrfnisse berechnet.<\/p>\n\n\n\n<figure class=\"wp-block-image size-large\"><img loading=\"lazy\" decoding=\"async\" width=\"1024\" height=\"684\" src=\"https:\/\/carea-facade.com\/wp-content\/uploads\/2025\/09\/75-Paris-14-10-15-Rue-Didot-cote-impair-ARD-LM-GRA-Res-1993-photo-2016-2-1-1024x684.jpg\" alt=\"75 Paris 14 10 15 Rue Didot ungerade Seite ARD LM GRA Res 1993 photo 2016 2 1 scaled\" class=\"wp-image-3074\" srcset=\"https:\/\/carea-facade.com\/wp-content\/uploads\/2025\/09\/75-Paris-14-10-15-Rue-Didot-cote-impair-ARD-LM-GRA-Res-1993-photo-2016-2-1-1024x684.jpg 1024w, https:\/\/carea-facade.com\/wp-content\/uploads\/2025\/09\/75-Paris-14-10-15-Rue-Didot-cote-impair-ARD-LM-GRA-Res-1993-photo-2016-2-1-300x200.jpg 300w, https:\/\/carea-facade.com\/wp-content\/uploads\/2025\/09\/75-Paris-14-10-15-Rue-Didot-cote-impair-ARD-LM-GRA-Res-1993-photo-2016-2-1-768x513.jpg 768w, https:\/\/carea-facade.com\/wp-content\/uploads\/2025\/09\/75-Paris-14-10-15-Rue-Didot-cote-impair-ARD-LM-GRA-Res-1993-photo-2016-2-1-1536x1025.jpg 1536w, https:\/\/carea-facade.com\/wp-content\/uploads\/2025\/09\/75-Paris-14-10-15-Rue-Didot-cote-impair-ARD-LM-GRA-Res-1993-photo-2016-2-1-2048x1367.jpg 2048w\" sizes=\"auto, (max-width: 1024px) 100vw, 1024px\" \/><\/figure>\n\n\n\n<h4 class=\"wp-block-heading\">3. Wiederverwendung von Produkten<\/h4>\n\n\n\n<p>Die ETAx, die derzeit gepr\u00fcft wird, sieht eine Neuqualifizierung der Produkte vor, einschlie\u00dflich Labortests und einer gr\u00fcndlichen Reinigung der Verkleidungen.<\/p>\n\n\n\n<p>Nach erfolgreicher Requalifizierung k\u00f6nnen die zur\u00fcckgewonnenen <sup>CAREA\u00ae<\/sup> Produkte wiederverwendet werden. Sie k\u00f6nnen letztendlich auch eine zehnj\u00e4hrige Garantie erhalten, was f\u00fcr zuk\u00fcnftige Projekte von Vorteil ist. Achtung: Dieser Wiederverwendungsprozess kann nur in Betracht gezogen werden, wenn <sup>CAREA\u00ae<\/sup> zumindest <strong>die sorgf\u00e4ltige Demontage der gesamten Verkleidung unterst\u00fctzt, die dem<\/strong><sup>CAREA\u00ae<\/sup> <strong>Requalifizierungsprozess unterzogen<\/strong> werden soll. Die damit verbundenen Kosten werden je nach Gr\u00f6\u00dfe der Baustelle festgelegt.   <\/p>\n\n\n\n<p><strong>Kostenlose Lagerung<\/strong><\/p>\n\n\n\n<p>Wir bieten auch einen kostenlosen Lagerungsservice f\u00fcr Ihre zur\u00fcckgewonnenen Produkte w\u00e4hrend der ersten drei Monate an, bis sie auf einer anderen Baustelle wiederverwendet werden k\u00f6nnen. Ab dem vierten Monat wird eine Geb\u00fchr erhoben, bitte kontaktieren Sie uns f\u00fcr weitere Einzelheiten.<\/p>\n\n\n\n<figure class=\"wp-block-embed is-type-video is-provider-youtube wp-block-embed-youtube\"><div class=\"wp-block-embed__wrapper\">\n<iframe loading=\"lazy\" title=\"R\u00e9emploi des parements de fa\u00e7ades - CAREA : Une solution durable et innovante \ud83c\udf31\" width=\"500\" height=\"281\" src=\"https:\/\/www.youtube.com\/embed\/N2WKBOdRbUw?feature=oembed\" frameborder=\"0\" allow=\"accelerometer; autoplay; clipboard-write; encrypted-media; gyroscope; picture-in-picture; web-share\" referrerpolicy=\"strict-origin-when-cross-origin\" allowfullscreen><\/iframe>\n<\/div><\/figure>\n\n\n\n<h4 class=\"wp-block-heading\">4. Recycling<\/h4>\n\n\n\n<p>F\u00fcr die verbleibenden Verkleidungen, die nicht wiederverwendet werden k\u00f6nnen, wendet CAREA das \u00fcbliche Recyclingverfahren an, wodurch ein umweltfreundlicher Ansatz und die Reduzierung von Bauabf\u00e4llen gew\u00e4hrleistet werden.<\/p>\n\n\n\n<figure class=\"wp-block-image size-full\"><img loading=\"lazy\" decoding=\"async\" width=\"676\" height=\"543\" src=\"https:\/\/carea-facade.com\/wp-content\/uploads\/2025\/09\/Recyclage.jpg\" alt=\"Recycling\" class=\"wp-image-2064\" srcset=\"https:\/\/carea-facade.com\/wp-content\/uploads\/2025\/09\/Recyclage.jpg 676w, https:\/\/carea-facade.com\/wp-content\/uploads\/2025\/09\/Recyclage-300x241.jpg 300w\" sizes=\"auto, (max-width: 676px) 100vw, 676px\" \/><\/figure>\n\n\n\n<h3 class=\"wp-block-heading\">Machen Sie einen Schritt in Richtung Nachhaltigkeit mit CAREA<\/h3>\n\n\n\n<p>Entscheiden Sie sich f\u00fcr Nachhaltigkeit, Qualit\u00e4t und Umweltverantwortung mit den Wiederaufbereitungsl\u00f6sungen von CAREA. Kontaktieren Sie uns, um die Umsetzung dieser Initiative bei Ihren Bauprojekten zu besprechen und tragen Sie so zu einer nachhaltigeren und umweltfreundlicheren Zukunft bei.<\/p>\n\n\n\n<p>F\u00fcr weitere Informationen \u00fcber unseren Wiederaufbereitungsservice oder eine pers\u00f6nliche Bewertung f\u00fcr Ihre Baustelle kontaktieren Sie uns bitte noch heute.<\/p>\n\n\n\n<p><strong>Haben Sie eine CAREA-Baustelle, die Sie recyceln m\u00f6chten?  <\/strong><\/p>\n\n\n\n<div class=\"wp-block-buttons is-layout-flex wp-block-buttons-is-layout-flex\">\n<div class=\"wp-block-button\"><a class=\"wp-block-button__link wp-element-button\" href=\"https:\/\/carea-facade.com\/de\/kontakt\/\">Kontaktieren Sie uns<\/a><\/div>\n<\/div>\n<\/div>\n<\/div>\n","protected":false},"excerpt":{"rendered":"<p>Wiederverwendung unserer Fassadenmaterialien: Nachhaltigkeit und \u00f6kologische Verantwortung Geben Sie Ihren CAREA\u00ae Verkleidungen ein neues Leben CAREA\u00ae ist weit mehr als nur ein Hersteller von Fassadenmaterialien, sondern engagiert sich f\u00fcr Nachhaltigkeit und \u00f6kologische Verantwortung. Wir sind stolz darauf, Ihnen unsere Initiative zur Wiederverwendung unserer Produkte vorstellen zu k\u00f6nnen, die speziell auf die Bed\u00fcrfnisse von Architekten und [&hellip;]<\/p>\n","protected":false},"author":3,"featured_media":0,"parent":8697,"menu_order":3,"comment_status":"closed","ping_status":"closed","template":"","meta":{"_acf_changed":false,"footnotes":""},"class_list":["post-8935","page","type-page","status-publish","hentry"],"acf":[],"yoast_head":"<!-- This site is optimized with the Yoast SEO plugin v27.5 - https:\/\/yoast.com\/product\/yoast-seo-wordpress\/ -->\n<title>Baumaterialien Fassadenverkleidung: nachhaltig, umweltfreundlich<\/title>\n<meta name=\"description\" content=\"CAREA FACADE - Ein neues Leben f\u00fcr Ihre CAREA Verkleidungen. Wiederverwendung unserer Fassadenmaterialien: Nachhaltigkeit und \u00f6kologische Verantwortung\" \/>\n<meta name=\"robots\" content=\"index, follow, max-snippet:-1, max-image-preview:large, max-video-preview:-1\" \/>\n<link rel=\"canonical\" href=\"https:\/\/carea-facade.com\/de\/engagement-fuer-die-umwelt\/wiederverwendung-unserer-produkte\/\" \/>\n<meta property=\"og:locale\" content=\"de_DE\" \/>\n<meta property=\"og:type\" content=\"article\" \/>\n<meta property=\"og:title\" content=\"Baumaterialien Fassadenverkleidung: nachhaltig, umweltfreundlich\" \/>\n<meta property=\"og:description\" content=\"CAREA FACADE - Ein neues Leben f\u00fcr Ihre CAREA Verkleidungen. Wiederverwendung unserer Fassadenmaterialien: Nachhaltigkeit und \u00f6kologische Verantwortung\" \/>\n<meta property=\"og:url\" content=\"https:\/\/carea-facade.com\/de\/engagement-fuer-die-umwelt\/wiederverwendung-unserer-produkte\/\" \/>\n<meta property=\"og:site_name\" content=\"Carea facade\" \/>\n<meta property=\"article:modified_time\" content=\"2026-04-01T10:41:31+00:00\" \/>\n<meta property=\"og:image\" content=\"https:\/\/carea-facade.com\/wp-content\/uploads\/2025\/09\/75-Paris-14-10-15-Rue-Didot-cote-impair-ARD-LM-GRA-Res-1993-photo-2016-2-1-scaled.jpg\" \/>\n\t<meta property=\"og:image:width\" content=\"2560\" \/>\n\t<meta property=\"og:image:height\" content=\"1709\" \/>\n\t<meta property=\"og:image:type\" content=\"image\/jpeg\" \/>\n<meta name=\"twitter:card\" content=\"summary_large_image\" \/>\n<meta name=\"twitter:label1\" content=\"Gesch\u00e4tzte Lesezeit\" \/>\n\t<meta name=\"twitter:data1\" content=\"3 Minuten\" \/>\n<script type=\"application\/ld+json\" class=\"yoast-schema-graph\">{\"@context\":\"https:\\\/\\\/schema.org\",\"@graph\":[{\"@type\":\"WebPage\",\"@id\":\"https:\\\/\\\/carea-facade.com\\\/de\\\/engagement-fuer-die-umwelt\\\/wiederverwendung-unserer-produkte\\\/\",\"url\":\"https:\\\/\\\/carea-facade.com\\\/de\\\/engagement-fuer-die-umwelt\\\/wiederverwendung-unserer-produkte\\\/\",\"name\":\"Baumaterialien Fassadenverkleidung: nachhaltig, umweltfreundlich\",\"isPartOf\":{\"@id\":\"https:\\\/\\\/carea-facade.com\\\/de\\\/#website\"},\"primaryImageOfPage\":{\"@id\":\"https:\\\/\\\/carea-facade.com\\\/de\\\/engagement-fuer-die-umwelt\\\/wiederverwendung-unserer-produkte\\\/#primaryimage\"},\"image\":{\"@id\":\"https:\\\/\\\/carea-facade.com\\\/de\\\/engagement-fuer-die-umwelt\\\/wiederverwendung-unserer-produkte\\\/#primaryimage\"},\"thumbnailUrl\":\"https:\\\/\\\/carea-facade.com\\\/wp-content\\\/uploads\\\/2025\\\/09\\\/75-Paris-14-10-15-Rue-Didot-cote-impair-ARD-LM-GRA-Res-1993-photo-2016-2-1-1024x684.jpg\",\"datePublished\":\"2025-10-01T15:27:36+00:00\",\"dateModified\":\"2026-04-01T10:41:31+00:00\",\"description\":\"CAREA FACADE - Ein neues Leben f\u00fcr Ihre CAREA Verkleidungen. Wiederverwendung unserer Fassadenmaterialien: Nachhaltigkeit und \u00f6kologische Verantwortung\",\"breadcrumb\":{\"@id\":\"https:\\\/\\\/carea-facade.com\\\/de\\\/engagement-fuer-die-umwelt\\\/wiederverwendung-unserer-produkte\\\/#breadcrumb\"},\"inLanguage\":\"de\",\"potentialAction\":[{\"@type\":\"ReadAction\",\"target\":[\"https:\\\/\\\/carea-facade.com\\\/de\\\/engagement-fuer-die-umwelt\\\/wiederverwendung-unserer-produkte\\\/\"]}]},{\"@type\":\"ImageObject\",\"inLanguage\":\"de\",\"@id\":\"https:\\\/\\\/carea-facade.com\\\/de\\\/engagement-fuer-die-umwelt\\\/wiederverwendung-unserer-produkte\\\/#primaryimage\",\"url\":\"https:\\\/\\\/carea-facade.com\\\/wp-content\\\/uploads\\\/2025\\\/09\\\/75-Paris-14-10-15-Rue-Didot-cote-impair-ARD-LM-GRA-Res-1993-photo-2016-2-1-1024x684.jpg\",\"contentUrl\":\"https:\\\/\\\/carea-facade.com\\\/wp-content\\\/uploads\\\/2025\\\/09\\\/75-Paris-14-10-15-Rue-Didot-cote-impair-ARD-LM-GRA-Res-1993-photo-2016-2-1-1024x684.jpg\"},{\"@type\":\"BreadcrumbList\",\"@id\":\"https:\\\/\\\/carea-facade.com\\\/de\\\/engagement-fuer-die-umwelt\\\/wiederverwendung-unserer-produkte\\\/#breadcrumb\",\"itemListElement\":[{\"@type\":\"ListItem\",\"position\":1,\"name\":\"Accueil\",\"item\":\"https:\\\/\\\/carea-facade.com\\\/de\\\/\"},{\"@type\":\"ListItem\",\"position\":2,\"name\":\"Engagement f\u00fcr die Umwelt\",\"item\":\"https:\\\/\\\/carea-facade.com\\\/de\\\/engagement-fuer-die-umwelt\\\/\"},{\"@type\":\"ListItem\",\"position\":3,\"name\":\"Wiederverwendung unserer Produkte\"}]},{\"@type\":\"WebSite\",\"@id\":\"https:\\\/\\\/carea-facade.com\\\/de\\\/#website\",\"url\":\"https:\\\/\\\/carea-facade.com\\\/de\\\/\",\"name\":\"Carea facade\",\"description\":\"\",\"publisher\":{\"@id\":\"https:\\\/\\\/carea-facade.com\\\/de\\\/#organization\"},\"potentialAction\":[{\"@type\":\"SearchAction\",\"target\":{\"@type\":\"EntryPoint\",\"urlTemplate\":\"https:\\\/\\\/carea-facade.com\\\/de\\\/?s={search_term_string}\"},\"query-input\":{\"@type\":\"PropertyValueSpecification\",\"valueRequired\":true,\"valueName\":\"search_term_string\"}}],\"inLanguage\":\"de\"},{\"@type\":\"Organization\",\"@id\":\"https:\\\/\\\/carea-facade.com\\\/de\\\/#organization\",\"name\":\"Carea facade\",\"url\":\"https:\\\/\\\/carea-facade.com\\\/de\\\/\",\"logo\":{\"@type\":\"ImageObject\",\"inLanguage\":\"de\",\"@id\":\"https:\\\/\\\/carea-facade.com\\\/de\\\/#\\\/schema\\\/logo\\\/image\\\/\",\"url\":\"https:\\\/\\\/carea-facade.com\\\/wp-content\\\/uploads\\\/2025\\\/10\\\/logo-carea.svg\",\"contentUrl\":\"https:\\\/\\\/carea-facade.com\\\/wp-content\\\/uploads\\\/2025\\\/10\\\/logo-carea.svg\",\"width\":131,\"height\":95,\"caption\":\"Carea facade\"},\"image\":{\"@id\":\"https:\\\/\\\/carea-facade.com\\\/de\\\/#\\\/schema\\\/logo\\\/image\\\/\"}}]}<\/script>\n<!-- \/ Yoast SEO plugin. -->","yoast_head_json":{"title":"Baumaterialien Fassadenverkleidung: nachhaltig, umweltfreundlich","description":"CAREA FACADE - Ein neues Leben f\u00fcr Ihre CAREA Verkleidungen. Wiederverwendung unserer Fassadenmaterialien: Nachhaltigkeit und \u00f6kologische Verantwortung","robots":{"index":"index","follow":"follow","max-snippet":"max-snippet:-1","max-image-preview":"max-image-preview:large","max-video-preview":"max-video-preview:-1"},"canonical":"https:\/\/carea-facade.com\/de\/engagement-fuer-die-umwelt\/wiederverwendung-unserer-produkte\/","og_locale":"de_DE","og_type":"article","og_title":"Baumaterialien Fassadenverkleidung: nachhaltig, umweltfreundlich","og_description":"CAREA FACADE - Ein neues Leben f\u00fcr Ihre CAREA Verkleidungen. Wiederverwendung unserer Fassadenmaterialien: Nachhaltigkeit und \u00f6kologische Verantwortung","og_url":"https:\/\/carea-facade.com\/de\/engagement-fuer-die-umwelt\/wiederverwendung-unserer-produkte\/","og_site_name":"Carea facade","article_modified_time":"2026-04-01T10:41:31+00:00","og_image":[{"width":2560,"height":1709,"url":"https:\/\/carea-facade.com\/wp-content\/uploads\/2025\/09\/75-Paris-14-10-15-Rue-Didot-cote-impair-ARD-LM-GRA-Res-1993-photo-2016-2-1-scaled.jpg","type":"image\/jpeg"}],"twitter_card":"summary_large_image","twitter_misc":{"Gesch\u00e4tzte Lesezeit":"3 Minuten"},"schema":{"@context":"https:\/\/schema.org","@graph":[{"@type":"WebPage","@id":"https:\/\/carea-facade.com\/de\/engagement-fuer-die-umwelt\/wiederverwendung-unserer-produkte\/","url":"https:\/\/carea-facade.com\/de\/engagement-fuer-die-umwelt\/wiederverwendung-unserer-produkte\/","name":"Baumaterialien Fassadenverkleidung: nachhaltig, umweltfreundlich","isPartOf":{"@id":"https:\/\/carea-facade.com\/de\/#website"},"primaryImageOfPage":{"@id":"https:\/\/carea-facade.com\/de\/engagement-fuer-die-umwelt\/wiederverwendung-unserer-produkte\/#primaryimage"},"image":{"@id":"https:\/\/carea-facade.com\/de\/engagement-fuer-die-umwelt\/wiederverwendung-unserer-produkte\/#primaryimage"},"thumbnailUrl":"https:\/\/carea-facade.com\/wp-content\/uploads\/2025\/09\/75-Paris-14-10-15-Rue-Didot-cote-impair-ARD-LM-GRA-Res-1993-photo-2016-2-1-1024x684.jpg","datePublished":"2025-10-01T15:27:36+00:00","dateModified":"2026-04-01T10:41:31+00:00","description":"CAREA FACADE - Ein neues Leben f\u00fcr Ihre CAREA Verkleidungen. Wiederverwendung unserer Fassadenmaterialien: Nachhaltigkeit und \u00f6kologische Verantwortung","breadcrumb":{"@id":"https:\/\/carea-facade.com\/de\/engagement-fuer-die-umwelt\/wiederverwendung-unserer-produkte\/#breadcrumb"},"inLanguage":"de","potentialAction":[{"@type":"ReadAction","target":["https:\/\/carea-facade.com\/de\/engagement-fuer-die-umwelt\/wiederverwendung-unserer-produkte\/"]}]},{"@type":"ImageObject","inLanguage":"de","@id":"https:\/\/carea-facade.com\/de\/engagement-fuer-die-umwelt\/wiederverwendung-unserer-produkte\/#primaryimage","url":"https:\/\/carea-facade.com\/wp-content\/uploads\/2025\/09\/75-Paris-14-10-15-Rue-Didot-cote-impair-ARD-LM-GRA-Res-1993-photo-2016-2-1-1024x684.jpg","contentUrl":"https:\/\/carea-facade.com\/wp-content\/uploads\/2025\/09\/75-Paris-14-10-15-Rue-Didot-cote-impair-ARD-LM-GRA-Res-1993-photo-2016-2-1-1024x684.jpg"},{"@type":"BreadcrumbList","@id":"https:\/\/carea-facade.com\/de\/engagement-fuer-die-umwelt\/wiederverwendung-unserer-produkte\/#breadcrumb","itemListElement":[{"@type":"ListItem","position":1,"name":"Accueil","item":"https:\/\/carea-facade.com\/de\/"},{"@type":"ListItem","position":2,"name":"Engagement f\u00fcr die Umwelt","item":"https:\/\/carea-facade.com\/de\/engagement-fuer-die-umwelt\/"},{"@type":"ListItem","position":3,"name":"Wiederverwendung unserer Produkte"}]},{"@type":"WebSite","@id":"https:\/\/carea-facade.com\/de\/#website","url":"https:\/\/carea-facade.com\/de\/","name":"Carea facade","description":"","publisher":{"@id":"https:\/\/carea-facade.com\/de\/#organization"},"potentialAction":[{"@type":"SearchAction","target":{"@type":"EntryPoint","urlTemplate":"https:\/\/carea-facade.com\/de\/?s={search_term_string}"},"query-input":{"@type":"PropertyValueSpecification","valueRequired":true,"valueName":"search_term_string"}}],"inLanguage":"de"},{"@type":"Organization","@id":"https:\/\/carea-facade.com\/de\/#organization","name":"Carea facade","url":"https:\/\/carea-facade.com\/de\/","logo":{"@type":"ImageObject","inLanguage":"de","@id":"https:\/\/carea-facade.com\/de\/#\/schema\/logo\/image\/","url":"https:\/\/carea-facade.com\/wp-content\/uploads\/2025\/10\/logo-carea.svg","contentUrl":"https:\/\/carea-facade.com\/wp-content\/uploads\/2025\/10\/logo-carea.svg","width":131,"height":95,"caption":"Carea facade"},"image":{"@id":"https:\/\/carea-facade.com\/de\/#\/schema\/logo\/image\/"}}]}},"_links":{"self":[{"href":"https:\/\/carea-facade.com\/de\/wp-json\/wp\/v2\/pages\/8935","targetHints":{"allow":["GET"]}}],"collection":[{"href":"https:\/\/carea-facade.com\/de\/wp-json\/wp\/v2\/pages"}],"about":[{"href":"https:\/\/carea-facade.com\/de\/wp-json\/wp\/v2\/types\/page"}],"author":[{"embeddable":true,"href":"https:\/\/carea-facade.com\/de\/wp-json\/wp\/v2\/users\/3"}],"replies":[{"embeddable":true,"href":"https:\/\/carea-facade.com\/de\/wp-json\/wp\/v2\/comments?post=8935"}],"version-history":[{"count":12,"href":"https:\/\/carea-facade.com\/de\/wp-json\/wp\/v2\/pages\/8935\/revisions"}],"predecessor-version":[{"id":23977,"href":"https:\/\/carea-facade.com\/de\/wp-json\/wp\/v2\/pages\/8935\/revisions\/23977"}],"up":[{"embeddable":true,"href":"https:\/\/carea-facade.com\/de\/wp-json\/wp\/v2\/pages\/8697"}],"wp:attachment":[{"href":"https:\/\/carea-facade.com\/de\/wp-json\/wp\/v2\/media?parent=8935"}],"curies":[{"name":"wp","href":"https:\/\/api.w.org\/{rel}","templated":true}]}}