{"id":8938,"date":"2025-10-01T18:10:49","date_gmt":"2025-10-01T16:10:49","guid":{"rendered":"https:\/\/carea-facade.com\/datenschutzrichtlinie\/"},"modified":"2026-01-21T15:11:28","modified_gmt":"2026-01-21T14:11:28","slug":"datenschutzrichtlinie","status":"publish","type":"page","link":"https:\/\/carea-facade.com\/de\/datenschutzrichtlinie\/","title":{"rendered":"Datenschutzrichtlinie"},"content":{"rendered":"\n<div class=\"wp-block-group has-global-padding is-layout-constrained wp-block-group-is-layout-constrained\" style=\"padding-top:var(--wp--preset--spacing--theme-m);padding-bottom:var(--wp--preset--spacing--theme-default)\">\n<div class=\"wp-block-group is-vertical is-layout-flex wp-container-core-group-is-layout-d309df8e wp-block-group-is-layout-flex\">\n<h1 class=\"wp-block-heading\">Datenschutzrichtlinie<\/h1>\n\n\n\n<h2 class=\"wp-block-heading\">Weitere Details zu Ihren Daten<\/h2>\n\n\n\n<p>Die neue Allgemeine Datenschutzverordnung (GDPR) \u00e4ndert das Gesetz &#8222;Informatique et Libert\u00e9s&#8220;.<br\/>Diese Verordnung regelt die Nutzung und Sicherung Ihrer personenbezogenen Daten und zielt darauf ab, diese besser zu sch\u00fctzen.<\/p>\n\n\n\n<h2 class=\"wp-block-heading\">Verwendung von pers\u00f6nlichen Daten<\/h2>\n\n\n\n<p>In diesem neuen Rahmen sammeln wir Daten auf transparentere Weise. In diesem Abschnitt wird beschrieben, wie wir Daten sammeln und wie wir sie verwenden. Dies erm\u00f6glicht es uns, Ihnen Produkte und Dienstleistungen anzubieten, die auf Ihre Bed\u00fcrfnisse zugeschnitten sind.  <\/p>\n\n\n\n<h2 class=\"wp-block-heading\">Die Transparenz von Carea<\/h2>\n\n\n\n<p>Mit dieser neuen Verordnung st\u00e4rkt CAREA seine Charta zum Schutz der pers\u00f6nlichen Daten von nat\u00fcrlichen Personen (Kunden, Interessenten, Lieferanten&#8230;).<br\/>CAREA widmet dem Respekt und der Vertraulichkeit Ihrer Daten stets besondere Aufmerksamkeit. Die St\u00e4rkung der Sicherheit durch eine neue EU-Verordnung best\u00e4rkt uns in unserem Ansatz und bekr\u00e4ftigt unser Engagement. <\/p>\n\n\n\n<h2 class=\"wp-block-heading\">Wie werden Ihre Daten gesammelt, gespeichert und verarbeitet?<\/h2>\n\n\n\n<h3 class=\"wp-block-heading\">Welche Daten sammeln wir?<\/h3>\n\n\n\n<p>Die Daten, die wir \u00fcber Sie sammeln oder speichern, wurden direkt von Ihnen gesammelt. <br\/> &#8211; Die Daten, die Sie uns zur Verf\u00fcgung stellen, k\u00f6nnen zum Beispiel Folgendes betreffen:<br\/>&#8211; Informationen \u00fcber Ihre Identit\u00e4t wie Vorname, Nachname, Geschlecht;<br\/>&#8211; Kontaktdaten wie Postanschrift, E-Mail-Adresse, Telefonnummern. <\/p>\n\n\n\n<h3 class=\"wp-block-heading\">Wie verwenden wir Ihre Daten?<\/h3>\n\n\n\n<p>Wir sammeln und verarbeiten Informationen \u00fcber Sie aus verschiedenen Gr\u00fcnden, einschlie\u00dflich :<br\/>&#8211; um Ihnen Produkte und Dienstleistungen zur Verf\u00fcgung zu stellen;<br\/>&#8211; um Informationen aus der Analyse Ihrer Daten zu gewinnen (welches Produkt wann gekauft wurde&#8230;);<br\/>&#8211; um die Qualit\u00e4t unserer Produkte zu verbessern, indem wir Ihre Produktbewertungen analysieren;<br\/>&#8211; um den \u00dcberblick \u00fcber unsere Kommunikation mit Ihnen zu behalten (per E-Mail oder jede andere Art von Kommunikation);<br\/>&#8211; um Betrugsrisiken zu verhindern oder aufzudecken;<br\/>&#8211; um die Kontinuit\u00e4t unserer Dienstleistungen zu gew\u00e4hrleisten;<br\/>&#8211; um mit allen Beteiligten wie z.B. Transportunternehmen zu korrespondieren.<\/p>\n\n\n\n<h3 class=\"wp-block-heading\">Marketing<\/h3>\n\n\n\n<p>Ihre pers\u00f6nlichen Daten k\u00f6nnen verarbeitet werden, um f\u00fcr Produkte und Dienstleistungen zu werben. Mit Ihrer Zustimmung k\u00f6nnen wir Ihnen Werbemitteilungen (z.B. Newsletter) mit Informationen \u00fcber unsere Produkte und Dienstleistungen zusenden. <\/p>\n\n\n\n<p>Sie k\u00f6nnen Ihre Zustimmung zur Nutzung Ihrer Daten f\u00fcr den Versand unseres Newsletters jederzeit widerrufen, wenn Sie unsere Website \u00fcber die Adresse: rgpd @ carea-facade.com nutzen.<\/p>\n\n\n\n<h3 class=\"wp-block-heading\">Wie lange bewahren wir sie auf?<\/h3>\n\n\n\n<p>Wir werden Ihre Daten so lange speichern, wie Sie unsere Dienste und Plattformen nutzen. Wir k\u00f6nnen Ihre Daten auch dann aufbewahren, wenn Sie sich entscheiden, unsere Dienste oder Plattformen nicht mehr zu nutzen, unter anderem, um die geltenden Gesetze einzuhalten, unsere Interessen zu verteidigen oder unsere Rechte durchzusetzen. Wenn wir sie nicht mehr ben\u00f6tigen, werden wir sie in \u00dcbereinstimmung mit unseren internen Richtlinien sicher vernichten oder vollst\u00e4ndig anonymisieren.<br\/>Die Kontaktdaten eines Kunden oder Interessenten, der 3 Jahre lang nicht auf Anfragen reagiert, werden gel\u00f6scht.  <\/p>\n\n\n\n<h3 class=\"wp-block-heading\">Ihre Rechte<\/h3>\n\n\n\n<p>Sie haben Rechte in Bezug auf Ihre pers\u00f6nlichen Daten:<br\/>&#8211; Recht auf Zugang zu den Daten (vorbehaltlich des Nachweises Ihrer Identit\u00e4t),<br\/>&#8211; Recht auf Berichtigung der Daten,<br\/>&#8211; Recht auf L\u00f6schung der Sie betreffenden Informationen unter den in Artikel 17 der Allgemeinen Datenschutzverordnung festgelegten Bedingungen,<br\/>&#8211; Recht auf Einschr\u00e4nkung der Verarbeitung,<br\/>&#8211; Recht auf Festlegung allgemeiner und besonderer Richtlinien, in denen festgelegt wird, wie diese Rechte nach Ihrem Tod ausge\u00fcbt werden sollen.<br\/>&#8211; Sie haben auch ein Recht auf Widerspruch gegen die Verarbeitung Ihrer personenbezogenen Daten.<\/p>\n\n\n\n<p>Schlie\u00dflich k\u00f6nnen Sie bei Bedarf per Post oder Telefon eine Beschwerde bei der CNIL einreichen (Informationen dazu finden Sie <a href=\"https:\/\/www.cnil.fr\/fr\/le-droit-dopposition-refuser-lutilisation-de-vos-donnees\" target=\"_blank\" rel=\"noreferrer noopener\">hier<\/a>).<\/p>\n\n\n\n<p>Sie k\u00f6nnen diese Rechte aus\u00fcben, indem Sie Ihre Identit\u00e4t nachweisen und sich per E-Mail an den Datenschutzbeauftragten wenden, der unter der Adresse rgpd @ carea-facade.com erreichbar ist.<\/p>\n\n\n\n<h3 class=\"wp-block-heading\">Wie gew\u00e4hrleisten wir die Sicherheit Ihrer Daten?<\/h3>\n\n\n\n<p>Wir setzen technische und organisatorische Ma\u00dfnahmen ein, um Ihre Daten zu sch\u00fctzen. Wir verpflichten unsere Mitarbeiter, strenge Standards f\u00fcr Sicherheit und Informationsschutz einzuhalten. <\/p>\n\n\n\n<h3 class=\"wp-block-heading\">Tracker (Cookies)<\/h3>\n\n\n\n<p>Carea verwendet Cookies<sup>(1)<\/sup>, die auf dem Computer des Benutzers gespeichert werden und die es erm\u00f6glichen, die Nutzung der Website zu analysieren und den Benutzer bei sp\u00e4teren Besuchen wiederzuerkennen. Mit Hilfe der gesammelten Informationen kann Carea die Strukturen und Muster der Nutzung seiner Websites analysieren. Auf diese Weise kann Carea die Websites kontinuierlich optimieren, indem sie den Inhalt oder die Personalisierung verbessert und die Nutzung vereinfacht. Dar\u00fcber hinaus kann Carea die Darstellung der Website personalisieren und das Angebot besser auf die Bed\u00fcrfnisse eines bestimmten Nutzers abstimmen.   <br\/>Die in den Cookies von Carea gespeicherten Informationen werden nicht mit pers\u00f6nlichen Informationen \u00fcber den Benutzer (Name, Adresse usw.) in Verbindung gebracht. Ohne die ausdr\u00fcckliche Zustimmung des Nutzers wird Carea die in den Cookies gespeicherten Informationen nicht mit pers\u00f6nlichen Informationen \u00fcber den Nutzer (Name, Adresse usw.) verkn\u00fcpfen. <br\/>Carea verwendet Sitzungscookies und permanente Cookies(1). Sitzungscookies werden gel\u00f6scht, wenn der Benutzer die Website verl\u00e4sst. Permanente Cookies werden f\u00fcr einen Zeitraum von bis zu zwei Jahren gespeichert. Danach werden sie automatisch gel\u00f6scht.   <\/p>\n\n\n\n<p>Die Carea-Websites verwenden die Matomo Analytics-L\u00f6sung.<\/p>\n\n\n\n<p id=\"matomo_opted_in_intro\">Sie k\u00f6nnen die Verfolgung Ihres Surfverhaltens auf dieser Website ablehnen. Dies sch\u00fctzt Ihre Privatsph\u00e4re, hindert den Eigent\u00fcmer aber auch daran, von Ihren Handlungen zu lernen und eine bessere Erfahrung f\u00fcr Sie und andere Nutzer zu schaffen. <strong>Sie sind nicht ausgeschlossen. Deaktivieren Sie dieses Kontrollk\u00e4stchen, um sich selbst auszuschlie\u00dfen. <\/strong><\/p>\n\n\n\n<p>Die Carea-Websites benutzen Google Analytics, ein Webanalyse-Tool der Google Inc. (im Folgenden &#8222;Google&#8220;). Google Analytics verwendet auch Cookies, die auf dem Computer des Benutzers gespeichert werden und die eine Analyse der Benutzung der Website durch den Benutzer erm\u00f6glichen. Die von den Cookies erzeugten Informationen dar\u00fcber, wie der Benutzer die Website nutzt (einschlie\u00dflich der IP-Adresse), werden an einen Server von Google in den USA \u00fcbertragen und dort gespeichert. Carea verwendet diese Informationen, um die Nutzung der Website auszuwerten, um Berichte \u00fcber die Website-Aktivit\u00e4ten f\u00fcr die Website-Betreiber zu erstellen und um weitere Dienstleistungen im Zusammenhang mit der Nutzung der Website und des Internets zu erbringen. Auch wird Google diese Informationen gegebenenfalls an Dritte \u00fcbertragen, sofern dies gesetzlich vorgeschrieben oder soweit Dritte diese Daten im Auftrag von Google verarbeiten.<br\/>Durch die Nutzung dieser Website erkl\u00e4rt sich der Nutzer mit der Bearbeitung der \u00fcber ihn erhobenen Daten durch Carea und Google in der zuvor beschriebenen Art und Weise und zu dem zuvor benannten Zweck einverstanden.<br\/>Die meisten Browser akzeptieren in der Regel Cookies. Die Nutzer k\u00f6nnen in den Sicherheitseinstellungen tempor\u00e4re und permanente Cookies unabh\u00e4ngig voneinander zulassen oder verbieten. Wenn der Nutzer die Cookies deaktiviert, sind einige Internetseiten von Carea m\u00f6glicherweise nicht mehr verf\u00fcgbar und es ist wahrscheinlich, dass einige Seiten nicht mehr korrekt angezeigt werden. Der Nutzer kann die Cookies auch manuell in seinem Browser l\u00f6schen.        <\/p>\n\n\n\n<p>(1): Ein &#8222;Cookie&#8220; ist eine kleine Datendatei, die von einem Anbieter auf dem Computer des Nutzers gespeichert wird, wenn dieser auf die Website des Anbieters surft. Ein Cookie kann nur Informationen enthalten, die der Anbieter selbst auf den Computer des Nutzers \u00fcbertr\u00e4gt; es ist nicht m\u00f6glich, die privaten Daten des Nutzers aus einem Cookie auszulesen. Wenn ein Nutzer die Cookies eines Anbieters akzeptiert, hat der Anbieter keinen Zugang zu den pers\u00f6nlichen Daten des Nutzers, kann aber den Computer des Nutzers anhand der Cookies identifizieren.Datenschutzrichtlinie  <\/p>\n<\/div>\n<\/div>\n","protected":false},"excerpt":{"rendered":"<p>Datenschutzrichtlinie Weitere Details zu Ihren Daten Die neue Allgemeine Datenschutzverordnung (GDPR) \u00e4ndert das Gesetz &#8222;Informatique et Libert\u00e9s&#8220;.Diese Verordnung regelt die Nutzung und Sicherung Ihrer personenbezogenen Daten und zielt darauf ab, diese besser zu sch\u00fctzen. Verwendung von pers\u00f6nlichen Daten In diesem neuen Rahmen sammeln wir Daten auf transparentere Weise. In diesem Abschnitt wird beschrieben, wie wir [&hellip;]<\/p>\n","protected":false},"author":3,"featured_media":0,"parent":0,"menu_order":0,"comment_status":"closed","ping_status":"closed","template":"","meta":{"_acf_changed":false,"footnotes":""},"class_list":["post-8938","page","type-page","status-publish","hentry"],"acf":[],"yoast_head":"<!-- This site is optimized with the Yoast SEO plugin v27.5 - https:\/\/yoast.com\/product\/yoast-seo-wordpress\/ -->\n<title>Datenschutzrichtlinie - Carea facade<\/title>\n<meta name=\"robots\" content=\"noindex, follow\" \/>\n<meta property=\"og:locale\" content=\"de_DE\" \/>\n<meta property=\"og:type\" content=\"article\" \/>\n<meta property=\"og:title\" content=\"Datenschutzrichtlinie - Carea facade\" \/>\n<meta property=\"og:description\" content=\"Datenschutzrichtlinie Weitere Details zu Ihren Daten Die neue Allgemeine Datenschutzverordnung (GDPR) \u00e4ndert das Gesetz &#8222;Informatique et Libert\u00e9s&#8220;.Diese Verordnung regelt die Nutzung und Sicherung Ihrer personenbezogenen Daten und zielt darauf ab, diese besser zu sch\u00fctzen. Verwendung von pers\u00f6nlichen Daten In diesem neuen Rahmen sammeln wir Daten auf transparentere Weise. In diesem Abschnitt wird beschrieben, wie wir [&hellip;]\" \/>\n<meta property=\"og:url\" content=\"https:\/\/carea-facade.com\/de\/datenschutzrichtlinie\/\" \/>\n<meta property=\"og:site_name\" content=\"Carea facade\" \/>\n<meta property=\"article:modified_time\" content=\"2026-01-21T14:11:28+00:00\" \/>\n<meta name=\"twitter:card\" content=\"summary_large_image\" \/>\n<meta name=\"twitter:label1\" content=\"Gesch\u00e4tzte Lesezeit\" \/>\n\t<meta name=\"twitter:data1\" content=\"1\u00a0Minute\" \/>\n<script type=\"application\/ld+json\" class=\"yoast-schema-graph\">{\"@context\":\"https:\\\/\\\/schema.org\",\"@graph\":[{\"@type\":\"WebPage\",\"@id\":\"https:\\\/\\\/carea-facade.com\\\/de\\\/datenschutzrichtlinie\\\/\",\"url\":\"https:\\\/\\\/carea-facade.com\\\/de\\\/datenschutzrichtlinie\\\/\",\"name\":\"Datenschutzrichtlinie - Carea facade\",\"isPartOf\":{\"@id\":\"https:\\\/\\\/carea-facade.com\\\/de\\\/#website\"},\"datePublished\":\"2025-10-01T16:10:49+00:00\",\"dateModified\":\"2026-01-21T14:11:28+00:00\",\"breadcrumb\":{\"@id\":\"https:\\\/\\\/carea-facade.com\\\/de\\\/datenschutzrichtlinie\\\/#breadcrumb\"},\"inLanguage\":\"de\",\"potentialAction\":[{\"@type\":\"ReadAction\",\"target\":[\"https:\\\/\\\/carea-facade.com\\\/de\\\/datenschutzrichtlinie\\\/\"]}]},{\"@type\":\"BreadcrumbList\",\"@id\":\"https:\\\/\\\/carea-facade.com\\\/de\\\/datenschutzrichtlinie\\\/#breadcrumb\",\"itemListElement\":[{\"@type\":\"ListItem\",\"position\":1,\"name\":\"Accueil\",\"item\":\"https:\\\/\\\/carea-facade.com\\\/de\\\/\"},{\"@type\":\"ListItem\",\"position\":2,\"name\":\"Datenschutzrichtlinie\"}]},{\"@type\":\"WebSite\",\"@id\":\"https:\\\/\\\/carea-facade.com\\\/de\\\/#website\",\"url\":\"https:\\\/\\\/carea-facade.com\\\/de\\\/\",\"name\":\"Carea facade\",\"description\":\"\",\"publisher\":{\"@id\":\"https:\\\/\\\/carea-facade.com\\\/de\\\/#organization\"},\"potentialAction\":[{\"@type\":\"SearchAction\",\"target\":{\"@type\":\"EntryPoint\",\"urlTemplate\":\"https:\\\/\\\/carea-facade.com\\\/de\\\/?s={search_term_string}\"},\"query-input\":{\"@type\":\"PropertyValueSpecification\",\"valueRequired\":true,\"valueName\":\"search_term_string\"}}],\"inLanguage\":\"de\"},{\"@type\":\"Organization\",\"@id\":\"https:\\\/\\\/carea-facade.com\\\/de\\\/#organization\",\"name\":\"Carea facade\",\"url\":\"https:\\\/\\\/carea-facade.com\\\/de\\\/\",\"logo\":{\"@type\":\"ImageObject\",\"inLanguage\":\"de\",\"@id\":\"https:\\\/\\\/carea-facade.com\\\/de\\\/#\\\/schema\\\/logo\\\/image\\\/\",\"url\":\"https:\\\/\\\/carea-facade.com\\\/wp-content\\\/uploads\\\/2025\\\/10\\\/logo-carea.svg\",\"contentUrl\":\"https:\\\/\\\/carea-facade.com\\\/wp-content\\\/uploads\\\/2025\\\/10\\\/logo-carea.svg\",\"width\":131,\"height\":95,\"caption\":\"Carea facade\"},\"image\":{\"@id\":\"https:\\\/\\\/carea-facade.com\\\/de\\\/#\\\/schema\\\/logo\\\/image\\\/\"}}]}<\/script>\n<!-- \/ Yoast SEO plugin. -->","yoast_head_json":{"title":"Datenschutzrichtlinie - Carea facade","robots":{"index":"noindex","follow":"follow"},"og_locale":"de_DE","og_type":"article","og_title":"Datenschutzrichtlinie - Carea facade","og_description":"Datenschutzrichtlinie Weitere Details zu Ihren Daten Die neue Allgemeine Datenschutzverordnung (GDPR) \u00e4ndert das Gesetz &#8222;Informatique et Libert\u00e9s&#8220;.Diese Verordnung regelt die Nutzung und Sicherung Ihrer personenbezogenen Daten und zielt darauf ab, diese besser zu sch\u00fctzen. Verwendung von pers\u00f6nlichen Daten In diesem neuen Rahmen sammeln wir Daten auf transparentere Weise. In diesem Abschnitt wird beschrieben, wie wir [&hellip;]","og_url":"https:\/\/carea-facade.com\/de\/datenschutzrichtlinie\/","og_site_name":"Carea facade","article_modified_time":"2026-01-21T14:11:28+00:00","twitter_card":"summary_large_image","twitter_misc":{"Gesch\u00e4tzte Lesezeit":"1\u00a0Minute"},"schema":{"@context":"https:\/\/schema.org","@graph":[{"@type":"WebPage","@id":"https:\/\/carea-facade.com\/de\/datenschutzrichtlinie\/","url":"https:\/\/carea-facade.com\/de\/datenschutzrichtlinie\/","name":"Datenschutzrichtlinie - Carea facade","isPartOf":{"@id":"https:\/\/carea-facade.com\/de\/#website"},"datePublished":"2025-10-01T16:10:49+00:00","dateModified":"2026-01-21T14:11:28+00:00","breadcrumb":{"@id":"https:\/\/carea-facade.com\/de\/datenschutzrichtlinie\/#breadcrumb"},"inLanguage":"de","potentialAction":[{"@type":"ReadAction","target":["https:\/\/carea-facade.com\/de\/datenschutzrichtlinie\/"]}]},{"@type":"BreadcrumbList","@id":"https:\/\/carea-facade.com\/de\/datenschutzrichtlinie\/#breadcrumb","itemListElement":[{"@type":"ListItem","position":1,"name":"Accueil","item":"https:\/\/carea-facade.com\/de\/"},{"@type":"ListItem","position":2,"name":"Datenschutzrichtlinie"}]},{"@type":"WebSite","@id":"https:\/\/carea-facade.com\/de\/#website","url":"https:\/\/carea-facade.com\/de\/","name":"Carea facade","description":"","publisher":{"@id":"https:\/\/carea-facade.com\/de\/#organization"},"potentialAction":[{"@type":"SearchAction","target":{"@type":"EntryPoint","urlTemplate":"https:\/\/carea-facade.com\/de\/?s={search_term_string}"},"query-input":{"@type":"PropertyValueSpecification","valueRequired":true,"valueName":"search_term_string"}}],"inLanguage":"de"},{"@type":"Organization","@id":"https:\/\/carea-facade.com\/de\/#organization","name":"Carea facade","url":"https:\/\/carea-facade.com\/de\/","logo":{"@type":"ImageObject","inLanguage":"de","@id":"https:\/\/carea-facade.com\/de\/#\/schema\/logo\/image\/","url":"https:\/\/carea-facade.com\/wp-content\/uploads\/2025\/10\/logo-carea.svg","contentUrl":"https:\/\/carea-facade.com\/wp-content\/uploads\/2025\/10\/logo-carea.svg","width":131,"height":95,"caption":"Carea facade"},"image":{"@id":"https:\/\/carea-facade.com\/de\/#\/schema\/logo\/image\/"}}]}},"_links":{"self":[{"href":"https:\/\/carea-facade.com\/de\/wp-json\/wp\/v2\/pages\/8938","targetHints":{"allow":["GET"]}}],"collection":[{"href":"https:\/\/carea-facade.com\/de\/wp-json\/wp\/v2\/pages"}],"about":[{"href":"https:\/\/carea-facade.com\/de\/wp-json\/wp\/v2\/types\/page"}],"author":[{"embeddable":true,"href":"https:\/\/carea-facade.com\/de\/wp-json\/wp\/v2\/users\/3"}],"replies":[{"embeddable":true,"href":"https:\/\/carea-facade.com\/de\/wp-json\/wp\/v2\/comments?post=8938"}],"version-history":[{"count":7,"href":"https:\/\/carea-facade.com\/de\/wp-json\/wp\/v2\/pages\/8938\/revisions"}],"predecessor-version":[{"id":23234,"href":"https:\/\/carea-facade.com\/de\/wp-json\/wp\/v2\/pages\/8938\/revisions\/23234"}],"wp:attachment":[{"href":"https:\/\/carea-facade.com\/de\/wp-json\/wp\/v2\/media?parent=8938"}],"curies":[{"name":"wp","href":"https:\/\/api.w.org\/{rel}","templated":true}]}}