{"id":8944,"date":"2025-10-01T17:28:35","date_gmt":"2025-10-01T15:28:35","guid":{"rendered":"https:\/\/carea-facade.com\/engagement-fuer-die-umwelt\/ueber-isolierung-ueber-verkleidung-umweltfreundliche-loesungen\/"},"modified":"2026-04-01T12:41:31","modified_gmt":"2026-04-01T10:41:31","slug":"ueberisolierung-verbundbekleidung-umweltfreundliche-loesungen","status":"publish","type":"page","link":"https:\/\/carea-facade.com\/de\/engagement-fuer-die-umwelt\/ueberisolierung-verbundbekleidung-umweltfreundliche-loesungen\/","title":{"rendered":"\u00dcber-Isolierung, \u00dcber-Verkleidung: umweltfreundliche L\u00f6sungen"},"content":{"rendered":"\n<div class=\"wp-block-group has-global-padding is-layout-constrained wp-container-core-group-is-layout-3bb13389 wp-block-group-is-layout-constrained\" style=\"padding-top:var(--wp--preset--spacing--theme-default);padding-right:var(--wp--preset--spacing--theme-xs);padding-bottom:var(--wp--preset--spacing--theme-default);padding-left:var(--wp--preset--spacing--theme-xs)\">\n<div class=\"wp-block-group content-content-group is-vertical is-layout-flex wp-container-core-group-is-layout-d309df8e wp-block-group-is-layout-flex\">\n<h1 class=\"wp-block-heading has-text-align-left has-black-color has-text-color\" style=\"margin-bottom:40px;font-style:normal;font-weight:500;text-transform:uppercase\">Bauherrenschaft &amp; nachhaltige Sanierung<\/h1>\n\n\n\n<h4 class=\"wp-block-heading\">Warum sollten Sie sich f\u00fcr unsere L\u00f6sung entscheiden?<\/h4>\n\n\n\n<ul class=\"wp-block-list\">\n<li>Ihre Investition zukunftssicher machen<\/li>\n\n\n\n<li>Reduzierung des CO2-Fu\u00dfabdrucks von Geb\u00e4uden<\/li>\n\n\n\n<li>Senkung des Energieverbrauchs<\/li>\n\n\n\n<li>Verk\u00fcrzung der Bauzeit durch Vermeidung des Abbaus und der damit verbundenen Belastungen<\/li>\n\n\n\n<li>Sich in einem tugendhaften und wirtschaftlichen Prozess engagieren<\/li>\n<\/ul>\n\n\n\n<figure class=\"wp-block-embed is-type-video is-provider-youtube wp-block-embed-youtube\"><div class=\"wp-block-embed__wrapper\">\n<iframe loading=\"lazy\" title=\"Sur-isolation des fa\u00e7ades - CAREA : La solution performante pour un b\u00e2timent durable \ud83c\udfe2\ud83c\udf0d\" width=\"500\" height=\"281\" src=\"https:\/\/www.youtube.com\/embed\/uxBsyNdz7Ug?feature=oembed\" frameborder=\"0\" allow=\"accelerometer; autoplay; clipboard-write; encrypted-media; gyroscope; picture-in-picture; web-share\" referrerpolicy=\"strict-origin-when-cross-origin\" allowfullscreen><\/iframe>\n<\/div><\/figure>\n\n\n\n<h4 class=\"wp-block-heading\">Das Prinzip der \u00dcberisolierung oder Verbundbekleidung<\/h4>\n\n\n\n<ul class=\"wp-block-list\">\n<li>Verkleidung ohne Unterkonstruktion (BSO) f\u00fcr die Sanierung<\/li>\n\n\n\n<li>Anwendung auf vorhandenem Putz oder vorheriger Verbundbekleidung<\/li>\n\n\n\n<li>Befestigung durch den vorhandenen Putz oder die Verbundbekleidung hindurch in den angrenzenden Untergrund.<\/li>\n<\/ul>\n\n\n\n<figure class=\"wp-block-image size-full\"><img loading=\"lazy\" decoding=\"async\" width=\"637\" height=\"400\" src=\"https:\/\/carea-facade.com\/wp-content\/uploads\/2025\/09\/bso-pose-surisolation.jpg\" alt=\"bso verlegung &#xFC;berisolierung\" class=\"wp-image-2111\" srcset=\"https:\/\/carea-facade.com\/wp-content\/uploads\/2025\/09\/bso-pose-surisolation.jpg 637w, https:\/\/carea-facade.com\/wp-content\/uploads\/2025\/09\/bso-pose-surisolation-300x188.jpg 300w\" sizes=\"auto, (max-width: 637px) 100vw, 637px\" \/><\/figure>\n\n\n\n<h4 class=\"wp-block-heading\">\u00d6kologische Vorteile<\/h4>\n\n\n\n<ul class=\"wp-block-list\">\n<li>Reduzierung des Kohlenstoff-Fu\u00dfabdrucks<\/li>\n\n\n\n<li>Vor Ort recyceltes Material<\/li>\n\n\n\n<li>Vereinfachtes Abfallmanagement auf der Baustelle<\/li>\n\n\n\n<li>Reduzierte L\u00e4rm- und Schadstoffbelastung durch den Ausbau<\/li>\n\n\n\n<li>Beibehaltung der D\u00e4mmeigenschaften des alten Systems: besseres Geb\u00e4ude<\/li>\n<\/ul>\n\n\n\n<h4 class=\"wp-block-heading\">Wirtschaftliche Vorteile<\/h4>\n\n\n\n<ul class=\"wp-block-list\">\n<li><strong>Einsparung von Zeit und Geld<\/strong>\n<ul class=\"wp-block-list\">\n<li>Keine Demontage + Verkleidung ohne Unterkonstruktion (VoU): 16-mal k\u00fcrzere Bauzeit<\/li>\n<\/ul>\n<\/li>\n\n\n\n<li><strong>Keine Notwendigkeit, die alte Verbundbekleidung oder Isolierung zu entfernen<\/strong>\n<ul class=\"wp-block-list\">\n<li>Fr\u00fchere Investitionen in WDVS werden fortgesetzt<\/li>\n<\/ul>\n<\/li>\n\n\n\n<li><strong>Vermeidung von Kosten f\u00fcr Recycling und Abfallmanagement<\/strong><\/li>\n<\/ul>\n\n\n\n<h3 class=\"wp-block-heading\">Schlussfolgerung<\/h3>\n\n\n\n<ul class=\"wp-block-list\">\n<li>Eine nachhaltige und wirtschaftliche L\u00f6sung<\/li>\n\n\n\n<li>Optimierung der Energieleistung<\/li>\n\n\n\n<li>Eine verantwortungsvolle Wahl f\u00fcr die Zukunft<\/li>\n<\/ul>\n\n\n\n<p><strong>Haben Sie eine Frage?<\/strong><\/p>\n\n\n\n<div class=\"wp-block-buttons is-layout-flex wp-block-buttons-is-layout-flex\">\n<div class=\"wp-block-button\"><a class=\"wp-block-button__link wp-element-button\" href=\"https:\/\/carea-facade.com\/de\/kontakt\/\">Kontaktieren Sie uns<\/a><\/div>\n<\/div>\n<\/div>\n<\/div>\n","protected":false},"excerpt":{"rendered":"<p>Bauherrenschaft &amp; nachhaltige Sanierung Warum sollten Sie sich f\u00fcr unsere L\u00f6sung entscheiden? Das Prinzip der \u00dcberisolierung oder Verbundbekleidung \u00d6kologische Vorteile Wirtschaftliche Vorteile Schlussfolgerung Haben Sie eine Frage?<\/p>\n","protected":false},"author":3,"featured_media":0,"parent":8697,"menu_order":4,"comment_status":"closed","ping_status":"closed","template":"","meta":{"_acf_changed":false,"footnotes":""},"class_list":["post-8944","page","type-page","status-publish","hentry"],"acf":[],"yoast_head":"<!-- This site is optimized with the Yoast SEO plugin v27.5 - https:\/\/yoast.com\/product\/yoast-seo-wordpress\/ -->\n<title>\u00dcberisolierung, Verbundbekleidung: Warum Carea Fa\u00e7ade?<\/title>\n<meta name=\"description\" content=\"CAREA FACADE - \u00dcberd\u00e4mmung, Verbundbekleidung: umweltfreundliche L\u00f6sungen. Was sind die \u00f6kologischen und \u00f6konomischen Vorteile?\" \/>\n<meta name=\"robots\" content=\"index, follow, max-snippet:-1, max-image-preview:large, max-video-preview:-1\" \/>\n<link rel=\"canonical\" href=\"https:\/\/carea-facade.com\/de\/engagement-fuer-die-umwelt\/ueberisolierung-verbundbekleidung-umweltfreundliche-loesungen\/\" \/>\n<meta property=\"og:locale\" content=\"de_DE\" \/>\n<meta property=\"og:type\" content=\"article\" \/>\n<meta property=\"og:title\" content=\"\u00dcberisolierung, Verbundbekleidung: Warum Carea Fa\u00e7ade?\" \/>\n<meta property=\"og:description\" content=\"CAREA FACADE - \u00dcberd\u00e4mmung, Verbundbekleidung: umweltfreundliche L\u00f6sungen. Was sind die \u00f6kologischen und \u00f6konomischen Vorteile?\" \/>\n<meta property=\"og:url\" content=\"https:\/\/carea-facade.com\/de\/engagement-fuer-die-umwelt\/ueberisolierung-verbundbekleidung-umweltfreundliche-loesungen\/\" \/>\n<meta property=\"og:site_name\" content=\"Carea facade\" \/>\n<meta property=\"article:modified_time\" content=\"2026-04-01T10:41:31+00:00\" \/>\n<meta property=\"og:image\" content=\"https:\/\/carea-facade.com\/wp-content\/uploads\/2025\/09\/bso-pose-surisolation.jpg\" \/>\n\t<meta property=\"og:image:width\" content=\"637\" \/>\n\t<meta property=\"og:image:height\" content=\"400\" \/>\n\t<meta property=\"og:image:type\" content=\"image\/jpeg\" \/>\n<meta name=\"twitter:card\" content=\"summary_large_image\" \/>\n<meta name=\"twitter:label1\" content=\"Gesch\u00e4tzte Lesezeit\" \/>\n\t<meta name=\"twitter:data1\" content=\"1\u00a0Minute\" \/>\n<script type=\"application\/ld+json\" class=\"yoast-schema-graph\">{\"@context\":\"https:\\\/\\\/schema.org\",\"@graph\":[{\"@type\":\"WebPage\",\"@id\":\"https:\\\/\\\/carea-facade.com\\\/de\\\/engagement-fuer-die-umwelt\\\/ueberisolierung-verbundbekleidung-umweltfreundliche-loesungen\\\/\",\"url\":\"https:\\\/\\\/carea-facade.com\\\/de\\\/engagement-fuer-die-umwelt\\\/ueberisolierung-verbundbekleidung-umweltfreundliche-loesungen\\\/\",\"name\":\"\u00dcberisolierung, Verbundbekleidung: Warum Carea Fa\u00e7ade?\",\"isPartOf\":{\"@id\":\"https:\\\/\\\/carea-facade.com\\\/de\\\/#website\"},\"primaryImageOfPage\":{\"@id\":\"https:\\\/\\\/carea-facade.com\\\/de\\\/engagement-fuer-die-umwelt\\\/ueberisolierung-verbundbekleidung-umweltfreundliche-loesungen\\\/#primaryimage\"},\"image\":{\"@id\":\"https:\\\/\\\/carea-facade.com\\\/de\\\/engagement-fuer-die-umwelt\\\/ueberisolierung-verbundbekleidung-umweltfreundliche-loesungen\\\/#primaryimage\"},\"thumbnailUrl\":\"https:\\\/\\\/carea-facade.com\\\/wp-content\\\/uploads\\\/2025\\\/09\\\/bso-pose-surisolation.jpg\",\"datePublished\":\"2025-10-01T15:28:35+00:00\",\"dateModified\":\"2026-04-01T10:41:31+00:00\",\"description\":\"CAREA FACADE - \u00dcberd\u00e4mmung, Verbundbekleidung: umweltfreundliche L\u00f6sungen. Was sind die \u00f6kologischen und \u00f6konomischen Vorteile?\",\"breadcrumb\":{\"@id\":\"https:\\\/\\\/carea-facade.com\\\/de\\\/engagement-fuer-die-umwelt\\\/ueberisolierung-verbundbekleidung-umweltfreundliche-loesungen\\\/#breadcrumb\"},\"inLanguage\":\"de\",\"potentialAction\":[{\"@type\":\"ReadAction\",\"target\":[\"https:\\\/\\\/carea-facade.com\\\/de\\\/engagement-fuer-die-umwelt\\\/ueberisolierung-verbundbekleidung-umweltfreundliche-loesungen\\\/\"]}]},{\"@type\":\"ImageObject\",\"inLanguage\":\"de\",\"@id\":\"https:\\\/\\\/carea-facade.com\\\/de\\\/engagement-fuer-die-umwelt\\\/ueberisolierung-verbundbekleidung-umweltfreundliche-loesungen\\\/#primaryimage\",\"url\":\"https:\\\/\\\/carea-facade.com\\\/wp-content\\\/uploads\\\/2025\\\/09\\\/bso-pose-surisolation.jpg\",\"contentUrl\":\"https:\\\/\\\/carea-facade.com\\\/wp-content\\\/uploads\\\/2025\\\/09\\\/bso-pose-surisolation.jpg\"},{\"@type\":\"BreadcrumbList\",\"@id\":\"https:\\\/\\\/carea-facade.com\\\/de\\\/engagement-fuer-die-umwelt\\\/ueberisolierung-verbundbekleidung-umweltfreundliche-loesungen\\\/#breadcrumb\",\"itemListElement\":[{\"@type\":\"ListItem\",\"position\":1,\"name\":\"Accueil\",\"item\":\"https:\\\/\\\/carea-facade.com\\\/de\\\/\"},{\"@type\":\"ListItem\",\"position\":2,\"name\":\"Engagement f\u00fcr die Umwelt\",\"item\":\"https:\\\/\\\/carea-facade.com\\\/de\\\/engagement-fuer-die-umwelt\\\/\"},{\"@type\":\"ListItem\",\"position\":3,\"name\":\"\u00dcber-Isolierung, \u00dcber-Verkleidung: umweltfreundliche L\u00f6sungen\"}]},{\"@type\":\"WebSite\",\"@id\":\"https:\\\/\\\/carea-facade.com\\\/de\\\/#website\",\"url\":\"https:\\\/\\\/carea-facade.com\\\/de\\\/\",\"name\":\"Carea facade\",\"description\":\"\",\"publisher\":{\"@id\":\"https:\\\/\\\/carea-facade.com\\\/de\\\/#organization\"},\"potentialAction\":[{\"@type\":\"SearchAction\",\"target\":{\"@type\":\"EntryPoint\",\"urlTemplate\":\"https:\\\/\\\/carea-facade.com\\\/de\\\/?s={search_term_string}\"},\"query-input\":{\"@type\":\"PropertyValueSpecification\",\"valueRequired\":true,\"valueName\":\"search_term_string\"}}],\"inLanguage\":\"de\"},{\"@type\":\"Organization\",\"@id\":\"https:\\\/\\\/carea-facade.com\\\/de\\\/#organization\",\"name\":\"Carea facade\",\"url\":\"https:\\\/\\\/carea-facade.com\\\/de\\\/\",\"logo\":{\"@type\":\"ImageObject\",\"inLanguage\":\"de\",\"@id\":\"https:\\\/\\\/carea-facade.com\\\/de\\\/#\\\/schema\\\/logo\\\/image\\\/\",\"url\":\"https:\\\/\\\/carea-facade.com\\\/wp-content\\\/uploads\\\/2025\\\/10\\\/logo-carea.svg\",\"contentUrl\":\"https:\\\/\\\/carea-facade.com\\\/wp-content\\\/uploads\\\/2025\\\/10\\\/logo-carea.svg\",\"width\":131,\"height\":95,\"caption\":\"Carea facade\"},\"image\":{\"@id\":\"https:\\\/\\\/carea-facade.com\\\/de\\\/#\\\/schema\\\/logo\\\/image\\\/\"}}]}<\/script>\n<!-- \/ Yoast SEO plugin. -->","yoast_head_json":{"title":"\u00dcberisolierung, Verbundbekleidung: Warum Carea Fa\u00e7ade?","description":"CAREA FACADE - \u00dcberd\u00e4mmung, Verbundbekleidung: umweltfreundliche L\u00f6sungen. Was sind die \u00f6kologischen und \u00f6konomischen Vorteile?","robots":{"index":"index","follow":"follow","max-snippet":"max-snippet:-1","max-image-preview":"max-image-preview:large","max-video-preview":"max-video-preview:-1"},"canonical":"https:\/\/carea-facade.com\/de\/engagement-fuer-die-umwelt\/ueberisolierung-verbundbekleidung-umweltfreundliche-loesungen\/","og_locale":"de_DE","og_type":"article","og_title":"\u00dcberisolierung, Verbundbekleidung: Warum Carea Fa\u00e7ade?","og_description":"CAREA FACADE - \u00dcberd\u00e4mmung, Verbundbekleidung: umweltfreundliche L\u00f6sungen. Was sind die \u00f6kologischen und \u00f6konomischen Vorteile?","og_url":"https:\/\/carea-facade.com\/de\/engagement-fuer-die-umwelt\/ueberisolierung-verbundbekleidung-umweltfreundliche-loesungen\/","og_site_name":"Carea facade","article_modified_time":"2026-04-01T10:41:31+00:00","og_image":[{"width":637,"height":400,"url":"https:\/\/carea-facade.com\/wp-content\/uploads\/2025\/09\/bso-pose-surisolation.jpg","type":"image\/jpeg"}],"twitter_card":"summary_large_image","twitter_misc":{"Gesch\u00e4tzte Lesezeit":"1\u00a0Minute"},"schema":{"@context":"https:\/\/schema.org","@graph":[{"@type":"WebPage","@id":"https:\/\/carea-facade.com\/de\/engagement-fuer-die-umwelt\/ueberisolierung-verbundbekleidung-umweltfreundliche-loesungen\/","url":"https:\/\/carea-facade.com\/de\/engagement-fuer-die-umwelt\/ueberisolierung-verbundbekleidung-umweltfreundliche-loesungen\/","name":"\u00dcberisolierung, Verbundbekleidung: Warum Carea Fa\u00e7ade?","isPartOf":{"@id":"https:\/\/carea-facade.com\/de\/#website"},"primaryImageOfPage":{"@id":"https:\/\/carea-facade.com\/de\/engagement-fuer-die-umwelt\/ueberisolierung-verbundbekleidung-umweltfreundliche-loesungen\/#primaryimage"},"image":{"@id":"https:\/\/carea-facade.com\/de\/engagement-fuer-die-umwelt\/ueberisolierung-verbundbekleidung-umweltfreundliche-loesungen\/#primaryimage"},"thumbnailUrl":"https:\/\/carea-facade.com\/wp-content\/uploads\/2025\/09\/bso-pose-surisolation.jpg","datePublished":"2025-10-01T15:28:35+00:00","dateModified":"2026-04-01T10:41:31+00:00","description":"CAREA FACADE - \u00dcberd\u00e4mmung, Verbundbekleidung: umweltfreundliche L\u00f6sungen. Was sind die \u00f6kologischen und \u00f6konomischen Vorteile?","breadcrumb":{"@id":"https:\/\/carea-facade.com\/de\/engagement-fuer-die-umwelt\/ueberisolierung-verbundbekleidung-umweltfreundliche-loesungen\/#breadcrumb"},"inLanguage":"de","potentialAction":[{"@type":"ReadAction","target":["https:\/\/carea-facade.com\/de\/engagement-fuer-die-umwelt\/ueberisolierung-verbundbekleidung-umweltfreundliche-loesungen\/"]}]},{"@type":"ImageObject","inLanguage":"de","@id":"https:\/\/carea-facade.com\/de\/engagement-fuer-die-umwelt\/ueberisolierung-verbundbekleidung-umweltfreundliche-loesungen\/#primaryimage","url":"https:\/\/carea-facade.com\/wp-content\/uploads\/2025\/09\/bso-pose-surisolation.jpg","contentUrl":"https:\/\/carea-facade.com\/wp-content\/uploads\/2025\/09\/bso-pose-surisolation.jpg"},{"@type":"BreadcrumbList","@id":"https:\/\/carea-facade.com\/de\/engagement-fuer-die-umwelt\/ueberisolierung-verbundbekleidung-umweltfreundliche-loesungen\/#breadcrumb","itemListElement":[{"@type":"ListItem","position":1,"name":"Accueil","item":"https:\/\/carea-facade.com\/de\/"},{"@type":"ListItem","position":2,"name":"Engagement f\u00fcr die Umwelt","item":"https:\/\/carea-facade.com\/de\/engagement-fuer-die-umwelt\/"},{"@type":"ListItem","position":3,"name":"\u00dcber-Isolierung, \u00dcber-Verkleidung: umweltfreundliche L\u00f6sungen"}]},{"@type":"WebSite","@id":"https:\/\/carea-facade.com\/de\/#website","url":"https:\/\/carea-facade.com\/de\/","name":"Carea facade","description":"","publisher":{"@id":"https:\/\/carea-facade.com\/de\/#organization"},"potentialAction":[{"@type":"SearchAction","target":{"@type":"EntryPoint","urlTemplate":"https:\/\/carea-facade.com\/de\/?s={search_term_string}"},"query-input":{"@type":"PropertyValueSpecification","valueRequired":true,"valueName":"search_term_string"}}],"inLanguage":"de"},{"@type":"Organization","@id":"https:\/\/carea-facade.com\/de\/#organization","name":"Carea facade","url":"https:\/\/carea-facade.com\/de\/","logo":{"@type":"ImageObject","inLanguage":"de","@id":"https:\/\/carea-facade.com\/de\/#\/schema\/logo\/image\/","url":"https:\/\/carea-facade.com\/wp-content\/uploads\/2025\/10\/logo-carea.svg","contentUrl":"https:\/\/carea-facade.com\/wp-content\/uploads\/2025\/10\/logo-carea.svg","width":131,"height":95,"caption":"Carea facade"},"image":{"@id":"https:\/\/carea-facade.com\/de\/#\/schema\/logo\/image\/"}}]}},"_links":{"self":[{"href":"https:\/\/carea-facade.com\/de\/wp-json\/wp\/v2\/pages\/8944","targetHints":{"allow":["GET"]}}],"collection":[{"href":"https:\/\/carea-facade.com\/de\/wp-json\/wp\/v2\/pages"}],"about":[{"href":"https:\/\/carea-facade.com\/de\/wp-json\/wp\/v2\/types\/page"}],"author":[{"embeddable":true,"href":"https:\/\/carea-facade.com\/de\/wp-json\/wp\/v2\/users\/3"}],"replies":[{"embeddable":true,"href":"https:\/\/carea-facade.com\/de\/wp-json\/wp\/v2\/comments?post=8944"}],"version-history":[{"count":21,"href":"https:\/\/carea-facade.com\/de\/wp-json\/wp\/v2\/pages\/8944\/revisions"}],"predecessor-version":[{"id":23973,"href":"https:\/\/carea-facade.com\/de\/wp-json\/wp\/v2\/pages\/8944\/revisions\/23973"}],"up":[{"embeddable":true,"href":"https:\/\/carea-facade.com\/de\/wp-json\/wp\/v2\/pages\/8697"}],"wp:attachment":[{"href":"https:\/\/carea-facade.com\/de\/wp-json\/wp\/v2\/media?parent=8944"}],"curies":[{"name":"wp","href":"https:\/\/api.w.org\/{rel}","templated":true}]}}