{"id":8951,"date":"2025-10-01T17:30:01","date_gmt":"2025-10-01T15:30:01","guid":{"rendered":"https:\/\/carea-facade.com\/engagement-fuer-die-umwelt\/unsere-umweltdeklarationsblaetter-fdes\/"},"modified":"2026-04-01T12:41:31","modified_gmt":"2026-04-01T10:41:31","slug":"unsere-umweltdeklarationsblaetter-epds","status":"publish","type":"page","link":"https:\/\/carea-facade.com\/de\/engagement-fuer-die-umwelt\/unsere-umweltdeklarationsblaetter-epds\/","title":{"rendered":"Unsere Umweltdeklarationsbl\u00e4tter (FDES)"},"content":{"rendered":"\n<div class=\"wp-block-group has-global-padding is-layout-constrained wp-container-core-group-is-layout-3bb13389 wp-block-group-is-layout-constrained\" style=\"padding-top:var(--wp--preset--spacing--theme-default);padding-right:var(--wp--preset--spacing--theme-xs);padding-bottom:var(--wp--preset--spacing--theme-default);padding-left:var(--wp--preset--spacing--theme-xs)\">\n<h1 class=\"wp-block-heading has-text-align-left has-black-color has-text-color\" style=\"margin-bottom:40px;font-style:normal;font-weight:500;text-transform:uppercase\">EPDs: Environmental Declaration Sheets (Umweltdeklarationsbl\u00e4tter)<\/h1>\n\n\n\n<figure class=\"wp-block-image size-full is-resized\"><img loading=\"lazy\" decoding=\"async\" width=\"767\" height=\"767\" src=\"https:\/\/carea-facade.com\/wp-content\/uploads\/2025\/10\/logo-FDES-1745598663.png\" alt=\"EPD-Logo 1745598663\" class=\"wp-image-7795\" style=\"width:210px;height:auto\" srcset=\"https:\/\/carea-facade.com\/wp-content\/uploads\/2025\/10\/logo-FDES-1745598663.png 767w, https:\/\/carea-facade.com\/wp-content\/uploads\/2025\/10\/logo-FDES-1745598663-300x300.png 300w, https:\/\/carea-facade.com\/wp-content\/uploads\/2025\/10\/logo-FDES-1745598663-150x150.png 150w\" sizes=\"auto, (max-width: 767px) 100vw, 767px\" \/><\/figure>\n\n\n\n<div class=\"wp-block-group content-content-group is-vertical is-layout-flex wp-container-core-group-is-layout-d309df8e wp-block-group-is-layout-flex\">\n<h2 class=\"wp-block-heading\">Unsere Produkte sind mit Umwelt- und Gesundheitsdeklarationsbl\u00e4ttern (FDES) versehen.<\/h2>\n\n\n\n<p>CAREA hat es sich zur Aufgabe gemacht, Ihnen Fassadenl\u00f6sungen anzubieten, die nicht nur Ihre Projekte versch\u00f6nern, sondern auch dazu beitragen, deren Auswirkungen auf die Umwelt zu reduzieren. Um dieses Ziel zu erreichen, haben wir f\u00fcr jedes unserer Fassadenprodukte vollst\u00e4ndige Umwelt- und Gesundheitsdeklarationsbl\u00e4tter (FDES) erstellt.<\/p>\n\n\n\n<p>EPDs sind wichtige Hilfsmittel, um die CO2-Belastung unserer Produkte genau zu bewerten und Ihnen so bei der Planung Ihrer Bauprojekte zu helfen, fundierte Entscheidungen zu treffen. Diese detaillierten Datenbl\u00e4tter sind frei zug\u00e4nglich, entweder \u00fcber die INIES-Datenbank (Institut National de l&#8217;Environnement Industriel et des Risques) oder direkt <a href=\"https:\/\/carea-facade.com\/de\/downloads\/\">auf unserer Website<\/a>. Wir glauben an vollst\u00e4ndige Transparenz, daher stellen wir Ihnen diese wichtigen Informationen zur Verf\u00fcgung, damit Sie Fassadenl\u00f6sungen w\u00e4hlen k\u00f6nnen, die sowohl Ihren \u00e4sthetischen als auch Ihren \u00f6kologischen Bed\u00fcrfnissen gerecht werden.<\/p>\n\n\n\n<p>Durch die Verwendung unserer EPDs erhalten Sie nachpr\u00fcfbare Daten \u00fcber die Umweltleistung unserer Produkte und k\u00f6nnen so zur Reduzierung des CO2-Fu\u00dfabdrucks Ihrer Bauprojekte beitragen. Wir sind stolz darauf, eine aktive Rolle bei der F\u00f6rderung nachhaltiger Baupraktiken zu spielen und hoffen, dass unsere Umwelt- und Gesundheitsdeklarationsbl\u00e4tter Ihnen helfen werden, Ihre Projekte umweltfreundlicher zu gestalten. Erkunden Sie jetzt unsere EPD-Datenbl\u00e4tter und treffen Sie informierte Entscheidungen f\u00fcr eine gr\u00fcnere Zukunft.<\/p>\n<\/div>\n<\/div>\n","protected":false},"excerpt":{"rendered":"<p>EPDs: Environmental Declaration Sheets (Umweltdeklarationsbl\u00e4tter) Unsere Produkte sind mit Umwelt- und Gesundheitsdeklarationsbl\u00e4ttern (FDES) versehen. CAREA hat es sich zur Aufgabe gemacht, Ihnen Fassadenl\u00f6sungen anzubieten, die nicht nur Ihre Projekte versch\u00f6nern, sondern auch dazu beitragen, deren Auswirkungen auf die Umwelt zu reduzieren. Um dieses Ziel zu erreichen, haben wir f\u00fcr jedes unserer Fassadenprodukte vollst\u00e4ndige Umwelt- und [&hellip;]<\/p>\n","protected":false},"author":3,"featured_media":0,"parent":8697,"menu_order":5,"comment_status":"closed","ping_status":"closed","template":"","meta":{"_acf_changed":false,"footnotes":""},"class_list":["post-8951","page","type-page","status-publish","hentry"],"acf":[],"yoast_head":"<!-- This site is optimized with the Yoast SEO plugin v27.5 - https:\/\/yoast.com\/product\/yoast-seo-wordpress\/ -->\n<title>Carea Fa\u00e7ade - Umwelt- und Gesundheitsdatenbl\u00e4tter EPD<\/title>\n<meta name=\"description\" content=\"CAREA FACADE - Baul\u00f6sungen f\u00fcr die Fassade. F\u00fcr einige Produkte gibt es Umwelt- und Gesundheitsdeklarationsbl\u00e4tter (FDES).\" \/>\n<meta name=\"robots\" content=\"index, follow, max-snippet:-1, max-image-preview:large, max-video-preview:-1\" \/>\n<link rel=\"canonical\" href=\"https:\/\/carea-facade.com\/de\/engagement-fuer-die-umwelt\/unsere-umweltdeklarationsblaetter-epds\/\" \/>\n<meta property=\"og:locale\" content=\"de_DE\" \/>\n<meta property=\"og:type\" content=\"article\" \/>\n<meta property=\"og:title\" content=\"Carea Fa\u00e7ade - Umwelt- und Gesundheitsdatenbl\u00e4tter EPD\" \/>\n<meta property=\"og:description\" content=\"CAREA FACADE - Baul\u00f6sungen f\u00fcr die Fassade. F\u00fcr einige Produkte gibt es Umwelt- und Gesundheitsdeklarationsbl\u00e4tter (FDES).\" \/>\n<meta property=\"og:url\" content=\"https:\/\/carea-facade.com\/de\/engagement-fuer-die-umwelt\/unsere-umweltdeklarationsblaetter-epds\/\" \/>\n<meta property=\"og:site_name\" content=\"Carea facade\" \/>\n<meta property=\"article:modified_time\" content=\"2026-04-01T10:41:31+00:00\" \/>\n<meta property=\"og:image\" content=\"https:\/\/carea-facade.com\/wp-content\/uploads\/2025\/10\/logo-FDES-1745598663.png\" \/>\n\t<meta property=\"og:image:width\" content=\"767\" \/>\n\t<meta property=\"og:image:height\" content=\"767\" \/>\n\t<meta property=\"og:image:type\" content=\"image\/png\" \/>\n<meta name=\"twitter:card\" content=\"summary_large_image\" \/>\n<meta name=\"twitter:label1\" content=\"Gesch\u00e4tzte Lesezeit\" \/>\n\t<meta name=\"twitter:data1\" content=\"1\u00a0Minute\" \/>\n<script type=\"application\/ld+json\" class=\"yoast-schema-graph\">{\"@context\":\"https:\\\/\\\/schema.org\",\"@graph\":[{\"@type\":\"WebPage\",\"@id\":\"https:\\\/\\\/carea-facade.com\\\/de\\\/engagement-fuer-die-umwelt\\\/unsere-umweltdeklarationsblaetter-epds\\\/\",\"url\":\"https:\\\/\\\/carea-facade.com\\\/de\\\/engagement-fuer-die-umwelt\\\/unsere-umweltdeklarationsblaetter-epds\\\/\",\"name\":\"Carea Fa\u00e7ade - Umwelt- und Gesundheitsdatenbl\u00e4tter EPD\",\"isPartOf\":{\"@id\":\"https:\\\/\\\/carea-facade.com\\\/de\\\/#website\"},\"primaryImageOfPage\":{\"@id\":\"https:\\\/\\\/carea-facade.com\\\/de\\\/engagement-fuer-die-umwelt\\\/unsere-umweltdeklarationsblaetter-epds\\\/#primaryimage\"},\"image\":{\"@id\":\"https:\\\/\\\/carea-facade.com\\\/de\\\/engagement-fuer-die-umwelt\\\/unsere-umweltdeklarationsblaetter-epds\\\/#primaryimage\"},\"thumbnailUrl\":\"https:\\\/\\\/carea-facade.com\\\/wp-content\\\/uploads\\\/2025\\\/10\\\/logo-FDES-1745598663.png\",\"datePublished\":\"2025-10-01T15:30:01+00:00\",\"dateModified\":\"2026-04-01T10:41:31+00:00\",\"description\":\"CAREA FACADE - Baul\u00f6sungen f\u00fcr die Fassade. F\u00fcr einige Produkte gibt es Umwelt- und Gesundheitsdeklarationsbl\u00e4tter (FDES).\",\"breadcrumb\":{\"@id\":\"https:\\\/\\\/carea-facade.com\\\/de\\\/engagement-fuer-die-umwelt\\\/unsere-umweltdeklarationsblaetter-epds\\\/#breadcrumb\"},\"inLanguage\":\"de\",\"potentialAction\":[{\"@type\":\"ReadAction\",\"target\":[\"https:\\\/\\\/carea-facade.com\\\/de\\\/engagement-fuer-die-umwelt\\\/unsere-umweltdeklarationsblaetter-epds\\\/\"]}]},{\"@type\":\"ImageObject\",\"inLanguage\":\"de\",\"@id\":\"https:\\\/\\\/carea-facade.com\\\/de\\\/engagement-fuer-die-umwelt\\\/unsere-umweltdeklarationsblaetter-epds\\\/#primaryimage\",\"url\":\"https:\\\/\\\/carea-facade.com\\\/wp-content\\\/uploads\\\/2025\\\/10\\\/logo-FDES-1745598663.png\",\"contentUrl\":\"https:\\\/\\\/carea-facade.com\\\/wp-content\\\/uploads\\\/2025\\\/10\\\/logo-FDES-1745598663.png\"},{\"@type\":\"BreadcrumbList\",\"@id\":\"https:\\\/\\\/carea-facade.com\\\/de\\\/engagement-fuer-die-umwelt\\\/unsere-umweltdeklarationsblaetter-epds\\\/#breadcrumb\",\"itemListElement\":[{\"@type\":\"ListItem\",\"position\":1,\"name\":\"Accueil\",\"item\":\"https:\\\/\\\/carea-facade.com\\\/de\\\/\"},{\"@type\":\"ListItem\",\"position\":2,\"name\":\"Engagement f\u00fcr die Umwelt\",\"item\":\"https:\\\/\\\/carea-facade.com\\\/de\\\/engagement-fuer-die-umwelt\\\/\"},{\"@type\":\"ListItem\",\"position\":3,\"name\":\"Unsere Umweltdeklarationsbl\u00e4tter (FDES)\"}]},{\"@type\":\"WebSite\",\"@id\":\"https:\\\/\\\/carea-facade.com\\\/de\\\/#website\",\"url\":\"https:\\\/\\\/carea-facade.com\\\/de\\\/\",\"name\":\"Carea facade\",\"description\":\"\",\"publisher\":{\"@id\":\"https:\\\/\\\/carea-facade.com\\\/de\\\/#organization\"},\"potentialAction\":[{\"@type\":\"SearchAction\",\"target\":{\"@type\":\"EntryPoint\",\"urlTemplate\":\"https:\\\/\\\/carea-facade.com\\\/de\\\/?s={search_term_string}\"},\"query-input\":{\"@type\":\"PropertyValueSpecification\",\"valueRequired\":true,\"valueName\":\"search_term_string\"}}],\"inLanguage\":\"de\"},{\"@type\":\"Organization\",\"@id\":\"https:\\\/\\\/carea-facade.com\\\/de\\\/#organization\",\"name\":\"Carea facade\",\"url\":\"https:\\\/\\\/carea-facade.com\\\/de\\\/\",\"logo\":{\"@type\":\"ImageObject\",\"inLanguage\":\"de\",\"@id\":\"https:\\\/\\\/carea-facade.com\\\/de\\\/#\\\/schema\\\/logo\\\/image\\\/\",\"url\":\"https:\\\/\\\/carea-facade.com\\\/wp-content\\\/uploads\\\/2025\\\/10\\\/logo-carea.svg\",\"contentUrl\":\"https:\\\/\\\/carea-facade.com\\\/wp-content\\\/uploads\\\/2025\\\/10\\\/logo-carea.svg\",\"width\":131,\"height\":95,\"caption\":\"Carea facade\"},\"image\":{\"@id\":\"https:\\\/\\\/carea-facade.com\\\/de\\\/#\\\/schema\\\/logo\\\/image\\\/\"}}]}<\/script>\n<!-- \/ Yoast SEO plugin. -->","yoast_head_json":{"title":"Carea Fa\u00e7ade - Umwelt- und Gesundheitsdatenbl\u00e4tter EPD","description":"CAREA FACADE - Baul\u00f6sungen f\u00fcr die Fassade. F\u00fcr einige Produkte gibt es Umwelt- und Gesundheitsdeklarationsbl\u00e4tter (FDES).","robots":{"index":"index","follow":"follow","max-snippet":"max-snippet:-1","max-image-preview":"max-image-preview:large","max-video-preview":"max-video-preview:-1"},"canonical":"https:\/\/carea-facade.com\/de\/engagement-fuer-die-umwelt\/unsere-umweltdeklarationsblaetter-epds\/","og_locale":"de_DE","og_type":"article","og_title":"Carea Fa\u00e7ade - Umwelt- und Gesundheitsdatenbl\u00e4tter EPD","og_description":"CAREA FACADE - Baul\u00f6sungen f\u00fcr die Fassade. F\u00fcr einige Produkte gibt es Umwelt- und Gesundheitsdeklarationsbl\u00e4tter (FDES).","og_url":"https:\/\/carea-facade.com\/de\/engagement-fuer-die-umwelt\/unsere-umweltdeklarationsblaetter-epds\/","og_site_name":"Carea facade","article_modified_time":"2026-04-01T10:41:31+00:00","og_image":[{"width":767,"height":767,"url":"https:\/\/carea-facade.com\/wp-content\/uploads\/2025\/10\/logo-FDES-1745598663.png","type":"image\/png"}],"twitter_card":"summary_large_image","twitter_misc":{"Gesch\u00e4tzte Lesezeit":"1\u00a0Minute"},"schema":{"@context":"https:\/\/schema.org","@graph":[{"@type":"WebPage","@id":"https:\/\/carea-facade.com\/de\/engagement-fuer-die-umwelt\/unsere-umweltdeklarationsblaetter-epds\/","url":"https:\/\/carea-facade.com\/de\/engagement-fuer-die-umwelt\/unsere-umweltdeklarationsblaetter-epds\/","name":"Carea Fa\u00e7ade - Umwelt- und Gesundheitsdatenbl\u00e4tter EPD","isPartOf":{"@id":"https:\/\/carea-facade.com\/de\/#website"},"primaryImageOfPage":{"@id":"https:\/\/carea-facade.com\/de\/engagement-fuer-die-umwelt\/unsere-umweltdeklarationsblaetter-epds\/#primaryimage"},"image":{"@id":"https:\/\/carea-facade.com\/de\/engagement-fuer-die-umwelt\/unsere-umweltdeklarationsblaetter-epds\/#primaryimage"},"thumbnailUrl":"https:\/\/carea-facade.com\/wp-content\/uploads\/2025\/10\/logo-FDES-1745598663.png","datePublished":"2025-10-01T15:30:01+00:00","dateModified":"2026-04-01T10:41:31+00:00","description":"CAREA FACADE - Baul\u00f6sungen f\u00fcr die Fassade. F\u00fcr einige Produkte gibt es Umwelt- und Gesundheitsdeklarationsbl\u00e4tter (FDES).","breadcrumb":{"@id":"https:\/\/carea-facade.com\/de\/engagement-fuer-die-umwelt\/unsere-umweltdeklarationsblaetter-epds\/#breadcrumb"},"inLanguage":"de","potentialAction":[{"@type":"ReadAction","target":["https:\/\/carea-facade.com\/de\/engagement-fuer-die-umwelt\/unsere-umweltdeklarationsblaetter-epds\/"]}]},{"@type":"ImageObject","inLanguage":"de","@id":"https:\/\/carea-facade.com\/de\/engagement-fuer-die-umwelt\/unsere-umweltdeklarationsblaetter-epds\/#primaryimage","url":"https:\/\/carea-facade.com\/wp-content\/uploads\/2025\/10\/logo-FDES-1745598663.png","contentUrl":"https:\/\/carea-facade.com\/wp-content\/uploads\/2025\/10\/logo-FDES-1745598663.png"},{"@type":"BreadcrumbList","@id":"https:\/\/carea-facade.com\/de\/engagement-fuer-die-umwelt\/unsere-umweltdeklarationsblaetter-epds\/#breadcrumb","itemListElement":[{"@type":"ListItem","position":1,"name":"Accueil","item":"https:\/\/carea-facade.com\/de\/"},{"@type":"ListItem","position":2,"name":"Engagement f\u00fcr die Umwelt","item":"https:\/\/carea-facade.com\/de\/engagement-fuer-die-umwelt\/"},{"@type":"ListItem","position":3,"name":"Unsere Umweltdeklarationsbl\u00e4tter (FDES)"}]},{"@type":"WebSite","@id":"https:\/\/carea-facade.com\/de\/#website","url":"https:\/\/carea-facade.com\/de\/","name":"Carea facade","description":"","publisher":{"@id":"https:\/\/carea-facade.com\/de\/#organization"},"potentialAction":[{"@type":"SearchAction","target":{"@type":"EntryPoint","urlTemplate":"https:\/\/carea-facade.com\/de\/?s={search_term_string}"},"query-input":{"@type":"PropertyValueSpecification","valueRequired":true,"valueName":"search_term_string"}}],"inLanguage":"de"},{"@type":"Organization","@id":"https:\/\/carea-facade.com\/de\/#organization","name":"Carea facade","url":"https:\/\/carea-facade.com\/de\/","logo":{"@type":"ImageObject","inLanguage":"de","@id":"https:\/\/carea-facade.com\/de\/#\/schema\/logo\/image\/","url":"https:\/\/carea-facade.com\/wp-content\/uploads\/2025\/10\/logo-carea.svg","contentUrl":"https:\/\/carea-facade.com\/wp-content\/uploads\/2025\/10\/logo-carea.svg","width":131,"height":95,"caption":"Carea facade"},"image":{"@id":"https:\/\/carea-facade.com\/de\/#\/schema\/logo\/image\/"}}]}},"_links":{"self":[{"href":"https:\/\/carea-facade.com\/de\/wp-json\/wp\/v2\/pages\/8951","targetHints":{"allow":["GET"]}}],"collection":[{"href":"https:\/\/carea-facade.com\/de\/wp-json\/wp\/v2\/pages"}],"about":[{"href":"https:\/\/carea-facade.com\/de\/wp-json\/wp\/v2\/types\/page"}],"author":[{"embeddable":true,"href":"https:\/\/carea-facade.com\/de\/wp-json\/wp\/v2\/users\/3"}],"replies":[{"embeddable":true,"href":"https:\/\/carea-facade.com\/de\/wp-json\/wp\/v2\/comments?post=8951"}],"version-history":[{"count":13,"href":"https:\/\/carea-facade.com\/de\/wp-json\/wp\/v2\/pages\/8951\/revisions"}],"predecessor-version":[{"id":23868,"href":"https:\/\/carea-facade.com\/de\/wp-json\/wp\/v2\/pages\/8951\/revisions\/23868"}],"up":[{"embeddable":true,"href":"https:\/\/carea-facade.com\/de\/wp-json\/wp\/v2\/pages\/8697"}],"wp:attachment":[{"href":"https:\/\/carea-facade.com\/de\/wp-json\/wp\/v2\/media?parent=8951"}],"curies":[{"name":"wp","href":"https:\/\/api.w.org\/{rel}","templated":true}]}}