{"id":9075,"date":"2025-10-01T16:26:35","date_gmt":"2025-10-01T14:26:35","guid":{"rendered":"https:\/\/carea-facade.com\/die-carea-gruppe\/carea-schule\/"},"modified":"2026-02-25T09:11:02","modified_gmt":"2026-02-25T08:11:02","slug":"carea-school","status":"publish","type":"page","link":"https:\/\/carea-facade.com\/de\/die-carea-gruppe\/carea-school\/","title":{"rendered":"Carea School"},"content":{"rendered":"\n<div class=\"wp-block-group has-global-padding is-layout-constrained wp-container-core-group-is-layout-3bb13389 wp-block-group-is-layout-constrained\" style=\"padding-top:var(--wp--preset--spacing--theme-default);padding-right:var(--wp--preset--spacing--theme-xs);padding-bottom:var(--wp--preset--spacing--theme-default);padding-left:var(--wp--preset--spacing--theme-xs)\">\n<div class=\"wp-block-group content-content-group is-vertical is-layout-flex wp-container-core-group-is-layout-d309df8e wp-block-group-is-layout-flex\">\n<h1 class=\"wp-block-heading has-text-align-left has-black-color has-text-color\" style=\"margin-bottom:40px;font-style:normal;font-weight:500;text-transform:uppercase\">Carea School<\/h1>\n\n\n\n<p>Die <strong>CAREA School<\/strong> ist das Schulungszentrum, das Ihnen die M\u00f6glichkeit bietet, die Anwendung unserer Produkte zu erlernen.<\/p>\n\n\n\n<h2 class=\"wp-block-heading\">Ihre Teams schulen<\/h2>\n\n\n\n<p>Unsere Schulungen sind auf die folgenden Berufsgruppen zugeschnitten:<\/p>\n\n\n\n<ul class=\"wp-block-list\">\n<li>Verlegeunternehmen<\/li>\n\n\n\n<li>Bauherren<\/li>\n\n\n\n<li>Ingenieurb\u00fcros<\/li>\n<\/ul>\n\n\n\n<p>Um Ihren Bed\u00fcrfnissen am besten gerecht zu werden, haben wir f\u00fcnf Module entwickelt:<\/p>\n\n\n\n<ul class=\"wp-block-list\">\n<li>Carea in Steckmontage (Verkleidung ohne Unterkonstruktion -BSO- und\/oder Verkleidung mit Unterkonstruktion &#8211; BAO): <strong>Alpha\/Aquila<\/strong><\/li>\n\n\n\n<li>Carea genutete (VoU und\/oder<strong>VmU) :Ardal\/Acantha\/Armada<\/strong><\/li>\n\n\n\n<li>Carea Hinterschnittankern (BAO) : <strong>Artema<\/strong><\/li>\n\n\n\n<li>Einf\u00fchrung in alle Produkte<\/li>\n\n\n\n<li>Pers\u00f6nliche Schulung<\/li>\n<\/ul>\n\n\n\n<p>Die Module bestehen aus zwei Teilen. Der erste, theoretische Teil ist den &#8222;Regeln der Kunst&#8220; und den Referenzdokumenten gewidmet. Der zweite, praktische Teil ist der Umsetzung und der Behandlung von Detailausbildungen gewidmet.<\/p>\n\n\n\n<p>Sie werden Ihnen helfen, Ihre Baustelle von der Entwurfs- bis zur Ausf\u00fchrungsphase zu optimieren.<\/p>\n\n\n\n<p>Diese Schulungen sind ein- oder zweit\u00e4gig und k\u00f6nnen in unseren R\u00e4umlichkeiten oder auf der Baustelle durchgef\u00fchrt werden.<\/p>\n\n\n\n<div class=\"wp-block-buttons is-layout-flex wp-block-buttons-is-layout-flex\">\n<div class=\"wp-block-button\"><a class=\"wp-block-button__link wp-element-button\" href=\"https:\/\/carea-facade.com\/de\/kontakt\/\">kontaktieren Sie uns<\/a><\/div>\n<\/div>\n<\/div>\n<\/div>\n","protected":false},"excerpt":{"rendered":"<p>Carea School Die CAREA School ist das Schulungszentrum, das Ihnen die M\u00f6glichkeit bietet, die Anwendung unserer Produkte zu erlernen. Ihre Teams schulen Unsere Schulungen sind auf die folgenden Berufsgruppen zugeschnitten: Um Ihren Bed\u00fcrfnissen am besten gerecht zu werden, haben wir f\u00fcnf Module entwickelt: Die Module bestehen aus zwei Teilen. Der erste, theoretische Teil ist den [&hellip;]<\/p>\n","protected":false},"author":3,"featured_media":0,"parent":8858,"menu_order":1,"comment_status":"open","ping_status":"closed","template":"","meta":{"_acf_changed":false,"footnotes":""},"class_list":["post-9075","page","type-page","status-publish","hentry"],"acf":[],"yoast_head":"<!-- This site is optimized with the Yoast SEO plugin v27.5 - https:\/\/yoast.com\/product\/yoast-seo-wordpress\/ -->\n<title>CAREA Fa\u00e7ade - Centre Formation agr\u00e9\u00e9 : W\u00e4rmed\u00e4mmung au\u00dfen, Verkleidung. F\u00fcr Profis<\/title>\n<meta name=\"description\" content=\"CAREA FACADE - Entdecken Sie die CAREA School: ein anerkanntes Schulungszentrum f\u00fcr Verlegebetriebe, Bauherren und Planungsb\u00fcros (WDVS, Fassadenverkleidungen...).\" \/>\n<meta name=\"robots\" content=\"index, follow, max-snippet:-1, max-image-preview:large, max-video-preview:-1\" \/>\n<link rel=\"canonical\" href=\"https:\/\/carea-facade.com\/de\/die-carea-gruppe\/carea-school\/\" \/>\n<meta property=\"og:locale\" content=\"de_DE\" \/>\n<meta property=\"og:type\" content=\"article\" \/>\n<meta property=\"og:title\" content=\"CAREA Fa\u00e7ade - Centre Formation agr\u00e9\u00e9 : W\u00e4rmed\u00e4mmung au\u00dfen, Verkleidung. F\u00fcr Profis\" \/>\n<meta property=\"og:description\" content=\"CAREA FACADE - Entdecken Sie die CAREA School: ein anerkanntes Schulungszentrum f\u00fcr Verlegebetriebe, Bauherren und Planungsb\u00fcros (WDVS, Fassadenverkleidungen...).\" \/>\n<meta property=\"og:url\" content=\"https:\/\/carea-facade.com\/de\/die-carea-gruppe\/carea-school\/\" \/>\n<meta property=\"og:site_name\" content=\"Carea facade\" \/>\n<meta property=\"article:modified_time\" content=\"2026-02-25T08:11:02+00:00\" \/>\n<meta name=\"twitter:card\" content=\"summary_large_image\" \/>\n<meta name=\"twitter:label1\" content=\"Gesch\u00e4tzte Lesezeit\" \/>\n\t<meta name=\"twitter:data1\" content=\"1\u00a0Minute\" \/>\n<script type=\"application\/ld+json\" class=\"yoast-schema-graph\">{\"@context\":\"https:\\\/\\\/schema.org\",\"@graph\":[{\"@type\":\"WebPage\",\"@id\":\"https:\\\/\\\/carea-facade.com\\\/de\\\/die-carea-gruppe\\\/carea-school\\\/\",\"url\":\"https:\\\/\\\/carea-facade.com\\\/de\\\/die-carea-gruppe\\\/carea-school\\\/\",\"name\":\"CAREA Fa\u00e7ade - Centre Formation agr\u00e9\u00e9 : W\u00e4rmed\u00e4mmung au\u00dfen, Verkleidung. F\u00fcr Profis\",\"isPartOf\":{\"@id\":\"https:\\\/\\\/carea-facade.com\\\/de\\\/#website\"},\"datePublished\":\"2025-10-01T14:26:35+00:00\",\"dateModified\":\"2026-02-25T08:11:02+00:00\",\"description\":\"CAREA FACADE - Entdecken Sie die CAREA School: ein anerkanntes Schulungszentrum f\u00fcr Verlegebetriebe, Bauherren und Planungsb\u00fcros (WDVS, Fassadenverkleidungen...).\",\"breadcrumb\":{\"@id\":\"https:\\\/\\\/carea-facade.com\\\/de\\\/die-carea-gruppe\\\/carea-school\\\/#breadcrumb\"},\"inLanguage\":\"de\",\"potentialAction\":[{\"@type\":\"ReadAction\",\"target\":[\"https:\\\/\\\/carea-facade.com\\\/de\\\/die-carea-gruppe\\\/carea-school\\\/\"]}]},{\"@type\":\"BreadcrumbList\",\"@id\":\"https:\\\/\\\/carea-facade.com\\\/de\\\/die-carea-gruppe\\\/carea-school\\\/#breadcrumb\",\"itemListElement\":[{\"@type\":\"ListItem\",\"position\":1,\"name\":\"Accueil\",\"item\":\"https:\\\/\\\/carea-facade.com\\\/de\\\/\"},{\"@type\":\"ListItem\",\"position\":2,\"name\":\"Die CAREA\u00ae Gruppe\",\"item\":\"https:\\\/\\\/carea-facade.com\\\/de\\\/die-carea-gruppe\\\/\"},{\"@type\":\"ListItem\",\"position\":3,\"name\":\"Carea School\"}]},{\"@type\":\"WebSite\",\"@id\":\"https:\\\/\\\/carea-facade.com\\\/de\\\/#website\",\"url\":\"https:\\\/\\\/carea-facade.com\\\/de\\\/\",\"name\":\"Carea facade\",\"description\":\"\",\"publisher\":{\"@id\":\"https:\\\/\\\/carea-facade.com\\\/de\\\/#organization\"},\"potentialAction\":[{\"@type\":\"SearchAction\",\"target\":{\"@type\":\"EntryPoint\",\"urlTemplate\":\"https:\\\/\\\/carea-facade.com\\\/de\\\/?s={search_term_string}\"},\"query-input\":{\"@type\":\"PropertyValueSpecification\",\"valueRequired\":true,\"valueName\":\"search_term_string\"}}],\"inLanguage\":\"de\"},{\"@type\":\"Organization\",\"@id\":\"https:\\\/\\\/carea-facade.com\\\/de\\\/#organization\",\"name\":\"Carea facade\",\"url\":\"https:\\\/\\\/carea-facade.com\\\/de\\\/\",\"logo\":{\"@type\":\"ImageObject\",\"inLanguage\":\"de\",\"@id\":\"https:\\\/\\\/carea-facade.com\\\/de\\\/#\\\/schema\\\/logo\\\/image\\\/\",\"url\":\"https:\\\/\\\/carea-facade.com\\\/wp-content\\\/uploads\\\/2025\\\/10\\\/logo-carea.svg\",\"contentUrl\":\"https:\\\/\\\/carea-facade.com\\\/wp-content\\\/uploads\\\/2025\\\/10\\\/logo-carea.svg\",\"width\":131,\"height\":95,\"caption\":\"Carea facade\"},\"image\":{\"@id\":\"https:\\\/\\\/carea-facade.com\\\/de\\\/#\\\/schema\\\/logo\\\/image\\\/\"}}]}<\/script>\n<!-- \/ Yoast SEO plugin. -->","yoast_head_json":{"title":"CAREA Fa\u00e7ade - Centre Formation agr\u00e9\u00e9 : W\u00e4rmed\u00e4mmung au\u00dfen, Verkleidung. F\u00fcr Profis","description":"CAREA FACADE - Entdecken Sie die CAREA School: ein anerkanntes Schulungszentrum f\u00fcr Verlegebetriebe, Bauherren und Planungsb\u00fcros (WDVS, Fassadenverkleidungen...).","robots":{"index":"index","follow":"follow","max-snippet":"max-snippet:-1","max-image-preview":"max-image-preview:large","max-video-preview":"max-video-preview:-1"},"canonical":"https:\/\/carea-facade.com\/de\/die-carea-gruppe\/carea-school\/","og_locale":"de_DE","og_type":"article","og_title":"CAREA Fa\u00e7ade - Centre Formation agr\u00e9\u00e9 : W\u00e4rmed\u00e4mmung au\u00dfen, Verkleidung. F\u00fcr Profis","og_description":"CAREA FACADE - Entdecken Sie die CAREA School: ein anerkanntes Schulungszentrum f\u00fcr Verlegebetriebe, Bauherren und Planungsb\u00fcros (WDVS, Fassadenverkleidungen...).","og_url":"https:\/\/carea-facade.com\/de\/die-carea-gruppe\/carea-school\/","og_site_name":"Carea facade","article_modified_time":"2026-02-25T08:11:02+00:00","twitter_card":"summary_large_image","twitter_misc":{"Gesch\u00e4tzte Lesezeit":"1\u00a0Minute"},"schema":{"@context":"https:\/\/schema.org","@graph":[{"@type":"WebPage","@id":"https:\/\/carea-facade.com\/de\/die-carea-gruppe\/carea-school\/","url":"https:\/\/carea-facade.com\/de\/die-carea-gruppe\/carea-school\/","name":"CAREA Fa\u00e7ade - Centre Formation agr\u00e9\u00e9 : W\u00e4rmed\u00e4mmung au\u00dfen, Verkleidung. F\u00fcr Profis","isPartOf":{"@id":"https:\/\/carea-facade.com\/de\/#website"},"datePublished":"2025-10-01T14:26:35+00:00","dateModified":"2026-02-25T08:11:02+00:00","description":"CAREA FACADE - Entdecken Sie die CAREA School: ein anerkanntes Schulungszentrum f\u00fcr Verlegebetriebe, Bauherren und Planungsb\u00fcros (WDVS, Fassadenverkleidungen...).","breadcrumb":{"@id":"https:\/\/carea-facade.com\/de\/die-carea-gruppe\/carea-school\/#breadcrumb"},"inLanguage":"de","potentialAction":[{"@type":"ReadAction","target":["https:\/\/carea-facade.com\/de\/die-carea-gruppe\/carea-school\/"]}]},{"@type":"BreadcrumbList","@id":"https:\/\/carea-facade.com\/de\/die-carea-gruppe\/carea-school\/#breadcrumb","itemListElement":[{"@type":"ListItem","position":1,"name":"Accueil","item":"https:\/\/carea-facade.com\/de\/"},{"@type":"ListItem","position":2,"name":"Die CAREA\u00ae Gruppe","item":"https:\/\/carea-facade.com\/de\/die-carea-gruppe\/"},{"@type":"ListItem","position":3,"name":"Carea School"}]},{"@type":"WebSite","@id":"https:\/\/carea-facade.com\/de\/#website","url":"https:\/\/carea-facade.com\/de\/","name":"Carea facade","description":"","publisher":{"@id":"https:\/\/carea-facade.com\/de\/#organization"},"potentialAction":[{"@type":"SearchAction","target":{"@type":"EntryPoint","urlTemplate":"https:\/\/carea-facade.com\/de\/?s={search_term_string}"},"query-input":{"@type":"PropertyValueSpecification","valueRequired":true,"valueName":"search_term_string"}}],"inLanguage":"de"},{"@type":"Organization","@id":"https:\/\/carea-facade.com\/de\/#organization","name":"Carea facade","url":"https:\/\/carea-facade.com\/de\/","logo":{"@type":"ImageObject","inLanguage":"de","@id":"https:\/\/carea-facade.com\/de\/#\/schema\/logo\/image\/","url":"https:\/\/carea-facade.com\/wp-content\/uploads\/2025\/10\/logo-carea.svg","contentUrl":"https:\/\/carea-facade.com\/wp-content\/uploads\/2025\/10\/logo-carea.svg","width":131,"height":95,"caption":"Carea facade"},"image":{"@id":"https:\/\/carea-facade.com\/de\/#\/schema\/logo\/image\/"}}]}},"_links":{"self":[{"href":"https:\/\/carea-facade.com\/de\/wp-json\/wp\/v2\/pages\/9075","targetHints":{"allow":["GET"]}}],"collection":[{"href":"https:\/\/carea-facade.com\/de\/wp-json\/wp\/v2\/pages"}],"about":[{"href":"https:\/\/carea-facade.com\/de\/wp-json\/wp\/v2\/types\/page"}],"author":[{"embeddable":true,"href":"https:\/\/carea-facade.com\/de\/wp-json\/wp\/v2\/users\/3"}],"replies":[{"embeddable":true,"href":"https:\/\/carea-facade.com\/de\/wp-json\/wp\/v2\/comments?post=9075"}],"version-history":[{"count":13,"href":"https:\/\/carea-facade.com\/de\/wp-json\/wp\/v2\/pages\/9075\/revisions"}],"predecessor-version":[{"id":23852,"href":"https:\/\/carea-facade.com\/de\/wp-json\/wp\/v2\/pages\/9075\/revisions\/23852"}],"up":[{"embeddable":true,"href":"https:\/\/carea-facade.com\/de\/wp-json\/wp\/v2\/pages\/8858"}],"wp:attachment":[{"href":"https:\/\/carea-facade.com\/de\/wp-json\/wp\/v2\/media?parent=9075"}],"curies":[{"name":"wp","href":"https:\/\/api.w.org\/{rel}","templated":true}]}}