{"id":8714,"date":"2025-10-01T16:26:36","date_gmt":"2025-10-01T14:26:36","guid":{"rendered":"https:\/\/carea-facade.com\/underframes\/"},"modified":"2026-02-25T09:11:55","modified_gmt":"2026-02-25T08:11:55","slug":"base-panels","status":"publish","type":"page","link":"https:\/\/carea-facade.com\/en\/technical\/base-panels\/","title":{"rendered":"Base panels"},"content":{"rendered":"\n<div class=\"wp-block-group has-global-padding is-layout-constrained wp-container-core-group-is-layout-3bb13389 wp-block-group-is-layout-constrained\" style=\"padding-top:var(--wp--preset--spacing--theme-default);padding-right:var(--wp--preset--spacing--theme-xs);padding-bottom:var(--wp--preset--spacing--theme-default);padding-left:var(--wp--preset--spacing--theme-xs)\">\n<div class=\"wp-block-group content-content-group is-vertical is-layout-flex wp-container-core-group-is-layout-d309df8e wp-block-group-is-layout-flex\">\n<h1 class=\"wp-block-heading has-text-align-left has-black-color has-text-color\" style=\"margin-bottom:40px;font-style:normal;font-weight:500;text-transform:uppercase\">Base panels<\/h1>\n\n\n\n<p class=\"wp-embed-aspect-16-9 wp-has-aspect-ratio\">Thanks to its resistant, non-porous mineral nature, <sup>CAREA\u00ae<\/sup> Mineral Composite is ideal for building base panels.<\/p>\n\n\n\n<h2 class=\"wp-block-heading wp-embed-aspect-16-9 wp-has-aspect-ratio\">The risks<\/h2>\n\n\n\n<p class=\"wp-embed-aspect-16-9 wp-has-aspect-ratio\">The first floors of buildings (housing, public and private tertiary sectors, shops, schools, etc.) are regularly subjected to various forms of aggression, which are a source of damage:<\/p>\n\n\n\n<ul class=\"wp-block-list wp-embed-aspect-16-9 wp-has-aspect-ratio\">\n<li>Vandalism<\/li>\n\n\n\n<li>Graffiti<\/li>\n\n\n\n<li>Playground<\/li>\n\n\n\n<li>Traffic zone<\/li>\n\n\n\n<li>Fouling<\/li>\n<\/ul>\n\n\n\n<p class=\"wp-embed-aspect-16-9 wp-has-aspect-ratio\">This deterioration reduces the value of the property, creates risks for occupants and increases maintenance and upkeep costs.<\/p>\n\n\n\n<figure class=\"wp-block-image size-full is-resized\"><img decoding=\"async\" src=\"https:\/\/carea-facade.com\/wp-content\/uploads\/2025\/09\/DALL&#xB7;E-2023-09-13-13.37.50-une-personne-qui-tag-a-la-bombe-une-facade-urbaine.png\" alt=\"Tag, degradation\" class=\"wp-image-2197\" style=\"width:425px\"\/><\/figure>\n\n\n\n<p class=\"wp-embed-aspect-16-9 wp-has-aspect-ratio\" id=\"solutions-carea\">First floors therefore require a specific response:<\/p>\n\n\n\n<ul class=\"wp-block-list wp-embed-aspect-16-9 wp-has-aspect-ratio\">\n<li>Resistant<\/li>\n\n\n\n<li>Perennial<\/li>\n\n\n\n<li>Safe<\/li>\n\n\n\n<li>Easy to maintain<\/li>\n<\/ul>\n\n\n\n<h2 class=\"wp-block-heading wp-embed-aspect-16-9 wp-has-aspect-ratio\">Regulations<\/h2>\n\n\n\n<p class=\"wp-embed-aspect-16-9 wp-has-aspect-ratio\">Two general CSTB reference documents help Architects and specifiers to define the building&#8217;s performance in the written documents.<\/p>\n\n\n\n<p class=\"wp-embed-aspect-16-9 wp-has-aspect-ratio\">They define :<\/p>\n\n\n\n<ul class=\"wp-block-list wp-embed-aspect-16-9 wp-has-aspect-ratio\">\n<li>Performance evaluation methods for cladding and exterior cladding: <strong>CSTB CPT 3534<\/strong>.<\/li>\n\n\n\n<li>Performance requirements according to building exposure (playground, traffic area, etc.): <strong>CSTB CPT 3546<\/strong>.<\/li>\n<\/ul>\n\n\n\n<figure class=\"wp-block-gallery has-nested-images columns-default is-cropped wp-block-gallery-1 is-layout-flex wp-block-gallery-is-layout-flex\">\n<figure class=\"wp-block-image size-large\"><img loading=\"lazy\" decoding=\"async\" width=\"1024\" height=\"768\" data-id=\"5608\" src=\"https:\/\/carea-facade.com\/wp-content\/uploads\/2025\/09\/ecole-albert-camus-villiers-sur-marne-94-23-1024x768.jpg\" alt=\"ecole albert camus villiers sur marne 94 23\" class=\"wp-image-5608\" srcset=\"https:\/\/carea-facade.com\/wp-content\/uploads\/2025\/09\/ecole-albert-camus-villiers-sur-marne-94-23-1024x768.jpg 1024w, https:\/\/carea-facade.com\/wp-content\/uploads\/2025\/09\/ecole-albert-camus-villiers-sur-marne-94-23-300x225.jpg 300w, https:\/\/carea-facade.com\/wp-content\/uploads\/2025\/09\/ecole-albert-camus-villiers-sur-marne-94-23-768x576.jpg 768w, https:\/\/carea-facade.com\/wp-content\/uploads\/2025\/09\/ecole-albert-camus-villiers-sur-marne-94-23-1536x1152.jpg 1536w, https:\/\/carea-facade.com\/wp-content\/uploads\/2025\/09\/ecole-albert-camus-villiers-sur-marne-94-23.jpg 2048w\" sizes=\"auto, (max-width: 1024px) 100vw, 1024px\" \/><\/figure>\n\n\n\n<figure class=\"wp-block-image size-large\"><img loading=\"lazy\" decoding=\"async\" width=\"768\" height=\"1024\" data-id=\"5563\" src=\"https:\/\/carea-facade.com\/wp-content\/uploads\/2025\/09\/75-PARIS-TOURS-DES-JEUNES-MARIES-ART-RHO-5-768x1024.jpg\" alt=\"75 PARIS TOURS DES JEUNES MARIES ART RHO 5 scaled\" class=\"wp-image-5563\" srcset=\"https:\/\/carea-facade.com\/wp-content\/uploads\/2025\/09\/75-PARIS-TOURS-DES-JEUNES-MARIES-ART-RHO-5-768x1024.jpg 768w, https:\/\/carea-facade.com\/wp-content\/uploads\/2025\/09\/75-PARIS-TOURS-DES-JEUNES-MARIES-ART-RHO-5-225x300.jpg 225w, https:\/\/carea-facade.com\/wp-content\/uploads\/2025\/09\/75-PARIS-TOURS-DES-JEUNES-MARIES-ART-RHO-5-1152x1536.jpg 1152w, https:\/\/carea-facade.com\/wp-content\/uploads\/2025\/09\/75-PARIS-TOURS-DES-JEUNES-MARIES-ART-RHO-5-1536x2048.jpg 1536w, https:\/\/carea-facade.com\/wp-content\/uploads\/2025\/09\/75-PARIS-TOURS-DES-JEUNES-MARIES-ART-RHO-5-scaled.jpg 1920w\" sizes=\"auto, (max-width: 768px) 100vw, 768px\" \/><\/figure>\n\n\n\n<figure class=\"wp-block-image size-large\"><img loading=\"lazy\" decoding=\"async\" width=\"1024\" height=\"768\" data-id=\"5306\" src=\"https:\/\/carea-facade.com\/wp-content\/uploads\/2025\/09\/79_Theatre-NIORT_AQUI-LISSE-1-1024x768.jpg\" alt=\"79 Theatre NIORT AQUI SMOOTH 1 scaled\" class=\"wp-image-5306\" srcset=\"https:\/\/carea-facade.com\/wp-content\/uploads\/2025\/09\/79_Theatre-NIORT_AQUI-LISSE-1-1024x768.jpg 1024w, https:\/\/carea-facade.com\/wp-content\/uploads\/2025\/09\/79_Theatre-NIORT_AQUI-LISSE-1-300x225.jpg 300w, https:\/\/carea-facade.com\/wp-content\/uploads\/2025\/09\/79_Theatre-NIORT_AQUI-LISSE-1-768x576.jpg 768w, https:\/\/carea-facade.com\/wp-content\/uploads\/2025\/09\/79_Theatre-NIORT_AQUI-LISSE-1-1536x1152.jpg 1536w, https:\/\/carea-facade.com\/wp-content\/uploads\/2025\/09\/79_Theatre-NIORT_AQUI-LISSE-1-2048x1536.jpg 2048w\" sizes=\"auto, (max-width: 1024px) 100vw, 1024px\" \/><\/figure>\n<\/figure>\n\n\n\n<h2 class=\"wp-block-heading wp-embed-aspect-16-9 wp-has-aspect-ratio\"><sup>CAREA\u00ae<\/sup> solutions<\/h2>\n\n\n\n<p class=\"wp-embed-aspect-16-9 wp-has-aspect-ratio\"><sup>CAREA\u00ae<\/sup> cladding is made from a unique and exclusive material: <strong><a href=\"https:\/\/carea-facade.com\/fr\/bardage-parement-facade-mineral-composite\/\">Mineral<\/a><\/strong>ideal for base panel applications.<\/p>\n\n\n\n<ul class=\"wp-block-list wp-embed-aspect-16-9 wp-has-aspect-ratio\">\n<li><strong>Non-porous, naturally anti-graffiti and dirt-resistant<\/strong><\/li>\n\n\n\n<li><strong>Highly impact-resistant<\/strong><\/li>\n\n\n\n<li><strong>Q4 product ranges dedicated to base panels: adapted thicknesses, fibreglass reinforcement<\/strong><\/li>\n\n\n\n<li><strong>Standard installation solutions: no reinforcement of the primary framework or additional accessories required<\/strong><\/li>\n\n\n\n<li><strong>Concealed fixings for all systems, making removal impossible<\/strong><\/li>\n\n\n\n<li><strong>Customized Cladding returns and curves possible<\/strong><\/li>\n\n\n\n<li><strong>The economical solution for both Cladding with backing structure (CWB) and Cladding without backing structure (CWoB).<\/strong><\/li>\n<\/ul>\n<\/div>\n\n\n\n<figure class=\"wp-block-embed is-type-rich is-provider-prise-en-charge-des-contenus-embarqu-s wp-block-embed-prise-en-charge-des-contenus-embarqu-s\"><div class=\"wp-block-embed__wrapper\">\n<iframe loading=\"lazy\" title=\"CAREA\u00ae - la fa\u00e7ade min\u00e9rale r\u00e9sistante et durable\" width=\"500\" height=\"281\" src=\"https:\/\/www.youtube.com\/embed\/L3nhxYBdmvU?feature=oembed\" frameborder=\"0\" allow=\"accelerometer; autoplay; clipboard-write; encrypted-media; gyroscope; picture-in-picture; web-share\" referrerpolicy=\"strict-origin-when-cross-origin\" allowfullscreen><\/iframe>\n<\/div><\/figure>\n<\/div>\n","protected":false},"excerpt":{"rendered":"<p>Base panels Thanks to its resistant, non-porous mineral nature, CAREA\u00ae Mineral Composite is ideal for building base panels. The risks The first floors of buildings (housing, public and private tertiary sectors, shops, schools, etc.) are regularly subjected to various forms of aggression, which are a source of damage: This deterioration reduces the value of the [&hellip;]<\/p>\n","protected":false},"author":3,"featured_media":14652,"parent":8813,"menu_order":5,"comment_status":"open","ping_status":"closed","template":"","meta":{"_acf_changed":false,"footnotes":""},"class_list":["post-8714","page","type-page","status-publish","has-post-thumbnail","hentry"],"acf":[],"yoast_head":"<!-- This site is optimized with the Yoast SEO plugin v27.5 - https:\/\/yoast.com\/product\/yoast-seo-wordpress\/ -->\n<title>Building substructures: which claddings to use?<\/title>\n<meta name=\"description\" content=\"CAREA FACADE - Which cladding should be used for building base panels? Risks (graffiti, vandalism...), regulations, solutions.\" \/>\n<meta name=\"robots\" content=\"index, follow, max-snippet:-1, max-image-preview:large, max-video-preview:-1\" \/>\n<link rel=\"canonical\" href=\"https:\/\/carea-facade.com\/en\/technical\/base-panels\/\" \/>\n<meta property=\"og:locale\" content=\"en_US\" \/>\n<meta property=\"og:type\" content=\"article\" \/>\n<meta property=\"og:title\" content=\"Building substructures: which claddings to use?\" \/>\n<meta property=\"og:description\" content=\"CAREA FACADE - Which cladding should be used for building base panels? Risks (graffiti, vandalism...), regulations, solutions.\" \/>\n<meta property=\"og:url\" content=\"https:\/\/carea-facade.com\/en\/technical\/base-panels\/\" \/>\n<meta property=\"og:site_name\" content=\"Carea facade\" \/>\n<meta property=\"article:modified_time\" content=\"2026-02-25T08:11:55+00:00\" \/>\n<meta property=\"og:image\" content=\"https:\/\/carea-facade.com\/wp-content\/uploads\/2025\/09\/real1.jpg\" \/>\n\t<meta property=\"og:image:width\" content=\"1096\" \/>\n\t<meta property=\"og:image:height\" content=\"606\" \/>\n\t<meta property=\"og:image:type\" content=\"image\/jpeg\" \/>\n<meta name=\"twitter:card\" content=\"summary_large_image\" \/>\n<meta name=\"twitter:label1\" content=\"Est. reading time\" \/>\n\t<meta name=\"twitter:data1\" content=\"1 minute\" \/>\n<script type=\"application\/ld+json\" class=\"yoast-schema-graph\">{\"@context\":\"https:\\\/\\\/schema.org\",\"@graph\":[{\"@type\":\"WebPage\",\"@id\":\"https:\\\/\\\/carea-facade.com\\\/en\\\/technical\\\/base-panels\\\/\",\"url\":\"https:\\\/\\\/carea-facade.com\\\/en\\\/technical\\\/base-panels\\\/\",\"name\":\"Building substructures: which claddings to use?\",\"isPartOf\":{\"@id\":\"https:\\\/\\\/carea-facade.com\\\/en\\\/#website\"},\"primaryImageOfPage\":{\"@id\":\"https:\\\/\\\/carea-facade.com\\\/en\\\/technical\\\/base-panels\\\/#primaryimage\"},\"image\":{\"@id\":\"https:\\\/\\\/carea-facade.com\\\/en\\\/technical\\\/base-panels\\\/#primaryimage\"},\"thumbnailUrl\":\"https:\\\/\\\/carea-facade.com\\\/wp-content\\\/uploads\\\/2025\\\/09\\\/real1.jpg\",\"datePublished\":\"2025-10-01T14:26:36+00:00\",\"dateModified\":\"2026-02-25T08:11:55+00:00\",\"description\":\"CAREA FACADE - Which cladding should be used for building base panels? Risks (graffiti, vandalism...), regulations, solutions.\",\"breadcrumb\":{\"@id\":\"https:\\\/\\\/carea-facade.com\\\/en\\\/technical\\\/base-panels\\\/#breadcrumb\"},\"inLanguage\":\"en-US\",\"potentialAction\":[{\"@type\":\"ReadAction\",\"target\":[\"https:\\\/\\\/carea-facade.com\\\/en\\\/technical\\\/base-panels\\\/\"]}]},{\"@type\":\"ImageObject\",\"inLanguage\":\"en-US\",\"@id\":\"https:\\\/\\\/carea-facade.com\\\/en\\\/technical\\\/base-panels\\\/#primaryimage\",\"url\":\"https:\\\/\\\/carea-facade.com\\\/wp-content\\\/uploads\\\/2025\\\/09\\\/real1.jpg\",\"contentUrl\":\"https:\\\/\\\/carea-facade.com\\\/wp-content\\\/uploads\\\/2025\\\/09\\\/real1.jpg\",\"width\":1096,\"height\":606,\"caption\":\"real1\"},{\"@type\":\"BreadcrumbList\",\"@id\":\"https:\\\/\\\/carea-facade.com\\\/en\\\/technical\\\/base-panels\\\/#breadcrumb\",\"itemListElement\":[{\"@type\":\"ListItem\",\"position\":1,\"name\":\"Home\",\"item\":\"https:\\\/\\\/carea-facade.com\\\/en\\\/home\\\/\"},{\"@type\":\"ListItem\",\"position\":2,\"name\":\"Technical\",\"item\":\"https:\\\/\\\/carea-facade.com\\\/en\\\/technical\\\/\"},{\"@type\":\"ListItem\",\"position\":3,\"name\":\"Base panels\"}]},{\"@type\":\"WebSite\",\"@id\":\"https:\\\/\\\/carea-facade.com\\\/en\\\/#website\",\"url\":\"https:\\\/\\\/carea-facade.com\\\/en\\\/\",\"name\":\"Carea facade\",\"description\":\"\",\"publisher\":{\"@id\":\"https:\\\/\\\/carea-facade.com\\\/en\\\/#organization\"},\"potentialAction\":[{\"@type\":\"SearchAction\",\"target\":{\"@type\":\"EntryPoint\",\"urlTemplate\":\"https:\\\/\\\/carea-facade.com\\\/en\\\/?s={search_term_string}\"},\"query-input\":{\"@type\":\"PropertyValueSpecification\",\"valueRequired\":true,\"valueName\":\"search_term_string\"}}],\"inLanguage\":\"en-US\"},{\"@type\":\"Organization\",\"@id\":\"https:\\\/\\\/carea-facade.com\\\/en\\\/#organization\",\"name\":\"Carea facade\",\"url\":\"https:\\\/\\\/carea-facade.com\\\/en\\\/\",\"logo\":{\"@type\":\"ImageObject\",\"inLanguage\":\"en-US\",\"@id\":\"https:\\\/\\\/carea-facade.com\\\/en\\\/#\\\/schema\\\/logo\\\/image\\\/\",\"url\":\"https:\\\/\\\/carea-facade.com\\\/wp-content\\\/uploads\\\/2025\\\/10\\\/logo-carea.svg\",\"contentUrl\":\"https:\\\/\\\/carea-facade.com\\\/wp-content\\\/uploads\\\/2025\\\/10\\\/logo-carea.svg\",\"width\":131,\"height\":95,\"caption\":\"Carea facade\"},\"image\":{\"@id\":\"https:\\\/\\\/carea-facade.com\\\/en\\\/#\\\/schema\\\/logo\\\/image\\\/\"}}]}<\/script>\n<!-- \/ Yoast SEO plugin. -->","yoast_head_json":{"title":"Building substructures: which claddings to use?","description":"CAREA FACADE - Which cladding should be used for building base panels? Risks (graffiti, vandalism...), regulations, solutions.","robots":{"index":"index","follow":"follow","max-snippet":"max-snippet:-1","max-image-preview":"max-image-preview:large","max-video-preview":"max-video-preview:-1"},"canonical":"https:\/\/carea-facade.com\/en\/technical\/base-panels\/","og_locale":"en_US","og_type":"article","og_title":"Building substructures: which claddings to use?","og_description":"CAREA FACADE - Which cladding should be used for building base panels? Risks (graffiti, vandalism...), regulations, solutions.","og_url":"https:\/\/carea-facade.com\/en\/technical\/base-panels\/","og_site_name":"Carea facade","article_modified_time":"2026-02-25T08:11:55+00:00","og_image":[{"width":1096,"height":606,"url":"https:\/\/carea-facade.com\/wp-content\/uploads\/2025\/09\/real1.jpg","type":"image\/jpeg"}],"twitter_card":"summary_large_image","twitter_misc":{"Est. reading time":"1 minute"},"schema":{"@context":"https:\/\/schema.org","@graph":[{"@type":"WebPage","@id":"https:\/\/carea-facade.com\/en\/technical\/base-panels\/","url":"https:\/\/carea-facade.com\/en\/technical\/base-panels\/","name":"Building substructures: which claddings to use?","isPartOf":{"@id":"https:\/\/carea-facade.com\/en\/#website"},"primaryImageOfPage":{"@id":"https:\/\/carea-facade.com\/en\/technical\/base-panels\/#primaryimage"},"image":{"@id":"https:\/\/carea-facade.com\/en\/technical\/base-panels\/#primaryimage"},"thumbnailUrl":"https:\/\/carea-facade.com\/wp-content\/uploads\/2025\/09\/real1.jpg","datePublished":"2025-10-01T14:26:36+00:00","dateModified":"2026-02-25T08:11:55+00:00","description":"CAREA FACADE - Which cladding should be used for building base panels? Risks (graffiti, vandalism...), regulations, solutions.","breadcrumb":{"@id":"https:\/\/carea-facade.com\/en\/technical\/base-panels\/#breadcrumb"},"inLanguage":"en-US","potentialAction":[{"@type":"ReadAction","target":["https:\/\/carea-facade.com\/en\/technical\/base-panels\/"]}]},{"@type":"ImageObject","inLanguage":"en-US","@id":"https:\/\/carea-facade.com\/en\/technical\/base-panels\/#primaryimage","url":"https:\/\/carea-facade.com\/wp-content\/uploads\/2025\/09\/real1.jpg","contentUrl":"https:\/\/carea-facade.com\/wp-content\/uploads\/2025\/09\/real1.jpg","width":1096,"height":606,"caption":"real1"},{"@type":"BreadcrumbList","@id":"https:\/\/carea-facade.com\/en\/technical\/base-panels\/#breadcrumb","itemListElement":[{"@type":"ListItem","position":1,"name":"Home","item":"https:\/\/carea-facade.com\/en\/home\/"},{"@type":"ListItem","position":2,"name":"Technical","item":"https:\/\/carea-facade.com\/en\/technical\/"},{"@type":"ListItem","position":3,"name":"Base panels"}]},{"@type":"WebSite","@id":"https:\/\/carea-facade.com\/en\/#website","url":"https:\/\/carea-facade.com\/en\/","name":"Carea facade","description":"","publisher":{"@id":"https:\/\/carea-facade.com\/en\/#organization"},"potentialAction":[{"@type":"SearchAction","target":{"@type":"EntryPoint","urlTemplate":"https:\/\/carea-facade.com\/en\/?s={search_term_string}"},"query-input":{"@type":"PropertyValueSpecification","valueRequired":true,"valueName":"search_term_string"}}],"inLanguage":"en-US"},{"@type":"Organization","@id":"https:\/\/carea-facade.com\/en\/#organization","name":"Carea facade","url":"https:\/\/carea-facade.com\/en\/","logo":{"@type":"ImageObject","inLanguage":"en-US","@id":"https:\/\/carea-facade.com\/en\/#\/schema\/logo\/image\/","url":"https:\/\/carea-facade.com\/wp-content\/uploads\/2025\/10\/logo-carea.svg","contentUrl":"https:\/\/carea-facade.com\/wp-content\/uploads\/2025\/10\/logo-carea.svg","width":131,"height":95,"caption":"Carea facade"},"image":{"@id":"https:\/\/carea-facade.com\/en\/#\/schema\/logo\/image\/"}}]}},"_links":{"self":[{"href":"https:\/\/carea-facade.com\/en\/wp-json\/wp\/v2\/pages\/8714","targetHints":{"allow":["GET"]}}],"collection":[{"href":"https:\/\/carea-facade.com\/en\/wp-json\/wp\/v2\/pages"}],"about":[{"href":"https:\/\/carea-facade.com\/en\/wp-json\/wp\/v2\/types\/page"}],"author":[{"embeddable":true,"href":"https:\/\/carea-facade.com\/en\/wp-json\/wp\/v2\/users\/3"}],"replies":[{"embeddable":true,"href":"https:\/\/carea-facade.com\/en\/wp-json\/wp\/v2\/comments?post=8714"}],"version-history":[{"count":18,"href":"https:\/\/carea-facade.com\/en\/wp-json\/wp\/v2\/pages\/8714\/revisions"}],"predecessor-version":[{"id":23894,"href":"https:\/\/carea-facade.com\/en\/wp-json\/wp\/v2\/pages\/8714\/revisions\/23894"}],"up":[{"embeddable":true,"href":"https:\/\/carea-facade.com\/en\/wp-json\/wp\/v2\/pages\/8813"}],"wp:featuredmedia":[{"embeddable":true,"href":"https:\/\/carea-facade.com\/en\/wp-json\/wp\/v2\/media\/14652"}],"wp:attachment":[{"href":"https:\/\/carea-facade.com\/en\/wp-json\/wp\/v2\/media?parent=8714"}],"curies":[{"name":"wp","href":"https:\/\/api.w.org\/{rel}","templated":true}]}}