{"id":8821,"date":"2025-10-01T16:26:36","date_gmt":"2025-10-01T14:26:36","guid":{"rendered":"https:\/\/carea-facade.com\/terms-of-use\/"},"modified":"2026-01-21T14:14:05","modified_gmt":"2026-01-21T13:14:05","slug":"terms-of-use","status":"publish","type":"page","link":"https:\/\/carea-facade.com\/en\/terms-of-use\/","title":{"rendered":"Terms of use"},"content":{"rendered":"\n<div class=\"wp-block-group has-global-padding is-layout-constrained wp-block-group-is-layout-constrained\" style=\"padding-top:var(--wp--preset--spacing--theme-m);padding-bottom:var(--wp--preset--spacing--theme-default)\">\n<div class=\"wp-block-group is-vertical is-layout-flex wp-container-core-group-is-layout-d309df8e wp-block-group-is-layout-flex\">\n<h1 class=\"wp-block-heading\">Terms of use<\/h1>\n\n\n\n<h3 class=\"wp-block-heading\">Publishers<\/h3>\n\n\n\n<p>This website <a href=\"https:\/\/carea-facade.com\/fr\/\">carea-facade.com\/en<\/a> is published by CAREA Fa\u00e7ade SAS (SIRET n\u00b033408975200102) whose registered office is located at ZA Bel-Air-de-Combr\u00e9e &#8211; Combr\u00e9e &#8211; 49520 Ombr\u00e9e-d&#8217;Anjou.<\/p>\n\n\n\n<p>Publication manager: Thierry LEVERRIER<\/p>\n\n\n\n<h3 class=\"wp-block-heading\">Credit<\/h3>\n\n\n\n<p>Design &amp; production<br\/><a href=\"https:\/\/customr.fr\/\" target=\"_blank\" rel=\"noreferrer noopener\">Agence customR<\/a>, 5 quai Ja\u00ffr, 69009 Lyon<\/p>\n\n\n\n<h3 class=\"wp-block-heading\">Host<\/h3>\n\n\n\n<p>This site is hosted by IKOULA &#8211; 175-177 rue d&#8217;Aguesseau &#8211; 92100 Boulogne Billancourt &#8211; France<\/p>\n\n\n\n<p>CAREA Fa\u00e7ade strives to ensure, to the best of its ability, that the information published on this site is accurate and up-to-date, and that access to this information is possible. However, CAREA Fa\u00e7ade declines all responsibility: <\/p>\n\n\n\n<ul class=\"wp-block-list\">\n<li>for any interruption of the site ;<\/li>\n\n\n\n<li>bugs ;<\/li>\n\n\n\n<li>for any inaccuracy or omission in the information available on the site;<\/li>\n\n\n\n<li>for any damage resulting from fraudulent intrusion by a third party leading to modification of the information published on this site;<\/li>\n\n\n\n<li>and more generally, for any direct or indirect damage, whatever the cause, origin, nature or consequences, including in particular, but not exclusively, the costs that may arise from the acquisition of goods offered on the site due to the access of any person to the site or the impossibility of accessing it or the credit given to any information coming directly or indirectly from the latter.<\/li>\n<\/ul>\n\n\n\n<h3 class=\"wp-block-heading\">Personal data protection<\/h3>\n\n\n\n<p>CAREA Fa\u00e7ade undertakes to protect the confidentiality of information provided online by Internet users. Any personal information that the Internet user may transmit to CAREA Fa\u00e7ade for the use of certain services is subject to the provisions of the French Data Protection Act no. 78-17 of January 6, 1978. Internet users therefore have the right to access, rectify and delete any personal information concerning them, which they may exercise at any time by sending a letter to the following address:  <\/p>\n\n\n\n<p>Soci\u00e9t\u00e9 CAREA Fa\u00e7ade &#8211; Protection des donn\u00e9es personnelles &#8211; 23 ZAC Burospace &#8211; 91 573 BI\u00c8VRES CEDEX or by e-mail: rgpd @ carea-facade.com (remove the 2 spaces to make the e-mail address valid).<\/p>\n\n\n\n<h3 class=\"wp-block-heading\">Collection purposes<\/h3>\n\n\n\n<p>CAREA Fa\u00e7ade may ask you for personal information for administrative and commercial management purposes:<\/p>\n\n\n\n<ul class=\"wp-block-list\">\n<li>when you subscribe to our newsletter;<\/li>\n\n\n\n<li>when you submit an application;<\/li>\n\n\n\n<li>when you participate in a game, contest or survey.<\/li>\n\n\n\n<li>when you contact us using one of our forms.<\/li>\n<\/ul>\n\n\n\n<p>In accordance with legal requirements, we keep this data for a limited period of time, in proportion to the purposes for which you have provided it. For example, data communicated in connection with newsletter subscriptions will be kept until the user unsubscribes. Data communicated for online orders will not be kept for more than 5 years.  <\/p>\n\n\n\n<p>The data collected is for the exclusive use of CAREA Fa\u00e7ade.<\/p>\n\n\n\n<h3 class=\"wp-block-heading\">Intellectual property rights<\/h3>\n\n\n\n<p>All elements present on the site and the site itself are protected by copyright, trademark law, design law and\/or any other applicable law. These elements belong to CAREA Fa\u00e7ade or are used with the agreement of third parties who have authorized CAREA Fa\u00e7ade to use them. They may only be used for private, personal and non-commercial purposes. Their use must respect the elements reproduced. No modification or alteration of any kind may be made to them. Any use for purposes other than those listed above requires the prior written consent of Carea Fa\u00e7ade. Any use of the site&#8217;s content in contravention of these provisions constitutes an infringement within the meaning of the French Intellectual Property Code.      <\/p>\n\n\n\n<h3 class=\"wp-block-heading\">Links<\/h3>\n\n\n\n<p>This website may contain links to other websites. Insofar as CAREA Fa\u00e7ade cannot control these external sites and sources, it cannot be held responsible for access problems or the content of these sites. CAREA Fa\u00e7ade reserves the right to authorize any type of simple or deep hypertext link or referencing.  <\/p>\n<\/div>\n<\/div>\n","protected":false},"excerpt":{"rendered":"<p>Terms of use Publishers This website carea-facade.com\/en is published by CAREA Fa\u00e7ade SAS (SIRET n\u00b033408975200102) whose registered office is located at ZA Bel-Air-de-Combr\u00e9e &#8211; Combr\u00e9e &#8211; 49520 Ombr\u00e9e-d&#8217;Anjou. Publication manager: Thierry LEVERRIER Credit Design &amp; productionAgence customR, 5 quai Ja\u00ffr, 69009 Lyon Host This site is hosted by IKOULA &#8211; 175-177 rue d&#8217;Aguesseau &#8211; 92100 [&hellip;]<\/p>\n","protected":false},"author":3,"featured_media":0,"parent":0,"menu_order":88,"comment_status":"open","ping_status":"open","template":"","meta":{"_acf_changed":false,"footnotes":""},"class_list":["post-8821","page","type-page","status-publish","hentry"],"acf":[],"yoast_head":"<!-- This site is optimized with the Yoast SEO plugin v27.5 - https:\/\/yoast.com\/product\/yoast-seo-wordpress\/ -->\n<title>Terms of use - Carea facade<\/title>\n<meta name=\"robots\" content=\"noindex, follow\" \/>\n<meta property=\"og:locale\" content=\"en_US\" \/>\n<meta property=\"og:type\" content=\"article\" \/>\n<meta property=\"og:title\" content=\"Terms of use - Carea facade\" \/>\n<meta property=\"og:description\" content=\"Terms of use Publishers This website carea-facade.com\/en is published by CAREA Fa\u00e7ade SAS (SIRET n\u00b033408975200102) whose registered office is located at ZA Bel-Air-de-Combr\u00e9e &#8211; Combr\u00e9e &#8211; 49520 Ombr\u00e9e-d&#8217;Anjou. Publication manager: Thierry LEVERRIER Credit Design &amp; productionAgence customR, 5 quai Ja\u00ffr, 69009 Lyon Host This site is hosted by IKOULA &#8211; 175-177 rue d&#8217;Aguesseau &#8211; 92100 [&hellip;]\" \/>\n<meta property=\"og:url\" content=\"https:\/\/carea-facade.com\/en\/terms-of-use\/\" \/>\n<meta property=\"og:site_name\" content=\"Carea facade\" \/>\n<meta property=\"article:modified_time\" content=\"2026-01-21T13:14:05+00:00\" \/>\n<meta name=\"twitter:card\" content=\"summary_large_image\" \/>\n<meta name=\"twitter:label1\" content=\"Est. reading time\" \/>\n\t<meta name=\"twitter:data1\" content=\"3 minutes\" \/>\n<script type=\"application\/ld+json\" class=\"yoast-schema-graph\">{\"@context\":\"https:\\\/\\\/schema.org\",\"@graph\":[{\"@type\":\"WebPage\",\"@id\":\"https:\\\/\\\/carea-facade.com\\\/en\\\/terms-of-use\\\/\",\"url\":\"https:\\\/\\\/carea-facade.com\\\/en\\\/terms-of-use\\\/\",\"name\":\"Terms of use - Carea facade\",\"isPartOf\":{\"@id\":\"https:\\\/\\\/carea-facade.com\\\/en\\\/#website\"},\"datePublished\":\"2025-10-01T14:26:36+00:00\",\"dateModified\":\"2026-01-21T13:14:05+00:00\",\"breadcrumb\":{\"@id\":\"https:\\\/\\\/carea-facade.com\\\/en\\\/terms-of-use\\\/#breadcrumb\"},\"inLanguage\":\"en-US\",\"potentialAction\":[{\"@type\":\"ReadAction\",\"target\":[\"https:\\\/\\\/carea-facade.com\\\/en\\\/terms-of-use\\\/\"]}]},{\"@type\":\"BreadcrumbList\",\"@id\":\"https:\\\/\\\/carea-facade.com\\\/en\\\/terms-of-use\\\/#breadcrumb\",\"itemListElement\":[{\"@type\":\"ListItem\",\"position\":1,\"name\":\"Home\",\"item\":\"https:\\\/\\\/carea-facade.com\\\/en\\\/home\\\/\"},{\"@type\":\"ListItem\",\"position\":2,\"name\":\"Terms of use\"}]},{\"@type\":\"WebSite\",\"@id\":\"https:\\\/\\\/carea-facade.com\\\/en\\\/#website\",\"url\":\"https:\\\/\\\/carea-facade.com\\\/en\\\/\",\"name\":\"Carea facade\",\"description\":\"\",\"publisher\":{\"@id\":\"https:\\\/\\\/carea-facade.com\\\/en\\\/#organization\"},\"potentialAction\":[{\"@type\":\"SearchAction\",\"target\":{\"@type\":\"EntryPoint\",\"urlTemplate\":\"https:\\\/\\\/carea-facade.com\\\/en\\\/?s={search_term_string}\"},\"query-input\":{\"@type\":\"PropertyValueSpecification\",\"valueRequired\":true,\"valueName\":\"search_term_string\"}}],\"inLanguage\":\"en-US\"},{\"@type\":\"Organization\",\"@id\":\"https:\\\/\\\/carea-facade.com\\\/en\\\/#organization\",\"name\":\"Carea facade\",\"url\":\"https:\\\/\\\/carea-facade.com\\\/en\\\/\",\"logo\":{\"@type\":\"ImageObject\",\"inLanguage\":\"en-US\",\"@id\":\"https:\\\/\\\/carea-facade.com\\\/en\\\/#\\\/schema\\\/logo\\\/image\\\/\",\"url\":\"https:\\\/\\\/carea-facade.com\\\/wp-content\\\/uploads\\\/2025\\\/10\\\/logo-carea.svg\",\"contentUrl\":\"https:\\\/\\\/carea-facade.com\\\/wp-content\\\/uploads\\\/2025\\\/10\\\/logo-carea.svg\",\"width\":131,\"height\":95,\"caption\":\"Carea facade\"},\"image\":{\"@id\":\"https:\\\/\\\/carea-facade.com\\\/en\\\/#\\\/schema\\\/logo\\\/image\\\/\"}}]}<\/script>\n<!-- \/ Yoast SEO plugin. -->","yoast_head_json":{"title":"Terms of use - Carea facade","robots":{"index":"noindex","follow":"follow"},"og_locale":"en_US","og_type":"article","og_title":"Terms of use - Carea facade","og_description":"Terms of use Publishers This website carea-facade.com\/en is published by CAREA Fa\u00e7ade SAS (SIRET n\u00b033408975200102) whose registered office is located at ZA Bel-Air-de-Combr\u00e9e &#8211; Combr\u00e9e &#8211; 49520 Ombr\u00e9e-d&#8217;Anjou. Publication manager: Thierry LEVERRIER Credit Design &amp; productionAgence customR, 5 quai Ja\u00ffr, 69009 Lyon Host This site is hosted by IKOULA &#8211; 175-177 rue d&#8217;Aguesseau &#8211; 92100 [&hellip;]","og_url":"https:\/\/carea-facade.com\/en\/terms-of-use\/","og_site_name":"Carea facade","article_modified_time":"2026-01-21T13:14:05+00:00","twitter_card":"summary_large_image","twitter_misc":{"Est. reading time":"3 minutes"},"schema":{"@context":"https:\/\/schema.org","@graph":[{"@type":"WebPage","@id":"https:\/\/carea-facade.com\/en\/terms-of-use\/","url":"https:\/\/carea-facade.com\/en\/terms-of-use\/","name":"Terms of use - Carea facade","isPartOf":{"@id":"https:\/\/carea-facade.com\/en\/#website"},"datePublished":"2025-10-01T14:26:36+00:00","dateModified":"2026-01-21T13:14:05+00:00","breadcrumb":{"@id":"https:\/\/carea-facade.com\/en\/terms-of-use\/#breadcrumb"},"inLanguage":"en-US","potentialAction":[{"@type":"ReadAction","target":["https:\/\/carea-facade.com\/en\/terms-of-use\/"]}]},{"@type":"BreadcrumbList","@id":"https:\/\/carea-facade.com\/en\/terms-of-use\/#breadcrumb","itemListElement":[{"@type":"ListItem","position":1,"name":"Home","item":"https:\/\/carea-facade.com\/en\/home\/"},{"@type":"ListItem","position":2,"name":"Terms of use"}]},{"@type":"WebSite","@id":"https:\/\/carea-facade.com\/en\/#website","url":"https:\/\/carea-facade.com\/en\/","name":"Carea facade","description":"","publisher":{"@id":"https:\/\/carea-facade.com\/en\/#organization"},"potentialAction":[{"@type":"SearchAction","target":{"@type":"EntryPoint","urlTemplate":"https:\/\/carea-facade.com\/en\/?s={search_term_string}"},"query-input":{"@type":"PropertyValueSpecification","valueRequired":true,"valueName":"search_term_string"}}],"inLanguage":"en-US"},{"@type":"Organization","@id":"https:\/\/carea-facade.com\/en\/#organization","name":"Carea facade","url":"https:\/\/carea-facade.com\/en\/","logo":{"@type":"ImageObject","inLanguage":"en-US","@id":"https:\/\/carea-facade.com\/en\/#\/schema\/logo\/image\/","url":"https:\/\/carea-facade.com\/wp-content\/uploads\/2025\/10\/logo-carea.svg","contentUrl":"https:\/\/carea-facade.com\/wp-content\/uploads\/2025\/10\/logo-carea.svg","width":131,"height":95,"caption":"Carea facade"},"image":{"@id":"https:\/\/carea-facade.com\/en\/#\/schema\/logo\/image\/"}}]}},"_links":{"self":[{"href":"https:\/\/carea-facade.com\/en\/wp-json\/wp\/v2\/pages\/8821","targetHints":{"allow":["GET"]}}],"collection":[{"href":"https:\/\/carea-facade.com\/en\/wp-json\/wp\/v2\/pages"}],"about":[{"href":"https:\/\/carea-facade.com\/en\/wp-json\/wp\/v2\/types\/page"}],"author":[{"embeddable":true,"href":"https:\/\/carea-facade.com\/en\/wp-json\/wp\/v2\/users\/3"}],"replies":[{"embeddable":true,"href":"https:\/\/carea-facade.com\/en\/wp-json\/wp\/v2\/comments?post=8821"}],"version-history":[{"count":5,"href":"https:\/\/carea-facade.com\/en\/wp-json\/wp\/v2\/pages\/8821\/revisions"}],"predecessor-version":[{"id":23178,"href":"https:\/\/carea-facade.com\/en\/wp-json\/wp\/v2\/pages\/8821\/revisions\/23178"}],"wp:attachment":[{"href":"https:\/\/carea-facade.com\/en\/wp-json\/wp\/v2\/media?parent=8821"}],"curies":[{"name":"wp","href":"https:\/\/api.w.org\/{rel}","templated":true}]}}