{"id":8883,"date":"2025-10-01T16:26:36","date_gmt":"2025-10-01T14:26:36","guid":{"rendered":"https:\/\/carea-facade.com\/direct-downloads\/"},"modified":"2026-04-01T19:20:30","modified_gmt":"2026-04-01T17:20:30","slug":"direct-downloads","status":"publish","type":"page","link":"https:\/\/carea-facade.com\/en\/downloads\/direct-downloads\/","title":{"rendered":"Direct downloads"},"content":{"rendered":"\n<div class=\"wp-block-group has-global-padding is-layout-constrained wp-container-core-group-is-layout-6fd7c80e wp-block-group-is-layout-constrained\" style=\"padding-top:var(--wp--preset--spacing--theme-default);padding-right:var(--wp--preset--spacing--theme-xs);padding-bottom:var(--wp--preset--spacing--theme-default);padding-left:var(--wp--preset--spacing--theme-xs)\">\n<div class=\"wp-block-group content-content-group is-vertical is-layout-flex wp-container-core-group-is-layout-d309df8e wp-block-group-is-layout-flex\">\n<h1 class=\"wp-block-heading has-text-align-left has-black-color has-text-color\" style=\"margin-bottom:40px;font-style:normal;font-weight:500;text-transform:uppercase\">Direct downloads<\/h1>\n\n\n\n<h2 class=\"wp-block-heading has-text-align-left content__title has-black-color has-text-color\" style=\"text-transform:none\">Our catalogs<\/h2>\n\n\n\n<p class=\"content__chapo has-black-color has-text-color\">Click here to download our technical sales literature and all our technical agrements.<\/p>\n\n\n\n<div class=\"wp-block-buttons content__buttons is-content-justification-center is-layout-flex wp-container-core-buttons-is-layout-a89b3969 wp-block-buttons-is-layout-flex\">\n<div class=\"wp-block-button content__button\"><a class=\"wp-block-button__link wp-element-button\" href=\"https:\/\/carea-facade.com\/wp-content\/uploads\/2026\/04\/Carea-Technical-Handbook-Facade_202311.pdf\" target=\"_blank\" rel=\"noreferrer noopener\">Carea Fa\u00e7ade brochure: technical specifications<\/a><\/div>\n<\/div>\n\n\n\n<div class=\"wp-block-buttons content__buttons is-content-justification-center is-layout-flex wp-container-core-buttons-is-layout-a89b3969 wp-block-buttons-is-layout-flex\">\n<div class=\"wp-block-button content__button\"><a class=\"wp-block-button__link wp-element-button\" href=\"https:\/\/carea-facade.com\/wp-content\/uploads\/2025\/10\/Carea-Facade-Portfolio-n4-202407.pdf\" target=\"_blank\" rel=\"noreferrer noopener\">Carea reference portfolio<\/a><\/div>\n<\/div>\n\n\n\n<div class=\"wp-block-buttons content__buttons is-content-justification-center is-layout-flex wp-container-core-buttons-is-layout-a89b3969 wp-block-buttons-is-layout-flex\">\n<div class=\"wp-block-button content__button\"><a class=\"wp-block-button__link wp-element-button\" href=\"https:\/\/carea-facade.com\/wp-content\/uploads\/2025\/10\/Carea-Facade-Portfolio-prestige-2309.pdf\" target=\"_blank\" rel=\"noreferrer noopener\">&#8220;Premium references&#8221; portfolio<\/a><\/div>\n<\/div>\n\n\n\n<div class=\"wp-block-buttons content__buttons is-content-justification-center is-layout-flex wp-container-core-buttons-is-layout-a89b3969 wp-block-buttons-is-layout-flex\">\n<div class=\"wp-block-button content__button\"><a class=\"wp-block-button__link wp-element-button\" href=\"https:\/\/carea-facade.com\/wp-content\/uploads\/2026\/02\/Carea_Our-Environmental-Commitment_UK_2310.pdf\" target=\"_blank\" rel=\"noreferrer noopener\">Our environmental commitments<\/a><\/div>\n<\/div>\n\n\n\n<div class=\"wp-block-buttons content__buttons wp-container-content-69bc4bdf is-content-justification-center is-layout-flex wp-container-core-buttons-is-layout-a89b3969 wp-block-buttons-is-layout-flex\">\n<div class=\"wp-block-button content__button\"><a class=\"wp-block-button__link wp-element-button\" href=\"https:\/\/carea-facade.com\/wp-content\/uploads\/2025\/10\/Carea-Facade_Fiche-Cuadra_v2.pdf\" target=\"_blank\" rel=\"noreferrer noopener\">CUADRA sheet<\/a><\/div>\n<\/div>\n\n\n\n<div class=\"wp-block-buttons content__buttons wp-container-content-69bc4bdf is-content-justification-center is-layout-flex wp-container-core-buttons-is-layout-a89b3969 wp-block-buttons-is-layout-flex\">\n<div class=\"wp-block-button content__button\"><a class=\"wp-block-button__link wp-element-button\" href=\"https:\/\/carea-facade.com\/wp-content\/uploads\/2026\/02\/Carea_Flyer-MAGMA-uk-v2.pdf\" target=\"_blank\" rel=\"noreferrer noopener\">MAGMA data sheet<\/a><\/div>\n<\/div>\n\n\n\n<div class=\"wp-block-buttons content__buttons wp-container-content-69bc4bdf is-content-justification-center is-layout-flex wp-container-core-buttons-is-layout-a89b3969 wp-block-buttons-is-layout-flex\">\n<div class=\"wp-block-button content__button\"><a class=\"wp-block-button__link wp-element-button\" href=\"https:\/\/carea-facade.com\/wp-content\/uploads\/2026\/02\/Carea_Flyer-MECA-uk-v2.pdf\" target=\"_blank\" rel=\"noreferrer noopener\">MECA sheet<\/a><\/div>\n<\/div>\n<\/div>\n<\/div>\n\n\n\n<div class=\"wp-block-group has-global-padding is-layout-constrained wp-container-core-group-is-layout-3a2c3c22 wp-block-group-is-layout-constrained\" style=\"padding-right:var(--wp--preset--spacing--theme-xs);padding-bottom:var(--wp--preset--spacing--theme-default);padding-left:var(--wp--preset--spacing--theme-xs)\">\n<div class=\"wp-block-group content-content-group is-vertical is-layout-flex wp-container-core-group-is-layout-d309df8e wp-block-group-is-layout-flex\">\n<h2 class=\"wp-block-heading has-text-align-left content__title has-black-color has-text-color\" style=\"text-transform:none\">Technical Agrements<\/h2>\n\n\n\n<h3 class=\"wp-block-heading\">Carea, Interlocking cladding system<\/h3>\n\n\n\n<p>BBA Interlocking Carea &#8211; Cladding With Backing structure (CWB) system (Rainscreen Cladding):<br><a href=\"https:\/\/carea-facade.com\/wp-content\/uploads\/2026\/04\/BBA-07-4417-PS1-Interlocking-panel-on-subframe-2025.pdf\" type=\"link\" id=\"https:\/\/carea-facade.com\/wp-content\/uploads\/2026\/02\/ATec_2.2_11-1484_v2_Carea_Emboitement_Bardage_sans_ossature_BSO.pdf\" target=\"_blank\" rel=\"noreferrer noopener\">BBA-07-4417-PS1-Interlocking-panel-on-subframe-2025<\/a><\/p>\n\n\n\n<p>Technical brochure: Installation of interlocking panels &#8211; Cladding With Backing structure &#8211; CWB system (Rainscreen Cladding):<br><a href=\"https:\/\/carea-facade.com\/wp-content\/uploads\/2026\/04\/AT-2.2-11-1483_V3_Carea-Interlocking-Cladding_EN.pdf\" type=\"link\" id=\"https:\/\/carea-facade.com\/wp-content\/uploads\/2026\/02\/ATec_2.2_11-1484_v2_Carea_Emboitement_Bardage_sans_ossature_BSO.pdf\" target=\"_blank\" rel=\"noreferrer noopener\">AT-2.2-11-1483_V3_Carea-Interlocking-Cladding_EN<\/a><\/p>\n\n\n\n<p>BBA Interlocking Vetage Clip Carea &#8211; Cladding Without Backing structure (CWoB) system:<br><a href=\"https:\/\/carea-facade.com\/wp-content\/uploads\/2026\/04\/BBA-07-4417-PS2-Carea-Interlocking-Vetage-Clip-Cladding-System-2025.pdf\" type=\"link\" id=\"https:\/\/carea-facade.com\/wp-content\/uploads\/2026\/02\/ATec_2.2_11-1484_v2_Carea_Emboitement_Bardage_sans_ossature_BSO.pdf\" target=\"_blank\" rel=\"noreferrer noopener\">BBA-07-4417-PS2-Carea-Interlocking-Vetage-Clip-Cladding-System-2025<\/a><\/p>\n\n\n\n<h3 class=\"wp-block-heading\">Carea, Grooved cladding system<\/h3>\n\n\n\n<p>BBA Grooved Carea Horizontal fit Cladding system<br><a href=\"https:\/\/carea-facade.com\/wp-content\/uploads\/2026\/04\/BBA-07-4429-PS1-Grooved-Carea-Horizontal-Cladding-system-2025.pdf\" type=\"link\" id=\"https:\/\/carea-facade.com\/wp-content\/uploads\/2026\/02\/ATec_2.2_16-1774_v2-Carea_Rainure_Bardage_horizontal_beton_BAO.pdf\" target=\"_blank\" rel=\"noreferrer noopener\">BBA 07-4429 PS1 Grooved Carea Horizontal Cladding system 2025<\/a><\/p>\n\n\n\n<p>Technical brochure: Installation of grooved panels &#8211; Cladding with backing structure (CWB) &#8211; horizontal fit:<br><a href=\"https:\/\/carea-facade.com\/wp-content\/uploads\/2026\/04\/Technical-brochure-2-16-1774-Grooved-Carea-Horizontal-Fitting.pdf\" type=\"link\" id=\"https:\/\/carea-facade.com\/wp-content\/uploads\/2026\/02\/ATec_2.2_16-1774_v2-Carea_Rainure_Bardage_horizontal_beton_BAO.pdf\" target=\"_blank\" rel=\"noreferrer noopener\">Technical-brochure-2-16-1774-Grooved-Carea-Horizontal-Fitting<\/a><\/p>\n\n\n\n<p>BBA Grooved Carea Vertical fit Cladding system<br><a href=\"https:\/\/carea-facade.com\/wp-content\/uploads\/2026\/04\/BBA-07-4429-PS2-Grooved-Carea-Vertical-Cladding-system-2025.pdf\" type=\"link\" id=\"https:\/\/carea-facade.com\/wp-content\/uploads\/2026\/02\/ATec_2.2_21-1816_v2_Carea_Rainure_Bardage_vertical_COB-CLT_BAO.pdf\" target=\"_blank\" rel=\"noreferrer noopener\">BBA-07-4429-PS2-Grooved-Carea-Vertical-Cladding-system-2025<\/a><\/p>\n\n\n\n<p>Technical brochure: Installation of grooved panels &#8211; Cladding with backing structure (CWB) &#8211; vertical fit:<br><a href=\"https:\/\/carea-facade.com\/wp-content\/uploads\/2026\/04\/Technical-Brochure-2.2_14-1659_V1-CAREA-Grooved-Vertical-Cladding-System.pdf\" type=\"link\" id=\"https:\/\/carea-facade.com\/wp-content\/uploads\/2026\/02\/ATec_2.2_14-1659_v3_Carea_Rainure_Bardage_vertical_beton_maconnerie_BAO.pdf\" target=\"_blank\" rel=\"noreferrer noopener\">Technical-Brochure-2.2_14-1659_V1-CAREA-Grooved-Vertical-Cladding-System<\/a><\/p>\n\n\n\n<h3 class=\"wp-block-heading\">Carea, Cladding panel system with integrated anchors<\/h3>\n\n\n\n<p>Technical brochure: Installation of anchor panels &#8211; Cladding with backing structure &#8211; CWB:<br><a href=\"https:\/\/carea-facade.com\/wp-content\/uploads\/2026\/04\/TA-2_15-1679-Clading-Panel-Undercut-Anchors-ARTEMA.pdf\" type=\"link\" id=\"https:\/\/carea-facade.com\/wp-content\/uploads\/2026\/02\/ATec_2.2_15-1679_v2-Carea_Insert_BAO.pdf\" target=\"_blank\" rel=\"noreferrer noopener\">TA-2_15-1679-Clading-Panel-Undercut-Anchors-ARTEMA<\/a><\/p>\n\n\n\n<figure class=\"wp-block-embed is-type-rich is-provider-embed-handler wp-block-embed-embed-handler wp-embed-aspect-16-9 wp-has-aspect-ratio\"><div class=\"wp-block-embed__wrapper\">\n<iframe loading=\"lazy\" title=\"Fa\u00e7ade : les parements de bardage CAREA. D\u00e9couvrez nos r\u00e9alisations : b\u00e2timents d&#039;habitation, etc.\" width=\"500\" height=\"281\" src=\"https:\/\/www.youtube.com\/embed\/vEQNxqnRB14?feature=oembed&#038;enablejsapi=1&#038;origin=https:\/\/carea-facade.com\" frameborder=\"0\" allow=\"accelerometer; autoplay; clipboard-write; encrypted-media; gyroscope; picture-in-picture; web-share\" referrerpolicy=\"strict-origin-when-cross-origin\" allowfullscreen><\/iframe>\n<\/div><\/figure>\n<\/div>\n<\/div>\n","protected":false},"excerpt":{"rendered":"<p>Direct downloads Our catalogs Click here to download our technical sales literature and all our technical agrements. Technical Agrements Carea, Interlocking cladding system BBA Interlocking Carea &#8211; Cladding With Backing structure (CWB) system (Rainscreen Cladding):BBA-07-4417-PS1-Interlocking-panel-on-subframe-2025 Technical brochure: Installation of interlocking panels &#8211; Cladding With Backing structure &#8211; CWB system (Rainscreen Cladding):AT-2.2-11-1483_V3_Carea-Interlocking-Cladding_EN BBA Interlocking Vetage Clip [&hellip;]<\/p>\n","protected":false},"author":3,"featured_media":14440,"parent":8923,"menu_order":0,"comment_status":"open","ping_status":"closed","template":"","meta":{"_acf_changed":false,"footnotes":""},"class_list":["post-8883","page","type-page","status-publish","has-post-thumbnail","hentry"],"acf":[],"yoast_head":"<!-- This site is optimized with the Yoast SEO plugin v26.9 - https:\/\/yoast.com\/product\/yoast-seo-wordpress\/ -->\n<title>Documentations CAREA - Technico-commercial, avis techniques (ATecs)<\/title>\n<meta name=\"description\" content=\"CAREA FACADE - Download technical sales literature and technical opinions (ATecs) in PDF format.\" \/>\n<meta name=\"robots\" content=\"noindex, follow\" \/>\n<meta property=\"og:locale\" content=\"en_US\" \/>\n<meta property=\"og:type\" content=\"article\" \/>\n<meta property=\"og:title\" content=\"Documentations CAREA - Technico-commercial, avis techniques (ATecs)\" \/>\n<meta property=\"og:description\" content=\"CAREA FACADE - Download technical sales literature and technical opinions (ATecs) in PDF format.\" \/>\n<meta property=\"og:url\" content=\"https:\/\/carea-facade.com\/en\/downloads\/direct-downloads\/\" \/>\n<meta property=\"og:site_name\" content=\"Carea facade\" \/>\n<meta property=\"article:modified_time\" content=\"2026-04-01T17:20:30+00:00\" \/>\n<meta property=\"og:image\" content=\"https:\/\/carea-facade.com\/wp-content\/uploads\/2025\/09\/Capture.png\" \/>\n\t<meta property=\"og:image:width\" content=\"457\" \/>\n\t<meta property=\"og:image:height\" content=\"630\" \/>\n\t<meta property=\"og:image:type\" content=\"image\/png\" \/>\n<meta name=\"twitter:card\" content=\"summary_large_image\" \/>\n<meta name=\"twitter:label1\" content=\"Est. reading time\" \/>\n\t<meta name=\"twitter:data1\" content=\"1 minute\" \/>\n<script type=\"application\/ld+json\" class=\"yoast-schema-graph\">{\"@context\":\"https:\/\/schema.org\",\"@graph\":[{\"@type\":\"WebPage\",\"@id\":\"https:\/\/carea-facade.com\/en\/downloads\/direct-downloads\/\",\"url\":\"https:\/\/carea-facade.com\/en\/downloads\/direct-downloads\/\",\"name\":\"Documentations CAREA - Technico-commercial, avis techniques (ATecs)\",\"isPartOf\":{\"@id\":\"https:\/\/carea-facade.com\/en\/#website\"},\"primaryImageOfPage\":{\"@id\":\"https:\/\/carea-facade.com\/en\/downloads\/direct-downloads\/#primaryimage\"},\"image\":{\"@id\":\"https:\/\/carea-facade.com\/en\/downloads\/direct-downloads\/#primaryimage\"},\"thumbnailUrl\":\"https:\/\/carea-facade.com\/wp-content\/uploads\/2025\/09\/Capture.png\",\"datePublished\":\"2025-10-01T14:26:36+00:00\",\"dateModified\":\"2026-04-01T17:20:30+00:00\",\"description\":\"CAREA FACADE - Download technical sales literature and technical opinions (ATecs) in PDF format.\",\"breadcrumb\":{\"@id\":\"https:\/\/carea-facade.com\/en\/downloads\/direct-downloads\/#breadcrumb\"},\"inLanguage\":\"en-US\",\"potentialAction\":[{\"@type\":\"ReadAction\",\"target\":[\"https:\/\/carea-facade.com\/en\/downloads\/direct-downloads\/\"]}]},{\"@type\":\"ImageObject\",\"inLanguage\":\"en-US\",\"@id\":\"https:\/\/carea-facade.com\/en\/downloads\/direct-downloads\/#primaryimage\",\"url\":\"https:\/\/carea-facade.com\/wp-content\/uploads\/2025\/09\/Capture.png\",\"contentUrl\":\"https:\/\/carea-facade.com\/wp-content\/uploads\/2025\/09\/Capture.png\",\"width\":457,\"height\":630,\"caption\":\"Capture\"},{\"@type\":\"BreadcrumbList\",\"@id\":\"https:\/\/carea-facade.com\/en\/downloads\/direct-downloads\/#breadcrumb\",\"itemListElement\":[{\"@type\":\"ListItem\",\"position\":1,\"name\":\"Home\",\"item\":\"https:\/\/carea-facade.com\/en\/home\/\"},{\"@type\":\"ListItem\",\"position\":2,\"name\":\"Downloads\",\"item\":\"https:\/\/carea-facade.com\/en\/downloads\/\"},{\"@type\":\"ListItem\",\"position\":3,\"name\":\"Direct downloads\"}]},{\"@type\":\"WebSite\",\"@id\":\"https:\/\/carea-facade.com\/en\/#website\",\"url\":\"https:\/\/carea-facade.com\/en\/\",\"name\":\"Carea facade\",\"description\":\"\",\"publisher\":{\"@id\":\"https:\/\/carea-facade.com\/en\/#organization\"},\"potentialAction\":[{\"@type\":\"SearchAction\",\"target\":{\"@type\":\"EntryPoint\",\"urlTemplate\":\"https:\/\/carea-facade.com\/en\/?s={search_term_string}\"},\"query-input\":{\"@type\":\"PropertyValueSpecification\",\"valueRequired\":true,\"valueName\":\"search_term_string\"}}],\"inLanguage\":\"en-US\"},{\"@type\":\"Organization\",\"@id\":\"https:\/\/carea-facade.com\/en\/#organization\",\"name\":\"Carea facade\",\"url\":\"https:\/\/carea-facade.com\/en\/\",\"logo\":{\"@type\":\"ImageObject\",\"inLanguage\":\"en-US\",\"@id\":\"https:\/\/carea-facade.com\/en\/#\/schema\/logo\/image\/\",\"url\":\"https:\/\/carea-facade.com\/wp-content\/uploads\/2025\/10\/logo-carea.svg\",\"contentUrl\":\"https:\/\/carea-facade.com\/wp-content\/uploads\/2025\/10\/logo-carea.svg\",\"width\":131,\"height\":95,\"caption\":\"Carea facade\"},\"image\":{\"@id\":\"https:\/\/carea-facade.com\/en\/#\/schema\/logo\/image\/\"}}]}<\/script>\n<!-- \/ Yoast SEO plugin. -->","yoast_head_json":{"title":"Documentations CAREA - Technico-commercial, avis techniques (ATecs)","description":"CAREA FACADE - Download technical sales literature and technical opinions (ATecs) in PDF format.","robots":{"index":"noindex","follow":"follow"},"og_locale":"en_US","og_type":"article","og_title":"Documentations CAREA - Technico-commercial, avis techniques (ATecs)","og_description":"CAREA FACADE - Download technical sales literature and technical opinions (ATecs) in PDF format.","og_url":"https:\/\/carea-facade.com\/en\/downloads\/direct-downloads\/","og_site_name":"Carea facade","article_modified_time":"2026-04-01T17:20:30+00:00","og_image":[{"width":457,"height":630,"url":"https:\/\/carea-facade.com\/wp-content\/uploads\/2025\/09\/Capture.png","type":"image\/png"}],"twitter_card":"summary_large_image","twitter_misc":{"Est. reading time":"1 minute"},"schema":{"@context":"https:\/\/schema.org","@graph":[{"@type":"WebPage","@id":"https:\/\/carea-facade.com\/en\/downloads\/direct-downloads\/","url":"https:\/\/carea-facade.com\/en\/downloads\/direct-downloads\/","name":"Documentations CAREA - Technico-commercial, avis techniques (ATecs)","isPartOf":{"@id":"https:\/\/carea-facade.com\/en\/#website"},"primaryImageOfPage":{"@id":"https:\/\/carea-facade.com\/en\/downloads\/direct-downloads\/#primaryimage"},"image":{"@id":"https:\/\/carea-facade.com\/en\/downloads\/direct-downloads\/#primaryimage"},"thumbnailUrl":"https:\/\/carea-facade.com\/wp-content\/uploads\/2025\/09\/Capture.png","datePublished":"2025-10-01T14:26:36+00:00","dateModified":"2026-04-01T17:20:30+00:00","description":"CAREA FACADE - Download technical sales literature and technical opinions (ATecs) in PDF format.","breadcrumb":{"@id":"https:\/\/carea-facade.com\/en\/downloads\/direct-downloads\/#breadcrumb"},"inLanguage":"en-US","potentialAction":[{"@type":"ReadAction","target":["https:\/\/carea-facade.com\/en\/downloads\/direct-downloads\/"]}]},{"@type":"ImageObject","inLanguage":"en-US","@id":"https:\/\/carea-facade.com\/en\/downloads\/direct-downloads\/#primaryimage","url":"https:\/\/carea-facade.com\/wp-content\/uploads\/2025\/09\/Capture.png","contentUrl":"https:\/\/carea-facade.com\/wp-content\/uploads\/2025\/09\/Capture.png","width":457,"height":630,"caption":"Capture"},{"@type":"BreadcrumbList","@id":"https:\/\/carea-facade.com\/en\/downloads\/direct-downloads\/#breadcrumb","itemListElement":[{"@type":"ListItem","position":1,"name":"Home","item":"https:\/\/carea-facade.com\/en\/home\/"},{"@type":"ListItem","position":2,"name":"Downloads","item":"https:\/\/carea-facade.com\/en\/downloads\/"},{"@type":"ListItem","position":3,"name":"Direct downloads"}]},{"@type":"WebSite","@id":"https:\/\/carea-facade.com\/en\/#website","url":"https:\/\/carea-facade.com\/en\/","name":"Carea facade","description":"","publisher":{"@id":"https:\/\/carea-facade.com\/en\/#organization"},"potentialAction":[{"@type":"SearchAction","target":{"@type":"EntryPoint","urlTemplate":"https:\/\/carea-facade.com\/en\/?s={search_term_string}"},"query-input":{"@type":"PropertyValueSpecification","valueRequired":true,"valueName":"search_term_string"}}],"inLanguage":"en-US"},{"@type":"Organization","@id":"https:\/\/carea-facade.com\/en\/#organization","name":"Carea facade","url":"https:\/\/carea-facade.com\/en\/","logo":{"@type":"ImageObject","inLanguage":"en-US","@id":"https:\/\/carea-facade.com\/en\/#\/schema\/logo\/image\/","url":"https:\/\/carea-facade.com\/wp-content\/uploads\/2025\/10\/logo-carea.svg","contentUrl":"https:\/\/carea-facade.com\/wp-content\/uploads\/2025\/10\/logo-carea.svg","width":131,"height":95,"caption":"Carea facade"},"image":{"@id":"https:\/\/carea-facade.com\/en\/#\/schema\/logo\/image\/"}}]}},"_links":{"self":[{"href":"https:\/\/carea-facade.com\/en\/wp-json\/wp\/v2\/pages\/8883","targetHints":{"allow":["GET"]}}],"collection":[{"href":"https:\/\/carea-facade.com\/en\/wp-json\/wp\/v2\/pages"}],"about":[{"href":"https:\/\/carea-facade.com\/en\/wp-json\/wp\/v2\/types\/page"}],"author":[{"embeddable":true,"href":"https:\/\/carea-facade.com\/en\/wp-json\/wp\/v2\/users\/3"}],"replies":[{"embeddable":true,"href":"https:\/\/carea-facade.com\/en\/wp-json\/wp\/v2\/comments?post=8883"}],"version-history":[{"count":25,"href":"https:\/\/carea-facade.com\/en\/wp-json\/wp\/v2\/pages\/8883\/revisions"}],"predecessor-version":[{"id":24026,"href":"https:\/\/carea-facade.com\/en\/wp-json\/wp\/v2\/pages\/8883\/revisions\/24026"}],"up":[{"embeddable":true,"href":"https:\/\/carea-facade.com\/en\/wp-json\/wp\/v2\/pages\/8923"}],"wp:featuredmedia":[{"embeddable":true,"href":"https:\/\/carea-facade.com\/en\/wp-json\/wp\/v2\/media\/14440"}],"wp:attachment":[{"href":"https:\/\/carea-facade.com\/en\/wp-json\/wp\/v2\/media?parent=8883"}],"curies":[{"name":"wp","href":"https:\/\/api.w.org\/{rel}","templated":true}]}}