{"id":8897,"date":"2025-10-01T16:26:37","date_gmt":"2025-10-01T14:26:37","guid":{"rendered":"https:\/\/carea-facade.com\/the-carea-group\/working-for-us\/"},"modified":"2026-02-25T09:10:51","modified_gmt":"2026-02-25T08:10:51","slug":"working-for-us","status":"publish","type":"page","link":"https:\/\/carea-facade.com\/en\/the-carea-group\/working-for-us\/","title":{"rendered":"Working for us"},"content":{"rendered":"\n<div class=\"wp-block-group has-global-padding is-layout-constrained wp-container-core-group-is-layout-3bb13389 wp-block-group-is-layout-constrained\" style=\"padding-top:var(--wp--preset--spacing--theme-default);padding-right:var(--wp--preset--spacing--theme-xs);padding-bottom:var(--wp--preset--spacing--theme-default);padding-left:var(--wp--preset--spacing--theme-xs)\">\n<div class=\"wp-block-group content-content-group is-vertical is-layout-flex wp-container-core-group-is-layout-d309df8e wp-block-group-is-layout-flex\">\n<h1 class=\"wp-block-heading has-text-align-left has-black-color has-text-color\" style=\"margin-bottom:40px;font-style:normal;font-weight:500;text-transform:uppercase\">Working for us<\/h1>\n\n\n\n<p>Joining <sup>CAREA\u00ae<\/sup> means becoming part of a French industrial company that for over 40 years has been shaping a unique material &#8211; <sup>CAREA\u00ae<\/sup> Mineral Composite &#8211; to create sustainable, aesthetic solutions, from facades to sanitary spaces.<\/p>\n\n\n\n<h3 class=\"wp-block-heading\">A committed and innovative group<\/h3>\n\n\n\n<p>At <sup>CAREA\u00ae<\/sup>, we believe in the power of teamwork and the wealth of know-how. Every employee contributes to the success of an industrial adventure based on quality, innovation and respect for the environment. Our teams are involved on a daily basis in designing, producing and promoting ever more effective solutions, in the service of our customers and the transition of the building sector.<\/p>\n\n\n\n<h3 class=\"wp-block-heading\">Diverse professions, a single spirit<\/h3>\n\n\n\n<p>Whether you&#8217;re a technician, salesperson, designer, engineer or operator, joining <sup>CAREA\u00ae<\/sup> means taking part in a corporate project that values skills, initiative and professional development. We work in dynamic environments &#8211; from production to prescription &#8211; in a friendly yet demanding working environment.<\/p>\n\n\n\n<h3 class=\"wp-block-heading\">Want to be part of the <sup>CAREA\u00ae<\/sup> adventure?<\/h3>\n\n\n\n<p>Discover our opportunities and join a company that innovates at the heart of materials!<\/p>\n\n\n\n<div class=\"wp-block-buttons is-layout-flex wp-block-buttons-is-layout-flex\">\n<div class=\"wp-block-button\"><a class=\"wp-block-button__link wp-element-button\" href=\"https:\/\/www.linkedin.com\/company\/carea---mineral-composite\/jobs\/\">See our job offers on LinkedIn<\/a><\/div>\n<\/div>\n<\/div>\n<\/div>\n","protected":false},"excerpt":{"rendered":"<p>Working for us Joining CAREA\u00ae means becoming part of a French industrial company that for over 40 years has been shaping a unique material &#8211; CAREA\u00ae Mineral Composite &#8211; to create sustainable, aesthetic solutions, from facades to sanitary spaces. A committed and innovative group At CAREA\u00ae, we believe in the power of teamwork and the [&hellip;]<\/p>\n","protected":false},"author":3,"featured_media":0,"parent":8867,"menu_order":2,"comment_status":"closed","ping_status":"closed","template":"","meta":{"_acf_changed":false,"footnotes":""},"class_list":["post-8897","page","type-page","status-publish","hentry"],"acf":[],"yoast_head":"<!-- This site is optimized with the Yoast SEO plugin v27.5 - https:\/\/yoast.com\/product\/yoast-seo-wordpress\/ -->\n<title>Recruitment CAREA Fa\u00e7ade - Application Jobs<\/title>\n<meta name=\"description\" content=\"CAREA Fa\u00e7ade: join a major player in architectural fa\u00e7ade solutions. Apply online and join an innovative, committed and fast-growing company.\" \/>\n<meta name=\"robots\" content=\"index, follow, max-snippet:-1, max-image-preview:large, max-video-preview:-1\" \/>\n<link rel=\"canonical\" href=\"https:\/\/carea-facade.com\/en\/the-carea-group\/working-for-us\/\" \/>\n<meta property=\"og:locale\" content=\"en_US\" \/>\n<meta property=\"og:type\" content=\"article\" \/>\n<meta property=\"og:title\" content=\"Recruitment CAREA Fa\u00e7ade - Application Jobs\" \/>\n<meta property=\"og:description\" content=\"CAREA Fa\u00e7ade: join a major player in architectural fa\u00e7ade solutions. Apply online and join an innovative, committed and fast-growing company.\" \/>\n<meta property=\"og:url\" content=\"https:\/\/carea-facade.com\/en\/the-carea-group\/working-for-us\/\" \/>\n<meta property=\"og:site_name\" content=\"Carea facade\" \/>\n<meta property=\"article:modified_time\" content=\"2026-02-25T08:10:51+00:00\" \/>\n<meta name=\"twitter:card\" content=\"summary_large_image\" \/>\n<meta name=\"twitter:label1\" content=\"Est. reading time\" \/>\n\t<meta name=\"twitter:data1\" content=\"1 minute\" \/>\n<script type=\"application\/ld+json\" class=\"yoast-schema-graph\">{\"@context\":\"https:\\\/\\\/schema.org\",\"@graph\":[{\"@type\":\"WebPage\",\"@id\":\"https:\\\/\\\/carea-facade.com\\\/en\\\/the-carea-group\\\/working-for-us\\\/\",\"url\":\"https:\\\/\\\/carea-facade.com\\\/en\\\/the-carea-group\\\/working-for-us\\\/\",\"name\":\"Recruitment CAREA Fa\u00e7ade - Application Jobs\",\"isPartOf\":{\"@id\":\"https:\\\/\\\/carea-facade.com\\\/en\\\/#website\"},\"datePublished\":\"2025-10-01T14:26:37+00:00\",\"dateModified\":\"2026-02-25T08:10:51+00:00\",\"description\":\"CAREA Fa\u00e7ade: join a major player in architectural fa\u00e7ade solutions. Apply online and join an innovative, committed and fast-growing company.\",\"breadcrumb\":{\"@id\":\"https:\\\/\\\/carea-facade.com\\\/en\\\/the-carea-group\\\/working-for-us\\\/#breadcrumb\"},\"inLanguage\":\"en-US\",\"potentialAction\":[{\"@type\":\"ReadAction\",\"target\":[\"https:\\\/\\\/carea-facade.com\\\/en\\\/the-carea-group\\\/working-for-us\\\/\"]}]},{\"@type\":\"BreadcrumbList\",\"@id\":\"https:\\\/\\\/carea-facade.com\\\/en\\\/the-carea-group\\\/working-for-us\\\/#breadcrumb\",\"itemListElement\":[{\"@type\":\"ListItem\",\"position\":1,\"name\":\"Home\",\"item\":\"https:\\\/\\\/carea-facade.com\\\/en\\\/home\\\/\"},{\"@type\":\"ListItem\",\"position\":2,\"name\":\"The CAREA\u00ae Group\",\"item\":\"https:\\\/\\\/carea-facade.com\\\/en\\\/the-carea-group\\\/\"},{\"@type\":\"ListItem\",\"position\":3,\"name\":\"Working for us\"}]},{\"@type\":\"WebSite\",\"@id\":\"https:\\\/\\\/carea-facade.com\\\/en\\\/#website\",\"url\":\"https:\\\/\\\/carea-facade.com\\\/en\\\/\",\"name\":\"Carea facade\",\"description\":\"\",\"publisher\":{\"@id\":\"https:\\\/\\\/carea-facade.com\\\/en\\\/#organization\"},\"potentialAction\":[{\"@type\":\"SearchAction\",\"target\":{\"@type\":\"EntryPoint\",\"urlTemplate\":\"https:\\\/\\\/carea-facade.com\\\/en\\\/?s={search_term_string}\"},\"query-input\":{\"@type\":\"PropertyValueSpecification\",\"valueRequired\":true,\"valueName\":\"search_term_string\"}}],\"inLanguage\":\"en-US\"},{\"@type\":\"Organization\",\"@id\":\"https:\\\/\\\/carea-facade.com\\\/en\\\/#organization\",\"name\":\"Carea facade\",\"url\":\"https:\\\/\\\/carea-facade.com\\\/en\\\/\",\"logo\":{\"@type\":\"ImageObject\",\"inLanguage\":\"en-US\",\"@id\":\"https:\\\/\\\/carea-facade.com\\\/en\\\/#\\\/schema\\\/logo\\\/image\\\/\",\"url\":\"https:\\\/\\\/carea-facade.com\\\/wp-content\\\/uploads\\\/2025\\\/10\\\/logo-carea.svg\",\"contentUrl\":\"https:\\\/\\\/carea-facade.com\\\/wp-content\\\/uploads\\\/2025\\\/10\\\/logo-carea.svg\",\"width\":131,\"height\":95,\"caption\":\"Carea facade\"},\"image\":{\"@id\":\"https:\\\/\\\/carea-facade.com\\\/en\\\/#\\\/schema\\\/logo\\\/image\\\/\"}}]}<\/script>\n<!-- \/ Yoast SEO plugin. -->","yoast_head_json":{"title":"Recruitment CAREA Fa\u00e7ade - Application Jobs","description":"CAREA Fa\u00e7ade: join a major player in architectural fa\u00e7ade solutions. Apply online and join an innovative, committed and fast-growing company.","robots":{"index":"index","follow":"follow","max-snippet":"max-snippet:-1","max-image-preview":"max-image-preview:large","max-video-preview":"max-video-preview:-1"},"canonical":"https:\/\/carea-facade.com\/en\/the-carea-group\/working-for-us\/","og_locale":"en_US","og_type":"article","og_title":"Recruitment CAREA Fa\u00e7ade - Application Jobs","og_description":"CAREA Fa\u00e7ade: join a major player in architectural fa\u00e7ade solutions. Apply online and join an innovative, committed and fast-growing company.","og_url":"https:\/\/carea-facade.com\/en\/the-carea-group\/working-for-us\/","og_site_name":"Carea facade","article_modified_time":"2026-02-25T08:10:51+00:00","twitter_card":"summary_large_image","twitter_misc":{"Est. reading time":"1 minute"},"schema":{"@context":"https:\/\/schema.org","@graph":[{"@type":"WebPage","@id":"https:\/\/carea-facade.com\/en\/the-carea-group\/working-for-us\/","url":"https:\/\/carea-facade.com\/en\/the-carea-group\/working-for-us\/","name":"Recruitment CAREA Fa\u00e7ade - Application Jobs","isPartOf":{"@id":"https:\/\/carea-facade.com\/en\/#website"},"datePublished":"2025-10-01T14:26:37+00:00","dateModified":"2026-02-25T08:10:51+00:00","description":"CAREA Fa\u00e7ade: join a major player in architectural fa\u00e7ade solutions. Apply online and join an innovative, committed and fast-growing company.","breadcrumb":{"@id":"https:\/\/carea-facade.com\/en\/the-carea-group\/working-for-us\/#breadcrumb"},"inLanguage":"en-US","potentialAction":[{"@type":"ReadAction","target":["https:\/\/carea-facade.com\/en\/the-carea-group\/working-for-us\/"]}]},{"@type":"BreadcrumbList","@id":"https:\/\/carea-facade.com\/en\/the-carea-group\/working-for-us\/#breadcrumb","itemListElement":[{"@type":"ListItem","position":1,"name":"Home","item":"https:\/\/carea-facade.com\/en\/home\/"},{"@type":"ListItem","position":2,"name":"The CAREA\u00ae Group","item":"https:\/\/carea-facade.com\/en\/the-carea-group\/"},{"@type":"ListItem","position":3,"name":"Working for us"}]},{"@type":"WebSite","@id":"https:\/\/carea-facade.com\/en\/#website","url":"https:\/\/carea-facade.com\/en\/","name":"Carea facade","description":"","publisher":{"@id":"https:\/\/carea-facade.com\/en\/#organization"},"potentialAction":[{"@type":"SearchAction","target":{"@type":"EntryPoint","urlTemplate":"https:\/\/carea-facade.com\/en\/?s={search_term_string}"},"query-input":{"@type":"PropertyValueSpecification","valueRequired":true,"valueName":"search_term_string"}}],"inLanguage":"en-US"},{"@type":"Organization","@id":"https:\/\/carea-facade.com\/en\/#organization","name":"Carea facade","url":"https:\/\/carea-facade.com\/en\/","logo":{"@type":"ImageObject","inLanguage":"en-US","@id":"https:\/\/carea-facade.com\/en\/#\/schema\/logo\/image\/","url":"https:\/\/carea-facade.com\/wp-content\/uploads\/2025\/10\/logo-carea.svg","contentUrl":"https:\/\/carea-facade.com\/wp-content\/uploads\/2025\/10\/logo-carea.svg","width":131,"height":95,"caption":"Carea facade"},"image":{"@id":"https:\/\/carea-facade.com\/en\/#\/schema\/logo\/image\/"}}]}},"_links":{"self":[{"href":"https:\/\/carea-facade.com\/en\/wp-json\/wp\/v2\/pages\/8897","targetHints":{"allow":["GET"]}}],"collection":[{"href":"https:\/\/carea-facade.com\/en\/wp-json\/wp\/v2\/pages"}],"about":[{"href":"https:\/\/carea-facade.com\/en\/wp-json\/wp\/v2\/types\/page"}],"author":[{"embeddable":true,"href":"https:\/\/carea-facade.com\/en\/wp-json\/wp\/v2\/users\/3"}],"replies":[{"embeddable":true,"href":"https:\/\/carea-facade.com\/en\/wp-json\/wp\/v2\/comments?post=8897"}],"version-history":[{"count":6,"href":"https:\/\/carea-facade.com\/en\/wp-json\/wp\/v2\/pages\/8897\/revisions"}],"predecessor-version":[{"id":23848,"href":"https:\/\/carea-facade.com\/en\/wp-json\/wp\/v2\/pages\/8897\/revisions\/23848"}],"up":[{"embeddable":true,"href":"https:\/\/carea-facade.com\/en\/wp-json\/wp\/v2\/pages\/8867"}],"wp:attachment":[{"href":"https:\/\/carea-facade.com\/en\/wp-json\/wp\/v2\/media?parent=8897"}],"curies":[{"name":"wp","href":"https:\/\/api.w.org\/{rel}","templated":true}]}}