{"id":8926,"date":"2025-10-01T17:26:30","date_gmt":"2025-10-01T15:26:30","guid":{"rendered":"https:\/\/carea-facade.com\/environmental-commitment\/from-manufacturing-to-recycling\/"},"modified":"2026-04-01T12:41:30","modified_gmt":"2026-04-01T10:41:30","slug":"from-manufacturing-to-recycling","status":"publish","type":"page","link":"https:\/\/carea-facade.com\/en\/environmental-commitment\/from-manufacturing-to-recycling\/","title":{"rendered":"From manufacturing to recycling&#8230;"},"content":{"rendered":"\n<div class=\"wp-block-group has-global-padding is-layout-constrained wp-container-core-group-is-layout-3bb13389 wp-block-group-is-layout-constrained\" style=\"padding-top:var(--wp--preset--spacing--theme-default);padding-right:var(--wp--preset--spacing--theme-xs);padding-bottom:var(--wp--preset--spacing--theme-default);padding-left:var(--wp--preset--spacing--theme-xs)\">\n<div class=\"wp-block-group content-content-group is-vertical is-layout-flex wp-container-core-group-is-layout-d309df8e wp-block-group-is-layout-flex\">\n<h1 class=\"wp-block-heading has-text-align-left has-black-color has-text-color\" style=\"margin-bottom:40px;font-style:normal;font-weight:500;text-transform:uppercase\">From manufacturing to recycling&#8230;<\/h1>\n\n\n\n<h2 class=\"wp-block-heading\">In eco-responsible material<\/h2>\n\n\n\n<h3 class=\"wp-block-heading\">Our manufacturing processes<\/h3>\n\n\n\n<p><strong>Exclusive Mineral Composite geo-sourced in France<\/strong><br\/>90% of the composition of our materials comes from natural mineral fillers extracted locally (in the Pays de la Loire region, close to our plants). The binder used consists of 10% recycled components.<\/p>\n\n\n\n<p><strong>Vertical production circuit<\/strong><br\/>Our Mineral Composite material is manufactured in Mayenne (53). Our products are 100% made in France at our factories in Sill\u00e9-le-Guillaume (72) for sanitaryware, and Combr\u00e9e (49) for fa\u00e7ade products. This local manufacturing allows us to favor direct sales, thus reducing our carbon footprint when transporting materials.<\/p>\n\n\n\n<p><strong>Clean production<\/strong><br\/>Thanks to our choice of materials, our products emit very little<sub>CO2<\/sub> during production. What&#8217;s more, the water needed for the production process is in a closed circuit.<\/p>\n\n\n\n<figure class=\"wp-block-image size-full\"><img loading=\"lazy\" decoding=\"async\" width=\"800\" height=\"320\" src=\"https:\/\/carea-facade.com\/wp-content\/uploads\/2025\/09\/image-24.png\" alt=\"Made in France\" class=\"wp-image-1889\" srcset=\"https:\/\/carea-facade.com\/wp-content\/uploads\/2025\/09\/image-24.png 800w, https:\/\/carea-facade.com\/wp-content\/uploads\/2025\/09\/image-24-300x120.png 300w, https:\/\/carea-facade.com\/wp-content\/uploads\/2025\/09\/image-24-768x307.png 768w\" sizes=\"auto, (max-width: 800px) 100vw, 800px\" \/><\/figure>\n\n\n\n<h3 class=\"wp-block-heading\">The life of our products<\/h3>\n\n\n\n<p><strong>Contributing to<\/strong><strong>energy-efficient<\/strong><strong>buildings<\/strong>&#8230;<br\/>Most of our claddings are combined with exterior thermal insulation (ETI) and\/or high energy performance systems, which limit or cancel out energy consumption. They are compatible with bio-sourced insulation.<\/p>\n\n\n\n<p><strong>Non-porous<\/strong><strong>&#8230;<\/strong><\/p>\n\n\n\n<p>Requiring very little maintenance, our materials help limit the environmental impact of cleaning (water, chemicals, etc.).<\/p>\n\n\n\n<p><strong>&#8230; resistant and easy to maintain<\/strong><br\/>Some of the 15 million m\u00b2 of facade installed and the 3 million sanitary units installed have been in place for over 40 years. Our materials are durable and long-lasting by nature, limiting the need for renewal. What&#8217;s more, it requires very little maintenance, and our materials help limit environmental impact by reducing cleaning (water, chemicals, etc.).<\/p>\n\n\n\n<h3 class=\"wp-block-heading\">Recycling our materials<\/h3>\n\n\n\n<p><strong>Recoverable<\/strong><strong>materials<\/strong>&#8230;<br\/>Process waste emitted during production is recovered in our plants for reuse in new production processes.<br\/>In addition, in the event of dismantling or demolition, our materials can be recovered by local authorities for use as road fill, for example.<\/p>\n\n\n\n<p><strong>&#8230; Reusable<\/strong>&#8230;<br\/>Our design teams have developed new processes enabling us to recover and recycle all our products after dismantling or demolition. Once recovered, products can be reused after testing and cleaning.<\/p>\n\n\n\n<p><strong>&#8230; And more<\/strong><br\/>Our fa\u00e7ade and sanitaryware products are covered by Environmental and Health Declaration Sheets (FDES), which can be downloaded from our websites or <a href=\"https:\/\/www.base-inies.fr\/iniesV4\/dist\/consultation.html\">from the INIES database<\/a>, and which analyze the<sub>CO2<\/sub> emissions of our products throughout their life cycle.<\/p>\n\n\n\n<p><strong>Do you have a CAREA site to recycle?  <\/strong><\/p>\n\n\n\n<div class=\"wp-block-buttons is-layout-flex wp-block-buttons-is-layout-flex\">\n<div class=\"wp-block-button\"><a class=\"wp-block-button__link wp-element-button\" href=\"https:\/\/carea-facade.com\/en\/contact\/\">Contact us<\/a><\/div>\n<\/div>\n<\/div>\n<\/div>\n","protected":false},"excerpt":{"rendered":"<p>From manufacturing to recycling&#8230; In eco-responsible material Our manufacturing processes Exclusive Mineral Composite geo-sourced in France90% of the composition of our materials comes from natural mineral fillers extracted locally (in the Pays de la Loire region, close to our plants). The binder used consists of 10% recycled components. Vertical production circuitOur Mineral Composite material is [&hellip;]<\/p>\n","protected":false},"author":3,"featured_media":0,"parent":8705,"menu_order":2,"comment_status":"closed","ping_status":"closed","template":"","meta":{"_acf_changed":false,"footnotes":""},"class_list":["post-8926","page","type-page","status-publish","hentry"],"acf":[],"yoast_head":"<!-- This site is optimized with the Yoast SEO plugin v27.5 - https:\/\/yoast.com\/product\/yoast-seo-wordpress\/ -->\n<title>Fa\u00e7ade Mineral Composite - Eco-responsible material France<\/title>\n<meta name=\"description\" content=\"CAREA FACADE - Exclusive Mineral Composite geo-sourced material. Products are 100% made in France using recyclable materials.\" \/>\n<meta name=\"robots\" content=\"index, follow, max-snippet:-1, max-image-preview:large, max-video-preview:-1\" \/>\n<link rel=\"canonical\" href=\"https:\/\/carea-facade.com\/en\/environmental-commitment\/from-manufacturing-to-recycling\/\" \/>\n<meta property=\"og:locale\" content=\"en_US\" \/>\n<meta property=\"og:type\" content=\"article\" \/>\n<meta property=\"og:title\" content=\"Fa\u00e7ade Mineral Composite - Eco-responsible material France\" \/>\n<meta property=\"og:description\" content=\"CAREA FACADE - Exclusive Mineral Composite geo-sourced material. Products are 100% made in France using recyclable materials.\" \/>\n<meta property=\"og:url\" content=\"https:\/\/carea-facade.com\/en\/environmental-commitment\/from-manufacturing-to-recycling\/\" \/>\n<meta property=\"og:site_name\" content=\"Carea facade\" \/>\n<meta property=\"article:modified_time\" content=\"2026-04-01T10:41:30+00:00\" \/>\n<meta property=\"og:image\" content=\"https:\/\/carea-facade.com\/wp-content\/uploads\/2025\/09\/image-24.png\" \/>\n\t<meta property=\"og:image:width\" content=\"800\" \/>\n\t<meta property=\"og:image:height\" content=\"320\" \/>\n\t<meta property=\"og:image:type\" content=\"image\/png\" \/>\n<meta name=\"twitter:card\" content=\"summary_large_image\" \/>\n<meta name=\"twitter:label1\" content=\"Est. reading time\" \/>\n\t<meta name=\"twitter:data1\" content=\"3 minutes\" \/>\n<script type=\"application\/ld+json\" class=\"yoast-schema-graph\">{\"@context\":\"https:\\\/\\\/schema.org\",\"@graph\":[{\"@type\":\"WebPage\",\"@id\":\"https:\\\/\\\/carea-facade.com\\\/en\\\/environmental-commitment\\\/from-manufacturing-to-recycling\\\/\",\"url\":\"https:\\\/\\\/carea-facade.com\\\/en\\\/environmental-commitment\\\/from-manufacturing-to-recycling\\\/\",\"name\":\"Fa\u00e7ade Mineral Composite - Eco-responsible material France\",\"isPartOf\":{\"@id\":\"https:\\\/\\\/carea-facade.com\\\/en\\\/#website\"},\"primaryImageOfPage\":{\"@id\":\"https:\\\/\\\/carea-facade.com\\\/en\\\/environmental-commitment\\\/from-manufacturing-to-recycling\\\/#primaryimage\"},\"image\":{\"@id\":\"https:\\\/\\\/carea-facade.com\\\/en\\\/environmental-commitment\\\/from-manufacturing-to-recycling\\\/#primaryimage\"},\"thumbnailUrl\":\"https:\\\/\\\/carea-facade.com\\\/wp-content\\\/uploads\\\/2025\\\/09\\\/image-24.png\",\"datePublished\":\"2025-10-01T15:26:30+00:00\",\"dateModified\":\"2026-04-01T10:41:30+00:00\",\"description\":\"CAREA FACADE - Exclusive Mineral Composite geo-sourced material. Products are 100% made in France using recyclable materials.\",\"breadcrumb\":{\"@id\":\"https:\\\/\\\/carea-facade.com\\\/en\\\/environmental-commitment\\\/from-manufacturing-to-recycling\\\/#breadcrumb\"},\"inLanguage\":\"en-US\",\"potentialAction\":[{\"@type\":\"ReadAction\",\"target\":[\"https:\\\/\\\/carea-facade.com\\\/en\\\/environmental-commitment\\\/from-manufacturing-to-recycling\\\/\"]}]},{\"@type\":\"ImageObject\",\"inLanguage\":\"en-US\",\"@id\":\"https:\\\/\\\/carea-facade.com\\\/en\\\/environmental-commitment\\\/from-manufacturing-to-recycling\\\/#primaryimage\",\"url\":\"https:\\\/\\\/carea-facade.com\\\/wp-content\\\/uploads\\\/2025\\\/09\\\/image-24.png\",\"contentUrl\":\"https:\\\/\\\/carea-facade.com\\\/wp-content\\\/uploads\\\/2025\\\/09\\\/image-24.png\"},{\"@type\":\"BreadcrumbList\",\"@id\":\"https:\\\/\\\/carea-facade.com\\\/en\\\/environmental-commitment\\\/from-manufacturing-to-recycling\\\/#breadcrumb\",\"itemListElement\":[{\"@type\":\"ListItem\",\"position\":1,\"name\":\"Home\",\"item\":\"https:\\\/\\\/carea-facade.com\\\/en\\\/home\\\/\"},{\"@type\":\"ListItem\",\"position\":2,\"name\":\"Environmental commitment\",\"item\":\"https:\\\/\\\/carea-facade.com\\\/en\\\/environmental-commitment\\\/\"},{\"@type\":\"ListItem\",\"position\":3,\"name\":\"From manufacturing to recycling&#8230;\"}]},{\"@type\":\"WebSite\",\"@id\":\"https:\\\/\\\/carea-facade.com\\\/en\\\/#website\",\"url\":\"https:\\\/\\\/carea-facade.com\\\/en\\\/\",\"name\":\"Carea facade\",\"description\":\"\",\"publisher\":{\"@id\":\"https:\\\/\\\/carea-facade.com\\\/en\\\/#organization\"},\"potentialAction\":[{\"@type\":\"SearchAction\",\"target\":{\"@type\":\"EntryPoint\",\"urlTemplate\":\"https:\\\/\\\/carea-facade.com\\\/en\\\/?s={search_term_string}\"},\"query-input\":{\"@type\":\"PropertyValueSpecification\",\"valueRequired\":true,\"valueName\":\"search_term_string\"}}],\"inLanguage\":\"en-US\"},{\"@type\":\"Organization\",\"@id\":\"https:\\\/\\\/carea-facade.com\\\/en\\\/#organization\",\"name\":\"Carea facade\",\"url\":\"https:\\\/\\\/carea-facade.com\\\/en\\\/\",\"logo\":{\"@type\":\"ImageObject\",\"inLanguage\":\"en-US\",\"@id\":\"https:\\\/\\\/carea-facade.com\\\/en\\\/#\\\/schema\\\/logo\\\/image\\\/\",\"url\":\"https:\\\/\\\/carea-facade.com\\\/wp-content\\\/uploads\\\/2025\\\/10\\\/logo-carea.svg\",\"contentUrl\":\"https:\\\/\\\/carea-facade.com\\\/wp-content\\\/uploads\\\/2025\\\/10\\\/logo-carea.svg\",\"width\":131,\"height\":95,\"caption\":\"Carea facade\"},\"image\":{\"@id\":\"https:\\\/\\\/carea-facade.com\\\/en\\\/#\\\/schema\\\/logo\\\/image\\\/\"}}]}<\/script>\n<!-- \/ Yoast SEO plugin. -->","yoast_head_json":{"title":"Fa\u00e7ade Mineral Composite - Eco-responsible material France","description":"CAREA FACADE - Exclusive Mineral Composite geo-sourced material. Products are 100% made in France using recyclable materials.","robots":{"index":"index","follow":"follow","max-snippet":"max-snippet:-1","max-image-preview":"max-image-preview:large","max-video-preview":"max-video-preview:-1"},"canonical":"https:\/\/carea-facade.com\/en\/environmental-commitment\/from-manufacturing-to-recycling\/","og_locale":"en_US","og_type":"article","og_title":"Fa\u00e7ade Mineral Composite - Eco-responsible material France","og_description":"CAREA FACADE - Exclusive Mineral Composite geo-sourced material. Products are 100% made in France using recyclable materials.","og_url":"https:\/\/carea-facade.com\/en\/environmental-commitment\/from-manufacturing-to-recycling\/","og_site_name":"Carea facade","article_modified_time":"2026-04-01T10:41:30+00:00","og_image":[{"width":800,"height":320,"url":"https:\/\/carea-facade.com\/wp-content\/uploads\/2025\/09\/image-24.png","type":"image\/png"}],"twitter_card":"summary_large_image","twitter_misc":{"Est. reading time":"3 minutes"},"schema":{"@context":"https:\/\/schema.org","@graph":[{"@type":"WebPage","@id":"https:\/\/carea-facade.com\/en\/environmental-commitment\/from-manufacturing-to-recycling\/","url":"https:\/\/carea-facade.com\/en\/environmental-commitment\/from-manufacturing-to-recycling\/","name":"Fa\u00e7ade Mineral Composite - Eco-responsible material France","isPartOf":{"@id":"https:\/\/carea-facade.com\/en\/#website"},"primaryImageOfPage":{"@id":"https:\/\/carea-facade.com\/en\/environmental-commitment\/from-manufacturing-to-recycling\/#primaryimage"},"image":{"@id":"https:\/\/carea-facade.com\/en\/environmental-commitment\/from-manufacturing-to-recycling\/#primaryimage"},"thumbnailUrl":"https:\/\/carea-facade.com\/wp-content\/uploads\/2025\/09\/image-24.png","datePublished":"2025-10-01T15:26:30+00:00","dateModified":"2026-04-01T10:41:30+00:00","description":"CAREA FACADE - Exclusive Mineral Composite geo-sourced material. Products are 100% made in France using recyclable materials.","breadcrumb":{"@id":"https:\/\/carea-facade.com\/en\/environmental-commitment\/from-manufacturing-to-recycling\/#breadcrumb"},"inLanguage":"en-US","potentialAction":[{"@type":"ReadAction","target":["https:\/\/carea-facade.com\/en\/environmental-commitment\/from-manufacturing-to-recycling\/"]}]},{"@type":"ImageObject","inLanguage":"en-US","@id":"https:\/\/carea-facade.com\/en\/environmental-commitment\/from-manufacturing-to-recycling\/#primaryimage","url":"https:\/\/carea-facade.com\/wp-content\/uploads\/2025\/09\/image-24.png","contentUrl":"https:\/\/carea-facade.com\/wp-content\/uploads\/2025\/09\/image-24.png"},{"@type":"BreadcrumbList","@id":"https:\/\/carea-facade.com\/en\/environmental-commitment\/from-manufacturing-to-recycling\/#breadcrumb","itemListElement":[{"@type":"ListItem","position":1,"name":"Home","item":"https:\/\/carea-facade.com\/en\/home\/"},{"@type":"ListItem","position":2,"name":"Environmental commitment","item":"https:\/\/carea-facade.com\/en\/environmental-commitment\/"},{"@type":"ListItem","position":3,"name":"From manufacturing to recycling&#8230;"}]},{"@type":"WebSite","@id":"https:\/\/carea-facade.com\/en\/#website","url":"https:\/\/carea-facade.com\/en\/","name":"Carea facade","description":"","publisher":{"@id":"https:\/\/carea-facade.com\/en\/#organization"},"potentialAction":[{"@type":"SearchAction","target":{"@type":"EntryPoint","urlTemplate":"https:\/\/carea-facade.com\/en\/?s={search_term_string}"},"query-input":{"@type":"PropertyValueSpecification","valueRequired":true,"valueName":"search_term_string"}}],"inLanguage":"en-US"},{"@type":"Organization","@id":"https:\/\/carea-facade.com\/en\/#organization","name":"Carea facade","url":"https:\/\/carea-facade.com\/en\/","logo":{"@type":"ImageObject","inLanguage":"en-US","@id":"https:\/\/carea-facade.com\/en\/#\/schema\/logo\/image\/","url":"https:\/\/carea-facade.com\/wp-content\/uploads\/2025\/10\/logo-carea.svg","contentUrl":"https:\/\/carea-facade.com\/wp-content\/uploads\/2025\/10\/logo-carea.svg","width":131,"height":95,"caption":"Carea facade"},"image":{"@id":"https:\/\/carea-facade.com\/en\/#\/schema\/logo\/image\/"}}]}},"_links":{"self":[{"href":"https:\/\/carea-facade.com\/en\/wp-json\/wp\/v2\/pages\/8926","targetHints":{"allow":["GET"]}}],"collection":[{"href":"https:\/\/carea-facade.com\/en\/wp-json\/wp\/v2\/pages"}],"about":[{"href":"https:\/\/carea-facade.com\/en\/wp-json\/wp\/v2\/types\/page"}],"author":[{"embeddable":true,"href":"https:\/\/carea-facade.com\/en\/wp-json\/wp\/v2\/users\/3"}],"replies":[{"embeddable":true,"href":"https:\/\/carea-facade.com\/en\/wp-json\/wp\/v2\/comments?post=8926"}],"version-history":[{"count":14,"href":"https:\/\/carea-facade.com\/en\/wp-json\/wp\/v2\/pages\/8926\/revisions"}],"predecessor-version":[{"id":23972,"href":"https:\/\/carea-facade.com\/en\/wp-json\/wp\/v2\/pages\/8926\/revisions\/23972"}],"up":[{"embeddable":true,"href":"https:\/\/carea-facade.com\/en\/wp-json\/wp\/v2\/pages\/8705"}],"wp:attachment":[{"href":"https:\/\/carea-facade.com\/en\/wp-json\/wp\/v2\/media?parent=8926"}],"curies":[{"name":"wp","href":"https:\/\/api.w.org\/{rel}","templated":true}]}}