{"id":1637,"date":"2025-10-01T16:26:35","date_gmt":"2025-10-01T14:26:35","guid":{"rendered":"https:\/\/wa-test-plugin.local\/?page_id=1637"},"modified":"2026-02-12T14:00:44","modified_gmt":"2026-02-12T13:00:44","slug":"carea-school","status":"publish","type":"page","link":"https:\/\/carea-facade.com\/fr\/le-groupe-carea\/carea-school\/","title":{"rendered":"Carea School"},"content":{"rendered":"\n<div class=\"wp-block-group has-global-padding is-layout-constrained wp-container-core-group-is-layout-3bb13389 wp-block-group-is-layout-constrained\" style=\"padding-top:var(--wp--preset--spacing--theme-default);padding-right:var(--wp--preset--spacing--theme-xs);padding-bottom:var(--wp--preset--spacing--theme-default);padding-left:var(--wp--preset--spacing--theme-xs)\">\n<div class=\"wp-block-group content-content-group is-vertical is-layout-flex wp-container-core-group-is-layout-d309df8e wp-block-group-is-layout-flex\">\n<h1 class=\"wp-block-heading has-text-align-left has-black-color has-text-color\" style=\"margin-bottom:40px;font-style:normal;font-weight:500;text-transform:uppercase\">Carea School<\/h1>\n\n\n\n<p><strong>CAREA School<\/strong> est le centre de formation qui vous permet de vous former \u00e0 la mise en \u0153uvre de nos produits.<\/p>\n\n\n\n<h2 class=\"wp-block-heading\">Former ses \u00e9quipes<\/h2>\n\n\n\n<p>Nos formations sont adapt\u00e9es et concernent les corps de m\u00e9tiers suivants :<\/p>\n\n\n\n<ul class=\"wp-block-list\">\n<li>Entreprises de pose<\/li>\n\n\n\n<li>Ma\u00eetres d\u2019\u0153uvre<\/li>\n\n\n\n<li>Bureaux d\u2019\u00e9tude<\/li>\n<\/ul>\n\n\n\n<p>Afin de r\u00e9pondre aux mieux \u00e0 vos besoins, nous avons \u00e9labor\u00e9 cinq modules&nbsp;:<\/p>\n\n\n\n<ul class=\"wp-block-list\">\n<li>Carea embo\u00eetement (Bardage Sans Ossature -BSO- et\/ou Bardage Avec Ossature \u2013 BAO) : <strong>Alpha\/Aquila<\/strong><\/li>\n\n\n\n<li>Carea rainur\u00e9 (BSO et\/ou BAO) :<strong>Ardal\/Acantha\/Armada<\/strong><\/li>\n\n\n\n<li>Carea Insert (BAO) : <strong>Artema<\/strong><\/li>\n\n\n\n<li>Initiation tous produits<\/li>\n\n\n\n<li>Formation personnalis\u00e9e<\/li>\n<\/ul>\n\n\n\n<p>Les modules sont en deux parties. La premi\u00e8re partie, th\u00e9orique, est d\u00e9di\u00e9e aux \u00ab&nbsp;r\u00e8gles de l\u2019art&nbsp;\u00bb et documents de r\u00e9f\u00e9rence. La seconde partie, pratique, est d\u00e9di\u00e9e \u00e0 la mise en \u0153uvre et aux traitements des points singuliers.<\/p>\n\n\n\n<p>Ils vous permettront d\u2019optimiser votre chantier de la phase conception \u00e0 la phase r\u00e9alisation.<\/p>\n\n\n\n<p>Ces formations sont pr\u00e9vues sur une ou deux journ\u00e9es et peuvent \u00eatre r\u00e9alis\u00e9es dans nos locaux ou sur chantier.<\/p>\n\n\n\n<div class=\"wp-block-buttons is-layout-flex wp-block-buttons-is-layout-flex\">\n<div class=\"wp-block-button\"><a class=\"wp-block-button__link wp-element-button\" href=\"https:\/\/carea-facade.com\/fr\/contact\/\">contactez-nous<\/a><\/div>\n<\/div>\n<\/div>\n<\/div>\n","protected":false},"excerpt":{"rendered":"<p>Carea School CAREA School est le centre de formation qui vous permet de vous former \u00e0 la mise en \u0153uvre de nos produits. Former ses \u00e9quipes Nos formations sont adapt\u00e9es et concernent les corps de m\u00e9tiers suivants : Afin de r\u00e9pondre aux mieux \u00e0 vos besoins, nous avons \u00e9labor\u00e9 cinq modules&nbsp;: Les modules sont en [&hellip;]<\/p>\n","protected":false},"author":3,"featured_media":0,"parent":2094,"menu_order":1,"comment_status":"open","ping_status":"closed","template":"","meta":{"_acf_changed":false,"footnotes":""},"class_list":["post-1637","page","type-page","status-publish","hentry"],"acf":[],"yoast_head":"<!-- This site is optimized with the Yoast SEO plugin v27.5 - https:\/\/yoast.com\/product\/yoast-seo-wordpress\/ -->\n<title>CAREA Fa\u00e7ade - Centre Formation agr\u00e9\u00e9 : Isolation thermique ext\u00e9rieur, Bardage. Pour les Pros<\/title>\n<meta name=\"description\" content=\"CAREA FACADE - D\u00e9couvrez la CAREA School : centre de formation agr\u00e9\u00e9 pour les Entreprises de pose, les Ma\u00eetres d&#039;Oeuvre et les Bureaux d&#039;\u00e9tude (ITE, bardage...).\" \/>\n<meta name=\"robots\" content=\"index, follow, max-snippet:-1, max-image-preview:large, max-video-preview:-1\" \/>\n<link rel=\"canonical\" href=\"https:\/\/carea-facade.com\/fr\/le-groupe-carea\/carea-school\/\" \/>\n<meta property=\"og:locale\" content=\"fr_FR\" \/>\n<meta property=\"og:type\" content=\"article\" \/>\n<meta property=\"og:title\" content=\"CAREA Fa\u00e7ade - Centre Formation agr\u00e9\u00e9 : Isolation thermique ext\u00e9rieur, Bardage. Pour les Pros\" \/>\n<meta property=\"og:description\" content=\"CAREA FACADE - D\u00e9couvrez la CAREA School : centre de formation agr\u00e9\u00e9 pour les Entreprises de pose, les Ma\u00eetres d&#039;Oeuvre et les Bureaux d&#039;\u00e9tude (ITE, bardage...).\" \/>\n<meta property=\"og:url\" content=\"https:\/\/carea-facade.com\/fr\/le-groupe-carea\/carea-school\/\" \/>\n<meta property=\"og:site_name\" content=\"Carea facade\" \/>\n<meta property=\"article:modified_time\" content=\"2026-02-12T13:00:44+00:00\" \/>\n<meta name=\"twitter:card\" content=\"summary_large_image\" \/>\n<meta name=\"twitter:label1\" content=\"Dur\u00e9e de lecture estim\u00e9e\" \/>\n\t<meta name=\"twitter:data1\" content=\"1 minute\" \/>\n<script type=\"application\/ld+json\" class=\"yoast-schema-graph\">{\"@context\":\"https:\\\/\\\/schema.org\",\"@graph\":[{\"@type\":\"WebPage\",\"@id\":\"https:\\\/\\\/carea-facade.com\\\/fr\\\/le-groupe-carea\\\/carea-school\\\/\",\"url\":\"https:\\\/\\\/carea-facade.com\\\/fr\\\/le-groupe-carea\\\/carea-school\\\/\",\"name\":\"CAREA Fa\u00e7ade - Centre Formation agr\u00e9\u00e9 : Isolation thermique ext\u00e9rieur, Bardage. Pour les Pros\",\"isPartOf\":{\"@id\":\"https:\\\/\\\/carea-facade.com\\\/fr\\\/#website\"},\"datePublished\":\"2025-10-01T14:26:35+00:00\",\"dateModified\":\"2026-02-12T13:00:44+00:00\",\"description\":\"CAREA FACADE - D\u00e9couvrez la CAREA School : centre de formation agr\u00e9\u00e9 pour les Entreprises de pose, les Ma\u00eetres d'Oeuvre et les Bureaux d'\u00e9tude (ITE, bardage...).\",\"breadcrumb\":{\"@id\":\"https:\\\/\\\/carea-facade.com\\\/fr\\\/le-groupe-carea\\\/carea-school\\\/#breadcrumb\"},\"inLanguage\":\"fr-FR\",\"potentialAction\":[{\"@type\":\"ReadAction\",\"target\":[\"https:\\\/\\\/carea-facade.com\\\/fr\\\/le-groupe-carea\\\/carea-school\\\/\"]}]},{\"@type\":\"BreadcrumbList\",\"@id\":\"https:\\\/\\\/carea-facade.com\\\/fr\\\/le-groupe-carea\\\/carea-school\\\/#breadcrumb\",\"itemListElement\":[{\"@type\":\"ListItem\",\"position\":1,\"name\":\"Accueil\",\"item\":\"https:\\\/\\\/carea-facade.com\\\/fr\\\/home\\\/\"},{\"@type\":\"ListItem\",\"position\":2,\"name\":\"Le groupe CAREA\u00ae\",\"item\":\"https:\\\/\\\/carea-facade.com\\\/fr\\\/le-groupe-carea\\\/\"},{\"@type\":\"ListItem\",\"position\":3,\"name\":\"Carea School\"}]},{\"@type\":\"WebSite\",\"@id\":\"https:\\\/\\\/carea-facade.com\\\/fr\\\/#website\",\"url\":\"https:\\\/\\\/carea-facade.com\\\/fr\\\/\",\"name\":\"Carea facade\",\"description\":\"\",\"publisher\":{\"@id\":\"https:\\\/\\\/carea-facade.com\\\/fr\\\/#organization\"},\"potentialAction\":[{\"@type\":\"SearchAction\",\"target\":{\"@type\":\"EntryPoint\",\"urlTemplate\":\"https:\\\/\\\/carea-facade.com\\\/fr\\\/?s={search_term_string}\"},\"query-input\":{\"@type\":\"PropertyValueSpecification\",\"valueRequired\":true,\"valueName\":\"search_term_string\"}}],\"inLanguage\":\"fr-FR\"},{\"@type\":\"Organization\",\"@id\":\"https:\\\/\\\/carea-facade.com\\\/fr\\\/#organization\",\"name\":\"Carea facade\",\"url\":\"https:\\\/\\\/carea-facade.com\\\/fr\\\/\",\"logo\":{\"@type\":\"ImageObject\",\"inLanguage\":\"fr-FR\",\"@id\":\"https:\\\/\\\/carea-facade.com\\\/fr\\\/#\\\/schema\\\/logo\\\/image\\\/\",\"url\":\"https:\\\/\\\/carea-facade.com\\\/wp-content\\\/uploads\\\/2025\\\/10\\\/logo-carea.svg\",\"contentUrl\":\"https:\\\/\\\/carea-facade.com\\\/wp-content\\\/uploads\\\/2025\\\/10\\\/logo-carea.svg\",\"width\":131,\"height\":95,\"caption\":\"Carea facade\"},\"image\":{\"@id\":\"https:\\\/\\\/carea-facade.com\\\/fr\\\/#\\\/schema\\\/logo\\\/image\\\/\"}}]}<\/script>\n<!-- \/ Yoast SEO plugin. -->","yoast_head_json":{"title":"CAREA Fa\u00e7ade - Centre Formation agr\u00e9\u00e9 : Isolation thermique ext\u00e9rieur, Bardage. Pour les Pros","description":"CAREA FACADE - D\u00e9couvrez la CAREA School : centre de formation agr\u00e9\u00e9 pour les Entreprises de pose, les Ma\u00eetres d'Oeuvre et les Bureaux d'\u00e9tude (ITE, bardage...).","robots":{"index":"index","follow":"follow","max-snippet":"max-snippet:-1","max-image-preview":"max-image-preview:large","max-video-preview":"max-video-preview:-1"},"canonical":"https:\/\/carea-facade.com\/fr\/le-groupe-carea\/carea-school\/","og_locale":"fr_FR","og_type":"article","og_title":"CAREA Fa\u00e7ade - Centre Formation agr\u00e9\u00e9 : Isolation thermique ext\u00e9rieur, Bardage. Pour les Pros","og_description":"CAREA FACADE - D\u00e9couvrez la CAREA School : centre de formation agr\u00e9\u00e9 pour les Entreprises de pose, les Ma\u00eetres d'Oeuvre et les Bureaux d'\u00e9tude (ITE, bardage...).","og_url":"https:\/\/carea-facade.com\/fr\/le-groupe-carea\/carea-school\/","og_site_name":"Carea facade","article_modified_time":"2026-02-12T13:00:44+00:00","twitter_card":"summary_large_image","twitter_misc":{"Dur\u00e9e de lecture estim\u00e9e":"1 minute"},"schema":{"@context":"https:\/\/schema.org","@graph":[{"@type":"WebPage","@id":"https:\/\/carea-facade.com\/fr\/le-groupe-carea\/carea-school\/","url":"https:\/\/carea-facade.com\/fr\/le-groupe-carea\/carea-school\/","name":"CAREA Fa\u00e7ade - Centre Formation agr\u00e9\u00e9 : Isolation thermique ext\u00e9rieur, Bardage. Pour les Pros","isPartOf":{"@id":"https:\/\/carea-facade.com\/fr\/#website"},"datePublished":"2025-10-01T14:26:35+00:00","dateModified":"2026-02-12T13:00:44+00:00","description":"CAREA FACADE - D\u00e9couvrez la CAREA School : centre de formation agr\u00e9\u00e9 pour les Entreprises de pose, les Ma\u00eetres d'Oeuvre et les Bureaux d'\u00e9tude (ITE, bardage...).","breadcrumb":{"@id":"https:\/\/carea-facade.com\/fr\/le-groupe-carea\/carea-school\/#breadcrumb"},"inLanguage":"fr-FR","potentialAction":[{"@type":"ReadAction","target":["https:\/\/carea-facade.com\/fr\/le-groupe-carea\/carea-school\/"]}]},{"@type":"BreadcrumbList","@id":"https:\/\/carea-facade.com\/fr\/le-groupe-carea\/carea-school\/#breadcrumb","itemListElement":[{"@type":"ListItem","position":1,"name":"Accueil","item":"https:\/\/carea-facade.com\/fr\/home\/"},{"@type":"ListItem","position":2,"name":"Le groupe CAREA\u00ae","item":"https:\/\/carea-facade.com\/fr\/le-groupe-carea\/"},{"@type":"ListItem","position":3,"name":"Carea School"}]},{"@type":"WebSite","@id":"https:\/\/carea-facade.com\/fr\/#website","url":"https:\/\/carea-facade.com\/fr\/","name":"Carea facade","description":"","publisher":{"@id":"https:\/\/carea-facade.com\/fr\/#organization"},"potentialAction":[{"@type":"SearchAction","target":{"@type":"EntryPoint","urlTemplate":"https:\/\/carea-facade.com\/fr\/?s={search_term_string}"},"query-input":{"@type":"PropertyValueSpecification","valueRequired":true,"valueName":"search_term_string"}}],"inLanguage":"fr-FR"},{"@type":"Organization","@id":"https:\/\/carea-facade.com\/fr\/#organization","name":"Carea facade","url":"https:\/\/carea-facade.com\/fr\/","logo":{"@type":"ImageObject","inLanguage":"fr-FR","@id":"https:\/\/carea-facade.com\/fr\/#\/schema\/logo\/image\/","url":"https:\/\/carea-facade.com\/wp-content\/uploads\/2025\/10\/logo-carea.svg","contentUrl":"https:\/\/carea-facade.com\/wp-content\/uploads\/2025\/10\/logo-carea.svg","width":131,"height":95,"caption":"Carea facade"},"image":{"@id":"https:\/\/carea-facade.com\/fr\/#\/schema\/logo\/image\/"}}]}},"_links":{"self":[{"href":"https:\/\/carea-facade.com\/fr\/wp-json\/wp\/v2\/pages\/1637","targetHints":{"allow":["GET"]}}],"collection":[{"href":"https:\/\/carea-facade.com\/fr\/wp-json\/wp\/v2\/pages"}],"about":[{"href":"https:\/\/carea-facade.com\/fr\/wp-json\/wp\/v2\/types\/page"}],"author":[{"embeddable":true,"href":"https:\/\/carea-facade.com\/fr\/wp-json\/wp\/v2\/users\/3"}],"replies":[{"embeddable":true,"href":"https:\/\/carea-facade.com\/fr\/wp-json\/wp\/v2\/comments?post=1637"}],"version-history":[{"count":15,"href":"https:\/\/carea-facade.com\/fr\/wp-json\/wp\/v2\/pages\/1637\/revisions"}],"predecessor-version":[{"id":23634,"href":"https:\/\/carea-facade.com\/fr\/wp-json\/wp\/v2\/pages\/1637\/revisions\/23634"}],"up":[{"embeddable":true,"href":"https:\/\/carea-facade.com\/fr\/wp-json\/wp\/v2\/pages\/2094"}],"wp:attachment":[{"href":"https:\/\/carea-facade.com\/fr\/wp-json\/wp\/v2\/media?parent=1637"}],"curies":[{"name":"wp","href":"https:\/\/api.w.org\/{rel}","templated":true}]}}