{"id":1639,"date":"2025-10-01T16:26:36","date_gmt":"2025-10-01T14:26:36","guid":{"rendered":"https:\/\/wa-test-plugin.local\/?page_id=1639"},"modified":"2025-11-19T09:54:15","modified_gmt":"2025-11-19T08:54:15","slug":"mentions-legales","status":"publish","type":"page","link":"https:\/\/carea-facade.com\/fr\/mentions-legales\/","title":{"rendered":"Mentions l\u00e9gales"},"content":{"rendered":"\n<div class=\"wp-block-group has-global-padding is-layout-constrained wp-block-group-is-layout-constrained\" style=\"padding-top:var(--wp--preset--spacing--theme-m);padding-bottom:var(--wp--preset--spacing--theme-default)\">\n<div class=\"wp-block-group is-vertical is-layout-flex wp-container-core-group-is-layout-d309df8e wp-block-group-is-layout-flex\">\n<h1 class=\"wp-block-heading\">Mentions l\u00e9gales<\/h1>\n\n\n\n<h3 class=\"wp-block-heading\">\u00c9diteurs<\/h3>\n\n\n\n<p>Le pr\u00e9sent site&nbsp;<a href=\"https:\/\/carea-facade.com\/fr\/\">carea-facade.com\/fr<\/a>&nbsp;est \u00e9dit\u00e9 par la soci\u00e9t\u00e9 CAREA Fa\u00e7ade SAS (SIRET n\u00b033408975200102) dont le si\u00e8ge social est sis ZA Bel-Air-de-Combr\u00e9e \u2013 Combr\u00e9e \u2013 49520 Ombr\u00e9e-d\u2019Anjou<\/p>\n\n\n\n<p>Directeur de la publication : Thierry LEVERRIER<\/p>\n\n\n\n<h3 class=\"wp-block-heading\">Cr\u00e9dit<\/h3>\n\n\n\n<p>Cr\u00e9ation&nbsp;&amp; r\u00e9alisation<br><a href=\"https:\/\/customr.fr\/\" target=\"_blank\" rel=\"noreferrer noopener\">Agence customR<\/a>, 5 quai Ja\u00ffr, 69009 Lyon<\/p>\n\n\n\n<h3 class=\"wp-block-heading\">H\u00e9bergeur<\/h3>\n\n\n\n<p>Ce site est h\u00e9berg\u00e9 par la soci\u00e9t\u00e9 IKOULA \u2013 175-177 rue d\u2019Aguesseau \u2013 92100 Boulogne Billancourt &nbsp;\u2013 France<\/p>\n\n\n\n<p>La soci\u00e9t\u00e9 CAREA Fa\u00e7ade s\u2019efforce d\u2019assurer au mieux de ses possibilit\u00e9s, l\u2019exactitude et la mise \u00e0 jour des informations diffus\u00e9es sur ce site, ainsi que l\u2019acc\u00e8s \u00e0 ces informations. Toutefois, CAREA Fa\u00e7ade d\u00e9cline toute responsabilit\u00e9 :<\/p>\n\n\n\n<ul class=\"wp-block-list\">\n<li>pour toute interruption du site ;<\/li>\n\n\n\n<li>survenance de bogues ;<\/li>\n\n\n\n<li>pour toute inexactitude ou omission portant sur des informations disponibles sur le site ;<\/li>\n\n\n\n<li>pour tout dommage r\u00e9sultant d\u2019une intrusion frauduleuse d\u2019un tiers ayant entra\u00een\u00e9 une modification des informations diffus\u00e9es sur ce site ;<\/li>\n\n\n\n<li>et plus g\u00e9n\u00e9ralement, de tout dommage direct et indirect, quelles qu\u2019en soient les causes, origines, natures ou cons\u00e9quences, en ce compris notamment, mais non exclusivement, les co\u00fbts pouvant survenir de l\u2019acquisition de biens propos\u00e9s sur le site en raison de l\u2019acc\u00e8s de quiconque au site ou de l\u2019impossibilit\u00e9 d\u2019y acc\u00e9der ou du cr\u00e9dit accord\u00e9 \u00e0 une information provenant directement ou indirectement de ce dernier.<\/li>\n<\/ul>\n\n\n\n<h3 class=\"wp-block-heading\">Protection des donn\u00e9es personnelles<\/h3>\n\n\n\n<p>La soci\u00e9t\u00e9 CAREA Fa\u00e7ade s\u2019engage \u00e0 pr\u00e9server la confidentialit\u00e9 des informations fournies en ligne par l\u2019internaute. Toute information personnelle que l\u2019internaute serait amen\u00e9 \u00e0 transmettre \u00e0 la soci\u00e9t\u00e9 CAREA Fa\u00e7ade pour l\u2019utilisation de certains services est soumise aux dispositions de la loi n\u00b078-17 Informatique et Libert\u00e9s du 06 janvier 1978. A ce titre, l\u2019internaute dispose d\u2019un droit d\u2019acc\u00e8s, de rectification et de suppression des informations personnelles le concernant qu\u2019il peut exercer \u00e0 tout moment en adressant un courrier \u00e0 l\u2019adresse suivante :<\/p>\n\n\n\n<p>Soci\u00e9t\u00e9 CAREA Fa\u00e7ade \u2013&nbsp; Protection des donn\u00e9es personnelles \u2013 23 ZAC Burospace \u2013 91 573 BI\u00c8VRES CEDEX ou par e-mail : rgpd @ carea-facade.com (retirer les 2 espaces pour rendre l\u2019adresse mail valide).<\/p>\n\n\n\n<h3 class=\"wp-block-heading\">Finalit\u00e9s de la collecte<\/h3>\n\n\n\n<p>CAREA Fa\u00e7ade est amen\u00e9 \u00e0 vous demander des informations personnelles, \u00e0 des fins de gestion administrative et commerciale et notamment :<\/p>\n\n\n\n<ul class=\"wp-block-list\">\n<li>lorsque vous vous inscrivez \u00e0 notre newsletter ;<\/li>\n\n\n\n<li>lorsque vous nous soumettez une candidature ;<\/li>\n\n\n\n<li>lorsque vous participez \u00e0 un jeu, \u00e0 un concours, ou \u00e0 un sondage.<\/li>\n\n\n\n<li>lorsque vous proc\u00e9dez \u00e0 un contact via l\u2019un de nos formulaires.<\/li>\n<\/ul>\n\n\n\n<p>Conform\u00e9ment aux obligations l\u00e9gales nous conservons ces donn\u00e9es selon des dur\u00e9es limit\u00e9es dans le temps proportionnelles aux finalit\u00e9s pour lesquelles vous nous les avez communiqu\u00e9es. Ainsi, les donn\u00e9es communiqu\u00e9es dans le cadre de l\u2019inscription \u00e0 la newsletter seront conserv\u00e9es jusqu\u2019\u00e0 d\u00e9sinscription de l\u2019internaute. S\u2019agissant des donn\u00e9es communiqu\u00e9es pour toute commande en ligne, leur conservation n\u2019exc\u00e8dera pas 5 ans.<\/p>\n\n\n\n<p>Les donn\u00e9es collect\u00e9es le sont \u00e0 l\u2019usage exclusif de CAREA Fa\u00e7ade.<\/p>\n\n\n\n<h3 class=\"wp-block-heading\">Droits de propri\u00e9t\u00e9 intellectuelle<\/h3>\n\n\n\n<p>Tous les \u00e9l\u00e9ments pr\u00e9sents sur le site et le site en lui-m\u00eame sont prot\u00e9g\u00e9s par le droit d\u2019auteur, droit des marques, des dessins et mod\u00e8les et\/ou toute autre loi en vigueur. Ces \u00e9l\u00e9ments appartiennent \u00e0 la soci\u00e9t\u00e9 CAREA Fa\u00e7ade ou bien sont utilis\u00e9s avec l\u2019accord de tiers ayant autoris\u00e9 la soci\u00e9t\u00e9 CAREA Fa\u00e7ade \u00e0 les exploiter. Ils ne peuvent \u00eatre utilis\u00e9s qu\u2019\u00e0 des fins priv\u00e9es, personnelles et non commerciales. Leur utilisation doit en outre se faire dans le respect des \u00e9l\u00e9ments reproduits. Ainsi, aucune modification ni alt\u00e9ration d\u2019aucune sorte ne peut leur \u00eatre apport\u00e9e. Toute utilisation \u00e0 des fins autres que celles \u00e9num\u00e9r\u00e9es ci-dessus doit se faire avec l\u2019autorisation pr\u00e9alable et \u00e9crite de la soci\u00e9t\u00e9 Carea Fa\u00e7ade. L\u2019utilisation du contenu du site en contravention avec ces prescriptions vaut contrefa\u00e7on au sens du Code de la propri\u00e9t\u00e9 intellectuelle.<\/p>\n\n\n\n<h3 class=\"wp-block-heading\">Liens<\/h3>\n\n\n\n<p>Ce site peut contenir des liens vers d\u2019autres sites web. Dans la mesure o\u00f9 la soci\u00e9t\u00e9 CAREA Fa\u00e7ade ne peut contr\u00f4ler ces sites et ces sources externes, elle ne peut \u00eatre tenue pour responsable des probl\u00e8mes d\u2019acc\u00e8s ou de contenu de ces sites. Par ailleurs, la soci\u00e9t\u00e9 CAREA Fa\u00e7ade se r\u00e9serve le droit d\u2019autoriser tout type de lien hypertexte simple ou profond et de r\u00e9f\u00e9rencement.<\/p>\n<\/div>\n<\/div>\n","protected":false},"excerpt":{"rendered":"<p>Mentions l\u00e9gales \u00c9diteurs Le pr\u00e9sent site&nbsp;carea-facade.com\/fr&nbsp;est \u00e9dit\u00e9 par la soci\u00e9t\u00e9 CAREA Fa\u00e7ade SAS (SIRET n\u00b033408975200102) dont le si\u00e8ge social est sis ZA Bel-Air-de-Combr\u00e9e \u2013 Combr\u00e9e \u2013 49520 Ombr\u00e9e-d\u2019Anjou Directeur de la publication : Thierry LEVERRIER Cr\u00e9dit Cr\u00e9ation&nbsp;&amp; r\u00e9alisationAgence customR, 5 quai Ja\u00ffr, 69009 Lyon H\u00e9bergeur Ce site est h\u00e9berg\u00e9 par la soci\u00e9t\u00e9 IKOULA \u2013 175-177 [&hellip;]<\/p>\n","protected":false},"author":3,"featured_media":0,"parent":0,"menu_order":88,"comment_status":"open","ping_status":"open","template":"","meta":{"_acf_changed":false,"footnotes":""},"class_list":["post-1639","page","type-page","status-publish","hentry"],"acf":[],"yoast_head":"<!-- This site is optimized with the Yoast SEO plugin v27.5 - https:\/\/yoast.com\/product\/yoast-seo-wordpress\/ -->\n<title>Mentions l\u00e9gales - Carea facade<\/title>\n<meta name=\"robots\" content=\"noindex, follow\" \/>\n<meta property=\"og:locale\" content=\"fr_FR\" \/>\n<meta property=\"og:type\" content=\"article\" \/>\n<meta property=\"og:title\" content=\"Mentions l\u00e9gales - Carea facade\" \/>\n<meta property=\"og:description\" content=\"Mentions l\u00e9gales \u00c9diteurs Le pr\u00e9sent site&nbsp;carea-facade.com\/fr&nbsp;est \u00e9dit\u00e9 par la soci\u00e9t\u00e9 CAREA Fa\u00e7ade SAS (SIRET n\u00b033408975200102) dont le si\u00e8ge social est sis ZA Bel-Air-de-Combr\u00e9e \u2013 Combr\u00e9e \u2013 49520 Ombr\u00e9e-d\u2019Anjou Directeur de la publication : Thierry LEVERRIER Cr\u00e9dit Cr\u00e9ation&nbsp;&amp; r\u00e9alisationAgence customR, 5 quai Ja\u00ffr, 69009 Lyon H\u00e9bergeur Ce site est h\u00e9berg\u00e9 par la soci\u00e9t\u00e9 IKOULA \u2013 175-177 [&hellip;]\" \/>\n<meta property=\"og:url\" content=\"https:\/\/carea-facade.com\/fr\/mentions-legales\/\" \/>\n<meta property=\"og:site_name\" content=\"Carea facade\" \/>\n<meta property=\"article:modified_time\" content=\"2025-11-19T08:54:15+00:00\" \/>\n<meta name=\"twitter:card\" content=\"summary_large_image\" \/>\n<meta name=\"twitter:label1\" content=\"Dur\u00e9e de lecture estim\u00e9e\" \/>\n\t<meta name=\"twitter:data1\" content=\"4 minutes\" \/>\n<script type=\"application\/ld+json\" class=\"yoast-schema-graph\">{\"@context\":\"https:\\\/\\\/schema.org\",\"@graph\":[{\"@type\":\"WebPage\",\"@id\":\"https:\\\/\\\/carea-facade.com\\\/fr\\\/mentions-legales\\\/\",\"url\":\"https:\\\/\\\/carea-facade.com\\\/fr\\\/mentions-legales\\\/\",\"name\":\"Mentions l\u00e9gales - Carea facade\",\"isPartOf\":{\"@id\":\"https:\\\/\\\/carea-facade.com\\\/fr\\\/#website\"},\"datePublished\":\"2025-10-01T14:26:36+00:00\",\"dateModified\":\"2025-11-19T08:54:15+00:00\",\"breadcrumb\":{\"@id\":\"https:\\\/\\\/carea-facade.com\\\/fr\\\/mentions-legales\\\/#breadcrumb\"},\"inLanguage\":\"fr-FR\",\"potentialAction\":[{\"@type\":\"ReadAction\",\"target\":[\"https:\\\/\\\/carea-facade.com\\\/fr\\\/mentions-legales\\\/\"]}]},{\"@type\":\"BreadcrumbList\",\"@id\":\"https:\\\/\\\/carea-facade.com\\\/fr\\\/mentions-legales\\\/#breadcrumb\",\"itemListElement\":[{\"@type\":\"ListItem\",\"position\":1,\"name\":\"Accueil\",\"item\":\"https:\\\/\\\/carea-facade.com\\\/fr\\\/home\\\/\"},{\"@type\":\"ListItem\",\"position\":2,\"name\":\"Mentions l\u00e9gales\"}]},{\"@type\":\"WebSite\",\"@id\":\"https:\\\/\\\/carea-facade.com\\\/fr\\\/#website\",\"url\":\"https:\\\/\\\/carea-facade.com\\\/fr\\\/\",\"name\":\"Carea facade\",\"description\":\"\",\"publisher\":{\"@id\":\"https:\\\/\\\/carea-facade.com\\\/fr\\\/#organization\"},\"potentialAction\":[{\"@type\":\"SearchAction\",\"target\":{\"@type\":\"EntryPoint\",\"urlTemplate\":\"https:\\\/\\\/carea-facade.com\\\/fr\\\/?s={search_term_string}\"},\"query-input\":{\"@type\":\"PropertyValueSpecification\",\"valueRequired\":true,\"valueName\":\"search_term_string\"}}],\"inLanguage\":\"fr-FR\"},{\"@type\":\"Organization\",\"@id\":\"https:\\\/\\\/carea-facade.com\\\/fr\\\/#organization\",\"name\":\"Carea facade\",\"url\":\"https:\\\/\\\/carea-facade.com\\\/fr\\\/\",\"logo\":{\"@type\":\"ImageObject\",\"inLanguage\":\"fr-FR\",\"@id\":\"https:\\\/\\\/carea-facade.com\\\/fr\\\/#\\\/schema\\\/logo\\\/image\\\/\",\"url\":\"https:\\\/\\\/carea-facade.com\\\/wp-content\\\/uploads\\\/2025\\\/10\\\/logo-carea.svg\",\"contentUrl\":\"https:\\\/\\\/carea-facade.com\\\/wp-content\\\/uploads\\\/2025\\\/10\\\/logo-carea.svg\",\"width\":131,\"height\":95,\"caption\":\"Carea facade\"},\"image\":{\"@id\":\"https:\\\/\\\/carea-facade.com\\\/fr\\\/#\\\/schema\\\/logo\\\/image\\\/\"}}]}<\/script>\n<!-- \/ Yoast SEO plugin. -->","yoast_head_json":{"title":"Mentions l\u00e9gales - Carea facade","robots":{"index":"noindex","follow":"follow"},"og_locale":"fr_FR","og_type":"article","og_title":"Mentions l\u00e9gales - Carea facade","og_description":"Mentions l\u00e9gales \u00c9diteurs Le pr\u00e9sent site&nbsp;carea-facade.com\/fr&nbsp;est \u00e9dit\u00e9 par la soci\u00e9t\u00e9 CAREA Fa\u00e7ade SAS (SIRET n\u00b033408975200102) dont le si\u00e8ge social est sis ZA Bel-Air-de-Combr\u00e9e \u2013 Combr\u00e9e \u2013 49520 Ombr\u00e9e-d\u2019Anjou Directeur de la publication : Thierry LEVERRIER Cr\u00e9dit Cr\u00e9ation&nbsp;&amp; r\u00e9alisationAgence customR, 5 quai Ja\u00ffr, 69009 Lyon H\u00e9bergeur Ce site est h\u00e9berg\u00e9 par la soci\u00e9t\u00e9 IKOULA \u2013 175-177 [&hellip;]","og_url":"https:\/\/carea-facade.com\/fr\/mentions-legales\/","og_site_name":"Carea facade","article_modified_time":"2025-11-19T08:54:15+00:00","twitter_card":"summary_large_image","twitter_misc":{"Dur\u00e9e de lecture estim\u00e9e":"4 minutes"},"schema":{"@context":"https:\/\/schema.org","@graph":[{"@type":"WebPage","@id":"https:\/\/carea-facade.com\/fr\/mentions-legales\/","url":"https:\/\/carea-facade.com\/fr\/mentions-legales\/","name":"Mentions l\u00e9gales - Carea facade","isPartOf":{"@id":"https:\/\/carea-facade.com\/fr\/#website"},"datePublished":"2025-10-01T14:26:36+00:00","dateModified":"2025-11-19T08:54:15+00:00","breadcrumb":{"@id":"https:\/\/carea-facade.com\/fr\/mentions-legales\/#breadcrumb"},"inLanguage":"fr-FR","potentialAction":[{"@type":"ReadAction","target":["https:\/\/carea-facade.com\/fr\/mentions-legales\/"]}]},{"@type":"BreadcrumbList","@id":"https:\/\/carea-facade.com\/fr\/mentions-legales\/#breadcrumb","itemListElement":[{"@type":"ListItem","position":1,"name":"Accueil","item":"https:\/\/carea-facade.com\/fr\/home\/"},{"@type":"ListItem","position":2,"name":"Mentions l\u00e9gales"}]},{"@type":"WebSite","@id":"https:\/\/carea-facade.com\/fr\/#website","url":"https:\/\/carea-facade.com\/fr\/","name":"Carea facade","description":"","publisher":{"@id":"https:\/\/carea-facade.com\/fr\/#organization"},"potentialAction":[{"@type":"SearchAction","target":{"@type":"EntryPoint","urlTemplate":"https:\/\/carea-facade.com\/fr\/?s={search_term_string}"},"query-input":{"@type":"PropertyValueSpecification","valueRequired":true,"valueName":"search_term_string"}}],"inLanguage":"fr-FR"},{"@type":"Organization","@id":"https:\/\/carea-facade.com\/fr\/#organization","name":"Carea facade","url":"https:\/\/carea-facade.com\/fr\/","logo":{"@type":"ImageObject","inLanguage":"fr-FR","@id":"https:\/\/carea-facade.com\/fr\/#\/schema\/logo\/image\/","url":"https:\/\/carea-facade.com\/wp-content\/uploads\/2025\/10\/logo-carea.svg","contentUrl":"https:\/\/carea-facade.com\/wp-content\/uploads\/2025\/10\/logo-carea.svg","width":131,"height":95,"caption":"Carea facade"},"image":{"@id":"https:\/\/carea-facade.com\/fr\/#\/schema\/logo\/image\/"}}]}},"_links":{"self":[{"href":"https:\/\/carea-facade.com\/fr\/wp-json\/wp\/v2\/pages\/1639","targetHints":{"allow":["GET"]}}],"collection":[{"href":"https:\/\/carea-facade.com\/fr\/wp-json\/wp\/v2\/pages"}],"about":[{"href":"https:\/\/carea-facade.com\/fr\/wp-json\/wp\/v2\/types\/page"}],"author":[{"embeddable":true,"href":"https:\/\/carea-facade.com\/fr\/wp-json\/wp\/v2\/users\/3"}],"replies":[{"embeddable":true,"href":"https:\/\/carea-facade.com\/fr\/wp-json\/wp\/v2\/comments?post=1639"}],"version-history":[{"count":8,"href":"https:\/\/carea-facade.com\/fr\/wp-json\/wp\/v2\/pages\/1639\/revisions"}],"predecessor-version":[{"id":22783,"href":"https:\/\/carea-facade.com\/fr\/wp-json\/wp\/v2\/pages\/1639\/revisions\/22783"}],"wp:attachment":[{"href":"https:\/\/carea-facade.com\/fr\/wp-json\/wp\/v2\/media?parent=1639"}],"curies":[{"name":"wp","href":"https:\/\/api.w.org\/{rel}","templated":true}]}}