{"id":1643,"date":"2025-10-01T16:26:37","date_gmt":"2025-10-01T14:26:37","guid":{"rendered":"https:\/\/wa-test-plugin.local\/?page_id=1643"},"modified":"2026-02-12T12:11:03","modified_gmt":"2026-02-12T11:11:03","slug":"travailler-pour-nous","status":"publish","type":"page","link":"https:\/\/carea-facade.com\/fr\/le-groupe-carea\/travailler-pour-nous\/","title":{"rendered":"Travailler pour nous"},"content":{"rendered":"\n<div class=\"wp-block-group has-global-padding is-layout-constrained wp-container-core-group-is-layout-3bb13389 wp-block-group-is-layout-constrained\" style=\"padding-top:var(--wp--preset--spacing--theme-default);padding-right:var(--wp--preset--spacing--theme-xs);padding-bottom:var(--wp--preset--spacing--theme-default);padding-left:var(--wp--preset--spacing--theme-xs)\">\n<div class=\"wp-block-group content-content-group is-vertical is-layout-flex wp-container-core-group-is-layout-d309df8e wp-block-group-is-layout-flex\">\n<h1 class=\"wp-block-heading has-text-align-left has-black-color has-text-color\" style=\"margin-bottom:40px;font-style:normal;font-weight:500;text-transform:uppercase\">Travailler pour nous<\/h1>\n\n\n\n<p>Rejoindre CAREA<sup>\u00ae<\/sup>, c\u2019est int\u00e9grer une entreprise industrielle fran\u00e7aise qui fa\u00e7onne depuis plus de 40 ans un mat\u00e9riau unique \u2014 le Min\u00e9ral Composite CAREA<sup>\u00ae<\/sup> \u2014 pour imaginer des solutions durables et esth\u00e9tiques, de la fa\u00e7ade aux espaces sanitaires.<\/p>\n\n\n\n<h3 class=\"wp-block-heading\">Un groupe engag\u00e9 et innovant<\/h3>\n\n\n\n<p>Chez CAREA<sup>\u00ae<\/sup>, nous croyons \u00e0 la force du collectif et \u00e0 la richesse des savoir-faire. Chaque collaborateur contribue \u00e0 faire vivre une aventure industrielle fond\u00e9e sur la qualit\u00e9, l\u2019innovation et le respect de l\u2019environnement. Nos \u00e9quipes s\u2019impliquent au quotidien pour concevoir, produire et promouvoir des solutions toujours plus performantes, au service de nos clients et de la transition du secteur du b\u00e2timent.<\/p>\n\n\n\n<h3 class=\"wp-block-heading\">Des m\u00e9tiers vari\u00e9s, un m\u00eame esprit<\/h3>\n\n\n\n<p>Que vous soyez technicien, commercial, designer, ing\u00e9nieur ou op\u00e9rateur, rejoindre CAREA<sup>\u00ae<\/sup>, c\u2019est participer \u00e0 un projet d\u2019entreprise qui valorise les comp\u00e9tences, l\u2019initiative et le d\u00e9veloppement professionnel. Nos m\u00e9tiers s\u2019exercent au sein d\u2019environnements dynamiques \u2014 de la production \u00e0 la prescription \u2014 dans une ambiance de travail conviviale et exigeante \u00e0 la fois.<\/p>\n\n\n\n<h3 class=\"wp-block-heading\">Envie de faire partie de l\u2019aventure CAREA<sup>\u00ae<\/sup> ?<\/h3>\n\n\n\n<p>D\u00e9couvrez nos opportunit\u00e9s et rejoignez une entreprise qui innove au c\u0153ur des mat\u00e9riaux !<\/p>\n\n\n\n<div class=\"wp-block-buttons is-layout-flex wp-block-buttons-is-layout-flex\">\n<div class=\"wp-block-button\"><a class=\"wp-block-button__link wp-element-button\" href=\"https:\/\/www.linkedin.com\/company\/carea---mineral-composite\/jobs\/\">Consultez nos offres d\u2019emploi sur LinkedIn<\/a><\/div>\n<\/div>\n<\/div>\n<\/div>\n","protected":false},"excerpt":{"rendered":"<p>Travailler pour nous Rejoindre CAREA\u00ae, c\u2019est int\u00e9grer une entreprise industrielle fran\u00e7aise qui fa\u00e7onne depuis plus de 40 ans un mat\u00e9riau unique \u2014 le Min\u00e9ral Composite CAREA\u00ae \u2014 pour imaginer des solutions durables et esth\u00e9tiques, de la fa\u00e7ade aux espaces sanitaires. Un groupe engag\u00e9 et innovant Chez CAREA\u00ae, nous croyons \u00e0 la force du collectif et [&hellip;]<\/p>\n","protected":false},"author":3,"featured_media":0,"parent":2094,"menu_order":2,"comment_status":"closed","ping_status":"closed","template":"","meta":{"_acf_changed":false,"footnotes":""},"class_list":["post-1643","page","type-page","status-publish","hentry"],"acf":[],"yoast_head":"<!-- This site is optimized with the Yoast SEO plugin v27.5 - https:\/\/yoast.com\/product\/yoast-seo-wordpress\/ -->\n<title>Recrutement CAREA Fa\u00e7ade - Candidature Offres d&#039;emplois<\/title>\n<meta name=\"description\" content=\"CAREA Fa\u00e7ade : rejoignez un acteur majeur des solutions de fa\u00e7ades architecturales. Postulez en ligne et int\u00e9grez une entreprise innovante, engag\u00e9e et en pleine croissance.\" \/>\n<meta name=\"robots\" content=\"index, follow, max-snippet:-1, max-image-preview:large, max-video-preview:-1\" \/>\n<link rel=\"canonical\" href=\"https:\/\/carea-facade.com\/fr\/le-groupe-carea\/travailler-pour-nous\/\" \/>\n<meta property=\"og:locale\" content=\"fr_FR\" \/>\n<meta property=\"og:type\" content=\"article\" \/>\n<meta property=\"og:title\" content=\"Recrutement CAREA Fa\u00e7ade - Candidature Offres d&#039;emplois\" \/>\n<meta property=\"og:description\" content=\"CAREA Fa\u00e7ade : rejoignez un acteur majeur des solutions de fa\u00e7ades architecturales. Postulez en ligne et int\u00e9grez une entreprise innovante, engag\u00e9e et en pleine croissance.\" \/>\n<meta property=\"og:url\" content=\"https:\/\/carea-facade.com\/fr\/le-groupe-carea\/travailler-pour-nous\/\" \/>\n<meta property=\"og:site_name\" content=\"Carea facade\" \/>\n<meta property=\"article:modified_time\" content=\"2026-02-12T11:11:03+00:00\" \/>\n<meta name=\"twitter:card\" content=\"summary_large_image\" \/>\n<meta name=\"twitter:label1\" content=\"Dur\u00e9e de lecture estim\u00e9e\" \/>\n\t<meta name=\"twitter:data1\" content=\"1 minute\" \/>\n<script type=\"application\/ld+json\" class=\"yoast-schema-graph\">{\"@context\":\"https:\\\/\\\/schema.org\",\"@graph\":[{\"@type\":\"WebPage\",\"@id\":\"https:\\\/\\\/carea-facade.com\\\/fr\\\/le-groupe-carea\\\/travailler-pour-nous\\\/\",\"url\":\"https:\\\/\\\/carea-facade.com\\\/fr\\\/le-groupe-carea\\\/travailler-pour-nous\\\/\",\"name\":\"Recrutement CAREA Fa\u00e7ade - Candidature Offres d'emplois\",\"isPartOf\":{\"@id\":\"https:\\\/\\\/carea-facade.com\\\/fr\\\/#website\"},\"datePublished\":\"2025-10-01T14:26:37+00:00\",\"dateModified\":\"2026-02-12T11:11:03+00:00\",\"description\":\"CAREA Fa\u00e7ade : rejoignez un acteur majeur des solutions de fa\u00e7ades architecturales. Postulez en ligne et int\u00e9grez une entreprise innovante, engag\u00e9e et en pleine croissance.\",\"breadcrumb\":{\"@id\":\"https:\\\/\\\/carea-facade.com\\\/fr\\\/le-groupe-carea\\\/travailler-pour-nous\\\/#breadcrumb\"},\"inLanguage\":\"fr-FR\",\"potentialAction\":[{\"@type\":\"ReadAction\",\"target\":[\"https:\\\/\\\/carea-facade.com\\\/fr\\\/le-groupe-carea\\\/travailler-pour-nous\\\/\"]}]},{\"@type\":\"BreadcrumbList\",\"@id\":\"https:\\\/\\\/carea-facade.com\\\/fr\\\/le-groupe-carea\\\/travailler-pour-nous\\\/#breadcrumb\",\"itemListElement\":[{\"@type\":\"ListItem\",\"position\":1,\"name\":\"Accueil\",\"item\":\"https:\\\/\\\/carea-facade.com\\\/fr\\\/home\\\/\"},{\"@type\":\"ListItem\",\"position\":2,\"name\":\"Le groupe CAREA\u00ae\",\"item\":\"https:\\\/\\\/carea-facade.com\\\/fr\\\/le-groupe-carea\\\/\"},{\"@type\":\"ListItem\",\"position\":3,\"name\":\"Travailler pour nous\"}]},{\"@type\":\"WebSite\",\"@id\":\"https:\\\/\\\/carea-facade.com\\\/fr\\\/#website\",\"url\":\"https:\\\/\\\/carea-facade.com\\\/fr\\\/\",\"name\":\"Carea facade\",\"description\":\"\",\"publisher\":{\"@id\":\"https:\\\/\\\/carea-facade.com\\\/fr\\\/#organization\"},\"potentialAction\":[{\"@type\":\"SearchAction\",\"target\":{\"@type\":\"EntryPoint\",\"urlTemplate\":\"https:\\\/\\\/carea-facade.com\\\/fr\\\/?s={search_term_string}\"},\"query-input\":{\"@type\":\"PropertyValueSpecification\",\"valueRequired\":true,\"valueName\":\"search_term_string\"}}],\"inLanguage\":\"fr-FR\"},{\"@type\":\"Organization\",\"@id\":\"https:\\\/\\\/carea-facade.com\\\/fr\\\/#organization\",\"name\":\"Carea facade\",\"url\":\"https:\\\/\\\/carea-facade.com\\\/fr\\\/\",\"logo\":{\"@type\":\"ImageObject\",\"inLanguage\":\"fr-FR\",\"@id\":\"https:\\\/\\\/carea-facade.com\\\/fr\\\/#\\\/schema\\\/logo\\\/image\\\/\",\"url\":\"https:\\\/\\\/carea-facade.com\\\/wp-content\\\/uploads\\\/2025\\\/10\\\/logo-carea.svg\",\"contentUrl\":\"https:\\\/\\\/carea-facade.com\\\/wp-content\\\/uploads\\\/2025\\\/10\\\/logo-carea.svg\",\"width\":131,\"height\":95,\"caption\":\"Carea facade\"},\"image\":{\"@id\":\"https:\\\/\\\/carea-facade.com\\\/fr\\\/#\\\/schema\\\/logo\\\/image\\\/\"}}]}<\/script>\n<!-- \/ Yoast SEO plugin. -->","yoast_head_json":{"title":"Recrutement CAREA Fa\u00e7ade - Candidature Offres d'emplois","description":"CAREA Fa\u00e7ade : rejoignez un acteur majeur des solutions de fa\u00e7ades architecturales. Postulez en ligne et int\u00e9grez une entreprise innovante, engag\u00e9e et en pleine croissance.","robots":{"index":"index","follow":"follow","max-snippet":"max-snippet:-1","max-image-preview":"max-image-preview:large","max-video-preview":"max-video-preview:-1"},"canonical":"https:\/\/carea-facade.com\/fr\/le-groupe-carea\/travailler-pour-nous\/","og_locale":"fr_FR","og_type":"article","og_title":"Recrutement CAREA Fa\u00e7ade - Candidature Offres d'emplois","og_description":"CAREA Fa\u00e7ade : rejoignez un acteur majeur des solutions de fa\u00e7ades architecturales. Postulez en ligne et int\u00e9grez une entreprise innovante, engag\u00e9e et en pleine croissance.","og_url":"https:\/\/carea-facade.com\/fr\/le-groupe-carea\/travailler-pour-nous\/","og_site_name":"Carea facade","article_modified_time":"2026-02-12T11:11:03+00:00","twitter_card":"summary_large_image","twitter_misc":{"Dur\u00e9e de lecture estim\u00e9e":"1 minute"},"schema":{"@context":"https:\/\/schema.org","@graph":[{"@type":"WebPage","@id":"https:\/\/carea-facade.com\/fr\/le-groupe-carea\/travailler-pour-nous\/","url":"https:\/\/carea-facade.com\/fr\/le-groupe-carea\/travailler-pour-nous\/","name":"Recrutement CAREA Fa\u00e7ade - Candidature Offres d'emplois","isPartOf":{"@id":"https:\/\/carea-facade.com\/fr\/#website"},"datePublished":"2025-10-01T14:26:37+00:00","dateModified":"2026-02-12T11:11:03+00:00","description":"CAREA Fa\u00e7ade : rejoignez un acteur majeur des solutions de fa\u00e7ades architecturales. Postulez en ligne et int\u00e9grez une entreprise innovante, engag\u00e9e et en pleine croissance.","breadcrumb":{"@id":"https:\/\/carea-facade.com\/fr\/le-groupe-carea\/travailler-pour-nous\/#breadcrumb"},"inLanguage":"fr-FR","potentialAction":[{"@type":"ReadAction","target":["https:\/\/carea-facade.com\/fr\/le-groupe-carea\/travailler-pour-nous\/"]}]},{"@type":"BreadcrumbList","@id":"https:\/\/carea-facade.com\/fr\/le-groupe-carea\/travailler-pour-nous\/#breadcrumb","itemListElement":[{"@type":"ListItem","position":1,"name":"Accueil","item":"https:\/\/carea-facade.com\/fr\/home\/"},{"@type":"ListItem","position":2,"name":"Le groupe CAREA\u00ae","item":"https:\/\/carea-facade.com\/fr\/le-groupe-carea\/"},{"@type":"ListItem","position":3,"name":"Travailler pour nous"}]},{"@type":"WebSite","@id":"https:\/\/carea-facade.com\/fr\/#website","url":"https:\/\/carea-facade.com\/fr\/","name":"Carea facade","description":"","publisher":{"@id":"https:\/\/carea-facade.com\/fr\/#organization"},"potentialAction":[{"@type":"SearchAction","target":{"@type":"EntryPoint","urlTemplate":"https:\/\/carea-facade.com\/fr\/?s={search_term_string}"},"query-input":{"@type":"PropertyValueSpecification","valueRequired":true,"valueName":"search_term_string"}}],"inLanguage":"fr-FR"},{"@type":"Organization","@id":"https:\/\/carea-facade.com\/fr\/#organization","name":"Carea facade","url":"https:\/\/carea-facade.com\/fr\/","logo":{"@type":"ImageObject","inLanguage":"fr-FR","@id":"https:\/\/carea-facade.com\/fr\/#\/schema\/logo\/image\/","url":"https:\/\/carea-facade.com\/wp-content\/uploads\/2025\/10\/logo-carea.svg","contentUrl":"https:\/\/carea-facade.com\/wp-content\/uploads\/2025\/10\/logo-carea.svg","width":131,"height":95,"caption":"Carea facade"},"image":{"@id":"https:\/\/carea-facade.com\/fr\/#\/schema\/logo\/image\/"}}]}},"_links":{"self":[{"href":"https:\/\/carea-facade.com\/fr\/wp-json\/wp\/v2\/pages\/1643","targetHints":{"allow":["GET"]}}],"collection":[{"href":"https:\/\/carea-facade.com\/fr\/wp-json\/wp\/v2\/pages"}],"about":[{"href":"https:\/\/carea-facade.com\/fr\/wp-json\/wp\/v2\/types\/page"}],"author":[{"embeddable":true,"href":"https:\/\/carea-facade.com\/fr\/wp-json\/wp\/v2\/users\/3"}],"replies":[{"embeddable":true,"href":"https:\/\/carea-facade.com\/fr\/wp-json\/wp\/v2\/comments?post=1643"}],"version-history":[{"count":12,"href":"https:\/\/carea-facade.com\/fr\/wp-json\/wp\/v2\/pages\/1643\/revisions"}],"predecessor-version":[{"id":23550,"href":"https:\/\/carea-facade.com\/fr\/wp-json\/wp\/v2\/pages\/1643\/revisions\/23550"}],"up":[{"embeddable":true,"href":"https:\/\/carea-facade.com\/fr\/wp-json\/wp\/v2\/pages\/2094"}],"wp:attachment":[{"href":"https:\/\/carea-facade.com\/fr\/wp-json\/wp\/v2\/media?parent=1643"}],"curies":[{"name":"wp","href":"https:\/\/api.w.org\/{rel}","templated":true}]}}