{"id":2055,"date":"2025-10-01T16:26:36","date_gmt":"2025-10-01T14:26:36","guid":{"rendered":"https:\/\/carea-facade.com\/bardage-parement-facade-mineral-composite\/"},"modified":"2026-04-01T12:40:05","modified_gmt":"2026-04-01T10:40:05","slug":"bardage-parement-facade-mineral","status":"publish","type":"page","link":"https:\/\/carea-facade.com\/fr\/engagement-environnemental\/bardage-parement-facade-mineral\/","title":{"rendered":"Le Min\u00e9ral\u00a0: un mat\u00e9riau \u00e0 la hauteur des enjeux de notre \u00e9poque"},"content":{"rendered":"\n<div class=\"wp-block-group has-global-padding is-layout-constrained wp-container-core-group-is-layout-3bb13389 wp-block-group-is-layout-constrained\" style=\"padding-top:var(--wp--preset--spacing--theme-default);padding-right:var(--wp--preset--spacing--theme-xs);padding-bottom:var(--wp--preset--spacing--theme-default);padding-left:var(--wp--preset--spacing--theme-xs)\">\n<div class=\"wp-block-group content-content-group is-vertical is-layout-flex wp-container-core-group-is-layout-d309df8e wp-block-group-is-layout-flex\">\n<div class=\"wp-block-group has-global-padding is-layout-constrained wp-container-core-group-is-layout-5c2758c5 wp-block-group-is-layout-constrained\">\n<h1 class=\"wp-block-heading has-text-align-left has-black-color has-text-color\" style=\"font-style:normal;font-weight:500;text-transform:uppercase\">Mat\u00e9riau g\u00e9o-sourc\u00e9&nbsp;: origine min\u00e9rale garantie<\/h1>\n\n\n\n<p>by CAREA<sup>\u00ae<\/sup><\/p>\n<\/div>\n\n\n\n<figure class=\"wp-block-image aligncenter size-full\"><img loading=\"lazy\" decoding=\"async\" width=\"864\" height=\"393\" src=\"https:\/\/carea-facade.com\/wp-content\/uploads\/2026\/01\/Materiau-geo-source-origine-minerale-garantie.svg\" alt=\"Mat\u00e9riau g\u00e9o sourc\u00e9\u00a0origine min\u00e9rale garantie\" class=\"wp-image-23324\"\/><\/figure>\n\n\n\n<h2 class=\"wp-block-heading\">Le Min\u00e9ral\u00a0: un mat\u00e9riau \u00e0 la hauteur des<br>enjeux de notre \u00e9poque<\/h2>\n\n\n\n<p>Utilis\u00e9 dans le secteur du b\u00e2timent depuis pr\u00e8s de 40 ans, le Min\u00e9ral CAREA<sup>\u00ae<\/sup> est un mat\u00e9riau compos\u00e9 de plus de 90 % de charges min\u00e9rales naturelles g\u00e9osourc\u00e9es \u00e0 proximit\u00e9 des sites de production. Cr\u00e9\u00e9 par le laboratoire de Recherche et D\u00e9veloppement CAREA<sup>\u00ae<\/sup>, ce mat\u00e9riau est unique et offre de multiples solutions au service de la cr\u00e9ativit\u00e9 des architectes pour tous leurs projets de fa\u00e7ade.<\/p>\n\n\n\n<p>D\u00fb \u00e0 sa haute teneur en charges min\u00e9rales, notre mat\u00e9riau Min\u00e9ral CAREA<sup>\u00ae<\/sup> offre des qualit\u00e9s de haute r\u00e9sistance et de p\u00e9rennit\u00e9 pour un minimum d\u2019entretien. Du choix de la texture aux couleurs ou aux formats\u2026 toutes les combinaisons sont possibles, avec la certitude de b\u00e9n\u00e9ficier d\u2019un mat\u00e9riau exclusif, reconnu pour ses grandes qualit\u00e9s techniques.<\/p>\n\n\n\n<ul class=\"wp-block-list\">\n<li>Une conception et une fabrication 100% fran\u00e7aise par le groupe CAREA<sup>\u00ae<\/sup>.<br><\/li>\n\n\n\n<li>Une large gamme de produits et d\u2019aspects : des standards jusqu\u2019aux produits les plus techniques ou particuliers.<br><\/li>\n\n\n\n<li>De la cr\u00e9ativit\u00e9 dans l\u2019offre CAREA<sup>\u00ae<\/sup>, en 2D comme en 3D.<br><\/li>\n\n\n\n<li>Des laboratoires de Recherche et D\u00e9veloppement (R&amp;D) int\u00e9gr\u00e9s permettent l\u2019am\u00e9lioration constante de notre mat\u00e9riau.<br><\/li>\n\n\n\n<li>Un contr\u00f4le qualit\u00e9 continu, depuis la s\u00e9lection des min\u00e9raux jusqu\u2019\u00e0 la commercialisation de nos produits, pour une qualit\u00e9 irr\u00e9prochable.<br><\/li>\n\n\n\n<li>Un mat\u00e9riau au service de la technique : <br>le Mineral CAREA<sup>\u00ae<\/sup>&nbsp;se met en \u0153uvre sur les syst\u00e8mes de pose avec ossature (BAO) ou sans ossature (BSO) ainsi que sur tous les supports (b\u00e9ton, ma\u00e7onnerie, m\u00e9tal, bois).<br><\/li>\n\n\n\n<li>Nos produits de fa\u00e7ade b\u00e9n\u00e9ficient tous d\u2019une Fiche de D\u00e9claration Environnementale et Sanitaire (FDES) que vous pouvez t\u00e9l\u00e9charger ici ou sur la base de l\u2019INIES.<br><\/li>\n<\/ul>\n\n\n\n<p><strong>Vous avez un chantier en CAREA \u00e0 recycler ?&nbsp;<\/strong><\/p>\n\n\n\n<div class=\"wp-block-buttons is-layout-flex wp-block-buttons-is-layout-flex\">\n<div class=\"wp-block-button\"><a class=\"wp-block-button__link wp-element-button\" href=\"https:\/\/carea-facade.com\/fr\/contact\/\">contactez-nous<\/a><\/div>\n<\/div>\n\n\n\n<h2 class=\"wp-block-heading\">Notre engagement environnemental<\/h2>\n\n\n\n<figure class=\"wp-block-image aligncenter size-full\"><img loading=\"lazy\" decoding=\"async\" width=\"800\" height=\"320\" src=\"https:\/\/carea-facade.com\/wp-content\/uploads\/2025\/09\/image-24.png\" alt=\"\" class=\"wp-image-1889\" srcset=\"https:\/\/carea-facade.com\/wp-content\/uploads\/2025\/09\/image-24.png 800w, https:\/\/carea-facade.com\/wp-content\/uploads\/2025\/09\/image-24-300x120.png 300w, https:\/\/carea-facade.com\/wp-content\/uploads\/2025\/09\/image-24-768x307.png 768w\" sizes=\"auto, (max-width: 800px) 100vw, 800px\" \/><\/figure>\n\n\n\n<div class=\"wp-block-buttons is-layout-flex wp-block-buttons-is-layout-flex\">\n<div class=\"wp-block-button\"><a class=\"wp-block-button__link wp-element-button\" href=\"https:\/\/carea-facade.com\/fr\/engagement-environnemental\/\">Tous nos engagements environnementaux<\/a><\/div>\n<\/div>\n\n\n\n<h2 class=\"wp-block-heading\">Made in Innovation<\/h2>\n\n\n\n<p>Derri\u00e8re le nom CAREA\u00ae&nbsp;se cache un groupe 100% fran\u00e7ais, ind\u00e9pendant, \u00ab agitateur d\u2019id\u00e9es et de cr\u00e9ativit\u00e9 \u00bb. Cette envie de vivre l\u2019innovation au quotidien, fait partie de notre ADN, au m\u00eame titre que la qualit\u00e9 de nos solutions \u00e9co-vertueuses.<\/p>\n\n\n\n<p><br>Depuis notre cr\u00e9ation, nous avons \u00e0 c\u0153ur de proposer des produits d\u2019excellence, de fabrication fran\u00e7aise et toujours plus innovants. Cette culture de l\u2019innovation, nous la cultivons chaque jour au sein de notre laboratoire de Recherche &amp; D\u00e9veloppement, terrain d\u2019expression privil\u00e9gi\u00e9 pour optimiser les qualit\u00e9s techniques et esth\u00e9tiques de nos produits.<\/p>\n\n\n\n<figure class=\"wp-block-image alignwide size-full\"><img loading=\"lazy\" decoding=\"async\" width=\"864\" height=\"478\" src=\"https:\/\/carea-facade.com\/wp-content\/uploads\/2025\/09\/DSCF6117-1096x606-1-2.png\" alt=\"\" class=\"wp-image-1906\" srcset=\"https:\/\/carea-facade.com\/wp-content\/uploads\/2025\/09\/DSCF6117-1096x606-1-2.png 864w, https:\/\/carea-facade.com\/wp-content\/uploads\/2025\/09\/DSCF6117-1096x606-1-2-300x166.png 300w, https:\/\/carea-facade.com\/wp-content\/uploads\/2025\/09\/DSCF6117-1096x606-1-2-768x425.png 768w\" sizes=\"auto, (max-width: 864px) 100vw, 864px\" \/><\/figure>\n<\/div>\n<\/div>\n","protected":false},"excerpt":{"rendered":"<p>Mat\u00e9riau g\u00e9o-sourc\u00e9&nbsp;: origine min\u00e9rale garantie by CAREA\u00ae Le Min\u00e9ral\u00a0: un mat\u00e9riau \u00e0 la hauteur desenjeux de notre \u00e9poque Utilis\u00e9 dans le secteur du b\u00e2timent depuis pr\u00e8s de 40 ans, le Min\u00e9ral CAREA\u00ae est un mat\u00e9riau compos\u00e9 de plus de 90 % de charges min\u00e9rales naturelles g\u00e9osourc\u00e9es \u00e0 proximit\u00e9 des sites de production. Cr\u00e9\u00e9 par le [&hellip;]<\/p>\n","protected":false},"author":3,"featured_media":2056,"parent":282,"menu_order":1,"comment_status":"open","ping_status":"closed","template":"","meta":{"_acf_changed":false,"footnotes":""},"class_list":["post-2055","page","type-page","status-publish","has-post-thumbnail","hentry"],"acf":[],"yoast_head":"<!-- This site is optimized with the Yoast SEO plugin v27.5 - https:\/\/yoast.com\/product\/yoast-seo-wordpress\/ -->\n<title>Parement de fa\u00e7ade en Min\u00e9ral - Bardage avec ou sans Ossature (BAO, BSO)<\/title>\n<meta name=\"description\" content=\"CAREA FACADE - Performance et esth\u00e9tique pour les Architectes et Ma\u00eetres d\u2019\u0153uvre : le mat\u00e9riau Min\u00e9ral. Parements et Bardage : demandez notre BOX.\" \/>\n<meta name=\"robots\" content=\"index, follow, max-snippet:-1, max-image-preview:large, max-video-preview:-1\" \/>\n<link rel=\"canonical\" href=\"https:\/\/carea-facade.com\/fr\/engagement-environnemental\/bardage-parement-facade-mineral\/\" \/>\n<meta property=\"og:locale\" content=\"fr_FR\" \/>\n<meta property=\"og:type\" content=\"article\" \/>\n<meta property=\"og:title\" content=\"Parement de fa\u00e7ade en Min\u00e9ral - Bardage avec ou sans Ossature (BAO, BSO)\" \/>\n<meta property=\"og:description\" content=\"CAREA FACADE - Performance et esth\u00e9tique pour les Architectes et Ma\u00eetres d\u2019\u0153uvre : le mat\u00e9riau Min\u00e9ral. Parements et Bardage : demandez notre BOX.\" \/>\n<meta property=\"og:url\" content=\"https:\/\/carea-facade.com\/fr\/engagement-environnemental\/bardage-parement-facade-mineral\/\" \/>\n<meta property=\"og:site_name\" content=\"Carea facade\" \/>\n<meta property=\"article:modified_time\" content=\"2026-04-01T10:40:05+00:00\" \/>\n<meta property=\"og:image\" content=\"https:\/\/carea-facade.com\/wp-content\/uploads\/2025\/09\/calque-14-1-1.png\" \/>\n\t<meta property=\"og:image:width\" content=\"1096\" \/>\n\t<meta property=\"og:image:height\" content=\"606\" \/>\n\t<meta property=\"og:image:type\" content=\"image\/png\" \/>\n<meta name=\"twitter:card\" content=\"summary_large_image\" \/>\n<meta name=\"twitter:label1\" content=\"Dur\u00e9e de lecture estim\u00e9e\" \/>\n\t<meta name=\"twitter:data1\" content=\"3 minutes\" \/>\n<script type=\"application\/ld+json\" class=\"yoast-schema-graph\">{\"@context\":\"https:\\\/\\\/schema.org\",\"@graph\":[{\"@type\":\"WebPage\",\"@id\":\"https:\\\/\\\/carea-facade.com\\\/fr\\\/engagement-environnemental\\\/bardage-parement-facade-mineral\\\/\",\"url\":\"https:\\\/\\\/carea-facade.com\\\/fr\\\/engagement-environnemental\\\/bardage-parement-facade-mineral\\\/\",\"name\":\"Parement de fa\u00e7ade en Min\u00e9ral - Bardage avec ou sans Ossature (BAO, BSO)\",\"isPartOf\":{\"@id\":\"https:\\\/\\\/carea-facade.com\\\/fr\\\/#website\"},\"primaryImageOfPage\":{\"@id\":\"https:\\\/\\\/carea-facade.com\\\/fr\\\/engagement-environnemental\\\/bardage-parement-facade-mineral\\\/#primaryimage\"},\"image\":{\"@id\":\"https:\\\/\\\/carea-facade.com\\\/fr\\\/engagement-environnemental\\\/bardage-parement-facade-mineral\\\/#primaryimage\"},\"thumbnailUrl\":\"https:\\\/\\\/carea-facade.com\\\/wp-content\\\/uploads\\\/2025\\\/09\\\/calque-14-1-1.png\",\"datePublished\":\"2025-10-01T14:26:36+00:00\",\"dateModified\":\"2026-04-01T10:40:05+00:00\",\"description\":\"CAREA FACADE - Performance et esth\u00e9tique pour les Architectes et Ma\u00eetres d\u2019\u0153uvre : le mat\u00e9riau Min\u00e9ral. Parements et Bardage : demandez notre BOX.\",\"breadcrumb\":{\"@id\":\"https:\\\/\\\/carea-facade.com\\\/fr\\\/engagement-environnemental\\\/bardage-parement-facade-mineral\\\/#breadcrumb\"},\"inLanguage\":\"fr-FR\",\"potentialAction\":[{\"@type\":\"ReadAction\",\"target\":[\"https:\\\/\\\/carea-facade.com\\\/fr\\\/engagement-environnemental\\\/bardage-parement-facade-mineral\\\/\"]}]},{\"@type\":\"ImageObject\",\"inLanguage\":\"fr-FR\",\"@id\":\"https:\\\/\\\/carea-facade.com\\\/fr\\\/engagement-environnemental\\\/bardage-parement-facade-mineral\\\/#primaryimage\",\"url\":\"https:\\\/\\\/carea-facade.com\\\/wp-content\\\/uploads\\\/2025\\\/09\\\/calque-14-1-1.png\",\"contentUrl\":\"https:\\\/\\\/carea-facade.com\\\/wp-content\\\/uploads\\\/2025\\\/09\\\/calque-14-1-1.png\",\"width\":1096,\"height\":606,\"caption\":\"calque 14 1 1\"},{\"@type\":\"BreadcrumbList\",\"@id\":\"https:\\\/\\\/carea-facade.com\\\/fr\\\/engagement-environnemental\\\/bardage-parement-facade-mineral\\\/#breadcrumb\",\"itemListElement\":[{\"@type\":\"ListItem\",\"position\":1,\"name\":\"Accueil\",\"item\":\"https:\\\/\\\/carea-facade.com\\\/fr\\\/home\\\/\"},{\"@type\":\"ListItem\",\"position\":2,\"name\":\"Engagement environnemental\",\"item\":\"https:\\\/\\\/carea-facade.com\\\/fr\\\/engagement-environnemental\\\/\"},{\"@type\":\"ListItem\",\"position\":3,\"name\":\"Le Min\u00e9ral\u00a0: un mat\u00e9riau \u00e0 la hauteur des enjeux de notre \u00e9poque\"}]},{\"@type\":\"WebSite\",\"@id\":\"https:\\\/\\\/carea-facade.com\\\/fr\\\/#website\",\"url\":\"https:\\\/\\\/carea-facade.com\\\/fr\\\/\",\"name\":\"Carea facade\",\"description\":\"\",\"publisher\":{\"@id\":\"https:\\\/\\\/carea-facade.com\\\/fr\\\/#organization\"},\"potentialAction\":[{\"@type\":\"SearchAction\",\"target\":{\"@type\":\"EntryPoint\",\"urlTemplate\":\"https:\\\/\\\/carea-facade.com\\\/fr\\\/?s={search_term_string}\"},\"query-input\":{\"@type\":\"PropertyValueSpecification\",\"valueRequired\":true,\"valueName\":\"search_term_string\"}}],\"inLanguage\":\"fr-FR\"},{\"@type\":\"Organization\",\"@id\":\"https:\\\/\\\/carea-facade.com\\\/fr\\\/#organization\",\"name\":\"Carea facade\",\"url\":\"https:\\\/\\\/carea-facade.com\\\/fr\\\/\",\"logo\":{\"@type\":\"ImageObject\",\"inLanguage\":\"fr-FR\",\"@id\":\"https:\\\/\\\/carea-facade.com\\\/fr\\\/#\\\/schema\\\/logo\\\/image\\\/\",\"url\":\"https:\\\/\\\/carea-facade.com\\\/wp-content\\\/uploads\\\/2025\\\/10\\\/logo-carea.svg\",\"contentUrl\":\"https:\\\/\\\/carea-facade.com\\\/wp-content\\\/uploads\\\/2025\\\/10\\\/logo-carea.svg\",\"width\":131,\"height\":95,\"caption\":\"Carea facade\"},\"image\":{\"@id\":\"https:\\\/\\\/carea-facade.com\\\/fr\\\/#\\\/schema\\\/logo\\\/image\\\/\"}}]}<\/script>\n<!-- \/ Yoast SEO plugin. -->","yoast_head_json":{"title":"Parement de fa\u00e7ade en Min\u00e9ral - Bardage avec ou sans Ossature (BAO, BSO)","description":"CAREA FACADE - Performance et esth\u00e9tique pour les Architectes et Ma\u00eetres d\u2019\u0153uvre : le mat\u00e9riau Min\u00e9ral. Parements et Bardage : demandez notre BOX.","robots":{"index":"index","follow":"follow","max-snippet":"max-snippet:-1","max-image-preview":"max-image-preview:large","max-video-preview":"max-video-preview:-1"},"canonical":"https:\/\/carea-facade.com\/fr\/engagement-environnemental\/bardage-parement-facade-mineral\/","og_locale":"fr_FR","og_type":"article","og_title":"Parement de fa\u00e7ade en Min\u00e9ral - Bardage avec ou sans Ossature (BAO, BSO)","og_description":"CAREA FACADE - Performance et esth\u00e9tique pour les Architectes et Ma\u00eetres d\u2019\u0153uvre : le mat\u00e9riau Min\u00e9ral. Parements et Bardage : demandez notre BOX.","og_url":"https:\/\/carea-facade.com\/fr\/engagement-environnemental\/bardage-parement-facade-mineral\/","og_site_name":"Carea facade","article_modified_time":"2026-04-01T10:40:05+00:00","og_image":[{"width":1096,"height":606,"url":"https:\/\/carea-facade.com\/wp-content\/uploads\/2025\/09\/calque-14-1-1.png","type":"image\/png"}],"twitter_card":"summary_large_image","twitter_misc":{"Dur\u00e9e de lecture estim\u00e9e":"3 minutes"},"schema":{"@context":"https:\/\/schema.org","@graph":[{"@type":"WebPage","@id":"https:\/\/carea-facade.com\/fr\/engagement-environnemental\/bardage-parement-facade-mineral\/","url":"https:\/\/carea-facade.com\/fr\/engagement-environnemental\/bardage-parement-facade-mineral\/","name":"Parement de fa\u00e7ade en Min\u00e9ral - Bardage avec ou sans Ossature (BAO, BSO)","isPartOf":{"@id":"https:\/\/carea-facade.com\/fr\/#website"},"primaryImageOfPage":{"@id":"https:\/\/carea-facade.com\/fr\/engagement-environnemental\/bardage-parement-facade-mineral\/#primaryimage"},"image":{"@id":"https:\/\/carea-facade.com\/fr\/engagement-environnemental\/bardage-parement-facade-mineral\/#primaryimage"},"thumbnailUrl":"https:\/\/carea-facade.com\/wp-content\/uploads\/2025\/09\/calque-14-1-1.png","datePublished":"2025-10-01T14:26:36+00:00","dateModified":"2026-04-01T10:40:05+00:00","description":"CAREA FACADE - Performance et esth\u00e9tique pour les Architectes et Ma\u00eetres d\u2019\u0153uvre : le mat\u00e9riau Min\u00e9ral. Parements et Bardage : demandez notre BOX.","breadcrumb":{"@id":"https:\/\/carea-facade.com\/fr\/engagement-environnemental\/bardage-parement-facade-mineral\/#breadcrumb"},"inLanguage":"fr-FR","potentialAction":[{"@type":"ReadAction","target":["https:\/\/carea-facade.com\/fr\/engagement-environnemental\/bardage-parement-facade-mineral\/"]}]},{"@type":"ImageObject","inLanguage":"fr-FR","@id":"https:\/\/carea-facade.com\/fr\/engagement-environnemental\/bardage-parement-facade-mineral\/#primaryimage","url":"https:\/\/carea-facade.com\/wp-content\/uploads\/2025\/09\/calque-14-1-1.png","contentUrl":"https:\/\/carea-facade.com\/wp-content\/uploads\/2025\/09\/calque-14-1-1.png","width":1096,"height":606,"caption":"calque 14 1 1"},{"@type":"BreadcrumbList","@id":"https:\/\/carea-facade.com\/fr\/engagement-environnemental\/bardage-parement-facade-mineral\/#breadcrumb","itemListElement":[{"@type":"ListItem","position":1,"name":"Accueil","item":"https:\/\/carea-facade.com\/fr\/home\/"},{"@type":"ListItem","position":2,"name":"Engagement environnemental","item":"https:\/\/carea-facade.com\/fr\/engagement-environnemental\/"},{"@type":"ListItem","position":3,"name":"Le Min\u00e9ral\u00a0: un mat\u00e9riau \u00e0 la hauteur des enjeux de notre \u00e9poque"}]},{"@type":"WebSite","@id":"https:\/\/carea-facade.com\/fr\/#website","url":"https:\/\/carea-facade.com\/fr\/","name":"Carea facade","description":"","publisher":{"@id":"https:\/\/carea-facade.com\/fr\/#organization"},"potentialAction":[{"@type":"SearchAction","target":{"@type":"EntryPoint","urlTemplate":"https:\/\/carea-facade.com\/fr\/?s={search_term_string}"},"query-input":{"@type":"PropertyValueSpecification","valueRequired":true,"valueName":"search_term_string"}}],"inLanguage":"fr-FR"},{"@type":"Organization","@id":"https:\/\/carea-facade.com\/fr\/#organization","name":"Carea facade","url":"https:\/\/carea-facade.com\/fr\/","logo":{"@type":"ImageObject","inLanguage":"fr-FR","@id":"https:\/\/carea-facade.com\/fr\/#\/schema\/logo\/image\/","url":"https:\/\/carea-facade.com\/wp-content\/uploads\/2025\/10\/logo-carea.svg","contentUrl":"https:\/\/carea-facade.com\/wp-content\/uploads\/2025\/10\/logo-carea.svg","width":131,"height":95,"caption":"Carea facade"},"image":{"@id":"https:\/\/carea-facade.com\/fr\/#\/schema\/logo\/image\/"}}]}},"_links":{"self":[{"href":"https:\/\/carea-facade.com\/fr\/wp-json\/wp\/v2\/pages\/2055","targetHints":{"allow":["GET"]}}],"collection":[{"href":"https:\/\/carea-facade.com\/fr\/wp-json\/wp\/v2\/pages"}],"about":[{"href":"https:\/\/carea-facade.com\/fr\/wp-json\/wp\/v2\/types\/page"}],"author":[{"embeddable":true,"href":"https:\/\/carea-facade.com\/fr\/wp-json\/wp\/v2\/users\/3"}],"replies":[{"embeddable":true,"href":"https:\/\/carea-facade.com\/fr\/wp-json\/wp\/v2\/comments?post=2055"}],"version-history":[{"count":27,"href":"https:\/\/carea-facade.com\/fr\/wp-json\/wp\/v2\/pages\/2055\/revisions"}],"predecessor-version":[{"id":23822,"href":"https:\/\/carea-facade.com\/fr\/wp-json\/wp\/v2\/pages\/2055\/revisions\/23822"}],"up":[{"embeddable":true,"href":"https:\/\/carea-facade.com\/fr\/wp-json\/wp\/v2\/pages\/282"}],"wp:featuredmedia":[{"embeddable":true,"href":"https:\/\/carea-facade.com\/fr\/wp-json\/wp\/v2\/media\/2056"}],"wp:attachment":[{"href":"https:\/\/carea-facade.com\/fr\/wp-json\/wp\/v2\/media?parent=2055"}],"curies":[{"name":"wp","href":"https:\/\/api.w.org\/{rel}","templated":true}]}}