{"id":2079,"date":"2025-10-01T16:26:36","date_gmt":"2025-10-01T14:26:36","guid":{"rendered":"https:\/\/carea-facade.com\/le-bureau-d-etude-carea\/"},"modified":"2026-02-12T15:32:07","modified_gmt":"2026-02-12T14:32:07","slug":"le-bureau-d-etude-carea","status":"publish","type":"page","link":"https:\/\/carea-facade.com\/fr\/le-groupe-carea\/le-bureau-d-etude-carea\/","title":{"rendered":"Le Bureau d&rsquo;\u00c9tudes Carea"},"content":{"rendered":"\n<div class=\"wp-block-group has-global-padding is-layout-constrained wp-container-core-group-is-layout-3bb13389 wp-block-group-is-layout-constrained\" style=\"padding-top:var(--wp--preset--spacing--theme-default);padding-right:var(--wp--preset--spacing--theme-xs);padding-bottom:var(--wp--preset--spacing--theme-default);padding-left:var(--wp--preset--spacing--theme-xs)\">\n<div class=\"wp-block-group is-vertical is-layout-flex wp-container-core-group-is-layout-d309df8e wp-block-group-is-layout-flex\">\n<h1 class=\"wp-block-heading has-text-align-left has-black-color has-text-color\" style=\"margin-bottom:40px;font-style:normal;font-weight:500;text-transform:uppercase\">Le Bureau d&rsquo;\u00c9tudeS Carea<\/h1>\n\n\n\n<p>Le bureau d\u2019\u00e9tudes CAREA vous accompagne tout au long de votre projet, de l\u2019esquisse \u00e0 la r\u00e9alisation.<br>L\u2019\u00e9quipe technique et pluridisciplinaire du Bureau d\u2019\u00c9tudes CAREA est compos\u00e9e de techniciens dessinateurs, de techniciens chantier et d\u2019ing\u00e9nieurs en conception. Cela lui permet de r\u00e9pondre de fa\u00e7on experte \u00e0 chacune de vos attentes.<\/p>\n\n\n\n<h2 class=\"wp-block-heading\">\u00c0 votre service !<\/h2>\n\n\n\n<p>Nous \u00e9tudions, avec vous, la mise en \u0153uvre optimale des solutions CAREA, de l\u2019avant-projet jusqu\u2019\u00e0 l\u2019assistance technique, afin de r\u00e9pondre \u00e0 toutes vos probl\u00e9matiques.<\/p>\n\n\n\n<p>Quelques services que le Bureau d\u2019\u00c9tudes peut proposer\u2026<\/p>\n\n\n\n<h4 class=\"wp-block-heading\">&#8211; La r\u00e9alisation de d\u00e9tail technique simples<\/h4>\n\n\n\n<div class=\"wp-block-group is-vertical is-layout-flex wp-container-core-group-is-layout-fe9cc265 wp-block-group-is-layout-flex\">\n<p>Conform\u00e9ment \u00e0 l\u2019avis technique en vigueur et \u00e0 la probl\u00e9matique sp\u00e9cifique rencontr\u00e9e, nous \u00e9tudions comment traiter le point singulier de votre fa\u00e7ade n\u00e9cessitant un d\u00e9tail pour r\u00e9aliser le montage.<\/p>\n<\/div>\n\n\n\n<h4 class=\"wp-block-heading\">&#8211; Des pr\u00e9conisations techniques<\/h4>\n\n\n\n<p>En fonction du calepinage souhait\u00e9 et des probl\u00e9matiques rencontr\u00e9es, nous optimisons la proposition re\u00e7ue afin de r\u00e9pondre au mieux selon tous les crit\u00e8res esth\u00e9tiques, techniques et \u00e9conomiques.<\/p>\n\n\n\n<h4 class=\"wp-block-heading\">&#8211; Principe de calepinage<\/h4>\n\n\n\n<p>En accord avec vos besoins et souhaits, nous \u00e9tudions et dessinons le calepinage de vos fa\u00e7ades.<\/p>\n\n\n\n<h4 class=\"wp-block-heading\">&#8211; Quantitatif<\/h4>\n\n\n\n<p>Nous r\u00e9alisons le listing et quantitatif des produits et accessoires \u00e0 commander pour le projet.<\/p>\n\n\n\n<h4 class=\"wp-block-heading\">&#8211; Simulation<\/h4>\n\n\n\n<p>Nous proposons un rendu r\u00e9aliste du futur b\u00e2timent selon votre souhait afin de le pr\u00e9senter \u00e0 vos clients.<\/p>\n\n\n\n<h4 class=\"wp-block-heading\">&#8211; Montage d\u2019affaire<\/h4>\n\n\n\n<p>Nous r\u00e9alisons un dossier complet vous fournissant tous les \u00e9l\u00e9ments techniques (calepinage, d\u00e9tail technique, quantitatif, simulation, \u2026) afin que vous n\u2019ayez plus que la pose sur chantier \u00e0 g\u00e9rer.<\/p>\n\n\n\n<h4 class=\"wp-block-heading\">&#8211; Support r\u00e9glementaire<\/h4>\n\n\n\n<p>Lors d\u2019une probl\u00e9matique r\u00e9glementaire, nous vous apportons les r\u00e9ponses et solutions afin de r\u00e9pondre \u00e0 vos organismes contr\u00f4leurs.<\/p>\n\n\n\n<h4 class=\"wp-block-heading\">&#8211; Assistance sur avis de chantier<\/h4>\n\n\n\n<p>Lors de r\u00e9alisation de chantier non-couvert par les avis techniques traditionnels, nous vous assistons tout au long du parcours afin de vous fournir les \u00e9l\u00e9ments n\u00e9cessaires \u00e0 la bonne conduite de votre chantier (note de calcul, avis de chantier, ATEx, \u2026)<\/p>\n\n\n\n<p><em>Le Bureau d\u2019\u00c9tudes, c\u2019est aussi une r\u00e9flexion continue sur les produits afin de faire \u00e9voluer nos syst\u00e8mes et vous fournir des solutions fonctionnelles et \u00e9conomiques.<\/em><\/p>\n\n\n\n<div class=\"wp-block-buttons is-layout-flex wp-block-buttons-is-layout-flex\">\n<div class=\"wp-block-button\"><a class=\"wp-block-button__link wp-element-button\" href=\"https:\/\/carea-facade.com\/fr\/contact\/\">contactez-nous<\/a><\/div>\n<\/div>\n<\/div>\n<\/div>\n","protected":false},"excerpt":{"rendered":"<p>Le Bureau d&rsquo;\u00c9tudeS Carea Le bureau d\u2019\u00e9tudes CAREA vous accompagne tout au long de votre projet, de l\u2019esquisse \u00e0 la r\u00e9alisation.L\u2019\u00e9quipe technique et pluridisciplinaire du Bureau d\u2019\u00c9tudes CAREA est compos\u00e9e de techniciens dessinateurs, de techniciens chantier et d\u2019ing\u00e9nieurs en conception. Cela lui permet de r\u00e9pondre de fa\u00e7on experte \u00e0 chacune de vos attentes. \u00c0 votre [&hellip;]<\/p>\n","protected":false},"author":3,"featured_media":2080,"parent":2094,"menu_order":0,"comment_status":"open","ping_status":"closed","template":"","meta":{"_acf_changed":false,"footnotes":""},"class_list":["post-2079","page","type-page","status-publish","has-post-thumbnail","hentry"],"acf":[],"yoast_head":"<!-- This site is optimized with the Yoast SEO plugin v27.5 - https:\/\/yoast.com\/product\/yoast-seo-wordpress\/ -->\n<title>CAREA Fa\u00e7ade : Bureau d&#039;\u00e9tude pour votre Projet de Fa\u00e7ade (Bardage ITE, BSO, BAO)<\/title>\n<meta name=\"description\" content=\"CAREA FACADE - D\u00e9couvrez notre Bureau d&#039;Etude pour un Accompagnement sur-mesure dans votre Projet de Fa\u00e7ade : contactez notre \u00e9quipe !\" \/>\n<meta name=\"robots\" content=\"index, follow, max-snippet:-1, max-image-preview:large, max-video-preview:-1\" \/>\n<link rel=\"canonical\" href=\"https:\/\/carea-facade.com\/fr\/le-groupe-carea\/le-bureau-d-etude-carea\/\" \/>\n<meta property=\"og:locale\" content=\"fr_FR\" \/>\n<meta property=\"og:type\" content=\"article\" \/>\n<meta property=\"og:title\" content=\"CAREA Fa\u00e7ade : Bureau d&#039;\u00e9tude pour votre Projet de Fa\u00e7ade (Bardage ITE, BSO, BAO)\" \/>\n<meta property=\"og:description\" content=\"CAREA FACADE - D\u00e9couvrez notre Bureau d&#039;Etude pour un Accompagnement sur-mesure dans votre Projet de Fa\u00e7ade : contactez notre \u00e9quipe !\" \/>\n<meta property=\"og:url\" content=\"https:\/\/carea-facade.com\/fr\/le-groupe-carea\/le-bureau-d-etude-carea\/\" \/>\n<meta property=\"og:site_name\" content=\"Carea facade\" \/>\n<meta property=\"article:modified_time\" content=\"2026-02-12T14:32:07+00:00\" \/>\n<meta property=\"og:image\" content=\"https:\/\/carea-facade.com\/wp-content\/uploads\/2025\/09\/5illustration-bureau-etudes1.png\" \/>\n\t<meta property=\"og:image:width\" content=\"600\" \/>\n\t<meta property=\"og:image:height\" content=\"393\" \/>\n\t<meta property=\"og:image:type\" content=\"image\/png\" \/>\n<meta name=\"twitter:card\" content=\"summary_large_image\" \/>\n<meta name=\"twitter:label1\" content=\"Dur\u00e9e de lecture estim\u00e9e\" \/>\n\t<meta name=\"twitter:data1\" content=\"2 minutes\" \/>\n<script type=\"application\/ld+json\" class=\"yoast-schema-graph\">{\"@context\":\"https:\\\/\\\/schema.org\",\"@graph\":[{\"@type\":\"WebPage\",\"@id\":\"https:\\\/\\\/carea-facade.com\\\/fr\\\/le-groupe-carea\\\/le-bureau-d-etude-carea\\\/\",\"url\":\"https:\\\/\\\/carea-facade.com\\\/fr\\\/le-groupe-carea\\\/le-bureau-d-etude-carea\\\/\",\"name\":\"CAREA Fa\u00e7ade : Bureau d'\u00e9tude pour votre Projet de Fa\u00e7ade (Bardage ITE, BSO, BAO)\",\"isPartOf\":{\"@id\":\"https:\\\/\\\/carea-facade.com\\\/fr\\\/#website\"},\"primaryImageOfPage\":{\"@id\":\"https:\\\/\\\/carea-facade.com\\\/fr\\\/le-groupe-carea\\\/le-bureau-d-etude-carea\\\/#primaryimage\"},\"image\":{\"@id\":\"https:\\\/\\\/carea-facade.com\\\/fr\\\/le-groupe-carea\\\/le-bureau-d-etude-carea\\\/#primaryimage\"},\"thumbnailUrl\":\"https:\\\/\\\/carea-facade.com\\\/wp-content\\\/uploads\\\/2025\\\/09\\\/5illustration-bureau-etudes1.png\",\"datePublished\":\"2025-10-01T14:26:36+00:00\",\"dateModified\":\"2026-02-12T14:32:07+00:00\",\"description\":\"CAREA FACADE - D\u00e9couvrez notre Bureau d'Etude pour un Accompagnement sur-mesure dans votre Projet de Fa\u00e7ade : contactez notre \u00e9quipe !\",\"breadcrumb\":{\"@id\":\"https:\\\/\\\/carea-facade.com\\\/fr\\\/le-groupe-carea\\\/le-bureau-d-etude-carea\\\/#breadcrumb\"},\"inLanguage\":\"fr-FR\",\"potentialAction\":[{\"@type\":\"ReadAction\",\"target\":[\"https:\\\/\\\/carea-facade.com\\\/fr\\\/le-groupe-carea\\\/le-bureau-d-etude-carea\\\/\"]}]},{\"@type\":\"ImageObject\",\"inLanguage\":\"fr-FR\",\"@id\":\"https:\\\/\\\/carea-facade.com\\\/fr\\\/le-groupe-carea\\\/le-bureau-d-etude-carea\\\/#primaryimage\",\"url\":\"https:\\\/\\\/carea-facade.com\\\/wp-content\\\/uploads\\\/2025\\\/09\\\/5illustration-bureau-etudes1.png\",\"contentUrl\":\"https:\\\/\\\/carea-facade.com\\\/wp-content\\\/uploads\\\/2025\\\/09\\\/5illustration-bureau-etudes1.png\",\"width\":600,\"height\":393},{\"@type\":\"BreadcrumbList\",\"@id\":\"https:\\\/\\\/carea-facade.com\\\/fr\\\/le-groupe-carea\\\/le-bureau-d-etude-carea\\\/#breadcrumb\",\"itemListElement\":[{\"@type\":\"ListItem\",\"position\":1,\"name\":\"Accueil\",\"item\":\"https:\\\/\\\/carea-facade.com\\\/fr\\\/home\\\/\"},{\"@type\":\"ListItem\",\"position\":2,\"name\":\"Le groupe CAREA\u00ae\",\"item\":\"https:\\\/\\\/carea-facade.com\\\/fr\\\/le-groupe-carea\\\/\"},{\"@type\":\"ListItem\",\"position\":3,\"name\":\"Le Bureau d&rsquo;\u00c9tudes Carea\"}]},{\"@type\":\"WebSite\",\"@id\":\"https:\\\/\\\/carea-facade.com\\\/fr\\\/#website\",\"url\":\"https:\\\/\\\/carea-facade.com\\\/fr\\\/\",\"name\":\"Carea facade\",\"description\":\"\",\"publisher\":{\"@id\":\"https:\\\/\\\/carea-facade.com\\\/fr\\\/#organization\"},\"potentialAction\":[{\"@type\":\"SearchAction\",\"target\":{\"@type\":\"EntryPoint\",\"urlTemplate\":\"https:\\\/\\\/carea-facade.com\\\/fr\\\/?s={search_term_string}\"},\"query-input\":{\"@type\":\"PropertyValueSpecification\",\"valueRequired\":true,\"valueName\":\"search_term_string\"}}],\"inLanguage\":\"fr-FR\"},{\"@type\":\"Organization\",\"@id\":\"https:\\\/\\\/carea-facade.com\\\/fr\\\/#organization\",\"name\":\"Carea facade\",\"url\":\"https:\\\/\\\/carea-facade.com\\\/fr\\\/\",\"logo\":{\"@type\":\"ImageObject\",\"inLanguage\":\"fr-FR\",\"@id\":\"https:\\\/\\\/carea-facade.com\\\/fr\\\/#\\\/schema\\\/logo\\\/image\\\/\",\"url\":\"https:\\\/\\\/carea-facade.com\\\/wp-content\\\/uploads\\\/2025\\\/10\\\/logo-carea.svg\",\"contentUrl\":\"https:\\\/\\\/carea-facade.com\\\/wp-content\\\/uploads\\\/2025\\\/10\\\/logo-carea.svg\",\"width\":131,\"height\":95,\"caption\":\"Carea facade\"},\"image\":{\"@id\":\"https:\\\/\\\/carea-facade.com\\\/fr\\\/#\\\/schema\\\/logo\\\/image\\\/\"}}]}<\/script>\n<!-- \/ Yoast SEO plugin. -->","yoast_head_json":{"title":"CAREA Fa\u00e7ade : Bureau d'\u00e9tude pour votre Projet de Fa\u00e7ade (Bardage ITE, BSO, BAO)","description":"CAREA FACADE - D\u00e9couvrez notre Bureau d'Etude pour un Accompagnement sur-mesure dans votre Projet de Fa\u00e7ade : contactez notre \u00e9quipe !","robots":{"index":"index","follow":"follow","max-snippet":"max-snippet:-1","max-image-preview":"max-image-preview:large","max-video-preview":"max-video-preview:-1"},"canonical":"https:\/\/carea-facade.com\/fr\/le-groupe-carea\/le-bureau-d-etude-carea\/","og_locale":"fr_FR","og_type":"article","og_title":"CAREA Fa\u00e7ade : Bureau d'\u00e9tude pour votre Projet de Fa\u00e7ade (Bardage ITE, BSO, BAO)","og_description":"CAREA FACADE - D\u00e9couvrez notre Bureau d'Etude pour un Accompagnement sur-mesure dans votre Projet de Fa\u00e7ade : contactez notre \u00e9quipe !","og_url":"https:\/\/carea-facade.com\/fr\/le-groupe-carea\/le-bureau-d-etude-carea\/","og_site_name":"Carea facade","article_modified_time":"2026-02-12T14:32:07+00:00","og_image":[{"width":600,"height":393,"url":"https:\/\/carea-facade.com\/wp-content\/uploads\/2025\/09\/5illustration-bureau-etudes1.png","type":"image\/png"}],"twitter_card":"summary_large_image","twitter_misc":{"Dur\u00e9e de lecture estim\u00e9e":"2 minutes"},"schema":{"@context":"https:\/\/schema.org","@graph":[{"@type":"WebPage","@id":"https:\/\/carea-facade.com\/fr\/le-groupe-carea\/le-bureau-d-etude-carea\/","url":"https:\/\/carea-facade.com\/fr\/le-groupe-carea\/le-bureau-d-etude-carea\/","name":"CAREA Fa\u00e7ade : Bureau d'\u00e9tude pour votre Projet de Fa\u00e7ade (Bardage ITE, BSO, BAO)","isPartOf":{"@id":"https:\/\/carea-facade.com\/fr\/#website"},"primaryImageOfPage":{"@id":"https:\/\/carea-facade.com\/fr\/le-groupe-carea\/le-bureau-d-etude-carea\/#primaryimage"},"image":{"@id":"https:\/\/carea-facade.com\/fr\/le-groupe-carea\/le-bureau-d-etude-carea\/#primaryimage"},"thumbnailUrl":"https:\/\/carea-facade.com\/wp-content\/uploads\/2025\/09\/5illustration-bureau-etudes1.png","datePublished":"2025-10-01T14:26:36+00:00","dateModified":"2026-02-12T14:32:07+00:00","description":"CAREA FACADE - D\u00e9couvrez notre Bureau d'Etude pour un Accompagnement sur-mesure dans votre Projet de Fa\u00e7ade : contactez notre \u00e9quipe !","breadcrumb":{"@id":"https:\/\/carea-facade.com\/fr\/le-groupe-carea\/le-bureau-d-etude-carea\/#breadcrumb"},"inLanguage":"fr-FR","potentialAction":[{"@type":"ReadAction","target":["https:\/\/carea-facade.com\/fr\/le-groupe-carea\/le-bureau-d-etude-carea\/"]}]},{"@type":"ImageObject","inLanguage":"fr-FR","@id":"https:\/\/carea-facade.com\/fr\/le-groupe-carea\/le-bureau-d-etude-carea\/#primaryimage","url":"https:\/\/carea-facade.com\/wp-content\/uploads\/2025\/09\/5illustration-bureau-etudes1.png","contentUrl":"https:\/\/carea-facade.com\/wp-content\/uploads\/2025\/09\/5illustration-bureau-etudes1.png","width":600,"height":393},{"@type":"BreadcrumbList","@id":"https:\/\/carea-facade.com\/fr\/le-groupe-carea\/le-bureau-d-etude-carea\/#breadcrumb","itemListElement":[{"@type":"ListItem","position":1,"name":"Accueil","item":"https:\/\/carea-facade.com\/fr\/home\/"},{"@type":"ListItem","position":2,"name":"Le groupe CAREA\u00ae","item":"https:\/\/carea-facade.com\/fr\/le-groupe-carea\/"},{"@type":"ListItem","position":3,"name":"Le Bureau d&rsquo;\u00c9tudes Carea"}]},{"@type":"WebSite","@id":"https:\/\/carea-facade.com\/fr\/#website","url":"https:\/\/carea-facade.com\/fr\/","name":"Carea facade","description":"","publisher":{"@id":"https:\/\/carea-facade.com\/fr\/#organization"},"potentialAction":[{"@type":"SearchAction","target":{"@type":"EntryPoint","urlTemplate":"https:\/\/carea-facade.com\/fr\/?s={search_term_string}"},"query-input":{"@type":"PropertyValueSpecification","valueRequired":true,"valueName":"search_term_string"}}],"inLanguage":"fr-FR"},{"@type":"Organization","@id":"https:\/\/carea-facade.com\/fr\/#organization","name":"Carea facade","url":"https:\/\/carea-facade.com\/fr\/","logo":{"@type":"ImageObject","inLanguage":"fr-FR","@id":"https:\/\/carea-facade.com\/fr\/#\/schema\/logo\/image\/","url":"https:\/\/carea-facade.com\/wp-content\/uploads\/2025\/10\/logo-carea.svg","contentUrl":"https:\/\/carea-facade.com\/wp-content\/uploads\/2025\/10\/logo-carea.svg","width":131,"height":95,"caption":"Carea facade"},"image":{"@id":"https:\/\/carea-facade.com\/fr\/#\/schema\/logo\/image\/"}}]}},"_links":{"self":[{"href":"https:\/\/carea-facade.com\/fr\/wp-json\/wp\/v2\/pages\/2079","targetHints":{"allow":["GET"]}}],"collection":[{"href":"https:\/\/carea-facade.com\/fr\/wp-json\/wp\/v2\/pages"}],"about":[{"href":"https:\/\/carea-facade.com\/fr\/wp-json\/wp\/v2\/types\/page"}],"author":[{"embeddable":true,"href":"https:\/\/carea-facade.com\/fr\/wp-json\/wp\/v2\/users\/3"}],"replies":[{"embeddable":true,"href":"https:\/\/carea-facade.com\/fr\/wp-json\/wp\/v2\/comments?post=2079"}],"version-history":[{"count":21,"href":"https:\/\/carea-facade.com\/fr\/wp-json\/wp\/v2\/pages\/2079\/revisions"}],"predecessor-version":[{"id":23729,"href":"https:\/\/carea-facade.com\/fr\/wp-json\/wp\/v2\/pages\/2079\/revisions\/23729"}],"up":[{"embeddable":true,"href":"https:\/\/carea-facade.com\/fr\/wp-json\/wp\/v2\/pages\/2094"}],"wp:featuredmedia":[{"embeddable":true,"href":"https:\/\/carea-facade.com\/fr\/wp-json\/wp\/v2\/media\/2080"}],"wp:attachment":[{"href":"https:\/\/carea-facade.com\/fr\/wp-json\/wp\/v2\/media?parent=2079"}],"curies":[{"name":"wp","href":"https:\/\/api.w.org\/{rel}","templated":true}]}}