{"id":2082,"date":"2025-10-01T16:26:36","date_gmt":"2025-10-01T14:26:36","guid":{"rendered":"https:\/\/carea-facade.com\/documentation\/telechargements\/"},"modified":"2026-05-05T16:53:24","modified_gmt":"2026-05-05T14:53:24","slug":"telechargements","status":"publish","type":"page","link":"https:\/\/carea-facade.com\/fr\/documentation\/telechargements\/","title":{"rendered":"T\u00e9l\u00e9chargements directs"},"content":{"rendered":"\n<div class=\"wp-block-group has-global-padding is-layout-constrained wp-container-core-group-is-layout-6fd7c80e wp-block-group-is-layout-constrained\" style=\"padding-top:var(--wp--preset--spacing--theme-default);padding-right:var(--wp--preset--spacing--theme-xs);padding-bottom:var(--wp--preset--spacing--theme-default);padding-left:var(--wp--preset--spacing--theme-xs)\">\n<div class=\"wp-block-group content-content-group is-vertical is-layout-flex wp-container-core-group-is-layout-d309df8e wp-block-group-is-layout-flex\">\n<h1 class=\"wp-block-heading has-text-align-left has-black-color has-text-color\" style=\"margin-bottom:40px;font-style:normal;font-weight:500;text-transform:uppercase\">T\u00e9l\u00e9chargements directs<\/h1>\n\n\n\n<h2 class=\"wp-block-heading has-text-align-left content__title has-black-color has-text-color\" style=\"text-transform:none\">Nos catalogues<\/h2>\n\n\n\n<p class=\"content__chapo has-black-color has-text-color\">T\u00e9l\u00e9chargez ici nos documentations technico-commerciales et tous nos avis techniques (ATec)<\/p>\n\n\n\n<div class=\"wp-block-buttons content__buttons is-content-justification-center is-layout-flex wp-container-core-buttons-is-layout-a89b3969 wp-block-buttons-is-layout-flex\">\n<div class=\"wp-block-button content__button\"><a class=\"wp-block-button__link wp-element-button\" href=\"https:\/\/carea-facade.com\/wp-content\/uploads\/2026\/05\/Carea-facade_Cahier-technique-202605.pdf\" target=\"_blank\" rel=\"noreferrer noopener\">Brochure Carea Fa\u00e7ade : cahier technique<\/a><\/div>\n<\/div>\n\n\n\n<div class=\"wp-block-buttons content__buttons is-content-justification-center is-layout-flex wp-container-core-buttons-is-layout-a89b3969 wp-block-buttons-is-layout-flex\">\n<div class=\"wp-block-button content__button\"><a class=\"wp-block-button__link wp-element-button\" href=\"https:\/\/carea-facade.com\/wp-content\/uploads\/2025\/10\/Carea-Facade-Portfolio-n4-202407.pdf\" target=\"_blank\" rel=\"noreferrer noopener\">Portfolio de r\u00e9f\u00e9rences Carea<\/a><\/div>\n<\/div>\n\n\n\n<div class=\"wp-block-buttons content__buttons is-content-justification-center is-layout-flex wp-container-core-buttons-is-layout-a89b3969 wp-block-buttons-is-layout-flex\">\n<div class=\"wp-block-button content__button\"><a class=\"wp-block-button__link wp-element-button\" href=\"https:\/\/carea-facade.com\/wp-content\/uploads\/2025\/10\/Carea-Facade-Portfolio-prestige-2309.pdf\" target=\"_blank\" rel=\"noreferrer noopener\">Portfolio \u00ab&nbsp;r\u00e9f\u00e9rences premium&nbsp;\u00bb<\/a><\/div>\n<\/div>\n\n\n\n<div class=\"wp-block-buttons content__buttons is-content-justification-center is-layout-flex wp-container-core-buttons-is-layout-a89b3969 wp-block-buttons-is-layout-flex\">\n<div class=\"wp-block-button content__button\"><a class=\"wp-block-button__link wp-element-button\" href=\"https:\/\/carea-facade.com\/wp-content\/uploads\/2025\/10\/Carea_Notre-engagement-environnemental_2503.pdf\" target=\"_blank\" rel=\"noreferrer noopener\">Nos engagements environnementaux<\/a><\/div>\n<\/div>\n\n\n\n<div class=\"wp-block-buttons content__buttons wp-container-content-69bc4bdf is-content-justification-center is-layout-flex wp-container-core-buttons-is-layout-a89b3969 wp-block-buttons-is-layout-flex\">\n<div class=\"wp-block-button content__button\"><a class=\"wp-block-button__link wp-element-button\" href=\"https:\/\/carea-facade.com\/wp-content\/uploads\/2025\/10\/Carea-Facade_Fiche-Cuadra_v2.pdf\" target=\"_blank\" rel=\"noreferrer noopener\">Fiche CUADRA<\/a><\/div>\n<\/div>\n\n\n\n<div class=\"wp-block-buttons content__buttons wp-container-content-69bc4bdf is-content-justification-center is-layout-flex wp-container-core-buttons-is-layout-a89b3969 wp-block-buttons-is-layout-flex\">\n<div class=\"wp-block-button content__button\"><a class=\"wp-block-button__link wp-element-button\" href=\"https:\/\/carea-facade.com\/wp-content\/uploads\/2025\/10\/Carea-Facade-Fiche-Magma_v3.pdf\" target=\"_blank\" rel=\"noreferrer noopener\">Fiche MAGMA<\/a><\/div>\n<\/div>\n\n\n\n<div class=\"wp-block-buttons content__buttons wp-container-content-69bc4bdf is-content-justification-center is-layout-flex wp-container-core-buttons-is-layout-a89b3969 wp-block-buttons-is-layout-flex\">\n<div class=\"wp-block-button content__button\"><a class=\"wp-block-button__link wp-element-button\" href=\"https:\/\/carea-facade.com\/wp-content\/uploads\/2025\/10\/Carea-Facade-Fiche-Meca_v3.pdf\" target=\"_blank\" rel=\"noreferrer noopener\">Fiche MECA<\/a><\/div>\n<\/div>\n<\/div>\n<\/div>\n\n\n\n<div class=\"wp-block-group has-global-padding is-layout-constrained wp-container-core-group-is-layout-3a2c3c22 wp-block-group-is-layout-constrained\" style=\"padding-right:var(--wp--preset--spacing--theme-xs);padding-bottom:var(--wp--preset--spacing--theme-default);padding-left:var(--wp--preset--spacing--theme-xs)\">\n<div class=\"wp-block-group content-content-group is-vertical is-layout-flex wp-container-core-group-is-layout-d309df8e wp-block-group-is-layout-flex\">\n<h2 class=\"wp-block-heading has-text-align-left content__title has-black-color has-text-color\" style=\"text-transform:none\">Avis techniques &#8211; ATec<\/h2>\n\n\n\n<h3 class=\"wp-block-heading\">Carea, syst\u00e8me de parements \u00e0 embo\u00eetement<\/h3>\n\n\n\n<p>Pose bardage sans ossature \u2013 BSO (dite \u00ab&nbsp;v\u00eature&nbsp;\u00bb ou \u00ab&nbsp;v\u00eatage&nbsp;\u00bb) :<br><a href=\"https:\/\/carea-facade.com\/wp-content\/uploads\/2026\/02\/ATec_2.2_11-1484_v2_Carea_Emboitement_Bardage_sans_ossature_BSO.pdf\" type=\"link\" id=\"https:\/\/carea-facade.com\/wp-content\/uploads\/2026\/02\/ATec_2.2_11-1484_v2_Carea_Emboitement_Bardage_sans_ossature_BSO.pdf\" target=\"_blank\" rel=\"noreferrer noopener\">ATec 2.2_11-1484_v2_Carea_Emboitement Bardage sans ossature BSO<\/a><\/p>\n\n\n\n<p>Pose bardage avec ossature \u2013 BAO :<br><a href=\"https:\/\/carea-facade.com\/wp-content\/uploads\/2026\/02\/ATec_2.2_11-1483_v4_Carea_Emboitement_Bardage_beton_BAO.pdf\" type=\"link\" id=\"https:\/\/carea-facade.com\/wp-content\/uploads\/2026\/02\/ATec_2.2_11-1483_v4_Carea_Emboitement_Bardage_beton_BAO.pdf\" target=\"_blank\" rel=\"noreferrer noopener\">ATec 2.2_11-1483_v4_Carea_Emboitement Bardage sur ossature b\u00e9ton BAO<\/a><br><a href=\"https:\/\/carea-facade.com\/wp-content\/uploads\/2026\/02\/ATec-2.2_21-1833_v1_Carea_Emboitement_Bardage_COB-CLT_BAO.pdf\" type=\"link\" id=\"https:\/\/carea-facade.com\/wp-content\/uploads\/2026\/02\/ATec-2.2_21-1833_v1_Carea_Emboitement_Bardage_COB-CLT_BAO.pdf\" target=\"_blank\" rel=\"noreferrer noopener\">ATec 2.2_21-1833_v1_Carea_Emboitement Bardage sur ossature COB-CLT BAO<\/a><\/p>\n\n\n\n<h3 class=\"wp-block-heading\">Carea, syst\u00e8me de parements rainur\u00e9s<\/h3>\n\n\n\n<p>Pose bardage avec ossature (BAO) \u2013 horizontal sur b\u00e9ton :<br><a href=\"https:\/\/carea-facade.com\/wp-content\/uploads\/2026\/02\/ATec_2.2_16-1774_v2-Carea_Rainure_Bardage_horizontal_beton_BAO.pdf\" type=\"link\" id=\"https:\/\/carea-facade.com\/wp-content\/uploads\/2026\/02\/ATec_2.2_16-1774_v2-Carea_Rainure_Bardage_horizontal_beton_BAO.pdf\" target=\"_blank\" rel=\"noreferrer noopener\">ATec 2.2_16-1774_v2_Carea_Rainur\u00e9 Bardage horizontal b\u00e9ton BAO<\/a><\/p>\n\n\n\n<p>Pose bardage avec ossature (BAO) \u2013 horizontal sur COB :<br><a href=\"https:\/\/carea-facade.com\/wp-content\/uploads\/2026\/02\/ATec_2.2_21-1826_v1_Carea_Rainure_Bardage-horizontal_COB_BAO.pdf\" type=\"link\" id=\"https:\/\/carea-facade.com\/wp-content\/uploads\/2026\/02\/ATec_2.2_21-1826_v1_Carea_Rainure_Bardage-horizontal_COB_BAO.pdf\" target=\"_blank\" rel=\"noreferrer noopener\">ATec 2.2_21-1826_Carea_Rainur\u00e9_Bardage horizontal COB BAO<\/a><\/p>\n\n\n\n<p>Pose bardage avec ossature (BAO) \u2013 vertical sur b\u00e9ton :<br><a href=\"https:\/\/carea-facade.com\/wp-content\/uploads\/2026\/02\/ATec_2.2_14-1659_v3_Carea_Rainure_Bardage_vertical_beton_maconnerie_BAO.pdf\" type=\"link\" id=\"https:\/\/carea-facade.com\/wp-content\/uploads\/2026\/02\/ATec_2.2_14-1659_v3_Carea_Rainure_Bardage_vertical_beton_maconnerie_BAO.pdf\" target=\"_blank\" rel=\"noreferrer noopener\">ATec 2.2_14-1659_v3_Carea_Rainur\u00e9_Bardage vertical b\u00e9ton ma\u00e7onnerie BAO<\/a><\/p>\n\n\n\n<p>Pose bardage avec ossature (BAO) \u2013 vertical sur COB :<br><a href=\"https:\/\/carea-facade.com\/wp-content\/uploads\/2026\/02\/ATec_2.2_21-1816_v2_Carea_Rainure_Bardage_vertical_COB-CLT_BAO.pdf\" type=\"link\" id=\"https:\/\/carea-facade.com\/wp-content\/uploads\/2026\/02\/ATec_2.2_21-1816_v2_Carea_Rainure_Bardage_vertical_COB-CLT_BAO.pdf\" target=\"_blank\" rel=\"noreferrer noopener\">ATec 2.2_21-1816_v2_Carea_Rainur\u00e9_Bardage vertical COB-CLT BAO<\/a><\/p>\n\n\n\n<p>Pose bardage sans ossature \u2013 BSO (dite \u00ab&nbsp;v\u00eature&nbsp;\u00bb ou \u00ab&nbsp;v\u00eatage&nbsp;\u00bb) :<br><a href=\"https:\/\/carea-facade.com\/wp-content\/uploads\/2026\/02\/ATec_2.2_15-1664_Carea_Rainure_Vetage_BSO.pdf\" type=\"link\" id=\"https:\/\/carea-facade.com\/wp-content\/uploads\/2026\/02\/ATec_2.2_15-1664_Carea_Rainure_Vetage_BSO.pdf\" target=\"_blank\" rel=\"noreferrer noopener\">ATec 2.2_15_v2-1664_Carea_Rainur\u00e9_V\u00eatage BSO<\/a><\/p>\n\n\n\n<h3 class=\"wp-block-heading\">Carea, syst\u00e8me de parements \u00e0 inserts<\/h3>\n\n\n\n<p>Pose bardage avec ossature \u2013 BAO :<br><a href=\"https:\/\/carea-facade.com\/wp-content\/uploads\/2026\/02\/ATec_2.2_15-1679_v2-Carea_Insert_BAO.pdf\" type=\"link\" id=\"https:\/\/carea-facade.com\/wp-content\/uploads\/2026\/02\/ATec_2.2_15-1679_v2-Carea_Insert_BAO.pdf\" target=\"_blank\" rel=\"noreferrer noopener\">ATec 2.2_15-1679_v2 Carea_Insert BAO<\/a><\/p>\n\n\n\n<figure class=\"wp-block-embed is-type-rich is-provider-prise-en-charge-des-contenus-embarqu-s wp-block-embed-prise-en-charge-des-contenus-embarqu-s wp-embed-aspect-16-9 wp-has-aspect-ratio\"><div class=\"wp-block-embed__wrapper\">\n<iframe loading=\"lazy\" title=\"Fa\u00e7ade : les parements de bardage CAREA. D\u00e9couvrez nos r\u00e9alisations : b\u00e2timents d&#039;habitation, etc.\" width=\"500\" height=\"281\" src=\"https:\/\/www.youtube.com\/embed\/vEQNxqnRB14?feature=oembed&#038;enablejsapi=1&#038;origin=https:\/\/carea-facade.com\" frameborder=\"0\" allow=\"accelerometer; autoplay; clipboard-write; encrypted-media; gyroscope; picture-in-picture; web-share\" referrerpolicy=\"strict-origin-when-cross-origin\" allowfullscreen><\/iframe>\n<\/div><\/figure>\n<\/div>\n<\/div>\n","protected":false},"excerpt":{"rendered":"<p>T\u00e9l\u00e9chargements directs Nos catalogues T\u00e9l\u00e9chargez ici nos documentations technico-commerciales et tous nos avis techniques (ATec) Avis techniques &#8211; ATec Carea, syst\u00e8me de parements \u00e0 embo\u00eetement Pose bardage sans ossature \u2013 BSO (dite \u00ab&nbsp;v\u00eature&nbsp;\u00bb ou \u00ab&nbsp;v\u00eatage&nbsp;\u00bb) :ATec 2.2_11-1484_v2_Carea_Emboitement Bardage sans ossature BSO Pose bardage avec ossature \u2013 BAO :ATec 2.2_11-1483_v4_Carea_Emboitement Bardage sur ossature b\u00e9ton BAOATec 2.2_21-1833_v1_Carea_Emboitement [&hellip;]<\/p>\n","protected":false},"author":3,"featured_media":2083,"parent":292,"menu_order":0,"comment_status":"open","ping_status":"closed","template":"","meta":{"_acf_changed":false,"footnotes":""},"class_list":["post-2082","page","type-page","status-publish","has-post-thumbnail","hentry"],"acf":[],"yoast_head":"<!-- This site is optimized with the Yoast SEO plugin v27.5 - https:\/\/yoast.com\/product\/yoast-seo-wordpress\/ -->\n<title>Documentations CAREA - Technico-commerciales, avis techniques (ATecs)<\/title>\n<meta name=\"description\" content=\"CAREA FACADE - T\u00e9l\u00e9chargez en PDF une documentation technico-commerciale et avis techniques (ATecs).\" \/>\n<meta name=\"robots\" content=\"noindex, follow\" \/>\n<meta property=\"og:locale\" content=\"fr_FR\" \/>\n<meta property=\"og:type\" content=\"article\" \/>\n<meta property=\"og:title\" content=\"Documentations CAREA - Technico-commerciales, avis techniques (ATecs)\" \/>\n<meta property=\"og:description\" content=\"CAREA FACADE - T\u00e9l\u00e9chargez en PDF une documentation technico-commerciale et avis techniques (ATecs).\" \/>\n<meta property=\"og:url\" content=\"https:\/\/carea-facade.com\/fr\/documentation\/telechargements\/\" \/>\n<meta property=\"og:site_name\" content=\"Carea facade\" \/>\n<meta property=\"article:modified_time\" content=\"2026-05-05T14:53:24+00:00\" \/>\n<meta property=\"og:image\" content=\"https:\/\/carea-facade.com\/wp-content\/uploads\/2025\/09\/Capture.png\" \/>\n\t<meta property=\"og:image:width\" content=\"457\" \/>\n\t<meta property=\"og:image:height\" content=\"630\" \/>\n\t<meta property=\"og:image:type\" content=\"image\/png\" \/>\n<meta name=\"twitter:card\" content=\"summary_large_image\" \/>\n<meta name=\"twitter:label1\" content=\"Dur\u00e9e de lecture estim\u00e9e\" \/>\n\t<meta name=\"twitter:data1\" content=\"2 minutes\" \/>\n<script type=\"application\/ld+json\" class=\"yoast-schema-graph\">{\"@context\":\"https:\\\/\\\/schema.org\",\"@graph\":[{\"@type\":\"WebPage\",\"@id\":\"https:\\\/\\\/carea-facade.com\\\/fr\\\/documentation\\\/telechargements\\\/\",\"url\":\"https:\\\/\\\/carea-facade.com\\\/fr\\\/documentation\\\/telechargements\\\/\",\"name\":\"Documentations CAREA - Technico-commerciales, avis techniques (ATecs)\",\"isPartOf\":{\"@id\":\"https:\\\/\\\/carea-facade.com\\\/fr\\\/#website\"},\"primaryImageOfPage\":{\"@id\":\"https:\\\/\\\/carea-facade.com\\\/fr\\\/documentation\\\/telechargements\\\/#primaryimage\"},\"image\":{\"@id\":\"https:\\\/\\\/carea-facade.com\\\/fr\\\/documentation\\\/telechargements\\\/#primaryimage\"},\"thumbnailUrl\":\"https:\\\/\\\/carea-facade.com\\\/wp-content\\\/uploads\\\/2025\\\/09\\\/Capture.png\",\"datePublished\":\"2025-10-01T14:26:36+00:00\",\"dateModified\":\"2026-05-05T14:53:24+00:00\",\"description\":\"CAREA FACADE - T\u00e9l\u00e9chargez en PDF une documentation technico-commerciale et avis techniques (ATecs).\",\"breadcrumb\":{\"@id\":\"https:\\\/\\\/carea-facade.com\\\/fr\\\/documentation\\\/telechargements\\\/#breadcrumb\"},\"inLanguage\":\"fr-FR\",\"potentialAction\":[{\"@type\":\"ReadAction\",\"target\":[\"https:\\\/\\\/carea-facade.com\\\/fr\\\/documentation\\\/telechargements\\\/\"]}]},{\"@type\":\"ImageObject\",\"inLanguage\":\"fr-FR\",\"@id\":\"https:\\\/\\\/carea-facade.com\\\/fr\\\/documentation\\\/telechargements\\\/#primaryimage\",\"url\":\"https:\\\/\\\/carea-facade.com\\\/wp-content\\\/uploads\\\/2025\\\/09\\\/Capture.png\",\"contentUrl\":\"https:\\\/\\\/carea-facade.com\\\/wp-content\\\/uploads\\\/2025\\\/09\\\/Capture.png\",\"width\":457,\"height\":630,\"caption\":\"Capture\"},{\"@type\":\"BreadcrumbList\",\"@id\":\"https:\\\/\\\/carea-facade.com\\\/fr\\\/documentation\\\/telechargements\\\/#breadcrumb\",\"itemListElement\":[{\"@type\":\"ListItem\",\"position\":1,\"name\":\"Accueil\",\"item\":\"https:\\\/\\\/carea-facade.com\\\/fr\\\/home\\\/\"},{\"@type\":\"ListItem\",\"position\":2,\"name\":\"T\u00e9l\u00e9chargements\",\"item\":\"https:\\\/\\\/carea-facade.com\\\/fr\\\/documentation\\\/\"},{\"@type\":\"ListItem\",\"position\":3,\"name\":\"T\u00e9l\u00e9chargements directs\"}]},{\"@type\":\"WebSite\",\"@id\":\"https:\\\/\\\/carea-facade.com\\\/fr\\\/#website\",\"url\":\"https:\\\/\\\/carea-facade.com\\\/fr\\\/\",\"name\":\"Carea facade\",\"description\":\"\",\"publisher\":{\"@id\":\"https:\\\/\\\/carea-facade.com\\\/fr\\\/#organization\"},\"potentialAction\":[{\"@type\":\"SearchAction\",\"target\":{\"@type\":\"EntryPoint\",\"urlTemplate\":\"https:\\\/\\\/carea-facade.com\\\/fr\\\/?s={search_term_string}\"},\"query-input\":{\"@type\":\"PropertyValueSpecification\",\"valueRequired\":true,\"valueName\":\"search_term_string\"}}],\"inLanguage\":\"fr-FR\"},{\"@type\":\"Organization\",\"@id\":\"https:\\\/\\\/carea-facade.com\\\/fr\\\/#organization\",\"name\":\"Carea facade\",\"url\":\"https:\\\/\\\/carea-facade.com\\\/fr\\\/\",\"logo\":{\"@type\":\"ImageObject\",\"inLanguage\":\"fr-FR\",\"@id\":\"https:\\\/\\\/carea-facade.com\\\/fr\\\/#\\\/schema\\\/logo\\\/image\\\/\",\"url\":\"https:\\\/\\\/carea-facade.com\\\/wp-content\\\/uploads\\\/2025\\\/10\\\/logo-carea.svg\",\"contentUrl\":\"https:\\\/\\\/carea-facade.com\\\/wp-content\\\/uploads\\\/2025\\\/10\\\/logo-carea.svg\",\"width\":131,\"height\":95,\"caption\":\"Carea facade\"},\"image\":{\"@id\":\"https:\\\/\\\/carea-facade.com\\\/fr\\\/#\\\/schema\\\/logo\\\/image\\\/\"}}]}<\/script>\n<!-- \/ Yoast SEO plugin. -->","yoast_head_json":{"title":"Documentations CAREA - Technico-commerciales, avis techniques (ATecs)","description":"CAREA FACADE - T\u00e9l\u00e9chargez en PDF une documentation technico-commerciale et avis techniques (ATecs).","robots":{"index":"noindex","follow":"follow"},"og_locale":"fr_FR","og_type":"article","og_title":"Documentations CAREA - Technico-commerciales, avis techniques (ATecs)","og_description":"CAREA FACADE - T\u00e9l\u00e9chargez en PDF une documentation technico-commerciale et avis techniques (ATecs).","og_url":"https:\/\/carea-facade.com\/fr\/documentation\/telechargements\/","og_site_name":"Carea facade","article_modified_time":"2026-05-05T14:53:24+00:00","og_image":[{"width":457,"height":630,"url":"https:\/\/carea-facade.com\/wp-content\/uploads\/2025\/09\/Capture.png","type":"image\/png"}],"twitter_card":"summary_large_image","twitter_misc":{"Dur\u00e9e de lecture estim\u00e9e":"2 minutes"},"schema":{"@context":"https:\/\/schema.org","@graph":[{"@type":"WebPage","@id":"https:\/\/carea-facade.com\/fr\/documentation\/telechargements\/","url":"https:\/\/carea-facade.com\/fr\/documentation\/telechargements\/","name":"Documentations CAREA - Technico-commerciales, avis techniques (ATecs)","isPartOf":{"@id":"https:\/\/carea-facade.com\/fr\/#website"},"primaryImageOfPage":{"@id":"https:\/\/carea-facade.com\/fr\/documentation\/telechargements\/#primaryimage"},"image":{"@id":"https:\/\/carea-facade.com\/fr\/documentation\/telechargements\/#primaryimage"},"thumbnailUrl":"https:\/\/carea-facade.com\/wp-content\/uploads\/2025\/09\/Capture.png","datePublished":"2025-10-01T14:26:36+00:00","dateModified":"2026-05-05T14:53:24+00:00","description":"CAREA FACADE - T\u00e9l\u00e9chargez en PDF une documentation technico-commerciale et avis techniques (ATecs).","breadcrumb":{"@id":"https:\/\/carea-facade.com\/fr\/documentation\/telechargements\/#breadcrumb"},"inLanguage":"fr-FR","potentialAction":[{"@type":"ReadAction","target":["https:\/\/carea-facade.com\/fr\/documentation\/telechargements\/"]}]},{"@type":"ImageObject","inLanguage":"fr-FR","@id":"https:\/\/carea-facade.com\/fr\/documentation\/telechargements\/#primaryimage","url":"https:\/\/carea-facade.com\/wp-content\/uploads\/2025\/09\/Capture.png","contentUrl":"https:\/\/carea-facade.com\/wp-content\/uploads\/2025\/09\/Capture.png","width":457,"height":630,"caption":"Capture"},{"@type":"BreadcrumbList","@id":"https:\/\/carea-facade.com\/fr\/documentation\/telechargements\/#breadcrumb","itemListElement":[{"@type":"ListItem","position":1,"name":"Accueil","item":"https:\/\/carea-facade.com\/fr\/home\/"},{"@type":"ListItem","position":2,"name":"T\u00e9l\u00e9chargements","item":"https:\/\/carea-facade.com\/fr\/documentation\/"},{"@type":"ListItem","position":3,"name":"T\u00e9l\u00e9chargements directs"}]},{"@type":"WebSite","@id":"https:\/\/carea-facade.com\/fr\/#website","url":"https:\/\/carea-facade.com\/fr\/","name":"Carea facade","description":"","publisher":{"@id":"https:\/\/carea-facade.com\/fr\/#organization"},"potentialAction":[{"@type":"SearchAction","target":{"@type":"EntryPoint","urlTemplate":"https:\/\/carea-facade.com\/fr\/?s={search_term_string}"},"query-input":{"@type":"PropertyValueSpecification","valueRequired":true,"valueName":"search_term_string"}}],"inLanguage":"fr-FR"},{"@type":"Organization","@id":"https:\/\/carea-facade.com\/fr\/#organization","name":"Carea facade","url":"https:\/\/carea-facade.com\/fr\/","logo":{"@type":"ImageObject","inLanguage":"fr-FR","@id":"https:\/\/carea-facade.com\/fr\/#\/schema\/logo\/image\/","url":"https:\/\/carea-facade.com\/wp-content\/uploads\/2025\/10\/logo-carea.svg","contentUrl":"https:\/\/carea-facade.com\/wp-content\/uploads\/2025\/10\/logo-carea.svg","width":131,"height":95,"caption":"Carea facade"},"image":{"@id":"https:\/\/carea-facade.com\/fr\/#\/schema\/logo\/image\/"}}]}},"_links":{"self":[{"href":"https:\/\/carea-facade.com\/fr\/wp-json\/wp\/v2\/pages\/2082","targetHints":{"allow":["GET"]}}],"collection":[{"href":"https:\/\/carea-facade.com\/fr\/wp-json\/wp\/v2\/pages"}],"about":[{"href":"https:\/\/carea-facade.com\/fr\/wp-json\/wp\/v2\/types\/page"}],"author":[{"embeddable":true,"href":"https:\/\/carea-facade.com\/fr\/wp-json\/wp\/v2\/users\/3"}],"replies":[{"embeddable":true,"href":"https:\/\/carea-facade.com\/fr\/wp-json\/wp\/v2\/comments?post=2082"}],"version-history":[{"count":29,"href":"https:\/\/carea-facade.com\/fr\/wp-json\/wp\/v2\/pages\/2082\/revisions"}],"predecessor-version":[{"id":24120,"href":"https:\/\/carea-facade.com\/fr\/wp-json\/wp\/v2\/pages\/2082\/revisions\/24120"}],"up":[{"embeddable":true,"href":"https:\/\/carea-facade.com\/fr\/wp-json\/wp\/v2\/pages\/292"}],"wp:featuredmedia":[{"embeddable":true,"href":"https:\/\/carea-facade.com\/fr\/wp-json\/wp\/v2\/media\/2083"}],"wp:attachment":[{"href":"https:\/\/carea-facade.com\/fr\/wp-json\/wp\/v2\/media?parent=2082"}],"curies":[{"name":"wp","href":"https:\/\/api.w.org\/{rel}","templated":true}]}}