{"id":2094,"date":"2025-10-01T16:26:36","date_gmt":"2025-10-01T14:26:36","guid":{"rendered":"https:\/\/carea-facade.com\/le-groupe-carea\/"},"modified":"2026-02-12T14:13:12","modified_gmt":"2026-02-12T13:13:12","slug":"le-groupe-carea","status":"publish","type":"page","link":"https:\/\/carea-facade.com\/fr\/le-groupe-carea\/","title":{"rendered":"Le groupe CAREA\u00ae"},"content":{"rendered":"\n<div class=\"wp-block-group has-global-padding is-layout-constrained wp-container-core-group-is-layout-3bb13389 wp-block-group-is-layout-constrained\" style=\"padding-top:var(--wp--preset--spacing--theme-default);padding-right:var(--wp--preset--spacing--theme-xs);padding-bottom:var(--wp--preset--spacing--theme-default);padding-left:var(--wp--preset--spacing--theme-xs)\">\n<div class=\"wp-block-group content-content-group is-vertical is-layout-flex wp-container-core-group-is-layout-d309df8e wp-block-group-is-layout-flex\">\n<h1 class=\"wp-block-heading has-text-align-left has-black-color has-text-color\" style=\"margin-bottom:40px;font-style:normal;font-weight:500;text-transform:uppercase\">Le groupe CAREA<sup>\u00ae<\/sup><\/h1>\n\n\n\n<h3 class=\"wp-block-heading\">En savoir-faire industriel et une expertise unique pour vous accompagner dans vos projets<\/h3>\n\n\n\n<p class=\"wp-embed-aspect-16-9 wp-has-aspect-ratio\">Le groupe<strong>&nbsp;CAREA<sup>\u00ae<\/sup><\/strong>&nbsp;con\u00e7oit, fabrique et distribue depuis plus de 40 ans des solutions autour d\u2019un mat\u00e9riau unique,&nbsp;<strong>le Min\u00e9ral CAREA<sup>\u00ae<\/sup><\/strong>, g\u00e9osourc\u00e9 en France, afin de proposer une gamme compl\u00e8te de solutions ax\u00e9es sur deux activit\u00e9s principales :<\/p>\n\n\n\n<ul class=\"wp-block-list wp-embed-aspect-16-9 wp-has-aspect-ratio\">\n<li>Le march\u00e9 du&nbsp;<strong>parement de fa\u00e7ade<\/strong>&nbsp;pour l\u2019isolation thermique par l\u2019ext\u00e9rieur.<\/li>\n\n\n\n<li>Les&nbsp;<strong>\u00e9quipements sanitaires pour la cuisine et la salle de bains<\/strong>.<\/li>\n<\/ul>\n\n\n\n<p class=\"wp-embed-aspect-16-9 wp-has-aspect-ratio\">Implant\u00e9 dans les Pays de la Loire,&nbsp;<strong>le groupe fran\u00e7ais CAREA<sup>\u00ae<\/sup><\/strong>&nbsp;est pr\u00e9sent en France et \u00e0 l\u2019International et accompagne ses clients au travers d\u2019\u00e9quipes commerciales int\u00e9gr\u00e9es. Notre fabrication est&nbsp;<strong>100% fran\u00e7aise<\/strong>, pour plus de qualit\u00e9, de services et de proximit\u00e9.<\/p>\n\n\n\n<p class=\"wp-embed-aspect-16-9 wp-has-aspect-ratio\">Nos produits sont prescrits aupr\u00e8s d\u2019un large public, ma\u00eetrise d\u2019ouvrage, ma\u00eetrise d\u2019\u0153uvre et entreprises, en neuf ou en r\u00e9novation. Nous d\u00e9veloppons aussi des gammes d\u00e9di\u00e9es aux particuliers en sanitaire au niveau europ\u00e9en.<\/p>\n\n\n\n<div class=\"wp-block-buttons is-layout-flex wp-block-buttons-is-layout-flex\">\n<div class=\"wp-block-button\"><a class=\"wp-block-button__link wp-element-button\" href=\"https:\/\/www.linkedin.com\/company\/carea---mineral-composite\/jobs\/\">Travailler pour nous ? Consultez notre page recrutement LinkedIn\u2026<\/a><\/div>\n<\/div>\n<\/div>\n<\/div>\n","protected":false},"excerpt":{"rendered":"<p>Le groupe CAREA\u00ae En savoir-faire industriel et une expertise unique pour vous accompagner dans vos projets Le groupe&nbsp;CAREA\u00ae&nbsp;con\u00e7oit, fabrique et distribue depuis plus de 40 ans des solutions autour d\u2019un mat\u00e9riau unique,&nbsp;le Min\u00e9ral CAREA\u00ae, g\u00e9osourc\u00e9 en France, afin de proposer une gamme compl\u00e8te de solutions ax\u00e9es sur deux activit\u00e9s principales : Implant\u00e9 dans les Pays [&hellip;]<\/p>\n","protected":false},"author":3,"featured_media":0,"parent":0,"menu_order":35,"comment_status":"open","ping_status":"closed","template":"","meta":{"_acf_changed":false,"footnotes":""},"class_list":["post-2094","page","type-page","status-publish","hentry"],"acf":[],"yoast_head":"<!-- This site is optimized with the Yoast SEO plugin v27.5 - https:\/\/yoast.com\/product\/yoast-seo-wordpress\/ -->\n<title>CAREA Fa\u00e7ade, du Groupe CAREA : qui sommes-nous ?<\/title>\n<meta name=\"description\" content=\"CAREA FACADE - D\u00e9couvrez le Groupe CAREA : son histoire, ses valeurs. Sp\u00e9cialiste du parement de fa\u00e7ade pour l\u2019isolation thermique par l\u2019ext\u00e9rieur et des \u00e9quipements sanitaires pour la cuisine et la salle de bain.\" \/>\n<meta name=\"robots\" content=\"index, follow, max-snippet:-1, max-image-preview:large, max-video-preview:-1\" \/>\n<link rel=\"canonical\" href=\"https:\/\/carea-facade.com\/fr\/le-groupe-carea\/\" \/>\n<meta property=\"og:locale\" content=\"fr_FR\" \/>\n<meta property=\"og:type\" content=\"article\" \/>\n<meta property=\"og:title\" content=\"CAREA Fa\u00e7ade, du Groupe CAREA : qui sommes-nous ?\" \/>\n<meta property=\"og:description\" content=\"CAREA FACADE - D\u00e9couvrez le Groupe CAREA : son histoire, ses valeurs. Sp\u00e9cialiste du parement de fa\u00e7ade pour l\u2019isolation thermique par l\u2019ext\u00e9rieur et des \u00e9quipements sanitaires pour la cuisine et la salle de bain.\" \/>\n<meta property=\"og:url\" content=\"https:\/\/carea-facade.com\/fr\/le-groupe-carea\/\" \/>\n<meta property=\"og:site_name\" content=\"Carea facade\" \/>\n<meta property=\"article:modified_time\" content=\"2026-02-12T13:13:12+00:00\" \/>\n<meta name=\"twitter:card\" content=\"summary_large_image\" \/>\n<meta name=\"twitter:label1\" content=\"Dur\u00e9e de lecture estim\u00e9e\" \/>\n\t<meta name=\"twitter:data1\" content=\"1 minute\" \/>\n<script type=\"application\/ld+json\" class=\"yoast-schema-graph\">{\"@context\":\"https:\\\/\\\/schema.org\",\"@graph\":[{\"@type\":\"WebPage\",\"@id\":\"https:\\\/\\\/carea-facade.com\\\/fr\\\/le-groupe-carea\\\/\",\"url\":\"https:\\\/\\\/carea-facade.com\\\/fr\\\/le-groupe-carea\\\/\",\"name\":\"CAREA Fa\u00e7ade, du Groupe CAREA : qui sommes-nous ?\",\"isPartOf\":{\"@id\":\"https:\\\/\\\/carea-facade.com\\\/fr\\\/#website\"},\"datePublished\":\"2025-10-01T14:26:36+00:00\",\"dateModified\":\"2026-02-12T13:13:12+00:00\",\"description\":\"CAREA FACADE - D\u00e9couvrez le Groupe CAREA : son histoire, ses valeurs. Sp\u00e9cialiste du parement de fa\u00e7ade pour l\u2019isolation thermique par l\u2019ext\u00e9rieur et des \u00e9quipements sanitaires pour la cuisine et la salle de bain.\",\"breadcrumb\":{\"@id\":\"https:\\\/\\\/carea-facade.com\\\/fr\\\/le-groupe-carea\\\/#breadcrumb\"},\"inLanguage\":\"fr-FR\",\"potentialAction\":[{\"@type\":\"ReadAction\",\"target\":[\"https:\\\/\\\/carea-facade.com\\\/fr\\\/le-groupe-carea\\\/\"]}]},{\"@type\":\"BreadcrumbList\",\"@id\":\"https:\\\/\\\/carea-facade.com\\\/fr\\\/le-groupe-carea\\\/#breadcrumb\",\"itemListElement\":[{\"@type\":\"ListItem\",\"position\":1,\"name\":\"Accueil\",\"item\":\"https:\\\/\\\/carea-facade.com\\\/fr\\\/home\\\/\"},{\"@type\":\"ListItem\",\"position\":2,\"name\":\"Le groupe CAREA\u00ae\"}]},{\"@type\":\"WebSite\",\"@id\":\"https:\\\/\\\/carea-facade.com\\\/fr\\\/#website\",\"url\":\"https:\\\/\\\/carea-facade.com\\\/fr\\\/\",\"name\":\"Carea facade\",\"description\":\"\",\"publisher\":{\"@id\":\"https:\\\/\\\/carea-facade.com\\\/fr\\\/#organization\"},\"potentialAction\":[{\"@type\":\"SearchAction\",\"target\":{\"@type\":\"EntryPoint\",\"urlTemplate\":\"https:\\\/\\\/carea-facade.com\\\/fr\\\/?s={search_term_string}\"},\"query-input\":{\"@type\":\"PropertyValueSpecification\",\"valueRequired\":true,\"valueName\":\"search_term_string\"}}],\"inLanguage\":\"fr-FR\"},{\"@type\":\"Organization\",\"@id\":\"https:\\\/\\\/carea-facade.com\\\/fr\\\/#organization\",\"name\":\"Carea facade\",\"url\":\"https:\\\/\\\/carea-facade.com\\\/fr\\\/\",\"logo\":{\"@type\":\"ImageObject\",\"inLanguage\":\"fr-FR\",\"@id\":\"https:\\\/\\\/carea-facade.com\\\/fr\\\/#\\\/schema\\\/logo\\\/image\\\/\",\"url\":\"https:\\\/\\\/carea-facade.com\\\/wp-content\\\/uploads\\\/2025\\\/10\\\/logo-carea.svg\",\"contentUrl\":\"https:\\\/\\\/carea-facade.com\\\/wp-content\\\/uploads\\\/2025\\\/10\\\/logo-carea.svg\",\"width\":131,\"height\":95,\"caption\":\"Carea facade\"},\"image\":{\"@id\":\"https:\\\/\\\/carea-facade.com\\\/fr\\\/#\\\/schema\\\/logo\\\/image\\\/\"}}]}<\/script>\n<!-- \/ Yoast SEO plugin. -->","yoast_head_json":{"title":"CAREA Fa\u00e7ade, du Groupe CAREA : qui sommes-nous ?","description":"CAREA FACADE - D\u00e9couvrez le Groupe CAREA : son histoire, ses valeurs. Sp\u00e9cialiste du parement de fa\u00e7ade pour l\u2019isolation thermique par l\u2019ext\u00e9rieur et des \u00e9quipements sanitaires pour la cuisine et la salle de bain.","robots":{"index":"index","follow":"follow","max-snippet":"max-snippet:-1","max-image-preview":"max-image-preview:large","max-video-preview":"max-video-preview:-1"},"canonical":"https:\/\/carea-facade.com\/fr\/le-groupe-carea\/","og_locale":"fr_FR","og_type":"article","og_title":"CAREA Fa\u00e7ade, du Groupe CAREA : qui sommes-nous ?","og_description":"CAREA FACADE - D\u00e9couvrez le Groupe CAREA : son histoire, ses valeurs. Sp\u00e9cialiste du parement de fa\u00e7ade pour l\u2019isolation thermique par l\u2019ext\u00e9rieur et des \u00e9quipements sanitaires pour la cuisine et la salle de bain.","og_url":"https:\/\/carea-facade.com\/fr\/le-groupe-carea\/","og_site_name":"Carea facade","article_modified_time":"2026-02-12T13:13:12+00:00","twitter_card":"summary_large_image","twitter_misc":{"Dur\u00e9e de lecture estim\u00e9e":"1 minute"},"schema":{"@context":"https:\/\/schema.org","@graph":[{"@type":"WebPage","@id":"https:\/\/carea-facade.com\/fr\/le-groupe-carea\/","url":"https:\/\/carea-facade.com\/fr\/le-groupe-carea\/","name":"CAREA Fa\u00e7ade, du Groupe CAREA : qui sommes-nous ?","isPartOf":{"@id":"https:\/\/carea-facade.com\/fr\/#website"},"datePublished":"2025-10-01T14:26:36+00:00","dateModified":"2026-02-12T13:13:12+00:00","description":"CAREA FACADE - D\u00e9couvrez le Groupe CAREA : son histoire, ses valeurs. Sp\u00e9cialiste du parement de fa\u00e7ade pour l\u2019isolation thermique par l\u2019ext\u00e9rieur et des \u00e9quipements sanitaires pour la cuisine et la salle de bain.","breadcrumb":{"@id":"https:\/\/carea-facade.com\/fr\/le-groupe-carea\/#breadcrumb"},"inLanguage":"fr-FR","potentialAction":[{"@type":"ReadAction","target":["https:\/\/carea-facade.com\/fr\/le-groupe-carea\/"]}]},{"@type":"BreadcrumbList","@id":"https:\/\/carea-facade.com\/fr\/le-groupe-carea\/#breadcrumb","itemListElement":[{"@type":"ListItem","position":1,"name":"Accueil","item":"https:\/\/carea-facade.com\/fr\/home\/"},{"@type":"ListItem","position":2,"name":"Le groupe CAREA\u00ae"}]},{"@type":"WebSite","@id":"https:\/\/carea-facade.com\/fr\/#website","url":"https:\/\/carea-facade.com\/fr\/","name":"Carea facade","description":"","publisher":{"@id":"https:\/\/carea-facade.com\/fr\/#organization"},"potentialAction":[{"@type":"SearchAction","target":{"@type":"EntryPoint","urlTemplate":"https:\/\/carea-facade.com\/fr\/?s={search_term_string}"},"query-input":{"@type":"PropertyValueSpecification","valueRequired":true,"valueName":"search_term_string"}}],"inLanguage":"fr-FR"},{"@type":"Organization","@id":"https:\/\/carea-facade.com\/fr\/#organization","name":"Carea facade","url":"https:\/\/carea-facade.com\/fr\/","logo":{"@type":"ImageObject","inLanguage":"fr-FR","@id":"https:\/\/carea-facade.com\/fr\/#\/schema\/logo\/image\/","url":"https:\/\/carea-facade.com\/wp-content\/uploads\/2025\/10\/logo-carea.svg","contentUrl":"https:\/\/carea-facade.com\/wp-content\/uploads\/2025\/10\/logo-carea.svg","width":131,"height":95,"caption":"Carea facade"},"image":{"@id":"https:\/\/carea-facade.com\/fr\/#\/schema\/logo\/image\/"}}]}},"_links":{"self":[{"href":"https:\/\/carea-facade.com\/fr\/wp-json\/wp\/v2\/pages\/2094","targetHints":{"allow":["GET"]}}],"collection":[{"href":"https:\/\/carea-facade.com\/fr\/wp-json\/wp\/v2\/pages"}],"about":[{"href":"https:\/\/carea-facade.com\/fr\/wp-json\/wp\/v2\/types\/page"}],"author":[{"embeddable":true,"href":"https:\/\/carea-facade.com\/fr\/wp-json\/wp\/v2\/users\/3"}],"replies":[{"embeddable":true,"href":"https:\/\/carea-facade.com\/fr\/wp-json\/wp\/v2\/comments?post=2094"}],"version-history":[{"count":17,"href":"https:\/\/carea-facade.com\/fr\/wp-json\/wp\/v2\/pages\/2094\/revisions"}],"predecessor-version":[{"id":23672,"href":"https:\/\/carea-facade.com\/fr\/wp-json\/wp\/v2\/pages\/2094\/revisions\/23672"}],"wp:attachment":[{"href":"https:\/\/carea-facade.com\/fr\/wp-json\/wp\/v2\/media?parent=2094"}],"curies":[{"name":"wp","href":"https:\/\/api.w.org\/{rel}","templated":true}]}}