{"id":2095,"date":"2025-10-01T16:26:35","date_gmt":"2025-10-01T14:26:35","guid":{"rendered":"https:\/\/carea-facade.com\/la-reglementation-produits-de-facade-bardage\/"},"modified":"2026-04-01T09:52:35","modified_gmt":"2026-04-01T07:52:35","slug":"reglementation-produits-de-facade-bardage","status":"publish","type":"page","link":"https:\/\/carea-facade.com\/fr\/technique\/reglementation-produits-de-facade-bardage\/","title":{"rendered":"R\u00e9glementation"},"content":{"rendered":"\n<div class=\"wp-block-group has-global-padding is-layout-constrained wp-container-core-group-is-layout-3bb13389 wp-block-group-is-layout-constrained\" style=\"padding-top:var(--wp--preset--spacing--theme-default);padding-right:var(--wp--preset--spacing--theme-xs);padding-bottom:var(--wp--preset--spacing--theme-default);padding-left:var(--wp--preset--spacing--theme-xs)\">\n<div class=\"wp-block-group content-content-group is-vertical is-layout-flex wp-container-core-group-is-layout-d309df8e wp-block-group-is-layout-flex\">\n<h1 class=\"wp-block-heading has-text-align-left has-black-color has-text-color\" style=\"margin-bottom:40px;font-style:normal;font-weight:500;text-transform:uppercase\">R\u00e9glementation<\/h1>\n\n\n\n<h2 class=\"wp-block-heading\">Les niveaux de r\u00e9glementation<\/h2>\n\n\n\n<p>La r\u00e9glementation des produits de fa\u00e7ade est r\u00e9gent\u00e9e par&nbsp;:<\/p>\n\n\n\n<h4 class=\"wp-block-heading\">La r\u00e9glementation europ\u00e9enne qui dicte les grandes lignes directrices<\/h4>\n\n\n\n<ul class=\"wp-block-list\">\n<li>ETAG 017 pour les bardages sans ossature (BSO), dits \u00ab&nbsp;v\u00eature&nbsp;\u00bb ou \u00ab&nbsp;v\u00eatage&nbsp;\u00bb.<\/li>\n\n\n\n<li>ETAG 034 pour les bardages avec ossature (ITE, fa\u00e7ade ventil\u00e9e).<\/li>\n\n\n\n<li>Les Eurocodes pour les r\u00e8gles de calcul (vent, sismique, choc, \u2026)<\/li>\n<\/ul>\n\n\n\n<h4 class=\"wp-block-heading\">La r\u00e9glementation fran\u00e7aise<\/h4>\n\n\n\n<ul class=\"wp-block-list\">\n<li>Arr\u00eat\u00e9 de 1980 pour les ERP<\/li>\n\n\n\n<li>Arr\u00eat\u00e9 de 1986 pour les logements<\/li>\n\n\n\n<li>Le code du travail pour le tertiaire<\/li>\n\n\n\n<li>L\u2019IT 249<\/li>\n\n\n\n<li>Les cahiers du CSTB<\/li>\n<\/ul>\n\n\n\n<p>Pour certifier un produit sur le march\u00e9 fran\u00e7ais, il faut \u00eatre couvert par&nbsp;:<\/p>\n\n\n\n<ul class=\"wp-block-list\">\n<li><strong>un DTU<\/strong>&nbsp;pour les produits traditionnels,<\/li>\n\n\n\n<li><strong>un DTA<\/strong>&nbsp;pour les produits poss\u00e9dant le marquage CE,<\/li>\n\n\n\n<li><strong>un AT<\/strong>&nbsp;pour les produits non-traditionnels.<\/li>\n<\/ul>\n\n\n\n<h2 class=\"wp-block-heading\">Nos avis techniques (ATec)<\/h2>\n\n\n\n<p>Tous nos Avis Techniques (ATec) sont t\u00e9l\u00e9chargeables librement via le lien ci-dessous.<\/p>\n\n\n\n<div class=\"wp-block-buttons is-layout-flex wp-block-buttons-is-layout-flex\">\n<div class=\"wp-block-button\"><a class=\"wp-block-button__link wp-element-button\" href=\"https:\/\/carea-facade.com\/fr\/documentation\/telechargements\/\">T\u00e9l\u00e9chargement ATEc CAREA<\/a><\/div>\n<\/div>\n<\/div>\n<\/div>\n","protected":false},"excerpt":{"rendered":"<p>R\u00e9glementation Les niveaux de r\u00e9glementation La r\u00e9glementation des produits de fa\u00e7ade est r\u00e9gent\u00e9e par&nbsp;: La r\u00e9glementation europ\u00e9enne qui dicte les grandes lignes directrices La r\u00e9glementation fran\u00e7aise Pour certifier un produit sur le march\u00e9 fran\u00e7ais, il faut \u00eatre couvert par&nbsp;: Nos avis techniques (ATec) Tous nos Avis Techniques (ATec) sont t\u00e9l\u00e9chargeables librement via le lien ci-dessous.<\/p>\n","protected":false},"author":3,"featured_media":2096,"parent":2207,"menu_order":0,"comment_status":"open","ping_status":"closed","template":"","meta":{"_acf_changed":false,"footnotes":""},"class_list":["post-2095","page","type-page","status-publish","has-post-thumbnail","hentry"],"acf":[],"yoast_head":"<!-- This site is optimized with the Yoast SEO plugin v27.5 - https:\/\/yoast.com\/product\/yoast-seo-wordpress\/ -->\n<title>Quelles r\u00e9glementations Produits de FACADE ? Bardages, ITE, calculs...<\/title>\n<meta name=\"description\" content=\"CAREA FACADE - Quelles sont les r\u00e9glementations fran\u00e7aises et europ\u00e9ennes pour les produits de Fa\u00e7ade ? bardage ossature (BSO, BAO, v\u00eature, v\u00eatage), ITE, fa\u00e7ade ventil\u00e9e, calculs....\" \/>\n<meta name=\"robots\" content=\"index, follow, max-snippet:-1, max-image-preview:large, max-video-preview:-1\" \/>\n<link rel=\"canonical\" href=\"https:\/\/carea-facade.com\/fr\/technique\/reglementation-produits-de-facade-bardage\/\" \/>\n<meta property=\"og:locale\" content=\"fr_FR\" \/>\n<meta property=\"og:type\" content=\"article\" \/>\n<meta property=\"og:title\" content=\"Quelles r\u00e9glementations Produits de FACADE ? Bardages, ITE, calculs...\" \/>\n<meta property=\"og:description\" content=\"CAREA FACADE - Quelles sont les r\u00e9glementations fran\u00e7aises et europ\u00e9ennes pour les produits de Fa\u00e7ade ? bardage ossature (BSO, BAO, v\u00eature, v\u00eatage), ITE, fa\u00e7ade ventil\u00e9e, calculs....\" \/>\n<meta property=\"og:url\" content=\"https:\/\/carea-facade.com\/fr\/technique\/reglementation-produits-de-facade-bardage\/\" \/>\n<meta property=\"og:site_name\" content=\"Carea facade\" \/>\n<meta property=\"article:modified_time\" content=\"2026-04-01T07:52:35+00:00\" \/>\n<meta property=\"og:image\" content=\"https:\/\/carea-facade.com\/wp-content\/uploads\/2025\/09\/reglementation.jpg\" \/>\n\t<meta property=\"og:image:width\" content=\"1096\" \/>\n\t<meta property=\"og:image:height\" content=\"608\" \/>\n\t<meta property=\"og:image:type\" content=\"image\/jpeg\" \/>\n<meta name=\"twitter:card\" content=\"summary_large_image\" \/>\n<meta name=\"twitter:label1\" content=\"Dur\u00e9e de lecture estim\u00e9e\" \/>\n\t<meta name=\"twitter:data1\" content=\"1 minute\" \/>\n<script type=\"application\/ld+json\" class=\"yoast-schema-graph\">{\"@context\":\"https:\\\/\\\/schema.org\",\"@graph\":[{\"@type\":\"WebPage\",\"@id\":\"https:\\\/\\\/carea-facade.com\\\/fr\\\/technique\\\/reglementation-produits-de-facade-bardage\\\/\",\"url\":\"https:\\\/\\\/carea-facade.com\\\/fr\\\/technique\\\/reglementation-produits-de-facade-bardage\\\/\",\"name\":\"Quelles r\u00e9glementations Produits de FACADE ? Bardages, ITE, calculs...\",\"isPartOf\":{\"@id\":\"https:\\\/\\\/carea-facade.com\\\/fr\\\/#website\"},\"primaryImageOfPage\":{\"@id\":\"https:\\\/\\\/carea-facade.com\\\/fr\\\/technique\\\/reglementation-produits-de-facade-bardage\\\/#primaryimage\"},\"image\":{\"@id\":\"https:\\\/\\\/carea-facade.com\\\/fr\\\/technique\\\/reglementation-produits-de-facade-bardage\\\/#primaryimage\"},\"thumbnailUrl\":\"https:\\\/\\\/carea-facade.com\\\/wp-content\\\/uploads\\\/2025\\\/09\\\/reglementation.jpg\",\"datePublished\":\"2025-10-01T14:26:35+00:00\",\"dateModified\":\"2026-04-01T07:52:35+00:00\",\"description\":\"CAREA FACADE - Quelles sont les r\u00e9glementations fran\u00e7aises et europ\u00e9ennes pour les produits de Fa\u00e7ade ? bardage ossature (BSO, BAO, v\u00eature, v\u00eatage), ITE, fa\u00e7ade ventil\u00e9e, calculs....\",\"breadcrumb\":{\"@id\":\"https:\\\/\\\/carea-facade.com\\\/fr\\\/technique\\\/reglementation-produits-de-facade-bardage\\\/#breadcrumb\"},\"inLanguage\":\"fr-FR\",\"potentialAction\":[{\"@type\":\"ReadAction\",\"target\":[\"https:\\\/\\\/carea-facade.com\\\/fr\\\/technique\\\/reglementation-produits-de-facade-bardage\\\/\"]}]},{\"@type\":\"ImageObject\",\"inLanguage\":\"fr-FR\",\"@id\":\"https:\\\/\\\/carea-facade.com\\\/fr\\\/technique\\\/reglementation-produits-de-facade-bardage\\\/#primaryimage\",\"url\":\"https:\\\/\\\/carea-facade.com\\\/wp-content\\\/uploads\\\/2025\\\/09\\\/reglementation.jpg\",\"contentUrl\":\"https:\\\/\\\/carea-facade.com\\\/wp-content\\\/uploads\\\/2025\\\/09\\\/reglementation.jpg\",\"width\":1096,\"height\":608,\"caption\":\"reglementation\"},{\"@type\":\"BreadcrumbList\",\"@id\":\"https:\\\/\\\/carea-facade.com\\\/fr\\\/technique\\\/reglementation-produits-de-facade-bardage\\\/#breadcrumb\",\"itemListElement\":[{\"@type\":\"ListItem\",\"position\":1,\"name\":\"Accueil\",\"item\":\"https:\\\/\\\/carea-facade.com\\\/fr\\\/home\\\/\"},{\"@type\":\"ListItem\",\"position\":2,\"name\":\"Technique\",\"item\":\"https:\\\/\\\/carea-facade.com\\\/fr\\\/technique\\\/\"},{\"@type\":\"ListItem\",\"position\":3,\"name\":\"R\u00e9glementation\"}]},{\"@type\":\"WebSite\",\"@id\":\"https:\\\/\\\/carea-facade.com\\\/fr\\\/#website\",\"url\":\"https:\\\/\\\/carea-facade.com\\\/fr\\\/\",\"name\":\"Carea facade\",\"description\":\"\",\"publisher\":{\"@id\":\"https:\\\/\\\/carea-facade.com\\\/fr\\\/#organization\"},\"potentialAction\":[{\"@type\":\"SearchAction\",\"target\":{\"@type\":\"EntryPoint\",\"urlTemplate\":\"https:\\\/\\\/carea-facade.com\\\/fr\\\/?s={search_term_string}\"},\"query-input\":{\"@type\":\"PropertyValueSpecification\",\"valueRequired\":true,\"valueName\":\"search_term_string\"}}],\"inLanguage\":\"fr-FR\"},{\"@type\":\"Organization\",\"@id\":\"https:\\\/\\\/carea-facade.com\\\/fr\\\/#organization\",\"name\":\"Carea facade\",\"url\":\"https:\\\/\\\/carea-facade.com\\\/fr\\\/\",\"logo\":{\"@type\":\"ImageObject\",\"inLanguage\":\"fr-FR\",\"@id\":\"https:\\\/\\\/carea-facade.com\\\/fr\\\/#\\\/schema\\\/logo\\\/image\\\/\",\"url\":\"https:\\\/\\\/carea-facade.com\\\/wp-content\\\/uploads\\\/2025\\\/10\\\/logo-carea.svg\",\"contentUrl\":\"https:\\\/\\\/carea-facade.com\\\/wp-content\\\/uploads\\\/2025\\\/10\\\/logo-carea.svg\",\"width\":131,\"height\":95,\"caption\":\"Carea facade\"},\"image\":{\"@id\":\"https:\\\/\\\/carea-facade.com\\\/fr\\\/#\\\/schema\\\/logo\\\/image\\\/\"}}]}<\/script>\n<!-- \/ Yoast SEO plugin. -->","yoast_head_json":{"title":"Quelles r\u00e9glementations Produits de FACADE ? Bardages, ITE, calculs...","description":"CAREA FACADE - Quelles sont les r\u00e9glementations fran\u00e7aises et europ\u00e9ennes pour les produits de Fa\u00e7ade ? bardage ossature (BSO, BAO, v\u00eature, v\u00eatage), ITE, fa\u00e7ade ventil\u00e9e, calculs....","robots":{"index":"index","follow":"follow","max-snippet":"max-snippet:-1","max-image-preview":"max-image-preview:large","max-video-preview":"max-video-preview:-1"},"canonical":"https:\/\/carea-facade.com\/fr\/technique\/reglementation-produits-de-facade-bardage\/","og_locale":"fr_FR","og_type":"article","og_title":"Quelles r\u00e9glementations Produits de FACADE ? Bardages, ITE, calculs...","og_description":"CAREA FACADE - Quelles sont les r\u00e9glementations fran\u00e7aises et europ\u00e9ennes pour les produits de Fa\u00e7ade ? bardage ossature (BSO, BAO, v\u00eature, v\u00eatage), ITE, fa\u00e7ade ventil\u00e9e, calculs....","og_url":"https:\/\/carea-facade.com\/fr\/technique\/reglementation-produits-de-facade-bardage\/","og_site_name":"Carea facade","article_modified_time":"2026-04-01T07:52:35+00:00","og_image":[{"width":1096,"height":608,"url":"https:\/\/carea-facade.com\/wp-content\/uploads\/2025\/09\/reglementation.jpg","type":"image\/jpeg"}],"twitter_card":"summary_large_image","twitter_misc":{"Dur\u00e9e de lecture estim\u00e9e":"1 minute"},"schema":{"@context":"https:\/\/schema.org","@graph":[{"@type":"WebPage","@id":"https:\/\/carea-facade.com\/fr\/technique\/reglementation-produits-de-facade-bardage\/","url":"https:\/\/carea-facade.com\/fr\/technique\/reglementation-produits-de-facade-bardage\/","name":"Quelles r\u00e9glementations Produits de FACADE ? Bardages, ITE, calculs...","isPartOf":{"@id":"https:\/\/carea-facade.com\/fr\/#website"},"primaryImageOfPage":{"@id":"https:\/\/carea-facade.com\/fr\/technique\/reglementation-produits-de-facade-bardage\/#primaryimage"},"image":{"@id":"https:\/\/carea-facade.com\/fr\/technique\/reglementation-produits-de-facade-bardage\/#primaryimage"},"thumbnailUrl":"https:\/\/carea-facade.com\/wp-content\/uploads\/2025\/09\/reglementation.jpg","datePublished":"2025-10-01T14:26:35+00:00","dateModified":"2026-04-01T07:52:35+00:00","description":"CAREA FACADE - Quelles sont les r\u00e9glementations fran\u00e7aises et europ\u00e9ennes pour les produits de Fa\u00e7ade ? bardage ossature (BSO, BAO, v\u00eature, v\u00eatage), ITE, fa\u00e7ade ventil\u00e9e, calculs....","breadcrumb":{"@id":"https:\/\/carea-facade.com\/fr\/technique\/reglementation-produits-de-facade-bardage\/#breadcrumb"},"inLanguage":"fr-FR","potentialAction":[{"@type":"ReadAction","target":["https:\/\/carea-facade.com\/fr\/technique\/reglementation-produits-de-facade-bardage\/"]}]},{"@type":"ImageObject","inLanguage":"fr-FR","@id":"https:\/\/carea-facade.com\/fr\/technique\/reglementation-produits-de-facade-bardage\/#primaryimage","url":"https:\/\/carea-facade.com\/wp-content\/uploads\/2025\/09\/reglementation.jpg","contentUrl":"https:\/\/carea-facade.com\/wp-content\/uploads\/2025\/09\/reglementation.jpg","width":1096,"height":608,"caption":"reglementation"},{"@type":"BreadcrumbList","@id":"https:\/\/carea-facade.com\/fr\/technique\/reglementation-produits-de-facade-bardage\/#breadcrumb","itemListElement":[{"@type":"ListItem","position":1,"name":"Accueil","item":"https:\/\/carea-facade.com\/fr\/home\/"},{"@type":"ListItem","position":2,"name":"Technique","item":"https:\/\/carea-facade.com\/fr\/technique\/"},{"@type":"ListItem","position":3,"name":"R\u00e9glementation"}]},{"@type":"WebSite","@id":"https:\/\/carea-facade.com\/fr\/#website","url":"https:\/\/carea-facade.com\/fr\/","name":"Carea facade","description":"","publisher":{"@id":"https:\/\/carea-facade.com\/fr\/#organization"},"potentialAction":[{"@type":"SearchAction","target":{"@type":"EntryPoint","urlTemplate":"https:\/\/carea-facade.com\/fr\/?s={search_term_string}"},"query-input":{"@type":"PropertyValueSpecification","valueRequired":true,"valueName":"search_term_string"}}],"inLanguage":"fr-FR"},{"@type":"Organization","@id":"https:\/\/carea-facade.com\/fr\/#organization","name":"Carea facade","url":"https:\/\/carea-facade.com\/fr\/","logo":{"@type":"ImageObject","inLanguage":"fr-FR","@id":"https:\/\/carea-facade.com\/fr\/#\/schema\/logo\/image\/","url":"https:\/\/carea-facade.com\/wp-content\/uploads\/2025\/10\/logo-carea.svg","contentUrl":"https:\/\/carea-facade.com\/wp-content\/uploads\/2025\/10\/logo-carea.svg","width":131,"height":95,"caption":"Carea facade"},"image":{"@id":"https:\/\/carea-facade.com\/fr\/#\/schema\/logo\/image\/"}}]}},"_links":{"self":[{"href":"https:\/\/carea-facade.com\/fr\/wp-json\/wp\/v2\/pages\/2095","targetHints":{"allow":["GET"]}}],"collection":[{"href":"https:\/\/carea-facade.com\/fr\/wp-json\/wp\/v2\/pages"}],"about":[{"href":"https:\/\/carea-facade.com\/fr\/wp-json\/wp\/v2\/types\/page"}],"author":[{"embeddable":true,"href":"https:\/\/carea-facade.com\/fr\/wp-json\/wp\/v2\/users\/3"}],"replies":[{"embeddable":true,"href":"https:\/\/carea-facade.com\/fr\/wp-json\/wp\/v2\/comments?post=2095"}],"version-history":[{"count":18,"href":"https:\/\/carea-facade.com\/fr\/wp-json\/wp\/v2\/pages\/2095\/revisions"}],"predecessor-version":[{"id":23685,"href":"https:\/\/carea-facade.com\/fr\/wp-json\/wp\/v2\/pages\/2095\/revisions\/23685"}],"up":[{"embeddable":true,"href":"https:\/\/carea-facade.com\/fr\/wp-json\/wp\/v2\/pages\/2207"}],"wp:featuredmedia":[{"embeddable":true,"href":"https:\/\/carea-facade.com\/fr\/wp-json\/wp\/v2\/media\/2096"}],"wp:attachment":[{"href":"https:\/\/carea-facade.com\/fr\/wp-json\/wp\/v2\/media?parent=2095"}],"curies":[{"name":"wp","href":"https:\/\/api.w.org\/{rel}","templated":true}]}}