{"id":2105,"date":"2025-10-01T16:26:36","date_gmt":"2025-10-01T14:26:36","guid":{"rendered":"https:\/\/carea-facade.com\/les-systemes-de-pose-bardage-isolation-thermique-exterieur\/"},"modified":"2026-04-01T09:52:34","modified_gmt":"2026-04-01T07:52:34","slug":"systemes-de-pose-bardage-isolation-thermique-exterieur","status":"publish","type":"page","link":"https:\/\/carea-facade.com\/fr\/technique\/systemes-de-pose-bardage-isolation-thermique-exterieur\/","title":{"rendered":"Syst\u00e8mes de pose"},"content":{"rendered":"\n<div class=\"wp-block-group has-global-padding is-layout-constrained wp-container-core-group-is-layout-3bb13389 wp-block-group-is-layout-constrained\" style=\"padding-top:var(--wp--preset--spacing--theme-default);padding-right:var(--wp--preset--spacing--theme-xs);padding-bottom:var(--wp--preset--spacing--theme-default);padding-left:var(--wp--preset--spacing--theme-xs)\">\n<div class=\"wp-block-group content-content-group is-vertical is-layout-flex wp-container-core-group-is-layout-d309df8e wp-block-group-is-layout-flex\">\n<h1 class=\"wp-block-heading has-text-align-left has-black-color has-text-color\" style=\"margin-bottom:40px;font-style:normal;font-weight:500;text-transform:uppercase\">Syst\u00e8mes de pose<\/h1>\n\n\n\n<p class=\"wp-embed-aspect-16-9 wp-has-aspect-ratio\">Les produits CAREA se posent selon deux syst\u00e8mes pour la r\u00e9alisation d\u2019une isolation thermique par l\u2019ext\u00e9rieur, dans le cadre soit de r\u00e9habilitation d\u2019ouvrage, soit de b\u00e2timents neufs. <\/p>\n\n\n\n<h2 class=\"wp-block-heading wp-embed-aspect-16-9 wp-has-aspect-ratio\">Le syst\u00e8me de bardage sans ossature (BSO)<\/h2>\n\n\n\n<figure class=\"wp-block-image size-medium\"><img loading=\"lazy\" decoding=\"async\" width=\"300\" height=\"141\" src=\"https:\/\/carea-facade.com\/wp-content\/uploads\/2025\/09\/BSO-1-300x141.jpg\" alt=\"BSO : Bardage Sans Ossature\" class=\"wp-image-2110\" srcset=\"https:\/\/carea-facade.com\/wp-content\/uploads\/2025\/09\/BSO-1-300x141.jpg 300w, https:\/\/carea-facade.com\/wp-content\/uploads\/2025\/09\/BSO-1-768x361.jpg 768w, https:\/\/carea-facade.com\/wp-content\/uploads\/2025\/09\/BSO-1.jpg 799w\" sizes=\"auto, (max-width: 300px) 100vw, 300px\" \/><\/figure>\n\n\n\n<figure class=\"wp-block-embed is-type-rich is-provider-prise-en-charge-des-contenus-embarqu-s wp-block-embed-prise-en-charge-des-contenus-embarqu-s\"><div class=\"wp-block-embed__wrapper\">\n<iframe loading=\"lazy\" title=\"Mise en \u0153uvre Fa\u00e7ade : le syst\u00e8me de Bardage Sans Ossature (BSO) CAREA\u00ae\" width=\"500\" height=\"281\" src=\"https:\/\/www.youtube.com\/embed\/FBm4aZjC-6s?feature=oembed\" frameborder=\"0\" allow=\"accelerometer; autoplay; clipboard-write; encrypted-media; gyroscope; picture-in-picture; web-share\" referrerpolicy=\"strict-origin-when-cross-origin\" allowfullscreen><\/iframe>\n<\/div><\/figure>\n\n\n\n<p class=\"wp-embed-aspect-16-9 wp-has-aspect-ratio\">Les syst\u00e8mes de Bardage Sans Ossature (BSO) sont des syst\u00e8mes d\u2019isolation thermique ext\u00e9rieure et sont vis\u00e9s par des Avis Techniques. Le Bardage Sans Ossature peut aussi \u00eatre appel\u00e9 \u00ab&nbsp;v\u00eature&nbsp;\u00bb ou \u00ab&nbsp;v\u00eatage&nbsp;\u00bb.<\/p>\n\n\n\n<p class=\"wp-embed-aspect-16-9 wp-has-aspect-ratio\">Les \u00e9l\u00e9ments de BSO se mettent en \u0153uvre directement sur la structure porteuse (isol\u00e9e ou non), par fixations m\u00e9caniques (chevilles traversantes, pattes, insertion dans un rail, etc.).<\/p>\n\n\n\n<p class=\"wp-embed-aspect-16-9 wp-has-aspect-ratio\">La pose est effectu\u00e9e en une seule op\u00e9ration.<\/p>\n\n\n\n<p class=\"wp-embed-aspect-16-9 wp-has-aspect-ratio\">Les structures porteuses sont en ma\u00e7onnerie d\u2019\u00e9l\u00e9ments, b\u00e9ton plein ou Constructions \u00e0 Ossature Bois (COB). Nous avons d\u00e9taill\u00e9&nbsp;<a href=\"https:\/\/carea-facade.com\/fr\/technique\/supports-de-pose-bardage-beton-ossature-bois\/\">sur cette page<\/a>&nbsp;les diff\u00e9rents supports.<\/p>\n\n\n\n<p class=\"wp-embed-aspect-16-9 wp-has-aspect-ratio\">Dans le cas d\u2019une structure porteuse isol\u00e9e, cette isolation est :<\/p>\n\n\n\n<ul class=\"wp-block-list wp-embed-aspect-16-9 wp-has-aspect-ratio\">\n<li>soit une isolation neuve constitu\u00e9e de panneaux d\u2019isolation, b\u00e9n\u00e9ficiant d\u2019un classement ACERMI minimal (classement d\u00e9fini dans les Avis Techniques et variable suivant la nature de l\u2019isolant),<\/li>\n\n\n\n<li>soit une ancienne isolation par enduit mince ou \u00e9pais sur isolant.<\/li>\n<\/ul>\n\n\n\n<h3 class=\"wp-block-heading wp-embed-aspect-16-9 wp-has-aspect-ratio\">Les points forts :<\/h3>\n\n\n\n<ul class=\"wp-block-list wp-embed-aspect-16-9 wp-has-aspect-ratio\">\n<li>Installation directe sur la structure porteuse du b\u00e2timent.<\/li>\n\n\n\n<li>Pas d\u2019ossature fix\u00e9e au mur porteur : solution \u00e9conomique en terme d\u2019approvisionnement et de temps d\u2019installation (4 \u00e0 6 m\u00b2 par heure). Travaux possibles par tous temps.<\/li>\n\n\n\n<li>En cas de r\u00e9novation, possibilit\u00e9 d\u2019installer le BSO sur une isolation (ITE) pr\u00e9c\u00e9dente recouverte d\u2019un enduit mince ou \u00e9pais, ou m\u00eame sur une v\u00eature pr\u00e9c\u00e9dente.<\/li>\n<\/ul>\n<\/div>\n\n\n\n<div class=\"wp-block-group content-content-group is-vertical is-layout-flex wp-container-core-group-is-layout-d309df8e wp-block-group-is-layout-flex\">\n<figure class=\"wp-block-image size-large is-resized\"><img loading=\"lazy\" decoding=\"async\" width=\"1024\" height=\"566\" src=\"https:\/\/carea-facade.com\/wp-content\/uploads\/2025\/09\/BSO-1024x566.jpg\" alt=\"BSO\" class=\"wp-image-2107\" style=\"width:850px\" srcset=\"https:\/\/carea-facade.com\/wp-content\/uploads\/2025\/09\/BSO-1024x566.jpg 1024w, https:\/\/carea-facade.com\/wp-content\/uploads\/2025\/09\/BSO-300x166.jpg 300w, https:\/\/carea-facade.com\/wp-content\/uploads\/2025\/09\/BSO-768x425.jpg 768w, https:\/\/carea-facade.com\/wp-content\/uploads\/2025\/09\/BSO.jpg 1096w\" sizes=\"auto, (max-width: 1024px) 100vw, 1024px\" \/><figcaption class=\"wp-element-caption\"><em>Bardages sans ossature.<br>Dans l\u2019ordre : parements \u00e0 embo\u00eetement pose horizontale, parements \u00e0 embo\u00eetement pose verticale, parements rainur\u00e9s pose horizontale<\/em><\/figcaption><\/figure>\n\n\n\n<p class=\"wp-embed-aspect-16-9 wp-has-aspect-ratio\">Vous pouvez retrouver&nbsp;<a href=\"https:\/\/carea-facade.com\/fr\/documentation\/telechargements\/\">sur cette page<\/a>&nbsp;dans nos Avis Techniques (ATec) le d\u00e9tail de nos syst\u00e8mes par type de parements.<\/p>\n\n\n\n<h3 class=\"wp-block-heading wp-embed-aspect-16-9 wp-has-aspect-ratio\">La pose en sur-isolation ou sur-v\u00eature<\/h3>\n\n\n\n<p class=\"wp-embed-aspect-16-9 wp-has-aspect-ratio\">Dans le cadre d\u2019une r\u00e9novation,&nbsp;<strong>afin de r\u00e9duire l\u2019empreinte carbone et de diminuer les consommations \u00e9nerg\u00e9tiques<\/strong>, le syst\u00e8me de Bardage Sans Ossature (BSO) peut \u00e9galement \u00eatre&nbsp;<strong>mis en \u0153uvre sur un enduit existant (EMI) ou une pr\u00e9c\u00e9dente v\u00eature, sans d\u00e9poser celle-ci<\/strong>&nbsp;: la fixation du bardage sans ossature traverse l\u2019enduit ou la pr\u00e9c\u00e9dente v\u00eature (parement et son isolant) pour aller se fixer dans le support situ\u00e9 derri\u00e8re.<\/p>\n\n\n\n<p class=\"wp-embed-aspect-16-9 wp-has-aspect-ratio\">En plus d\u2019\u00eatre&nbsp;<strong>plus \u00e9co-responsable<\/strong>, ce syst\u00e8me est&nbsp;<strong>tr\u00e8s \u00e9conomique<\/strong>&nbsp;: il fait gagner le temps de la d\u00e9pose de l\u2019ancienne v\u00eature ou isolant et \u00e9vite les questions de gestion des d\u00e9chets sur le chantier et de recyclage de l\u2019ancienne fa\u00e7ade, qui est comme \u00ab&nbsp;<em>recycl\u00e9e in situ&nbsp;<\/em>\u00bb :&nbsp;<strong>l\u2019ancien syst\u00e8me reste en place sous la nouvelle fa\u00e7ade et garde ses propri\u00e9t\u00e9s isolantes<\/strong>.<\/p>\n\n\n\n<figure class=\"wp-block-image size-full\"><img loading=\"lazy\" decoding=\"async\" width=\"637\" height=\"400\" src=\"https:\/\/carea-facade.com\/wp-content\/uploads\/2025\/09\/bso-pose-surisolation.jpg\" alt=\"bso pose surisolation\" class=\"wp-image-2111\" srcset=\"https:\/\/carea-facade.com\/wp-content\/uploads\/2025\/09\/bso-pose-surisolation.jpg 637w, https:\/\/carea-facade.com\/wp-content\/uploads\/2025\/09\/bso-pose-surisolation-300x188.jpg 300w\" sizes=\"auto, (max-width: 637px) 100vw, 637px\" \/><figcaption class=\"wp-element-caption\"><em>Coupe sch\u00e9ma de principe pose sur enduit mince sur isolant (EMI)<\/em><\/figcaption><\/figure>\n\n\n\n<p><\/p>\n\n\n\n<h2 class=\"wp-block-heading wp-embed-aspect-16-9 wp-has-aspect-ratio\">Le syst\u00e8me de bardage avec ossature (BAO)<\/h2>\n\n\n\n<figure class=\"wp-block-image size-medium is-resized\"><img loading=\"lazy\" decoding=\"async\" width=\"300\" height=\"131\" src=\"https:\/\/carea-facade.com\/wp-content\/uploads\/2025\/09\/BAO-1-300x131.jpg\" alt=\"BAO : Bardage Avec Ossature\" class=\"wp-image-2109\" style=\"width:300px;height:auto\" srcset=\"https:\/\/carea-facade.com\/wp-content\/uploads\/2025\/09\/BAO-1-300x131.jpg 300w, https:\/\/carea-facade.com\/wp-content\/uploads\/2025\/09\/BAO-1-768x336.jpg 768w, https:\/\/carea-facade.com\/wp-content\/uploads\/2025\/09\/BAO-1.jpg 859w\" sizes=\"auto, (max-width: 300px) 100vw, 300px\" \/><\/figure>\n\n\n\n<figure class=\"wp-block-embed is-type-video is-provider-youtube wp-block-embed-youtube\"><div class=\"wp-block-embed__wrapper\">\n<iframe loading=\"lazy\" title=\"Mise en \u0153uvre Fa\u00e7ade : le syst\u00e8me de Bardage Avec Ossature (BAO) CAREA\u00ae\" width=\"500\" height=\"281\" src=\"https:\/\/www.youtube.com\/embed\/aozOFURRkwc?feature=oembed\" frameborder=\"0\" allow=\"accelerometer; autoplay; clipboard-write; encrypted-media; gyroscope; picture-in-picture; web-share\" referrerpolicy=\"strict-origin-when-cross-origin\" allowfullscreen><\/iframe>\n<\/div><\/figure>\n\n\n\n<p class=\"wp-embed-aspect-16-9 wp-has-aspect-ratio\">Le bardage avec ossature (BAO) est un syst\u00e8me d\u2019isolation thermique par l\u2019ext\u00e9rieur (I.T.E.), constitu\u00e9 de parements fix\u00e9 sur une ossature, elle-m\u00eame solidaris\u00e9e \u00e0 la paroi support. Une isolation compl\u00e9mentaire est dispos\u00e9e entre le gros \u0153uvre et la peau de bardage, cette isolation \u00e9tant ventil\u00e9e par la lame d\u2019air circulant entre l\u2019isolant et le dos des dalles.<\/p>\n\n\n\n<p class=\"wp-embed-aspect-16-9 wp-has-aspect-ratio\">Sur toute la hauteur du bardage, une lame d\u2019air ventil\u00e9e de 20 mm minimum est m\u00e9nag\u00e9e entre la face arri\u00e8re des panneaux de parement et l\u2019isolant.<\/p>\n\n\n\n<figure class=\"wp-block-image size-large is-resized\"><img loading=\"lazy\" decoding=\"async\" width=\"1024\" height=\"566\" src=\"https:\/\/carea-facade.com\/wp-content\/uploads\/2025\/09\/bao_2-1024x566.jpg\" alt=\"bao 2\" class=\"wp-image-2108\" style=\"width:850px\" srcset=\"https:\/\/carea-facade.com\/wp-content\/uploads\/2025\/09\/bao_2-1024x566.jpg 1024w, https:\/\/carea-facade.com\/wp-content\/uploads\/2025\/09\/bao_2-300x166.jpg 300w, https:\/\/carea-facade.com\/wp-content\/uploads\/2025\/09\/bao_2-768x425.jpg 768w, https:\/\/carea-facade.com\/wp-content\/uploads\/2025\/09\/bao_2.jpg 1096w\" sizes=\"auto, (max-width: 1024px) 100vw, 1024px\" \/><figcaption class=\"wp-element-caption\"><em>Dans l\u2019ordre : bardage avec ossature bois (parements rainur\u00e9s), bardage avec ossature m\u00e9tallique (parements rainur\u00e9s), bardage avec ossature m\u00e9tallique (parements \u00e0 embo\u00eetement)<\/em><\/figcaption><\/figure>\n\n\n\n<p class=\"wp-embed-aspect-16-9 wp-has-aspect-ratio\">Plus d\u2019information sur les diff\u00e9rents types de parements&nbsp;<a href=\"https:\/\/carea-facade.com\/fr\/technique\/parements-de-facade-bardage-ite\/\">sur cette page<\/a>.<\/p>\n<\/div>\n<\/div>\n","protected":false},"excerpt":{"rendered":"<p>Syst\u00e8mes de pose Les produits CAREA se posent selon deux syst\u00e8mes pour la r\u00e9alisation d\u2019une isolation thermique par l\u2019ext\u00e9rieur, dans le cadre soit de r\u00e9habilitation d\u2019ouvrage, soit de b\u00e2timents neufs. Le syst\u00e8me de bardage sans ossature (BSO) Les syst\u00e8mes de Bardage Sans Ossature (BSO) sont des syst\u00e8mes d\u2019isolation thermique ext\u00e9rieure et sont vis\u00e9s par des [&hellip;]<\/p>\n","protected":false},"author":3,"featured_media":2106,"parent":2207,"menu_order":3,"comment_status":"open","ping_status":"closed","template":"","meta":{"_acf_changed":false,"footnotes":""},"class_list":["post-2105","page","type-page","status-publish","has-post-thumbnail","hentry"],"acf":[],"yoast_head":"<!-- This site is optimized with the Yoast SEO plugin v27.5 - https:\/\/yoast.com\/product\/yoast-seo-wordpress\/ -->\n<title>Syst\u00e8me de Pose BARDAGE Isolation Thermique Ext\u00e9rieur - Avec ou Sans Ossature<\/title>\n<meta name=\"description\" content=\"CAREA FACADE - Quels sont les syst\u00e8mes de Pose de Bardage pour une isolation thermique par l\u2019ext\u00e9rieur soit pour une r\u00e9habilitation d\u2019ouvrage soit pour des b\u00e2timents neufs ?\" \/>\n<meta name=\"robots\" content=\"index, follow, max-snippet:-1, max-image-preview:large, max-video-preview:-1\" \/>\n<link rel=\"canonical\" href=\"https:\/\/carea-facade.com\/fr\/technique\/systemes-de-pose-bardage-isolation-thermique-exterieur\/\" \/>\n<meta property=\"og:locale\" content=\"fr_FR\" \/>\n<meta property=\"og:type\" content=\"article\" \/>\n<meta property=\"og:title\" content=\"Syst\u00e8me de Pose BARDAGE Isolation Thermique Ext\u00e9rieur - Avec ou Sans Ossature\" \/>\n<meta property=\"og:description\" content=\"CAREA FACADE - Quels sont les syst\u00e8mes de Pose de Bardage pour une isolation thermique par l\u2019ext\u00e9rieur soit pour une r\u00e9habilitation d\u2019ouvrage soit pour des b\u00e2timents neufs ?\" \/>\n<meta property=\"og:url\" content=\"https:\/\/carea-facade.com\/fr\/technique\/systemes-de-pose-bardage-isolation-thermique-exterieur\/\" \/>\n<meta property=\"og:site_name\" content=\"Carea facade\" \/>\n<meta property=\"article:modified_time\" content=\"2026-04-01T07:52:34+00:00\" \/>\n<meta property=\"og:image\" content=\"https:\/\/carea-facade.com\/wp-content\/uploads\/2025\/09\/BAO.jpg\" \/>\n\t<meta property=\"og:image:width\" content=\"1096\" \/>\n\t<meta property=\"og:image:height\" content=\"606\" \/>\n\t<meta property=\"og:image:type\" content=\"image\/jpeg\" \/>\n<meta name=\"twitter:card\" content=\"summary_large_image\" \/>\n<meta name=\"twitter:label1\" content=\"Dur\u00e9e de lecture estim\u00e9e\" \/>\n\t<meta name=\"twitter:data1\" content=\"4 minutes\" \/>\n<script type=\"application\/ld+json\" class=\"yoast-schema-graph\">{\"@context\":\"https:\\\/\\\/schema.org\",\"@graph\":[{\"@type\":\"WebPage\",\"@id\":\"https:\\\/\\\/carea-facade.com\\\/fr\\\/technique\\\/systemes-de-pose-bardage-isolation-thermique-exterieur\\\/\",\"url\":\"https:\\\/\\\/carea-facade.com\\\/fr\\\/technique\\\/systemes-de-pose-bardage-isolation-thermique-exterieur\\\/\",\"name\":\"Syst\u00e8me de Pose BARDAGE Isolation Thermique Ext\u00e9rieur - Avec ou Sans Ossature\",\"isPartOf\":{\"@id\":\"https:\\\/\\\/carea-facade.com\\\/fr\\\/#website\"},\"primaryImageOfPage\":{\"@id\":\"https:\\\/\\\/carea-facade.com\\\/fr\\\/technique\\\/systemes-de-pose-bardage-isolation-thermique-exterieur\\\/#primaryimage\"},\"image\":{\"@id\":\"https:\\\/\\\/carea-facade.com\\\/fr\\\/technique\\\/systemes-de-pose-bardage-isolation-thermique-exterieur\\\/#primaryimage\"},\"thumbnailUrl\":\"https:\\\/\\\/carea-facade.com\\\/wp-content\\\/uploads\\\/2025\\\/09\\\/BAO.jpg\",\"datePublished\":\"2025-10-01T14:26:36+00:00\",\"dateModified\":\"2026-04-01T07:52:34+00:00\",\"description\":\"CAREA FACADE - Quels sont les syst\u00e8mes de Pose de Bardage pour une isolation thermique par l\u2019ext\u00e9rieur soit pour une r\u00e9habilitation d\u2019ouvrage soit pour des b\u00e2timents neufs ?\",\"breadcrumb\":{\"@id\":\"https:\\\/\\\/carea-facade.com\\\/fr\\\/technique\\\/systemes-de-pose-bardage-isolation-thermique-exterieur\\\/#breadcrumb\"},\"inLanguage\":\"fr-FR\",\"potentialAction\":[{\"@type\":\"ReadAction\",\"target\":[\"https:\\\/\\\/carea-facade.com\\\/fr\\\/technique\\\/systemes-de-pose-bardage-isolation-thermique-exterieur\\\/\"]}]},{\"@type\":\"ImageObject\",\"inLanguage\":\"fr-FR\",\"@id\":\"https:\\\/\\\/carea-facade.com\\\/fr\\\/technique\\\/systemes-de-pose-bardage-isolation-thermique-exterieur\\\/#primaryimage\",\"url\":\"https:\\\/\\\/carea-facade.com\\\/wp-content\\\/uploads\\\/2025\\\/09\\\/BAO.jpg\",\"contentUrl\":\"https:\\\/\\\/carea-facade.com\\\/wp-content\\\/uploads\\\/2025\\\/09\\\/BAO.jpg\",\"width\":1096,\"height\":606},{\"@type\":\"BreadcrumbList\",\"@id\":\"https:\\\/\\\/carea-facade.com\\\/fr\\\/technique\\\/systemes-de-pose-bardage-isolation-thermique-exterieur\\\/#breadcrumb\",\"itemListElement\":[{\"@type\":\"ListItem\",\"position\":1,\"name\":\"Accueil\",\"item\":\"https:\\\/\\\/carea-facade.com\\\/fr\\\/home\\\/\"},{\"@type\":\"ListItem\",\"position\":2,\"name\":\"Technique\",\"item\":\"https:\\\/\\\/carea-facade.com\\\/fr\\\/technique\\\/\"},{\"@type\":\"ListItem\",\"position\":3,\"name\":\"Syst\u00e8mes de pose\"}]},{\"@type\":\"WebSite\",\"@id\":\"https:\\\/\\\/carea-facade.com\\\/fr\\\/#website\",\"url\":\"https:\\\/\\\/carea-facade.com\\\/fr\\\/\",\"name\":\"Carea facade\",\"description\":\"\",\"publisher\":{\"@id\":\"https:\\\/\\\/carea-facade.com\\\/fr\\\/#organization\"},\"potentialAction\":[{\"@type\":\"SearchAction\",\"target\":{\"@type\":\"EntryPoint\",\"urlTemplate\":\"https:\\\/\\\/carea-facade.com\\\/fr\\\/?s={search_term_string}\"},\"query-input\":{\"@type\":\"PropertyValueSpecification\",\"valueRequired\":true,\"valueName\":\"search_term_string\"}}],\"inLanguage\":\"fr-FR\"},{\"@type\":\"Organization\",\"@id\":\"https:\\\/\\\/carea-facade.com\\\/fr\\\/#organization\",\"name\":\"Carea facade\",\"url\":\"https:\\\/\\\/carea-facade.com\\\/fr\\\/\",\"logo\":{\"@type\":\"ImageObject\",\"inLanguage\":\"fr-FR\",\"@id\":\"https:\\\/\\\/carea-facade.com\\\/fr\\\/#\\\/schema\\\/logo\\\/image\\\/\",\"url\":\"https:\\\/\\\/carea-facade.com\\\/wp-content\\\/uploads\\\/2025\\\/10\\\/logo-carea.svg\",\"contentUrl\":\"https:\\\/\\\/carea-facade.com\\\/wp-content\\\/uploads\\\/2025\\\/10\\\/logo-carea.svg\",\"width\":131,\"height\":95,\"caption\":\"Carea facade\"},\"image\":{\"@id\":\"https:\\\/\\\/carea-facade.com\\\/fr\\\/#\\\/schema\\\/logo\\\/image\\\/\"}}]}<\/script>\n<!-- \/ Yoast SEO plugin. -->","yoast_head_json":{"title":"Syst\u00e8me de Pose BARDAGE Isolation Thermique Ext\u00e9rieur - Avec ou Sans Ossature","description":"CAREA FACADE - Quels sont les syst\u00e8mes de Pose de Bardage pour une isolation thermique par l\u2019ext\u00e9rieur soit pour une r\u00e9habilitation d\u2019ouvrage soit pour des b\u00e2timents neufs ?","robots":{"index":"index","follow":"follow","max-snippet":"max-snippet:-1","max-image-preview":"max-image-preview:large","max-video-preview":"max-video-preview:-1"},"canonical":"https:\/\/carea-facade.com\/fr\/technique\/systemes-de-pose-bardage-isolation-thermique-exterieur\/","og_locale":"fr_FR","og_type":"article","og_title":"Syst\u00e8me de Pose BARDAGE Isolation Thermique Ext\u00e9rieur - Avec ou Sans Ossature","og_description":"CAREA FACADE - Quels sont les syst\u00e8mes de Pose de Bardage pour une isolation thermique par l\u2019ext\u00e9rieur soit pour une r\u00e9habilitation d\u2019ouvrage soit pour des b\u00e2timents neufs ?","og_url":"https:\/\/carea-facade.com\/fr\/technique\/systemes-de-pose-bardage-isolation-thermique-exterieur\/","og_site_name":"Carea facade","article_modified_time":"2026-04-01T07:52:34+00:00","og_image":[{"width":1096,"height":606,"url":"https:\/\/carea-facade.com\/wp-content\/uploads\/2025\/09\/BAO.jpg","type":"image\/jpeg"}],"twitter_card":"summary_large_image","twitter_misc":{"Dur\u00e9e de lecture estim\u00e9e":"4 minutes"},"schema":{"@context":"https:\/\/schema.org","@graph":[{"@type":"WebPage","@id":"https:\/\/carea-facade.com\/fr\/technique\/systemes-de-pose-bardage-isolation-thermique-exterieur\/","url":"https:\/\/carea-facade.com\/fr\/technique\/systemes-de-pose-bardage-isolation-thermique-exterieur\/","name":"Syst\u00e8me de Pose BARDAGE Isolation Thermique Ext\u00e9rieur - Avec ou Sans Ossature","isPartOf":{"@id":"https:\/\/carea-facade.com\/fr\/#website"},"primaryImageOfPage":{"@id":"https:\/\/carea-facade.com\/fr\/technique\/systemes-de-pose-bardage-isolation-thermique-exterieur\/#primaryimage"},"image":{"@id":"https:\/\/carea-facade.com\/fr\/technique\/systemes-de-pose-bardage-isolation-thermique-exterieur\/#primaryimage"},"thumbnailUrl":"https:\/\/carea-facade.com\/wp-content\/uploads\/2025\/09\/BAO.jpg","datePublished":"2025-10-01T14:26:36+00:00","dateModified":"2026-04-01T07:52:34+00:00","description":"CAREA FACADE - Quels sont les syst\u00e8mes de Pose de Bardage pour une isolation thermique par l\u2019ext\u00e9rieur soit pour une r\u00e9habilitation d\u2019ouvrage soit pour des b\u00e2timents neufs ?","breadcrumb":{"@id":"https:\/\/carea-facade.com\/fr\/technique\/systemes-de-pose-bardage-isolation-thermique-exterieur\/#breadcrumb"},"inLanguage":"fr-FR","potentialAction":[{"@type":"ReadAction","target":["https:\/\/carea-facade.com\/fr\/technique\/systemes-de-pose-bardage-isolation-thermique-exterieur\/"]}]},{"@type":"ImageObject","inLanguage":"fr-FR","@id":"https:\/\/carea-facade.com\/fr\/technique\/systemes-de-pose-bardage-isolation-thermique-exterieur\/#primaryimage","url":"https:\/\/carea-facade.com\/wp-content\/uploads\/2025\/09\/BAO.jpg","contentUrl":"https:\/\/carea-facade.com\/wp-content\/uploads\/2025\/09\/BAO.jpg","width":1096,"height":606},{"@type":"BreadcrumbList","@id":"https:\/\/carea-facade.com\/fr\/technique\/systemes-de-pose-bardage-isolation-thermique-exterieur\/#breadcrumb","itemListElement":[{"@type":"ListItem","position":1,"name":"Accueil","item":"https:\/\/carea-facade.com\/fr\/home\/"},{"@type":"ListItem","position":2,"name":"Technique","item":"https:\/\/carea-facade.com\/fr\/technique\/"},{"@type":"ListItem","position":3,"name":"Syst\u00e8mes de pose"}]},{"@type":"WebSite","@id":"https:\/\/carea-facade.com\/fr\/#website","url":"https:\/\/carea-facade.com\/fr\/","name":"Carea facade","description":"","publisher":{"@id":"https:\/\/carea-facade.com\/fr\/#organization"},"potentialAction":[{"@type":"SearchAction","target":{"@type":"EntryPoint","urlTemplate":"https:\/\/carea-facade.com\/fr\/?s={search_term_string}"},"query-input":{"@type":"PropertyValueSpecification","valueRequired":true,"valueName":"search_term_string"}}],"inLanguage":"fr-FR"},{"@type":"Organization","@id":"https:\/\/carea-facade.com\/fr\/#organization","name":"Carea facade","url":"https:\/\/carea-facade.com\/fr\/","logo":{"@type":"ImageObject","inLanguage":"fr-FR","@id":"https:\/\/carea-facade.com\/fr\/#\/schema\/logo\/image\/","url":"https:\/\/carea-facade.com\/wp-content\/uploads\/2025\/10\/logo-carea.svg","contentUrl":"https:\/\/carea-facade.com\/wp-content\/uploads\/2025\/10\/logo-carea.svg","width":131,"height":95,"caption":"Carea facade"},"image":{"@id":"https:\/\/carea-facade.com\/fr\/#\/schema\/logo\/image\/"}}]}},"_links":{"self":[{"href":"https:\/\/carea-facade.com\/fr\/wp-json\/wp\/v2\/pages\/2105","targetHints":{"allow":["GET"]}}],"collection":[{"href":"https:\/\/carea-facade.com\/fr\/wp-json\/wp\/v2\/pages"}],"about":[{"href":"https:\/\/carea-facade.com\/fr\/wp-json\/wp\/v2\/types\/page"}],"author":[{"embeddable":true,"href":"https:\/\/carea-facade.com\/fr\/wp-json\/wp\/v2\/users\/3"}],"replies":[{"embeddable":true,"href":"https:\/\/carea-facade.com\/fr\/wp-json\/wp\/v2\/comments?post=2105"}],"version-history":[{"count":22,"href":"https:\/\/carea-facade.com\/fr\/wp-json\/wp\/v2\/pages\/2105\/revisions"}],"predecessor-version":[{"id":23998,"href":"https:\/\/carea-facade.com\/fr\/wp-json\/wp\/v2\/pages\/2105\/revisions\/23998"}],"up":[{"embeddable":true,"href":"https:\/\/carea-facade.com\/fr\/wp-json\/wp\/v2\/pages\/2207"}],"wp:featuredmedia":[{"embeddable":true,"href":"https:\/\/carea-facade.com\/fr\/wp-json\/wp\/v2\/media\/2106"}],"wp:attachment":[{"href":"https:\/\/carea-facade.com\/fr\/wp-json\/wp\/v2\/media?parent=2105"}],"curies":[{"name":"wp","href":"https:\/\/api.w.org\/{rel}","templated":true}]}}