{"id":2193,"date":"2025-10-01T16:26:36","date_gmt":"2025-10-01T14:26:36","guid":{"rendered":"https:\/\/carea-facade.com\/parements-facade-soubassements-batiments\/"},"modified":"2026-02-12T14:25:21","modified_gmt":"2026-02-12T13:25:21","slug":"parements-facade-soubassements-batiments","status":"publish","type":"page","link":"https:\/\/carea-facade.com\/fr\/technique\/parements-facade-soubassements-batiments\/","title":{"rendered":"Soubassements"},"content":{"rendered":"\n<div class=\"wp-block-group has-global-padding is-layout-constrained wp-container-core-group-is-layout-3bb13389 wp-block-group-is-layout-constrained\" style=\"padding-top:var(--wp--preset--spacing--theme-default);padding-right:var(--wp--preset--spacing--theme-xs);padding-bottom:var(--wp--preset--spacing--theme-default);padding-left:var(--wp--preset--spacing--theme-xs)\">\n<div class=\"wp-block-group content-content-group is-vertical is-layout-flex wp-container-core-group-is-layout-d309df8e wp-block-group-is-layout-flex\">\n<h1 class=\"wp-block-heading has-text-align-left has-black-color has-text-color\" style=\"margin-bottom:40px;font-style:normal;font-weight:500;text-transform:uppercase\">Soubassements<\/h1>\n\n\n\n<p class=\"wp-embed-aspect-16-9 wp-has-aspect-ratio\">De par sa nature min\u00e9rale r\u00e9sistante et non poreuse, le Min\u00e9ral Composite CAREA<sup>\u00ae<\/sup>&nbsp;est id\u00e9al pour les soubassements des b\u00e2timents.<\/p>\n\n\n\n<h2 class=\"wp-block-heading wp-embed-aspect-16-9 wp-has-aspect-ratio\">Les risques<\/h2>\n\n\n\n<p class=\"wp-embed-aspect-16-9 wp-has-aspect-ratio\">Les rez-de-chauss\u00e9e de b\u00e2timents (logement, tertiaire public et priv\u00e9, commerce, \u00e9tablissement scolaire,&nbsp;\u2026) sont r\u00e9guli\u00e8rement soumis \u00e0 diverses agressions, sources de d\u00e9gradations&nbsp;:<\/p>\n\n\n\n<ul class=\"wp-block-list wp-embed-aspect-16-9 wp-has-aspect-ratio\">\n<li>Vandalisme<\/li>\n\n\n\n<li>Graffiti<\/li>\n\n\n\n<li>Aire de jeux<\/li>\n\n\n\n<li>Zone de circulation<\/li>\n\n\n\n<li>Encrassement<\/li>\n<\/ul>\n\n\n\n<p class=\"wp-embed-aspect-16-9 wp-has-aspect-ratio\">Ces d\u00e9gradations d\u00e9valorisent le patrimoine, engendrent des risques pour les occupants et augmentent les co\u00fbts de maintenance et d\u2019entretien.<\/p>\n\n\n\n<figure class=\"wp-block-image size-full is-resized\"><img loading=\"lazy\" decoding=\"async\" width=\"1024\" height=\"1024\" src=\"https:\/\/carea-facade.com\/wp-content\/uploads\/2025\/09\/DALL\u00b7E-2023-09-13-13.37.50-une-personne-qui-tag-a-la-bombe-une-facade-urbaine.png\" alt=\"Tag, d\u00e9gradation\" class=\"wp-image-2197\" style=\"width:425px\" srcset=\"https:\/\/carea-facade.com\/wp-content\/uploads\/2025\/09\/DALL\u00b7E-2023-09-13-13.37.50-une-personne-qui-tag-a-la-bombe-une-facade-urbaine.png 1024w, https:\/\/carea-facade.com\/wp-content\/uploads\/2025\/09\/DALL\u00b7E-2023-09-13-13.37.50-une-personne-qui-tag-a-la-bombe-une-facade-urbaine-300x300.png 300w, https:\/\/carea-facade.com\/wp-content\/uploads\/2025\/09\/DALL\u00b7E-2023-09-13-13.37.50-une-personne-qui-tag-a-la-bombe-une-facade-urbaine-150x150.png 150w, https:\/\/carea-facade.com\/wp-content\/uploads\/2025\/09\/DALL\u00b7E-2023-09-13-13.37.50-une-personne-qui-tag-a-la-bombe-une-facade-urbaine-768x768.png 768w\" sizes=\"auto, (max-width: 1024px) 100vw, 1024px\" \/><\/figure>\n\n\n\n<p class=\"wp-embed-aspect-16-9 wp-has-aspect-ratio\" id=\"solutions-carea\">Les rez-de-chauss\u00e9e n\u00e9cessitent donc une r\u00e9ponse sp\u00e9cifique&nbsp;:<\/p>\n\n\n\n<ul class=\"wp-block-list wp-embed-aspect-16-9 wp-has-aspect-ratio\">\n<li>R\u00e9sistante<\/li>\n\n\n\n<li>P\u00e9renne<\/li>\n\n\n\n<li>S\u00e9curitaire<\/li>\n\n\n\n<li>De maintenance facile<\/li>\n<\/ul>\n\n\n\n<h2 class=\"wp-block-heading wp-embed-aspect-16-9 wp-has-aspect-ratio\">La r\u00e9glementation<\/h2>\n\n\n\n<p class=\"wp-embed-aspect-16-9 wp-has-aspect-ratio\">Deux documents g\u00e9n\u00e9raux, r\u00e9f\u00e9rentiels du CSTB, aident les Ma\u00eetres d\u2019Ouvrage et Ma\u00eetres d\u2019\u0152uvre \u00e0 d\u00e9finir les performances de l\u2019ouvrage dans les pi\u00e8ces \u00e9crites.<\/p>\n\n\n\n<p class=\"wp-embed-aspect-16-9 wp-has-aspect-ratio\">Ils d\u00e9finissent&nbsp;:<\/p>\n\n\n\n<ul class=\"wp-block-list wp-embed-aspect-16-9 wp-has-aspect-ratio\">\n<li>Les modalit\u00e9s d\u2019\u00e9valuation des performances des bardages, v\u00eatures, v\u00eatages :&nbsp;<strong>CPT 3534 du CSTB<\/strong>.<\/li>\n\n\n\n<li>Les exigences des performances \u00e0 atteindre en fonction de l\u2019exposition du b\u00e2timent (aire de jeux, zone de circulation, \u2026)&nbsp;:&nbsp;<strong>CPT 3546 du CSTB<\/strong>.<\/li>\n<\/ul>\n\n\n\n<figure class=\"wp-block-gallery has-nested-images columns-default is-cropped wp-block-gallery-1 is-layout-flex wp-block-gallery-is-layout-flex\">\n<figure class=\"wp-block-image size-large\"><img loading=\"lazy\" decoding=\"async\" width=\"1024\" height=\"768\" data-id=\"5608\" src=\"https:\/\/carea-facade.com\/wp-content\/uploads\/2025\/09\/ecole-albert-camus-villiers-sur-marne-94-23-1024x768.jpg\" alt=\"ecole albert camus villiers sur marne 94 23\" class=\"wp-image-5608\" srcset=\"https:\/\/carea-facade.com\/wp-content\/uploads\/2025\/09\/ecole-albert-camus-villiers-sur-marne-94-23-1024x768.jpg 1024w, https:\/\/carea-facade.com\/wp-content\/uploads\/2025\/09\/ecole-albert-camus-villiers-sur-marne-94-23-300x225.jpg 300w, https:\/\/carea-facade.com\/wp-content\/uploads\/2025\/09\/ecole-albert-camus-villiers-sur-marne-94-23-768x576.jpg 768w, https:\/\/carea-facade.com\/wp-content\/uploads\/2025\/09\/ecole-albert-camus-villiers-sur-marne-94-23-1536x1152.jpg 1536w, https:\/\/carea-facade.com\/wp-content\/uploads\/2025\/09\/ecole-albert-camus-villiers-sur-marne-94-23.jpg 2048w\" sizes=\"auto, (max-width: 1024px) 100vw, 1024px\" \/><\/figure>\n\n\n\n<figure class=\"wp-block-image size-large\"><img loading=\"lazy\" decoding=\"async\" width=\"768\" height=\"1024\" data-id=\"5563\" src=\"https:\/\/carea-facade.com\/wp-content\/uploads\/2025\/09\/75-PARIS-TOURS-DES-JEUNES-MARIES-ART-RHO-5-768x1024.jpg\" alt=\"75 PARIS TOURS DES JEUNES MARIES ART RHO 5 scaled\" class=\"wp-image-5563\" srcset=\"https:\/\/carea-facade.com\/wp-content\/uploads\/2025\/09\/75-PARIS-TOURS-DES-JEUNES-MARIES-ART-RHO-5-768x1024.jpg 768w, https:\/\/carea-facade.com\/wp-content\/uploads\/2025\/09\/75-PARIS-TOURS-DES-JEUNES-MARIES-ART-RHO-5-225x300.jpg 225w, https:\/\/carea-facade.com\/wp-content\/uploads\/2025\/09\/75-PARIS-TOURS-DES-JEUNES-MARIES-ART-RHO-5-1152x1536.jpg 1152w, https:\/\/carea-facade.com\/wp-content\/uploads\/2025\/09\/75-PARIS-TOURS-DES-JEUNES-MARIES-ART-RHO-5-1536x2048.jpg 1536w, https:\/\/carea-facade.com\/wp-content\/uploads\/2025\/09\/75-PARIS-TOURS-DES-JEUNES-MARIES-ART-RHO-5-scaled.jpg 1920w\" sizes=\"auto, (max-width: 768px) 100vw, 768px\" \/><\/figure>\n\n\n\n<figure class=\"wp-block-image size-large\"><img loading=\"lazy\" decoding=\"async\" width=\"1024\" height=\"768\" data-id=\"5306\" src=\"https:\/\/carea-facade.com\/wp-content\/uploads\/2025\/09\/79_Theatre-NIORT_AQUI-LISSE-1-1024x768.jpg\" alt=\"79 Theatre NIORT AQUI LISSE 1 scaled\" class=\"wp-image-5306\" srcset=\"https:\/\/carea-facade.com\/wp-content\/uploads\/2025\/09\/79_Theatre-NIORT_AQUI-LISSE-1-1024x768.jpg 1024w, https:\/\/carea-facade.com\/wp-content\/uploads\/2025\/09\/79_Theatre-NIORT_AQUI-LISSE-1-300x225.jpg 300w, https:\/\/carea-facade.com\/wp-content\/uploads\/2025\/09\/79_Theatre-NIORT_AQUI-LISSE-1-768x576.jpg 768w, https:\/\/carea-facade.com\/wp-content\/uploads\/2025\/09\/79_Theatre-NIORT_AQUI-LISSE-1-1536x1152.jpg 1536w, https:\/\/carea-facade.com\/wp-content\/uploads\/2025\/09\/79_Theatre-NIORT_AQUI-LISSE-1-2048x1536.jpg 2048w\" sizes=\"auto, (max-width: 1024px) 100vw, 1024px\" \/><\/figure>\n<\/figure>\n\n\n\n<h2 class=\"wp-block-heading wp-embed-aspect-16-9 wp-has-aspect-ratio\">Les solutions CAREA<sup>\u00ae<\/sup><\/h2>\n\n\n\n<p class=\"wp-embed-aspect-16-9 wp-has-aspect-ratio\">Les parements CAREA<sup>\u00ae<\/sup>&nbsp;sont constitu\u00e9s d\u2019un mat\u00e9riau unique et exclusif&nbsp;:&nbsp;<strong><a href=\"https:\/\/carea-facade.com\/fr\/bardage-parement-facade-mineral-composite\/\">le Min\u00e9ral<\/a><\/strong>, qui convient parfaitement pour les applications en soubassements.<\/p>\n\n\n\n<ul class=\"wp-block-list wp-embed-aspect-16-9 wp-has-aspect-ratio\">\n<li><strong>Non poreux, naturellement anti-graffiti et r\u00e9sistant \u00e0 l\u2019encrassement<\/strong><\/li>\n\n\n\n<li><strong>Hautement r\u00e9sistant aux chocs<\/strong><\/li>\n\n\n\n<li><strong>Des gammes de produits Q4 d\u00e9di\u00e9es aux soubassements : \u00e9paisseurs adapt\u00e9es, renforcement par fibres de verre<\/strong><\/li>\n\n\n\n<li><strong>Solutions de mise en \u0153uvre standards : pas de renforcement de l\u2019ossature primaire ni d\u2019accessoires compl\u00e9mentaires<\/strong><\/li>\n\n\n\n<li><strong>Fixations invisibles quel que soit le syst\u00e8me : d\u00e9montage intempestif impossible<\/strong><\/li>\n\n\n\n<li><strong>Retours de bardage et formes courbes sur mesure possibles<\/strong><\/li>\n\n\n\n<li><strong>La solution \u00e9conomique en bardage avec ossature (BAO) comme en bardage sans ossature (BSO)<\/strong><\/li>\n<\/ul>\n<\/div>\n\n\n\n<figure class=\"wp-block-embed is-type-rich is-provider-prise-en-charge-des-contenus-embarqu-s wp-block-embed-prise-en-charge-des-contenus-embarqu-s\"><div class=\"wp-block-embed__wrapper\">\n<iframe loading=\"lazy\" title=\"CAREA\u00ae - la fa\u00e7ade min\u00e9rale r\u00e9sistante et durable\" width=\"500\" height=\"281\" src=\"https:\/\/www.youtube.com\/embed\/L3nhxYBdmvU?feature=oembed&#038;enablejsapi=1&#038;origin=https:\/\/carea-facade.com\" frameborder=\"0\" allow=\"accelerometer; autoplay; clipboard-write; encrypted-media; gyroscope; picture-in-picture; web-share\" referrerpolicy=\"strict-origin-when-cross-origin\" allowfullscreen><\/iframe>\n<\/div><\/figure>\n<\/div>\n","protected":false},"excerpt":{"rendered":"<p>Soubassements De par sa nature min\u00e9rale r\u00e9sistante et non poreuse, le Min\u00e9ral Composite CAREA\u00ae&nbsp;est id\u00e9al pour les soubassements des b\u00e2timents. Les risques Les rez-de-chauss\u00e9e de b\u00e2timents (logement, tertiaire public et priv\u00e9, commerce, \u00e9tablissement scolaire,&nbsp;\u2026) sont r\u00e9guli\u00e8rement soumis \u00e0 diverses agressions, sources de d\u00e9gradations&nbsp;: Ces d\u00e9gradations d\u00e9valorisent le patrimoine, engendrent des risques pour les occupants et [&hellip;]<\/p>\n","protected":false},"author":3,"featured_media":2194,"parent":2207,"menu_order":5,"comment_status":"open","ping_status":"closed","template":"","meta":{"_acf_changed":false,"footnotes":""},"class_list":["post-2193","page","type-page","status-publish","has-post-thumbnail","hentry"],"acf":[],"yoast_head":"<!-- This site is optimized with the Yoast SEO plugin v27.5 - https:\/\/yoast.com\/product\/yoast-seo-wordpress\/ -->\n<title>Soubassement B\u00e2timent : quels parements de Fa\u00e7ade, Bardage Utiliser ?<\/title>\n<meta name=\"description\" content=\"CAREA FACADE - Quels parements de fa\u00e7ade, bardage utliser pour les Soubassements de b\u00e2timents ? Risques (Graffiti, vandalisme...), r\u00e9glementations, solutions.\" \/>\n<meta name=\"robots\" content=\"index, follow, max-snippet:-1, max-image-preview:large, max-video-preview:-1\" \/>\n<link rel=\"canonical\" href=\"https:\/\/carea-facade.com\/fr\/technique\/parements-facade-soubassements-batiments\/\" \/>\n<meta property=\"og:locale\" content=\"fr_FR\" \/>\n<meta property=\"og:type\" content=\"article\" \/>\n<meta property=\"og:title\" content=\"Soubassement B\u00e2timent : quels parements de Fa\u00e7ade, Bardage Utiliser ?\" \/>\n<meta property=\"og:description\" content=\"CAREA FACADE - Quels parements de fa\u00e7ade, bardage utliser pour les Soubassements de b\u00e2timents ? Risques (Graffiti, vandalisme...), r\u00e9glementations, solutions.\" \/>\n<meta property=\"og:url\" content=\"https:\/\/carea-facade.com\/fr\/technique\/parements-facade-soubassements-batiments\/\" \/>\n<meta property=\"og:site_name\" content=\"Carea facade\" \/>\n<meta property=\"article:modified_time\" content=\"2026-02-12T13:25:21+00:00\" \/>\n<meta property=\"og:image\" content=\"https:\/\/carea-facade.com\/wp-content\/uploads\/2025\/09\/real1.jpg\" \/>\n\t<meta property=\"og:image:width\" content=\"1096\" \/>\n\t<meta property=\"og:image:height\" content=\"606\" \/>\n\t<meta property=\"og:image:type\" content=\"image\/jpeg\" \/>\n<meta name=\"twitter:card\" content=\"summary_large_image\" \/>\n<meta name=\"twitter:label1\" content=\"Dur\u00e9e de lecture estim\u00e9e\" \/>\n\t<meta name=\"twitter:data1\" content=\"3 minutes\" \/>\n<script type=\"application\/ld+json\" class=\"yoast-schema-graph\">{\"@context\":\"https:\\\/\\\/schema.org\",\"@graph\":[{\"@type\":\"WebPage\",\"@id\":\"https:\\\/\\\/carea-facade.com\\\/fr\\\/technique\\\/parements-facade-soubassements-batiments\\\/\",\"url\":\"https:\\\/\\\/carea-facade.com\\\/fr\\\/technique\\\/parements-facade-soubassements-batiments\\\/\",\"name\":\"Soubassement B\u00e2timent : quels parements de Fa\u00e7ade, Bardage Utiliser ?\",\"isPartOf\":{\"@id\":\"https:\\\/\\\/carea-facade.com\\\/fr\\\/#website\"},\"primaryImageOfPage\":{\"@id\":\"https:\\\/\\\/carea-facade.com\\\/fr\\\/technique\\\/parements-facade-soubassements-batiments\\\/#primaryimage\"},\"image\":{\"@id\":\"https:\\\/\\\/carea-facade.com\\\/fr\\\/technique\\\/parements-facade-soubassements-batiments\\\/#primaryimage\"},\"thumbnailUrl\":\"https:\\\/\\\/carea-facade.com\\\/wp-content\\\/uploads\\\/2025\\\/09\\\/real1.jpg\",\"datePublished\":\"2025-10-01T14:26:36+00:00\",\"dateModified\":\"2026-02-12T13:25:21+00:00\",\"description\":\"CAREA FACADE - Quels parements de fa\u00e7ade, bardage utliser pour les Soubassements de b\u00e2timents ? Risques (Graffiti, vandalisme...), r\u00e9glementations, solutions.\",\"breadcrumb\":{\"@id\":\"https:\\\/\\\/carea-facade.com\\\/fr\\\/technique\\\/parements-facade-soubassements-batiments\\\/#breadcrumb\"},\"inLanguage\":\"fr-FR\",\"potentialAction\":[{\"@type\":\"ReadAction\",\"target\":[\"https:\\\/\\\/carea-facade.com\\\/fr\\\/technique\\\/parements-facade-soubassements-batiments\\\/\"]}]},{\"@type\":\"ImageObject\",\"inLanguage\":\"fr-FR\",\"@id\":\"https:\\\/\\\/carea-facade.com\\\/fr\\\/technique\\\/parements-facade-soubassements-batiments\\\/#primaryimage\",\"url\":\"https:\\\/\\\/carea-facade.com\\\/wp-content\\\/uploads\\\/2025\\\/09\\\/real1.jpg\",\"contentUrl\":\"https:\\\/\\\/carea-facade.com\\\/wp-content\\\/uploads\\\/2025\\\/09\\\/real1.jpg\",\"width\":1096,\"height\":606,\"caption\":\"real1\"},{\"@type\":\"BreadcrumbList\",\"@id\":\"https:\\\/\\\/carea-facade.com\\\/fr\\\/technique\\\/parements-facade-soubassements-batiments\\\/#breadcrumb\",\"itemListElement\":[{\"@type\":\"ListItem\",\"position\":1,\"name\":\"Accueil\",\"item\":\"https:\\\/\\\/carea-facade.com\\\/fr\\\/home\\\/\"},{\"@type\":\"ListItem\",\"position\":2,\"name\":\"Technique\",\"item\":\"https:\\\/\\\/carea-facade.com\\\/fr\\\/technique\\\/\"},{\"@type\":\"ListItem\",\"position\":3,\"name\":\"Soubassements\"}]},{\"@type\":\"WebSite\",\"@id\":\"https:\\\/\\\/carea-facade.com\\\/fr\\\/#website\",\"url\":\"https:\\\/\\\/carea-facade.com\\\/fr\\\/\",\"name\":\"Carea facade\",\"description\":\"\",\"publisher\":{\"@id\":\"https:\\\/\\\/carea-facade.com\\\/fr\\\/#organization\"},\"potentialAction\":[{\"@type\":\"SearchAction\",\"target\":{\"@type\":\"EntryPoint\",\"urlTemplate\":\"https:\\\/\\\/carea-facade.com\\\/fr\\\/?s={search_term_string}\"},\"query-input\":{\"@type\":\"PropertyValueSpecification\",\"valueRequired\":true,\"valueName\":\"search_term_string\"}}],\"inLanguage\":\"fr-FR\"},{\"@type\":\"Organization\",\"@id\":\"https:\\\/\\\/carea-facade.com\\\/fr\\\/#organization\",\"name\":\"Carea facade\",\"url\":\"https:\\\/\\\/carea-facade.com\\\/fr\\\/\",\"logo\":{\"@type\":\"ImageObject\",\"inLanguage\":\"fr-FR\",\"@id\":\"https:\\\/\\\/carea-facade.com\\\/fr\\\/#\\\/schema\\\/logo\\\/image\\\/\",\"url\":\"https:\\\/\\\/carea-facade.com\\\/wp-content\\\/uploads\\\/2025\\\/10\\\/logo-carea.svg\",\"contentUrl\":\"https:\\\/\\\/carea-facade.com\\\/wp-content\\\/uploads\\\/2025\\\/10\\\/logo-carea.svg\",\"width\":131,\"height\":95,\"caption\":\"Carea facade\"},\"image\":{\"@id\":\"https:\\\/\\\/carea-facade.com\\\/fr\\\/#\\\/schema\\\/logo\\\/image\\\/\"}}]}<\/script>\n<!-- \/ Yoast SEO plugin. -->","yoast_head_json":{"title":"Soubassement B\u00e2timent : quels parements de Fa\u00e7ade, Bardage Utiliser ?","description":"CAREA FACADE - Quels parements de fa\u00e7ade, bardage utliser pour les Soubassements de b\u00e2timents ? Risques (Graffiti, vandalisme...), r\u00e9glementations, solutions.","robots":{"index":"index","follow":"follow","max-snippet":"max-snippet:-1","max-image-preview":"max-image-preview:large","max-video-preview":"max-video-preview:-1"},"canonical":"https:\/\/carea-facade.com\/fr\/technique\/parements-facade-soubassements-batiments\/","og_locale":"fr_FR","og_type":"article","og_title":"Soubassement B\u00e2timent : quels parements de Fa\u00e7ade, Bardage Utiliser ?","og_description":"CAREA FACADE - Quels parements de fa\u00e7ade, bardage utliser pour les Soubassements de b\u00e2timents ? Risques (Graffiti, vandalisme...), r\u00e9glementations, solutions.","og_url":"https:\/\/carea-facade.com\/fr\/technique\/parements-facade-soubassements-batiments\/","og_site_name":"Carea facade","article_modified_time":"2026-02-12T13:25:21+00:00","og_image":[{"width":1096,"height":606,"url":"https:\/\/carea-facade.com\/wp-content\/uploads\/2025\/09\/real1.jpg","type":"image\/jpeg"}],"twitter_card":"summary_large_image","twitter_misc":{"Dur\u00e9e de lecture estim\u00e9e":"3 minutes"},"schema":{"@context":"https:\/\/schema.org","@graph":[{"@type":"WebPage","@id":"https:\/\/carea-facade.com\/fr\/technique\/parements-facade-soubassements-batiments\/","url":"https:\/\/carea-facade.com\/fr\/technique\/parements-facade-soubassements-batiments\/","name":"Soubassement B\u00e2timent : quels parements de Fa\u00e7ade, Bardage Utiliser ?","isPartOf":{"@id":"https:\/\/carea-facade.com\/fr\/#website"},"primaryImageOfPage":{"@id":"https:\/\/carea-facade.com\/fr\/technique\/parements-facade-soubassements-batiments\/#primaryimage"},"image":{"@id":"https:\/\/carea-facade.com\/fr\/technique\/parements-facade-soubassements-batiments\/#primaryimage"},"thumbnailUrl":"https:\/\/carea-facade.com\/wp-content\/uploads\/2025\/09\/real1.jpg","datePublished":"2025-10-01T14:26:36+00:00","dateModified":"2026-02-12T13:25:21+00:00","description":"CAREA FACADE - Quels parements de fa\u00e7ade, bardage utliser pour les Soubassements de b\u00e2timents ? Risques (Graffiti, vandalisme...), r\u00e9glementations, solutions.","breadcrumb":{"@id":"https:\/\/carea-facade.com\/fr\/technique\/parements-facade-soubassements-batiments\/#breadcrumb"},"inLanguage":"fr-FR","potentialAction":[{"@type":"ReadAction","target":["https:\/\/carea-facade.com\/fr\/technique\/parements-facade-soubassements-batiments\/"]}]},{"@type":"ImageObject","inLanguage":"fr-FR","@id":"https:\/\/carea-facade.com\/fr\/technique\/parements-facade-soubassements-batiments\/#primaryimage","url":"https:\/\/carea-facade.com\/wp-content\/uploads\/2025\/09\/real1.jpg","contentUrl":"https:\/\/carea-facade.com\/wp-content\/uploads\/2025\/09\/real1.jpg","width":1096,"height":606,"caption":"real1"},{"@type":"BreadcrumbList","@id":"https:\/\/carea-facade.com\/fr\/technique\/parements-facade-soubassements-batiments\/#breadcrumb","itemListElement":[{"@type":"ListItem","position":1,"name":"Accueil","item":"https:\/\/carea-facade.com\/fr\/home\/"},{"@type":"ListItem","position":2,"name":"Technique","item":"https:\/\/carea-facade.com\/fr\/technique\/"},{"@type":"ListItem","position":3,"name":"Soubassements"}]},{"@type":"WebSite","@id":"https:\/\/carea-facade.com\/fr\/#website","url":"https:\/\/carea-facade.com\/fr\/","name":"Carea facade","description":"","publisher":{"@id":"https:\/\/carea-facade.com\/fr\/#organization"},"potentialAction":[{"@type":"SearchAction","target":{"@type":"EntryPoint","urlTemplate":"https:\/\/carea-facade.com\/fr\/?s={search_term_string}"},"query-input":{"@type":"PropertyValueSpecification","valueRequired":true,"valueName":"search_term_string"}}],"inLanguage":"fr-FR"},{"@type":"Organization","@id":"https:\/\/carea-facade.com\/fr\/#organization","name":"Carea facade","url":"https:\/\/carea-facade.com\/fr\/","logo":{"@type":"ImageObject","inLanguage":"fr-FR","@id":"https:\/\/carea-facade.com\/fr\/#\/schema\/logo\/image\/","url":"https:\/\/carea-facade.com\/wp-content\/uploads\/2025\/10\/logo-carea.svg","contentUrl":"https:\/\/carea-facade.com\/wp-content\/uploads\/2025\/10\/logo-carea.svg","width":131,"height":95,"caption":"Carea facade"},"image":{"@id":"https:\/\/carea-facade.com\/fr\/#\/schema\/logo\/image\/"}}]}},"_links":{"self":[{"href":"https:\/\/carea-facade.com\/fr\/wp-json\/wp\/v2\/pages\/2193","targetHints":{"allow":["GET"]}}],"collection":[{"href":"https:\/\/carea-facade.com\/fr\/wp-json\/wp\/v2\/pages"}],"about":[{"href":"https:\/\/carea-facade.com\/fr\/wp-json\/wp\/v2\/types\/page"}],"author":[{"embeddable":true,"href":"https:\/\/carea-facade.com\/fr\/wp-json\/wp\/v2\/users\/3"}],"replies":[{"embeddable":true,"href":"https:\/\/carea-facade.com\/fr\/wp-json\/wp\/v2\/comments?post=2193"}],"version-history":[{"count":22,"href":"https:\/\/carea-facade.com\/fr\/wp-json\/wp\/v2\/pages\/2193\/revisions"}],"predecessor-version":[{"id":23712,"href":"https:\/\/carea-facade.com\/fr\/wp-json\/wp\/v2\/pages\/2193\/revisions\/23712"}],"up":[{"embeddable":true,"href":"https:\/\/carea-facade.com\/fr\/wp-json\/wp\/v2\/pages\/2207"}],"wp:featuredmedia":[{"embeddable":true,"href":"https:\/\/carea-facade.com\/fr\/wp-json\/wp\/v2\/media\/2194"}],"wp:attachment":[{"href":"https:\/\/carea-facade.com\/fr\/wp-json\/wp\/v2\/media?parent=2193"}],"curies":[{"name":"wp","href":"https:\/\/api.w.org\/{rel}","templated":true}]}}