{"id":2207,"date":"2025-10-01T16:26:36","date_gmt":"2025-10-01T14:26:36","guid":{"rendered":"https:\/\/carea-facade.com\/la-technique\/"},"modified":"2026-02-12T12:31:38","modified_gmt":"2026-02-12T11:31:38","slug":"technique","status":"publish","type":"page","link":"https:\/\/carea-facade.com\/fr\/technique\/","title":{"rendered":"Technique"},"content":{"rendered":"\n    <section\n        style=\"padding-top:var(--wp--preset--spacing--theme-default);padding-bottom:var(--wp--preset--spacing--theme-default);\" class=\"double-columns wp-block-acf-double-columns has-background has-primary-background-color has-global-padding is-layout-constrained wp-container-acf-double-columns-is-layout-a22d0bdd wp-block-acf-double-columns-is-layout-constrained\"    >\n\n<div class=\"acf-innerblocks-container\">\n\n<div class=\"wp-block-columns double-columns__container is-layout-flex wp-container-core-columns-is-layout-28f84493 wp-block-columns-is-layout-flex\">\n<div class=\"wp-block-column double-columns__column double-columns__column--title is-layout-flow wp-block-column-is-layout-flow\" style=\"flex-basis:50%\">\n<h2 class=\"wp-block-heading double-columns__title has-black-color has-text-color\" style=\"text-transform:uppercase\">La r\u00e9glementation<\/h2>\n<\/div>\n\n\n\n<div class=\"wp-block-column double-columns__column double-columns__column--content is-layout-flow wp-block-column-is-layout-flow\" style=\"flex-basis:50%\">\n<div class=\"wp-block-buttons is-layout-flex wp-block-buttons-is-layout-flex\">\n<div class=\"wp-block-button\"><a class=\"wp-block-button__link wp-element-button\" href=\"https:\/\/carea-facade.com\/fr\/technique\/reglementation-produits-de-facade-bardage\/\">La r\u00e9glementation<\/a><\/div>\n<\/div>\n<\/div>\n<\/div>\n\n<\/div>\n\n<\/section>\n\n\n\n    <section\n        style=\"padding-top:var(--wp--preset--spacing--theme-default);padding-bottom:var(--wp--preset--spacing--theme-default);\" class=\"double-columns wp-block-acf-double-columns has-background has-beige-background-color has-global-padding is-layout-constrained wp-container-acf-double-columns-is-layout-a22d0bdd wp-block-acf-double-columns-is-layout-constrained\"    >\n\n<div class=\"acf-innerblocks-container\">\n\n<div class=\"wp-block-columns double-columns__container is-layout-flex wp-container-core-columns-is-layout-28f84493 wp-block-columns-is-layout-flex\">\n<div class=\"wp-block-column double-columns__column double-columns__column--title is-layout-flow wp-block-column-is-layout-flow\" style=\"flex-basis:50%\">\n<h2 class=\"wp-block-heading double-columns__title has-black-color has-text-color\" style=\"text-transform:uppercase\">La s\u00e9curit\u00e9 incendie<\/h2>\n<\/div>\n\n\n\n<div class=\"wp-block-column double-columns__column double-columns__column--content is-layout-flow wp-block-column-is-layout-flow\" style=\"flex-basis:50%\">\n<div class=\"wp-block-buttons is-layout-flex wp-block-buttons-is-layout-flex\">\n<div class=\"wp-block-button\"><a class=\"wp-block-button__link wp-element-button\" href=\"https:\/\/carea-facade.com\/fr\/technique\/securite-feu\/\">La s\u00e9curit\u00e9 incendie<\/a><\/div>\n<\/div>\n<\/div>\n<\/div>\n\n<\/div>\n\n<\/section>\n\n\n\n    <section\n        style=\"padding-top:var(--wp--preset--spacing--theme-default);padding-bottom:var(--wp--preset--spacing--theme-default);\" class=\"double-columns wp-block-acf-double-columns has-background has-primary-background-color has-global-padding is-layout-constrained wp-container-acf-double-columns-is-layout-a22d0bdd wp-block-acf-double-columns-is-layout-constrained\"    >\n\n<div class=\"acf-innerblocks-container\">\n\n<div class=\"wp-block-columns double-columns__container is-layout-flex wp-container-core-columns-is-layout-28f84493 wp-block-columns-is-layout-flex\">\n<div class=\"wp-block-column double-columns__column double-columns__column--title is-layout-flow wp-block-column-is-layout-flow\" style=\"flex-basis:50%\">\n<h2 class=\"wp-block-heading double-columns__title has-black-color has-text-color\" style=\"text-transform:uppercase\">Les supports de pose<\/h2>\n<\/div>\n\n\n\n<div class=\"wp-block-column double-columns__column double-columns__column--content is-layout-flow wp-block-column-is-layout-flow\" style=\"flex-basis:50%\">\n<div class=\"wp-block-buttons is-layout-flex wp-block-buttons-is-layout-flex\">\n<div class=\"wp-block-button\"><a class=\"wp-block-button__link wp-element-button\" href=\"https:\/\/carea-facade.com\/fr\/technique\/supports-de-pose-bardage-beton-ossature-bois\/\">Les supports de pose<\/a><\/div>\n<\/div>\n<\/div>\n<\/div>\n\n<\/div>\n\n<\/section>\n\n\n\n    <section\n        style=\"padding-top:var(--wp--preset--spacing--theme-default);padding-bottom:var(--wp--preset--spacing--theme-default);\" class=\"double-columns wp-block-acf-double-columns has-background has-beige-background-color has-global-padding is-layout-constrained wp-container-acf-double-columns-is-layout-a22d0bdd wp-block-acf-double-columns-is-layout-constrained\"    >\n\n<div class=\"acf-innerblocks-container\">\n\n<div class=\"wp-block-columns double-columns__container is-layout-flex wp-container-core-columns-is-layout-28f84493 wp-block-columns-is-layout-flex\">\n<div class=\"wp-block-column double-columns__column double-columns__column--title is-layout-flow wp-block-column-is-layout-flow\" style=\"flex-basis:50%\">\n<h2 class=\"wp-block-heading double-columns__title has-black-color has-text-color\" style=\"text-transform:uppercase\">Les syst\u00e8mes de pose<\/h2>\n<\/div>\n\n\n\n<div class=\"wp-block-column double-columns__column double-columns__column--content is-layout-flow wp-block-column-is-layout-flow\" style=\"flex-basis:50%\">\n<div class=\"wp-block-buttons is-layout-flex wp-block-buttons-is-layout-flex\">\n<div class=\"wp-block-button\"><a class=\"wp-block-button__link wp-element-button\" href=\"https:\/\/carea-facade.com\/fr\/technique\/systemes-de-pose-bardage-isolation-thermique-exterieur\/\">Les syst\u00e8mes de pose<\/a><\/div>\n<\/div>\n<\/div>\n<\/div>\n\n<\/div>\n\n<\/section>\n\n\n\n    <section\n        style=\"padding-top:var(--wp--preset--spacing--theme-default);padding-bottom:var(--wp--preset--spacing--theme-default);\" class=\"double-columns wp-block-acf-double-columns has-background has-primary-background-color has-global-padding is-layout-constrained wp-container-acf-double-columns-is-layout-a22d0bdd wp-block-acf-double-columns-is-layout-constrained\"    >\n\n<div class=\"acf-innerblocks-container\">\n\n<div class=\"wp-block-columns double-columns__container is-layout-flex wp-container-core-columns-is-layout-28f84493 wp-block-columns-is-layout-flex\">\n<div class=\"wp-block-column double-columns__column double-columns__column--title is-layout-flow wp-block-column-is-layout-flow\" style=\"flex-basis:50%\">\n<h2 class=\"wp-block-heading double-columns__title has-black-color has-text-color\" style=\"text-transform:uppercase\">Les types de parement Carea<\/h2>\n<\/div>\n\n\n\n<div class=\"wp-block-column double-columns__column double-columns__column--content is-layout-flow wp-block-column-is-layout-flow\" style=\"flex-basis:50%\">\n<div class=\"wp-block-buttons is-layout-flex wp-block-buttons-is-layout-flex\">\n<div class=\"wp-block-button\"><a class=\"wp-block-button__link wp-element-button\" href=\"https:\/\/carea-facade.com\/fr\/technique\/parements-de-facade-bardage-ite\/\">Les types de parement Carea<\/a><\/div>\n<\/div>\n<\/div>\n<\/div>\n\n<\/div>\n\n<\/section>\n\n\n\n    <section\n        style=\"padding-top:var(--wp--preset--spacing--theme-default);padding-bottom:var(--wp--preset--spacing--theme-default);\" class=\"double-columns wp-block-acf-double-columns has-background has-beige-background-color has-global-padding is-layout-constrained wp-container-acf-double-columns-is-layout-a22d0bdd wp-block-acf-double-columns-is-layout-constrained\"    >\n\n<div class=\"acf-innerblocks-container\">\n\n<div class=\"wp-block-columns double-columns__container is-layout-flex wp-container-core-columns-is-layout-28f84493 wp-block-columns-is-layout-flex\">\n<div class=\"wp-block-column double-columns__column double-columns__column--title is-layout-flow wp-block-column-is-layout-flow\" style=\"flex-basis:50%\">\n<h2 class=\"wp-block-heading double-columns__title has-black-color has-text-color\" style=\"text-transform:uppercase\">Les soubassements<\/h2>\n<\/div>\n\n\n\n<div class=\"wp-block-column double-columns__column double-columns__column--content is-layout-flow wp-block-column-is-layout-flow\" style=\"flex-basis:50%\">\n<div class=\"wp-block-buttons is-layout-flex wp-block-buttons-is-layout-flex\">\n<div class=\"wp-block-button\"><a class=\"wp-block-button__link wp-element-button\" href=\"https:\/\/carea-facade.com\/fr\/technique\/parements-facade-soubassements-batiments\/\">Les soubassements<\/a><\/div>\n<\/div>\n<\/div>\n<\/div>\n\n<\/div>\n\n<\/section>\n\n\n\n    <section\n        style=\"padding-top:var(--wp--preset--spacing--theme-default);padding-bottom:var(--wp--preset--spacing--theme-default);\" class=\"double-columns wp-block-acf-double-columns has-background has-primary-background-color has-global-padding is-layout-constrained wp-container-acf-double-columns-is-layout-a22d0bdd wp-block-acf-double-columns-is-layout-constrained\"    >\n\n<div class=\"acf-innerblocks-container\">\n\n<div class=\"wp-block-columns double-columns__container is-layout-flex wp-container-core-columns-is-layout-28f84493 wp-block-columns-is-layout-flex\">\n<div class=\"wp-block-column double-columns__column double-columns__column--title is-layout-flow wp-block-column-is-layout-flow\" style=\"flex-basis:50%\">\n<h2 class=\"wp-block-heading double-columns__title has-black-color has-text-color\" style=\"text-transform:uppercase\">Les types de parement Carea<\/h2>\n<\/div>\n\n\n\n<div class=\"wp-block-column double-columns__column double-columns__column--content is-layout-flow wp-block-column-is-layout-flow\" style=\"flex-basis:50%\">\n<div class=\"wp-block-buttons is-layout-flex wp-block-buttons-is-layout-flex\">\n<div class=\"wp-block-button\"><a class=\"wp-block-button__link wp-element-button\" href=\"https:\/\/carea-facade.com\/fr\/technique\/traitement-des-points-singuliers\/\">Traitement des points singuliers<\/a><\/div>\n<\/div>\n<\/div>\n<\/div>\n\n<\/div>\n\n<\/section>\n\n\n\n    <section\n        style=\"padding-top:var(--wp--preset--spacing--theme-default);padding-bottom:var(--wp--preset--spacing--theme-default);\" class=\"double-columns wp-block-acf-double-columns has-background has-beige-background-color has-global-padding is-layout-constrained wp-container-acf-double-columns-is-layout-a22d0bdd wp-block-acf-double-columns-is-layout-constrained\"    >\n\n<div class=\"acf-innerblocks-container\">\n\n<div class=\"wp-block-columns double-columns__container is-layout-flex wp-container-core-columns-is-layout-28f84493 wp-block-columns-is-layout-flex\">\n<div class=\"wp-block-column double-columns__column double-columns__column--title is-layout-flow wp-block-column-is-layout-flow\" style=\"flex-basis:50%\">\n<h2 class=\"wp-block-heading double-columns__title has-black-color has-text-color\" style=\"text-transform:uppercase\">Les soubassements<\/h2>\n<\/div>\n\n\n\n<div class=\"wp-block-column double-columns__column double-columns__column--content is-layout-flow wp-block-column-is-layout-flow\" style=\"flex-basis:50%\">\n<div class=\"wp-block-buttons is-layout-flex wp-block-buttons-is-layout-flex\">\n<div class=\"wp-block-button\"><a class=\"wp-block-button__link wp-element-button\" href=\"https:\/\/carea-facade.com\/fr\/technique\/le-bim-selon-carea\/\">Le bim selon Carea<\/a><\/div>\n<\/div>\n<\/div>\n<\/div>\n\n<\/div>\n\n<\/section>\n","protected":false},"excerpt":{"rendered":"","protected":false},"author":3,"featured_media":0,"parent":0,"menu_order":68,"comment_status":"open","ping_status":"closed","template":"","meta":{"_acf_changed":false,"footnotes":""},"class_list":["post-2207","page","type-page","status-publish","hentry"],"acf":[],"yoast_head":"<!-- This site is optimized with the Yoast SEO plugin v27.5 - https:\/\/yoast.com\/product\/yoast-seo-wordpress\/ -->\n<title>Carea Fa\u00e7ade : notre Technique - Parements de fa\u00e7ade + Bardage<\/title>\n<meta name=\"description\" content=\"CAREA FACADE - D\u00e9couvrez notre Technique : La r\u00e9glementation, supports de pose, syst\u00e8mes de pose, types de parement, soubassements, Traitement des points singuliers.\" \/>\n<meta name=\"robots\" content=\"index, follow, max-snippet:-1, max-image-preview:large, max-video-preview:-1\" \/>\n<link rel=\"canonical\" href=\"https:\/\/carea-facade.com\/fr\/technique\/\" \/>\n<meta property=\"og:locale\" content=\"fr_FR\" \/>\n<meta property=\"og:type\" content=\"article\" \/>\n<meta property=\"og:title\" content=\"Carea Fa\u00e7ade : notre Technique - Parements de fa\u00e7ade + Bardage\" \/>\n<meta property=\"og:description\" content=\"CAREA FACADE - D\u00e9couvrez notre Technique : La r\u00e9glementation, supports de pose, syst\u00e8mes de pose, types de parement, soubassements, Traitement des points singuliers.\" \/>\n<meta property=\"og:url\" content=\"https:\/\/carea-facade.com\/fr\/technique\/\" \/>\n<meta property=\"og:site_name\" content=\"Carea facade\" \/>\n<meta property=\"article:modified_time\" content=\"2026-02-12T11:31:38+00:00\" \/>\n<meta name=\"twitter:card\" content=\"summary_large_image\" \/>\n<meta name=\"twitter:label1\" content=\"Dur\u00e9e de lecture estim\u00e9e\" \/>\n\t<meta name=\"twitter:data1\" content=\"1 minute\" \/>\n<script type=\"application\/ld+json\" class=\"yoast-schema-graph\">{\"@context\":\"https:\\\/\\\/schema.org\",\"@graph\":[{\"@type\":\"WebPage\",\"@id\":\"https:\\\/\\\/carea-facade.com\\\/fr\\\/technique\\\/\",\"url\":\"https:\\\/\\\/carea-facade.com\\\/fr\\\/technique\\\/\",\"name\":\"Carea Fa\u00e7ade : notre Technique - Parements de fa\u00e7ade + Bardage\",\"isPartOf\":{\"@id\":\"https:\\\/\\\/carea-facade.com\\\/fr\\\/#website\"},\"datePublished\":\"2025-10-01T14:26:36+00:00\",\"dateModified\":\"2026-02-12T11:31:38+00:00\",\"description\":\"CAREA FACADE - D\u00e9couvrez notre Technique : La r\u00e9glementation, supports de pose, syst\u00e8mes de pose, types de parement, soubassements, Traitement des points singuliers.\",\"breadcrumb\":{\"@id\":\"https:\\\/\\\/carea-facade.com\\\/fr\\\/technique\\\/#breadcrumb\"},\"inLanguage\":\"fr-FR\",\"potentialAction\":[{\"@type\":\"ReadAction\",\"target\":[\"https:\\\/\\\/carea-facade.com\\\/fr\\\/technique\\\/\"]}]},{\"@type\":\"BreadcrumbList\",\"@id\":\"https:\\\/\\\/carea-facade.com\\\/fr\\\/technique\\\/#breadcrumb\",\"itemListElement\":[{\"@type\":\"ListItem\",\"position\":1,\"name\":\"Accueil\",\"item\":\"https:\\\/\\\/carea-facade.com\\\/fr\\\/home\\\/\"},{\"@type\":\"ListItem\",\"position\":2,\"name\":\"Technique\"}]},{\"@type\":\"WebSite\",\"@id\":\"https:\\\/\\\/carea-facade.com\\\/fr\\\/#website\",\"url\":\"https:\\\/\\\/carea-facade.com\\\/fr\\\/\",\"name\":\"Carea facade\",\"description\":\"\",\"publisher\":{\"@id\":\"https:\\\/\\\/carea-facade.com\\\/fr\\\/#organization\"},\"potentialAction\":[{\"@type\":\"SearchAction\",\"target\":{\"@type\":\"EntryPoint\",\"urlTemplate\":\"https:\\\/\\\/carea-facade.com\\\/fr\\\/?s={search_term_string}\"},\"query-input\":{\"@type\":\"PropertyValueSpecification\",\"valueRequired\":true,\"valueName\":\"search_term_string\"}}],\"inLanguage\":\"fr-FR\"},{\"@type\":\"Organization\",\"@id\":\"https:\\\/\\\/carea-facade.com\\\/fr\\\/#organization\",\"name\":\"Carea facade\",\"url\":\"https:\\\/\\\/carea-facade.com\\\/fr\\\/\",\"logo\":{\"@type\":\"ImageObject\",\"inLanguage\":\"fr-FR\",\"@id\":\"https:\\\/\\\/carea-facade.com\\\/fr\\\/#\\\/schema\\\/logo\\\/image\\\/\",\"url\":\"https:\\\/\\\/carea-facade.com\\\/wp-content\\\/uploads\\\/2025\\\/10\\\/logo-carea.svg\",\"contentUrl\":\"https:\\\/\\\/carea-facade.com\\\/wp-content\\\/uploads\\\/2025\\\/10\\\/logo-carea.svg\",\"width\":131,\"height\":95,\"caption\":\"Carea facade\"},\"image\":{\"@id\":\"https:\\\/\\\/carea-facade.com\\\/fr\\\/#\\\/schema\\\/logo\\\/image\\\/\"}}]}<\/script>\n<!-- \/ Yoast SEO plugin. -->","yoast_head_json":{"title":"Carea Fa\u00e7ade : notre Technique - Parements de fa\u00e7ade + Bardage","description":"CAREA FACADE - D\u00e9couvrez notre Technique : La r\u00e9glementation, supports de pose, syst\u00e8mes de pose, types de parement, soubassements, Traitement des points singuliers.","robots":{"index":"index","follow":"follow","max-snippet":"max-snippet:-1","max-image-preview":"max-image-preview:large","max-video-preview":"max-video-preview:-1"},"canonical":"https:\/\/carea-facade.com\/fr\/technique\/","og_locale":"fr_FR","og_type":"article","og_title":"Carea Fa\u00e7ade : notre Technique - Parements de fa\u00e7ade + Bardage","og_description":"CAREA FACADE - D\u00e9couvrez notre Technique : La r\u00e9glementation, supports de pose, syst\u00e8mes de pose, types de parement, soubassements, Traitement des points singuliers.","og_url":"https:\/\/carea-facade.com\/fr\/technique\/","og_site_name":"Carea facade","article_modified_time":"2026-02-12T11:31:38+00:00","twitter_card":"summary_large_image","twitter_misc":{"Dur\u00e9e de lecture estim\u00e9e":"1 minute"},"schema":{"@context":"https:\/\/schema.org","@graph":[{"@type":"WebPage","@id":"https:\/\/carea-facade.com\/fr\/technique\/","url":"https:\/\/carea-facade.com\/fr\/technique\/","name":"Carea Fa\u00e7ade : notre Technique - Parements de fa\u00e7ade + Bardage","isPartOf":{"@id":"https:\/\/carea-facade.com\/fr\/#website"},"datePublished":"2025-10-01T14:26:36+00:00","dateModified":"2026-02-12T11:31:38+00:00","description":"CAREA FACADE - D\u00e9couvrez notre Technique : La r\u00e9glementation, supports de pose, syst\u00e8mes de pose, types de parement, soubassements, Traitement des points singuliers.","breadcrumb":{"@id":"https:\/\/carea-facade.com\/fr\/technique\/#breadcrumb"},"inLanguage":"fr-FR","potentialAction":[{"@type":"ReadAction","target":["https:\/\/carea-facade.com\/fr\/technique\/"]}]},{"@type":"BreadcrumbList","@id":"https:\/\/carea-facade.com\/fr\/technique\/#breadcrumb","itemListElement":[{"@type":"ListItem","position":1,"name":"Accueil","item":"https:\/\/carea-facade.com\/fr\/home\/"},{"@type":"ListItem","position":2,"name":"Technique"}]},{"@type":"WebSite","@id":"https:\/\/carea-facade.com\/fr\/#website","url":"https:\/\/carea-facade.com\/fr\/","name":"Carea facade","description":"","publisher":{"@id":"https:\/\/carea-facade.com\/fr\/#organization"},"potentialAction":[{"@type":"SearchAction","target":{"@type":"EntryPoint","urlTemplate":"https:\/\/carea-facade.com\/fr\/?s={search_term_string}"},"query-input":{"@type":"PropertyValueSpecification","valueRequired":true,"valueName":"search_term_string"}}],"inLanguage":"fr-FR"},{"@type":"Organization","@id":"https:\/\/carea-facade.com\/fr\/#organization","name":"Carea facade","url":"https:\/\/carea-facade.com\/fr\/","logo":{"@type":"ImageObject","inLanguage":"fr-FR","@id":"https:\/\/carea-facade.com\/fr\/#\/schema\/logo\/image\/","url":"https:\/\/carea-facade.com\/wp-content\/uploads\/2025\/10\/logo-carea.svg","contentUrl":"https:\/\/carea-facade.com\/wp-content\/uploads\/2025\/10\/logo-carea.svg","width":131,"height":95,"caption":"Carea facade"},"image":{"@id":"https:\/\/carea-facade.com\/fr\/#\/schema\/logo\/image\/"}}]}},"_links":{"self":[{"href":"https:\/\/carea-facade.com\/fr\/wp-json\/wp\/v2\/pages\/2207","targetHints":{"allow":["GET"]}}],"collection":[{"href":"https:\/\/carea-facade.com\/fr\/wp-json\/wp\/v2\/pages"}],"about":[{"href":"https:\/\/carea-facade.com\/fr\/wp-json\/wp\/v2\/types\/page"}],"author":[{"embeddable":true,"href":"https:\/\/carea-facade.com\/fr\/wp-json\/wp\/v2\/users\/3"}],"replies":[{"embeddable":true,"href":"https:\/\/carea-facade.com\/fr\/wp-json\/wp\/v2\/comments?post=2207"}],"version-history":[{"count":6,"href":"https:\/\/carea-facade.com\/fr\/wp-json\/wp\/v2\/pages\/2207\/revisions"}],"predecessor-version":[{"id":23574,"href":"https:\/\/carea-facade.com\/fr\/wp-json\/wp\/v2\/pages\/2207\/revisions\/23574"}],"wp:attachment":[{"href":"https:\/\/carea-facade.com\/fr\/wp-json\/wp\/v2\/media?parent=2207"}],"curies":[{"name":"wp","href":"https:\/\/api.w.org\/{rel}","templated":true}]}}