{"id":2288,"date":"2025-10-01T16:26:36","date_gmt":"2025-10-01T14:26:36","guid":{"rendered":"https:\/\/carea-facade.com\/la-technique\/le-bim-selon-carea\/"},"modified":"2026-02-12T14:44:53","modified_gmt":"2026-02-12T13:44:53","slug":"le-bim-selon-carea","status":"publish","type":"page","link":"https:\/\/carea-facade.com\/fr\/technique\/le-bim-selon-carea\/","title":{"rendered":"Le BIM selon CAREA"},"content":{"rendered":"\n<div class=\"wp-block-group has-global-padding is-layout-constrained wp-container-core-group-is-layout-3bb13389 wp-block-group-is-layout-constrained\" style=\"padding-top:var(--wp--preset--spacing--theme-default);padding-right:var(--wp--preset--spacing--theme-xs);padding-bottom:var(--wp--preset--spacing--theme-default);padding-left:var(--wp--preset--spacing--theme-xs)\">\n<div class=\"wp-block-group content-content-group is-vertical is-layout-flex wp-container-core-group-is-layout-d309df8e wp-block-group-is-layout-flex\">\n<h1 class=\"wp-block-heading has-text-align-left has-black-color has-text-color\" style=\"margin-bottom:40px;font-style:normal;font-weight:500;text-transform:uppercase\">Le BIM selon CAREA<\/h1>\n\n\n\n<h2 class=\"wp-block-heading wp-embed-aspect-16-9 wp-has-aspect-ratio\">Les fondamentaux<\/h2>\n\n\n\n<h3 class=\"wp-block-heading wp-embed-aspect-16-9 wp-has-aspect-ratio\">Ne pas confondre BIM et maquette num\u00e9rique<\/h3>\n\n\n\n<p class=\"wp-embed-aspect-16-9 wp-has-aspect-ratio\"><strong><br>Le BIM<\/strong>&nbsp;est n\u00e9 de la volont\u00e9 des acteurs du b\u00e2timents et des \u00e9diteurs logiciels d\u2019exploiter les possibilit\u00e9s 3D et attributaires de l\u2019outil informatique en application au besoin du secteur de la construction.<\/p>\n\n\n\n<p class=\"wp-embed-aspect-16-9 wp-has-aspect-ratio\">Il est difficile de trouver une d\u00e9finition du BIM (Building information Modeling) universelle. Le BIM, c\u2019est tout d\u2019abord des m\u00e9thodes de travail et appliqu\u00e9e \u00e0 l\u2019\u00e9laboration de maquettes num\u00e9riques param\u00e9trique 3D qui contiennent des donn\u00e9es renseign\u00e9es et structur\u00e9es.<\/p>\n\n\n\n<p class=\"wp-embed-aspect-16-9 wp-has-aspect-ratio\">L\u2019objectif du travail en BIM est d\u2019optimiser le partage d\u2019informations tout au long de la dur\u00e9e de vie d\u2019un b\u00e2timent ou d\u2019infrastructures, de leur conception jusqu\u2019\u00e0 leur d\u00e9construction.<\/p>\n\n\n\n<p class=\"wp-embed-aspect-16-9 wp-has-aspect-ratio\"><strong>La maquette num\u00e9rique<\/strong>&nbsp;est un outil de repr\u00e9sentation digitale des caract\u00e9ristiques physiques et fonctionnelles d\u2019un b\u00e2timent ou d\u2019infrastructures.<\/p>\n\n\n\n<p class=\"wp-embed-aspect-16-9 wp-has-aspect-ratio\">Au cours d\u2019un projet collaboratif, les acteurs travaillent \u00e0 faire \u00e9voluer individuellement leur maquette respective qui, une fois r\u00e9unies, composent le mod\u00e8le num\u00e9rique de celui-ci.<\/p>\n\n\n\n<p class=\"wp-embed-aspect-16-9 wp-has-aspect-ratio\"><em>Le BIM en 5 minutes de vid\u00e9o pr\u00e9sent\u00e9 par&nbsp;<a href=\"https:\/\/buildingsmartfrance-mediaconstruct.fr\/\" target=\"_blank\" rel=\"noreferrer noopener\">buildingSMART France<\/a>&nbsp;:<\/em><\/p>\n\n\n\n<figure class=\"wp-block-embed is-type-rich is-provider-prise-en-charge-des-contenus-embarqu-s wp-block-embed-prise-en-charge-des-contenus-embarqu-s\"><div class=\"wp-block-embed__wrapper\">\n<iframe loading=\"lazy\" title=\"openBIM expliqu\u00e9 en moins de 5 min en fran\u00e7ais\" width=\"500\" height=\"281\" src=\"https:\/\/www.youtube.com\/embed\/t3ECK4U0QeI?feature=oembed&#038;enablejsapi=1&#038;origin=https:\/\/carea-facade.com\" frameborder=\"0\" allow=\"accelerometer; autoplay; clipboard-write; encrypted-media; gyroscope; picture-in-picture; web-share\" referrerpolicy=\"strict-origin-when-cross-origin\" allowfullscreen><\/iframe>\n<\/div><\/figure>\n\n\n\n<h3 class=\"wp-block-heading wp-embed-aspect-16-9 wp-has-aspect-ratio\">Niveaux du BIM et niveaux de d\u00e9tails<\/h3>\n\n\n\n<p class=\"wp-embed-aspect-16-9 wp-has-aspect-ratio\"><strong>Les niveaux du BIM<\/strong>&nbsp;permettent de classifier son niveau d\u2019exploitation par un acteur du b\u00e2timent.<br>Il est globalement accept\u00e9 que :<\/p>\n\n\n\n<ul class=\"wp-block-list wp-embed-aspect-16-9 wp-has-aspect-ratio\">\n<li>en 2D on parle de&nbsp;<strong>niveau 0<\/strong>,<\/li>\n\n\n\n<li>en 3D simple, de&nbsp;<strong>niveau 1A<\/strong>,<\/li>\n\n\n\n<li>en 3D + attributs de&nbsp;<strong>niveau 1B<\/strong>,<\/li>\n\n\n\n<li>en 3D collaborative de&nbsp;<strong>niveau 2<\/strong>.<\/li>\n<\/ul>\n\n\n\n<p class=\"wp-embed-aspect-16-9 wp-has-aspect-ratio\"><strong>Le LoD (Level of Details \u2013 niveau de d\u00e9tails)<\/strong>&nbsp;permet de classifier la qualit\u00e9 de repr\u00e9sentation d\u2019un objet num\u00e9rique 3D.<br>En phase d\u2019\u00e9tude, le LOD varie en fonction des d\u00e9tails attributaires et g\u00e9om\u00e9triques :<\/p>\n\n\n\n<ul class=\"wp-block-list wp-embed-aspect-16-9 wp-has-aspect-ratio\">\n<li><strong>LoD 100<\/strong>&nbsp;: repr\u00e9sentation simplifi\u00e9e d\u2019un objet (phase d\u2019exploitation : Esquisse et APS),<\/li>\n\n\n\n<li><strong>LoD 200<\/strong>&nbsp;: repr\u00e9sentation am\u00e9lior\u00e9e d\u2019un objet (phase d\u2019exploitation : APD et PRO),<\/li>\n\n\n\n<li><strong>LoD 300<\/strong>&nbsp;: repr\u00e9sentation d\u00e9finitive d\u2019un objet + attributs techniques (phase d\u2019exploitation : EXE).<\/li>\n<\/ul>\n\n\n\n<figure class=\"wp-block-image size-large is-resized\"><img loading=\"lazy\" decoding=\"async\" width=\"1024\" height=\"629\" src=\"https:\/\/carea-facade.com\/wp-content\/uploads\/2025\/09\/Image-principale-1024x629.png\" alt=\"Image principale\" class=\"wp-image-2297\" style=\"width:800px\" srcset=\"https:\/\/carea-facade.com\/wp-content\/uploads\/2025\/09\/Image-principale-1024x629.png 1024w, https:\/\/carea-facade.com\/wp-content\/uploads\/2025\/09\/Image-principale-300x184.png 300w, https:\/\/carea-facade.com\/wp-content\/uploads\/2025\/09\/Image-principale-768x472.png 768w, https:\/\/carea-facade.com\/wp-content\/uploads\/2025\/09\/Image-principale-1536x944.png 1536w, https:\/\/carea-facade.com\/wp-content\/uploads\/2025\/09\/Image-principale.png 2006w\" sizes=\"auto, (max-width: 1024px) 100vw, 1024px\" \/><\/figure>\n\n\n\n<h2 class=\"wp-block-heading wp-embed-aspect-16-9 wp-has-aspect-ratio\">T\u00e9l\u00e9chargements BIM<\/h2>\n\n\n\n<figure class=\"wp-block-image size-large is-resized\"><img loading=\"lazy\" decoding=\"async\" width=\"1024\" height=\"685\" src=\"https:\/\/carea-facade.com\/wp-content\/uploads\/2025\/09\/Bim-1024x685.jpg\" alt=\"Bim\" class=\"wp-image-2304\" style=\"width:820px\" srcset=\"https:\/\/carea-facade.com\/wp-content\/uploads\/2025\/09\/Bim-1024x685.jpg 1024w, https:\/\/carea-facade.com\/wp-content\/uploads\/2025\/09\/Bim-300x201.jpg 300w, https:\/\/carea-facade.com\/wp-content\/uploads\/2025\/09\/Bim-768x513.jpg 768w, https:\/\/carea-facade.com\/wp-content\/uploads\/2025\/09\/Bim-1536x1027.jpg 1536w, https:\/\/carea-facade.com\/wp-content\/uploads\/2025\/09\/Bim.jpg 1587w\" sizes=\"auto, (max-width: 1024px) 100vw, 1024px\" \/><\/figure>\n\n\n\n<h3 class=\"wp-block-heading wp-embed-aspect-16-9 wp-has-aspect-ratio\">Objets BIM niveau 0 \u2013 \u00ab&nbsp;2D&nbsp;\u00bb<\/h3>\n\n\n\n<ul class=\"wp-block-list wp-embed-aspect-16-9 wp-has-aspect-ratio\">\n<li><strong>Notre biblioth\u00e8que de textures<\/strong>&nbsp;:\n<ul class=\"wp-block-list\">\n<li><a href=\"https:\/\/carea-facade.com\/wp-content\/uploads\/2025\/10\/carea-textures-3d-rainure-insert.zip\" target=\"_blank\" rel=\"noreferrer noopener\">Parements rainur\u00e9s et insert (412 Mo)<\/a><\/li>\n\n\n\n<li><a href=\"https:\/\/carea-facade.com\/wp-content\/uploads\/2025\/10\/carea-textures-3d-emboitement.zip\" target=\"_blank\" rel=\"noreferrer noopener\">Parements embo\u00eetements (984 Mo)<\/a><\/li>\n<\/ul>\n<\/li>\n\n\n\n<li><strong>Notre base de plans<\/strong>&nbsp;:\n<ul class=\"wp-block-list\">\n<li><a href=\"https:\/\/carea-facade.com\/wp-content\/uploads\/2022\/10\/Schemas-details-techniques-carea.zip\">Plans techniques de principe (syst\u00e8mes et d\u00e9tails en PDF)<\/a><\/li>\n\n\n\n<li><a href=\"https:\/\/carea-facade.com\/wp-content\/uploads\/2022\/04\/Carea-Facade-Cahier-technique-FR-202205-bd.pdf\">Cahier technique<\/a><\/li>\n<\/ul>\n<\/li>\n<\/ul>\n\n\n\n<h3 class=\"wp-block-heading wp-embed-aspect-16-9 wp-has-aspect-ratio\">Objets BIM niveau 1 \u2013 \u00ab&nbsp;3D&nbsp;\u00bb<\/h3>\n\n\n\n<ul class=\"wp-block-list wp-embed-aspect-16-9 wp-has-aspect-ratio\">\n<li><a href=\"https:\/\/carea-facade.com\/fr\/documentation\/acces-objets-bim-textures-nuancier-3d\/\">Acc\u00e8s au t\u00e9l\u00e9chargement des textures 3D, sch\u00e9mas et objets BIM (formats DWG, IFC, Revit, Rhino et SketchUp)<\/a><\/li>\n<\/ul>\n\n\n\n<p class=\"wp-embed-aspect-16-9 wp-has-aspect-ratio\">Il vous manque un objet ? Une remarque ?<\/p>\n\n\n\n<div class=\"wp-block-buttons is-layout-flex wp-block-buttons-is-layout-flex\">\n<div class=\"wp-block-button\"><a class=\"wp-block-button__link wp-element-button\" href=\"https:\/\/carea-facade.com\/fr\/contact\/\">Contactez-nous<\/a><\/div>\n<\/div>\n\n\n\n<h2 class=\"wp-block-heading wp-embed-aspect-16-9 wp-has-aspect-ratio\">Notre d\u00e9marche pour r\u00e9pondre \u00e0 vos enjeux<\/h2>\n\n\n\n<figure class=\"wp-block-image size-full\"><img loading=\"lazy\" decoding=\"async\" width=\"800\" height=\"441\" src=\"https:\/\/carea-facade.com\/wp-content\/uploads\/2025\/09\/Animation-BIM-Carea-facade-v4b.gif\" alt=\"Animation BIM Carea facade v4b\" class=\"wp-image-2303\"\/><\/figure>\n\n\n\n<p class=\"wp-embed-aspect-16-9 wp-has-aspect-ratio\">L\u2019innovation num\u00e9rique, port\u00e9e par le BIM, permet aujourd\u2019hui d\u2019anticiper les contraintes terrain d\u00e8s la conception d\u2019un projet. Il est clair que votre besoin diff\u00e8re entre l\u2019esquisse et la r\u00e9alisation des Dossiers de Consultation d\u2019Entreprise (DCE). En tant que fournisseur, CAREA met un point d\u2019honneur \u00e0 soutenir les concepteurs du b\u00e2timent \u00e0 chaque phase d\u2019\u00e9tudes du projet. En ce sens, nous avons engag\u00e9 une d\u00e9marche d\u2019ouverture au BIM pour s\u00e9quencer notre base de donn\u00e9es en respectant les classifications BIM reconnues actuellement.<\/p>\n\n\n\n<p class=\"wp-embed-aspect-16-9 wp-has-aspect-ratio\">Une question sur cette d\u00e9marche ?<\/p>\n\n\n\n<div class=\"wp-block-buttons is-layout-flex wp-block-buttons-is-layout-flex\">\n<div class=\"wp-block-button\"><a class=\"wp-block-button__link wp-element-button\" href=\"https:\/\/carea-facade.com\/fr\/contact\/\">Contactez-nous<\/a><\/div>\n<\/div>\n\n\n\n<h2 class=\"wp-block-heading wp-embed-aspect-16-9 wp-has-aspect-ratio\">Renvois<\/h2>\n\n\n\n<p class=\"wp-embed-aspect-16-9 wp-has-aspect-ratio\"><a href=\"https:\/\/carea-facade.com\/fr\/la-technique\/la-reglementation-produits-de-facade-bardage\/\">Acc\u00e8s aux informations de r\u00e8glementations<\/a><\/p>\n\n\n\n<p class=\"wp-embed-aspect-16-9 wp-has-aspect-ratio\"><a href=\"https:\/\/carea-facade.com\/fr\/documentation\/\">Acc\u00e8s aux documentations techniques<\/a><\/p>\n<\/div>\n<\/div>\n","protected":false},"excerpt":{"rendered":"<p>Le BIM selon CAREA Les fondamentaux Ne pas confondre BIM et maquette num\u00e9rique Le BIM&nbsp;est n\u00e9 de la volont\u00e9 des acteurs du b\u00e2timents et des \u00e9diteurs logiciels d\u2019exploiter les possibilit\u00e9s 3D et attributaires de l\u2019outil informatique en application au besoin du secteur de la construction. Il est difficile de trouver une d\u00e9finition du BIM (Building [&hellip;]<\/p>\n","protected":false},"author":3,"featured_media":2289,"parent":2207,"menu_order":7,"comment_status":"open","ping_status":"closed","template":"","meta":{"_acf_changed":false,"footnotes":""},"class_list":["post-2288","page","type-page","status-publish","has-post-thumbnail","hentry"],"acf":[],"yoast_head":"<!-- This site is optimized with the Yoast SEO plugin v27.5 - https:\/\/yoast.com\/product\/yoast-seo-wordpress\/ -->\n<title>Ne pas confondre BIM et maquette num\u00e9rique - Carea Fa\u00e7ade<\/title>\n<meta name=\"description\" content=\"CAREA FACADE - Ne pas confondre BIM (Building information Modeling) et maquette num\u00e9rique. Explications d&#039;un professionnel et expert de la fa\u00e7ade.\" \/>\n<meta name=\"robots\" content=\"index, follow, max-snippet:-1, max-image-preview:large, max-video-preview:-1\" \/>\n<link rel=\"canonical\" href=\"https:\/\/carea-facade.com\/fr\/technique\/le-bim-selon-carea\/\" \/>\n<meta property=\"og:locale\" content=\"fr_FR\" \/>\n<meta property=\"og:type\" content=\"article\" \/>\n<meta property=\"og:title\" content=\"Ne pas confondre BIM et maquette num\u00e9rique - Carea Fa\u00e7ade\" \/>\n<meta property=\"og:description\" content=\"CAREA FACADE - Ne pas confondre BIM (Building information Modeling) et maquette num\u00e9rique. Explications d&#039;un professionnel et expert de la fa\u00e7ade.\" \/>\n<meta property=\"og:url\" content=\"https:\/\/carea-facade.com\/fr\/technique\/le-bim-selon-carea\/\" \/>\n<meta property=\"og:site_name\" content=\"Carea facade\" \/>\n<meta property=\"article:modified_time\" content=\"2026-02-12T13:44:53+00:00\" \/>\n<meta property=\"og:image\" content=\"https:\/\/carea-facade.com\/wp-content\/uploads\/2025\/09\/1.jpg\" \/>\n\t<meta property=\"og:image:width\" content=\"1280\" \/>\n\t<meta property=\"og:image:height\" content=\"720\" \/>\n\t<meta property=\"og:image:type\" content=\"image\/jpeg\" \/>\n<meta name=\"twitter:card\" content=\"summary_large_image\" \/>\n<meta name=\"twitter:label1\" content=\"Dur\u00e9e de lecture estim\u00e9e\" \/>\n\t<meta name=\"twitter:data1\" content=\"4 minutes\" \/>\n<script type=\"application\/ld+json\" class=\"yoast-schema-graph\">{\"@context\":\"https:\\\/\\\/schema.org\",\"@graph\":[{\"@type\":\"WebPage\",\"@id\":\"https:\\\/\\\/carea-facade.com\\\/fr\\\/technique\\\/le-bim-selon-carea\\\/\",\"url\":\"https:\\\/\\\/carea-facade.com\\\/fr\\\/technique\\\/le-bim-selon-carea\\\/\",\"name\":\"Ne pas confondre BIM et maquette num\u00e9rique - Carea Fa\u00e7ade\",\"isPartOf\":{\"@id\":\"https:\\\/\\\/carea-facade.com\\\/fr\\\/#website\"},\"primaryImageOfPage\":{\"@id\":\"https:\\\/\\\/carea-facade.com\\\/fr\\\/technique\\\/le-bim-selon-carea\\\/#primaryimage\"},\"image\":{\"@id\":\"https:\\\/\\\/carea-facade.com\\\/fr\\\/technique\\\/le-bim-selon-carea\\\/#primaryimage\"},\"thumbnailUrl\":\"https:\\\/\\\/carea-facade.com\\\/wp-content\\\/uploads\\\/2025\\\/09\\\/1.jpg\",\"datePublished\":\"2025-10-01T14:26:36+00:00\",\"dateModified\":\"2026-02-12T13:44:53+00:00\",\"description\":\"CAREA FACADE - Ne pas confondre BIM (Building information Modeling) et maquette num\u00e9rique. Explications d'un professionnel et expert de la fa\u00e7ade.\",\"breadcrumb\":{\"@id\":\"https:\\\/\\\/carea-facade.com\\\/fr\\\/technique\\\/le-bim-selon-carea\\\/#breadcrumb\"},\"inLanguage\":\"fr-FR\",\"potentialAction\":[{\"@type\":\"ReadAction\",\"target\":[\"https:\\\/\\\/carea-facade.com\\\/fr\\\/technique\\\/le-bim-selon-carea\\\/\"]}]},{\"@type\":\"ImageObject\",\"inLanguage\":\"fr-FR\",\"@id\":\"https:\\\/\\\/carea-facade.com\\\/fr\\\/technique\\\/le-bim-selon-carea\\\/#primaryimage\",\"url\":\"https:\\\/\\\/carea-facade.com\\\/wp-content\\\/uploads\\\/2025\\\/09\\\/1.jpg\",\"contentUrl\":\"https:\\\/\\\/carea-facade.com\\\/wp-content\\\/uploads\\\/2025\\\/09\\\/1.jpg\",\"width\":1280,\"height\":720},{\"@type\":\"BreadcrumbList\",\"@id\":\"https:\\\/\\\/carea-facade.com\\\/fr\\\/technique\\\/le-bim-selon-carea\\\/#breadcrumb\",\"itemListElement\":[{\"@type\":\"ListItem\",\"position\":1,\"name\":\"Accueil\",\"item\":\"https:\\\/\\\/carea-facade.com\\\/fr\\\/home\\\/\"},{\"@type\":\"ListItem\",\"position\":2,\"name\":\"Technique\",\"item\":\"https:\\\/\\\/carea-facade.com\\\/fr\\\/technique\\\/\"},{\"@type\":\"ListItem\",\"position\":3,\"name\":\"Le BIM selon CAREA\"}]},{\"@type\":\"WebSite\",\"@id\":\"https:\\\/\\\/carea-facade.com\\\/fr\\\/#website\",\"url\":\"https:\\\/\\\/carea-facade.com\\\/fr\\\/\",\"name\":\"Carea facade\",\"description\":\"\",\"publisher\":{\"@id\":\"https:\\\/\\\/carea-facade.com\\\/fr\\\/#organization\"},\"potentialAction\":[{\"@type\":\"SearchAction\",\"target\":{\"@type\":\"EntryPoint\",\"urlTemplate\":\"https:\\\/\\\/carea-facade.com\\\/fr\\\/?s={search_term_string}\"},\"query-input\":{\"@type\":\"PropertyValueSpecification\",\"valueRequired\":true,\"valueName\":\"search_term_string\"}}],\"inLanguage\":\"fr-FR\"},{\"@type\":\"Organization\",\"@id\":\"https:\\\/\\\/carea-facade.com\\\/fr\\\/#organization\",\"name\":\"Carea facade\",\"url\":\"https:\\\/\\\/carea-facade.com\\\/fr\\\/\",\"logo\":{\"@type\":\"ImageObject\",\"inLanguage\":\"fr-FR\",\"@id\":\"https:\\\/\\\/carea-facade.com\\\/fr\\\/#\\\/schema\\\/logo\\\/image\\\/\",\"url\":\"https:\\\/\\\/carea-facade.com\\\/wp-content\\\/uploads\\\/2025\\\/10\\\/logo-carea.svg\",\"contentUrl\":\"https:\\\/\\\/carea-facade.com\\\/wp-content\\\/uploads\\\/2025\\\/10\\\/logo-carea.svg\",\"width\":131,\"height\":95,\"caption\":\"Carea facade\"},\"image\":{\"@id\":\"https:\\\/\\\/carea-facade.com\\\/fr\\\/#\\\/schema\\\/logo\\\/image\\\/\"}}]}<\/script>\n<!-- \/ Yoast SEO plugin. -->","yoast_head_json":{"title":"Ne pas confondre BIM et maquette num\u00e9rique - Carea Fa\u00e7ade","description":"CAREA FACADE - Ne pas confondre BIM (Building information Modeling) et maquette num\u00e9rique. Explications d'un professionnel et expert de la fa\u00e7ade.","robots":{"index":"index","follow":"follow","max-snippet":"max-snippet:-1","max-image-preview":"max-image-preview:large","max-video-preview":"max-video-preview:-1"},"canonical":"https:\/\/carea-facade.com\/fr\/technique\/le-bim-selon-carea\/","og_locale":"fr_FR","og_type":"article","og_title":"Ne pas confondre BIM et maquette num\u00e9rique - Carea Fa\u00e7ade","og_description":"CAREA FACADE - Ne pas confondre BIM (Building information Modeling) et maquette num\u00e9rique. Explications d'un professionnel et expert de la fa\u00e7ade.","og_url":"https:\/\/carea-facade.com\/fr\/technique\/le-bim-selon-carea\/","og_site_name":"Carea facade","article_modified_time":"2026-02-12T13:44:53+00:00","og_image":[{"width":1280,"height":720,"url":"https:\/\/carea-facade.com\/wp-content\/uploads\/2025\/09\/1.jpg","type":"image\/jpeg"}],"twitter_card":"summary_large_image","twitter_misc":{"Dur\u00e9e de lecture estim\u00e9e":"4 minutes"},"schema":{"@context":"https:\/\/schema.org","@graph":[{"@type":"WebPage","@id":"https:\/\/carea-facade.com\/fr\/technique\/le-bim-selon-carea\/","url":"https:\/\/carea-facade.com\/fr\/technique\/le-bim-selon-carea\/","name":"Ne pas confondre BIM et maquette num\u00e9rique - Carea Fa\u00e7ade","isPartOf":{"@id":"https:\/\/carea-facade.com\/fr\/#website"},"primaryImageOfPage":{"@id":"https:\/\/carea-facade.com\/fr\/technique\/le-bim-selon-carea\/#primaryimage"},"image":{"@id":"https:\/\/carea-facade.com\/fr\/technique\/le-bim-selon-carea\/#primaryimage"},"thumbnailUrl":"https:\/\/carea-facade.com\/wp-content\/uploads\/2025\/09\/1.jpg","datePublished":"2025-10-01T14:26:36+00:00","dateModified":"2026-02-12T13:44:53+00:00","description":"CAREA FACADE - Ne pas confondre BIM (Building information Modeling) et maquette num\u00e9rique. Explications d'un professionnel et expert de la fa\u00e7ade.","breadcrumb":{"@id":"https:\/\/carea-facade.com\/fr\/technique\/le-bim-selon-carea\/#breadcrumb"},"inLanguage":"fr-FR","potentialAction":[{"@type":"ReadAction","target":["https:\/\/carea-facade.com\/fr\/technique\/le-bim-selon-carea\/"]}]},{"@type":"ImageObject","inLanguage":"fr-FR","@id":"https:\/\/carea-facade.com\/fr\/technique\/le-bim-selon-carea\/#primaryimage","url":"https:\/\/carea-facade.com\/wp-content\/uploads\/2025\/09\/1.jpg","contentUrl":"https:\/\/carea-facade.com\/wp-content\/uploads\/2025\/09\/1.jpg","width":1280,"height":720},{"@type":"BreadcrumbList","@id":"https:\/\/carea-facade.com\/fr\/technique\/le-bim-selon-carea\/#breadcrumb","itemListElement":[{"@type":"ListItem","position":1,"name":"Accueil","item":"https:\/\/carea-facade.com\/fr\/home\/"},{"@type":"ListItem","position":2,"name":"Technique","item":"https:\/\/carea-facade.com\/fr\/technique\/"},{"@type":"ListItem","position":3,"name":"Le BIM selon CAREA"}]},{"@type":"WebSite","@id":"https:\/\/carea-facade.com\/fr\/#website","url":"https:\/\/carea-facade.com\/fr\/","name":"Carea facade","description":"","publisher":{"@id":"https:\/\/carea-facade.com\/fr\/#organization"},"potentialAction":[{"@type":"SearchAction","target":{"@type":"EntryPoint","urlTemplate":"https:\/\/carea-facade.com\/fr\/?s={search_term_string}"},"query-input":{"@type":"PropertyValueSpecification","valueRequired":true,"valueName":"search_term_string"}}],"inLanguage":"fr-FR"},{"@type":"Organization","@id":"https:\/\/carea-facade.com\/fr\/#organization","name":"Carea facade","url":"https:\/\/carea-facade.com\/fr\/","logo":{"@type":"ImageObject","inLanguage":"fr-FR","@id":"https:\/\/carea-facade.com\/fr\/#\/schema\/logo\/image\/","url":"https:\/\/carea-facade.com\/wp-content\/uploads\/2025\/10\/logo-carea.svg","contentUrl":"https:\/\/carea-facade.com\/wp-content\/uploads\/2025\/10\/logo-carea.svg","width":131,"height":95,"caption":"Carea facade"},"image":{"@id":"https:\/\/carea-facade.com\/fr\/#\/schema\/logo\/image\/"}}]}},"_links":{"self":[{"href":"https:\/\/carea-facade.com\/fr\/wp-json\/wp\/v2\/pages\/2288","targetHints":{"allow":["GET"]}}],"collection":[{"href":"https:\/\/carea-facade.com\/fr\/wp-json\/wp\/v2\/pages"}],"about":[{"href":"https:\/\/carea-facade.com\/fr\/wp-json\/wp\/v2\/types\/page"}],"author":[{"embeddable":true,"href":"https:\/\/carea-facade.com\/fr\/wp-json\/wp\/v2\/users\/3"}],"replies":[{"embeddable":true,"href":"https:\/\/carea-facade.com\/fr\/wp-json\/wp\/v2\/comments?post=2288"}],"version-history":[{"count":22,"href":"https:\/\/carea-facade.com\/fr\/wp-json\/wp\/v2\/pages\/2288\/revisions"}],"predecessor-version":[{"id":23724,"href":"https:\/\/carea-facade.com\/fr\/wp-json\/wp\/v2\/pages\/2288\/revisions\/23724"}],"up":[{"embeddable":true,"href":"https:\/\/carea-facade.com\/fr\/wp-json\/wp\/v2\/pages\/2207"}],"wp:featuredmedia":[{"embeddable":true,"href":"https:\/\/carea-facade.com\/fr\/wp-json\/wp\/v2\/media\/2289"}],"wp:attachment":[{"href":"https:\/\/carea-facade.com\/fr\/wp-json\/wp\/v2\/media?parent=2288"}],"curies":[{"name":"wp","href":"https:\/\/api.w.org\/{rel}","templated":true}]}}