{"id":22954,"date":"2025-12-15T14:22:49","date_gmt":"2025-12-15T13:22:49","guid":{"rendered":"https:\/\/carea-facade.com\/?page_id=22954"},"modified":"2026-04-01T12:39:40","modified_gmt":"2026-04-01T10:39:40","slug":"lecoconception-de-a-a-z","status":"publish","type":"page","link":"https:\/\/carea-facade.com\/fr\/engagement-environnemental\/lecoconception-de-a-a-z\/","title":{"rendered":"L\u2019\u00e9coconception, de A \u00e0 Z"},"content":{"rendered":"\n<div class=\"wp-block-group has-global-padding is-layout-constrained wp-container-core-group-is-layout-09212acf wp-block-group-is-layout-constrained\" style=\"padding-top:var(--wp--preset--spacing--theme-default);padding-right:var(--wp--preset--spacing--theme-xs);padding-bottom:var(--wp--preset--spacing--theme-default);padding-left:var(--wp--preset--spacing--theme-xs)\">\n<div class=\"wp-block-group has-global-padding is-layout-constrained wp-container-core-group-is-layout-c3ef1538 wp-block-group-is-layout-constrained\">\n<h1 class=\"wp-block-heading has-secondary-color has-text-color has-link-color wp-elements-eb43b952bf95fd8dca7d5a9f6ae09704\" style=\"font-style:normal;font-weight:500;text-transform:uppercase\">L\u2019\u00e9coconception, de A \u00e0 Z<\/h1>\n\n\n\n<div class=\"wp-block-group has-global-padding is-layout-constrained wp-block-group-is-layout-constrained\">\n<p class=\"has-medium-theme-font-size\">Chez Carea, nous avons cr\u00e9\u00e9 un mat\u00e9riau aux propri\u00e9t\u00e9s intrins\u00e8quement positives&nbsp;: non polluant, durable, esth\u00e9tique. Une solution simple et viable qui r\u00e9pond aux enjeux complexes de notre \u00e9poque.<\/p>\n\n\n\n<p class=\"has-medium-theme-font-size\">Et, en int\u00e9grant notre min\u00e9ral dans une d\u00e9marche d\u2019\u00e9coconception, nous avons optimis\u00e9 le cycle de vie de nos produits pour all\u00e9ger significativement notre empreinte sur la plan\u00e8te.<\/p>\n<\/div>\n<\/div>\n\n\n\n<div class=\"wp-block-group is-vertical is-content-justification-center is-layout-flex wp-container-core-group-is-layout-29a5bbdf wp-block-group-is-layout-flex\">\n<div class=\"wp-block-columns are-vertically-aligned-top is-layout-flex wp-container-core-columns-is-layout-87d131e1 wp-block-columns-is-layout-flex\">\n<div class=\"wp-block-column is-vertically-aligned-top is-layout-flow wp-container-core-column-is-layout-42847310 wp-block-column-is-layout-flow\" style=\"flex-basis:300px\">\n<div class=\"wp-block-group has-border-color has-secondary-border-color is-vertical is-content-justification-left is-nowrap is-layout-flex wp-container-core-group-is-layout-45c43c2e wp-block-group-is-layout-flex\" style=\"border-width:1px;padding-top:var(--wp--preset--spacing--theme-s);padding-right:var(--wp--preset--spacing--theme-s);padding-bottom:var(--wp--preset--spacing--theme-s);padding-left:var(--wp--preset--spacing--theme-s)\">\n<h4 class=\"wp-block-heading\" style=\"font-style:normal;font-weight:500;text-transform:uppercase\"><strong>Approvisionnement<\/strong><\/h4>\n\n\n\n<div class=\"wp-block-group is-vertical is-layout-flex wp-container-core-group-is-layout-fe9cc265 wp-block-group-is-layout-flex\">\n<p><strong>&#8211; Origine min\u00e9rale garantie.<\/strong><\/p>\n\n\n\n<p>Notre mat\u00e9riau g\u00e9osourc\u00e9 contient 90% de charge min\u00e9rale, dont de la poudre d\u2019ardoise originaire de carri\u00e8res locales.<\/p>\n\n\n\n<p><strong>&#8211; 100% hexagonale<\/strong><\/p>\n\n\n\n<p>Toute notre mati\u00e8re min\u00e9rale provient de France&nbsp;: nous n\u2019utilisons que des mati\u00e8res locales, en circuit court.<\/p>\n<\/div>\n<\/div>\n<\/div>\n\n\n\n<div class=\"wp-block-column is-vertically-aligned-top is-layout-flow wp-container-core-column-is-layout-42847310 wp-block-column-is-layout-flow\">\n<div class=\"wp-block-group is-vertical is-layout-flex wp-container-core-group-is-layout-d6b9ab57 wp-block-group-is-layout-flex\">\n<figure class=\"wp-block-image size-large is-resized\"><img loading=\"lazy\" decoding=\"async\" width=\"300\" height=\"339\" src=\"https:\/\/carea-facade.com\/wp-content\/uploads\/2025\/12\/data-90pourcent-04-3.svg\" alt=\"data 90pourcent 04 3\" class=\"wp-image-22958\" style=\"width:300px\"\/><\/figure>\n<\/div>\n<\/div>\n<\/div>\n\n\n\n<div class=\"wp-block-columns are-vertically-aligned-center is-layout-flex wp-container-core-columns-is-layout-87d131e1 wp-block-columns-is-layout-flex\">\n<div class=\"wp-block-column is-vertically-aligned-center is-layout-flow wp-container-core-column-is-layout-42847310 wp-block-column-is-layout-flow\">\n<div class=\"wp-block-group is-vertical is-content-justification-right is-layout-flex wp-container-core-group-is-layout-c0d519fa wp-block-group-is-layout-flex\">\n<figure class=\"wp-block-image size-large is-resized\"><img loading=\"lazy\" decoding=\"async\" width=\"200\" height=\"154\" src=\"https:\/\/carea-facade.com\/wp-content\/uploads\/2025\/12\/DATA-FABRIQUE-EN-FRANCE-1.svg\" alt=\"DATA FABRIQUE EN FRANCE 1\" class=\"wp-image-22957\" style=\"width:200px\"\/><\/figure>\n<\/div>\n<\/div>\n\n\n\n<div class=\"wp-block-column is-vertically-aligned-center is-layout-flow wp-container-core-column-is-layout-42847310 wp-block-column-is-layout-flow\" style=\"flex-basis:300px\">\n<div class=\"wp-block-group has-border-color has-secondary-border-color is-vertical is-content-justification-left is-nowrap is-layout-flex wp-container-core-group-is-layout-45c43c2e wp-block-group-is-layout-flex\" style=\"border-width:1px;padding-top:var(--wp--preset--spacing--theme-s);padding-right:var(--wp--preset--spacing--theme-s);padding-bottom:var(--wp--preset--spacing--theme-s);padding-left:var(--wp--preset--spacing--theme-s)\">\n<h4 class=\"wp-block-heading\" style=\"font-style:normal;font-weight:500;text-transform:uppercase\"><strong>Fabrication<\/strong><\/h4>\n\n\n\n<div class=\"wp-block-group is-vertical is-layout-flex wp-container-core-group-is-layout-fe9cc265 wp-block-group-is-layout-flex\">\n<p><strong>&#8211; \u00c9co-efficacit\u00e9<\/strong><\/p>\n\n\n\n<p>Notre processus de production responsable repose sur une optimisation des ressources engag\u00e9es&nbsp;: circuit d\u2019eau ferm\u00e9, \u00e9nergie rationnalis\u00e9e, machines reconditionn\u00e9es&#8230;<\/p>\n\n\n\n<p><strong>&#8211; Logistique<\/strong><\/p>\n\n\n\n<p>Nous avons supprim\u00e9 les palettes de nos unit\u00e9s de production. Et d\u2019ici 2030, nous atteindrons 100% d\u2019emballages recyclables.<\/p>\n\n\n\n<p><strong>&#8211; Fabriqu\u00e9 en France<\/strong><\/p>\n\n\n\n<p>Toutes nos unit\u00e9s de production sont en France.<\/p>\n<\/div>\n<\/div>\n<\/div>\n<\/div>\n\n\n\n<div class=\"wp-block-columns are-vertically-aligned-center is-layout-flex wp-container-core-columns-is-layout-87d131e1 wp-block-columns-is-layout-flex\">\n<div class=\"wp-block-column is-vertically-aligned-center is-layout-flow wp-container-core-column-is-layout-42847310 wp-block-column-is-layout-flow\" style=\"flex-basis:300px\">\n<div class=\"wp-block-group has-border-color has-secondary-border-color is-vertical is-content-justification-left is-nowrap is-layout-flex wp-container-core-group-is-layout-45c43c2e wp-block-group-is-layout-flex\" style=\"border-width:1px;padding-top:var(--wp--preset--spacing--theme-s);padding-right:var(--wp--preset--spacing--theme-s);padding-bottom:var(--wp--preset--spacing--theme-s);padding-left:var(--wp--preset--spacing--theme-s)\">\n<h4 class=\"wp-block-heading\" style=\"font-style:normal;font-weight:500;text-transform:uppercase\"><strong>Utilisation<\/strong><\/h4>\n\n\n\n<div class=\"wp-block-group is-vertical is-layout-flex wp-container-core-group-is-layout-fe9cc265 wp-block-group-is-layout-flex\">\n<p><strong>&#8211; Durabilit\u00e9<\/strong><\/p>\n\n\n\n<p>Les produits Carea sont faits pour s\u2019inscrire dans un usage quotidien, sur le long terme.<\/p>\n\n\n\n<p><strong>&#8211; R\u00e9emploi<\/strong><\/p>\n\n\n\n<p>Nos \u00e9l\u00e9ments de fa\u00e7ade peuvent \u00eatre remis en \u00e9tat pour 10 ans, ou remplac\u00e9s partiellement.<\/p>\n<\/div>\n<\/div>\n<\/div>\n\n\n\n<div class=\"wp-block-column is-vertically-aligned-center is-layout-flow wp-container-core-column-is-layout-42847310 wp-block-column-is-layout-flow\">\n<div class=\"wp-block-group is-vertical is-layout-flex wp-container-core-group-is-layout-d6b9ab57 wp-block-group-is-layout-flex\">\n<figure class=\"wp-block-image size-large is-resized\"><img loading=\"lazy\" decoding=\"async\" width=\"300\" height=\"341\" src=\"https:\/\/carea-facade.com\/wp-content\/uploads\/2025\/12\/data-10-ans-03-2.svg\" alt=\"data 10 ans 03 2\" class=\"wp-image-22956\" style=\"width:300px\"\/><\/figure>\n<\/div>\n<\/div>\n<\/div>\n\n\n\n<div class=\"wp-block-columns are-vertically-aligned-center is-layout-flex wp-container-core-columns-is-layout-87d131e1 wp-block-columns-is-layout-flex\">\n<div class=\"wp-block-column is-vertically-aligned-center is-layout-flow wp-container-core-column-is-layout-42847310 wp-block-column-is-layout-flow\">\n<div class=\"wp-block-group is-vertical is-content-justification-right is-layout-flex wp-container-core-group-is-layout-52219066 wp-block-group-is-layout-flex\">\n<figure class=\"wp-block-image size-large is-resized\"><img loading=\"lazy\" decoding=\"async\" width=\"182\" height=\"361\" src=\"https:\/\/carea-facade.com\/wp-content\/uploads\/2025\/12\/data-cycle-ouvert-03-1.svg\" alt=\"data cycle ouvert 03 1\" class=\"wp-image-22955\" style=\"width:182px\"\/><\/figure>\n<\/div>\n<\/div>\n\n\n\n<div class=\"wp-block-column is-vertically-aligned-center is-layout-flow wp-container-core-column-is-layout-42847310 wp-block-column-is-layout-flow\" style=\"flex-basis:300px\">\n<div class=\"wp-block-group has-border-color has-secondary-border-color is-vertical is-content-justification-left is-nowrap is-layout-flex wp-container-core-group-is-layout-45c43c2e wp-block-group-is-layout-flex\" style=\"border-width:1px;padding-top:var(--wp--preset--spacing--theme-s);padding-right:var(--wp--preset--spacing--theme-s);padding-bottom:var(--wp--preset--spacing--theme-s);padding-left:var(--wp--preset--spacing--theme-s)\">\n<h4 class=\"wp-block-heading\" style=\"font-style:normal;font-weight:500;text-transform:uppercase\"><strong>Fin de vie<\/strong><\/h4>\n\n\n\n<div class=\"wp-block-group is-vertical is-layout-flex wp-container-core-group-is-layout-fe9cc265 wp-block-group-is-layout-flex\">\n<p><strong>&#8211; Cycle ouvert<\/strong><\/p>\n\n\n\n<p>Nos \u00e9l\u00e9ments de fa\u00e7ade sont pens\u00e9s pour \u00eatre r\u00e9utilisables, et r\u00e9duire encore leur impact.<\/p>\n<\/div>\n<\/div>\n<\/div>\n<\/div>\n<\/div>\n<\/div>\n","protected":false},"excerpt":{"rendered":"<p>L\u2019\u00e9coconception, de A \u00e0 Z Chez Carea, nous avons cr\u00e9\u00e9 un mat\u00e9riau aux propri\u00e9t\u00e9s intrins\u00e8quement positives&nbsp;: non polluant, durable, esth\u00e9tique. Une solution simple et viable qui r\u00e9pond aux enjeux complexes de notre \u00e9poque. Et, en int\u00e9grant notre min\u00e9ral dans une d\u00e9marche d\u2019\u00e9coconception, nous avons optimis\u00e9 le cycle de vie de nos produits pour all\u00e9ger significativement [&hellip;]<\/p>\n","protected":false},"author":3,"featured_media":0,"parent":282,"menu_order":0,"comment_status":"closed","ping_status":"closed","template":"","meta":{"_acf_changed":false,"footnotes":""},"class_list":["post-22954","page","type-page","status-publish","hentry"],"acf":[],"yoast_head":"<!-- This site is optimized with the Yoast SEO plugin v27.5 - https:\/\/yoast.com\/product\/yoast-seo-wordpress\/ -->\n<title>L\u2019\u00e9coconception, de A \u00e0 Z - Carea facade<\/title>\n<meta name=\"robots\" content=\"index, follow, max-snippet:-1, max-image-preview:large, max-video-preview:-1\" \/>\n<link rel=\"canonical\" href=\"https:\/\/carea-facade.com\/fr\/engagement-environnemental\/lecoconception-de-a-a-z\/\" \/>\n<meta property=\"og:locale\" content=\"fr_FR\" \/>\n<meta property=\"og:type\" content=\"article\" \/>\n<meta property=\"og:title\" content=\"L\u2019\u00e9coconception, de A \u00e0 Z - Carea facade\" \/>\n<meta property=\"og:description\" content=\"L\u2019\u00e9coconception, de A \u00e0 Z Chez Carea, nous avons cr\u00e9\u00e9 un mat\u00e9riau aux propri\u00e9t\u00e9s intrins\u00e8quement positives&nbsp;: non polluant, durable, esth\u00e9tique. Une solution simple et viable qui r\u00e9pond aux enjeux complexes de notre \u00e9poque. Et, en int\u00e9grant notre min\u00e9ral dans une d\u00e9marche d\u2019\u00e9coconception, nous avons optimis\u00e9 le cycle de vie de nos produits pour all\u00e9ger significativement [&hellip;]\" \/>\n<meta property=\"og:url\" content=\"https:\/\/carea-facade.com\/fr\/engagement-environnemental\/lecoconception-de-a-a-z\/\" \/>\n<meta property=\"og:site_name\" content=\"Carea facade\" \/>\n<meta property=\"article:modified_time\" content=\"2026-04-01T10:39:40+00:00\" \/>\n<meta name=\"twitter:card\" content=\"summary_large_image\" \/>\n<meta name=\"twitter:label1\" content=\"Dur\u00e9e de lecture estim\u00e9e\" \/>\n\t<meta name=\"twitter:data1\" content=\"2 minutes\" \/>\n<script type=\"application\/ld+json\" class=\"yoast-schema-graph\">{\"@context\":\"https:\\\/\\\/schema.org\",\"@graph\":[{\"@type\":\"WebPage\",\"@id\":\"https:\\\/\\\/carea-facade.com\\\/fr\\\/engagement-environnemental\\\/lecoconception-de-a-a-z\\\/\",\"url\":\"https:\\\/\\\/carea-facade.com\\\/fr\\\/engagement-environnemental\\\/lecoconception-de-a-a-z\\\/\",\"name\":\"L\u2019\u00e9coconception, de A \u00e0 Z - Carea facade\",\"isPartOf\":{\"@id\":\"https:\\\/\\\/carea-facade.com\\\/fr\\\/#website\"},\"primaryImageOfPage\":{\"@id\":\"https:\\\/\\\/carea-facade.com\\\/fr\\\/engagement-environnemental\\\/lecoconception-de-a-a-z\\\/#primaryimage\"},\"image\":{\"@id\":\"https:\\\/\\\/carea-facade.com\\\/fr\\\/engagement-environnemental\\\/lecoconception-de-a-a-z\\\/#primaryimage\"},\"thumbnailUrl\":\"https:\\\/\\\/carea-facade.com\\\/wp-content\\\/uploads\\\/2025\\\/12\\\/data-90pourcent-04-3.svg\",\"datePublished\":\"2025-12-15T13:22:49+00:00\",\"dateModified\":\"2026-04-01T10:39:40+00:00\",\"breadcrumb\":{\"@id\":\"https:\\\/\\\/carea-facade.com\\\/fr\\\/engagement-environnemental\\\/lecoconception-de-a-a-z\\\/#breadcrumb\"},\"inLanguage\":\"fr-FR\",\"potentialAction\":[{\"@type\":\"ReadAction\",\"target\":[\"https:\\\/\\\/carea-facade.com\\\/fr\\\/engagement-environnemental\\\/lecoconception-de-a-a-z\\\/\"]}]},{\"@type\":\"ImageObject\",\"inLanguage\":\"fr-FR\",\"@id\":\"https:\\\/\\\/carea-facade.com\\\/fr\\\/engagement-environnemental\\\/lecoconception-de-a-a-z\\\/#primaryimage\",\"url\":\"https:\\\/\\\/carea-facade.com\\\/wp-content\\\/uploads\\\/2025\\\/12\\\/data-90pourcent-04-3.svg\",\"contentUrl\":\"https:\\\/\\\/carea-facade.com\\\/wp-content\\\/uploads\\\/2025\\\/12\\\/data-90pourcent-04-3.svg\"},{\"@type\":\"BreadcrumbList\",\"@id\":\"https:\\\/\\\/carea-facade.com\\\/fr\\\/engagement-environnemental\\\/lecoconception-de-a-a-z\\\/#breadcrumb\",\"itemListElement\":[{\"@type\":\"ListItem\",\"position\":1,\"name\":\"Accueil\",\"item\":\"https:\\\/\\\/carea-facade.com\\\/fr\\\/home\\\/\"},{\"@type\":\"ListItem\",\"position\":2,\"name\":\"Engagement environnemental\",\"item\":\"https:\\\/\\\/carea-facade.com\\\/fr\\\/engagement-environnemental\\\/\"},{\"@type\":\"ListItem\",\"position\":3,\"name\":\"L\u2019\u00e9coconception, de A \u00e0 Z\"}]},{\"@type\":\"WebSite\",\"@id\":\"https:\\\/\\\/carea-facade.com\\\/fr\\\/#website\",\"url\":\"https:\\\/\\\/carea-facade.com\\\/fr\\\/\",\"name\":\"Carea facade\",\"description\":\"\",\"publisher\":{\"@id\":\"https:\\\/\\\/carea-facade.com\\\/fr\\\/#organization\"},\"potentialAction\":[{\"@type\":\"SearchAction\",\"target\":{\"@type\":\"EntryPoint\",\"urlTemplate\":\"https:\\\/\\\/carea-facade.com\\\/fr\\\/?s={search_term_string}\"},\"query-input\":{\"@type\":\"PropertyValueSpecification\",\"valueRequired\":true,\"valueName\":\"search_term_string\"}}],\"inLanguage\":\"fr-FR\"},{\"@type\":\"Organization\",\"@id\":\"https:\\\/\\\/carea-facade.com\\\/fr\\\/#organization\",\"name\":\"Carea facade\",\"url\":\"https:\\\/\\\/carea-facade.com\\\/fr\\\/\",\"logo\":{\"@type\":\"ImageObject\",\"inLanguage\":\"fr-FR\",\"@id\":\"https:\\\/\\\/carea-facade.com\\\/fr\\\/#\\\/schema\\\/logo\\\/image\\\/\",\"url\":\"https:\\\/\\\/carea-facade.com\\\/wp-content\\\/uploads\\\/2025\\\/10\\\/logo-carea.svg\",\"contentUrl\":\"https:\\\/\\\/carea-facade.com\\\/wp-content\\\/uploads\\\/2025\\\/10\\\/logo-carea.svg\",\"width\":131,\"height\":95,\"caption\":\"Carea facade\"},\"image\":{\"@id\":\"https:\\\/\\\/carea-facade.com\\\/fr\\\/#\\\/schema\\\/logo\\\/image\\\/\"}}]}<\/script>\n<!-- \/ Yoast SEO plugin. -->","yoast_head_json":{"title":"L\u2019\u00e9coconception, de A \u00e0 Z - Carea facade","robots":{"index":"index","follow":"follow","max-snippet":"max-snippet:-1","max-image-preview":"max-image-preview:large","max-video-preview":"max-video-preview:-1"},"canonical":"https:\/\/carea-facade.com\/fr\/engagement-environnemental\/lecoconception-de-a-a-z\/","og_locale":"fr_FR","og_type":"article","og_title":"L\u2019\u00e9coconception, de A \u00e0 Z - Carea facade","og_description":"L\u2019\u00e9coconception, de A \u00e0 Z Chez Carea, nous avons cr\u00e9\u00e9 un mat\u00e9riau aux propri\u00e9t\u00e9s intrins\u00e8quement positives&nbsp;: non polluant, durable, esth\u00e9tique. Une solution simple et viable qui r\u00e9pond aux enjeux complexes de notre \u00e9poque. Et, en int\u00e9grant notre min\u00e9ral dans une d\u00e9marche d\u2019\u00e9coconception, nous avons optimis\u00e9 le cycle de vie de nos produits pour all\u00e9ger significativement [&hellip;]","og_url":"https:\/\/carea-facade.com\/fr\/engagement-environnemental\/lecoconception-de-a-a-z\/","og_site_name":"Carea facade","article_modified_time":"2026-04-01T10:39:40+00:00","twitter_card":"summary_large_image","twitter_misc":{"Dur\u00e9e de lecture estim\u00e9e":"2 minutes"},"schema":{"@context":"https:\/\/schema.org","@graph":[{"@type":"WebPage","@id":"https:\/\/carea-facade.com\/fr\/engagement-environnemental\/lecoconception-de-a-a-z\/","url":"https:\/\/carea-facade.com\/fr\/engagement-environnemental\/lecoconception-de-a-a-z\/","name":"L\u2019\u00e9coconception, de A \u00e0 Z - Carea facade","isPartOf":{"@id":"https:\/\/carea-facade.com\/fr\/#website"},"primaryImageOfPage":{"@id":"https:\/\/carea-facade.com\/fr\/engagement-environnemental\/lecoconception-de-a-a-z\/#primaryimage"},"image":{"@id":"https:\/\/carea-facade.com\/fr\/engagement-environnemental\/lecoconception-de-a-a-z\/#primaryimage"},"thumbnailUrl":"https:\/\/carea-facade.com\/wp-content\/uploads\/2025\/12\/data-90pourcent-04-3.svg","datePublished":"2025-12-15T13:22:49+00:00","dateModified":"2026-04-01T10:39:40+00:00","breadcrumb":{"@id":"https:\/\/carea-facade.com\/fr\/engagement-environnemental\/lecoconception-de-a-a-z\/#breadcrumb"},"inLanguage":"fr-FR","potentialAction":[{"@type":"ReadAction","target":["https:\/\/carea-facade.com\/fr\/engagement-environnemental\/lecoconception-de-a-a-z\/"]}]},{"@type":"ImageObject","inLanguage":"fr-FR","@id":"https:\/\/carea-facade.com\/fr\/engagement-environnemental\/lecoconception-de-a-a-z\/#primaryimage","url":"https:\/\/carea-facade.com\/wp-content\/uploads\/2025\/12\/data-90pourcent-04-3.svg","contentUrl":"https:\/\/carea-facade.com\/wp-content\/uploads\/2025\/12\/data-90pourcent-04-3.svg"},{"@type":"BreadcrumbList","@id":"https:\/\/carea-facade.com\/fr\/engagement-environnemental\/lecoconception-de-a-a-z\/#breadcrumb","itemListElement":[{"@type":"ListItem","position":1,"name":"Accueil","item":"https:\/\/carea-facade.com\/fr\/home\/"},{"@type":"ListItem","position":2,"name":"Engagement environnemental","item":"https:\/\/carea-facade.com\/fr\/engagement-environnemental\/"},{"@type":"ListItem","position":3,"name":"L\u2019\u00e9coconception, de A \u00e0 Z"}]},{"@type":"WebSite","@id":"https:\/\/carea-facade.com\/fr\/#website","url":"https:\/\/carea-facade.com\/fr\/","name":"Carea facade","description":"","publisher":{"@id":"https:\/\/carea-facade.com\/fr\/#organization"},"potentialAction":[{"@type":"SearchAction","target":{"@type":"EntryPoint","urlTemplate":"https:\/\/carea-facade.com\/fr\/?s={search_term_string}"},"query-input":{"@type":"PropertyValueSpecification","valueRequired":true,"valueName":"search_term_string"}}],"inLanguage":"fr-FR"},{"@type":"Organization","@id":"https:\/\/carea-facade.com\/fr\/#organization","name":"Carea facade","url":"https:\/\/carea-facade.com\/fr\/","logo":{"@type":"ImageObject","inLanguage":"fr-FR","@id":"https:\/\/carea-facade.com\/fr\/#\/schema\/logo\/image\/","url":"https:\/\/carea-facade.com\/wp-content\/uploads\/2025\/10\/logo-carea.svg","contentUrl":"https:\/\/carea-facade.com\/wp-content\/uploads\/2025\/10\/logo-carea.svg","width":131,"height":95,"caption":"Carea facade"},"image":{"@id":"https:\/\/carea-facade.com\/fr\/#\/schema\/logo\/image\/"}}]}},"_links":{"self":[{"href":"https:\/\/carea-facade.com\/fr\/wp-json\/wp\/v2\/pages\/22954","targetHints":{"allow":["GET"]}}],"collection":[{"href":"https:\/\/carea-facade.com\/fr\/wp-json\/wp\/v2\/pages"}],"about":[{"href":"https:\/\/carea-facade.com\/fr\/wp-json\/wp\/v2\/types\/page"}],"author":[{"embeddable":true,"href":"https:\/\/carea-facade.com\/fr\/wp-json\/wp\/v2\/users\/3"}],"replies":[{"embeddable":true,"href":"https:\/\/carea-facade.com\/fr\/wp-json\/wp\/v2\/comments?post=22954"}],"version-history":[{"count":13,"href":"https:\/\/carea-facade.com\/fr\/wp-json\/wp\/v2\/pages\/22954\/revisions"}],"predecessor-version":[{"id":23662,"href":"https:\/\/carea-facade.com\/fr\/wp-json\/wp\/v2\/pages\/22954\/revisions\/23662"}],"up":[{"embeddable":true,"href":"https:\/\/carea-facade.com\/fr\/wp-json\/wp\/v2\/pages\/282"}],"wp:attachment":[{"href":"https:\/\/carea-facade.com\/fr\/wp-json\/wp\/v2\/media?parent=22954"}],"curies":[{"name":"wp","href":"https:\/\/api.w.org\/{rel}","templated":true}]}}