{"id":282,"date":"2025-10-01T16:26:35","date_gmt":"2025-10-01T14:26:35","guid":{"rendered":"https:\/\/wa-test-plugin.local\/?page_id=282"},"modified":"2026-02-12T14:10:22","modified_gmt":"2026-02-12T13:10:22","slug":"engagement-environnemental","status":"publish","type":"page","link":"https:\/\/carea-facade.com\/fr\/engagement-environnemental\/","title":{"rendered":"Engagement environnemental"},"content":{"rendered":"\n<div class=\"wp-block-group has-global-padding is-layout-constrained wp-container-core-group-is-layout-8237f763 wp-block-group-is-layout-constrained\" style=\"padding-top:var(--wp--preset--spacing--theme-default);padding-right:var(--wp--preset--spacing--theme-xs);padding-bottom:0;padding-left:var(--wp--preset--spacing--theme-xs)\">\n<div class=\"wp-block-group content-content-group is-vertical is-layout-flex wp-container-core-group-is-layout-d309df8e wp-block-group-is-layout-flex\">\n<h1 class=\"wp-block-heading has-text-align-left has-black-color has-text-color\" style=\"margin-bottom:40px;font-style:normal;font-weight:500;text-transform:uppercase\">Notre engagement environnemental<\/h1>\n\n\n\n<p>Chez CAREA\u00ae, nous concevons des mat\u00e9riaux min\u00e9raux g\u00e9o-sourc\u00e9s qui allient performance technique, esth\u00e9tique et responsabilit\u00e9 environnementale.<br>Depuis pr\u00e8s de 40 ans, notre savoir-faire fran\u00e7ais repose sur une conviction forte : le min\u00e9ral est un mat\u00e9riau d\u2019avenir, capable de r\u00e9pondre aux enjeux contemporains du b\u00e2timent.<\/p>\n\n\n\n<p>De la conception \u00e0 la pose, en passant par la fabrication locale et le recyclage, chaque \u00e9tape du cycle de vie de nos produits est pens\u00e9e pour concilier durabilit\u00e9, innovation et respect de l\u2019environnement.<br>D\u00e9couvrez, au fil des rubriques ci-dessous, comment notre Min\u00e9ral Composite g\u00e9o-sourc\u00e9 s\u2019impose comme une solution p\u00e9renne et cr\u00e9ative au service des architectes, des ma\u00eetres d\u2019ouvrage et des territoires.<\/p>\n<\/div>\n<\/div>\n\n\n\n    <section\n        style=\"padding-top:var(--wp--preset--spacing--theme-default);padding-bottom:var(--wp--preset--spacing--theme-default);\" class=\"double-columns wp-block-acf-double-columns has-background has-primary-background-color has-global-padding is-layout-constrained wp-container-acf-double-columns-is-layout-a22d0bdd wp-block-acf-double-columns-is-layout-constrained\"    >\n\n<div class=\"acf-innerblocks-container\">\n\n<div class=\"wp-block-columns double-columns__container is-layout-flex wp-container-core-columns-is-layout-28f84493 wp-block-columns-is-layout-flex\">\n<div class=\"wp-block-column double-columns__column double-columns__column--title is-layout-flow wp-block-column-is-layout-flow\" style=\"flex-basis:50%\">\n<h3 class=\"wp-block-heading double-columns__title has-black-color has-text-color\" style=\"text-transform:uppercase\">L\u2019\u00e9coconception, de A \u00e0 Z<\/h3>\n<\/div>\n\n\n\n<div class=\"wp-block-column double-columns__column double-columns__column--content is-layout-flow wp-block-column-is-layout-flow\" style=\"flex-basis:50%\">\n<div class=\"wp-block-buttons is-layout-flex wp-block-buttons-is-layout-flex\">\n<div class=\"wp-block-button\"><a class=\"wp-block-button__link wp-element-button\" href=\"https:\/\/carea-facade.com\/fr\/lecoconception-de-a-a-z\/\">L\u2019\u00e9coconception, de A \u00e0 Z<\/a><\/div>\n<\/div>\n<\/div>\n<\/div>\n\n<\/div>\n\n<\/section>\n\n\n\n    <section\n        style=\"padding-top:var(--wp--preset--spacing--theme-default);padding-bottom:var(--wp--preset--spacing--theme-default);\" class=\"double-columns wp-block-acf-double-columns has-background has-beige-background-color has-global-padding is-layout-constrained wp-container-acf-double-columns-is-layout-a22d0bdd wp-block-acf-double-columns-is-layout-constrained\"    >\n\n<div class=\"acf-innerblocks-container\">\n\n<div class=\"wp-block-columns double-columns__container is-layout-flex wp-container-core-columns-is-layout-28f84493 wp-block-columns-is-layout-flex\">\n<div class=\"wp-block-column double-columns__column double-columns__column--title is-layout-flow wp-block-column-is-layout-flow\" style=\"flex-basis:50%\">\n<h3 class=\"wp-block-heading double-columns__title has-black-color has-text-color\" style=\"text-transform:uppercase\">Le min\u00e9ral&nbsp;: un mat\u00e9riau \u00e0 la hauteur des enjeux de notre \u00e9poque<\/h3>\n<\/div>\n\n\n\n<div class=\"wp-block-column double-columns__column double-columns__column--content is-layout-flow wp-block-column-is-layout-flow\" style=\"flex-basis:50%\">\n<div class=\"wp-block-buttons is-layout-flex wp-block-buttons-is-layout-flex\">\n<div class=\"wp-block-button\"><a class=\"wp-block-button__link wp-element-button\" href=\"https:\/\/carea-facade.com\/fr\/engagement-environnemental\/bardage-parement-facade-mineral\/\">Le min\u00e9ral<\/a><\/div>\n<\/div>\n<\/div>\n<\/div>\n\n<\/div>\n\n<\/section>\n\n\n\n    <section\n        style=\"padding-top:var(--wp--preset--spacing--theme-default);padding-bottom:var(--wp--preset--spacing--theme-default);\" class=\"double-columns wp-block-acf-double-columns has-background has-primary-background-color has-global-padding is-layout-constrained wp-container-acf-double-columns-is-layout-a22d0bdd wp-block-acf-double-columns-is-layout-constrained\"    >\n\n<div class=\"acf-innerblocks-container\">\n\n<div class=\"wp-block-columns double-columns__container is-layout-flex wp-container-core-columns-is-layout-28f84493 wp-block-columns-is-layout-flex\">\n<div class=\"wp-block-column double-columns__column double-columns__column--title is-layout-flow wp-block-column-is-layout-flow\" style=\"flex-basis:50%\">\n<h3 class=\"wp-block-heading double-columns__title has-black-color has-text-color\" style=\"text-transform:uppercase\">De la fabrication au recyclage\u2026<\/h3>\n<\/div>\n\n\n\n<div class=\"wp-block-column double-columns__column double-columns__column--content is-layout-flow wp-block-column-is-layout-flow\" style=\"flex-basis:50%\">\n<div class=\"wp-block-buttons is-layout-flex wp-block-buttons-is-layout-flex\">\n<div class=\"wp-block-button\"><a class=\"wp-block-button__link wp-element-button\" href=\"https:\/\/carea-facade.com\/fr\/engagement-environnemental\/de-la-fabrication-au-recyclage\/\">De la fabrication au recyclage\u2026<\/a><\/div>\n<\/div>\n<\/div>\n<\/div>\n\n<\/div>\n\n<\/section>\n\n\n\n    <section\n        style=\"padding-top:var(--wp--preset--spacing--theme-default);padding-bottom:var(--wp--preset--spacing--theme-default);\" class=\"double-columns wp-block-acf-double-columns has-background has-beige-background-color has-global-padding is-layout-constrained wp-container-acf-double-columns-is-layout-a22d0bdd wp-block-acf-double-columns-is-layout-constrained\"    >\n\n<div class=\"acf-innerblocks-container\">\n\n<div class=\"wp-block-columns double-columns__container is-layout-flex wp-container-core-columns-is-layout-28f84493 wp-block-columns-is-layout-flex\">\n<div class=\"wp-block-column double-columns__column double-columns__column--title is-layout-flow wp-block-column-is-layout-flow\" style=\"flex-basis:50%\">\n<h3 class=\"wp-block-heading double-columns__title has-black-color has-text-color\" style=\"text-transform:uppercase\">Le r\u00e9emploi de nos produits<\/h3>\n<\/div>\n\n\n\n<div class=\"wp-block-column double-columns__column double-columns__column--content is-layout-flow wp-block-column-is-layout-flow\" style=\"flex-basis:50%\">\n<div class=\"wp-block-buttons is-layout-flex wp-block-buttons-is-layout-flex\">\n<div class=\"wp-block-button\"><a class=\"wp-block-button__link wp-element-button\" href=\"https:\/\/carea-facade.com\/fr\/engagement-environnemental\/le-reemploi-de-nos-produits\/\">Le r\u00e9emploi de nos produits<\/a><\/div>\n<\/div>\n<\/div>\n<\/div>\n\n<\/div>\n\n<\/section>\n\n\n\n    <section\n        style=\"padding-top:var(--wp--preset--spacing--theme-default);padding-bottom:var(--wp--preset--spacing--theme-default);\" class=\"double-columns wp-block-acf-double-columns has-background has-primary-background-color has-global-padding is-layout-constrained wp-container-acf-double-columns-is-layout-a22d0bdd wp-block-acf-double-columns-is-layout-constrained\"    >\n\n<div class=\"acf-innerblocks-container\">\n\n<div class=\"wp-block-columns double-columns__container is-layout-flex wp-container-core-columns-is-layout-28f84493 wp-block-columns-is-layout-flex\">\n<div class=\"wp-block-column double-columns__column double-columns__column--title is-layout-flow wp-block-column-is-layout-flow\" style=\"flex-basis:50%\">\n<h3 class=\"wp-block-heading double-columns__title has-black-color has-text-color\" style=\"text-transform:uppercase\">Sur-isolation, sur-v\u00eature : des solutions \u00e9co-responsables<\/h3>\n<\/div>\n\n\n\n<div class=\"wp-block-column double-columns__column double-columns__column--content is-layout-flow wp-block-column-is-layout-flow\" style=\"flex-basis:50%\">\n<div class=\"wp-block-buttons is-layout-flex wp-block-buttons-is-layout-flex\">\n<div class=\"wp-block-button\"><a class=\"wp-block-button__link wp-element-button\" href=\"https:\/\/carea-facade.com\/fr\/engagement-environnemental\/sur-isolation-sur-veture-des-solutions-eco-responsables\/\">Sur-isolation, sur-v\u00eature<\/a><\/div>\n<\/div>\n<\/div>\n<\/div>\n\n<\/div>\n\n<\/section>\n\n\n\n    <section\n        style=\"padding-top:var(--wp--preset--spacing--theme-default);padding-bottom:var(--wp--preset--spacing--theme-default);\" class=\"double-columns wp-block-acf-double-columns has-background has-beige-background-color has-global-padding is-layout-constrained wp-container-acf-double-columns-is-layout-a22d0bdd wp-block-acf-double-columns-is-layout-constrained\"    >\n\n<div class=\"acf-innerblocks-container\">\n\n<div class=\"wp-block-columns double-columns__container is-layout-flex wp-container-core-columns-is-layout-28f84493 wp-block-columns-is-layout-flex\">\n<div class=\"wp-block-column double-columns__column double-columns__column--title is-layout-flow wp-block-column-is-layout-flow\" style=\"flex-basis:50%\">\n<h3 class=\"wp-block-heading double-columns__title has-black-color has-text-color\" style=\"text-transform:uppercase\">Nos fiches de d\u00e9claration environnementale (FDES)<\/h3>\n<\/div>\n\n\n\n<div class=\"wp-block-column double-columns__column double-columns__column--content is-layout-flow wp-block-column-is-layout-flow\" style=\"flex-basis:50%\">\n<div class=\"wp-block-buttons is-layout-flex wp-block-buttons-is-layout-flex\">\n<div class=\"wp-block-button\"><a class=\"wp-block-button__link wp-element-button\" href=\"https:\/\/carea-facade.com\/fr\/engagement-environnemental\/nos-fiches-de-declaration-environnementale-fdes\/\">Nos fiches de d\u00e9claration environnementale (FDES)<\/a><\/div>\n<\/div>\n<\/div>\n<\/div>\n\n<\/div>\n\n<\/section>\n","protected":false},"excerpt":{"rendered":"<p>Notre engagement environnemental Chez CAREA\u00ae, nous concevons des mat\u00e9riaux min\u00e9raux g\u00e9o-sourc\u00e9s qui allient performance technique, esth\u00e9tique et responsabilit\u00e9 environnementale.Depuis pr\u00e8s de 40 ans, notre savoir-faire fran\u00e7ais repose sur une conviction forte : le min\u00e9ral est un mat\u00e9riau d\u2019avenir, capable de r\u00e9pondre aux enjeux contemporains du b\u00e2timent. De la conception \u00e0 la pose, en passant par [&hellip;]<\/p>\n","protected":false},"author":3,"featured_media":0,"parent":0,"menu_order":0,"comment_status":"closed","ping_status":"closed","template":"","meta":{"_acf_changed":false,"footnotes":""},"class_list":["post-282","page","type-page","status-publish","hentry"],"acf":[],"yoast_head":"<!-- This site is optimized with the Yoast SEO plugin v27.5 - https:\/\/yoast.com\/product\/yoast-seo-wordpress\/ -->\n<title>Carea Fa\u00e7ade Min\u00e9ral Composite : engagement environnemental<\/title>\n<meta name=\"description\" content=\"CAREA Fa\u00e7ade s\u2019engage pour une construction plus durable avec ses solutions en Min\u00e9ral Composite : mat\u00e9riaux \u00e9co-con\u00e7us, r\u00e9duction de l\u2019empreinte carbone, recyclabilit\u00e9 et performance \u00e9nerg\u00e9tique au service d\u2019une fa\u00e7ade responsable.\" \/>\n<meta name=\"robots\" content=\"index, follow, max-snippet:-1, max-image-preview:large, max-video-preview:-1\" \/>\n<link rel=\"canonical\" href=\"https:\/\/carea-facade.com\/fr\/engagement-environnemental\/\" \/>\n<meta property=\"og:locale\" content=\"fr_FR\" \/>\n<meta property=\"og:type\" content=\"article\" \/>\n<meta property=\"og:title\" content=\"Carea Fa\u00e7ade Min\u00e9ral Composite : engagement environnemental\" \/>\n<meta property=\"og:description\" content=\"CAREA Fa\u00e7ade s\u2019engage pour une construction plus durable avec ses solutions en Min\u00e9ral Composite : mat\u00e9riaux \u00e9co-con\u00e7us, r\u00e9duction de l\u2019empreinte carbone, recyclabilit\u00e9 et performance \u00e9nerg\u00e9tique au service d\u2019une fa\u00e7ade responsable.\" \/>\n<meta property=\"og:url\" content=\"https:\/\/carea-facade.com\/fr\/engagement-environnemental\/\" \/>\n<meta property=\"og:site_name\" content=\"Carea facade\" \/>\n<meta property=\"article:modified_time\" content=\"2026-02-12T13:10:22+00:00\" \/>\n<meta name=\"twitter:card\" content=\"summary_large_image\" \/>\n<meta name=\"twitter:label1\" content=\"Dur\u00e9e de lecture estim\u00e9e\" \/>\n\t<meta name=\"twitter:data1\" content=\"1 minute\" \/>\n<script type=\"application\/ld+json\" class=\"yoast-schema-graph\">{\"@context\":\"https:\\\/\\\/schema.org\",\"@graph\":[{\"@type\":\"WebPage\",\"@id\":\"https:\\\/\\\/carea-facade.com\\\/fr\\\/engagement-environnemental\\\/\",\"url\":\"https:\\\/\\\/carea-facade.com\\\/fr\\\/engagement-environnemental\\\/\",\"name\":\"Carea Fa\u00e7ade Min\u00e9ral Composite : engagement environnemental\",\"isPartOf\":{\"@id\":\"https:\\\/\\\/carea-facade.com\\\/fr\\\/#website\"},\"datePublished\":\"2025-10-01T14:26:35+00:00\",\"dateModified\":\"2026-02-12T13:10:22+00:00\",\"description\":\"CAREA Fa\u00e7ade s\u2019engage pour une construction plus durable avec ses solutions en Min\u00e9ral Composite : mat\u00e9riaux \u00e9co-con\u00e7us, r\u00e9duction de l\u2019empreinte carbone, recyclabilit\u00e9 et performance \u00e9nerg\u00e9tique au service d\u2019une fa\u00e7ade responsable.\",\"breadcrumb\":{\"@id\":\"https:\\\/\\\/carea-facade.com\\\/fr\\\/engagement-environnemental\\\/#breadcrumb\"},\"inLanguage\":\"fr-FR\",\"potentialAction\":[{\"@type\":\"ReadAction\",\"target\":[\"https:\\\/\\\/carea-facade.com\\\/fr\\\/engagement-environnemental\\\/\"]}]},{\"@type\":\"BreadcrumbList\",\"@id\":\"https:\\\/\\\/carea-facade.com\\\/fr\\\/engagement-environnemental\\\/#breadcrumb\",\"itemListElement\":[{\"@type\":\"ListItem\",\"position\":1,\"name\":\"Accueil\",\"item\":\"https:\\\/\\\/carea-facade.com\\\/fr\\\/home\\\/\"},{\"@type\":\"ListItem\",\"position\":2,\"name\":\"Engagement environnemental\"}]},{\"@type\":\"WebSite\",\"@id\":\"https:\\\/\\\/carea-facade.com\\\/fr\\\/#website\",\"url\":\"https:\\\/\\\/carea-facade.com\\\/fr\\\/\",\"name\":\"Carea facade\",\"description\":\"\",\"publisher\":{\"@id\":\"https:\\\/\\\/carea-facade.com\\\/fr\\\/#organization\"},\"potentialAction\":[{\"@type\":\"SearchAction\",\"target\":{\"@type\":\"EntryPoint\",\"urlTemplate\":\"https:\\\/\\\/carea-facade.com\\\/fr\\\/?s={search_term_string}\"},\"query-input\":{\"@type\":\"PropertyValueSpecification\",\"valueRequired\":true,\"valueName\":\"search_term_string\"}}],\"inLanguage\":\"fr-FR\"},{\"@type\":\"Organization\",\"@id\":\"https:\\\/\\\/carea-facade.com\\\/fr\\\/#organization\",\"name\":\"Carea facade\",\"url\":\"https:\\\/\\\/carea-facade.com\\\/fr\\\/\",\"logo\":{\"@type\":\"ImageObject\",\"inLanguage\":\"fr-FR\",\"@id\":\"https:\\\/\\\/carea-facade.com\\\/fr\\\/#\\\/schema\\\/logo\\\/image\\\/\",\"url\":\"https:\\\/\\\/carea-facade.com\\\/wp-content\\\/uploads\\\/2025\\\/10\\\/logo-carea.svg\",\"contentUrl\":\"https:\\\/\\\/carea-facade.com\\\/wp-content\\\/uploads\\\/2025\\\/10\\\/logo-carea.svg\",\"width\":131,\"height\":95,\"caption\":\"Carea facade\"},\"image\":{\"@id\":\"https:\\\/\\\/carea-facade.com\\\/fr\\\/#\\\/schema\\\/logo\\\/image\\\/\"}}]}<\/script>\n<!-- \/ Yoast SEO plugin. -->","yoast_head_json":{"title":"Carea Fa\u00e7ade Min\u00e9ral Composite : engagement environnemental","description":"CAREA Fa\u00e7ade s\u2019engage pour une construction plus durable avec ses solutions en Min\u00e9ral Composite : mat\u00e9riaux \u00e9co-con\u00e7us, r\u00e9duction de l\u2019empreinte carbone, recyclabilit\u00e9 et performance \u00e9nerg\u00e9tique au service d\u2019une fa\u00e7ade responsable.","robots":{"index":"index","follow":"follow","max-snippet":"max-snippet:-1","max-image-preview":"max-image-preview:large","max-video-preview":"max-video-preview:-1"},"canonical":"https:\/\/carea-facade.com\/fr\/engagement-environnemental\/","og_locale":"fr_FR","og_type":"article","og_title":"Carea Fa\u00e7ade Min\u00e9ral Composite : engagement environnemental","og_description":"CAREA Fa\u00e7ade s\u2019engage pour une construction plus durable avec ses solutions en Min\u00e9ral Composite : mat\u00e9riaux \u00e9co-con\u00e7us, r\u00e9duction de l\u2019empreinte carbone, recyclabilit\u00e9 et performance \u00e9nerg\u00e9tique au service d\u2019une fa\u00e7ade responsable.","og_url":"https:\/\/carea-facade.com\/fr\/engagement-environnemental\/","og_site_name":"Carea facade","article_modified_time":"2026-02-12T13:10:22+00:00","twitter_card":"summary_large_image","twitter_misc":{"Dur\u00e9e de lecture estim\u00e9e":"1 minute"},"schema":{"@context":"https:\/\/schema.org","@graph":[{"@type":"WebPage","@id":"https:\/\/carea-facade.com\/fr\/engagement-environnemental\/","url":"https:\/\/carea-facade.com\/fr\/engagement-environnemental\/","name":"Carea Fa\u00e7ade Min\u00e9ral Composite : engagement environnemental","isPartOf":{"@id":"https:\/\/carea-facade.com\/fr\/#website"},"datePublished":"2025-10-01T14:26:35+00:00","dateModified":"2026-02-12T13:10:22+00:00","description":"CAREA Fa\u00e7ade s\u2019engage pour une construction plus durable avec ses solutions en Min\u00e9ral Composite : mat\u00e9riaux \u00e9co-con\u00e7us, r\u00e9duction de l\u2019empreinte carbone, recyclabilit\u00e9 et performance \u00e9nerg\u00e9tique au service d\u2019une fa\u00e7ade responsable.","breadcrumb":{"@id":"https:\/\/carea-facade.com\/fr\/engagement-environnemental\/#breadcrumb"},"inLanguage":"fr-FR","potentialAction":[{"@type":"ReadAction","target":["https:\/\/carea-facade.com\/fr\/engagement-environnemental\/"]}]},{"@type":"BreadcrumbList","@id":"https:\/\/carea-facade.com\/fr\/engagement-environnemental\/#breadcrumb","itemListElement":[{"@type":"ListItem","position":1,"name":"Accueil","item":"https:\/\/carea-facade.com\/fr\/home\/"},{"@type":"ListItem","position":2,"name":"Engagement environnemental"}]},{"@type":"WebSite","@id":"https:\/\/carea-facade.com\/fr\/#website","url":"https:\/\/carea-facade.com\/fr\/","name":"Carea facade","description":"","publisher":{"@id":"https:\/\/carea-facade.com\/fr\/#organization"},"potentialAction":[{"@type":"SearchAction","target":{"@type":"EntryPoint","urlTemplate":"https:\/\/carea-facade.com\/fr\/?s={search_term_string}"},"query-input":{"@type":"PropertyValueSpecification","valueRequired":true,"valueName":"search_term_string"}}],"inLanguage":"fr-FR"},{"@type":"Organization","@id":"https:\/\/carea-facade.com\/fr\/#organization","name":"Carea facade","url":"https:\/\/carea-facade.com\/fr\/","logo":{"@type":"ImageObject","inLanguage":"fr-FR","@id":"https:\/\/carea-facade.com\/fr\/#\/schema\/logo\/image\/","url":"https:\/\/carea-facade.com\/wp-content\/uploads\/2025\/10\/logo-carea.svg","contentUrl":"https:\/\/carea-facade.com\/wp-content\/uploads\/2025\/10\/logo-carea.svg","width":131,"height":95,"caption":"Carea facade"},"image":{"@id":"https:\/\/carea-facade.com\/fr\/#\/schema\/logo\/image\/"}}]}},"_links":{"self":[{"href":"https:\/\/carea-facade.com\/fr\/wp-json\/wp\/v2\/pages\/282","targetHints":{"allow":["GET"]}}],"collection":[{"href":"https:\/\/carea-facade.com\/fr\/wp-json\/wp\/v2\/pages"}],"about":[{"href":"https:\/\/carea-facade.com\/fr\/wp-json\/wp\/v2\/types\/page"}],"author":[{"embeddable":true,"href":"https:\/\/carea-facade.com\/fr\/wp-json\/wp\/v2\/users\/3"}],"replies":[{"embeddable":true,"href":"https:\/\/carea-facade.com\/fr\/wp-json\/wp\/v2\/comments?post=282"}],"version-history":[{"count":21,"href":"https:\/\/carea-facade.com\/fr\/wp-json\/wp\/v2\/pages\/282\/revisions"}],"predecessor-version":[{"id":23663,"href":"https:\/\/carea-facade.com\/fr\/wp-json\/wp\/v2\/pages\/282\/revisions\/23663"}],"wp:attachment":[{"href":"https:\/\/carea-facade.com\/fr\/wp-json\/wp\/v2\/media?parent=282"}],"curies":[{"name":"wp","href":"https:\/\/api.w.org\/{rel}","templated":true}]}}