{"id":296,"date":"2025-10-01T16:26:35","date_gmt":"2025-10-01T14:26:35","guid":{"rendered":"https:\/\/wa-test-plugin.local\/?page_id=296"},"modified":"2026-02-12T14:22:10","modified_gmt":"2026-02-12T13:22:10","slug":"securite-feu","status":"publish","type":"page","link":"https:\/\/carea-facade.com\/fr\/technique\/securite-feu\/","title":{"rendered":"S\u00e9curit\u00e9 incendie"},"content":{"rendered":"\n<div class=\"wp-block-group has-global-padding is-layout-constrained wp-container-core-group-is-layout-3bb13389 wp-block-group-is-layout-constrained\" style=\"padding-top:var(--wp--preset--spacing--theme-default);padding-right:var(--wp--preset--spacing--theme-xs);padding-bottom:var(--wp--preset--spacing--theme-default);padding-left:var(--wp--preset--spacing--theme-xs)\">\n<div class=\"wp-block-group content-content-group is-vertical is-layout-flex wp-container-core-group-is-layout-d309df8e wp-block-group-is-layout-flex\">\n<h1 class=\"wp-block-heading has-text-align-left has-black-color has-text-color\" style=\"margin-bottom:40px;font-style:normal;font-weight:500;text-transform:uppercase\">S\u00e9curit\u00e9 incendie<\/h1>\n\n\n\n<h2 class=\"wp-block-heading\">La r\u00e9glementation incendie<\/h2>\n\n\n\n<p>Deux arr\u00eat\u00e9s r\u00e9cemment publi\u00e9s dans le Journal Officiel du 11\/08\/2019 changent la r\u00e9glementation feu dans deux cas de figure :<\/p>\n\n\n\n<h4 class=\"wp-block-heading\">Pour la r\u00e9novation des b\u00e2timents IMH (28 \u00e0 50 m\u00e8tres de hauteur)<\/h4>\n\n\n\n<ul class=\"wp-block-list\">\n<li>\u00c0 partir du 1er janvier 2020, pour tous les permis de construire, au moins une partie des produits employ\u00e9s pour la r\u00e9novation d\u2019une fa\u00e7ade doivent \u00eatre au minimum de classe A2-s3,d0. Les produits ne r\u00e9pondant pas \u00e0 cette classe doivent \u00eatre prot\u00e9g\u00e9s par un \u00e9cran thermique (isolant PSE recouvert par un isolant laine de roche par exemple).<\/li>\n\n\n\n<li>Les syst\u00e8mes, quelles que soient les solutions employ\u00e9es, doivent \u00eatre valid\u00e9s par une appr\u00e9ciation de laboratoire.<\/li>\n<\/ul>\n\n\n\n<h4 class=\"wp-block-heading\">Pour la construction des habitations dont le plancher le plus haut est situ\u00e9 \u00e0 50 m\u00e8tres au plus.<\/h4>\n\n\n\n<ul class=\"wp-block-list\">\n<li>Premi\u00e8re famille : parement ext\u00e9rieur au minimum de classe D-s3,d0 ou E&nbsp; si habitation isol\u00e9e.<\/li>\n\n\n\n<li>Deuxi\u00e8me famille : parement ext\u00e9rieur au minimum de classe D-s3,d0<\/li>\n\n\n\n<li>Troisi\u00e8me famille, deux solutions :\n<ul class=\"wp-block-list\">\n<li>Tous les produits sont au minimum de classe A2-s3,d0<\/li>\n\n\n\n<li>Le syst\u00e8me a \u00e9t\u00e9 valid\u00e9 par une APL quel que soit le classement au feu.<\/li>\n<\/ul>\n<\/li>\n\n\n\n<li>Quatri\u00e8me famille : deux solutions identiques \u00e0 la r\u00e9novation (voir paragraphe plus haut).<\/li>\n<\/ul>\n\n\n\n<h2 class=\"wp-block-heading\">Les produits CAREA<sup>\u00ae<\/sup> et la r\u00e9glementation incendie<\/h2>\n\n\n\n<h3 class=\"wp-block-heading\" id=\"solutions-carea\">Plus de choix \u00e0 faire entre conformit\u00e9 incendie et esth\u00e9tique !<\/h3>\n\n\n\n<p><strong>En construction comme en r\u00e9novation, nos gammes de&nbsp;<a href=\"https:\/\/carea-facade.com\/fr\/technique\/parements-de-facade-bardage-ite\/#rainures\">produits rainur\u00e9s<\/a>,&nbsp;<a href=\"https:\/\/carea-facade.com\/fr\/technique\/parements-de-facade-bardage-ite\/\">emboitement<\/a>&nbsp;et&nbsp;<a href=\"https:\/\/carea-facade.com\/fr\/technique\/parements-de-facade-bardage-ite\/#inserts\">\u00e0 inserts<\/a>&nbsp;sont certifi\u00e9es conformes A2-s1,d0 : notre mat\u00e9riau est ininflammable et ne propage pas le feu.<\/strong><\/p>\n\n\n\n<p>Dans le cas de l\u2019emploi sans ossature, les gammes \u00e0 emboitement et rainur\u00e9 b\u00e9n\u00e9ficient d\u2019appr\u00e9ciation de laboratoire visant les b\u00e2timents d\u2019habitation de 3<sup>e<\/sup>&nbsp;famille.<\/p>\n\n\n\n<p>Dans le cas de l\u2019emploi avec ossature, la gamme rainur\u00e9 b\u00e9n\u00e9ficie d\u2019une appr\u00e9ciation de laboratoire validant des solutions sans bavette ou avec bavette invisible.<\/p>\n\n\n\n<p>Nos solutions se posent sur toutes les typologies de b\u00e2timents en neuf comme en r\u00e9novation (IGH, IMH, 3<sup>e<\/sup>&nbsp;famille d\u2019habitation, \u2026)<\/p>\n\n\n\n<div class=\"wp-block-buttons is-layout-flex wp-block-buttons-is-layout-flex\">\n<div class=\"wp-block-button\"><a class=\"wp-block-button__link wp-element-button\" href=\"https:\/\/carea-facade.com\/fr\/contact\/\">Contactez-nous pour en savoir plus<\/a><\/div>\n<\/div>\n\n\n\n<h2 class=\"wp-block-heading\">Parements CAREA<sup>\u00ae<\/sup> Rainur\u00e9s : bavette d\u00e9sormais invisible<\/h2>\n\n\n\n<p>Depuis la parution d\u2019une appr\u00e9ciation de laboratoire (APL n\u00b0EFR-16-002964 \u2013 R\u00e9vision 2),&nbsp;<a href=\"https:\/\/carea-facade.com\/fr\/technique\/parements-de-facade-bardage-ite\/\">les parements CAREA rainur\u00e9s<\/a>&nbsp;en pose horizontale et verticale, employ\u00e9s avec un isolant en laine de roche Rockwool, permettent&nbsp;<strong>une mise en \u0153uvre avec bavette de recoupement invisible<\/strong>.<\/p>\n\n\n\n<p>Cette APL vise :<\/p>\n\n\n\n<ul class=\"wp-block-list\">\n<li>les ERP du 1<sup>er<\/sup>&nbsp;groupe \u00e0 partir de R+2,<\/li>\n\n\n\n<li>les b\u00e2timents d\u2019habitation de 3<sup>e<\/sup>&nbsp;famille,<\/li>\n\n\n\n<li>les IMH.<\/li>\n<\/ul>\n\n\n\n<p>Le syst\u00e8me constructif suivant est n\u00e9cessaire :<\/p>\n\n\n\n<ul class=\"wp-block-list\">\n<li>Support en b\u00e9ton ou en ma\u00e7onnerie enduite.<\/li>\n\n\n\n<li>Ossature verticale en acier ; des bandes EPDM sont \u00e0 pr\u00e9voir \u00e0 chaque intersection entre l\u2019ossature acier et la lisse horizontale en aluminium.<\/li>\n<\/ul>\n\n\n\n<p>Pour les ERP o\u00f9 la r\u00e8gle du C+D n\u2019est pas applicable ainsi que pour les b\u00e2timents d\u2019habitation, le recoupement de la lame d\u2019air peut \u00eatre g\u00e9r\u00e9 d\u2019une des mani\u00e8res suivantes :<\/p>\n\n\n\n<ul class=\"wp-block-list\">\n<li>Encadrement de baie acier ; dans ce cas,&nbsp;<strong>pas de bavette de recoupement de la lame d\u2019air<\/strong>.<\/li>\n\n\n\n<li>Encadrement de baie avec retour de dalle + bavette acier invisible ou bande intumescente de type Hilti.<\/li>\n<\/ul>\n\n\n\n<p>Pour les ERP o\u00f9 la r\u00e8gle du C+D est applicable, le recoupement de la lame d\u2019air est obligatoire, quel que soit le type d\u2019encadrement de baie. Il se fait soit au moyen d\u2019une bavette invisible, soit avec une bande intumescente de type Hilti.<\/p>\n\n\n\n<div class=\"wp-block-buttons is-layout-flex wp-block-buttons-is-layout-flex\">\n<div class=\"wp-block-button\"><a class=\"wp-block-button__link wp-element-button\" href=\"https:\/\/carea-facade.com\/fr\/carea-box-echantillon-parement-facade-mineral-composite\/\">Demandez votre \u00e9chantillon<\/a><\/div>\n<\/div>\n<\/div>\n<\/div>\n","protected":false},"excerpt":{"rendered":"<p>S\u00e9curit\u00e9 incendie La r\u00e9glementation incendie Deux arr\u00eat\u00e9s r\u00e9cemment publi\u00e9s dans le Journal Officiel du 11\/08\/2019 changent la r\u00e9glementation feu dans deux cas de figure : Pour la r\u00e9novation des b\u00e2timents IMH (28 \u00e0 50 m\u00e8tres de hauteur) Pour la construction des habitations dont le plancher le plus haut est situ\u00e9 \u00e0 50 m\u00e8tres au plus. [&hellip;]<\/p>\n","protected":false},"author":3,"featured_media":2210,"parent":2207,"menu_order":1,"comment_status":"open","ping_status":"closed","template":"","meta":{"_acf_changed":false,"footnotes":""},"class_list":["post-296","page","type-page","status-publish","has-post-thumbnail","hentry"],"acf":[],"yoast_head":"<!-- This site is optimized with the Yoast SEO plugin v27.5 - https:\/\/yoast.com\/product\/yoast-seo-wordpress\/ -->\n<title>Quelles r\u00e9glementations feu pour les produits de FACADE.<\/title>\n<meta name=\"description\" content=\"CAREA FACADE - Quelles sont les r\u00e9glementations fran\u00e7aises et europ\u00e9ennes pour les produits de Fa\u00e7ade concernant le feu\/les incendies ? bardage ossature (BSO, BAO, v\u00eature, v\u00eatage), ITE, fa\u00e7ade ventil\u00e9e, calculs, incendie....\" \/>\n<meta name=\"robots\" content=\"index, follow, max-snippet:-1, max-image-preview:large, max-video-preview:-1\" \/>\n<link rel=\"canonical\" href=\"https:\/\/carea-facade.com\/fr\/technique\/securite-feu\/\" \/>\n<meta property=\"og:locale\" content=\"fr_FR\" \/>\n<meta property=\"og:type\" content=\"article\" \/>\n<meta property=\"og:title\" content=\"Quelles r\u00e9glementations feu pour les produits de FACADE.\" \/>\n<meta property=\"og:description\" content=\"CAREA FACADE - Quelles sont les r\u00e9glementations fran\u00e7aises et europ\u00e9ennes pour les produits de Fa\u00e7ade concernant le feu\/les incendies ? bardage ossature (BSO, BAO, v\u00eature, v\u00eatage), ITE, fa\u00e7ade ventil\u00e9e, calculs, incendie....\" \/>\n<meta property=\"og:url\" content=\"https:\/\/carea-facade.com\/fr\/technique\/securite-feu\/\" \/>\n<meta property=\"og:site_name\" content=\"Carea facade\" \/>\n<meta property=\"article:modified_time\" content=\"2026-02-12T13:22:10+00:00\" \/>\n<meta property=\"og:image\" content=\"https:\/\/carea-facade.com\/wp-content\/uploads\/2025\/09\/A9R18eusr7_nnj4e_770.jpg\" \/>\n\t<meta property=\"og:image:width\" content=\"244\" \/>\n\t<meta property=\"og:image:height\" content=\"439\" \/>\n\t<meta property=\"og:image:type\" content=\"image\/jpeg\" \/>\n<meta name=\"twitter:card\" content=\"summary_large_image\" \/>\n<meta name=\"twitter:label1\" content=\"Dur\u00e9e de lecture estim\u00e9e\" \/>\n\t<meta name=\"twitter:data1\" content=\"3 minutes\" \/>\n<script type=\"application\/ld+json\" class=\"yoast-schema-graph\">{\"@context\":\"https:\\\/\\\/schema.org\",\"@graph\":[{\"@type\":\"WebPage\",\"@id\":\"https:\\\/\\\/carea-facade.com\\\/fr\\\/technique\\\/securite-feu\\\/\",\"url\":\"https:\\\/\\\/carea-facade.com\\\/fr\\\/technique\\\/securite-feu\\\/\",\"name\":\"Quelles r\u00e9glementations feu pour les produits de FACADE.\",\"isPartOf\":{\"@id\":\"https:\\\/\\\/carea-facade.com\\\/fr\\\/#website\"},\"primaryImageOfPage\":{\"@id\":\"https:\\\/\\\/carea-facade.com\\\/fr\\\/technique\\\/securite-feu\\\/#primaryimage\"},\"image\":{\"@id\":\"https:\\\/\\\/carea-facade.com\\\/fr\\\/technique\\\/securite-feu\\\/#primaryimage\"},\"thumbnailUrl\":\"https:\\\/\\\/carea-facade.com\\\/wp-content\\\/uploads\\\/2025\\\/09\\\/A9R18eusr7_nnj4e_770.jpg\",\"datePublished\":\"2025-10-01T14:26:35+00:00\",\"dateModified\":\"2026-02-12T13:22:10+00:00\",\"description\":\"CAREA FACADE - Quelles sont les r\u00e9glementations fran\u00e7aises et europ\u00e9ennes pour les produits de Fa\u00e7ade concernant le feu\\\/les incendies ? bardage ossature (BSO, BAO, v\u00eature, v\u00eatage), ITE, fa\u00e7ade ventil\u00e9e, calculs, incendie....\",\"breadcrumb\":{\"@id\":\"https:\\\/\\\/carea-facade.com\\\/fr\\\/technique\\\/securite-feu\\\/#breadcrumb\"},\"inLanguage\":\"fr-FR\",\"potentialAction\":[{\"@type\":\"ReadAction\",\"target\":[\"https:\\\/\\\/carea-facade.com\\\/fr\\\/technique\\\/securite-feu\\\/\"]}]},{\"@type\":\"ImageObject\",\"inLanguage\":\"fr-FR\",\"@id\":\"https:\\\/\\\/carea-facade.com\\\/fr\\\/technique\\\/securite-feu\\\/#primaryimage\",\"url\":\"https:\\\/\\\/carea-facade.com\\\/wp-content\\\/uploads\\\/2025\\\/09\\\/A9R18eusr7_nnj4e_770.jpg\",\"contentUrl\":\"https:\\\/\\\/carea-facade.com\\\/wp-content\\\/uploads\\\/2025\\\/09\\\/A9R18eusr7_nnj4e_770.jpg\",\"width\":244,\"height\":439},{\"@type\":\"BreadcrumbList\",\"@id\":\"https:\\\/\\\/carea-facade.com\\\/fr\\\/technique\\\/securite-feu\\\/#breadcrumb\",\"itemListElement\":[{\"@type\":\"ListItem\",\"position\":1,\"name\":\"Accueil\",\"item\":\"https:\\\/\\\/carea-facade.com\\\/fr\\\/home\\\/\"},{\"@type\":\"ListItem\",\"position\":2,\"name\":\"Technique\",\"item\":\"https:\\\/\\\/carea-facade.com\\\/fr\\\/technique\\\/\"},{\"@type\":\"ListItem\",\"position\":3,\"name\":\"S\u00e9curit\u00e9 incendie\"}]},{\"@type\":\"WebSite\",\"@id\":\"https:\\\/\\\/carea-facade.com\\\/fr\\\/#website\",\"url\":\"https:\\\/\\\/carea-facade.com\\\/fr\\\/\",\"name\":\"Carea facade\",\"description\":\"\",\"publisher\":{\"@id\":\"https:\\\/\\\/carea-facade.com\\\/fr\\\/#organization\"},\"potentialAction\":[{\"@type\":\"SearchAction\",\"target\":{\"@type\":\"EntryPoint\",\"urlTemplate\":\"https:\\\/\\\/carea-facade.com\\\/fr\\\/?s={search_term_string}\"},\"query-input\":{\"@type\":\"PropertyValueSpecification\",\"valueRequired\":true,\"valueName\":\"search_term_string\"}}],\"inLanguage\":\"fr-FR\"},{\"@type\":\"Organization\",\"@id\":\"https:\\\/\\\/carea-facade.com\\\/fr\\\/#organization\",\"name\":\"Carea facade\",\"url\":\"https:\\\/\\\/carea-facade.com\\\/fr\\\/\",\"logo\":{\"@type\":\"ImageObject\",\"inLanguage\":\"fr-FR\",\"@id\":\"https:\\\/\\\/carea-facade.com\\\/fr\\\/#\\\/schema\\\/logo\\\/image\\\/\",\"url\":\"https:\\\/\\\/carea-facade.com\\\/wp-content\\\/uploads\\\/2025\\\/10\\\/logo-carea.svg\",\"contentUrl\":\"https:\\\/\\\/carea-facade.com\\\/wp-content\\\/uploads\\\/2025\\\/10\\\/logo-carea.svg\",\"width\":131,\"height\":95,\"caption\":\"Carea facade\"},\"image\":{\"@id\":\"https:\\\/\\\/carea-facade.com\\\/fr\\\/#\\\/schema\\\/logo\\\/image\\\/\"}}]}<\/script>\n<!-- \/ Yoast SEO plugin. -->","yoast_head_json":{"title":"Quelles r\u00e9glementations feu pour les produits de FACADE.","description":"CAREA FACADE - Quelles sont les r\u00e9glementations fran\u00e7aises et europ\u00e9ennes pour les produits de Fa\u00e7ade concernant le feu\/les incendies ? bardage ossature (BSO, BAO, v\u00eature, v\u00eatage), ITE, fa\u00e7ade ventil\u00e9e, calculs, incendie....","robots":{"index":"index","follow":"follow","max-snippet":"max-snippet:-1","max-image-preview":"max-image-preview:large","max-video-preview":"max-video-preview:-1"},"canonical":"https:\/\/carea-facade.com\/fr\/technique\/securite-feu\/","og_locale":"fr_FR","og_type":"article","og_title":"Quelles r\u00e9glementations feu pour les produits de FACADE.","og_description":"CAREA FACADE - Quelles sont les r\u00e9glementations fran\u00e7aises et europ\u00e9ennes pour les produits de Fa\u00e7ade concernant le feu\/les incendies ? bardage ossature (BSO, BAO, v\u00eature, v\u00eatage), ITE, fa\u00e7ade ventil\u00e9e, calculs, incendie....","og_url":"https:\/\/carea-facade.com\/fr\/technique\/securite-feu\/","og_site_name":"Carea facade","article_modified_time":"2026-02-12T13:22:10+00:00","og_image":[{"width":244,"height":439,"url":"https:\/\/carea-facade.com\/wp-content\/uploads\/2025\/09\/A9R18eusr7_nnj4e_770.jpg","type":"image\/jpeg"}],"twitter_card":"summary_large_image","twitter_misc":{"Dur\u00e9e de lecture estim\u00e9e":"3 minutes"},"schema":{"@context":"https:\/\/schema.org","@graph":[{"@type":"WebPage","@id":"https:\/\/carea-facade.com\/fr\/technique\/securite-feu\/","url":"https:\/\/carea-facade.com\/fr\/technique\/securite-feu\/","name":"Quelles r\u00e9glementations feu pour les produits de FACADE.","isPartOf":{"@id":"https:\/\/carea-facade.com\/fr\/#website"},"primaryImageOfPage":{"@id":"https:\/\/carea-facade.com\/fr\/technique\/securite-feu\/#primaryimage"},"image":{"@id":"https:\/\/carea-facade.com\/fr\/technique\/securite-feu\/#primaryimage"},"thumbnailUrl":"https:\/\/carea-facade.com\/wp-content\/uploads\/2025\/09\/A9R18eusr7_nnj4e_770.jpg","datePublished":"2025-10-01T14:26:35+00:00","dateModified":"2026-02-12T13:22:10+00:00","description":"CAREA FACADE - Quelles sont les r\u00e9glementations fran\u00e7aises et europ\u00e9ennes pour les produits de Fa\u00e7ade concernant le feu\/les incendies ? bardage ossature (BSO, BAO, v\u00eature, v\u00eatage), ITE, fa\u00e7ade ventil\u00e9e, calculs, incendie....","breadcrumb":{"@id":"https:\/\/carea-facade.com\/fr\/technique\/securite-feu\/#breadcrumb"},"inLanguage":"fr-FR","potentialAction":[{"@type":"ReadAction","target":["https:\/\/carea-facade.com\/fr\/technique\/securite-feu\/"]}]},{"@type":"ImageObject","inLanguage":"fr-FR","@id":"https:\/\/carea-facade.com\/fr\/technique\/securite-feu\/#primaryimage","url":"https:\/\/carea-facade.com\/wp-content\/uploads\/2025\/09\/A9R18eusr7_nnj4e_770.jpg","contentUrl":"https:\/\/carea-facade.com\/wp-content\/uploads\/2025\/09\/A9R18eusr7_nnj4e_770.jpg","width":244,"height":439},{"@type":"BreadcrumbList","@id":"https:\/\/carea-facade.com\/fr\/technique\/securite-feu\/#breadcrumb","itemListElement":[{"@type":"ListItem","position":1,"name":"Accueil","item":"https:\/\/carea-facade.com\/fr\/home\/"},{"@type":"ListItem","position":2,"name":"Technique","item":"https:\/\/carea-facade.com\/fr\/technique\/"},{"@type":"ListItem","position":3,"name":"S\u00e9curit\u00e9 incendie"}]},{"@type":"WebSite","@id":"https:\/\/carea-facade.com\/fr\/#website","url":"https:\/\/carea-facade.com\/fr\/","name":"Carea facade","description":"","publisher":{"@id":"https:\/\/carea-facade.com\/fr\/#organization"},"potentialAction":[{"@type":"SearchAction","target":{"@type":"EntryPoint","urlTemplate":"https:\/\/carea-facade.com\/fr\/?s={search_term_string}"},"query-input":{"@type":"PropertyValueSpecification","valueRequired":true,"valueName":"search_term_string"}}],"inLanguage":"fr-FR"},{"@type":"Organization","@id":"https:\/\/carea-facade.com\/fr\/#organization","name":"Carea facade","url":"https:\/\/carea-facade.com\/fr\/","logo":{"@type":"ImageObject","inLanguage":"fr-FR","@id":"https:\/\/carea-facade.com\/fr\/#\/schema\/logo\/image\/","url":"https:\/\/carea-facade.com\/wp-content\/uploads\/2025\/10\/logo-carea.svg","contentUrl":"https:\/\/carea-facade.com\/wp-content\/uploads\/2025\/10\/logo-carea.svg","width":131,"height":95,"caption":"Carea facade"},"image":{"@id":"https:\/\/carea-facade.com\/fr\/#\/schema\/logo\/image\/"}}]}},"_links":{"self":[{"href":"https:\/\/carea-facade.com\/fr\/wp-json\/wp\/v2\/pages\/296","targetHints":{"allow":["GET"]}}],"collection":[{"href":"https:\/\/carea-facade.com\/fr\/wp-json\/wp\/v2\/pages"}],"about":[{"href":"https:\/\/carea-facade.com\/fr\/wp-json\/wp\/v2\/types\/page"}],"author":[{"embeddable":true,"href":"https:\/\/carea-facade.com\/fr\/wp-json\/wp\/v2\/users\/3"}],"replies":[{"embeddable":true,"href":"https:\/\/carea-facade.com\/fr\/wp-json\/wp\/v2\/comments?post=296"}],"version-history":[{"count":17,"href":"https:\/\/carea-facade.com\/fr\/wp-json\/wp\/v2\/pages\/296\/revisions"}],"predecessor-version":[{"id":23689,"href":"https:\/\/carea-facade.com\/fr\/wp-json\/wp\/v2\/pages\/296\/revisions\/23689"}],"up":[{"embeddable":true,"href":"https:\/\/carea-facade.com\/fr\/wp-json\/wp\/v2\/pages\/2207"}],"wp:featuredmedia":[{"embeddable":true,"href":"https:\/\/carea-facade.com\/fr\/wp-json\/wp\/v2\/media\/2210"}],"wp:attachment":[{"href":"https:\/\/carea-facade.com\/fr\/wp-json\/wp\/v2\/media?parent=296"}],"curies":[{"name":"wp","href":"https:\/\/api.w.org\/{rel}","templated":true}]}}