{"id":298,"date":"2025-10-01T16:26:36","date_gmt":"2025-10-01T14:26:36","guid":{"rendered":"https:\/\/wa-test-plugin.local\/?page_id=298"},"modified":"2026-02-12T14:22:34","modified_gmt":"2026-02-12T13:22:34","slug":"supports-de-pose-bardage-beton-ossature-bois","status":"publish","type":"page","link":"https:\/\/carea-facade.com\/fr\/technique\/supports-de-pose-bardage-beton-ossature-bois\/","title":{"rendered":"Supports de pose"},"content":{"rendered":"\n<div class=\"wp-block-group has-global-padding is-layout-constrained wp-container-core-group-is-layout-3bb13389 wp-block-group-is-layout-constrained\" style=\"padding-top:var(--wp--preset--spacing--theme-default);padding-right:var(--wp--preset--spacing--theme-xs);padding-bottom:var(--wp--preset--spacing--theme-default);padding-left:var(--wp--preset--spacing--theme-xs)\">\n<div class=\"wp-block-group content-content-group is-vertical is-layout-flex wp-container-core-group-is-layout-d309df8e wp-block-group-is-layout-flex\">\n<h1 class=\"wp-block-heading has-text-align-left has-black-color has-text-color\" style=\"margin-bottom:40px;font-style:normal;font-weight:500;text-transform:uppercase\">Supports de pose<\/h1>\n\n\n\n<p>Dans la construction, il existe diff\u00e9rents supports en fonction de la typologie et des souhaits de conceptions du b\u00e2timent.<br>En France, trois supports dominent le march\u00e9 du b\u00e2timent. Les parements CAREA<sup>\u00ae<\/sup> peuvent se mettre en \u0153uvre sur les diff\u00e9rents supports constructifs commun\u00e9ment employ\u00e9s en fa\u00e7ade.<\/p>\n\n\n\n<h2 class=\"wp-block-heading\">Le b\u00e9ton \/ ma\u00e7onnerie<\/h2>\n\n\n\n<p>La&nbsp;<strong>ma\u00e7onnerie<\/strong>&nbsp;est l\u2019art de b\u00e2tir une construction par l\u2019assemblage de mat\u00e9riaux \u00e9l\u00e9mentaires, li\u00e9s ou non par un mortier. C\u2019est l\u2019art du&nbsp;<strong>ma\u00e7on<\/strong>&nbsp;par d\u00e9finition mais aussi le r\u00e9sultat de son travail.<\/p>\n\n\n\n<h2 class=\"wp-block-heading\">La COB : Construction \u00e0 Ossature Bois<\/h2>\n\n\n\n<p>Technique de construction bois bas\u00e9e sur la fabrication d\u2019un \u00ab&nbsp;squelette&nbsp;\u00bb fait de montants de bois porteurs entre lesquels est plac\u00e9 l\u2019isolant (laine de verre, de roche ou chanvre). Cette structure est ensuite recouverte par du bardage \u00e0 l\u2019ext\u00e9rieur.<\/p>\n\n\n\n<h2 class=\"wp-block-heading\">Les supports alternatifs<\/h2>\n\n\n\n<p>D\u2019autres supports alternatifs peuvent \u00eatre employ\u00e9s : les&nbsp;<strong>plateaux de bardage<\/strong>, les syst\u00e8mes&nbsp;<strong>double-peau<\/strong>, les&nbsp;<strong>panneaux sandwich<\/strong>, la&nbsp;<strong>fa\u00e7ade ossature bois (FOB)<\/strong>&nbsp;;&nbsp;<a href=\"https:\/\/carea-facade.com\/fr\/contact\/\">contactez-nous<\/a>&nbsp;pour en savoir plus ou si vous avez un projet en particulier.<\/p>\n\n\n\n<p>Vous pouvez retrouver nos Avis Techniques pour le d\u00e9tail des syst\u00e8mes&nbsp;<a href=\"https:\/\/carea-facade.com\/fr\/documentation\/telechargements\/\">sur cette page<\/a>&nbsp;(par type de parements).<\/p>\n\n\n\n<figure class=\"wp-block-image size-large is-resized\"><img loading=\"lazy\" decoding=\"async\" width=\"1024\" height=\"683\" src=\"https:\/\/carea-facade.com\/wp-content\/uploads\/2025\/11\/CAREA-026-1-1024x683.jpg\" alt=\"Si\u00e8ge Samshield, Beauvais\" class=\"wp-image-21983\" style=\"width:850px\" srcset=\"https:\/\/carea-facade.com\/wp-content\/uploads\/2025\/11\/CAREA-026-1-1024x683.jpg 1024w, https:\/\/carea-facade.com\/wp-content\/uploads\/2025\/11\/CAREA-026-1-300x200.jpg 300w, https:\/\/carea-facade.com\/wp-content\/uploads\/2025\/11\/CAREA-026-1-768x512.jpg 768w, https:\/\/carea-facade.com\/wp-content\/uploads\/2025\/11\/CAREA-026-1.jpg 1200w\" sizes=\"auto, (max-width: 1024px) 100vw, 1024px\" \/><\/figure>\n<\/div>\n<\/div>\n","protected":false},"excerpt":{"rendered":"<p>Supports de pose Dans la construction, il existe diff\u00e9rents supports en fonction de la typologie et des souhaits de conceptions du b\u00e2timent.En France, trois supports dominent le march\u00e9 du b\u00e2timent. Les parements CAREA\u00ae peuvent se mettre en \u0153uvre sur les diff\u00e9rents supports constructifs commun\u00e9ment employ\u00e9s en fa\u00e7ade. Le b\u00e9ton \/ ma\u00e7onnerie La&nbsp;ma\u00e7onnerie&nbsp;est l\u2019art de b\u00e2tir [&hellip;]<\/p>\n","protected":false},"author":3,"featured_media":2098,"parent":2207,"menu_order":2,"comment_status":"open","ping_status":"closed","template":"","meta":{"_acf_changed":false,"footnotes":""},"class_list":["post-298","page","type-page","status-publish","has-post-thumbnail","hentry"],"acf":[],"yoast_head":"<!-- This site is optimized with the Yoast SEO plugin v27.5 - https:\/\/yoast.com\/product\/yoast-seo-wordpress\/ -->\n<title>Quels supports de Pose Bardage \/ Parements de fa\u00e7ade CAREA : b\u00e9ton, ossature bois....<\/title>\n<meta name=\"description\" content=\"CAREA FACADE - Quels sont les diff\u00e9rents supports de pose des parements de fa\u00e7ade ? Bardage sur ossature bois, b\u00e9ton, syst\u00e8me double peau.\" \/>\n<meta name=\"robots\" content=\"index, follow, max-snippet:-1, max-image-preview:large, max-video-preview:-1\" \/>\n<link rel=\"canonical\" href=\"https:\/\/carea-facade.com\/fr\/technique\/supports-de-pose-bardage-beton-ossature-bois\/\" \/>\n<meta property=\"og:locale\" content=\"fr_FR\" \/>\n<meta property=\"og:type\" content=\"article\" \/>\n<meta property=\"og:title\" content=\"Quels supports de Pose Bardage \/ Parements de fa\u00e7ade CAREA : b\u00e9ton, ossature bois....\" \/>\n<meta property=\"og:description\" content=\"CAREA FACADE - Quels sont les diff\u00e9rents supports de pose des parements de fa\u00e7ade ? Bardage sur ossature bois, b\u00e9ton, syst\u00e8me double peau.\" \/>\n<meta property=\"og:url\" content=\"https:\/\/carea-facade.com\/fr\/technique\/supports-de-pose-bardage-beton-ossature-bois\/\" \/>\n<meta property=\"og:site_name\" content=\"Carea facade\" \/>\n<meta property=\"article:modified_time\" content=\"2026-02-12T13:22:34+00:00\" \/>\n<meta property=\"og:image\" content=\"https:\/\/carea-facade.com\/wp-content\/uploads\/2025\/09\/support-pose-cob-1.jpg\" \/>\n\t<meta property=\"og:image:width\" content=\"1096\" \/>\n\t<meta property=\"og:image:height\" content=\"606\" \/>\n\t<meta property=\"og:image:type\" content=\"image\/jpeg\" \/>\n<meta name=\"twitter:card\" content=\"summary_large_image\" \/>\n<meta name=\"twitter:label1\" content=\"Dur\u00e9e de lecture estim\u00e9e\" \/>\n\t<meta name=\"twitter:data1\" content=\"2 minutes\" \/>\n<script type=\"application\/ld+json\" class=\"yoast-schema-graph\">{\"@context\":\"https:\\\/\\\/schema.org\",\"@graph\":[{\"@type\":\"WebPage\",\"@id\":\"https:\\\/\\\/carea-facade.com\\\/fr\\\/technique\\\/supports-de-pose-bardage-beton-ossature-bois\\\/\",\"url\":\"https:\\\/\\\/carea-facade.com\\\/fr\\\/technique\\\/supports-de-pose-bardage-beton-ossature-bois\\\/\",\"name\":\"Quels supports de Pose Bardage \\\/ Parements de fa\u00e7ade CAREA : b\u00e9ton, ossature bois....\",\"isPartOf\":{\"@id\":\"https:\\\/\\\/carea-facade.com\\\/fr\\\/#website\"},\"primaryImageOfPage\":{\"@id\":\"https:\\\/\\\/carea-facade.com\\\/fr\\\/technique\\\/supports-de-pose-bardage-beton-ossature-bois\\\/#primaryimage\"},\"image\":{\"@id\":\"https:\\\/\\\/carea-facade.com\\\/fr\\\/technique\\\/supports-de-pose-bardage-beton-ossature-bois\\\/#primaryimage\"},\"thumbnailUrl\":\"https:\\\/\\\/carea-facade.com\\\/wp-content\\\/uploads\\\/2025\\\/09\\\/support-pose-cob-1.jpg\",\"datePublished\":\"2025-10-01T14:26:36+00:00\",\"dateModified\":\"2026-02-12T13:22:34+00:00\",\"description\":\"CAREA FACADE - Quels sont les diff\u00e9rents supports de pose des parements de fa\u00e7ade ? Bardage sur ossature bois, b\u00e9ton, syst\u00e8me double peau.\",\"breadcrumb\":{\"@id\":\"https:\\\/\\\/carea-facade.com\\\/fr\\\/technique\\\/supports-de-pose-bardage-beton-ossature-bois\\\/#breadcrumb\"},\"inLanguage\":\"fr-FR\",\"potentialAction\":[{\"@type\":\"ReadAction\",\"target\":[\"https:\\\/\\\/carea-facade.com\\\/fr\\\/technique\\\/supports-de-pose-bardage-beton-ossature-bois\\\/\"]}]},{\"@type\":\"ImageObject\",\"inLanguage\":\"fr-FR\",\"@id\":\"https:\\\/\\\/carea-facade.com\\\/fr\\\/technique\\\/supports-de-pose-bardage-beton-ossature-bois\\\/#primaryimage\",\"url\":\"https:\\\/\\\/carea-facade.com\\\/wp-content\\\/uploads\\\/2025\\\/09\\\/support-pose-cob-1.jpg\",\"contentUrl\":\"https:\\\/\\\/carea-facade.com\\\/wp-content\\\/uploads\\\/2025\\\/09\\\/support-pose-cob-1.jpg\",\"width\":1096,\"height\":606,\"caption\":\"support pose cob 1\"},{\"@type\":\"BreadcrumbList\",\"@id\":\"https:\\\/\\\/carea-facade.com\\\/fr\\\/technique\\\/supports-de-pose-bardage-beton-ossature-bois\\\/#breadcrumb\",\"itemListElement\":[{\"@type\":\"ListItem\",\"position\":1,\"name\":\"Accueil\",\"item\":\"https:\\\/\\\/carea-facade.com\\\/fr\\\/home\\\/\"},{\"@type\":\"ListItem\",\"position\":2,\"name\":\"Technique\",\"item\":\"https:\\\/\\\/carea-facade.com\\\/fr\\\/technique\\\/\"},{\"@type\":\"ListItem\",\"position\":3,\"name\":\"Supports de pose\"}]},{\"@type\":\"WebSite\",\"@id\":\"https:\\\/\\\/carea-facade.com\\\/fr\\\/#website\",\"url\":\"https:\\\/\\\/carea-facade.com\\\/fr\\\/\",\"name\":\"Carea facade\",\"description\":\"\",\"publisher\":{\"@id\":\"https:\\\/\\\/carea-facade.com\\\/fr\\\/#organization\"},\"potentialAction\":[{\"@type\":\"SearchAction\",\"target\":{\"@type\":\"EntryPoint\",\"urlTemplate\":\"https:\\\/\\\/carea-facade.com\\\/fr\\\/?s={search_term_string}\"},\"query-input\":{\"@type\":\"PropertyValueSpecification\",\"valueRequired\":true,\"valueName\":\"search_term_string\"}}],\"inLanguage\":\"fr-FR\"},{\"@type\":\"Organization\",\"@id\":\"https:\\\/\\\/carea-facade.com\\\/fr\\\/#organization\",\"name\":\"Carea facade\",\"url\":\"https:\\\/\\\/carea-facade.com\\\/fr\\\/\",\"logo\":{\"@type\":\"ImageObject\",\"inLanguage\":\"fr-FR\",\"@id\":\"https:\\\/\\\/carea-facade.com\\\/fr\\\/#\\\/schema\\\/logo\\\/image\\\/\",\"url\":\"https:\\\/\\\/carea-facade.com\\\/wp-content\\\/uploads\\\/2025\\\/10\\\/logo-carea.svg\",\"contentUrl\":\"https:\\\/\\\/carea-facade.com\\\/wp-content\\\/uploads\\\/2025\\\/10\\\/logo-carea.svg\",\"width\":131,\"height\":95,\"caption\":\"Carea facade\"},\"image\":{\"@id\":\"https:\\\/\\\/carea-facade.com\\\/fr\\\/#\\\/schema\\\/logo\\\/image\\\/\"}}]}<\/script>\n<!-- \/ Yoast SEO plugin. -->","yoast_head_json":{"title":"Quels supports de Pose Bardage \/ Parements de fa\u00e7ade CAREA : b\u00e9ton, ossature bois....","description":"CAREA FACADE - Quels sont les diff\u00e9rents supports de pose des parements de fa\u00e7ade ? Bardage sur ossature bois, b\u00e9ton, syst\u00e8me double peau.","robots":{"index":"index","follow":"follow","max-snippet":"max-snippet:-1","max-image-preview":"max-image-preview:large","max-video-preview":"max-video-preview:-1"},"canonical":"https:\/\/carea-facade.com\/fr\/technique\/supports-de-pose-bardage-beton-ossature-bois\/","og_locale":"fr_FR","og_type":"article","og_title":"Quels supports de Pose Bardage \/ Parements de fa\u00e7ade CAREA : b\u00e9ton, ossature bois....","og_description":"CAREA FACADE - Quels sont les diff\u00e9rents supports de pose des parements de fa\u00e7ade ? Bardage sur ossature bois, b\u00e9ton, syst\u00e8me double peau.","og_url":"https:\/\/carea-facade.com\/fr\/technique\/supports-de-pose-bardage-beton-ossature-bois\/","og_site_name":"Carea facade","article_modified_time":"2026-02-12T13:22:34+00:00","og_image":[{"width":1096,"height":606,"url":"https:\/\/carea-facade.com\/wp-content\/uploads\/2025\/09\/support-pose-cob-1.jpg","type":"image\/jpeg"}],"twitter_card":"summary_large_image","twitter_misc":{"Dur\u00e9e de lecture estim\u00e9e":"2 minutes"},"schema":{"@context":"https:\/\/schema.org","@graph":[{"@type":"WebPage","@id":"https:\/\/carea-facade.com\/fr\/technique\/supports-de-pose-bardage-beton-ossature-bois\/","url":"https:\/\/carea-facade.com\/fr\/technique\/supports-de-pose-bardage-beton-ossature-bois\/","name":"Quels supports de Pose Bardage \/ Parements de fa\u00e7ade CAREA : b\u00e9ton, ossature bois....","isPartOf":{"@id":"https:\/\/carea-facade.com\/fr\/#website"},"primaryImageOfPage":{"@id":"https:\/\/carea-facade.com\/fr\/technique\/supports-de-pose-bardage-beton-ossature-bois\/#primaryimage"},"image":{"@id":"https:\/\/carea-facade.com\/fr\/technique\/supports-de-pose-bardage-beton-ossature-bois\/#primaryimage"},"thumbnailUrl":"https:\/\/carea-facade.com\/wp-content\/uploads\/2025\/09\/support-pose-cob-1.jpg","datePublished":"2025-10-01T14:26:36+00:00","dateModified":"2026-02-12T13:22:34+00:00","description":"CAREA FACADE - Quels sont les diff\u00e9rents supports de pose des parements de fa\u00e7ade ? Bardage sur ossature bois, b\u00e9ton, syst\u00e8me double peau.","breadcrumb":{"@id":"https:\/\/carea-facade.com\/fr\/technique\/supports-de-pose-bardage-beton-ossature-bois\/#breadcrumb"},"inLanguage":"fr-FR","potentialAction":[{"@type":"ReadAction","target":["https:\/\/carea-facade.com\/fr\/technique\/supports-de-pose-bardage-beton-ossature-bois\/"]}]},{"@type":"ImageObject","inLanguage":"fr-FR","@id":"https:\/\/carea-facade.com\/fr\/technique\/supports-de-pose-bardage-beton-ossature-bois\/#primaryimage","url":"https:\/\/carea-facade.com\/wp-content\/uploads\/2025\/09\/support-pose-cob-1.jpg","contentUrl":"https:\/\/carea-facade.com\/wp-content\/uploads\/2025\/09\/support-pose-cob-1.jpg","width":1096,"height":606,"caption":"support pose cob 1"},{"@type":"BreadcrumbList","@id":"https:\/\/carea-facade.com\/fr\/technique\/supports-de-pose-bardage-beton-ossature-bois\/#breadcrumb","itemListElement":[{"@type":"ListItem","position":1,"name":"Accueil","item":"https:\/\/carea-facade.com\/fr\/home\/"},{"@type":"ListItem","position":2,"name":"Technique","item":"https:\/\/carea-facade.com\/fr\/technique\/"},{"@type":"ListItem","position":3,"name":"Supports de pose"}]},{"@type":"WebSite","@id":"https:\/\/carea-facade.com\/fr\/#website","url":"https:\/\/carea-facade.com\/fr\/","name":"Carea facade","description":"","publisher":{"@id":"https:\/\/carea-facade.com\/fr\/#organization"},"potentialAction":[{"@type":"SearchAction","target":{"@type":"EntryPoint","urlTemplate":"https:\/\/carea-facade.com\/fr\/?s={search_term_string}"},"query-input":{"@type":"PropertyValueSpecification","valueRequired":true,"valueName":"search_term_string"}}],"inLanguage":"fr-FR"},{"@type":"Organization","@id":"https:\/\/carea-facade.com\/fr\/#organization","name":"Carea facade","url":"https:\/\/carea-facade.com\/fr\/","logo":{"@type":"ImageObject","inLanguage":"fr-FR","@id":"https:\/\/carea-facade.com\/fr\/#\/schema\/logo\/image\/","url":"https:\/\/carea-facade.com\/wp-content\/uploads\/2025\/10\/logo-carea.svg","contentUrl":"https:\/\/carea-facade.com\/wp-content\/uploads\/2025\/10\/logo-carea.svg","width":131,"height":95,"caption":"Carea facade"},"image":{"@id":"https:\/\/carea-facade.com\/fr\/#\/schema\/logo\/image\/"}}]}},"_links":{"self":[{"href":"https:\/\/carea-facade.com\/fr\/wp-json\/wp\/v2\/pages\/298","targetHints":{"allow":["GET"]}}],"collection":[{"href":"https:\/\/carea-facade.com\/fr\/wp-json\/wp\/v2\/pages"}],"about":[{"href":"https:\/\/carea-facade.com\/fr\/wp-json\/wp\/v2\/types\/page"}],"author":[{"embeddable":true,"href":"https:\/\/carea-facade.com\/fr\/wp-json\/wp\/v2\/users\/3"}],"replies":[{"embeddable":true,"href":"https:\/\/carea-facade.com\/fr\/wp-json\/wp\/v2\/comments?post=298"}],"version-history":[{"count":21,"href":"https:\/\/carea-facade.com\/fr\/wp-json\/wp\/v2\/pages\/298\/revisions"}],"predecessor-version":[{"id":23692,"href":"https:\/\/carea-facade.com\/fr\/wp-json\/wp\/v2\/pages\/298\/revisions\/23692"}],"up":[{"embeddable":true,"href":"https:\/\/carea-facade.com\/fr\/wp-json\/wp\/v2\/pages\/2207"}],"wp:featuredmedia":[{"embeddable":true,"href":"https:\/\/carea-facade.com\/fr\/wp-json\/wp\/v2\/media\/2098"}],"wp:attachment":[{"href":"https:\/\/carea-facade.com\/fr\/wp-json\/wp\/v2\/media?parent=298"}],"curies":[{"name":"wp","href":"https:\/\/api.w.org\/{rel}","templated":true}]}}