{"id":302,"date":"2025-10-01T16:26:37","date_gmt":"2025-10-01T14:26:37","guid":{"rendered":"https:\/\/wa-test-plugin.local\/?page_id=302"},"modified":"2026-02-12T14:24:32","modified_gmt":"2026-02-12T13:24:32","slug":"traitement-des-points-singuliers","status":"publish","type":"page","link":"https:\/\/carea-facade.com\/fr\/technique\/traitement-des-points-singuliers\/","title":{"rendered":"Traitement des points singuliers"},"content":{"rendered":"\n<div class=\"wp-block-group has-global-padding is-layout-constrained wp-container-core-group-is-layout-3bb13389 wp-block-group-is-layout-constrained\" style=\"padding-top:var(--wp--preset--spacing--theme-default);padding-right:var(--wp--preset--spacing--theme-xs);padding-bottom:var(--wp--preset--spacing--theme-default);padding-left:var(--wp--preset--spacing--theme-xs)\">\n<div class=\"wp-block-group content-content-group is-vertical is-layout-flex wp-container-core-group-is-layout-d309df8e wp-block-group-is-layout-flex\">\n<h1 class=\"wp-block-heading has-text-align-left has-black-color has-text-color\" style=\"margin-bottom:40px;font-style:normal;font-weight:500;text-transform:uppercase\">Traitement des points singuliers<\/h1>\n\n\n\n<p>Les points singuliers d\u2019une fa\u00e7ade sont l\u2019ensemble des points qui remettent en cause la continuit\u00e9 du bardage. Leur conception doit \u00eatre telle que l\u2019eau ne puisse s\u2019infiltrer et leur ex\u00e9cution doit \u00eatre tr\u00e8s soign\u00e9e.<\/p>\n\n\n\n<h2 class=\"wp-block-heading\">Pr\u00e9ambule<\/h2>\n\n\n\n<p>Les points singuliers d\u2019une fa\u00e7ade peuvent \u00eatre lin\u00e9aires (d\u00e9part et arr\u00eat du bardage, joint de dilatation, profil de recoupement, angle de fa\u00e7ade etc.) ou ponctuels (\u00e9vacuations d\u2019eaux pluviales, ventilations, passages de c\u00e2bles, encadrement des baies etc.).<\/p>\n\n\n\n<h2 class=\"wp-block-heading\">Comment traiter les points singuliers<\/h2>\n\n\n\n<p>Les points singuliers d\u2019une fa\u00e7ade peuvent \u00eatre trait\u00e9s de diff\u00e9rentes mani\u00e8res.<br>La solution la plus commune consiste \u00e0 utiliser un profil d\u2019habillage qui vient recouvrir le produit.<br>CAREA<sup>\u00ae<\/sup>&nbsp;a d\u00e9velopp\u00e9, en fonction des diff\u00e9rentes gammes de produits, des solutions esth\u00e9tiques afin de r\u00e9duire ou supprimer les profils d\u2019habillage. Ces solutions peuvent \u00eatre r\u00e9alis\u00e9es en usine ou directement sur le chantier.<\/p>\n\n\n\n<p><a href=\"https:\/\/carea-facade.com\/fr\/documentation\/fiches-techniques\/\">Retrouvez sur notre espace connect\u00e9 plus de 40 fiches techniques \u00e0 t\u00e9l\u00e9charger<\/a>, traitant de la plupart des points singuliers courants.<\/p>\n\n\n\n<p>Nous proposons \u00e9galement <a href=\"https:\/\/carea-facade.com\/fr\/technique\/parements-de-facade-bardage-ite\/#3d\">la r\u00e9alisation de pi\u00e8ces monobloc 3D<\/a> pour des traitements haut-de-gamme et sur-mesure.<\/p>\n<\/div>\n<\/div>\n","protected":false},"excerpt":{"rendered":"<p>Traitement des points singuliers Les points singuliers d\u2019une fa\u00e7ade sont l\u2019ensemble des points qui remettent en cause la continuit\u00e9 du bardage. Leur conception doit \u00eatre telle que l\u2019eau ne puisse s\u2019infiltrer et leur ex\u00e9cution doit \u00eatre tr\u00e8s soign\u00e9e. Pr\u00e9ambule Les points singuliers d\u2019une fa\u00e7ade peuvent \u00eatre lin\u00e9aires (d\u00e9part et arr\u00eat du bardage, joint de dilatation, [&hellip;]<\/p>\n","protected":false},"author":3,"featured_media":2198,"parent":2207,"menu_order":6,"comment_status":"open","ping_status":"closed","template":"","meta":{"_acf_changed":false,"footnotes":""},"class_list":["post-302","page","type-page","status-publish","has-post-thumbnail","hentry"],"acf":[],"yoast_head":"<!-- This site is optimized with the Yoast SEO plugin v27.5 - https:\/\/yoast.com\/product\/yoast-seo-wordpress\/ -->\n<title>Comment traiter les points singuliers du&#039;une Fa\u00e7ade ? La solution CAREA<\/title>\n<meta name=\"description\" content=\"CAREA FACADE - Comment traiter les Points Singuliers ? D\u00e9couvrez la solution de notre bureau d&#039;\u00e9tude : explications. Un projet ? Contactez notre \u00e9quipe.\" \/>\n<meta name=\"robots\" content=\"index, follow, max-snippet:-1, max-image-preview:large, max-video-preview:-1\" \/>\n<link rel=\"canonical\" href=\"https:\/\/carea-facade.com\/fr\/technique\/traitement-des-points-singuliers\/\" \/>\n<meta property=\"og:locale\" content=\"fr_FR\" \/>\n<meta property=\"og:type\" content=\"article\" \/>\n<meta property=\"og:title\" content=\"Comment traiter les points singuliers du&#039;une Fa\u00e7ade ? La solution CAREA\" \/>\n<meta property=\"og:description\" content=\"CAREA FACADE - Comment traiter les Points Singuliers ? D\u00e9couvrez la solution de notre bureau d&#039;\u00e9tude : explications. Un projet ? Contactez notre \u00e9quipe.\" \/>\n<meta property=\"og:url\" content=\"https:\/\/carea-facade.com\/fr\/technique\/traitement-des-points-singuliers\/\" \/>\n<meta property=\"og:site_name\" content=\"Carea facade\" \/>\n<meta property=\"article:modified_time\" content=\"2026-02-12T13:24:32+00:00\" \/>\n<meta property=\"og:image\" content=\"https:\/\/carea-facade.com\/wp-content\/uploads\/2025\/09\/illustr.jpg\" \/>\n\t<meta property=\"og:image:width\" content=\"1096\" \/>\n\t<meta property=\"og:image:height\" content=\"606\" \/>\n\t<meta property=\"og:image:type\" content=\"image\/jpeg\" \/>\n<meta name=\"twitter:card\" content=\"summary_large_image\" \/>\n<meta name=\"twitter:label1\" content=\"Dur\u00e9e de lecture estim\u00e9e\" \/>\n\t<meta name=\"twitter:data1\" content=\"2 minutes\" \/>\n<script type=\"application\/ld+json\" class=\"yoast-schema-graph\">{\"@context\":\"https:\\\/\\\/schema.org\",\"@graph\":[{\"@type\":\"WebPage\",\"@id\":\"https:\\\/\\\/carea-facade.com\\\/fr\\\/technique\\\/traitement-des-points-singuliers\\\/\",\"url\":\"https:\\\/\\\/carea-facade.com\\\/fr\\\/technique\\\/traitement-des-points-singuliers\\\/\",\"name\":\"Comment traiter les points singuliers du'une Fa\u00e7ade ? La solution CAREA\",\"isPartOf\":{\"@id\":\"https:\\\/\\\/carea-facade.com\\\/fr\\\/#website\"},\"primaryImageOfPage\":{\"@id\":\"https:\\\/\\\/carea-facade.com\\\/fr\\\/technique\\\/traitement-des-points-singuliers\\\/#primaryimage\"},\"image\":{\"@id\":\"https:\\\/\\\/carea-facade.com\\\/fr\\\/technique\\\/traitement-des-points-singuliers\\\/#primaryimage\"},\"thumbnailUrl\":\"https:\\\/\\\/carea-facade.com\\\/wp-content\\\/uploads\\\/2025\\\/09\\\/illustr.jpg\",\"datePublished\":\"2025-10-01T14:26:37+00:00\",\"dateModified\":\"2026-02-12T13:24:32+00:00\",\"description\":\"CAREA FACADE - Comment traiter les Points Singuliers ? D\u00e9couvrez la solution de notre bureau d'\u00e9tude : explications. Un projet ? Contactez notre \u00e9quipe.\",\"breadcrumb\":{\"@id\":\"https:\\\/\\\/carea-facade.com\\\/fr\\\/technique\\\/traitement-des-points-singuliers\\\/#breadcrumb\"},\"inLanguage\":\"fr-FR\",\"potentialAction\":[{\"@type\":\"ReadAction\",\"target\":[\"https:\\\/\\\/carea-facade.com\\\/fr\\\/technique\\\/traitement-des-points-singuliers\\\/\"]}]},{\"@type\":\"ImageObject\",\"inLanguage\":\"fr-FR\",\"@id\":\"https:\\\/\\\/carea-facade.com\\\/fr\\\/technique\\\/traitement-des-points-singuliers\\\/#primaryimage\",\"url\":\"https:\\\/\\\/carea-facade.com\\\/wp-content\\\/uploads\\\/2025\\\/09\\\/illustr.jpg\",\"contentUrl\":\"https:\\\/\\\/carea-facade.com\\\/wp-content\\\/uploads\\\/2025\\\/09\\\/illustr.jpg\",\"width\":1096,\"height\":606,\"caption\":\"illustr\"},{\"@type\":\"BreadcrumbList\",\"@id\":\"https:\\\/\\\/carea-facade.com\\\/fr\\\/technique\\\/traitement-des-points-singuliers\\\/#breadcrumb\",\"itemListElement\":[{\"@type\":\"ListItem\",\"position\":1,\"name\":\"Accueil\",\"item\":\"https:\\\/\\\/carea-facade.com\\\/fr\\\/home\\\/\"},{\"@type\":\"ListItem\",\"position\":2,\"name\":\"Technique\",\"item\":\"https:\\\/\\\/carea-facade.com\\\/fr\\\/technique\\\/\"},{\"@type\":\"ListItem\",\"position\":3,\"name\":\"Traitement des points singuliers\"}]},{\"@type\":\"WebSite\",\"@id\":\"https:\\\/\\\/carea-facade.com\\\/fr\\\/#website\",\"url\":\"https:\\\/\\\/carea-facade.com\\\/fr\\\/\",\"name\":\"Carea facade\",\"description\":\"\",\"publisher\":{\"@id\":\"https:\\\/\\\/carea-facade.com\\\/fr\\\/#organization\"},\"potentialAction\":[{\"@type\":\"SearchAction\",\"target\":{\"@type\":\"EntryPoint\",\"urlTemplate\":\"https:\\\/\\\/carea-facade.com\\\/fr\\\/?s={search_term_string}\"},\"query-input\":{\"@type\":\"PropertyValueSpecification\",\"valueRequired\":true,\"valueName\":\"search_term_string\"}}],\"inLanguage\":\"fr-FR\"},{\"@type\":\"Organization\",\"@id\":\"https:\\\/\\\/carea-facade.com\\\/fr\\\/#organization\",\"name\":\"Carea facade\",\"url\":\"https:\\\/\\\/carea-facade.com\\\/fr\\\/\",\"logo\":{\"@type\":\"ImageObject\",\"inLanguage\":\"fr-FR\",\"@id\":\"https:\\\/\\\/carea-facade.com\\\/fr\\\/#\\\/schema\\\/logo\\\/image\\\/\",\"url\":\"https:\\\/\\\/carea-facade.com\\\/wp-content\\\/uploads\\\/2025\\\/10\\\/logo-carea.svg\",\"contentUrl\":\"https:\\\/\\\/carea-facade.com\\\/wp-content\\\/uploads\\\/2025\\\/10\\\/logo-carea.svg\",\"width\":131,\"height\":95,\"caption\":\"Carea facade\"},\"image\":{\"@id\":\"https:\\\/\\\/carea-facade.com\\\/fr\\\/#\\\/schema\\\/logo\\\/image\\\/\"}}]}<\/script>\n<!-- \/ Yoast SEO plugin. -->","yoast_head_json":{"title":"Comment traiter les points singuliers du'une Fa\u00e7ade ? La solution CAREA","description":"CAREA FACADE - Comment traiter les Points Singuliers ? D\u00e9couvrez la solution de notre bureau d'\u00e9tude : explications. Un projet ? Contactez notre \u00e9quipe.","robots":{"index":"index","follow":"follow","max-snippet":"max-snippet:-1","max-image-preview":"max-image-preview:large","max-video-preview":"max-video-preview:-1"},"canonical":"https:\/\/carea-facade.com\/fr\/technique\/traitement-des-points-singuliers\/","og_locale":"fr_FR","og_type":"article","og_title":"Comment traiter les points singuliers du'une Fa\u00e7ade ? La solution CAREA","og_description":"CAREA FACADE - Comment traiter les Points Singuliers ? D\u00e9couvrez la solution de notre bureau d'\u00e9tude : explications. Un projet ? Contactez notre \u00e9quipe.","og_url":"https:\/\/carea-facade.com\/fr\/technique\/traitement-des-points-singuliers\/","og_site_name":"Carea facade","article_modified_time":"2026-02-12T13:24:32+00:00","og_image":[{"width":1096,"height":606,"url":"https:\/\/carea-facade.com\/wp-content\/uploads\/2025\/09\/illustr.jpg","type":"image\/jpeg"}],"twitter_card":"summary_large_image","twitter_misc":{"Dur\u00e9e de lecture estim\u00e9e":"2 minutes"},"schema":{"@context":"https:\/\/schema.org","@graph":[{"@type":"WebPage","@id":"https:\/\/carea-facade.com\/fr\/technique\/traitement-des-points-singuliers\/","url":"https:\/\/carea-facade.com\/fr\/technique\/traitement-des-points-singuliers\/","name":"Comment traiter les points singuliers du'une Fa\u00e7ade ? La solution CAREA","isPartOf":{"@id":"https:\/\/carea-facade.com\/fr\/#website"},"primaryImageOfPage":{"@id":"https:\/\/carea-facade.com\/fr\/technique\/traitement-des-points-singuliers\/#primaryimage"},"image":{"@id":"https:\/\/carea-facade.com\/fr\/technique\/traitement-des-points-singuliers\/#primaryimage"},"thumbnailUrl":"https:\/\/carea-facade.com\/wp-content\/uploads\/2025\/09\/illustr.jpg","datePublished":"2025-10-01T14:26:37+00:00","dateModified":"2026-02-12T13:24:32+00:00","description":"CAREA FACADE - Comment traiter les Points Singuliers ? D\u00e9couvrez la solution de notre bureau d'\u00e9tude : explications. Un projet ? Contactez notre \u00e9quipe.","breadcrumb":{"@id":"https:\/\/carea-facade.com\/fr\/technique\/traitement-des-points-singuliers\/#breadcrumb"},"inLanguage":"fr-FR","potentialAction":[{"@type":"ReadAction","target":["https:\/\/carea-facade.com\/fr\/technique\/traitement-des-points-singuliers\/"]}]},{"@type":"ImageObject","inLanguage":"fr-FR","@id":"https:\/\/carea-facade.com\/fr\/technique\/traitement-des-points-singuliers\/#primaryimage","url":"https:\/\/carea-facade.com\/wp-content\/uploads\/2025\/09\/illustr.jpg","contentUrl":"https:\/\/carea-facade.com\/wp-content\/uploads\/2025\/09\/illustr.jpg","width":1096,"height":606,"caption":"illustr"},{"@type":"BreadcrumbList","@id":"https:\/\/carea-facade.com\/fr\/technique\/traitement-des-points-singuliers\/#breadcrumb","itemListElement":[{"@type":"ListItem","position":1,"name":"Accueil","item":"https:\/\/carea-facade.com\/fr\/home\/"},{"@type":"ListItem","position":2,"name":"Technique","item":"https:\/\/carea-facade.com\/fr\/technique\/"},{"@type":"ListItem","position":3,"name":"Traitement des points singuliers"}]},{"@type":"WebSite","@id":"https:\/\/carea-facade.com\/fr\/#website","url":"https:\/\/carea-facade.com\/fr\/","name":"Carea facade","description":"","publisher":{"@id":"https:\/\/carea-facade.com\/fr\/#organization"},"potentialAction":[{"@type":"SearchAction","target":{"@type":"EntryPoint","urlTemplate":"https:\/\/carea-facade.com\/fr\/?s={search_term_string}"},"query-input":{"@type":"PropertyValueSpecification","valueRequired":true,"valueName":"search_term_string"}}],"inLanguage":"fr-FR"},{"@type":"Organization","@id":"https:\/\/carea-facade.com\/fr\/#organization","name":"Carea facade","url":"https:\/\/carea-facade.com\/fr\/","logo":{"@type":"ImageObject","inLanguage":"fr-FR","@id":"https:\/\/carea-facade.com\/fr\/#\/schema\/logo\/image\/","url":"https:\/\/carea-facade.com\/wp-content\/uploads\/2025\/10\/logo-carea.svg","contentUrl":"https:\/\/carea-facade.com\/wp-content\/uploads\/2025\/10\/logo-carea.svg","width":131,"height":95,"caption":"Carea facade"},"image":{"@id":"https:\/\/carea-facade.com\/fr\/#\/schema\/logo\/image\/"}}]}},"_links":{"self":[{"href":"https:\/\/carea-facade.com\/fr\/wp-json\/wp\/v2\/pages\/302","targetHints":{"allow":["GET"]}}],"collection":[{"href":"https:\/\/carea-facade.com\/fr\/wp-json\/wp\/v2\/pages"}],"about":[{"href":"https:\/\/carea-facade.com\/fr\/wp-json\/wp\/v2\/types\/page"}],"author":[{"embeddable":true,"href":"https:\/\/carea-facade.com\/fr\/wp-json\/wp\/v2\/users\/3"}],"replies":[{"embeddable":true,"href":"https:\/\/carea-facade.com\/fr\/wp-json\/wp\/v2\/comments?post=302"}],"version-history":[{"count":20,"href":"https:\/\/carea-facade.com\/fr\/wp-json\/wp\/v2\/pages\/302\/revisions"}],"predecessor-version":[{"id":23706,"href":"https:\/\/carea-facade.com\/fr\/wp-json\/wp\/v2\/pages\/302\/revisions\/23706"}],"up":[{"embeddable":true,"href":"https:\/\/carea-facade.com\/fr\/wp-json\/wp\/v2\/pages\/2207"}],"wp:featuredmedia":[{"embeddable":true,"href":"https:\/\/carea-facade.com\/fr\/wp-json\/wp\/v2\/media\/2198"}],"wp:attachment":[{"href":"https:\/\/carea-facade.com\/fr\/wp-json\/wp\/v2\/media?parent=302"}],"curies":[{"name":"wp","href":"https:\/\/api.w.org\/{rel}","templated":true}]}}