{"id":7048,"date":"2025-10-01T17:26:30","date_gmt":"2025-10-01T15:26:30","guid":{"rendered":"https:\/\/carea-facade.com\/?page_id=7048"},"modified":"2026-04-01T12:40:12","modified_gmt":"2026-04-01T10:40:12","slug":"de-la-fabrication-au-recyclage","status":"publish","type":"page","link":"https:\/\/carea-facade.com\/fr\/engagement-environnemental\/de-la-fabrication-au-recyclage\/","title":{"rendered":"De la fabrication au recyclage\u2026"},"content":{"rendered":"\n<div class=\"wp-block-group has-global-padding is-layout-constrained wp-container-core-group-is-layout-3bb13389 wp-block-group-is-layout-constrained\" style=\"padding-top:var(--wp--preset--spacing--theme-default);padding-right:var(--wp--preset--spacing--theme-xs);padding-bottom:var(--wp--preset--spacing--theme-default);padding-left:var(--wp--preset--spacing--theme-xs)\">\n<div class=\"wp-block-group content-content-group is-vertical is-layout-flex wp-container-core-group-is-layout-d309df8e wp-block-group-is-layout-flex\">\n<h1 class=\"wp-block-heading has-text-align-left has-black-color has-text-color\" style=\"margin-bottom:40px;font-style:normal;font-weight:500;text-transform:uppercase\">De la fabrication au recyclage\u2026<\/h1>\n\n\n\n<h2 class=\"wp-block-heading\">En mat\u00e9riau \u00e9co-responsable<\/h2>\n\n\n\n<h3 class=\"wp-block-heading\">Nos processus de fabrication<\/h3>\n\n\n\n<p><strong>Mat\u00e9riau exclusif Mineral Composite g\u00e9o-sourc\u00e9 en France<\/strong><br>90% de la composition de nos mat\u00e9riaux proviennent de charges min\u00e9rales naturelles d\u2019extraction locale (dans les Pays de la Loire, \u00e0 proximit\u00e9 de nos usines).&nbsp; Le liant employ\u00e9 est constitu\u00e9 \u00e0 10% de composants recycl\u00e9s.<\/p>\n\n\n\n<p><strong>Verticalit\u00e9 du circuit de production<\/strong><br>Notre mat\u00e9riau, le Min\u00e9ral Composite, est fabriqu\u00e9 en Mayenne (53). Nos produits sont 100% fabriqu\u00e9s en France dans nos usines de Sill\u00e9-le-Guillaume (72) pour le sanitaire, et de Combr\u00e9e (49), pour les produits de fa\u00e7ade. Cette fabrication locale nous permet de privil\u00e9gier la vente en direct, r\u00e9duisant ainsi notre empreinte carbone lors du transport des mat\u00e9riaux.<\/p>\n\n\n\n<p><strong>Une production propre<\/strong><br>Fort du choix de nos mat\u00e9riaux, nos r\u00e9alisations n\u2019\u00e9mettent que tr\u00e8s peu de CO<sub>2<\/sub> lors de la production. De plus, l\u2019eau n\u00e9cessaire au processus de production est en circuit ferm\u00e9.<\/p>\n\n\n\n<figure class=\"wp-block-image size-full\"><img loading=\"lazy\" decoding=\"async\" width=\"800\" height=\"320\" src=\"https:\/\/carea-facade.com\/wp-content\/uploads\/2025\/09\/image-24.png\" alt=\"Fabriqu\u00e9 en France\" class=\"wp-image-1889\" srcset=\"https:\/\/carea-facade.com\/wp-content\/uploads\/2025\/09\/image-24.png 800w, https:\/\/carea-facade.com\/wp-content\/uploads\/2025\/09\/image-24-300x120.png 300w, https:\/\/carea-facade.com\/wp-content\/uploads\/2025\/09\/image-24-768x307.png 768w\" sizes=\"auto, (max-width: 800px) 100vw, 800px\" \/><\/figure>\n\n\n\n<h3 class=\"wp-block-heading\">La vie de nos produits<\/h3>\n\n\n\n<p><strong>Contribution \u00e0 des b\u00e2timents peu \u00e9nergivores<\/strong><strong>\u2026<\/strong><br>Nos parements sont la plupart du temps associ\u00e9s \u00e0 des syst\u00e8mes d\u2019Isolation thermique par l\u2019ext\u00e9rieur (ITE) et\/ou \u00e0 hautes performances \u00e9nerg\u00e9tiques, qui limitent ou annulent la consommation d\u2019\u00e9nergie. Ils sont compatibles avec les isolants bio-sourc\u00e9s.<\/p>\n\n\n\n<p><strong>Non poreux<\/strong><strong>\u2026<\/strong><\/p>\n\n\n\n<p>Ne n\u00e9cessitant que peu d\u2019entretien, nos mat\u00e9riaux contribuent \u00e0 limiter l\u2019impact environnemental en limitant les nettoyages (eaux, produits chimiques etc.)<\/p>\n\n\n\n<p><strong>\u2026&nbsp;et r\u00e9sistants et facile d\u2019entretien<\/strong><br>Parmi les 15 millions de m\u00b2 de fa\u00e7ade pos\u00e9s et les 3 millions d\u2019unit\u00e9s sanitaires install\u00e9es, certains sont en place depuis plus de 40 ans. Nos mat\u00e9riaux sont p\u00e9rennes et durables par nature, limitant ainsi les renouvellements. De plus, il ne n\u00e9cessite que peu d\u2019entretien, nos mat\u00e9riaux contribuent \u00e0 limiter l\u2019impact environnemental en r\u00e9duisant les nettoyages (eaux, produits chimiques etc.)<\/p>\n\n\n\n<h3 class=\"wp-block-heading\">Recyclage de nos mat\u00e9riaux<\/h3>\n\n\n\n<p><strong>Des mat\u00e9riaux r\u00e9cup\u00e9rables<\/strong><strong>\u2026<\/strong><br>Les d\u00e9chets de process \u00e9mis lors de la production sont r\u00e9cup\u00e9r\u00e9s dans nos usines afin des les r\u00e9utiliser pour de nouvelles production.<br>De plus, en cas de d\u00e9pose ou de d\u00e9molition, nos mat\u00e9riaux peuvent \u00eatre r\u00e9cup\u00e9r\u00e9s par les collectivit\u00e9s locales afin d\u2019en faire du remblais routier par exemple.<\/p>\n\n\n\n<p><strong>\u2026 R\u00e9utilisables\u2026<\/strong><br>Nos \u00e9quipes du bureau d\u2019\u00e9tudes ont \u00e9labor\u00e9s de nouveau process permettant une r\u00e9cup\u00e9ration et un recyclage complet par nos soins de nos produits apr\u00e8s d\u00e9pose ou d\u00e9molition. Les produits une fois r\u00e9cup\u00e9r\u00e9s pourront \u00eatre r\u00e9employ\u00e9s apr\u00e8s essai et nettoyage.<\/p>\n\n\n\n<p><strong>\u2026 Et plus<\/strong><br>Nos produits de fa\u00e7ades et sanitaires font l\u2019objet de Fiches de d\u00e9claration environnementale et sanitaire (FDES), t\u00e9l\u00e9chargeables sur nos sites ou&nbsp;<a href=\"https:\/\/www.base-inies.fr\/iniesV4\/dist\/consultation.html\">sur la base INIES<\/a>, qui analysent le d\u00e9gagement de CO<sub>2<\/sub> de nos produits tout au long de leur cycle de vie.<\/p>\n\n\n\n<p><strong>Vous avez un chantier en CAREA \u00e0 recycler ?&nbsp;<\/strong><\/p>\n\n\n\n<div class=\"wp-block-buttons is-layout-flex wp-block-buttons-is-layout-flex\">\n<div class=\"wp-block-button\"><a class=\"wp-block-button__link wp-element-button\" href=\"https:\/\/carea-facade.com\/fr\/contact\/\">Contactez-nous<\/a><\/div>\n<\/div>\n<\/div>\n<\/div>\n","protected":false},"excerpt":{"rendered":"<p>De la fabrication au recyclage\u2026 En mat\u00e9riau \u00e9co-responsable Nos processus de fabrication Mat\u00e9riau exclusif Mineral Composite g\u00e9o-sourc\u00e9 en France90% de la composition de nos mat\u00e9riaux proviennent de charges min\u00e9rales naturelles d\u2019extraction locale (dans les Pays de la Loire, \u00e0 proximit\u00e9 de nos usines).&nbsp; Le liant employ\u00e9 est constitu\u00e9 \u00e0 10% de composants recycl\u00e9s. Verticalit\u00e9 du [&hellip;]<\/p>\n","protected":false},"author":3,"featured_media":0,"parent":282,"menu_order":2,"comment_status":"closed","ping_status":"closed","template":"","meta":{"_acf_changed":false,"footnotes":""},"class_list":["post-7048","page","type-page","status-publish","hentry"],"acf":[],"yoast_head":"<!-- This site is optimized with the Yoast SEO plugin v27.5 - https:\/\/yoast.com\/product\/yoast-seo-wordpress\/ -->\n<title>Fa\u00e7ade Mineral Composite - Mat\u00e9riau \u00e9co-responsable France<\/title>\n<meta name=\"description\" content=\"CAREA FACADE - Mat\u00e9riau exclusif Mineral Composite g\u00e9o-sourc\u00e9. Produits sont 100% fabriqu\u00e9s en France et des mat\u00e9riaux r\u00e9cup\u00e9rables.\" \/>\n<meta name=\"robots\" content=\"index, follow, max-snippet:-1, max-image-preview:large, max-video-preview:-1\" \/>\n<link rel=\"canonical\" href=\"https:\/\/carea-facade.com\/fr\/engagement-environnemental\/de-la-fabrication-au-recyclage\/\" \/>\n<meta property=\"og:locale\" content=\"fr_FR\" \/>\n<meta property=\"og:type\" content=\"article\" \/>\n<meta property=\"og:title\" content=\"Fa\u00e7ade Mineral Composite - Mat\u00e9riau \u00e9co-responsable France\" \/>\n<meta property=\"og:description\" content=\"CAREA FACADE - Mat\u00e9riau exclusif Mineral Composite g\u00e9o-sourc\u00e9. Produits sont 100% fabriqu\u00e9s en France et des mat\u00e9riaux r\u00e9cup\u00e9rables.\" \/>\n<meta property=\"og:url\" content=\"https:\/\/carea-facade.com\/fr\/engagement-environnemental\/de-la-fabrication-au-recyclage\/\" \/>\n<meta property=\"og:site_name\" content=\"Carea facade\" \/>\n<meta property=\"article:modified_time\" content=\"2026-04-01T10:40:12+00:00\" \/>\n<meta property=\"og:image\" content=\"https:\/\/carea-facade.com\/wp-content\/uploads\/2025\/09\/image-24.png\" \/>\n\t<meta property=\"og:image:width\" content=\"800\" \/>\n\t<meta property=\"og:image:height\" content=\"320\" \/>\n\t<meta property=\"og:image:type\" content=\"image\/png\" \/>\n<meta name=\"twitter:card\" content=\"summary_large_image\" \/>\n<meta name=\"twitter:label1\" content=\"Dur\u00e9e de lecture estim\u00e9e\" \/>\n\t<meta name=\"twitter:data1\" content=\"3 minutes\" \/>\n<script type=\"application\/ld+json\" class=\"yoast-schema-graph\">{\"@context\":\"https:\\\/\\\/schema.org\",\"@graph\":[{\"@type\":\"WebPage\",\"@id\":\"https:\\\/\\\/carea-facade.com\\\/fr\\\/engagement-environnemental\\\/de-la-fabrication-au-recyclage\\\/\",\"url\":\"https:\\\/\\\/carea-facade.com\\\/fr\\\/engagement-environnemental\\\/de-la-fabrication-au-recyclage\\\/\",\"name\":\"Fa\u00e7ade Mineral Composite - Mat\u00e9riau \u00e9co-responsable France\",\"isPartOf\":{\"@id\":\"https:\\\/\\\/carea-facade.com\\\/fr\\\/#website\"},\"primaryImageOfPage\":{\"@id\":\"https:\\\/\\\/carea-facade.com\\\/fr\\\/engagement-environnemental\\\/de-la-fabrication-au-recyclage\\\/#primaryimage\"},\"image\":{\"@id\":\"https:\\\/\\\/carea-facade.com\\\/fr\\\/engagement-environnemental\\\/de-la-fabrication-au-recyclage\\\/#primaryimage\"},\"thumbnailUrl\":\"https:\\\/\\\/carea-facade.com\\\/wp-content\\\/uploads\\\/2025\\\/09\\\/image-24.png\",\"datePublished\":\"2025-10-01T15:26:30+00:00\",\"dateModified\":\"2026-04-01T10:40:12+00:00\",\"description\":\"CAREA FACADE - Mat\u00e9riau exclusif Mineral Composite g\u00e9o-sourc\u00e9. Produits sont 100% fabriqu\u00e9s en France et des mat\u00e9riaux r\u00e9cup\u00e9rables.\",\"breadcrumb\":{\"@id\":\"https:\\\/\\\/carea-facade.com\\\/fr\\\/engagement-environnemental\\\/de-la-fabrication-au-recyclage\\\/#breadcrumb\"},\"inLanguage\":\"fr-FR\",\"potentialAction\":[{\"@type\":\"ReadAction\",\"target\":[\"https:\\\/\\\/carea-facade.com\\\/fr\\\/engagement-environnemental\\\/de-la-fabrication-au-recyclage\\\/\"]}]},{\"@type\":\"ImageObject\",\"inLanguage\":\"fr-FR\",\"@id\":\"https:\\\/\\\/carea-facade.com\\\/fr\\\/engagement-environnemental\\\/de-la-fabrication-au-recyclage\\\/#primaryimage\",\"url\":\"https:\\\/\\\/carea-facade.com\\\/wp-content\\\/uploads\\\/2025\\\/09\\\/image-24.png\",\"contentUrl\":\"https:\\\/\\\/carea-facade.com\\\/wp-content\\\/uploads\\\/2025\\\/09\\\/image-24.png\"},{\"@type\":\"BreadcrumbList\",\"@id\":\"https:\\\/\\\/carea-facade.com\\\/fr\\\/engagement-environnemental\\\/de-la-fabrication-au-recyclage\\\/#breadcrumb\",\"itemListElement\":[{\"@type\":\"ListItem\",\"position\":1,\"name\":\"Accueil\",\"item\":\"https:\\\/\\\/carea-facade.com\\\/fr\\\/home\\\/\"},{\"@type\":\"ListItem\",\"position\":2,\"name\":\"Engagement environnemental\",\"item\":\"https:\\\/\\\/carea-facade.com\\\/fr\\\/engagement-environnemental\\\/\"},{\"@type\":\"ListItem\",\"position\":3,\"name\":\"De la fabrication au recyclage\u2026\"}]},{\"@type\":\"WebSite\",\"@id\":\"https:\\\/\\\/carea-facade.com\\\/fr\\\/#website\",\"url\":\"https:\\\/\\\/carea-facade.com\\\/fr\\\/\",\"name\":\"Carea facade\",\"description\":\"\",\"publisher\":{\"@id\":\"https:\\\/\\\/carea-facade.com\\\/fr\\\/#organization\"},\"potentialAction\":[{\"@type\":\"SearchAction\",\"target\":{\"@type\":\"EntryPoint\",\"urlTemplate\":\"https:\\\/\\\/carea-facade.com\\\/fr\\\/?s={search_term_string}\"},\"query-input\":{\"@type\":\"PropertyValueSpecification\",\"valueRequired\":true,\"valueName\":\"search_term_string\"}}],\"inLanguage\":\"fr-FR\"},{\"@type\":\"Organization\",\"@id\":\"https:\\\/\\\/carea-facade.com\\\/fr\\\/#organization\",\"name\":\"Carea facade\",\"url\":\"https:\\\/\\\/carea-facade.com\\\/fr\\\/\",\"logo\":{\"@type\":\"ImageObject\",\"inLanguage\":\"fr-FR\",\"@id\":\"https:\\\/\\\/carea-facade.com\\\/fr\\\/#\\\/schema\\\/logo\\\/image\\\/\",\"url\":\"https:\\\/\\\/carea-facade.com\\\/wp-content\\\/uploads\\\/2025\\\/10\\\/logo-carea.svg\",\"contentUrl\":\"https:\\\/\\\/carea-facade.com\\\/wp-content\\\/uploads\\\/2025\\\/10\\\/logo-carea.svg\",\"width\":131,\"height\":95,\"caption\":\"Carea facade\"},\"image\":{\"@id\":\"https:\\\/\\\/carea-facade.com\\\/fr\\\/#\\\/schema\\\/logo\\\/image\\\/\"}}]}<\/script>\n<!-- \/ Yoast SEO plugin. -->","yoast_head_json":{"title":"Fa\u00e7ade Mineral Composite - Mat\u00e9riau \u00e9co-responsable France","description":"CAREA FACADE - Mat\u00e9riau exclusif Mineral Composite g\u00e9o-sourc\u00e9. Produits sont 100% fabriqu\u00e9s en France et des mat\u00e9riaux r\u00e9cup\u00e9rables.","robots":{"index":"index","follow":"follow","max-snippet":"max-snippet:-1","max-image-preview":"max-image-preview:large","max-video-preview":"max-video-preview:-1"},"canonical":"https:\/\/carea-facade.com\/fr\/engagement-environnemental\/de-la-fabrication-au-recyclage\/","og_locale":"fr_FR","og_type":"article","og_title":"Fa\u00e7ade Mineral Composite - Mat\u00e9riau \u00e9co-responsable France","og_description":"CAREA FACADE - Mat\u00e9riau exclusif Mineral Composite g\u00e9o-sourc\u00e9. Produits sont 100% fabriqu\u00e9s en France et des mat\u00e9riaux r\u00e9cup\u00e9rables.","og_url":"https:\/\/carea-facade.com\/fr\/engagement-environnemental\/de-la-fabrication-au-recyclage\/","og_site_name":"Carea facade","article_modified_time":"2026-04-01T10:40:12+00:00","og_image":[{"width":800,"height":320,"url":"https:\/\/carea-facade.com\/wp-content\/uploads\/2025\/09\/image-24.png","type":"image\/png"}],"twitter_card":"summary_large_image","twitter_misc":{"Dur\u00e9e de lecture estim\u00e9e":"3 minutes"},"schema":{"@context":"https:\/\/schema.org","@graph":[{"@type":"WebPage","@id":"https:\/\/carea-facade.com\/fr\/engagement-environnemental\/de-la-fabrication-au-recyclage\/","url":"https:\/\/carea-facade.com\/fr\/engagement-environnemental\/de-la-fabrication-au-recyclage\/","name":"Fa\u00e7ade Mineral Composite - Mat\u00e9riau \u00e9co-responsable France","isPartOf":{"@id":"https:\/\/carea-facade.com\/fr\/#website"},"primaryImageOfPage":{"@id":"https:\/\/carea-facade.com\/fr\/engagement-environnemental\/de-la-fabrication-au-recyclage\/#primaryimage"},"image":{"@id":"https:\/\/carea-facade.com\/fr\/engagement-environnemental\/de-la-fabrication-au-recyclage\/#primaryimage"},"thumbnailUrl":"https:\/\/carea-facade.com\/wp-content\/uploads\/2025\/09\/image-24.png","datePublished":"2025-10-01T15:26:30+00:00","dateModified":"2026-04-01T10:40:12+00:00","description":"CAREA FACADE - Mat\u00e9riau exclusif Mineral Composite g\u00e9o-sourc\u00e9. Produits sont 100% fabriqu\u00e9s en France et des mat\u00e9riaux r\u00e9cup\u00e9rables.","breadcrumb":{"@id":"https:\/\/carea-facade.com\/fr\/engagement-environnemental\/de-la-fabrication-au-recyclage\/#breadcrumb"},"inLanguage":"fr-FR","potentialAction":[{"@type":"ReadAction","target":["https:\/\/carea-facade.com\/fr\/engagement-environnemental\/de-la-fabrication-au-recyclage\/"]}]},{"@type":"ImageObject","inLanguage":"fr-FR","@id":"https:\/\/carea-facade.com\/fr\/engagement-environnemental\/de-la-fabrication-au-recyclage\/#primaryimage","url":"https:\/\/carea-facade.com\/wp-content\/uploads\/2025\/09\/image-24.png","contentUrl":"https:\/\/carea-facade.com\/wp-content\/uploads\/2025\/09\/image-24.png"},{"@type":"BreadcrumbList","@id":"https:\/\/carea-facade.com\/fr\/engagement-environnemental\/de-la-fabrication-au-recyclage\/#breadcrumb","itemListElement":[{"@type":"ListItem","position":1,"name":"Accueil","item":"https:\/\/carea-facade.com\/fr\/home\/"},{"@type":"ListItem","position":2,"name":"Engagement environnemental","item":"https:\/\/carea-facade.com\/fr\/engagement-environnemental\/"},{"@type":"ListItem","position":3,"name":"De la fabrication au recyclage\u2026"}]},{"@type":"WebSite","@id":"https:\/\/carea-facade.com\/fr\/#website","url":"https:\/\/carea-facade.com\/fr\/","name":"Carea facade","description":"","publisher":{"@id":"https:\/\/carea-facade.com\/fr\/#organization"},"potentialAction":[{"@type":"SearchAction","target":{"@type":"EntryPoint","urlTemplate":"https:\/\/carea-facade.com\/fr\/?s={search_term_string}"},"query-input":{"@type":"PropertyValueSpecification","valueRequired":true,"valueName":"search_term_string"}}],"inLanguage":"fr-FR"},{"@type":"Organization","@id":"https:\/\/carea-facade.com\/fr\/#organization","name":"Carea facade","url":"https:\/\/carea-facade.com\/fr\/","logo":{"@type":"ImageObject","inLanguage":"fr-FR","@id":"https:\/\/carea-facade.com\/fr\/#\/schema\/logo\/image\/","url":"https:\/\/carea-facade.com\/wp-content\/uploads\/2025\/10\/logo-carea.svg","contentUrl":"https:\/\/carea-facade.com\/wp-content\/uploads\/2025\/10\/logo-carea.svg","width":131,"height":95,"caption":"Carea facade"},"image":{"@id":"https:\/\/carea-facade.com\/fr\/#\/schema\/logo\/image\/"}}]}},"_links":{"self":[{"href":"https:\/\/carea-facade.com\/fr\/wp-json\/wp\/v2\/pages\/7048","targetHints":{"allow":["GET"]}}],"collection":[{"href":"https:\/\/carea-facade.com\/fr\/wp-json\/wp\/v2\/pages"}],"about":[{"href":"https:\/\/carea-facade.com\/fr\/wp-json\/wp\/v2\/types\/page"}],"author":[{"embeddable":true,"href":"https:\/\/carea-facade.com\/fr\/wp-json\/wp\/v2\/users\/3"}],"replies":[{"embeddable":true,"href":"https:\/\/carea-facade.com\/fr\/wp-json\/wp\/v2\/comments?post=7048"}],"version-history":[{"count":21,"href":"https:\/\/carea-facade.com\/fr\/wp-json\/wp\/v2\/pages\/7048\/revisions"}],"predecessor-version":[{"id":23656,"href":"https:\/\/carea-facade.com\/fr\/wp-json\/wp\/v2\/pages\/7048\/revisions\/23656"}],"up":[{"embeddable":true,"href":"https:\/\/carea-facade.com\/fr\/wp-json\/wp\/v2\/pages\/282"}],"wp:attachment":[{"href":"https:\/\/carea-facade.com\/fr\/wp-json\/wp\/v2\/media?parent=7048"}],"curies":[{"name":"wp","href":"https:\/\/api.w.org\/{rel}","templated":true}]}}