{"id":7050,"date":"2025-10-01T17:27:36","date_gmt":"2025-10-01T15:27:36","guid":{"rendered":"https:\/\/carea-facade.com\/?page_id=7050"},"modified":"2026-04-01T12:40:22","modified_gmt":"2026-04-01T10:40:22","slug":"le-reemploi-de-nos-produits","status":"publish","type":"page","link":"https:\/\/carea-facade.com\/fr\/engagement-environnemental\/le-reemploi-de-nos-produits\/","title":{"rendered":"Le r\u00e9emploi de nos produits"},"content":{"rendered":"\n<div class=\"wp-block-group has-global-padding is-layout-constrained wp-container-core-group-is-layout-3bb13389 wp-block-group-is-layout-constrained\" style=\"padding-top:var(--wp--preset--spacing--theme-default);padding-right:var(--wp--preset--spacing--theme-xs);padding-bottom:var(--wp--preset--spacing--theme-default);padding-left:var(--wp--preset--spacing--theme-xs)\">\n<div class=\"wp-block-group content-content-group is-vertical is-layout-flex wp-container-core-group-is-layout-d309df8e wp-block-group-is-layout-flex\">\n<h1 class=\"wp-block-heading has-text-align-left has-black-color has-text-color\" style=\"margin-bottom:40px;font-style:normal;font-weight:500;text-transform:uppercase\">R\u00e9emploi de nos mat\u00e9riaux de fa\u00e7ade : durabilit\u00e9 et \u00e9co-responsabilit\u00e9<\/h1>\n\n\n\n<h2 class=\"wp-block-heading\">Donnez une nouvelle vie \u00e0 vos parements CAREA<sup>\u00ae<\/sup><\/h2>\n\n\n\n<p>Bien plus qu\u2019un simple fabricant de mat\u00e9riaux de fa\u00e7ade, CAREA<sup>\u00ae<\/sup> s\u2019engage en faveur de la durabilit\u00e9 et de l\u2019\u00e9co-responsabilit\u00e9. Nous sommes fiers de vous pr\u00e9senter notre initiative de r\u00e9emploi de nos produits, sp\u00e9cialement con\u00e7ue pour satisfaire les besoins des architectes et des ma\u00eetres d\u2019ouvrage soucieux de r\u00e9duire leur empreinte environnementale tout en maintenant des normes de qualit\u00e9 \u00e9lev\u00e9es.<\/p>\n\n\n\n<h3 class=\"wp-block-heading\">Les avantages du r\u00e9emploi CAREA<sup>\u00ae<\/sup><\/h3>\n\n\n\n<h4 class=\"wp-block-heading\">1. R\u00e9utilisables<\/h4>\n\n\n\n<p>Chez CAREA, nous d\u00e9veloppons actuellement un processus innovant permettant de r\u00e9cup\u00e9rer et de r\u00e9employer int\u00e9gralement nos produits une fois qu\u2019ils ont atteint la fin de leur vie sur un chantier. Cela signifie que vos panneaux CAREA ne sont pas destin\u00e9s \u00e0 \u00eatre jet\u00e9s apr\u00e8s utilisation, mais peuvent \u00eatre remis \u00e0 neuf pour une seconde vie, sur le m\u00eame chantier ou sur un autre b\u00e2timent. Cela concerne toutes nos gammes de parements rainur\u00e9s (Ardal, Acantha, Armada) et \u00e0 inserts (Artema).<\/p>\n\n\n\n<h4 class=\"wp-block-heading\">2. D\u00e9construction \/ D\u00e9montage<\/h4>\n\n\n\n<p>Notre \u00e9quipe experte assure un accompagnement au d\u00e9montage, du haut vers le bas. Nous travaillons en \u00e9troite collaboration avec vos \u00e9quipes sur place pour les former aux techniques de d\u00e9montage soign\u00e9, de manipulation et de reconditionnement sur chevalet, garantissant ainsi un processus fluide.<\/p>\n\n\n\n<p><strong>Mode op\u00e9ratoire de reprise des produits CAREA<sup>\u00ae<\/sup> :<\/strong><\/p>\n\n\n\n<ul class=\"wp-block-list\">\n<li>Tous les produits sont soumis \u00e0 des tests rigoureux conform\u00e9ment \u00e0 la r\u00e9glementation, garantissant qu\u2019ils r\u00e9pondent toujours aux exigences de performance, de s\u00e9curit\u00e9 et de durabilit\u00e9, tout comme \u00e0 l\u2019origine.<br><\/li>\n\n\n\n<li>En fonction des r\u00e9sultats des tests, les produits sont r\u00e9orient\u00e9s soit pour \u00eatre r\u00e9employ\u00e9s (sur le m\u00eame b\u00e2timent ou sur d\u2019autres chantiers), soit pour \u00eatre recycl\u00e9s dans notre cycle de production.<\/li>\n<\/ul>\n\n\n\n<p>Ce mode op\u00e9ratoire est actuellement en cours d\u2019\u00e9valuation dans le cadre d\u2019une ATEx visant les produits de r\u00e9emploi.<\/p>\n\n\n\n<p>Nous proposons \u00e9galement un service complet de mise \u00e0 disposition des moyens de conditionnement, de palettisation, d\u2019emballage et de protection. Nous nous chargeons de l\u2019enl\u00e8vement des produits sur le chantier pour leur retour dans notre usine, et le co\u00fbt de cette prestation est \u00e9valu\u00e9 au cas par cas, en fonction de vos besoins sp\u00e9cifiques.<\/p>\n\n\n\n<figure class=\"wp-block-image size-large\"><img loading=\"lazy\" decoding=\"async\" width=\"1024\" height=\"684\" src=\"https:\/\/carea-facade.com\/wp-content\/uploads\/2025\/09\/75-Paris-14-10-15-Rue-Didot-cote-impair-ARD-LM-GRA-Res-1993-photo-2016-2-1-1024x684.jpg\" alt=\"75 Paris 14 10 15 Rue Didot cote impair ARD LM GRA Res 1993 photo 2016 2 1 scaled\" class=\"wp-image-3074\" srcset=\"https:\/\/carea-facade.com\/wp-content\/uploads\/2025\/09\/75-Paris-14-10-15-Rue-Didot-cote-impair-ARD-LM-GRA-Res-1993-photo-2016-2-1-1024x684.jpg 1024w, https:\/\/carea-facade.com\/wp-content\/uploads\/2025\/09\/75-Paris-14-10-15-Rue-Didot-cote-impair-ARD-LM-GRA-Res-1993-photo-2016-2-1-300x200.jpg 300w, https:\/\/carea-facade.com\/wp-content\/uploads\/2025\/09\/75-Paris-14-10-15-Rue-Didot-cote-impair-ARD-LM-GRA-Res-1993-photo-2016-2-1-768x513.jpg 768w, https:\/\/carea-facade.com\/wp-content\/uploads\/2025\/09\/75-Paris-14-10-15-Rue-Didot-cote-impair-ARD-LM-GRA-Res-1993-photo-2016-2-1-1536x1025.jpg 1536w, https:\/\/carea-facade.com\/wp-content\/uploads\/2025\/09\/75-Paris-14-10-15-Rue-Didot-cote-impair-ARD-LM-GRA-Res-1993-photo-2016-2-1-2048x1367.jpg 2048w\" sizes=\"auto, (max-width: 1024px) 100vw, 1024px\" \/><\/figure>\n\n\n\n<h4 class=\"wp-block-heading\">3. R\u00e9emploi des Produits<\/h4>\n\n\n\n<p>L\u2019ATEx en cours d\u2019\u00e9valuation pr\u00e9voit une requalification des produits, notamment par des essais en laboratoire et un nettoyage approfondi des parements.<\/p>\n\n\n\n<p>Apr\u00e8s avoir \u00e9t\u00e9 requalifi\u00e9s avec succ\u00e8s, les produits CAREA<sup>\u00ae<\/sup> r\u00e9cup\u00e9r\u00e9s pourront \u00eatre r\u00e9employ\u00e9s. Ils pourront \u00e9galement, \u00e0 terme, b\u00e9n\u00e9ficier d\u2019une garantie d\u00e9cennale, gage de s\u00e9r\u00e9nit\u00e9 pour les futurs projets. Attention : ce processus de r\u00e9emploi n\u2019est envisageable que si CAREA<sup>\u00ae<\/sup> intervient a minima en&nbsp;<strong>assistance \u00e0 la d\u00e9pose soign\u00e9e de l\u2019int\u00e9gralit\u00e9 du bardage devant \u00eatre soumis au processus de requalification CAREA<\/strong><sup>\u00ae<\/sup>. Les co\u00fbts associ\u00e9s seront d\u00e9finis en fonction de la taille du chantier.<\/p>\n\n\n\n<p><strong>Stockage gratuit<\/strong><\/p>\n\n\n\n<p>Nous offrons \u00e9galement un service de stockage gratuit de vos produits r\u00e9cup\u00e9r\u00e9s pendant les trois premiers mois, en attendant leur r\u00e9utilisation sur un autre chantier. \u00c0 partir du quatri\u00e8me mois, des frais s\u2019appliqueront, veuillez nous consulter pour plus de d\u00e9tails.<\/p>\n\n\n\n<figure class=\"wp-block-embed is-type-video is-provider-youtube wp-block-embed-youtube\"><div class=\"wp-block-embed__wrapper\">\n<iframe loading=\"lazy\" title=\"R\u00e9emploi des parements de fa\u00e7ades - CAREA : Une solution durable et innovante \ud83c\udf31\" width=\"500\" height=\"281\" src=\"https:\/\/www.youtube.com\/embed\/N2WKBOdRbUw?feature=oembed&#038;enablejsapi=1&#038;origin=https:\/\/carea-facade.com\" frameborder=\"0\" allow=\"accelerometer; autoplay; clipboard-write; encrypted-media; gyroscope; picture-in-picture; web-share\" referrerpolicy=\"strict-origin-when-cross-origin\" allowfullscreen><\/iframe>\n<\/div><\/figure>\n\n\n\n<h4 class=\"wp-block-heading\">4. Recyclage<\/h4>\n\n\n\n<p>Pour les parements restants qui ne peuvent pas \u00eatre r\u00e9employ\u00e9s, CAREA suit sa proc\u00e9dure habituelle de recyclage, garantissant ainsi une approche respectueuse de l\u2019environnement et une r\u00e9duction des d\u00e9chets de construction.<\/p>\n\n\n\n<figure class=\"wp-block-image size-full\"><img loading=\"lazy\" decoding=\"async\" width=\"676\" height=\"543\" src=\"https:\/\/carea-facade.com\/wp-content\/uploads\/2025\/09\/Recyclage.jpg\" alt=\"Recyclage\" class=\"wp-image-2064\" srcset=\"https:\/\/carea-facade.com\/wp-content\/uploads\/2025\/09\/Recyclage.jpg 676w, https:\/\/carea-facade.com\/wp-content\/uploads\/2025\/09\/Recyclage-300x241.jpg 300w\" sizes=\"auto, (max-width: 676px) 100vw, 676px\" \/><\/figure>\n\n\n\n<h3 class=\"wp-block-heading\">Faites un pas vers la durabilit\u00e9 avec CAREA<\/h3>\n\n\n\n<p>Optez pour la durabilit\u00e9, la qualit\u00e9 et la responsabilit\u00e9 environnementale avec les solutions de reconditionnement de CAREA. Contactez-nous pour discuter de la mise en \u0153uvre de cette initiative sur vos projets de construction et contribuez ainsi \u00e0 un avenir plus durable et \u00e9co-responsable.<\/p>\n\n\n\n<p>Pour plus d\u2019informations sur notre service de reconditionnement ou pour obtenir une \u00e9valuation personnalis\u00e9e pour votre chantier, n\u2019h\u00e9sitez pas \u00e0 nous contacter d\u00e8s aujourd\u2019hui.<\/p>\n\n\n\n<p><strong>Vous avez un chantier en CAREA \u00e0 recycler ?&nbsp;<\/strong><\/p>\n\n\n\n<div class=\"wp-block-buttons is-layout-flex wp-block-buttons-is-layout-flex\">\n<div class=\"wp-block-button\"><a class=\"wp-block-button__link wp-element-button\" href=\"https:\/\/carea-facade.com\/fr\/contact\/\">Contactez-nous<\/a><\/div>\n<\/div>\n<\/div>\n<\/div>\n","protected":false},"excerpt":{"rendered":"<p>R\u00e9emploi de nos mat\u00e9riaux de fa\u00e7ade : durabilit\u00e9 et \u00e9co-responsabilit\u00e9 Donnez une nouvelle vie \u00e0 vos parements CAREA\u00ae Bien plus qu\u2019un simple fabricant de mat\u00e9riaux de fa\u00e7ade, CAREA\u00ae s\u2019engage en faveur de la durabilit\u00e9 et de l\u2019\u00e9co-responsabilit\u00e9. Nous sommes fiers de vous pr\u00e9senter notre initiative de r\u00e9emploi de nos produits, sp\u00e9cialement con\u00e7ue pour satisfaire les [&hellip;]<\/p>\n","protected":false},"author":3,"featured_media":0,"parent":282,"menu_order":3,"comment_status":"closed","ping_status":"closed","template":"","meta":{"_acf_changed":false,"footnotes":""},"class_list":["post-7050","page","type-page","status-publish","hentry"],"acf":[],"yoast_head":"<!-- This site is optimized with the Yoast SEO plugin v27.5 - https:\/\/yoast.com\/product\/yoast-seo-wordpress\/ -->\n<title>Mat\u00e9riaux construction Parement de fa\u00e7ade : durable, \u00e9co-responsable<\/title>\n<meta name=\"description\" content=\"CAREA FACADE - Une nouvelle vie \u00e0 vos parements CAREA. R\u00e9emploi de nos mat\u00e9riaux de fa\u00e7ade : durabilit\u00e9 et \u00e9co-responsabilit\u00e9\" \/>\n<meta name=\"robots\" content=\"index, follow, max-snippet:-1, max-image-preview:large, max-video-preview:-1\" \/>\n<link rel=\"canonical\" href=\"https:\/\/carea-facade.com\/fr\/engagement-environnemental\/le-reemploi-de-nos-produits\/\" \/>\n<meta property=\"og:locale\" content=\"fr_FR\" \/>\n<meta property=\"og:type\" content=\"article\" \/>\n<meta property=\"og:title\" content=\"Mat\u00e9riaux construction Parement de fa\u00e7ade : durable, \u00e9co-responsable\" \/>\n<meta property=\"og:description\" content=\"CAREA FACADE - Une nouvelle vie \u00e0 vos parements CAREA. R\u00e9emploi de nos mat\u00e9riaux de fa\u00e7ade : durabilit\u00e9 et \u00e9co-responsabilit\u00e9\" \/>\n<meta property=\"og:url\" content=\"https:\/\/carea-facade.com\/fr\/engagement-environnemental\/le-reemploi-de-nos-produits\/\" \/>\n<meta property=\"og:site_name\" content=\"Carea facade\" \/>\n<meta property=\"article:modified_time\" content=\"2026-04-01T10:40:22+00:00\" \/>\n<meta property=\"og:image\" content=\"https:\/\/carea-facade.com\/wp-content\/uploads\/2025\/09\/75-Paris-14-10-15-Rue-Didot-cote-impair-ARD-LM-GRA-Res-1993-photo-2016-2-1-scaled.jpg\" \/>\n\t<meta property=\"og:image:width\" content=\"2560\" \/>\n\t<meta property=\"og:image:height\" content=\"1709\" \/>\n\t<meta property=\"og:image:type\" content=\"image\/jpeg\" \/>\n<meta name=\"twitter:card\" content=\"summary_large_image\" \/>\n<meta name=\"twitter:label1\" content=\"Dur\u00e9e de lecture estim\u00e9e\" \/>\n\t<meta name=\"twitter:data1\" content=\"4 minutes\" \/>\n<script type=\"application\/ld+json\" class=\"yoast-schema-graph\">{\"@context\":\"https:\\\/\\\/schema.org\",\"@graph\":[{\"@type\":\"WebPage\",\"@id\":\"https:\\\/\\\/carea-facade.com\\\/fr\\\/engagement-environnemental\\\/le-reemploi-de-nos-produits\\\/\",\"url\":\"https:\\\/\\\/carea-facade.com\\\/fr\\\/engagement-environnemental\\\/le-reemploi-de-nos-produits\\\/\",\"name\":\"Mat\u00e9riaux construction Parement de fa\u00e7ade : durable, \u00e9co-responsable\",\"isPartOf\":{\"@id\":\"https:\\\/\\\/carea-facade.com\\\/fr\\\/#website\"},\"primaryImageOfPage\":{\"@id\":\"https:\\\/\\\/carea-facade.com\\\/fr\\\/engagement-environnemental\\\/le-reemploi-de-nos-produits\\\/#primaryimage\"},\"image\":{\"@id\":\"https:\\\/\\\/carea-facade.com\\\/fr\\\/engagement-environnemental\\\/le-reemploi-de-nos-produits\\\/#primaryimage\"},\"thumbnailUrl\":\"https:\\\/\\\/carea-facade.com\\\/wp-content\\\/uploads\\\/2025\\\/09\\\/75-Paris-14-10-15-Rue-Didot-cote-impair-ARD-LM-GRA-Res-1993-photo-2016-2-1-1024x684.jpg\",\"datePublished\":\"2025-10-01T15:27:36+00:00\",\"dateModified\":\"2026-04-01T10:40:22+00:00\",\"description\":\"CAREA FACADE - Une nouvelle vie \u00e0 vos parements CAREA. R\u00e9emploi de nos mat\u00e9riaux de fa\u00e7ade : durabilit\u00e9 et \u00e9co-responsabilit\u00e9\",\"breadcrumb\":{\"@id\":\"https:\\\/\\\/carea-facade.com\\\/fr\\\/engagement-environnemental\\\/le-reemploi-de-nos-produits\\\/#breadcrumb\"},\"inLanguage\":\"fr-FR\",\"potentialAction\":[{\"@type\":\"ReadAction\",\"target\":[\"https:\\\/\\\/carea-facade.com\\\/fr\\\/engagement-environnemental\\\/le-reemploi-de-nos-produits\\\/\"]}]},{\"@type\":\"ImageObject\",\"inLanguage\":\"fr-FR\",\"@id\":\"https:\\\/\\\/carea-facade.com\\\/fr\\\/engagement-environnemental\\\/le-reemploi-de-nos-produits\\\/#primaryimage\",\"url\":\"https:\\\/\\\/carea-facade.com\\\/wp-content\\\/uploads\\\/2025\\\/09\\\/75-Paris-14-10-15-Rue-Didot-cote-impair-ARD-LM-GRA-Res-1993-photo-2016-2-1-1024x684.jpg\",\"contentUrl\":\"https:\\\/\\\/carea-facade.com\\\/wp-content\\\/uploads\\\/2025\\\/09\\\/75-Paris-14-10-15-Rue-Didot-cote-impair-ARD-LM-GRA-Res-1993-photo-2016-2-1-1024x684.jpg\"},{\"@type\":\"BreadcrumbList\",\"@id\":\"https:\\\/\\\/carea-facade.com\\\/fr\\\/engagement-environnemental\\\/le-reemploi-de-nos-produits\\\/#breadcrumb\",\"itemListElement\":[{\"@type\":\"ListItem\",\"position\":1,\"name\":\"Accueil\",\"item\":\"https:\\\/\\\/carea-facade.com\\\/fr\\\/home\\\/\"},{\"@type\":\"ListItem\",\"position\":2,\"name\":\"Engagement environnemental\",\"item\":\"https:\\\/\\\/carea-facade.com\\\/fr\\\/engagement-environnemental\\\/\"},{\"@type\":\"ListItem\",\"position\":3,\"name\":\"Le r\u00e9emploi de nos produits\"}]},{\"@type\":\"WebSite\",\"@id\":\"https:\\\/\\\/carea-facade.com\\\/fr\\\/#website\",\"url\":\"https:\\\/\\\/carea-facade.com\\\/fr\\\/\",\"name\":\"Carea facade\",\"description\":\"\",\"publisher\":{\"@id\":\"https:\\\/\\\/carea-facade.com\\\/fr\\\/#organization\"},\"potentialAction\":[{\"@type\":\"SearchAction\",\"target\":{\"@type\":\"EntryPoint\",\"urlTemplate\":\"https:\\\/\\\/carea-facade.com\\\/fr\\\/?s={search_term_string}\"},\"query-input\":{\"@type\":\"PropertyValueSpecification\",\"valueRequired\":true,\"valueName\":\"search_term_string\"}}],\"inLanguage\":\"fr-FR\"},{\"@type\":\"Organization\",\"@id\":\"https:\\\/\\\/carea-facade.com\\\/fr\\\/#organization\",\"name\":\"Carea facade\",\"url\":\"https:\\\/\\\/carea-facade.com\\\/fr\\\/\",\"logo\":{\"@type\":\"ImageObject\",\"inLanguage\":\"fr-FR\",\"@id\":\"https:\\\/\\\/carea-facade.com\\\/fr\\\/#\\\/schema\\\/logo\\\/image\\\/\",\"url\":\"https:\\\/\\\/carea-facade.com\\\/wp-content\\\/uploads\\\/2025\\\/10\\\/logo-carea.svg\",\"contentUrl\":\"https:\\\/\\\/carea-facade.com\\\/wp-content\\\/uploads\\\/2025\\\/10\\\/logo-carea.svg\",\"width\":131,\"height\":95,\"caption\":\"Carea facade\"},\"image\":{\"@id\":\"https:\\\/\\\/carea-facade.com\\\/fr\\\/#\\\/schema\\\/logo\\\/image\\\/\"}}]}<\/script>\n<!-- \/ Yoast SEO plugin. -->","yoast_head_json":{"title":"Mat\u00e9riaux construction Parement de fa\u00e7ade : durable, \u00e9co-responsable","description":"CAREA FACADE - Une nouvelle vie \u00e0 vos parements CAREA. R\u00e9emploi de nos mat\u00e9riaux de fa\u00e7ade : durabilit\u00e9 et \u00e9co-responsabilit\u00e9","robots":{"index":"index","follow":"follow","max-snippet":"max-snippet:-1","max-image-preview":"max-image-preview:large","max-video-preview":"max-video-preview:-1"},"canonical":"https:\/\/carea-facade.com\/fr\/engagement-environnemental\/le-reemploi-de-nos-produits\/","og_locale":"fr_FR","og_type":"article","og_title":"Mat\u00e9riaux construction Parement de fa\u00e7ade : durable, \u00e9co-responsable","og_description":"CAREA FACADE - Une nouvelle vie \u00e0 vos parements CAREA. R\u00e9emploi de nos mat\u00e9riaux de fa\u00e7ade : durabilit\u00e9 et \u00e9co-responsabilit\u00e9","og_url":"https:\/\/carea-facade.com\/fr\/engagement-environnemental\/le-reemploi-de-nos-produits\/","og_site_name":"Carea facade","article_modified_time":"2026-04-01T10:40:22+00:00","og_image":[{"width":2560,"height":1709,"url":"https:\/\/carea-facade.com\/wp-content\/uploads\/2025\/09\/75-Paris-14-10-15-Rue-Didot-cote-impair-ARD-LM-GRA-Res-1993-photo-2016-2-1-scaled.jpg","type":"image\/jpeg"}],"twitter_card":"summary_large_image","twitter_misc":{"Dur\u00e9e de lecture estim\u00e9e":"4 minutes"},"schema":{"@context":"https:\/\/schema.org","@graph":[{"@type":"WebPage","@id":"https:\/\/carea-facade.com\/fr\/engagement-environnemental\/le-reemploi-de-nos-produits\/","url":"https:\/\/carea-facade.com\/fr\/engagement-environnemental\/le-reemploi-de-nos-produits\/","name":"Mat\u00e9riaux construction Parement de fa\u00e7ade : durable, \u00e9co-responsable","isPartOf":{"@id":"https:\/\/carea-facade.com\/fr\/#website"},"primaryImageOfPage":{"@id":"https:\/\/carea-facade.com\/fr\/engagement-environnemental\/le-reemploi-de-nos-produits\/#primaryimage"},"image":{"@id":"https:\/\/carea-facade.com\/fr\/engagement-environnemental\/le-reemploi-de-nos-produits\/#primaryimage"},"thumbnailUrl":"https:\/\/carea-facade.com\/wp-content\/uploads\/2025\/09\/75-Paris-14-10-15-Rue-Didot-cote-impair-ARD-LM-GRA-Res-1993-photo-2016-2-1-1024x684.jpg","datePublished":"2025-10-01T15:27:36+00:00","dateModified":"2026-04-01T10:40:22+00:00","description":"CAREA FACADE - Une nouvelle vie \u00e0 vos parements CAREA. R\u00e9emploi de nos mat\u00e9riaux de fa\u00e7ade : durabilit\u00e9 et \u00e9co-responsabilit\u00e9","breadcrumb":{"@id":"https:\/\/carea-facade.com\/fr\/engagement-environnemental\/le-reemploi-de-nos-produits\/#breadcrumb"},"inLanguage":"fr-FR","potentialAction":[{"@type":"ReadAction","target":["https:\/\/carea-facade.com\/fr\/engagement-environnemental\/le-reemploi-de-nos-produits\/"]}]},{"@type":"ImageObject","inLanguage":"fr-FR","@id":"https:\/\/carea-facade.com\/fr\/engagement-environnemental\/le-reemploi-de-nos-produits\/#primaryimage","url":"https:\/\/carea-facade.com\/wp-content\/uploads\/2025\/09\/75-Paris-14-10-15-Rue-Didot-cote-impair-ARD-LM-GRA-Res-1993-photo-2016-2-1-1024x684.jpg","contentUrl":"https:\/\/carea-facade.com\/wp-content\/uploads\/2025\/09\/75-Paris-14-10-15-Rue-Didot-cote-impair-ARD-LM-GRA-Res-1993-photo-2016-2-1-1024x684.jpg"},{"@type":"BreadcrumbList","@id":"https:\/\/carea-facade.com\/fr\/engagement-environnemental\/le-reemploi-de-nos-produits\/#breadcrumb","itemListElement":[{"@type":"ListItem","position":1,"name":"Accueil","item":"https:\/\/carea-facade.com\/fr\/home\/"},{"@type":"ListItem","position":2,"name":"Engagement environnemental","item":"https:\/\/carea-facade.com\/fr\/engagement-environnemental\/"},{"@type":"ListItem","position":3,"name":"Le r\u00e9emploi de nos produits"}]},{"@type":"WebSite","@id":"https:\/\/carea-facade.com\/fr\/#website","url":"https:\/\/carea-facade.com\/fr\/","name":"Carea facade","description":"","publisher":{"@id":"https:\/\/carea-facade.com\/fr\/#organization"},"potentialAction":[{"@type":"SearchAction","target":{"@type":"EntryPoint","urlTemplate":"https:\/\/carea-facade.com\/fr\/?s={search_term_string}"},"query-input":{"@type":"PropertyValueSpecification","valueRequired":true,"valueName":"search_term_string"}}],"inLanguage":"fr-FR"},{"@type":"Organization","@id":"https:\/\/carea-facade.com\/fr\/#organization","name":"Carea facade","url":"https:\/\/carea-facade.com\/fr\/","logo":{"@type":"ImageObject","inLanguage":"fr-FR","@id":"https:\/\/carea-facade.com\/fr\/#\/schema\/logo\/image\/","url":"https:\/\/carea-facade.com\/wp-content\/uploads\/2025\/10\/logo-carea.svg","contentUrl":"https:\/\/carea-facade.com\/wp-content\/uploads\/2025\/10\/logo-carea.svg","width":131,"height":95,"caption":"Carea facade"},"image":{"@id":"https:\/\/carea-facade.com\/fr\/#\/schema\/logo\/image\/"}}]}},"_links":{"self":[{"href":"https:\/\/carea-facade.com\/fr\/wp-json\/wp\/v2\/pages\/7050","targetHints":{"allow":["GET"]}}],"collection":[{"href":"https:\/\/carea-facade.com\/fr\/wp-json\/wp\/v2\/pages"}],"about":[{"href":"https:\/\/carea-facade.com\/fr\/wp-json\/wp\/v2\/types\/page"}],"author":[{"embeddable":true,"href":"https:\/\/carea-facade.com\/fr\/wp-json\/wp\/v2\/users\/3"}],"replies":[{"embeddable":true,"href":"https:\/\/carea-facade.com\/fr\/wp-json\/wp\/v2\/comments?post=7050"}],"version-history":[{"count":26,"href":"https:\/\/carea-facade.com\/fr\/wp-json\/wp\/v2\/pages\/7050\/revisions"}],"predecessor-version":[{"id":23666,"href":"https:\/\/carea-facade.com\/fr\/wp-json\/wp\/v2\/pages\/7050\/revisions\/23666"}],"up":[{"embeddable":true,"href":"https:\/\/carea-facade.com\/fr\/wp-json\/wp\/v2\/pages\/282"}],"wp:attachment":[{"href":"https:\/\/carea-facade.com\/fr\/wp-json\/wp\/v2\/media?parent=7050"}],"curies":[{"name":"wp","href":"https:\/\/api.w.org\/{rel}","templated":true}]}}