{"id":7053,"date":"2025-10-01T17:28:35","date_gmt":"2025-10-01T15:28:35","guid":{"rendered":"https:\/\/carea-facade.com\/?page_id=7053"},"modified":"2026-04-01T12:40:27","modified_gmt":"2026-04-01T10:40:27","slug":"sur-isolation-sur-veture-des-solutions-eco-responsables","status":"publish","type":"page","link":"https:\/\/carea-facade.com\/fr\/engagement-environnemental\/sur-isolation-sur-veture-des-solutions-eco-responsables\/","title":{"rendered":"Sur-isolation, sur-v\u00eature : des solutions \u00e9co-responsables"},"content":{"rendered":"\n<div class=\"wp-block-group has-global-padding is-layout-constrained wp-container-core-group-is-layout-3bb13389 wp-block-group-is-layout-constrained\" style=\"padding-top:var(--wp--preset--spacing--theme-default);padding-right:var(--wp--preset--spacing--theme-xs);padding-bottom:var(--wp--preset--spacing--theme-default);padding-left:var(--wp--preset--spacing--theme-xs)\">\n<div class=\"wp-block-group content-content-group is-vertical is-layout-flex wp-container-core-group-is-layout-d309df8e wp-block-group-is-layout-flex\">\n<h1 class=\"wp-block-heading has-text-align-left has-black-color has-text-color\" style=\"margin-bottom:40px;font-style:normal;font-weight:500;text-transform:uppercase\">Ma\u00eetrise d\u2019ouvrage &amp; r\u00e9novation durable<\/h1>\n\n\n\n<h4 class=\"wp-block-heading\">Pourquoi choisir notre solution ?<\/h4>\n\n\n\n<ul class=\"wp-block-list\">\n<li>P\u00e9renniser votre investissement<\/li>\n\n\n\n<li>R\u00e9duire l\u2019empreinte carbone des b\u00e2timents<\/li>\n\n\n\n<li>Diminuer les consommations \u00e9nerg\u00e9tiques<\/li>\n\n\n\n<li>Raccourcir la dur\u00e9e du chantier en \u00e9vitant la d\u00e9pose et ses nuisances<\/li>\n\n\n\n<li>S\u2019engager dans un processus vertueux et \u00e9conomique<\/li>\n<\/ul>\n\n\n\n<figure class=\"wp-block-embed is-type-video is-provider-youtube wp-block-embed-youtube\"><div class=\"wp-block-embed__wrapper\">\n<iframe loading=\"lazy\" title=\"Sur-isolation des fa\u00e7ades - CAREA : La solution performante pour un b\u00e2timent durable \ud83c\udfe2\ud83c\udf0d\" width=\"500\" height=\"281\" src=\"https:\/\/www.youtube.com\/embed\/uxBsyNdz7Ug?feature=oembed&#038;enablejsapi=1&#038;origin=https:\/\/carea-facade.com\" frameborder=\"0\" allow=\"accelerometer; autoplay; clipboard-write; encrypted-media; gyroscope; picture-in-picture; web-share\" referrerpolicy=\"strict-origin-when-cross-origin\" allowfullscreen><\/iframe>\n<\/div><\/figure>\n\n\n\n<h4 class=\"wp-block-heading\">Le principe de la pose en sur-isolation ou sur-v\u00eature<\/h4>\n\n\n\n<ul class=\"wp-block-list\">\n<li>Bardage Sans Ossature (BSO) pour r\u00e9novation<\/li>\n\n\n\n<li>Mise en \u0153uvre sur enduit existant ou pr\u00e9c\u00e9dente v\u00eature<\/li>\n\n\n\n<li>Fixation traversant l\u2019enduit ou la v\u00eature existante pour se fixer dans le support attenant<\/li>\n<\/ul>\n\n\n\n<figure class=\"wp-block-image size-full\"><img loading=\"lazy\" decoding=\"async\" width=\"637\" height=\"400\" src=\"https:\/\/carea-facade.com\/wp-content\/uploads\/2025\/09\/bso-pose-surisolation.jpg\" alt=\"bso pose surisolation\" class=\"wp-image-2111\" srcset=\"https:\/\/carea-facade.com\/wp-content\/uploads\/2025\/09\/bso-pose-surisolation.jpg 637w, https:\/\/carea-facade.com\/wp-content\/uploads\/2025\/09\/bso-pose-surisolation-300x188.jpg 300w\" sizes=\"auto, (max-width: 637px) 100vw, 637px\" \/><\/figure>\n\n\n\n<h4 class=\"wp-block-heading\">Avantages \u00e9cologiques<\/h4>\n\n\n\n<ul class=\"wp-block-list\">\n<li>R\u00e9duction de l\u2019empreinte carbone<\/li>\n\n\n\n<li>Mat\u00e9riaux recycl\u00e9s sur place<\/li>\n\n\n\n<li>Gestion simplifi\u00e9e des d\u00e9chets sur le chantier<\/li>\n\n\n\n<li>R\u00e9duction des nuisances sonores et des pollutions diverses engendr\u00e9es par la d\u00e9pose<\/li>\n\n\n\n<li>Conservation des propri\u00e9t\u00e9s isolantes de l\u2019ancien syst\u00e8me : b\u00e2timent plus performant<\/li>\n<\/ul>\n\n\n\n<h4 class=\"wp-block-heading\">Avantages \u00e9conomiques<\/h4>\n\n\n\n<ul class=\"wp-block-list\">\n<li><strong>\u00c9conomie de temps et d\u2019argent<\/strong>\n<ul class=\"wp-block-list\">\n<li>Pas de d\u00e9pose + syst\u00e8me Bardage Sans Ossature (BSO) : temps de chantier divis\u00e9 par 16<\/li>\n<\/ul>\n<\/li>\n\n\n\n<li><strong>Pas besoin de d\u00e9poser l\u2019ancienne v\u00eature ou isolant<\/strong>\n<ul class=\"wp-block-list\">\n<li>Investissement pr\u00e9c\u00e9dent en ITE p\u00e9rennis\u00e9<\/li>\n<\/ul>\n<\/li>\n\n\n\n<li><strong>\u00c9vitement des co\u00fbts de recyclage et de gestion des d\u00e9chets<\/strong><\/li>\n<\/ul>\n\n\n\n<h3 class=\"wp-block-heading\">Conclusion<\/h3>\n\n\n\n<ul class=\"wp-block-list\">\n<li>Une solution durable et \u00e9conomique<\/li>\n\n\n\n<li>Optimisation des performances \u00e9nerg\u00e9tiques<\/li>\n\n\n\n<li>Un choix responsable pour l\u2019avenir<\/li>\n<\/ul>\n\n\n\n<p><strong>Vous avez une question ?<\/strong><\/p>\n\n\n\n<div class=\"wp-block-buttons is-layout-flex wp-block-buttons-is-layout-flex\">\n<div class=\"wp-block-button\"><a class=\"wp-block-button__link wp-element-button\" href=\"https:\/\/carea-facade.com\/fr\/contact\/\">Contactez-nous<\/a><\/div>\n<\/div>\n<\/div>\n<\/div>\n","protected":false},"excerpt":{"rendered":"<p>Ma\u00eetrise d\u2019ouvrage &amp; r\u00e9novation durable Pourquoi choisir notre solution ? Le principe de la pose en sur-isolation ou sur-v\u00eature Avantages \u00e9cologiques Avantages \u00e9conomiques Conclusion Vous avez une question ?<\/p>\n","protected":false},"author":3,"featured_media":0,"parent":282,"menu_order":4,"comment_status":"closed","ping_status":"closed","template":"","meta":{"_acf_changed":false,"footnotes":""},"class_list":["post-7053","page","type-page","status-publish","hentry"],"acf":[],"yoast_head":"<!-- This site is optimized with the Yoast SEO plugin v27.5 - https:\/\/yoast.com\/product\/yoast-seo-wordpress\/ -->\n<title>Sur-isolation, sur-v\u00eature : pourquoi choisir Carea Fa\u00e7ade ?<\/title>\n<meta name=\"description\" content=\"CAREA FACADE - Pose en sur-isolation, sur-v\u00eature : des solutions \u00e9co-responsables. Quels sont les Avantages \u00e9cologiques et \u00e9conomiques ?\" \/>\n<meta name=\"robots\" content=\"index, follow, max-snippet:-1, max-image-preview:large, max-video-preview:-1\" \/>\n<link rel=\"canonical\" href=\"https:\/\/carea-facade.com\/fr\/engagement-environnemental\/sur-isolation-sur-veture-des-solutions-eco-responsables\/\" \/>\n<meta property=\"og:locale\" content=\"fr_FR\" \/>\n<meta property=\"og:type\" content=\"article\" \/>\n<meta property=\"og:title\" content=\"Sur-isolation, sur-v\u00eature : pourquoi choisir Carea Fa\u00e7ade ?\" \/>\n<meta property=\"og:description\" content=\"CAREA FACADE - Pose en sur-isolation, sur-v\u00eature : des solutions \u00e9co-responsables. Quels sont les Avantages \u00e9cologiques et \u00e9conomiques ?\" \/>\n<meta property=\"og:url\" content=\"https:\/\/carea-facade.com\/fr\/engagement-environnemental\/sur-isolation-sur-veture-des-solutions-eco-responsables\/\" \/>\n<meta property=\"og:site_name\" content=\"Carea facade\" \/>\n<meta property=\"article:modified_time\" content=\"2026-04-01T10:40:27+00:00\" \/>\n<meta property=\"og:image\" content=\"https:\/\/carea-facade.com\/wp-content\/uploads\/2025\/09\/bso-pose-surisolation.jpg\" \/>\n\t<meta property=\"og:image:width\" content=\"637\" \/>\n\t<meta property=\"og:image:height\" content=\"400\" \/>\n\t<meta property=\"og:image:type\" content=\"image\/jpeg\" \/>\n<meta name=\"twitter:card\" content=\"summary_large_image\" \/>\n<meta name=\"twitter:label1\" content=\"Dur\u00e9e de lecture estim\u00e9e\" \/>\n\t<meta name=\"twitter:data1\" content=\"2 minutes\" \/>\n<script type=\"application\/ld+json\" class=\"yoast-schema-graph\">{\"@context\":\"https:\\\/\\\/schema.org\",\"@graph\":[{\"@type\":\"WebPage\",\"@id\":\"https:\\\/\\\/carea-facade.com\\\/fr\\\/engagement-environnemental\\\/sur-isolation-sur-veture-des-solutions-eco-responsables\\\/\",\"url\":\"https:\\\/\\\/carea-facade.com\\\/fr\\\/engagement-environnemental\\\/sur-isolation-sur-veture-des-solutions-eco-responsables\\\/\",\"name\":\"Sur-isolation, sur-v\u00eature : pourquoi choisir Carea Fa\u00e7ade ?\",\"isPartOf\":{\"@id\":\"https:\\\/\\\/carea-facade.com\\\/fr\\\/#website\"},\"primaryImageOfPage\":{\"@id\":\"https:\\\/\\\/carea-facade.com\\\/fr\\\/engagement-environnemental\\\/sur-isolation-sur-veture-des-solutions-eco-responsables\\\/#primaryimage\"},\"image\":{\"@id\":\"https:\\\/\\\/carea-facade.com\\\/fr\\\/engagement-environnemental\\\/sur-isolation-sur-veture-des-solutions-eco-responsables\\\/#primaryimage\"},\"thumbnailUrl\":\"https:\\\/\\\/carea-facade.com\\\/wp-content\\\/uploads\\\/2025\\\/09\\\/bso-pose-surisolation.jpg\",\"datePublished\":\"2025-10-01T15:28:35+00:00\",\"dateModified\":\"2026-04-01T10:40:27+00:00\",\"description\":\"CAREA FACADE - Pose en sur-isolation, sur-v\u00eature : des solutions \u00e9co-responsables. Quels sont les Avantages \u00e9cologiques et \u00e9conomiques ?\",\"breadcrumb\":{\"@id\":\"https:\\\/\\\/carea-facade.com\\\/fr\\\/engagement-environnemental\\\/sur-isolation-sur-veture-des-solutions-eco-responsables\\\/#breadcrumb\"},\"inLanguage\":\"fr-FR\",\"potentialAction\":[{\"@type\":\"ReadAction\",\"target\":[\"https:\\\/\\\/carea-facade.com\\\/fr\\\/engagement-environnemental\\\/sur-isolation-sur-veture-des-solutions-eco-responsables\\\/\"]}]},{\"@type\":\"ImageObject\",\"inLanguage\":\"fr-FR\",\"@id\":\"https:\\\/\\\/carea-facade.com\\\/fr\\\/engagement-environnemental\\\/sur-isolation-sur-veture-des-solutions-eco-responsables\\\/#primaryimage\",\"url\":\"https:\\\/\\\/carea-facade.com\\\/wp-content\\\/uploads\\\/2025\\\/09\\\/bso-pose-surisolation.jpg\",\"contentUrl\":\"https:\\\/\\\/carea-facade.com\\\/wp-content\\\/uploads\\\/2025\\\/09\\\/bso-pose-surisolation.jpg\"},{\"@type\":\"BreadcrumbList\",\"@id\":\"https:\\\/\\\/carea-facade.com\\\/fr\\\/engagement-environnemental\\\/sur-isolation-sur-veture-des-solutions-eco-responsables\\\/#breadcrumb\",\"itemListElement\":[{\"@type\":\"ListItem\",\"position\":1,\"name\":\"Accueil\",\"item\":\"https:\\\/\\\/carea-facade.com\\\/fr\\\/home\\\/\"},{\"@type\":\"ListItem\",\"position\":2,\"name\":\"Engagement environnemental\",\"item\":\"https:\\\/\\\/carea-facade.com\\\/fr\\\/engagement-environnemental\\\/\"},{\"@type\":\"ListItem\",\"position\":3,\"name\":\"Sur-isolation, sur-v\u00eature : des solutions \u00e9co-responsables\"}]},{\"@type\":\"WebSite\",\"@id\":\"https:\\\/\\\/carea-facade.com\\\/fr\\\/#website\",\"url\":\"https:\\\/\\\/carea-facade.com\\\/fr\\\/\",\"name\":\"Carea facade\",\"description\":\"\",\"publisher\":{\"@id\":\"https:\\\/\\\/carea-facade.com\\\/fr\\\/#organization\"},\"potentialAction\":[{\"@type\":\"SearchAction\",\"target\":{\"@type\":\"EntryPoint\",\"urlTemplate\":\"https:\\\/\\\/carea-facade.com\\\/fr\\\/?s={search_term_string}\"},\"query-input\":{\"@type\":\"PropertyValueSpecification\",\"valueRequired\":true,\"valueName\":\"search_term_string\"}}],\"inLanguage\":\"fr-FR\"},{\"@type\":\"Organization\",\"@id\":\"https:\\\/\\\/carea-facade.com\\\/fr\\\/#organization\",\"name\":\"Carea facade\",\"url\":\"https:\\\/\\\/carea-facade.com\\\/fr\\\/\",\"logo\":{\"@type\":\"ImageObject\",\"inLanguage\":\"fr-FR\",\"@id\":\"https:\\\/\\\/carea-facade.com\\\/fr\\\/#\\\/schema\\\/logo\\\/image\\\/\",\"url\":\"https:\\\/\\\/carea-facade.com\\\/wp-content\\\/uploads\\\/2025\\\/10\\\/logo-carea.svg\",\"contentUrl\":\"https:\\\/\\\/carea-facade.com\\\/wp-content\\\/uploads\\\/2025\\\/10\\\/logo-carea.svg\",\"width\":131,\"height\":95,\"caption\":\"Carea facade\"},\"image\":{\"@id\":\"https:\\\/\\\/carea-facade.com\\\/fr\\\/#\\\/schema\\\/logo\\\/image\\\/\"}}]}<\/script>\n<!-- \/ Yoast SEO plugin. -->","yoast_head_json":{"title":"Sur-isolation, sur-v\u00eature : pourquoi choisir Carea Fa\u00e7ade ?","description":"CAREA FACADE - Pose en sur-isolation, sur-v\u00eature : des solutions \u00e9co-responsables. Quels sont les Avantages \u00e9cologiques et \u00e9conomiques ?","robots":{"index":"index","follow":"follow","max-snippet":"max-snippet:-1","max-image-preview":"max-image-preview:large","max-video-preview":"max-video-preview:-1"},"canonical":"https:\/\/carea-facade.com\/fr\/engagement-environnemental\/sur-isolation-sur-veture-des-solutions-eco-responsables\/","og_locale":"fr_FR","og_type":"article","og_title":"Sur-isolation, sur-v\u00eature : pourquoi choisir Carea Fa\u00e7ade ?","og_description":"CAREA FACADE - Pose en sur-isolation, sur-v\u00eature : des solutions \u00e9co-responsables. Quels sont les Avantages \u00e9cologiques et \u00e9conomiques ?","og_url":"https:\/\/carea-facade.com\/fr\/engagement-environnemental\/sur-isolation-sur-veture-des-solutions-eco-responsables\/","og_site_name":"Carea facade","article_modified_time":"2026-04-01T10:40:27+00:00","og_image":[{"width":637,"height":400,"url":"https:\/\/carea-facade.com\/wp-content\/uploads\/2025\/09\/bso-pose-surisolation.jpg","type":"image\/jpeg"}],"twitter_card":"summary_large_image","twitter_misc":{"Dur\u00e9e de lecture estim\u00e9e":"2 minutes"},"schema":{"@context":"https:\/\/schema.org","@graph":[{"@type":"WebPage","@id":"https:\/\/carea-facade.com\/fr\/engagement-environnemental\/sur-isolation-sur-veture-des-solutions-eco-responsables\/","url":"https:\/\/carea-facade.com\/fr\/engagement-environnemental\/sur-isolation-sur-veture-des-solutions-eco-responsables\/","name":"Sur-isolation, sur-v\u00eature : pourquoi choisir Carea Fa\u00e7ade ?","isPartOf":{"@id":"https:\/\/carea-facade.com\/fr\/#website"},"primaryImageOfPage":{"@id":"https:\/\/carea-facade.com\/fr\/engagement-environnemental\/sur-isolation-sur-veture-des-solutions-eco-responsables\/#primaryimage"},"image":{"@id":"https:\/\/carea-facade.com\/fr\/engagement-environnemental\/sur-isolation-sur-veture-des-solutions-eco-responsables\/#primaryimage"},"thumbnailUrl":"https:\/\/carea-facade.com\/wp-content\/uploads\/2025\/09\/bso-pose-surisolation.jpg","datePublished":"2025-10-01T15:28:35+00:00","dateModified":"2026-04-01T10:40:27+00:00","description":"CAREA FACADE - Pose en sur-isolation, sur-v\u00eature : des solutions \u00e9co-responsables. Quels sont les Avantages \u00e9cologiques et \u00e9conomiques ?","breadcrumb":{"@id":"https:\/\/carea-facade.com\/fr\/engagement-environnemental\/sur-isolation-sur-veture-des-solutions-eco-responsables\/#breadcrumb"},"inLanguage":"fr-FR","potentialAction":[{"@type":"ReadAction","target":["https:\/\/carea-facade.com\/fr\/engagement-environnemental\/sur-isolation-sur-veture-des-solutions-eco-responsables\/"]}]},{"@type":"ImageObject","inLanguage":"fr-FR","@id":"https:\/\/carea-facade.com\/fr\/engagement-environnemental\/sur-isolation-sur-veture-des-solutions-eco-responsables\/#primaryimage","url":"https:\/\/carea-facade.com\/wp-content\/uploads\/2025\/09\/bso-pose-surisolation.jpg","contentUrl":"https:\/\/carea-facade.com\/wp-content\/uploads\/2025\/09\/bso-pose-surisolation.jpg"},{"@type":"BreadcrumbList","@id":"https:\/\/carea-facade.com\/fr\/engagement-environnemental\/sur-isolation-sur-veture-des-solutions-eco-responsables\/#breadcrumb","itemListElement":[{"@type":"ListItem","position":1,"name":"Accueil","item":"https:\/\/carea-facade.com\/fr\/home\/"},{"@type":"ListItem","position":2,"name":"Engagement environnemental","item":"https:\/\/carea-facade.com\/fr\/engagement-environnemental\/"},{"@type":"ListItem","position":3,"name":"Sur-isolation, sur-v\u00eature : des solutions \u00e9co-responsables"}]},{"@type":"WebSite","@id":"https:\/\/carea-facade.com\/fr\/#website","url":"https:\/\/carea-facade.com\/fr\/","name":"Carea facade","description":"","publisher":{"@id":"https:\/\/carea-facade.com\/fr\/#organization"},"potentialAction":[{"@type":"SearchAction","target":{"@type":"EntryPoint","urlTemplate":"https:\/\/carea-facade.com\/fr\/?s={search_term_string}"},"query-input":{"@type":"PropertyValueSpecification","valueRequired":true,"valueName":"search_term_string"}}],"inLanguage":"fr-FR"},{"@type":"Organization","@id":"https:\/\/carea-facade.com\/fr\/#organization","name":"Carea facade","url":"https:\/\/carea-facade.com\/fr\/","logo":{"@type":"ImageObject","inLanguage":"fr-FR","@id":"https:\/\/carea-facade.com\/fr\/#\/schema\/logo\/image\/","url":"https:\/\/carea-facade.com\/wp-content\/uploads\/2025\/10\/logo-carea.svg","contentUrl":"https:\/\/carea-facade.com\/wp-content\/uploads\/2025\/10\/logo-carea.svg","width":131,"height":95,"caption":"Carea facade"},"image":{"@id":"https:\/\/carea-facade.com\/fr\/#\/schema\/logo\/image\/"}}]}},"_links":{"self":[{"href":"https:\/\/carea-facade.com\/fr\/wp-json\/wp\/v2\/pages\/7053","targetHints":{"allow":["GET"]}}],"collection":[{"href":"https:\/\/carea-facade.com\/fr\/wp-json\/wp\/v2\/pages"}],"about":[{"href":"https:\/\/carea-facade.com\/fr\/wp-json\/wp\/v2\/types\/page"}],"author":[{"embeddable":true,"href":"https:\/\/carea-facade.com\/fr\/wp-json\/wp\/v2\/users\/3"}],"replies":[{"embeddable":true,"href":"https:\/\/carea-facade.com\/fr\/wp-json\/wp\/v2\/comments?post=7053"}],"version-history":[{"count":24,"href":"https:\/\/carea-facade.com\/fr\/wp-json\/wp\/v2\/pages\/7053\/revisions"}],"predecessor-version":[{"id":23721,"href":"https:\/\/carea-facade.com\/fr\/wp-json\/wp\/v2\/pages\/7053\/revisions\/23721"}],"up":[{"embeddable":true,"href":"https:\/\/carea-facade.com\/fr\/wp-json\/wp\/v2\/pages\/282"}],"wp:attachment":[{"href":"https:\/\/carea-facade.com\/fr\/wp-json\/wp\/v2\/media?parent=7053"}],"curies":[{"name":"wp","href":"https:\/\/api.w.org\/{rel}","templated":true}]}}