{"id":7057,"date":"2025-10-01T17:30:01","date_gmt":"2025-10-01T15:30:01","guid":{"rendered":"https:\/\/carea-facade.com\/?page_id=7057"},"modified":"2026-04-01T12:40:33","modified_gmt":"2026-04-01T10:40:33","slug":"nos-fiches-de-declaration-environnementale-fdes","status":"publish","type":"page","link":"https:\/\/carea-facade.com\/fr\/engagement-environnemental\/nos-fiches-de-declaration-environnementale-fdes\/","title":{"rendered":"Nos fiches de d\u00e9claration environnementale (FDES)"},"content":{"rendered":"\n<div class=\"wp-block-group has-global-padding is-layout-constrained wp-container-core-group-is-layout-3bb13389 wp-block-group-is-layout-constrained\" style=\"padding-top:var(--wp--preset--spacing--theme-default);padding-right:var(--wp--preset--spacing--theme-xs);padding-bottom:var(--wp--preset--spacing--theme-default);padding-left:var(--wp--preset--spacing--theme-xs)\">\n<h1 class=\"wp-block-heading has-text-align-left has-black-color has-text-color\" style=\"margin-bottom:40px;font-style:normal;font-weight:500;text-transform:uppercase\">FDES : Fiches de d\u00e9claration environnementale<\/h1>\n\n\n\n<figure class=\"wp-block-image size-full is-resized\"><img loading=\"lazy\" decoding=\"async\" width=\"767\" height=\"767\" src=\"https:\/\/carea-facade.com\/wp-content\/uploads\/2025\/10\/logo-FDES-1745598663.png\" alt=\"logo FDES 1745598663\" class=\"wp-image-7795\" style=\"width:210px;height:auto\" srcset=\"https:\/\/carea-facade.com\/wp-content\/uploads\/2025\/10\/logo-FDES-1745598663.png 767w, https:\/\/carea-facade.com\/wp-content\/uploads\/2025\/10\/logo-FDES-1745598663-300x300.png 300w, https:\/\/carea-facade.com\/wp-content\/uploads\/2025\/10\/logo-FDES-1745598663-150x150.png 150w\" sizes=\"auto, (max-width: 767px) 100vw, 767px\" \/><\/figure>\n\n\n\n<div class=\"wp-block-group content-content-group is-vertical is-layout-flex wp-container-core-group-is-layout-d309df8e wp-block-group-is-layout-flex\">\n<h2 class=\"wp-block-heading\">Nos produits font l&rsquo;objet de Fiches de D\u00e9claration Environnementale et Sanitaire (FDES).<\/h2>\n\n\n\n<p>Chez CAREA, nous nous engageons \u00e0 vous fournir des solutions de construction pour la fa\u00e7ade qui non seulement embellissent vos projets, mais contribuent \u00e9galement \u00e0 r\u00e9duire leur impact sur l\u2019environnement. Pour atteindre cet objectif, nous avons \u00e9labor\u00e9 des Fiches de D\u00e9claration Environnementale et Sanitaire (FDES) compl\u00e8tes pour chacun de nos produits de fa\u00e7ade.<\/p>\n\n\n\n<p>Les FDES sont des outils essentiels pour \u00e9valuer pr\u00e9cis\u00e9ment l\u2019impact carbone de nos produits, vous aidant ainsi \u00e0 prendre des d\u00e9cisions \u00e9clair\u00e9es lors de la planification de vos projets de construction. Ces fiches d\u00e9taill\u00e9es sont librement accessibles, que ce soit sur la base de donn\u00e9es de l\u2019INIES (Institut National de l\u2019Environnement Industriel et des Risques) ou directement&nbsp;<a href=\"https:\/\/carea-facade.com\/fr\/documentation\/\">sur notre site web<\/a>. Nous croyons en la transparence totale, c\u2019est pourquoi nous mettons \u00e0 votre disposition ces informations essentielles pour que vous puissiez choisir des solutions de fa\u00e7ade qui r\u00e9pondent \u00e0 la fois \u00e0 vos besoins esth\u00e9tiques et environnementaux.<\/p>\n\n\n\n<p>En utilisant nos FDES, vous disposez de donn\u00e9es v\u00e9rifiables sur la performance environnementale de nos produits, ce qui vous permet de contribuer \u00e0 la r\u00e9duction de l\u2019empreinte carbone de vos projets de construction. Nous sommes fiers de jouer un r\u00f4le actif dans la promotion de pratiques de construction durables, et nous esp\u00e9rons que nos Fiches de D\u00e9claration Environnementale et Sanitaire vous aideront \u00e0 r\u00e9aliser des projets plus respectueux de l\u2019environnement. Explorez nos fiches FDES d\u00e8s maintenant et prenez des d\u00e9cisions \u00e9clair\u00e9es pour un avenir plus vert.<\/p>\n<\/div>\n<\/div>\n","protected":false},"excerpt":{"rendered":"<p>FDES : Fiches de d\u00e9claration environnementale Nos produits font l&rsquo;objet de Fiches de D\u00e9claration Environnementale et Sanitaire (FDES). Chez CAREA, nous nous engageons \u00e0 vous fournir des solutions de construction pour la fa\u00e7ade qui non seulement embellissent vos projets, mais contribuent \u00e9galement \u00e0 r\u00e9duire leur impact sur l\u2019environnement. Pour atteindre cet objectif, nous avons \u00e9labor\u00e9 [&hellip;]<\/p>\n","protected":false},"author":3,"featured_media":0,"parent":282,"menu_order":5,"comment_status":"closed","ping_status":"closed","template":"","meta":{"_acf_changed":false,"footnotes":""},"class_list":["post-7057","page","type-page","status-publish","hentry"],"acf":[],"yoast_head":"<!-- This site is optimized with the Yoast SEO plugin v27.5 - https:\/\/yoast.com\/product\/yoast-seo-wordpress\/ -->\n<title>Carea Fa\u00e7ade - Fiches D\u00e9claration Environnementale Sanitaire FDES<\/title>\n<meta name=\"description\" content=\"CAREA FACADE - Solutions de construction pour la fa\u00e7ade. Des produits font l\u2019objet de Fiches de D\u00e9claration Environnementale et Sanitaire (FDES).\" \/>\n<meta name=\"robots\" content=\"index, follow, max-snippet:-1, max-image-preview:large, max-video-preview:-1\" \/>\n<link rel=\"canonical\" href=\"https:\/\/carea-facade.com\/fr\/engagement-environnemental\/nos-fiches-de-declaration-environnementale-fdes\/\" \/>\n<meta property=\"og:locale\" content=\"fr_FR\" \/>\n<meta property=\"og:type\" content=\"article\" \/>\n<meta property=\"og:title\" content=\"Carea Fa\u00e7ade - Fiches D\u00e9claration Environnementale Sanitaire FDES\" \/>\n<meta property=\"og:description\" content=\"CAREA FACADE - Solutions de construction pour la fa\u00e7ade. Des produits font l\u2019objet de Fiches de D\u00e9claration Environnementale et Sanitaire (FDES).\" \/>\n<meta property=\"og:url\" content=\"https:\/\/carea-facade.com\/fr\/engagement-environnemental\/nos-fiches-de-declaration-environnementale-fdes\/\" \/>\n<meta property=\"og:site_name\" content=\"Carea facade\" \/>\n<meta property=\"article:modified_time\" content=\"2026-04-01T10:40:33+00:00\" \/>\n<meta property=\"og:image\" content=\"https:\/\/carea-facade.com\/wp-content\/uploads\/2025\/10\/logo-FDES-1745598663.png\" \/>\n\t<meta property=\"og:image:width\" content=\"767\" \/>\n\t<meta property=\"og:image:height\" content=\"767\" \/>\n\t<meta property=\"og:image:type\" content=\"image\/png\" \/>\n<meta name=\"twitter:card\" content=\"summary_large_image\" \/>\n<meta name=\"twitter:label1\" content=\"Dur\u00e9e de lecture estim\u00e9e\" \/>\n\t<meta name=\"twitter:data1\" content=\"2 minutes\" \/>\n<script type=\"application\/ld+json\" class=\"yoast-schema-graph\">{\"@context\":\"https:\\\/\\\/schema.org\",\"@graph\":[{\"@type\":\"WebPage\",\"@id\":\"https:\\\/\\\/carea-facade.com\\\/fr\\\/engagement-environnemental\\\/nos-fiches-de-declaration-environnementale-fdes\\\/\",\"url\":\"https:\\\/\\\/carea-facade.com\\\/fr\\\/engagement-environnemental\\\/nos-fiches-de-declaration-environnementale-fdes\\\/\",\"name\":\"Carea Fa\u00e7ade - Fiches D\u00e9claration Environnementale Sanitaire FDES\",\"isPartOf\":{\"@id\":\"https:\\\/\\\/carea-facade.com\\\/fr\\\/#website\"},\"primaryImageOfPage\":{\"@id\":\"https:\\\/\\\/carea-facade.com\\\/fr\\\/engagement-environnemental\\\/nos-fiches-de-declaration-environnementale-fdes\\\/#primaryimage\"},\"image\":{\"@id\":\"https:\\\/\\\/carea-facade.com\\\/fr\\\/engagement-environnemental\\\/nos-fiches-de-declaration-environnementale-fdes\\\/#primaryimage\"},\"thumbnailUrl\":\"https:\\\/\\\/carea-facade.com\\\/wp-content\\\/uploads\\\/2025\\\/10\\\/logo-FDES-1745598663.png\",\"datePublished\":\"2025-10-01T15:30:01+00:00\",\"dateModified\":\"2026-04-01T10:40:33+00:00\",\"description\":\"CAREA FACADE - Solutions de construction pour la fa\u00e7ade. Des produits font l\u2019objet de Fiches de D\u00e9claration Environnementale et Sanitaire (FDES).\",\"breadcrumb\":{\"@id\":\"https:\\\/\\\/carea-facade.com\\\/fr\\\/engagement-environnemental\\\/nos-fiches-de-declaration-environnementale-fdes\\\/#breadcrumb\"},\"inLanguage\":\"fr-FR\",\"potentialAction\":[{\"@type\":\"ReadAction\",\"target\":[\"https:\\\/\\\/carea-facade.com\\\/fr\\\/engagement-environnemental\\\/nos-fiches-de-declaration-environnementale-fdes\\\/\"]}]},{\"@type\":\"ImageObject\",\"inLanguage\":\"fr-FR\",\"@id\":\"https:\\\/\\\/carea-facade.com\\\/fr\\\/engagement-environnemental\\\/nos-fiches-de-declaration-environnementale-fdes\\\/#primaryimage\",\"url\":\"https:\\\/\\\/carea-facade.com\\\/wp-content\\\/uploads\\\/2025\\\/10\\\/logo-FDES-1745598663.png\",\"contentUrl\":\"https:\\\/\\\/carea-facade.com\\\/wp-content\\\/uploads\\\/2025\\\/10\\\/logo-FDES-1745598663.png\"},{\"@type\":\"BreadcrumbList\",\"@id\":\"https:\\\/\\\/carea-facade.com\\\/fr\\\/engagement-environnemental\\\/nos-fiches-de-declaration-environnementale-fdes\\\/#breadcrumb\",\"itemListElement\":[{\"@type\":\"ListItem\",\"position\":1,\"name\":\"Accueil\",\"item\":\"https:\\\/\\\/carea-facade.com\\\/fr\\\/home\\\/\"},{\"@type\":\"ListItem\",\"position\":2,\"name\":\"Engagement environnemental\",\"item\":\"https:\\\/\\\/carea-facade.com\\\/fr\\\/engagement-environnemental\\\/\"},{\"@type\":\"ListItem\",\"position\":3,\"name\":\"Nos fiches de d\u00e9claration environnementale (FDES)\"}]},{\"@type\":\"WebSite\",\"@id\":\"https:\\\/\\\/carea-facade.com\\\/fr\\\/#website\",\"url\":\"https:\\\/\\\/carea-facade.com\\\/fr\\\/\",\"name\":\"Carea facade\",\"description\":\"\",\"publisher\":{\"@id\":\"https:\\\/\\\/carea-facade.com\\\/fr\\\/#organization\"},\"potentialAction\":[{\"@type\":\"SearchAction\",\"target\":{\"@type\":\"EntryPoint\",\"urlTemplate\":\"https:\\\/\\\/carea-facade.com\\\/fr\\\/?s={search_term_string}\"},\"query-input\":{\"@type\":\"PropertyValueSpecification\",\"valueRequired\":true,\"valueName\":\"search_term_string\"}}],\"inLanguage\":\"fr-FR\"},{\"@type\":\"Organization\",\"@id\":\"https:\\\/\\\/carea-facade.com\\\/fr\\\/#organization\",\"name\":\"Carea facade\",\"url\":\"https:\\\/\\\/carea-facade.com\\\/fr\\\/\",\"logo\":{\"@type\":\"ImageObject\",\"inLanguage\":\"fr-FR\",\"@id\":\"https:\\\/\\\/carea-facade.com\\\/fr\\\/#\\\/schema\\\/logo\\\/image\\\/\",\"url\":\"https:\\\/\\\/carea-facade.com\\\/wp-content\\\/uploads\\\/2025\\\/10\\\/logo-carea.svg\",\"contentUrl\":\"https:\\\/\\\/carea-facade.com\\\/wp-content\\\/uploads\\\/2025\\\/10\\\/logo-carea.svg\",\"width\":131,\"height\":95,\"caption\":\"Carea facade\"},\"image\":{\"@id\":\"https:\\\/\\\/carea-facade.com\\\/fr\\\/#\\\/schema\\\/logo\\\/image\\\/\"}}]}<\/script>\n<!-- \/ Yoast SEO plugin. -->","yoast_head_json":{"title":"Carea Fa\u00e7ade - Fiches D\u00e9claration Environnementale Sanitaire FDES","description":"CAREA FACADE - Solutions de construction pour la fa\u00e7ade. Des produits font l\u2019objet de Fiches de D\u00e9claration Environnementale et Sanitaire (FDES).","robots":{"index":"index","follow":"follow","max-snippet":"max-snippet:-1","max-image-preview":"max-image-preview:large","max-video-preview":"max-video-preview:-1"},"canonical":"https:\/\/carea-facade.com\/fr\/engagement-environnemental\/nos-fiches-de-declaration-environnementale-fdes\/","og_locale":"fr_FR","og_type":"article","og_title":"Carea Fa\u00e7ade - Fiches D\u00e9claration Environnementale Sanitaire FDES","og_description":"CAREA FACADE - Solutions de construction pour la fa\u00e7ade. Des produits font l\u2019objet de Fiches de D\u00e9claration Environnementale et Sanitaire (FDES).","og_url":"https:\/\/carea-facade.com\/fr\/engagement-environnemental\/nos-fiches-de-declaration-environnementale-fdes\/","og_site_name":"Carea facade","article_modified_time":"2026-04-01T10:40:33+00:00","og_image":[{"width":767,"height":767,"url":"https:\/\/carea-facade.com\/wp-content\/uploads\/2025\/10\/logo-FDES-1745598663.png","type":"image\/png"}],"twitter_card":"summary_large_image","twitter_misc":{"Dur\u00e9e de lecture estim\u00e9e":"2 minutes"},"schema":{"@context":"https:\/\/schema.org","@graph":[{"@type":"WebPage","@id":"https:\/\/carea-facade.com\/fr\/engagement-environnemental\/nos-fiches-de-declaration-environnementale-fdes\/","url":"https:\/\/carea-facade.com\/fr\/engagement-environnemental\/nos-fiches-de-declaration-environnementale-fdes\/","name":"Carea Fa\u00e7ade - Fiches D\u00e9claration Environnementale Sanitaire FDES","isPartOf":{"@id":"https:\/\/carea-facade.com\/fr\/#website"},"primaryImageOfPage":{"@id":"https:\/\/carea-facade.com\/fr\/engagement-environnemental\/nos-fiches-de-declaration-environnementale-fdes\/#primaryimage"},"image":{"@id":"https:\/\/carea-facade.com\/fr\/engagement-environnemental\/nos-fiches-de-declaration-environnementale-fdes\/#primaryimage"},"thumbnailUrl":"https:\/\/carea-facade.com\/wp-content\/uploads\/2025\/10\/logo-FDES-1745598663.png","datePublished":"2025-10-01T15:30:01+00:00","dateModified":"2026-04-01T10:40:33+00:00","description":"CAREA FACADE - Solutions de construction pour la fa\u00e7ade. Des produits font l\u2019objet de Fiches de D\u00e9claration Environnementale et Sanitaire (FDES).","breadcrumb":{"@id":"https:\/\/carea-facade.com\/fr\/engagement-environnemental\/nos-fiches-de-declaration-environnementale-fdes\/#breadcrumb"},"inLanguage":"fr-FR","potentialAction":[{"@type":"ReadAction","target":["https:\/\/carea-facade.com\/fr\/engagement-environnemental\/nos-fiches-de-declaration-environnementale-fdes\/"]}]},{"@type":"ImageObject","inLanguage":"fr-FR","@id":"https:\/\/carea-facade.com\/fr\/engagement-environnemental\/nos-fiches-de-declaration-environnementale-fdes\/#primaryimage","url":"https:\/\/carea-facade.com\/wp-content\/uploads\/2025\/10\/logo-FDES-1745598663.png","contentUrl":"https:\/\/carea-facade.com\/wp-content\/uploads\/2025\/10\/logo-FDES-1745598663.png"},{"@type":"BreadcrumbList","@id":"https:\/\/carea-facade.com\/fr\/engagement-environnemental\/nos-fiches-de-declaration-environnementale-fdes\/#breadcrumb","itemListElement":[{"@type":"ListItem","position":1,"name":"Accueil","item":"https:\/\/carea-facade.com\/fr\/home\/"},{"@type":"ListItem","position":2,"name":"Engagement environnemental","item":"https:\/\/carea-facade.com\/fr\/engagement-environnemental\/"},{"@type":"ListItem","position":3,"name":"Nos fiches de d\u00e9claration environnementale (FDES)"}]},{"@type":"WebSite","@id":"https:\/\/carea-facade.com\/fr\/#website","url":"https:\/\/carea-facade.com\/fr\/","name":"Carea facade","description":"","publisher":{"@id":"https:\/\/carea-facade.com\/fr\/#organization"},"potentialAction":[{"@type":"SearchAction","target":{"@type":"EntryPoint","urlTemplate":"https:\/\/carea-facade.com\/fr\/?s={search_term_string}"},"query-input":{"@type":"PropertyValueSpecification","valueRequired":true,"valueName":"search_term_string"}}],"inLanguage":"fr-FR"},{"@type":"Organization","@id":"https:\/\/carea-facade.com\/fr\/#organization","name":"Carea facade","url":"https:\/\/carea-facade.com\/fr\/","logo":{"@type":"ImageObject","inLanguage":"fr-FR","@id":"https:\/\/carea-facade.com\/fr\/#\/schema\/logo\/image\/","url":"https:\/\/carea-facade.com\/wp-content\/uploads\/2025\/10\/logo-carea.svg","contentUrl":"https:\/\/carea-facade.com\/wp-content\/uploads\/2025\/10\/logo-carea.svg","width":131,"height":95,"caption":"Carea facade"},"image":{"@id":"https:\/\/carea-facade.com\/fr\/#\/schema\/logo\/image\/"}}]}},"_links":{"self":[{"href":"https:\/\/carea-facade.com\/fr\/wp-json\/wp\/v2\/pages\/7057","targetHints":{"allow":["GET"]}}],"collection":[{"href":"https:\/\/carea-facade.com\/fr\/wp-json\/wp\/v2\/pages"}],"about":[{"href":"https:\/\/carea-facade.com\/fr\/wp-json\/wp\/v2\/types\/page"}],"author":[{"embeddable":true,"href":"https:\/\/carea-facade.com\/fr\/wp-json\/wp\/v2\/users\/3"}],"replies":[{"embeddable":true,"href":"https:\/\/carea-facade.com\/fr\/wp-json\/wp\/v2\/comments?post=7057"}],"version-history":[{"count":17,"href":"https:\/\/carea-facade.com\/fr\/wp-json\/wp\/v2\/pages\/7057\/revisions"}],"predecessor-version":[{"id":23682,"href":"https:\/\/carea-facade.com\/fr\/wp-json\/wp\/v2\/pages\/7057\/revisions\/23682"}],"up":[{"embeddable":true,"href":"https:\/\/carea-facade.com\/fr\/wp-json\/wp\/v2\/pages\/282"}],"wp:attachment":[{"href":"https:\/\/carea-facade.com\/fr\/wp-json\/wp\/v2\/media?parent=7057"}],"curies":[{"name":"wp","href":"https:\/\/api.w.org\/{rel}","templated":true}]}}