{"id":7082,"date":"2025-10-01T18:10:49","date_gmt":"2025-10-01T16:10:49","guid":{"rendered":"https:\/\/carea-facade.com\/?page_id=7082"},"modified":"2025-11-19T09:54:57","modified_gmt":"2025-11-19T08:54:57","slug":"politique-de-confidentialite","status":"publish","type":"page","link":"https:\/\/carea-facade.com\/fr\/politique-de-confidentialite\/","title":{"rendered":"Politique de confidentialit\u00e9"},"content":{"rendered":"\n<div class=\"wp-block-group has-global-padding is-layout-constrained wp-block-group-is-layout-constrained\" style=\"padding-top:var(--wp--preset--spacing--theme-m);padding-bottom:var(--wp--preset--spacing--theme-default)\">\n<div class=\"wp-block-group is-vertical is-layout-flex wp-container-core-group-is-layout-d309df8e wp-block-group-is-layout-flex\">\n<h1 class=\"wp-block-heading\">Politique de confidentialit\u00e9<\/h1>\n\n\n\n<h2 class=\"wp-block-heading\">Plus de d\u00e9tails concernant vos donn\u00e9es<\/h2>\n\n\n\n<p>Le nouveau R\u00e8glement G\u00e9n\u00e9ral relatif \u00e0 la Protection des Donn\u00e9es (RGPD) fait \u00e9voluer la Loi dite \u00ab Informatique et Libert\u00e9s \u00bb.<br>Ce r\u00e8glement encadre l\u2019utilisation et la s\u00e9curisation de vos donn\u00e9es \u00e0 caract\u00e8re personnel et vise \u00e0 en assurer une meilleure protection.<\/p>\n\n\n\n<h2 class=\"wp-block-heading\">L\u2019utilisation des donn\u00e9es personnelles<\/h2>\n\n\n\n<p>Avec ce nouveau cadre, nous collectons les donn\u00e9es de mani\u00e8re plus transparente. Cette rubrique d\u00e9finit la fa\u00e7on dont nous les collectons, ainsi que leur utilisation. Cela nous permet de vous proposer des produits et services adapt\u00e9s \u00e0 vos besoins.<\/p>\n\n\n\n<h2 class=\"wp-block-heading\">La transparence de Carea<\/h2>\n\n\n\n<p>Avec ce nouveau r\u00e8glement, CAREA renforce sa charte de protection des donn\u00e9es personnelles des personnes physiques (clients, prospects, fournisseurs\u2026).<br>CAREA accorde en permanence une attention particuli\u00e8re au respect et \u00e0 la confidentialit\u00e9 de vos donn\u00e9es. Le renforcement de la s\u00e9curit\u00e9 au travers d\u2019un nouveau r\u00e8glement europ\u00e9en nous conforte dans notre approche et r\u00e9affirme notre engagement.<\/p>\n\n\n\n<h2 class=\"wp-block-heading\">Comment vos donn\u00e9es sont-elles collect\u00e9es, conserv\u00e9es et trait\u00e9es ?<\/h2>\n\n\n\n<h3 class=\"wp-block-heading\">Quelles donn\u00e9es collectons-nous ?<\/h3>\n\n\n\n<p>Les donn\u00e9es que nous collectons ou d\u00e9tenons \u00e0 votre \u00e9gard ont \u00e9t\u00e9 collect\u00e9es directement aupr\u00e8s de vous. Nous pouvons \u00e9galement collecter des informations vous concernant lorsque vous \u00e9changez avec nous, par exemple lorsque vous nous appelez.<br>\u2022 Les donn\u00e9es que vous nous fournissez peuvent par exemple concerner :<br>\u2013 des informations relatives \u00e0 votre identit\u00e9 telles votre nom, pr\u00e9nom, genre ;<br>\u2013 vos coordonn\u00e9es telles que votre adresse postale, adresse de messagerie \u00e9lectronique, num\u00e9ros de t\u00e9l\u00e9phone.<\/p>\n\n\n\n<h3 class=\"wp-block-heading\">Comment utilisons-nous vos donn\u00e9es ?<\/h3>\n\n\n\n<p>Nous collectons et traitons des informations vous concernant pour diverses raisons et notamment :<br>\u2022 vous fournir des produits et services ;<br>\u2022 recueillir des renseignements \u00e0 partir de l\u2019analyse de vos donn\u00e9es (quel produit achet\u00e9, quand\u2026)<br>\u2022 am\u00e9liorer la qualit\u00e9 de nos produits en analysant vos avis produits ;<br>\u2022 garder une trace de nos \u00e9changes avec vous (par message \u00e9lectronique ou tout autre type de communication) ;<br>\u2022 pr\u00e9venir ou d\u00e9tecter tout risque de fraude ;<br>\u2022 assurer la continuit\u00e9 de l\u2019activit\u00e9 de nos services ;<br>\u2022 correspondre avec tout intervenant tels les transporteurs par exemple.<\/p>\n\n\n\n<h3 class=\"wp-block-heading\">Marketing<\/h3>\n\n\n\n<p>Vos donn\u00e9es personnelles peuvent faire l\u2019objet d\u2019un traitement afin de promouvoir des produits et services. Si vous y consentez, nous sommes susceptibles de vous envoyer des messages commerciaux (newsletter par exemple) contenant des informations sur nos produits et services.<\/p>\n\n\n\n<p>Vous pouvez retirer votre consentement \u00e0 l\u2019utilisation de vos donn\u00e9es pour l\u2019envoi de notre newsletter \u00e0 tout moment lorsque vous utilisez notre site via l\u2019adresse : rgpd @ carea-facade.com.<\/p>\n\n\n\n<h3 class=\"wp-block-heading\">Combien de temps les conservons-nous ?<\/h3>\n\n\n\n<p>Nous conserverons vos donn\u00e9es tant que vous utiliserez nos services et nos plateformes. Nous sommes \u00e9galement susceptibles de les conserver m\u00eame si vous d\u00e9cidez de ne plus utiliser nos services ou nos plateformes, notamment pour nous conformer \u00e0 la l\u00e9gislation applicable, pour d\u00e9fendre nos int\u00e9r\u00eats ou faire valoir nos droits. Nous les conserverons dans les limites l\u00e9gales suivant le type de donn\u00e9es ; lorsque nous n\u2019en aurons plus besoin, nous les d\u00e9truirons en toute s\u00e9curit\u00e9 conform\u00e9ment \u00e0 notre politique interne ou nous les rendrons totalement anonymes.<br>Les coordonn\u00e9es d\u2019un client ou d\u2019un prospect qui ne r\u00e9pond \u00e0 aucune sollicitation pendant 3 ans seront supprim\u00e9es.<\/p>\n\n\n\n<h3 class=\"wp-block-heading\">Vos droits<\/h3>\n\n\n\n<p>Vous disposez de droits sur les donn\u00e9es personnelles vous concernant :<br>\u2013 Droit d\u2019acc\u00e8s aux donn\u00e9es (sous r\u00e9serve de justifier de son identit\u00e9),<br>\u2013 droit de rectification des donn\u00e9es,<br>\u2013 droit \u00e0 l\u2019effacement des informations qui la concernent dans les conditions fix\u00e9es \u00e0 l\u2019article 17 du R\u00e8glement G\u00e9n\u00e9ral sur la Protection des Donn\u00e9es,<br>\u2013 droit \u00e0 la limitation du traitement,<br>\u2013 droit de d\u00e9finir des directives g\u00e9n\u00e9rales et particuli\u00e8res d\u00e9finissant la mani\u00e8re dont elle entend que soient exerc\u00e9s, apr\u00e8s son d\u00e9c\u00e8s, ces droits.<br>\u2013 Vous b\u00e9n\u00e9ficiez \u00e9galement d\u2019un droit d\u2019opposition au traitement de vos donn\u00e9es \u00e0 caract\u00e8re personnel.<\/p>\n\n\n\n<p>Enfin vous pouvez, le cas \u00e9ch\u00e9ant, introduire une r\u00e9clamation aupr\u00e8s des services de la CNIL par courrier ou par t\u00e9l\u00e9phone (informations disponibles&nbsp;<a href=\"https:\/\/www.cnil.fr\/fr\/le-droit-dopposition-refuser-lutilisation-de-vos-donnees\" target=\"_blank\" rel=\"noreferrer noopener\">ici<\/a>).<\/p>\n\n\n\n<p>Vous pouvez exercer ces droits en justifiant de votre identit\u00e9 et en vous adressant au D\u00e9l\u00e9gu\u00e9 \u00e0 la Protection des Donn\u00e9es par e-mail \u00e0 l\u2019adresse suivante rgpd @ carea-facade.com.<\/p>\n\n\n\n<h3 class=\"wp-block-heading\">Comment assurons-nous la s\u00e9curit\u00e9 de vos donn\u00e9es ?<\/h3>\n\n\n\n<p>Nous mettons en \u0153uvre des mesures techniques et organisationnelles afin de prot\u00e9ger vos donn\u00e9es. Nous imposons \u00e0 notre personnel de respecter des normes strictes en mati\u00e8re de s\u00e9curit\u00e9 et de protection de l\u2019information.<\/p>\n\n\n\n<h3 class=\"wp-block-heading\">Les traceurs (cookies)<\/h3>\n\n\n\n<p>Carea utilise des cookies<sup>(1)<\/sup>&nbsp;qui sont enregistr\u00e9s sur l\u2019ordinateur de l\u2019utilisateur et permettent d\u2019analyser son utilisation du site Internet ainsi que de le reconna\u00eetre lors de ses visites ult\u00e9rieures. \u00c0 l\u2019aide des informations recueillies, Carea peut analyser les structures et les mod\u00e8les d\u2019utilisation de ses sites Internet. Carea peut ainsi optimiser, en permanence, ses sites en am\u00e9liorant leur contenu ou leur personnalisation et en simplifiant leur utilisation. Carea peut, en outre, personnaliser l\u2019affichage du site et mieux adapter son offre aux besoins d\u2019un utilisateur donn\u00e9.<br>Les informations enregistr\u00e9es dans les cookies de Carea ne sont pas associ\u00e9es \u00e0 des informations personnelles concernant l\u2019utilisateur (nom, adresse, etc.). Sans l\u2019accord expr\u00e8s de l\u2019utilisateur, Carea n\u2019associera pas les informations enregistr\u00e9es dans ses cookies aux informations personnelles qui le concernent (nom, adresse, etc.).<br>Carea utilise des cookies de session et des cookies permanents(1). Les cookies de session sont effac\u00e9s lorsque l\u2019utilisateur quitte le site. Les cookies permanents sont enregistr\u00e9s pour une dur\u00e9e pouvant aller jusqu\u2019\u00e0 deux ans. Ils sont, ensuite, automatiquement supprim\u00e9s.<\/p>\n\n\n\n<p>Les sites de Carea utilisent la solution analytics Matomo.<\/p>\n\n\n\n<p id=\"matomo_opted_in_intro\">Vous pouvez vous opposer au suivi de votre navigation sur ce site web. Cela prot\u00e9gera votre vie priv\u00e9e, mais emp\u00eachera \u00e9galement le propri\u00e9taire d&rsquo;apprendre de vos actions et de cr\u00e9er une meilleure exp\u00e9rience pour vous et les autres utilisateurs.<strong>Vous n&rsquo;\u00eates pas exclu(e). D\u00e9cochez cette case pour vous exclure.<\/strong><\/p>\n\n\n\n<p>Les sites de Carea utilisent Google Analytics, un outil d\u2019analyse Internet de Google Inc. (ci-apr\u00e8s \u00ab Google \u00bb). Google Analytics utilise aussi des cookies qui sont sauvegard\u00e9s sur l\u2019ordinateur de l\u2019utilisateur et qui permettent d\u2019analyser son utilisation du site. Les informations g\u00e9n\u00e9r\u00e9es par les cookies sur la fa\u00e7on dont l\u2019utilisateur utilise le site Internet (y compris son adresse IP) sont transmises \u00e0 un serveur de Google aux \u00c9tats-Unis o\u00f9 elles sont stock\u00e9es. Carea utilise ces informations afin d\u2019\u00e9valuer l\u2019utilisation du site Web, de constituer des rapports relatifs aux activit\u00e9s du site pour les exploitants des sites et de fournir d\u2019autres prestations de service li\u00e9es \u00e0 l\u2019utilisation du site et d\u2019Internet. Google pourra \u00e9galement \u00eatre amen\u00e9, le cas \u00e9ch\u00e9ant, \u00e0 communiquer ces informations \u00e0 des tiers dans la mesure o\u00f9 la l\u00e9gislation l\u2019impose, ou \u00e0 des tiers qui traitent ces donn\u00e9es pour le compte de Google.<br>En utilisant ce site Web, l\u2019utilisateur d\u00e9clare accepter le traitement de ses donn\u00e9es collect\u00e9es par Carea et par Google, selon les modalit\u00e9s d\u00e9crites plus haut et dans le but cit\u00e9 plus haut.<br>La plupart des navigateurs acceptent normalement les cookies. Les utilisateurs peuvent autoriser ou interdire les cookies temporaires et permanents dans les param\u00e8tres de s\u00e9curit\u00e9, les uns ind\u00e9pendamment des autres. Si l\u2019utilisateur d\u00e9sactive les cookies, certaines pages Internet de Carea ne seront \u00e9ventuellement plus disponibles et il est probable que quelques pages n\u2019appara\u00eetront plus correctement. L\u2019utilisateur peut, en outre, supprimer manuellement les cookies dans son navigateur.<\/p>\n\n\n\n<p>(1) : Un \u00ab cookie \u00bb est un petit fichier de donn\u00e9es qui est enregistr\u00e9 par un fournisseur sur l\u2019ordinateur de l\u2019utilisateur quand ce dernier surfe sur le site du fournisseur. Un cookie peut contenir uniquement des informations que le fournisseur transmet lui-m\u00eame \u00e0 l\u2019ordinateur de l\u2019utilisateur ; il est impossible de lire les donn\u00e9es priv\u00e9es de l\u2019utilisateur \u00e0 partir d\u2019un cookie. Quand un utilisateur accepte les cookies d\u2019un fournisseur, ce dernier n\u2019a pas acc\u00e8s aux informations personnelles de l\u2019utilisateur mais peut identifier son ordinateur \u00e0 l\u2019aide des cookies.Politique de confidentialit\u00e9<\/p>\n<\/div>\n<\/div>\n","protected":false},"excerpt":{"rendered":"<p>Politique de confidentialit\u00e9 Plus de d\u00e9tails concernant vos donn\u00e9es Le nouveau R\u00e8glement G\u00e9n\u00e9ral relatif \u00e0 la Protection des Donn\u00e9es (RGPD) fait \u00e9voluer la Loi dite \u00ab Informatique et Libert\u00e9s \u00bb.Ce r\u00e8glement encadre l\u2019utilisation et la s\u00e9curisation de vos donn\u00e9es \u00e0 caract\u00e8re personnel et vise \u00e0 en assurer une meilleure protection. L\u2019utilisation des donn\u00e9es personnelles Avec [&hellip;]<\/p>\n","protected":false},"author":3,"featured_media":0,"parent":0,"menu_order":0,"comment_status":"closed","ping_status":"closed","template":"","meta":{"_acf_changed":false,"footnotes":""},"class_list":["post-7082","page","type-page","status-publish","hentry"],"acf":[],"yoast_head":"<!-- This site is optimized with the Yoast SEO plugin v27.5 - https:\/\/yoast.com\/product\/yoast-seo-wordpress\/ -->\n<title>Politique de confidentialit\u00e9 - Carea facade<\/title>\n<meta name=\"robots\" content=\"noindex, follow\" \/>\n<meta property=\"og:locale\" content=\"fr_FR\" \/>\n<meta property=\"og:type\" content=\"article\" \/>\n<meta property=\"og:title\" content=\"Politique de confidentialit\u00e9 - Carea facade\" \/>\n<meta property=\"og:description\" content=\"Politique de confidentialit\u00e9 Plus de d\u00e9tails concernant vos donn\u00e9es Le nouveau R\u00e8glement G\u00e9n\u00e9ral relatif \u00e0 la Protection des Donn\u00e9es (RGPD) fait \u00e9voluer la Loi dite \u00ab Informatique et Libert\u00e9s \u00bb.Ce r\u00e8glement encadre l\u2019utilisation et la s\u00e9curisation de vos donn\u00e9es \u00e0 caract\u00e8re personnel et vise \u00e0 en assurer une meilleure protection. L\u2019utilisation des donn\u00e9es personnelles Avec [&hellip;]\" \/>\n<meta property=\"og:url\" content=\"https:\/\/carea-facade.com\/fr\/politique-de-confidentialite\/\" \/>\n<meta property=\"og:site_name\" content=\"Carea facade\" \/>\n<meta property=\"article:modified_time\" content=\"2025-11-19T08:54:57+00:00\" \/>\n<meta name=\"twitter:card\" content=\"summary_large_image\" \/>\n<meta name=\"twitter:label1\" content=\"Dur\u00e9e de lecture estim\u00e9e\" \/>\n\t<meta name=\"twitter:data1\" content=\"7 minutes\" \/>\n<script type=\"application\/ld+json\" class=\"yoast-schema-graph\">{\"@context\":\"https:\\\/\\\/schema.org\",\"@graph\":[{\"@type\":\"WebPage\",\"@id\":\"https:\\\/\\\/carea-facade.com\\\/fr\\\/politique-de-confidentialite\\\/\",\"url\":\"https:\\\/\\\/carea-facade.com\\\/fr\\\/politique-de-confidentialite\\\/\",\"name\":\"Politique de confidentialit\u00e9 - Carea facade\",\"isPartOf\":{\"@id\":\"https:\\\/\\\/carea-facade.com\\\/fr\\\/#website\"},\"datePublished\":\"2025-10-01T16:10:49+00:00\",\"dateModified\":\"2025-11-19T08:54:57+00:00\",\"breadcrumb\":{\"@id\":\"https:\\\/\\\/carea-facade.com\\\/fr\\\/politique-de-confidentialite\\\/#breadcrumb\"},\"inLanguage\":\"fr-FR\",\"potentialAction\":[{\"@type\":\"ReadAction\",\"target\":[\"https:\\\/\\\/carea-facade.com\\\/fr\\\/politique-de-confidentialite\\\/\"]}]},{\"@type\":\"BreadcrumbList\",\"@id\":\"https:\\\/\\\/carea-facade.com\\\/fr\\\/politique-de-confidentialite\\\/#breadcrumb\",\"itemListElement\":[{\"@type\":\"ListItem\",\"position\":1,\"name\":\"Accueil\",\"item\":\"https:\\\/\\\/carea-facade.com\\\/fr\\\/home\\\/\"},{\"@type\":\"ListItem\",\"position\":2,\"name\":\"Politique de confidentialit\u00e9\"}]},{\"@type\":\"WebSite\",\"@id\":\"https:\\\/\\\/carea-facade.com\\\/fr\\\/#website\",\"url\":\"https:\\\/\\\/carea-facade.com\\\/fr\\\/\",\"name\":\"Carea facade\",\"description\":\"\",\"publisher\":{\"@id\":\"https:\\\/\\\/carea-facade.com\\\/fr\\\/#organization\"},\"potentialAction\":[{\"@type\":\"SearchAction\",\"target\":{\"@type\":\"EntryPoint\",\"urlTemplate\":\"https:\\\/\\\/carea-facade.com\\\/fr\\\/?s={search_term_string}\"},\"query-input\":{\"@type\":\"PropertyValueSpecification\",\"valueRequired\":true,\"valueName\":\"search_term_string\"}}],\"inLanguage\":\"fr-FR\"},{\"@type\":\"Organization\",\"@id\":\"https:\\\/\\\/carea-facade.com\\\/fr\\\/#organization\",\"name\":\"Carea facade\",\"url\":\"https:\\\/\\\/carea-facade.com\\\/fr\\\/\",\"logo\":{\"@type\":\"ImageObject\",\"inLanguage\":\"fr-FR\",\"@id\":\"https:\\\/\\\/carea-facade.com\\\/fr\\\/#\\\/schema\\\/logo\\\/image\\\/\",\"url\":\"https:\\\/\\\/carea-facade.com\\\/wp-content\\\/uploads\\\/2025\\\/10\\\/logo-carea.svg\",\"contentUrl\":\"https:\\\/\\\/carea-facade.com\\\/wp-content\\\/uploads\\\/2025\\\/10\\\/logo-carea.svg\",\"width\":131,\"height\":95,\"caption\":\"Carea facade\"},\"image\":{\"@id\":\"https:\\\/\\\/carea-facade.com\\\/fr\\\/#\\\/schema\\\/logo\\\/image\\\/\"}}]}<\/script>\n<!-- \/ Yoast SEO plugin. -->","yoast_head_json":{"title":"Politique de confidentialit\u00e9 - Carea facade","robots":{"index":"noindex","follow":"follow"},"og_locale":"fr_FR","og_type":"article","og_title":"Politique de confidentialit\u00e9 - Carea facade","og_description":"Politique de confidentialit\u00e9 Plus de d\u00e9tails concernant vos donn\u00e9es Le nouveau R\u00e8glement G\u00e9n\u00e9ral relatif \u00e0 la Protection des Donn\u00e9es (RGPD) fait \u00e9voluer la Loi dite \u00ab Informatique et Libert\u00e9s \u00bb.Ce r\u00e8glement encadre l\u2019utilisation et la s\u00e9curisation de vos donn\u00e9es \u00e0 caract\u00e8re personnel et vise \u00e0 en assurer une meilleure protection. L\u2019utilisation des donn\u00e9es personnelles Avec [&hellip;]","og_url":"https:\/\/carea-facade.com\/fr\/politique-de-confidentialite\/","og_site_name":"Carea facade","article_modified_time":"2025-11-19T08:54:57+00:00","twitter_card":"summary_large_image","twitter_misc":{"Dur\u00e9e de lecture estim\u00e9e":"7 minutes"},"schema":{"@context":"https:\/\/schema.org","@graph":[{"@type":"WebPage","@id":"https:\/\/carea-facade.com\/fr\/politique-de-confidentialite\/","url":"https:\/\/carea-facade.com\/fr\/politique-de-confidentialite\/","name":"Politique de confidentialit\u00e9 - Carea facade","isPartOf":{"@id":"https:\/\/carea-facade.com\/fr\/#website"},"datePublished":"2025-10-01T16:10:49+00:00","dateModified":"2025-11-19T08:54:57+00:00","breadcrumb":{"@id":"https:\/\/carea-facade.com\/fr\/politique-de-confidentialite\/#breadcrumb"},"inLanguage":"fr-FR","potentialAction":[{"@type":"ReadAction","target":["https:\/\/carea-facade.com\/fr\/politique-de-confidentialite\/"]}]},{"@type":"BreadcrumbList","@id":"https:\/\/carea-facade.com\/fr\/politique-de-confidentialite\/#breadcrumb","itemListElement":[{"@type":"ListItem","position":1,"name":"Accueil","item":"https:\/\/carea-facade.com\/fr\/home\/"},{"@type":"ListItem","position":2,"name":"Politique de confidentialit\u00e9"}]},{"@type":"WebSite","@id":"https:\/\/carea-facade.com\/fr\/#website","url":"https:\/\/carea-facade.com\/fr\/","name":"Carea facade","description":"","publisher":{"@id":"https:\/\/carea-facade.com\/fr\/#organization"},"potentialAction":[{"@type":"SearchAction","target":{"@type":"EntryPoint","urlTemplate":"https:\/\/carea-facade.com\/fr\/?s={search_term_string}"},"query-input":{"@type":"PropertyValueSpecification","valueRequired":true,"valueName":"search_term_string"}}],"inLanguage":"fr-FR"},{"@type":"Organization","@id":"https:\/\/carea-facade.com\/fr\/#organization","name":"Carea facade","url":"https:\/\/carea-facade.com\/fr\/","logo":{"@type":"ImageObject","inLanguage":"fr-FR","@id":"https:\/\/carea-facade.com\/fr\/#\/schema\/logo\/image\/","url":"https:\/\/carea-facade.com\/wp-content\/uploads\/2025\/10\/logo-carea.svg","contentUrl":"https:\/\/carea-facade.com\/wp-content\/uploads\/2025\/10\/logo-carea.svg","width":131,"height":95,"caption":"Carea facade"},"image":{"@id":"https:\/\/carea-facade.com\/fr\/#\/schema\/logo\/image\/"}}]}},"_links":{"self":[{"href":"https:\/\/carea-facade.com\/fr\/wp-json\/wp\/v2\/pages\/7082","targetHints":{"allow":["GET"]}}],"collection":[{"href":"https:\/\/carea-facade.com\/fr\/wp-json\/wp\/v2\/pages"}],"about":[{"href":"https:\/\/carea-facade.com\/fr\/wp-json\/wp\/v2\/types\/page"}],"author":[{"embeddable":true,"href":"https:\/\/carea-facade.com\/fr\/wp-json\/wp\/v2\/users\/3"}],"replies":[{"embeddable":true,"href":"https:\/\/carea-facade.com\/fr\/wp-json\/wp\/v2\/comments?post=7082"}],"version-history":[{"count":5,"href":"https:\/\/carea-facade.com\/fr\/wp-json\/wp\/v2\/pages\/7082\/revisions"}],"predecessor-version":[{"id":22786,"href":"https:\/\/carea-facade.com\/fr\/wp-json\/wp\/v2\/pages\/7082\/revisions\/22786"}],"wp:attachment":[{"href":"https:\/\/carea-facade.com\/fr\/wp-json\/wp\/v2\/media?parent=7082"}],"curies":[{"name":"wp","href":"https:\/\/api.w.org\/{rel}","templated":true}]}}